{"id":5134,"date":"2024-10-30T17:11:11","date_gmt":"2024-10-30T09:11:11","guid":{"rendered":"https:\/\/www.qualitester.com\/?post_type=product&#038;p=5134"},"modified":"2024-12-05T13:39:49","modified_gmt":"2024-12-05T05:39:49","slug":"sale-bag-compression-tester","status":"publish","type":"product","link":"https:\/\/www.qualitester.com\/es\/producto\/sale-bag-compression-tester\/","title":{"rendered":"Comprobador de compresi\u00f3n PCT-01"},"content":{"rendered":"<h2><strong>Introducci\u00f3n al comprobador de compresi\u00f3n de bolsas<\/strong><\/h2>\n<p>El comprobador de compresi\u00f3n de bolsas es una herramienta fundamental para garantizar la calidad de los materiales de embalaje. Dado que la integridad del embalaje es fundamental para garantizar la seguridad y la eficacia del producto, este instrumento desempe\u00f1a un papel crucial en diversas industrias, como la alimentaria, la farmac\u00e9utica, la cosm\u00e9tica y el embalaje m\u00e9dico. Dise\u00f1ado para evaluar la durabilidad y el rendimiento de diferentes materiales de embalaje, el comprobador de compresi\u00f3n de bolsas garantiza que los productos puedan soportar los rigores del transporte y el almacenamiento.<\/p>\n<h2><strong>Aplicaci\u00f3n del comprobador de compresi\u00f3n de bolsas<\/strong><\/h2>\n<p>Este instrumento vers\u00e1til y de precisi\u00f3n est\u00e1 dise\u00f1ado para evaluar la resistencia a la presi\u00f3n de una amplia gama de materiales de envasado. Es especialmente eficaz para probar envases de pel\u00edcula compuesta, bolsas de infusi\u00f3n, botellas de infusi\u00f3n de pl\u00e1stico, bolsas de sangre, bolsas de hielo y diversos recipientes. Al simular condiciones del mundo real, el comprobador de compresi\u00f3n de bolsas ayuda a los fabricantes a mantener la integridad del producto y el cumplimiento de las normas de la industria, reduciendo as\u00ed el riesgo de fallos en el envasado que podr\u00edan dar lugar a retiradas costosas de productos del mercado o problemas de seguridad.<\/p>\n<h2><strong>Principio de prueba<\/strong><\/h2>\n<h3><strong>Colocaci\u00f3n<\/strong><\/h3>\n<p>El proceso de prueba comienza con la colocaci\u00f3n segura del material de muestra entre las placas de presi\u00f3n superior e inferior del comprobador. Esto garantiza resultados precisos y consistentes durante la prueba de compresi\u00f3n.<\/p>\n<h3><strong>Compresi\u00f3n<\/strong><\/h3>\n<p>Una vez que la muestra est\u00e1 en su lugar, se activa la placa de presi\u00f3n superior para que se desplace hacia abajo contra el material de embalaje. Esta acci\u00f3n simula las presiones externas que puede sufrir el embalaje durante la manipulaci\u00f3n, el env\u00edo y el almacenamiento, lo que permite una evaluaci\u00f3n realista de la resistencia del material.<\/p>\n<h3><strong>Medici\u00f3n de fuerza<\/strong><\/h3>\n<p>A medida que se produce la compresi\u00f3n, se mide en tiempo real la fuerza ejercida por la placa de presi\u00f3n inferior. Estos datos son cruciales para evaluar el rendimiento de ruptura de la muestra y su capacidad para soportar una presi\u00f3n constante. La informaci\u00f3n obtenida a partir de estas mediciones informa a los fabricantes sobre la idoneidad de los diferentes materiales y dise\u00f1os en condiciones de estr\u00e9s.<\/p>\n<h2><strong>M\u00e9todos de prueba<\/strong><\/h2>\n<h3><strong>Prueba de compresi\u00f3n del paquete<\/strong><\/h3>\n<p>La prueba de compresi\u00f3n del paquete es parte integral del protocolo de prueba general. El comprobador de compresi\u00f3n de bolsas ofrece dos modos de prueba principales: fuerza m\u00e1xima de ruptura y resistencia a la presi\u00f3n constante. Estos m\u00e9todos brindan datos esenciales sobre la capacidad de los diferentes materiales de embalaje para soportar fuerzas externas, lo que es fundamental para garantizar la seguridad del producto y el cumplimiento de las normas de la industria.<\/p>\n<h3><strong>Caracter\u00edsticas t\u00e9cnicas<\/strong><\/h3>\n<ol>\n<li><strong>Pantalla t\u00e1ctil HMI f\u00e1cil de usar<\/strong>:Simplifica la configuraci\u00f3n de par\u00e1metros y la operaci\u00f3n de prueba para facilitar su uso.<\/li>\n<li><strong>Sistema de control PLC de grado industrial<\/strong>:Garantiza un control confiable y preciso durante las pruebas.<\/li>\n<li><strong>Dos modos de prueba<\/strong>:Opciones para m\u00e1xima fuerza de estallido y resistencia a la presi\u00f3n constante.<\/li>\n<li><strong>Compensaci\u00f3n autom\u00e1tica de presi\u00f3n constante<\/strong>:Ajusta la presi\u00f3n din\u00e1micamente para mantener la precisi\u00f3n de la prueba.<\/li>\n<li><strong>Estad\u00edsticas de datos<\/strong>:Recopilaci\u00f3n y an\u00e1lisis autom\u00e1tico de datos para informes optimizados.<\/li>\n<li><strong>Dispositivo de recolecci\u00f3n de l\u00edquidos<\/strong>:Evita la contaminaci\u00f3n durante la ruptura de la muestra.<\/li>\n<li><strong>Tama\u00f1os de prueba no est\u00e1ndar personalizables<\/strong>:Adapta las capacidades de prueba para satisfacer necesidades espec\u00edficas.<\/li>\n<li><strong>Puerto RS232 y software opcionales<\/strong>:Proporciona opciones avanzadas de an\u00e1lisis e integraci\u00f3n de datos.<\/li>\n<\/ol>\n<h3><strong>Par\u00e1metros principales<\/strong><\/h3>\n<table>\n<tbody>\n<tr>\n<td style=\"text-align: center;\" width=\"175\">Rango de medici\u00f3n<\/td>\n<td style=\"text-align: center;\" width=\"277\">2000N (otro opcional)<\/td>\n<\/tr>\n<tr>\n<td style=\"text-align: center;\" width=\"175\">Precisi\u00f3n de la medici\u00f3n<\/td>\n<td style=\"text-align: center;\" width=\"277\">0.5%<\/td>\n<\/tr>\n<tr>\n<td style=\"text-align: center;\" width=\"175\">Intervalo de tiempo<\/td>\n<td style=\"text-align: center;\" width=\"277\">0 ~ 10000 s<\/td>\n<\/tr>\n<tr>\n<td style=\"text-align: center;\" width=\"175\">Tama\u00f1o de la platina<\/td>\n<td style=\"text-align: center;\" width=\"277\">250 mm x 300 mm (se puede personalizar)<\/td>\n<\/tr>\n<tr>\n<td style=\"text-align: center;\" width=\"175\">Fuente de alimentaci\u00f3n<\/td>\n<td style=\"text-align: center;\" width=\"277\">220 V, 50 Hz<\/td>\n<\/tr>\n<tr>\n<td style=\"text-align: center;\" width=\"175\">Dimensi\u00f3n<\/td>\n<td style=\"text-align: center;\" width=\"277\">460 mm x 410 mm x 590 mm<\/td>\n<\/tr>\n<\/tbody>\n<\/table>\n<h2><strong>Preguntas frecuentes<\/strong><\/h2>\n<ol>\n<li><strong>\u00bfQu\u00e9 tipos de materiales puede evaluar el comprobador de compresi\u00f3n de bolsas?<\/strong>\n<ul>\n<li>El probador puede evaluar una variedad de materiales, incluidas pel\u00edculas compuestas, bolsas de pl\u00e1stico y contenedores utilizados en alimentos, productos farmac\u00e9uticos y cosm\u00e9ticos.<\/li>\n<\/ul>\n<\/li>\n<li><strong>\u00bfEn qu\u00e9 se diferencia la prueba de compresi\u00f3n del paquete de otras pruebas de compresi\u00f3n?<\/strong>\n<ul>\n<li>La prueba de compresi\u00f3n del paquete eval\u00faa espec\u00edficamente la capacidad del embalaje para resistir las fuerzas que pueden encontrarse durante el transporte y el almacenamiento, centr\u00e1ndose en aplicaciones del mundo real.<\/li>\n<\/ul>\n<\/li>\n<li><strong>\u00bfSe puede personalizar el comprobador de compresi\u00f3n de bolsas para requisitos de prueba espec\u00edficos?<\/strong>\n<ul>\n<li>S\u00ed, el probador de compresi\u00f3n de bolsas se puede personalizar para adaptarse a tama\u00f1os de prueba no est\u00e1ndar y materiales espec\u00edficos.<\/li>\n<\/ul>\n<\/li>\n<li><strong>\u00bfCu\u00e1l es la fuerza m\u00e1xima que puede medir el probador?<\/strong>\n<ul>\n<li>El rango de medici\u00f3n est\u00e1ndar es 2000 N, con opciones disponibles para capacidades mayores.<\/li>\n<\/ul>\n<\/li>\n<li><strong>\u00bfC\u00f3mo la recopilaci\u00f3n de datos en tiempo real mejora la precisi\u00f3n de las pruebas?<\/strong>\n<ul>\n<li>La recopilaci\u00f3n de datos en tiempo real permite el an\u00e1lisis inmediato del rendimiento del material bajo tensi\u00f3n, mejorando la precisi\u00f3n y confiabilidad de los resultados de las pruebas.<\/li>\n<\/ul>\n<\/li>\n<\/ol>\n<p>El comprobador de compresi\u00f3n de bolsas es esencial para mejorar la calidad del embalaje y garantizar que los productos puedan soportar diversas presiones durante el transporte. Al invertir en este equipo de prueba de vanguardia, los fabricantes pueden reducir significativamente el riesgo de fallas en los embalajes, proteger sus productos y mantener su reputaci\u00f3n en el mercado.<\/p>","protected":false},"excerpt":{"rendered":"<p>El comprobador de compresi\u00f3n de bolsas es una herramienta fundamental para garantizar la calidad de los materiales de embalaje. Dado que la integridad del embalaje es fundamental para garantizar la seguridad y la eficacia del producto, este instrumento desempe\u00f1a un papel crucial en diversas industrias, como la alimentaria, la farmac\u00e9utica, la cosm\u00e9tica y el embalaje m\u00e9dico. Dise\u00f1ado para evaluar la durabilidad y el rendimiento de diferentes materiales de embalaje, el comprobador de compresi\u00f3n de bolsas garantiza que los productos puedan soportar los rigores del transporte y el almacenamiento.<\/p>","protected":false},"featured_media":6245,"comment_status":"closed","ping_status":"closed","template":"","meta":{"site-sidebar-layout":"default","site-content-layout":"default","ast-global-header-display":"","ast-main-header-display":"","ast-hfb-above-header-display":"","ast-hfb-below-header-display":"","ast-hfb-mobile-header-display":"","site-post-title":"","ast-breadcrumbs-content":"","ast-featured-img":"","footer-sml-layout":"","theme-transparent-header-meta":"default","adv-header-id-meta":"","stick-header-meta":"","header-above-stick-meta":"","header-main-stick-meta":"","header-below-stick-meta":""},"product_cat":[1069,1068,953,956,955,845,1065,1064,1067,1066,1159,965,954,957,958,952,959,1070,17,149,16,160,161,162,163,164,165,166,167,168,169,170,171,172,173,95],"product_tag":[],"class_list":{"0":"post-5134","1":"product","2":"type-product","3":"status-publish","4":"has-post-thumbnail","6":"product_cat-astm-d4169","7":"product_cat-astm-d642","8":"product_cat-bursting-tester","9":"product_cat-cobb-tester","10":"product_cat-crush-tester","11":"product_cat-customization","12":"product_cat-iso-12048","13":"product_cat-iso-2234","14":"product_cat-iso-2872","15":"product_cat-iso-2874","16":"product_cat-jis-z0212","17":"product_cat-package-compression-tester","18":"product_cat-paper-tear-tester","19":"product_cat-plybond-tester","20":"product_cat-puncture-tester","21":"product_cat-rub-tester","22":"product_cat-stiffness-tester","23":"product_cat-tappi-t804","24":"product_cat-package-container-testers","25":"product_cat-pharma-and-medical-testers","26":"product_cat-plastic-packaging-testers","27":"product_cat-iso-3034","28":"product_cat-iso-37","29":"product_cat-iso-4593","30":"product_cat-iso-5084","31":"product_cat-iso-534","32":"product_cat-iso-6383","33":"product_cat-iso-6710","34":"product_cat-iso-719","35":"product_cat-iso-720","36":"product_cat-iso-7765-1","37":"product_cat-iso-8295","38":"product_cat-iso-8510-2","39":"product_cat-iso-9073-2","40":"product_cat-iso-9187","41":"product_cat-products","42":"desktop-align-left","43":"tablet-align-left","44":"mobile-align-left","46":"first","47":"instock","48":"shipping-taxable","49":"product-type-simple"},"_links":{"self":[{"href":"https:\/\/www.qualitester.com\/es\/wp-json\/wp\/v2\/product\/5134","targetHints":{"allow":["GET"]}}],"collection":[{"href":"https:\/\/www.qualitester.com\/es\/wp-json\/wp\/v2\/product"}],"about":[{"href":"https:\/\/www.qualitester.com\/es\/wp-json\/wp\/v2\/types\/product"}],"replies":[{"embeddable":true,"href":"https:\/\/www.qualitester.com\/es\/wp-json\/wp\/v2\/comments?post=5134"}],"version-history":[{"count":0,"href":"https:\/\/www.qualitester.com\/es\/wp-json\/wp\/v2\/product\/5134\/revisions"}],"wp:featuredmedia":[{"embeddable":true,"href":"https:\/\/www.qualitester.com\/es\/wp-json\/wp\/v2\/media\/6245"}],"wp:attachment":[{"href":"https:\/\/www.qualitester.com\/es\/wp-json\/wp\/v2\/media?parent=5134"}],"wp:term":[{"taxonomy":"product_cat","embeddable":true,"href":"https:\/\/www.qualitester.com\/es\/wp-json\/wp\/v2\/product_cat?post=5134"},{"taxonomy":"product_tag","embeddable":true,"href":"https:\/\/www.qualitester.com\/es\/wp-json\/wp\/v2\/product_tag?post=5134"}],"curies":[{"name":"wp","href":"https:\/\/api.w.org\/{rel}","templated":true}]}}