{"id":5133,"date":"2024-10-30T17:09:27","date_gmt":"2024-10-30T09:09:27","guid":{"rendered":"https:\/\/www.qualitester.com\/?post_type=product&#038;p=5133"},"modified":"2024-12-06T09:53:47","modified_gmt":"2024-12-06T01:53:47","slug":"sale-medical-device-packaging-testing-machine","status":"publish","type":"product","link":"https:\/\/www.qualitester.com\/es\/producto\/sale-medical-device-packaging-testing-machine\/","title":{"rendered":"Probador de envases m\u00e9dicos MPT-01"},"content":{"rendered":"<h2><strong>Introducci\u00f3n<\/strong><\/h2>\n<p>El <strong>M\u00e1quina de prueba de embalaje de dispositivos m\u00e9dicos<\/strong> es una herramienta esencial en las industrias m\u00e9dica y farmac\u00e9utica, dise\u00f1ada para evaluar las propiedades mec\u00e1nicas de los materiales de embalaje para dispositivos m\u00e9dicos y productos farmac\u00e9uticos. Esta m\u00e1quina desempe\u00f1a un papel fundamental para garantizar la integridad y la seguridad de los embalajes, ayudando a los fabricantes a cumplir con los estrictos est\u00e1ndares regulatorios.<\/p>\n<h2><strong>Aplicaciones<\/strong><\/h2>\n<p>Esta vers\u00e1til m\u00e1quina es capaz de probar una amplia gama de materiales que se utilizan habitualmente en envases m\u00e9dicos, incluidos pol\u00edmeros, bolsas, ampollas, tapones de goma, jeringas y agujas. Al evaluar estos materiales, la m\u00e1quina de prueba de envases de dispositivos m\u00e9dicos ayuda a garantizar que el envase pueda soportar diversas condiciones durante el transporte y el almacenamiento.<\/p>\n<h2><strong>M\u00e9todos de prueba<\/strong><\/h2>\n<p>La m\u00e1quina de prueba de embalaje de dispositivos m\u00e9dicos realiza varias pruebas cruciales para garantizar la calidad de los materiales de embalaje:<\/p>\n<ul>\n<li><strong>Pruebas de tracci\u00f3n:<\/strong> Mide la fuerza necesaria para separar los materiales.<\/li>\n<li><strong>Pruebas de compresi\u00f3n:<\/strong> Evaluar la capacidad del embalaje para soportar la presi\u00f3n externa.<\/li>\n<li><strong>Pruebas de l\u00e1grimas:<\/strong> Evaluar la resistencia de los materiales al desgarro.<\/li>\n<li><strong>Pruebas de fuerza de apertura:<\/strong> Determinar la fuerza necesaria para abrir un embalaje sellado.<\/li>\n<li><strong>Pruebas de penetraci\u00f3n:<\/strong> Pruebe la integridad de los tapones y sellos de caucho.<\/li>\n<li><strong>Pruebas de resistencia a la rotura:<\/strong> Eval\u00fae la carga m\u00e1xima que puede soportar un material antes de fallar.<\/li>\n<li><strong>Pruebas de tracci\u00f3n:<\/strong> Medir la resistencia de las conexiones en los componentes del embalaje.<\/li>\n<\/ul>\n<h2><strong>Versatilidad<\/strong><\/h2>\n<p>Esta m\u00e1quina admite varias pruebas esenciales para el control de calidad en envases m\u00e9dicos. Las pruebas clave incluyen:<\/p>\n<ul>\n<li><strong>Prueba de penetraci\u00f3n de tapones de caucho<\/strong> en frascos de antibi\u00f3ticos y agujas hipod\u00e9rmicas: garantiza que los tapones mantengan su integridad al ser perforados.<\/li>\n<li><strong>Prueba de resistencia a la fractura<\/strong> de frascos ampolla: prueba la resistencia de los frascos a la rotura.<\/li>\n<li><strong>Prueba de fugas<\/strong> de envases pl\u00e1sticos bajo presi\u00f3n externa: Verifica la integridad del sellado del embalaje.<\/li>\n<li><strong>Prueba de fuerza de conexi\u00f3n<\/strong> entre agujas hipod\u00e9rmicas y tapas\/conectores de agujas: eval\u00faa la confiabilidad de estas conexiones.<\/li>\n<li><strong>Prueba de rigidez de la botella:<\/strong> Mide la rigidez de las botellas para evitar deformaciones.<\/li>\n<li><strong>Prueba de perforaci\u00f3n de la tapa de la botella<\/strong> con dedo animado: eval\u00faa la resistencia a la perforaci\u00f3n de las tapas.<\/li>\n<li><strong>Prueba de resistencia al deslizamiento<\/strong> de pistones: prueba el rendimiento de componentes m\u00f3viles en dispositivos m\u00e9dicos.<\/li>\n<\/ul>\n<h2><strong>Caracter\u00edsticas t\u00e9cnicas<\/strong><\/h2>\n<p>La m\u00e1quina de prueba de embalaje de dispositivos m\u00e9dicos est\u00e1 equipada con caracter\u00edsticas t\u00e9cnicas avanzadas para mejorar su rendimiento:<\/p>\n<ul>\n<li><strong>Controlador l\u00f3gico programable (PLC):<\/strong> Proporciona un control estable y confiable.<\/li>\n<li><strong>Pantalla t\u00e1ctil de interfaz hombre-m\u00e1quina (HMI):<\/strong> Garantiza un funcionamiento sencillo para el usuario.<\/li>\n<li><strong>Mecanismo de husillo de bolas de precisi\u00f3n:<\/strong> Garantiza un control preciso y constante de la velocidad y del desplazamiento.<\/li>\n<li><strong>Programas personalizables:<\/strong> Dise\u00f1ado para satisfacer requisitos de pruebas espec\u00edficos.<\/li>\n<li><strong>Velocidad de prueba ajustable:<\/strong> Permite flexibilidad en las condiciones de prueba.<\/li>\n<li><strong>Accesorios m\u00faltiples:<\/strong> Disponible para pruebas de tracci\u00f3n y compresi\u00f3n, adaptado a materiales espec\u00edficos.<\/li>\n<li><strong>Caracter\u00edsticas de seguridad:<\/strong> Incluye protecci\u00f3n de l\u00edmite y retorno autom\u00e1tico para una operaci\u00f3n segura.<\/li>\n<\/ul>\n<h2><strong>Par\u00e1metros principales<\/strong><\/h2>\n<table>\n<tbody>\n<tr>\n<td style=\"text-align: center;\" width=\"175\">Campo de pruebas<\/td>\n<td style=\"text-align: center;\" width=\"277\">500 N (o seg\u00fan sea necesario)<\/td>\n<\/tr>\n<tr>\n<td style=\"text-align: center;\" width=\"175\">Ataque<\/td>\n<td style=\"text-align: center;\" width=\"277\">200 mm (sin abrazadera)<\/td>\n<\/tr>\n<tr>\n<td style=\"text-align: center;\" width=\"175\">Prueba de velocidad<\/td>\n<td style=\"text-align: center;\" width=\"277\">1 ~ 500 mm\/min<\/td>\n<\/tr>\n<tr>\n<td style=\"text-align: center;\" width=\"175\">Precisi\u00f3n de desplazamiento<\/td>\n<td style=\"text-align: center;\" width=\"277\">0,01 mm<\/td>\n<\/tr>\n<tr>\n<td style=\"text-align: center;\" width=\"175\">Exactitud<\/td>\n<td style=\"text-align: center;\" width=\"277\">0,5% FS<\/td>\n<\/tr>\n<tr>\n<td style=\"text-align: center;\" width=\"175\">Control<\/td>\n<td style=\"text-align: center;\" width=\"277\">Interfaz hombre-m\u00e1quina y PLC<\/td>\n<\/tr>\n<tr>\n<td style=\"text-align: center;\" width=\"175\">Producci\u00f3n<\/td>\n<td style=\"text-align: center;\" width=\"277\">Pantalla, microimpresora, RS232 (opcional)<\/td>\n<\/tr>\n<tr>\n<td style=\"text-align: center;\" width=\"175\">Fuerza<\/td>\n<td style=\"text-align: center;\" width=\"277\">110 ~ 220 V<\/td>\n<\/tr>\n<\/tbody>\n<\/table>","protected":false},"excerpt":{"rendered":"<p>El <strong>M\u00e1quina de prueba de embalaje de dispositivos m\u00e9dicos<\/strong> es una herramienta esencial en las industrias m\u00e9dica y farmac\u00e9utica, dise\u00f1ada para evaluar las propiedades mec\u00e1nicas de los materiales de embalaje para dispositivos m\u00e9dicos y productos farmac\u00e9uticos. Esta m\u00e1quina desempe\u00f1a un papel fundamental para garantizar la integridad y la seguridad de los embalajes, ayudando a los fabricantes a cumplir con los estrictos est\u00e1ndares regulatorios.<\/p>","protected":false},"featured_media":6319,"comment_status":"closed","ping_status":"closed","template":"","meta":{"site-sidebar-layout":"default","site-content-layout":"default","ast-global-header-display":"","ast-main-header-display":"","ast-hfb-above-header-display":"","ast-hfb-below-header-display":"","ast-hfb-mobile-header-display":"","site-post-title":"","ast-breadcrumbs-content":"","ast-featured-img":"","footer-sml-layout":"","theme-transparent-header-meta":"default","adv-header-id-meta":"","stick-header-meta":"","header-above-stick-meta":"","header-main-stick-meta":"","header-below-stick-meta":""},"product_cat":[95,933,845,679,149],"product_tag":[],"class_list":{"0":"post-5133","1":"product","2":"type-product","3":"status-publish","4":"has-post-thumbnail","6":"product_cat-products","7":"product_cat-ampoule-breaking-tester","8":"product_cat-customization","9":"product_cat-tensile-tester","10":"product_cat-pharma-and-medical-testers","11":"desktop-align-left","12":"tablet-align-left","13":"mobile-align-left","15":"first","16":"instock","17":"shipping-taxable","18":"product-type-simple"},"_links":{"self":[{"href":"https:\/\/www.qualitester.com\/es\/wp-json\/wp\/v2\/product\/5133","targetHints":{"allow":["GET"]}}],"collection":[{"href":"https:\/\/www.qualitester.com\/es\/wp-json\/wp\/v2\/product"}],"about":[{"href":"https:\/\/www.qualitester.com\/es\/wp-json\/wp\/v2\/types\/product"}],"replies":[{"embeddable":true,"href":"https:\/\/www.qualitester.com\/es\/wp-json\/wp\/v2\/comments?post=5133"}],"version-history":[{"count":0,"href":"https:\/\/www.qualitester.com\/es\/wp-json\/wp\/v2\/product\/5133\/revisions"}],"wp:featuredmedia":[{"embeddable":true,"href":"https:\/\/www.qualitester.com\/es\/wp-json\/wp\/v2\/media\/6319"}],"wp:attachment":[{"href":"https:\/\/www.qualitester.com\/es\/wp-json\/wp\/v2\/media?parent=5133"}],"wp:term":[{"taxonomy":"product_cat","embeddable":true,"href":"https:\/\/www.qualitester.com\/es\/wp-json\/wp\/v2\/product_cat?post=5133"},{"taxonomy":"product_tag","embeddable":true,"href":"https:\/\/www.qualitester.com\/es\/wp-json\/wp\/v2\/product_tag?post=5133"}],"curies":[{"name":"wp","href":"https:\/\/api.w.org\/{rel}","templated":true}]}}