{"id":5127,"date":"2024-10-29T17:00:41","date_gmt":"2024-10-29T09:00:41","guid":{"rendered":"https:\/\/www.qualitester.com\/?post_type=product&#038;p=5127"},"modified":"2024-12-05T11:54:55","modified_gmt":"2024-12-05T03:54:55","slug":"sale-hardness-test-apparatus-for-tablet","status":"publish","type":"product","link":"https:\/\/www.qualitester.com\/es\/producto\/sale-hardness-test-apparatus-for-tablet\/","title":{"rendered":"Comprobador de compresi\u00f3n de tabletas MPT-02"},"content":{"rendered":"<p><strong>Aparato de prueba de dureza para tabletas<\/strong> es un instrumento avanzado dise\u00f1ado para realizar pruebas de dureza de comprimidos de manera precisa y confiable, un proceso esencial en la industria farmac\u00e9utica. Al evaluar la resistencia a la compresi\u00f3n de los comprimidos, este aparato garantiza que estos mantengan su integridad f\u00edsica durante la producci\u00f3n, el almacenamiento y el uso, lo que en \u00faltima instancia salvaguarda la eficacia del f\u00e1rmaco y la seguridad del paciente. Los fabricantes farmac\u00e9uticos conf\u00edan en las pruebas de dureza de comprimidos no solo para cumplir con los estrictos est\u00e1ndares regulatorios, sino tambi\u00e9n para mejorar la calidad del producto y la competitividad en el mercado.<\/p>\n<h2>Importancia de la prueba de dureza de comprimidos en la producci\u00f3n farmac\u00e9utica<\/h2>\n<p><strong>Prueba de dureza de tabletas<\/strong> Desempe\u00f1a un papel crucial a la hora de garantizar la calidad y la seguridad generales de los comprimidos farmac\u00e9uticos. La prueba de dureza de los comprimidos ayuda a:<\/p>\n<ul>\n<li><strong>Garantizar la calidad de la tableta<\/strong>:Los comprimidos con baja dureza pueden fracturarse durante el transporte o la manipulaci\u00f3n, mientras que una dureza excesiva puede impedir la desintegraci\u00f3n del comprimido, lo que afecta negativamente a la liberaci\u00f3n y la biodisponibilidad del f\u00e1rmaco. Un rango de dureza \u00f3ptimo garantiza que los comprimidos resistan la manipulaci\u00f3n sin comprometer la eficacia terap\u00e9utica.<\/li>\n<li><strong>Optimizar los procesos de producci\u00f3n<\/strong>:Las pruebas de dureza de rutina ayudan a identificar inconsistencias en la producci\u00f3n, como una fuerza de compresi\u00f3n inadecuada o problemas de formulaci\u00f3n, lo que permite a los fabricantes ajustar los procesos r\u00e1pidamente y mejorar la uniformidad de las tabletas.<\/li>\n<li><strong>Gu\u00eda de dise\u00f1o de productos<\/strong>:Los datos de dureza ayudan a dise\u00f1ar nuevas formulaciones que cumplan con requisitos espec\u00edficos de dureza y desintegraci\u00f3n, cruciales para desarrollar tabletas efectivas, seguras y f\u00e1ciles de usar.<\/li>\n<\/ul>\n<h2>Principios de la prueba de dureza de tabletas<\/h2>\n<p><strong>Prueba de dureza de tabletas<\/strong> El m\u00e9todo consiste en colocar la pastilla sobre la plataforma de medici\u00f3n del dur\u00f3metro, donde se aplica una fuerza controlada a trav\u00e9s de un punz\u00f3n superior. El dur\u00f3metro mide la deformaci\u00f3n de la pastilla o la fuerza necesaria para fracturarla, lo que proporciona informaci\u00f3n sobre su dureza. Los m\u00e9todos de medici\u00f3n clave incluyen:<\/p>\n<ul>\n<li><strong>M\u00e9todo de profundidad de sangr\u00eda<\/strong>:Este m\u00e9todo mide la dureza registrando la profundidad de una hendidura formada bajo una presi\u00f3n determinada. Las hendiduras menos profundas indican que la tableta es m\u00e1s dura, lo que hace que este m\u00e9todo sea eficaz para comprobar la consistencia.<\/li>\n<li><strong>M\u00e9todo de resistencia al aplastamiento<\/strong>:Este m\u00e9todo mide la fuerza necesaria para aplastar la tableta. Una fuerza mayor implica una tableta m\u00e1s dura, lo que ofrece datos cr\u00edticos para el control de calidad y el cumplimiento normativo.<\/li>\n<\/ul>\n<h2>Caracter\u00edsticas principales del aparato de prueba de dureza<\/h2>\n<p>Este <strong>aparato de prueba de dureza<\/strong> Est\u00e1 dise\u00f1ado con caracter\u00edsticas avanzadas para garantizar precisi\u00f3n, durabilidad y facilidad de uso en entornos farmac\u00e9uticos:<\/p>\n<ul>\n<li><strong>Interfaz f\u00e1cil de usar<\/strong>:Equipado con una pantalla t\u00e1ctil HMI de 7 pulgadas para una operaci\u00f3n intuitiva y una f\u00e1cil navegaci\u00f3n.<\/li>\n<li><strong>Estabilidad de grado industrial<\/strong>:Construido con una unidad de control PLC de alto rendimiento para obtener resultados de pruebas confiables y consistentes.<\/li>\n<li><strong>Componentes de alta precisi\u00f3n<\/strong>:\n<ul>\n<li><strong>C\u00e9lula de carga<\/strong>:Proporciona mediciones de fuerza precisas, cruciales para el cumplimiento normativo y la garant\u00eda de calidad.<\/li>\n<li><strong>Sistema de husillo de bolas<\/strong>:Proporciona una aplicaci\u00f3n de fuerza precisa, minimizando la variabilidad en los resultados de las pruebas.<\/li>\n<\/ul>\n<\/li>\n<li><strong>Velocidad de prueba ajustable<\/strong>:Permite a los operadores modificar las velocidades de prueba seg\u00fan los requisitos de prueba espec\u00edficos, lo que mejora la versatilidad en diversos escenarios de prueba.<\/li>\n<li><strong>Visualizaci\u00f3n de datos en tiempo real<\/strong>:Muestra datos de fuerza en tiempo real durante las pruebas, proporcionando retroalimentaci\u00f3n y seguimiento inmediatos para un control de calidad eficiente.<\/li>\n<li><strong>Calibraci\u00f3n f\u00e1cil<\/strong>:Un proceso de calibraci\u00f3n simplificado ahorra tiempo y garantiza la precisi\u00f3n de acuerdo con los est\u00e1ndares de la industria.<\/li>\n<li><strong>Capacidades de prueba vers\u00e1tiles<\/strong>:Viene con m\u00faltiples accesorios para adaptarse a diferentes configuraciones de prueba, lo que hace que el aparato sea adaptable a diversos tama\u00f1os y formulaciones de tabletas.<\/li>\n<li><strong>Funcionalidades adicionales<\/strong>:\n<ul>\n<li>Incluye un limitador de posici\u00f3n y funci\u00f3n de retorno autom\u00e1tico para un manejo eficiente.<\/li>\n<li>Salida de microimpresora opcional e integraci\u00f3n de software para gesti\u00f3n de datos y trazabilidad.<\/li>\n<\/ul>\n<\/li>\n<\/ul>\n<h2>Par\u00e1metros principales del probador de dureza de tabletas<\/h2>\n<p>Este aparato est\u00e1 dise\u00f1ado para cumplir con los m\u00e1s altos est\u00e1ndares en pruebas farmac\u00e9uticas. Las especificaciones clave incluyen:<\/p>\n<ul>\n<li><strong>Rango de carga<\/strong>:Amplia gama para adaptarse a distintos niveles de dureza de tabletas.<\/li>\n<li><strong>Precisi\u00f3n y resoluci\u00f3n<\/strong>:Alta precisi\u00f3n para resultados consistentes y reproducibles.<\/li>\n<li><strong>Rango de velocidad de prueba<\/strong>:Velocidades de prueba ajustables para satisfacer necesidades de pruebas espec\u00edficas.<\/li>\n<li><strong>Dimensiones<\/strong>:Dise\u00f1o compacto adecuado para entornos de laboratorio o producci\u00f3n.<\/li>\n<\/ul>\n<h2>Aplicaciones del aparato de ensayo de dureza de tabletas en la industria<\/h2>\n<p>El <strong>Aparato de prueba de dureza para tabletas<\/strong> Tiene amplias aplicaciones en entornos de producci\u00f3n e investigaci\u00f3n farmac\u00e9utica:<\/p>\n<ul>\n<li><strong>Producci\u00f3n farmac\u00e9utica<\/strong>:Garantiza la calidad de las tabletas, la uniformidad y el cumplimiento normativo durante la producci\u00f3n en masa.<\/li>\n<li><strong>Investigaci\u00f3n y desarrollo<\/strong>:Proporciona datos esenciales para desarrollar y perfeccionar formulaciones de medicamentos, respaldando la creaci\u00f3n de medicamentos efectivos y seguros.<\/li>\n<li><strong>Control de calidad<\/strong>:Las pruebas de dureza de rutina en las l\u00edneas de producci\u00f3n y la inspecci\u00f3n de calidad garantizan la consistencia y confiabilidad de los productos farmac\u00e9uticos, cumpliendo con los est\u00e1ndares regulatorios y las necesidades de los pacientes.<\/li>\n<\/ul>\n<h2>Beneficios de utilizar el aparato de prueba de dureza para el control de calidad de las tabletas<\/h2>\n<p>Con caracter\u00edsticas avanzadas y funcionalidad flexible, este <strong>Aparato de prueba de dureza para tabletas<\/strong> ofrece numerosos beneficios a los fabricantes:<\/p>\n<ul>\n<li><strong>Mayor consistencia del producto<\/strong>:Logra un control de calidad confiable, mejorando la calidad general de las tabletas farmac\u00e9uticas.<\/li>\n<li><strong>Gesti\u00f3n de datos optimizada<\/strong>:Los resultados en tiempo real y la salida de datos opcional permiten un f\u00e1cil seguimiento, mejorando la eficiencia y la trazabilidad.<\/li>\n<li><strong>Cumplimiento normativo<\/strong>:Simplifica el cumplimiento de estrictos est\u00e1ndares de calidad, garantizando que las tabletas cumplan con las especificaciones requeridas para su lanzamiento al mercado.<\/li>\n<\/ul>","protected":false},"excerpt":{"rendered":"<p><strong>Aparato de prueba de dureza para tabletas<\/strong> es un instrumento avanzado dise\u00f1ado para realizar pruebas de dureza de comprimidos de manera precisa y confiable, un proceso esencial en la industria farmac\u00e9utica. Al evaluar la resistencia a la compresi\u00f3n de los comprimidos, este aparato garantiza que estos mantengan su integridad f\u00edsica durante la producci\u00f3n, el almacenamiento y el uso, lo que en \u00faltima instancia salvaguarda la eficacia del f\u00e1rmaco y la seguridad del paciente. Los fabricantes farmac\u00e9uticos conf\u00edan en las pruebas de dureza de comprimidos no solo para cumplir con los estrictos est\u00e1ndares regulatorios, sino tambi\u00e9n para mejorar la calidad del producto y la competitividad en el mercado.<\/p>","protected":false},"featured_media":6217,"comment_status":"closed","ping_status":"closed","template":"","meta":{"site-sidebar-layout":"default","site-content-layout":"default","ast-global-header-display":"","ast-main-header-display":"","ast-hfb-above-header-display":"","ast-hfb-below-header-display":"","ast-hfb-mobile-header-display":"","site-post-title":"","ast-breadcrumbs-content":"","ast-featured-img":"","footer-sml-layout":"","theme-transparent-header-meta":"default","adv-header-id-meta":"","stick-header-meta":"","header-above-stick-meta":"","header-main-stick-meta":"","header-below-stick-meta":""},"product_cat":[1054,845,149,95],"product_tag":[],"class_list":{"0":"post-5127","1":"product","2":"type-product","3":"status-publish","4":"has-post-thumbnail","6":"product_cat-hardness-tester","7":"product_cat-customization","8":"product_cat-pharma-and-medical-testers","9":"product_cat-products","10":"desktop-align-left","11":"tablet-align-left","12":"mobile-align-left","14":"first","15":"instock","16":"shipping-taxable","17":"product-type-simple"},"_links":{"self":[{"href":"https:\/\/www.qualitester.com\/es\/wp-json\/wp\/v2\/product\/5127","targetHints":{"allow":["GET"]}}],"collection":[{"href":"https:\/\/www.qualitester.com\/es\/wp-json\/wp\/v2\/product"}],"about":[{"href":"https:\/\/www.qualitester.com\/es\/wp-json\/wp\/v2\/types\/product"}],"replies":[{"embeddable":true,"href":"https:\/\/www.qualitester.com\/es\/wp-json\/wp\/v2\/comments?post=5127"}],"version-history":[{"count":0,"href":"https:\/\/www.qualitester.com\/es\/wp-json\/wp\/v2\/product\/5127\/revisions"}],"wp:featuredmedia":[{"embeddable":true,"href":"https:\/\/www.qualitester.com\/es\/wp-json\/wp\/v2\/media\/6217"}],"wp:attachment":[{"href":"https:\/\/www.qualitester.com\/es\/wp-json\/wp\/v2\/media?parent=5127"}],"wp:term":[{"taxonomy":"product_cat","embeddable":true,"href":"https:\/\/www.qualitester.com\/es\/wp-json\/wp\/v2\/product_cat?post=5127"},{"taxonomy":"product_tag","embeddable":true,"href":"https:\/\/www.qualitester.com\/es\/wp-json\/wp\/v2\/product_tag?post=5127"}],"curies":[{"name":"wp","href":"https:\/\/api.w.org\/{rel}","templated":true}]}}