{"id":4677,"date":"2024-09-09T13:40:04","date_gmt":"2024-09-09T05:40:04","guid":{"rendered":"https:\/\/www.qualitester.com\/?post_type=product&#038;p=4677"},"modified":"2024-12-05T15:53:20","modified_gmt":"2024-12-05T07:53:20","slug":"tensile-strength-testing-machine","status":"publish","type":"product","link":"https:\/\/www.qualitester.com\/es\/producto\/tensile-strength-testing-machine\/","title":{"rendered":"M\u00e1quina de prueba de resistencia a la tracci\u00f3n ASTM D882 para l\u00e1minas de pl\u00e1stico"},"content":{"rendered":"<h2>1. <strong>Introducci\u00f3n de la m\u00e1quina de ensayos de resistencia a la tracci\u00f3n<\/strong><\/h2>\n<p>El <strong>M\u00e1quina de ensayo de resistencia a la tracci\u00f3n ASTM D882<\/strong> es un instrumento especializado dise\u00f1ado para medir las propiedades de tracci\u00f3n de pel\u00edculas y l\u00e1minas delgadas de pl\u00e1stico. Desempe\u00f1a un papel fundamental a la hora de garantizar la calidad y fiabilidad de los productos en diversos sectores, como los envases, los pl\u00e1sticos y los dispositivos m\u00e9dicos. Este <a href=\"https:\/\/www.qualitester.com\/es\/categoria-producto\/test-items\/tensile-tester\/\" target=\"_blank\" rel=\"noopener\"><strong>probador de tracci\u00f3n<\/strong><\/a> est\u00e1 dise\u00f1ado espec\u00edficamente para evaluar la resistencia y el alargamiento de los materiales, lo que lo convierte en una herramienta indispensable para los fabricantes que buscan mejorar la durabilidad y el rendimiento de sus productos.<\/p>\n<p>Al cumplir la norma ASTM D882, esta m\u00e1quina proporciona datos precisos y fiables sobre la resistencia a la tracci\u00f3n, el l\u00edmite el\u00e1stico, el alargamiento de rotura y el m\u00f3dulo de elasticidad de un material. Estos par\u00e1metros son fundamentales para las industrias que utilizan l\u00e1minas y pel\u00edculas de pl\u00e1stico flexible para sus productos.<\/p>\n<h3>Par\u00e1metro principal<\/h3>\n<table width=\"475\">\n<tbody>\n<tr>\n<td width=\"179\">Campo de pruebas<\/td>\n<td width=\"296\">0-500N (o 50N, 100N, 200N, etc.)<\/td>\n<\/tr>\n<tr>\n<td>Ataque<\/td>\n<td>800 mm (personalizable para otras carreras)<\/td>\n<\/tr>\n<tr>\n<td>Prueba de velocidad<\/td>\n<td>1 ~ 500 mm\/min<\/td>\n<\/tr>\n<tr>\n<td>Precisi\u00f3n de desplazamiento<\/td>\n<td>0,01 mm<\/td>\n<\/tr>\n<tr>\n<td>Exactitud<\/td>\n<td>0.5% Escala completa<\/td>\n<\/tr>\n<tr>\n<td>Ancho de muestra<\/td>\n<td>27 mm (anchura opcional disponible)<\/td>\n<\/tr>\n<tr>\n<td>Control<\/td>\n<td>Pantalla de PLC y HMI<\/td>\n<\/tr>\n<tr>\n<td>Salida de datos<\/td>\n<td>Microimpresora (opcional), RS232 (opcional)<\/td>\n<\/tr>\n<\/tbody>\n<\/table>\n<h3><strong>Fabricante y especializaci\u00f3n<\/strong><\/h3>\n<p>Cell Instruments es un fabricante l\u00edder de instrumentos de ensayo de materiales, conocido por su dedicaci\u00f3n a la producci\u00f3n de equipos precisos y de alta calidad. Especializada en <strong>transformaci\u00f3n de la personalizaci\u00f3n y la automatizaci\u00f3n<\/strong>, Cell Instruments presta servicio a diversas industrias, como la del envasado, la m\u00e9dica, la textil, la del pl\u00e1stico y la electr\u00f3nica. Al centrarnos en soluciones de ensayo, nos aseguramos de que nuestras m\u00e1quinas no solo cumplan las normas del sector, sino que tambi\u00e9n ofrezcan una funcionalidad avanzada para satisfacer las necesidades cambiantes de los fabricantes.<\/p>\n<p><img fetchpriority=\"high\" decoding=\"async\" class=\"aligncenter size-full wp-image-3943\" src=\"https:\/\/www.qualitester.com\/wp-content\/uploads\/2023\/04\/TST-01-Tensile-Tester-06.jpg\" alt=\"M\u00e1quina de prueba de resistencia a la tracci\u00f3n ASTM D882 para l\u00e1minas de pl\u00e1stico\" width=\"750\" height=\"750\" srcset=\"https:\/\/www.qualitester.com\/wp-content\/uploads\/2023\/04\/TST-01-Tensile-Tester-06.jpg 750w, https:\/\/www.qualitester.com\/wp-content\/uploads\/2023\/04\/TST-01-Tensile-Tester-06-300x300.jpg 300w, https:\/\/www.qualitester.com\/wp-content\/uploads\/2023\/04\/TST-01-Tensile-Tester-06-150x150.jpg 150w, https:\/\/www.qualitester.com\/wp-content\/uploads\/2023\/04\/TST-01-Tensile-Tester-06-600x600.jpg 600w, https:\/\/www.qualitester.com\/wp-content\/uploads\/2023\/04\/TST-01-Tensile-Tester-06-100x100.jpg 100w\" sizes=\"(max-width: 750px) 100vw, 750px\" \/><\/p>\n<h2>2. <strong>\u00bfQu\u00e9 es la norma ASTM D882?<\/strong><\/h2>\n<h3><strong>Definici\u00f3n y prop\u00f3sito<\/strong><\/h3>\n<p><a href=\"https:\/\/www.astm.org\/standards\/d882\" target=\"_blank\" rel=\"noopener nofollow\"><strong>ASTM D882<\/strong><\/a> es el m\u00e9todo de ensayo est\u00e1ndar utilizado para determinar las propiedades de tracci\u00f3n de pel\u00edculas y l\u00e1minas de pl\u00e1stico delgadas con un espesor inferior a 1,0 mm. El ensayo es esencial para evaluar la resistencia, flexibilidad y durabilidad de los materiales pl\u00e1sticos, que se utilizan ampliamente en aplicaciones de envasado, m\u00e9dicas y adhesivas.<\/p>\n<p>El <strong>resistencia a la tracci\u00f3n<\/strong> mide cu\u00e1nta tensi\u00f3n puede soportar el material antes de romperse, mientras que el <strong>elongaci\u00f3n de rotura<\/strong> revela cu\u00e1nto se estira el material antes de fallar. La direcci\u00f3n <strong>m\u00f3dulo de elasticidad<\/strong> da una indicaci\u00f3n de la rigidez del material. Estas mediciones son fundamentales en el control de calidad y el desarrollo de productos para garantizar que los materiales cumplen las expectativas de rendimiento.<\/p>\n<h3><strong>\u00c1mbito de aplicaci\u00f3n<\/strong><\/h3>\n<p>La norma ASTM D882 es ampliamente aplicable en industrias que utilizan pel\u00edculas y l\u00e1minas de pl\u00e1stico flexible, entre las que se incluyen:<\/p>\n<ul>\n<li><strong>Embalaje<\/strong>: Garantizar que las pel\u00edculas puedan soportar la tensi\u00f3n durante el transporte y la manipulaci\u00f3n.<\/li>\n<li><strong>M\u00e9dico<\/strong>: Evaluaci\u00f3n de las pel\u00edculas utilizadas en envases m\u00e9dicos para garantizar su esterilidad y durabilidad.<\/li>\n<li><strong>Adhesivos<\/strong>: Medici\u00f3n de las propiedades de tracci\u00f3n de productos como cintas y laminados.<\/li>\n<li><strong>Pl\u00e1sticos e industrias alimentarias<\/strong>: Garantizar la integridad del producto en el envasado y el almacenamiento.<\/li>\n<\/ul>\n<h2>3. <strong>Caracter\u00edsticas principales de la m\u00e1quina de ensayos de resistencia a la tracci\u00f3n ASTM D882<\/strong><\/h2>\n<p>La m\u00e1quina de ensayos de resistencia a la tracci\u00f3n est\u00e1 repleta de funciones que mejoran su facilidad de uso y precisi\u00f3n:<\/p>\n<ul>\n<li><strong>Pantalla t\u00e1ctil HMI de 7 pulgadas<\/strong>: La interfaz intuitiva permite un manejo sencillo y un control preciso de los par\u00e1metros de ensayo.<\/li>\n<li><strong>Sistema de control PLC<\/strong>: Garantiza operaciones de prueba eficientes, estables y fiables.<\/li>\n<li><strong>Husillo de bolas de precisi\u00f3n<\/strong>: Proporciona resultados precisos y coherentes durante el ensayo de resistencia a la tracci\u00f3n.<\/li>\n<li><strong>Velocidad de prueba ajustable<\/strong>: Permite a los usuarios personalizar la velocidad de prueba para satisfacer los requisitos espec\u00edficos del material.<\/li>\n<li><strong>Compatibilidad con varias luminarias<\/strong>: La m\u00e1quina puede equiparse con diferentes mordazas y fijaciones, lo que la hace vers\u00e1til para diversos tipos de material.<\/li>\n<li><strong>Dispositivo limitador y funci\u00f3n de retorno autom\u00e1tico<\/strong>: Estas caracter\u00edsticas ayudan a proteger la probeta y la m\u00e1quina durante el ensayo, al tiempo que agilizan la operaci\u00f3n.<\/li>\n<li><strong>Microimpresora opcional<\/strong>: Los usuarios pueden optar por incluir una microimpresora para la impresi\u00f3n instant\u00e1nea de los resultados de las pruebas.<\/li>\n<\/ul>\n<p>Estas caracter\u00edsticas hacen de la m\u00e1quina una opci\u00f3n ideal para los fabricantes que buscan realizar ensayos de resistencia a la tracci\u00f3n consistentes y fiables.<\/p>\n<h2>4. <strong>M\u00e9todos de ensayo de ASTM D882<\/strong><\/h2>\n<div class=\"ast-oembed-container\" style=\"height: 100%;\"><iframe title=\"Probador de tracci\u00f3n ASTM D882 para materiales flexibles modelo TST-01 Ensayo de resistencia a la elongaci\u00f3n por pelado\" width=\"500\" height=\"281\" src=\"https:\/\/www.youtube.com\/embed\/DVxj_f6DNmI?feature=oembed\" frameborder=\"0\" allow=\"accelerometer; autoplay; clipboard-write; encrypted-media; gyroscope; picture-in-picture; web-share\" referrerpolicy=\"strict-origin-when-cross-origin\" allowfullscreen><\/iframe><\/div>\n<h3><strong>Resumen del procedimiento de prueba<\/strong><\/h3>\n<p>El ensayo de resistencia a la tracci\u00f3n ASTM D882 sigue un procedimiento est\u00e1ndar para garantizar resultados coherentes. He aqu\u00ed un resumen de los pasos clave:<\/p>\n<ol>\n<li><strong>Preparaci\u00f3n de la muestra<\/strong>: Se cortan pel\u00edculas finas de pl\u00e1stico a un tama\u00f1o espec\u00edfico seg\u00fan las normas ASTM D882. Normalmente, la probeta tiene 25 mm de ancho y la longitud suficiente para garantizar mediciones precisas.<\/li>\n<li><strong>Montaje de la muestra<\/strong>: La probeta preparada se monta entre dos mordazas del tensi\u00f3metro, con una de ellas fija y la otra movi\u00e9ndose a velocidad controlada.<\/li>\n<li><strong>Aplicar la fuerza<\/strong>: La m\u00e1quina aplica una fuerza de tracci\u00f3n uniaxial hasta que la probeta falla. Durante este proceso, registra la resistencia a la tracci\u00f3n, el alargamiento, el l\u00edmite el\u00e1stico y el m\u00f3dulo de elasticidad.<\/li>\n<\/ol>\n<h3><strong>Par\u00e1metros de medici\u00f3n<\/strong><\/h3>\n<ul>\n<li><strong>Resistencia a la tracci\u00f3n<\/strong>: La tensi\u00f3n m\u00e1xima que puede soportar un material antes de romperse.<\/li>\n<li><strong>L\u00edmite el\u00e1stico<\/strong>: Tensi\u00f3n a la que un material comienza a deformarse pl\u00e1sticamente.<\/li>\n<li><strong>Alargamiento de rotura<\/strong>: La cantidad de tensi\u00f3n (estiramiento) que sufre el material antes de romperse.<\/li>\n<li><strong>M\u00f3dulo de elasticidad<\/strong>: Este valor representa la rigidez del material, calculada dividiendo la tensi\u00f3n por la deformaci\u00f3n en la regi\u00f3n el\u00e1stica de la curva tensi\u00f3n-deformaci\u00f3n.<\/li>\n<\/ul>\n<h2>5. <strong>Descripci\u00f3n del ensayo de resistencia a la tracci\u00f3n del pl\u00e1stico en ASTM D882<\/strong><\/h2>\n<h3><strong>Finalidad de los ensayos de tracci\u00f3n de pl\u00e1sticos<\/strong><\/h3>\n<p>Las pruebas de resistencia a la tracci\u00f3n son cruciales para <strong>materiales pl\u00e1sticos<\/strong> porque permite saber c\u00f3mo se comportar\u00e1 el material bajo tensi\u00f3n. En industrias como la del envasado, donde las pel\u00edculas de pl\u00e1stico se utilizan para proteger los productos, conocer las propiedades de tracci\u00f3n ayuda a los fabricantes a garantizar que el material no fallar\u00e1 durante su uso.<\/p>\n<h3><strong>Importancia de la norma ASTM D882 en el control de calidad<\/strong><\/h3>\n<p>La norma ASTM D882 garantiza que los materiales cumplen unos requisitos espec\u00edficos de resistencia y durabilidad. Esta norma es vital para los fabricantes que deseen fabricar productos fiables y de alto rendimiento. Por ejemplo:<\/p>\n<ul>\n<li><strong>En el envasado de alimentos<\/strong>, Las pruebas de tracci\u00f3n ayudan a confirmar que la pel\u00edcula de pl\u00e1stico puede soportar los rigores del transporte sin desgarrarse ni perder su integridad.<\/li>\n<li><strong>En productos sanitarios<\/strong>, las pruebas de resistencia a la tracci\u00f3n garantizan que los materiales de envasado protegen el contenido est\u00e9ril durante el env\u00edo y el almacenamiento.<\/li>\n<\/ul>\n<h3><strong>Ventajas del uso de la m\u00e1quina de ensayos de resistencia a la tracci\u00f3n ASTM D882<\/strong><\/h3>\n<ul>\n<li><strong>Cumplimiento de las normas internacionales<\/strong>: El uso de este tensi\u00f3metro garantiza que los fabricantes cumplan los requisitos de la norma ASTM D882, lo que hace que sus productos sean m\u00e1s cre\u00edbles y aceptables en los mercados mundiales.<\/li>\n<li><strong>Mejora del dise\u00f1o de los productos<\/strong>: Al conocer los l\u00edmites de los materiales, los fabricantes pueden ajustar las f\u00f3rmulas para mejorar el rendimiento y la durabilidad de sus productos.<\/li>\n<li><strong>Mayor eficacia<\/strong>: Las funciones automatizadas de la m\u00e1quina reducen el tiempo de operaci\u00f3n manual y mejoran el proceso general de ensayo.<\/li>\n<\/ul>\n<h2><strong>6. \u00bfPor qu\u00e9 elegir la m\u00e1quina de ensayos de resistencia a la tracci\u00f3n D882 de Cell Instruments?<\/strong><\/h2>\n<p>Cell Instruments ofrece un s\u00f3lido <strong>M\u00e1quina de ensayo de resistencia a la tracci\u00f3n ASTM D882<\/strong> dise\u00f1ado para cumplir los m\u00e1s altos est\u00e1ndares de la industria. Con capacidades de medici\u00f3n precisas, opciones de personalizaci\u00f3n y facilidad de uso, este medidor de tracci\u00f3n destaca como la soluci\u00f3n perfecta para los fabricantes que buscan mejorar sus procesos de ensayo de materiales.<\/p>\n<p>Para obtener m\u00e1s informaci\u00f3n sobre c\u00f3mo nuestra m\u00e1quina de ensayos de resistencia a la tracci\u00f3n ASTM D882 puede ayudarle en su proceso de producci\u00f3n, o para consultar las opciones de personalizaci\u00f3n, p\u00f3ngase en contacto con nosotros hoy mismo.<\/p>\n<h3><strong>Preguntas frecuentes<\/strong><\/h3>\n<ol>\n<li><strong>\u00bfQu\u00e9 tipos de materiales puede probar la m\u00e1quina de ensayos de resistencia a la tracci\u00f3n?<\/strong><br \/>\nLa m\u00e1quina est\u00e1 dise\u00f1ada para probar pel\u00edculas y l\u00e1minas de pl\u00e1stico finas, normalmente con un grosor inferior a 1,0 mm.<\/li>\n<li><strong>\u00bfEn qu\u00e9 se diferencia la norma ASTM D882 de otras normas de resistencia a la tracci\u00f3n?<\/strong><br \/>\nLa norma ASTM D882 se centra espec\u00edficamente en las pel\u00edculas finas de pl\u00e1stico, mientras que otras normas pueden aplicarse a distintos tipos de materiales, como metales o pl\u00e1sticos m\u00e1s gruesos.<\/li>\n<li><strong>\u00bfPor qu\u00e9 son importantes los ensayos de resistencia a la tracci\u00f3n para los materiales de envasado?<\/strong><br \/>\nLas pruebas de resistencia a la tracci\u00f3n garantizan que los materiales de envasado puedan soportar sin romperse las tensiones a las que se ven sometidos durante el transporte y la manipulaci\u00f3n.<\/li>\n<li><strong>\u00bfSe puede personalizar la m\u00e1quina para requisitos de prueba espec\u00edficos?<\/strong><br \/>\nS\u00ed, Cell Instruments ofrece opciones de personalizaci\u00f3n para satisfacer las necesidades de ensayo espec\u00edficas de diversos sectores.<\/li>\n<li><strong>\u00bfQu\u00e9 funciones adicionales ofrece esta m\u00e1quina?<\/strong><br \/>\nEntre las funciones opcionales se incluyen una microimpresora para la impresi\u00f3n inmediata de los resultados y la compatibilidad con varios dispositivos para realizar pruebas vers\u00e1tiles.<\/li>\n<\/ol>\n<h2>Art\u00edculos relacionados<\/h2>\n<p>&nbsp;<\/p>","protected":false},"excerpt":{"rendered":"<p>El <strong>M\u00e1quina de ensayo de resistencia a la tracci\u00f3n ASTM D882<\/strong> es un instrumento especializado dise\u00f1ado para medir las propiedades de tracci\u00f3n de pel\u00edculas y l\u00e1minas delgadas de pl\u00e1stico.<\/p>","protected":false},"featured_media":0,"comment_status":"closed","ping_status":"closed","template":"","meta":{"site-sidebar-layout":"default","site-content-layout":"default","ast-global-header-display":"","ast-main-header-display":"","ast-hfb-above-header-display":"","ast-hfb-below-header-display":"","ast-hfb-mobile-header-display":"","site-post-title":"","ast-breadcrumbs-content":"","ast-featured-img":"","footer-sml-layout":"","theme-transparent-header-meta":"default","adv-header-id-meta":"","stick-header-meta":"","header-above-stick-meta":"","header-main-stick-meta":"","header-below-stick-meta":""},"product_cat":[845,679,672,16,99,110,95],"product_tag":[],"class_list":{"0":"post-4677","1":"product","2":"type-product","3":"status-publish","5":"product_cat-customization","6":"product_cat-tensile-tester","7":"product_cat-applied-materials","8":"product_cat-plastic-packaging-testers","9":"product_cat-astm","10":"product_cat-astm-d882","11":"product_cat-products","12":"desktop-align-left","13":"tablet-align-left","14":"mobile-align-left","16":"first","17":"instock","18":"shipping-taxable","19":"product-type-simple"},"_links":{"self":[{"href":"https:\/\/www.qualitester.com\/es\/wp-json\/wp\/v2\/product\/4677","targetHints":{"allow":["GET"]}}],"collection":[{"href":"https:\/\/www.qualitester.com\/es\/wp-json\/wp\/v2\/product"}],"about":[{"href":"https:\/\/www.qualitester.com\/es\/wp-json\/wp\/v2\/types\/product"}],"replies":[{"embeddable":true,"href":"https:\/\/www.qualitester.com\/es\/wp-json\/wp\/v2\/comments?post=4677"}],"version-history":[{"count":0,"href":"https:\/\/www.qualitester.com\/es\/wp-json\/wp\/v2\/product\/4677\/revisions"}],"wp:attachment":[{"href":"https:\/\/www.qualitester.com\/es\/wp-json\/wp\/v2\/media?parent=4677"}],"wp:term":[{"taxonomy":"product_cat","embeddable":true,"href":"https:\/\/www.qualitester.com\/es\/wp-json\/wp\/v2\/product_cat?post=4677"},{"taxonomy":"product_tag","embeddable":true,"href":"https:\/\/www.qualitester.com\/es\/wp-json\/wp\/v2\/product_tag?post=4677"}],"curies":[{"name":"wp","href":"https:\/\/api.w.org\/{rel}","templated":true}]}}