{"id":4162,"date":"2024-04-15T16:39:45","date_gmt":"2024-04-15T08:39:45","guid":{"rendered":"https:\/\/www.qualitester.com\/?post_type=product&#038;p=4162"},"modified":"2024-12-05T13:03:46","modified_gmt":"2024-12-05T05:03:46","slug":"medical-needle-puncture-tester","status":"publish","type":"product","link":"https:\/\/www.qualitester.com\/es\/producto\/medical-needle-puncture-tester\/","title":{"rendered":"Probador de punci\u00f3n con aguja NPT-01"},"content":{"rendered":"<h2>Introducci\u00f3n del comprobador de punci\u00f3n con aguja m\u00e9dica NPT-01<\/h2>\n<p>En el \u00e1mbito de las pruebas de dispositivos m\u00e9dicos, la precisi\u00f3n y la fiabilidad son muy importantes. Cell Instruments, un fabricante avanzado de instrumentos de prueba de materiales, presenta una soluci\u00f3n en seguridad m\u00e9dica: el <strong>Comprobador de punci\u00f3n con aguja m\u00e9dica<\/strong>Dise\u00f1ado para satisfacer las rigurosas demandas de la industria m\u00e9dica, este dispositivo de vanguardia garantiza la integridad y seguridad de las agujas m\u00e9dicas durante su uso, mejorando la atenci\u00f3n al paciente y la confianza en los procedimientos m\u00e9dicos.<\/p>\n<h2>\u00bfPor qu\u00e9 elegir el comprobador de punci\u00f3n con agujas m\u00e9dicas NPT-01?<\/h2>\n<p>El comprobador de punci\u00f3n con aguja m\u00e9dica se destaca como una herramienta indispensable para los fabricantes de dispositivos m\u00e9dicos, agencias de inspecci\u00f3n de calidad e instalaciones de atenci\u00f3n m\u00e9dica por igual. Estos son los beneficios que aporta el comprobador de punci\u00f3n con aguja m\u00e9dica:<\/p>\n<p><img fetchpriority=\"high\" decoding=\"async\" class=\"wp-image-4166 size-woocommerce_single aligncenter\" src=\"https:\/\/www.qualitester.com\/wp-content\/uploads\/2024\/04\/usp-381-needle-puncture-tester-600x600.jpg\" alt=\"Comprobador de punci\u00f3n con aguja USP 381\" width=\"600\" height=\"600\" srcset=\"https:\/\/www.qualitester.com\/wp-content\/uploads\/2024\/04\/usp-381-needle-puncture-tester-600x600.jpg 600w, https:\/\/www.qualitester.com\/wp-content\/uploads\/2024\/04\/usp-381-needle-puncture-tester-300x300.jpg 300w, https:\/\/www.qualitester.com\/wp-content\/uploads\/2024\/04\/usp-381-needle-puncture-tester-150x150.jpg 150w, https:\/\/www.qualitester.com\/wp-content\/uploads\/2024\/04\/usp-381-needle-puncture-tester-100x100.jpg 100w, https:\/\/www.qualitester.com\/wp-content\/uploads\/2024\/04\/usp-381-needle-puncture-tester.jpg 750w\" sizes=\"(max-width: 600px) 100vw, 600px\" \/><\/p>\n<h3>1. Control de calidad<\/h3>\n<p>Cumpliendo con las estrictas normas del sector de dispositivos m\u00e9dicos, para garantizar la fiabilidad y seguridad de las agujas m\u00e9dicas, el comprobador de punciones con agujas m\u00e9dicas permite a las empresas cumplir con los est\u00e1ndares de la industria y mantener una calidad de primer nivel.<\/p>\n<h3>2. Examen preciso<\/h3>\n<p>La precisi\u00f3n es de suma importancia en el diagn\u00f3stico y la terapia m\u00e9dica. La adopci\u00f3n de este dispositivo de prueba avanzado permite realizar evaluaciones de punci\u00f3n meticulosas en agujas m\u00e9dicas, lo que garantiza una funcionalidad m\u00e1xima y reduce la probabilidad de accidentes durante los procedimientos m\u00e9dicos.<\/p>\n<h2>Funciones principales<\/h2>\n<p><img decoding=\"async\" class=\"wp-image-4165 size-woocommerce_single aligncenter\" src=\"https:\/\/www.qualitester.com\/wp-content\/uploads\/2024\/04\/medical-needle-puncture-tester-600x600.jpg\" alt=\"Comprobador de punci\u00f3n con aguja m\u00e9dica\" width=\"600\" height=\"600\" srcset=\"https:\/\/www.qualitester.com\/wp-content\/uploads\/2024\/04\/medical-needle-puncture-tester-600x600.jpg 600w, https:\/\/www.qualitester.com\/wp-content\/uploads\/2024\/04\/medical-needle-puncture-tester-300x300.jpg 300w, https:\/\/www.qualitester.com\/wp-content\/uploads\/2024\/04\/medical-needle-puncture-tester-150x150.jpg 150w, https:\/\/www.qualitester.com\/wp-content\/uploads\/2024\/04\/medical-needle-puncture-tester-100x100.jpg 100w, https:\/\/www.qualitester.com\/wp-content\/uploads\/2024\/04\/medical-needle-puncture-tester.jpg 750w\" sizes=\"(max-width: 600px) 100vw, 600px\" \/><\/p>\n<h3>1. Aplicaci\u00f3n del comprobador de resistencia a la perforaci\u00f3n con aguja<\/h3>\n<p>Este comprobador est\u00e1 dise\u00f1ado espec\u00edficamente para evaluar la resistencia a la perforaci\u00f3n de <strong>agujas medicas<\/strong>, incluyendo pero no limitado a <strong>agujas hipod\u00e9rmicas<\/strong>, i<strong>agujas de inyecci\u00f3n<\/strong>, <strong>agujas de acupuntura<\/strong>, y <strong>agujas de biopsia<\/strong>Su versatilidad permite realizar pruebas exhaustivas en varios tipos y tama\u00f1os de agujas, lo que garantiza una evaluaci\u00f3n exhaustiva del rendimiento del producto.<\/p>\n<h3>2. \u00bfQu\u00e9 beneficios se pueden obtener?<\/h3>\n<p>Al utilizar el comprobador de punci\u00f3n con aguja m\u00e9dica, los usuarios pueden obtener varios beneficios notables:<\/p>\n<ul>\n<li>Seguridad mejorada: esta herramienta prioriza la seguridad del paciente y ayuda a detectar cualquier problema o falla en las agujas m\u00e9dicas, reduciendo la posibilidad de que las agujas se rompan o no funcionen correctamente durante los procedimientos m\u00e9dicos.<\/li>\n<li>Cumplimiento de normas: en un campo cada vez m\u00e1s regulado, es fundamental cumplir con normas estrictas. Este comprobador facilita el cumplimiento de las normas y est\u00e1ndares, lo que evita posibles problemas legales y mantiene la fiabilidad del producto.<\/li>\n<li>Ahorro de costes: la detecci\u00f3n temprana de problemas con las agujas mediante pruebas exhaustivas permite ahorrar dinero a las empresas. Reduce el riesgo de tener que retirar productos del mercado, enfrentarse a demandas judiciales y da\u00f1ar su reputaci\u00f3n.<\/li>\n<\/ul>\n<h2>C\u00f3mo utilizar el comprobador de punci\u00f3n con aguja m\u00e9dica NPT-01<\/h2>\n<h3>1. Proceso de operaci\u00f3n<\/h3>\n<p>Los ingenieros implementaron una interfaz de interacci\u00f3n hombre-computadora f\u00e1cil de operar a trav\u00e9s de la unidad de control PLC. Por lo tanto, el funcionamiento del comprobador de punci\u00f3n con aguja m\u00e9dica es muy simple:<\/p>\n<ol>\n<li>Asegure la muestra de la aguja m\u00e9dica y las muestras perforadas en el dispositivo designado.<\/li>\n<li>Ajuste los par\u00e1metros de prueba, incluida la fuerza de punci\u00f3n y la velocidad, para alinearlos con los requisitos de prueba espec\u00edficos.<\/li>\n<li>Inicie el proceso de prueba, permitiendo que el dispositivo eval\u00fae la resistencia a la punci\u00f3n de la aguja.<\/li>\n<li>Evaluar los resultados de la prueba para determinar el rendimiento de la aguja e identificar cualquier desviaci\u00f3n de los est\u00e1ndares esperados.<\/li>\n<\/ol>\n<h3>2. Referencia en video sobre el comprobador de punci\u00f3n con aguja m\u00e9dica NPT-01<\/h3>\n<div class=\"ast-oembed-container\" style=\"height: 100%;\"><iframe title=\"Prueba de punci\u00f3n con aguja de jeringa m\u00e9dica | Personalizaci\u00f3n de instrumentos de prueba\" width=\"500\" height=\"281\" src=\"https:\/\/www.youtube.com\/embed\/6D2saICCxCA?feature=oembed\" frameborder=\"0\" allow=\"accelerometer; autoplay; clipboard-write; encrypted-media; gyroscope; picture-in-picture; web-share\" referrerpolicy=\"strict-origin-when-cross-origin\" allowfullscreen><\/iframe><\/div>\n<h2>Aplicaciones comunes<\/h2>\n<p>La versatilidad del comprobador de punci\u00f3n con aguja m\u00e9dica lo hace indispensable en diversas aplicaciones dentro de la industria m\u00e9dica:<\/p>\n<ul>\n<li>Control de calidad en la fabricaci\u00f3n: Los fabricantes de dispositivos m\u00e9dicos conf\u00edan en este probador para realizar evaluaciones de calidad exhaustivas de las agujas m\u00e9dicas, garantizando el cumplimiento de los est\u00e1ndares regulatorios y manteniendo la excelencia del producto.<\/li>\n<li>Investigaci\u00f3n y desarrollo: En la b\u00fasqueda de la innovaci\u00f3n, los investigadores aprovechan el probador para evaluar nuevos dise\u00f1os y materiales de agujas, mejorando la eficacia y la seguridad de los dispositivos m\u00e9dicos.<\/li>\n<\/ul>\n<p><img decoding=\"async\" class=\"wp-image-4164 size-woocommerce_single aligncenter\" src=\"https:\/\/www.qualitester.com\/wp-content\/uploads\/2024\/04\/NPT-01-needle-puncture-tester-600x600.jpg\" alt=\"Probador de punci\u00f3n con aguja NPT-01\" width=\"600\" height=\"600\" srcset=\"https:\/\/www.qualitester.com\/wp-content\/uploads\/2024\/04\/NPT-01-needle-puncture-tester-600x600.jpg 600w, https:\/\/www.qualitester.com\/wp-content\/uploads\/2024\/04\/NPT-01-needle-puncture-tester-300x300.jpg 300w, https:\/\/www.qualitester.com\/wp-content\/uploads\/2024\/04\/NPT-01-needle-puncture-tester-150x150.jpg 150w, https:\/\/www.qualitester.com\/wp-content\/uploads\/2024\/04\/NPT-01-needle-puncture-tester-100x100.jpg 100w, https:\/\/www.qualitester.com\/wp-content\/uploads\/2024\/04\/NPT-01-needle-puncture-tester.jpg 750w\" sizes=\"(max-width: 600px) 100vw, 600px\" \/><\/p>\n<h2>Par\u00e1metro principal<\/h2>\n<table style=\"height: 262px;\" width=\"429\">\n<tbody>\n<tr>\n<td width=\"181\">Campo de pruebas<\/td>\n<td width=\"284\">0~200 N (o seg\u00fan sea necesario)<\/td>\n<\/tr>\n<tr>\n<td>Ataque<\/td>\n<td>200 mm (sin abrazadera)<\/td>\n<\/tr>\n<tr>\n<td>Velocidad<\/td>\n<td>1~500 mm\/min (o seg\u00fan sea necesario)<\/td>\n<\/tr>\n<tr>\n<td>Precisi\u00f3n de desplazamiento<\/td>\n<td>0,01 mm<\/td>\n<\/tr>\n<tr>\n<td>Exactitud<\/td>\n<td>0,5% FS<\/td>\n<\/tr>\n<tr>\n<td>Producci\u00f3n<\/td>\n<td>Pantalla, microimpresora, RS232 (opcional)<\/td>\n<\/tr>\n<tr>\n<td>Fuerza<\/td>\n<td>110 ~ 220 V 50\/60 Hz<\/td>\n<\/tr>\n<\/tbody>\n<\/table>\n<h2>Proceso de fabricaci\u00f3n<\/h2>\n<p>&nbsp;<\/p>\n<h2>Soporte de preventa<\/h2>\n<p>&nbsp;<\/p>\n<h2>Servicio postventa<\/h2>\n<p>&nbsp;<\/p>\n<p><img loading=\"lazy\" decoding=\"async\" class=\"wp-image-4163 size-woocommerce_single aligncenter\" src=\"https:\/\/www.qualitester.com\/wp-content\/uploads\/2024\/04\/needle-puncture-resistance-test-600x600.jpg\" alt=\"Prueba de resistencia a la punci\u00f3n con aguja\" width=\"600\" height=\"600\" srcset=\"https:\/\/www.qualitester.com\/wp-content\/uploads\/2024\/04\/needle-puncture-resistance-test-600x600.jpg 600w, https:\/\/www.qualitester.com\/wp-content\/uploads\/2024\/04\/needle-puncture-resistance-test-300x300.jpg 300w, https:\/\/www.qualitester.com\/wp-content\/uploads\/2024\/04\/needle-puncture-resistance-test-150x150.jpg 150w, https:\/\/www.qualitester.com\/wp-content\/uploads\/2024\/04\/needle-puncture-resistance-test-100x100.jpg 100w, https:\/\/www.qualitester.com\/wp-content\/uploads\/2024\/04\/needle-puncture-resistance-test.jpg 750w\" sizes=\"(max-width: 600px) 100vw, 600px\" \/><\/p>\n<h2>Norma principal<\/h2>\n<p><a href=\"https:\/\/www.uspnf.com\/sites\/default\/files\/usp_pdf\/EN\/USPNF\/revisions\/381_elastomeric_closure_for_injections_rb_notice.pdf\" target=\"_blank\" rel=\"noopener nofollow\">USP 381<\/a><\/p>\n<p><a href=\"https:\/\/www.iso.org\/standard\/68560.html\" target=\"_blank\" rel=\"noopener nofollow\">ISO 8871-5<\/a><\/p>\n<h2>Art\u00edculo recomendado<\/h2>\n<p><span style=\"text-decoration: underline;\"><span style=\"color: #99ccff; text-decoration: underline;\"><a style=\"color: #99ccff; text-decoration: underline;\" title=\"Prueba de resistencia a la punci\u00f3n con aguja\" href=\"https:\/\/www.qualitester.com\/es\/3-reasons-to-test-needle-puncture-resistance\/\" target=\"_blank\" rel=\"noopener\">3 razones para probar la resistencia a la punci\u00f3n con agujas<\/a><\/span><\/span><\/p>\n<p><span style=\"text-decoration: underline;\"><span style=\"color: #99ccff; text-decoration: underline;\"><a class=\"row-title\" style=\"color: #99ccff; text-decoration: underline;\" href=\"https:\/\/www.qualitester.com\/es\/what-is-penetrability-testing-iso-8871-5\/\" target=\"_blank\" rel=\"noopener\" aria-label=\"\u300c\u00bfQu\u00e9 son las pruebas de penetrabilidad? | ISO 8871-5\u300d\uff08\u7f16\u8f91\uff09\">\u00bfQu\u00e9 son las pruebas de penetraci\u00f3n? | ISO 8871-5<\/a><\/span><\/span><\/p>\n<p><span style=\"text-decoration: underline;\"><span style=\"color: #99ccff; text-decoration: underline;\"><a class=\"row-title\" style=\"color: #99ccff; text-decoration: underline;\" href=\"https:\/\/www.qualitester.com\/es\/penetrability-tester-for-vial-stopper-iso-8871-5\/\" target=\"_blank\" rel=\"noopener\" aria-label=\"\u300cProbador de penetrabilidad para tapones de viales | ISO 8871-5\u300d (versi\u00f3n en ingl\u00e9s)\">Comprobador de penetrabilidad para tapones de viales | ISO 8871-5<\/a><\/span><\/span><\/p>\n<p><span style=\"text-decoration: underline;\"><span style=\"color: #99ccff; text-decoration: underline;\"><a class=\"row-title\" style=\"color: #99ccff; text-decoration: underline;\" href=\"https:\/\/www.qualitester.com\/es\/needle-penetrability-tester-for-vial-stopper\/\" aria-label=\"\u300cProbador de penetrabilidad de agujas para tapones de viales | ISO 8871-5\u300d (Etiqueta\uff09\">Comprobador de penetrabilidad de agujas para tapones de viales | ISO 8871-5<\/a><\/span><\/span><\/p>\n<p><span style=\"text-decoration: underline;\"><span style=\"color: #99ccff; text-decoration: underline;\"><a class=\"row-title\" style=\"color: #99ccff; text-decoration: underline;\" href=\"https:\/\/www.qualitester.com\/es\/needle-penetration-test-equipment\/\" target=\"_blank\" rel=\"noopener\" aria-label=\"\u300cEl mejor equipo de prueba de penetraci\u00f3n de aguja seg\u00fan ISO 8771-5\u300d (Fotograf\u00eda)\">El mejor equipo de prueba de penetraci\u00f3n de aguja ISO 8771-5<\/a><\/span><\/span><\/p>\n<p><span style=\"text-decoration: underline;\"><span style=\"color: #99ccff; text-decoration: underline;\"><a class=\"row-title\" style=\"color: #99ccff; text-decoration: underline;\" href=\"https:\/\/www.qualitester.com\/es\/penetration-force-tester-to-meet-iso-8871-5\/\" target=\"_blank\" rel=\"noopener\" aria-label=\"\u300cC\u00f3mo utilizar el comprobador de fuerza de penetraci\u00f3n para cumplir con la norma ISO 8871-5\u300d (p\u00e1gina 1)\">C\u00f3mo utilizar el comprobador de fuerza de penetraci\u00f3n para cumplir con la norma ISO 8871-5<\/a><\/span><\/span><\/p>\n<p><span style=\"text-decoration: underline;\"><span style=\"color: #99ccff; text-decoration: underline;\"><a class=\"row-title\" style=\"color: #99ccff; text-decoration: underline;\" href=\"https:\/\/www.qualitester.com\/es\/needle-penetration-test-for-vial-stopper\/\" aria-label=\"\u00abPrueba de penetraci\u00f3n de aguja para el control de calidad de tapones de viales seg\u00fan norma ISO 8871-5\u00bb (p\u00e1gina 1)\">Prueba de penetraci\u00f3n de aguja para el control de calidad de tapones de viales ISO 8871-5<\/a><\/span><\/span><\/p>\n<p><span style=\"text-decoration: underline;\"><span style=\"color: #99ccff; text-decoration: underline;\"><a class=\"row-title\" style=\"color: #99ccff; text-decoration: underline;\" href=\"https:\/\/www.qualitester.com\/es\/rubber-stoppers-needle-penetration-test-method\/\" aria-label=\"M\u00e9todo de prueba de penetraci\u00f3n de aguja para tapones de caucho\">M\u00e9todo de prueba de penetraci\u00f3n de aguja para tapones de caucho<\/a><\/span><\/span><\/p>\n<div id=\"gtx-anchor\" style=\"position: absolute; visibility: hidden; left: 20px; top: 5443.94px; width: 80.4062px; height: 64.7031px;\"><\/div>\n<div class=\"jfk-bubble gtx-bubble\" style=\"visibility: visible; left: 45px; top: 5276px; opacity: 1;\" role=\"alertdialog\" aria-describedby=\"bubble-7\">\n<div id=\"bubble-7\" class=\"jfk-bubble-content-id\">\n<div id=\"gtx-host\" style=\"min-width: 200px; max-width: 400px;\"><\/div>\n<\/div>\n<div class=\"jfk-bubble-closebtn-id jfk-bubble-closebtn\" tabindex=\"0\" role=\"button\" aria-label=\"Cerca\"><\/div>\n<div class=\"jfk-bubble-arrow-id jfk-bubble-arrow jfk-bubble-arrowdown\" style=\"left: 60px;\">\n<div class=\"jfk-bubble-arrowimplbefore\"><\/div>\n<div class=\"jfk-bubble-arrowimplafter\"><\/div>\n<\/div>\n<\/div>","protected":false},"excerpt":{"rendered":"<p>El probador de punci\u00f3n de aguja est\u00e1 dise\u00f1ado para evaluar la resistencia a la punci\u00f3n de diferentes tipos de agujas m\u00e9dicas, incluidas agujas hipod\u00e9rmicas, agujas de inyecci\u00f3n, etc.<\/p>","protected":false},"featured_media":6226,"comment_status":"closed","ping_status":"closed","template":"","meta":{"site-sidebar-layout":"default","site-content-layout":"default","ast-global-header-display":"","ast-main-header-display":"","ast-hfb-above-header-display":"","ast-hfb-below-header-display":"","ast-hfb-mobile-header-display":"","site-post-title":"","ast-breadcrumbs-content":"","ast-featured-img":"","footer-sml-layout":"","theme-transparent-header-meta":"default","adv-header-id-meta":"","stick-header-meta":"","header-above-stick-meta":"","header-main-stick-meta":"","header-below-stick-meta":""},"product_cat":[958,845,1038,1158,672,149,100,95],"product_tag":[1036,1028,1031,1033],"class_list":{"0":"post-4162","1":"product","2":"type-product","3":"status-publish","4":"has-post-thumbnail","6":"product_cat-puncture-tester","7":"product_cat-customization","8":"product_cat-iso-8871-5","9":"product_cat-usp-381","10":"product_cat-applied-materials","11":"product_cat-pharma-and-medical-testers","12":"product_cat-iso","13":"product_cat-products","14":"product_tag-iso-8871-5","15":"product_tag-needle-puncture-testesr","16":"product_tag-penetrability-tester","17":"product_tag-usp-381","18":"desktop-align-left","19":"tablet-align-left","20":"mobile-align-left","22":"first","23":"instock","24":"featured","25":"shipping-taxable","26":"product-type-simple"},"_links":{"self":[{"href":"https:\/\/www.qualitester.com\/es\/wp-json\/wp\/v2\/product\/4162","targetHints":{"allow":["GET"]}}],"collection":[{"href":"https:\/\/www.qualitester.com\/es\/wp-json\/wp\/v2\/product"}],"about":[{"href":"https:\/\/www.qualitester.com\/es\/wp-json\/wp\/v2\/types\/product"}],"replies":[{"embeddable":true,"href":"https:\/\/www.qualitester.com\/es\/wp-json\/wp\/v2\/comments?post=4162"}],"version-history":[{"count":0,"href":"https:\/\/www.qualitester.com\/es\/wp-json\/wp\/v2\/product\/4162\/revisions"}],"wp:featuredmedia":[{"embeddable":true,"href":"https:\/\/www.qualitester.com\/es\/wp-json\/wp\/v2\/media\/6226"}],"wp:attachment":[{"href":"https:\/\/www.qualitester.com\/es\/wp-json\/wp\/v2\/media?parent=4162"}],"wp:term":[{"taxonomy":"product_cat","embeddable":true,"href":"https:\/\/www.qualitester.com\/es\/wp-json\/wp\/v2\/product_cat?post=4162"},{"taxonomy":"product_tag","embeddable":true,"href":"https:\/\/www.qualitester.com\/es\/wp-json\/wp\/v2\/product_tag?post=4162"}],"curies":[{"name":"wp","href":"https:\/\/api.w.org\/{rel}","templated":true}]}}