{"id":3479,"date":"2023-08-18T15:30:54","date_gmt":"2023-08-18T07:30:54","guid":{"rendered":"https:\/\/www.qualitester.com\/?post_type=product&#038;p=3479"},"modified":"2024-12-05T13:08:14","modified_gmt":"2024-12-05T05:08:14","slug":"why-measuring-bottle-perpendicularity-is-important%ef%bc%9f","status":"publish","type":"product","link":"https:\/\/www.qualitester.com\/es\/producto\/why-measuring-bottle-perpendicularity-is-important%ef%bc%9f\/","title":{"rendered":"Por qu\u00e9 es importante medir la perpendicularidad de la botella\uff1f"},"content":{"rendered":"<div data-elementor-type=\"wp-post\" data-elementor-id=\"3479\" class=\"elementor elementor-3479\" data-elementor-post-type=\"product\">\n\t\t\t\t<div class=\"elementor-element elementor-element-9d5153d e-flex e-con-boxed e-con e-parent\" data-id=\"9d5153d\" data-element_type=\"container\">\n\t\t\t\t\t<div class=\"e-con-inner\">\n\t\t<div class=\"elementor-element elementor-element-f4c628b e-con-full e-flex e-con e-parent\" data-id=\"f4c628b\" data-element_type=\"container\">\n\t\t\t\t<div class=\"elementor-element elementor-element-8578d6e elementor-widget elementor-widget-image\" data-id=\"8578d6e\" data-element_type=\"widget\" data-widget_type=\"image.default\">\n\t\t\t\t<div class=\"elementor-widget-container\">\n\t\t\t\t\t\t\t\t\t\t\t\t\t<img fetchpriority=\"high\" decoding=\"async\" width=\"750\" height=\"750\" src=\"https:\/\/www.qualitester.com\/wp-content\/uploads\/2023\/04\/PER-01-Perpendicularity-Teste.jpg\" class=\"attachment-large size-large wp-image-1777\" alt=\"perpendicularidad de la botella\" srcset=\"https:\/\/www.qualitester.com\/wp-content\/uploads\/2023\/04\/PER-01-Perpendicularity-Teste.jpg 750w, https:\/\/www.qualitester.com\/wp-content\/uploads\/2023\/04\/PER-01-Perpendicularity-Teste-300x300.jpg 300w, https:\/\/www.qualitester.com\/wp-content\/uploads\/2023\/04\/PER-01-Perpendicularity-Teste-150x150.jpg 150w, https:\/\/www.qualitester.com\/wp-content\/uploads\/2023\/04\/PER-01-Perpendicularity-Teste-600x600.jpg 600w, https:\/\/www.qualitester.com\/wp-content\/uploads\/2023\/04\/PER-01-Perpendicularity-Teste-100x100.jpg 100w\" sizes=\"(max-width: 750px) 100vw, 750px\" \/>\t\t\t\t\t\t\t\t\t\t\t\t\t<\/div>\n\t\t\t\t<\/div>\n\t\t\t\t<\/div>\n\t\t<div class=\"elementor-element elementor-element-9e5c7be e-con-full e-flex e-con e-parent\" data-id=\"9e5c7be\" data-element_type=\"container\">\n\t\t\t\t<div class=\"elementor-element elementor-element-c0dcd48 elementor-widget elementor-widget-text-editor\" data-id=\"c0dcd48\" data-element_type=\"widget\" data-widget_type=\"text-editor.default\">\n\t\t\t\t<div class=\"elementor-widget-container\">\n\t\t\t\t\t\t\t<h6><strong>Solicitud<\/strong><\/h6><p><em>El medidor de perpendicularidad tambi\u00e9n se denomina medidor de desviaci\u00f3n de botella, medidor coaxial, medidor de coaxialidad o medidor de excentricidad circular (para viales, etc.).<\/em><\/p><p><em>El comprobador coaxial sirve para medir la perpendicularidad de diversos envases de botellas en las industrias alimentaria, cosm\u00e9tica y farmac\u00e9utica. El probador coaxial es f\u00e1cil de operar con alta precisi\u00f3n de centrado y medici\u00f3n y es ampliamente utilizado en los fabricantes de botellas, los usuarios y las instalaciones de investigaci\u00f3n para la desviaci\u00f3n de la verticalidad.<\/em><\/p><h6><strong>Mecanismo de trabajo<\/strong><\/h6><p><em>La botella se fija en un plato giratorio y la boca de la botella se pone en contacto con el reloj comparador. Registre la lectura m\u00e1xima y m\u00ednima despu\u00e9s de girar un c\u00edrculo completo de 360 \u00b0. La 1\/2 de la diferencia entre ambas es el valor de la desviaci\u00f3n del eje vertical.<\/em><\/p>\t\t\t\t\t\t<\/div>\n\t\t\t\t<\/div>\n\t\t\t\t<\/div>\n\t\t\t\t\t<\/div>\n\t\t\t\t<\/div>\n\t\t<div class=\"elementor-element elementor-element-d5cbf91 e-flex e-con-boxed e-con e-parent\" data-id=\"d5cbf91\" data-element_type=\"container\">\n\t\t\t\t\t<div class=\"e-con-inner\">\n\t\t<div class=\"elementor-element elementor-element-3a61045 e-con-full e-flex e-con e-parent\" data-id=\"3a61045\" data-element_type=\"container\">\n\t\t\t\t<div class=\"elementor-element elementor-element-0f52aee elementor-widget elementor-widget-image\" data-id=\"0f52aee\" data-element_type=\"widget\" data-widget_type=\"image.default\">\n\t\t\t\t<div class=\"elementor-widget-container\">\n\t\t\t\t\t\t\t\t\t\t\t\t\t<img fetchpriority=\"high\" decoding=\"async\" width=\"750\" height=\"750\" src=\"https:\/\/www.qualitester.com\/wp-content\/uploads\/2023\/04\/PER-01-Perpendicularity-Teste.jpg\" class=\"attachment-large size-large wp-image-1777\" alt=\"perpendicularidad de la botella\" srcset=\"https:\/\/www.qualitester.com\/wp-content\/uploads\/2023\/04\/PER-01-Perpendicularity-Teste.jpg 750w, https:\/\/www.qualitester.com\/wp-content\/uploads\/2023\/04\/PER-01-Perpendicularity-Teste-300x300.jpg 300w, https:\/\/www.qualitester.com\/wp-content\/uploads\/2023\/04\/PER-01-Perpendicularity-Teste-150x150.jpg 150w, https:\/\/www.qualitester.com\/wp-content\/uploads\/2023\/04\/PER-01-Perpendicularity-Teste-600x600.jpg 600w, https:\/\/www.qualitester.com\/wp-content\/uploads\/2023\/04\/PER-01-Perpendicularity-Teste-100x100.jpg 100w\" sizes=\"(max-width: 750px) 100vw, 750px\" \/>\t\t\t\t\t\t\t\t\t\t\t\t\t<\/div>\n\t\t\t\t<\/div>\n\t\t\t\t<\/div>\n\t\t<div class=\"elementor-element elementor-element-57341d7 e-con-full e-flex e-con e-parent\" data-id=\"57341d7\" data-element_type=\"container\">\n\t\t\t\t<div class=\"elementor-element elementor-element-26fe386 elementor-widget elementor-widget-text-editor\" data-id=\"26fe386\" data-element_type=\"widget\" data-widget_type=\"text-editor.default\">\n\t\t\t\t<div class=\"elementor-widget-container\">\n\t\t\t\t\t\t\t<h6><strong>Datos t\u00e9cnicos<\/strong><\/h6><p>Di\u00e1metro de la muestra 5mm-145mm (o seg\u00fan se requiera)<\/p><p>Rage de prueba 0-12,7 mm (o seg\u00fan sea necesario)<\/p><p>Valor de divisi\u00f3n 0,01 \u00f3 0,001 mm (opcional)<\/p><p>Altura medible 15mm-300mm (o seg\u00fan se requiera)<\/p><h6><strong>Caracter\u00edsticas t\u00e9cnicas<\/strong> <\/h6><ul><li>F\u00e1cil ajuste de la sonda de medici\u00f3n. <\/li><li>Alta resoluci\u00f3n de lectura, hasta 0,001 mm <\/li><li>Rotaci\u00f3n estable de la muestra <\/li><li>El di\u00e1metro y la altura de medici\u00f3n cumplen los requisitos de la muestra. <\/li><li>Salida de datos a PC Excel opcional <\/li><\/ul>\t\t\t\t\t\t<\/div>\n\t\t\t\t<\/div>\n\t\t\t\t<\/div>\n\t\t\t\t\t<\/div>\n\t\t\t\t<\/div>\n\t\t<div class=\"elementor-element elementor-element-9a1fe21 e-flex e-con-boxed e-con e-parent\" data-id=\"9a1fe21\" data-element_type=\"container\">\n\t\t\t\t\t<div class=\"e-con-inner\">\n\t\t\t\t<div class=\"elementor-element elementor-element-c5ab9d7 elementor-widget elementor-widget-wpforms\" data-id=\"c5ab9d7\" data-element_type=\"widget\" data-widget_type=\"wpforms.default\">\n\t\t\t\t<div class=\"elementor-widget-container\">\n\t\t\t<div class=\"wpforms-container\" id=\"wpforms-11\"><form id=\"wpforms-form-11\" class=\"wpforms-validate wpforms-form wpforms-ajax-form\" data-formid=\"11\" method=\"post\" enctype=\"multipart\/form-data\" action=\"\/es\/wp-json\/wp\/v2\/product\/3479\" data-token=\"9d24770f1d10a347f14497a8d468f002\" data-trp-original-action=\"\/es\/wp-json\/wp\/v2\/product\/3479\"><noscript class=\"wpforms-error-noscript\">Por favor, active JavaScript en su navegador para completar este formulario.<\/noscript><div class=\"wpforms-field-container\"><div id=\"wpforms-11-field_1-container\" class=\"wpforms-field wpforms-field-text\" data-field-id=\"1\"><label class=\"wpforms-field-label\" for=\"wpforms-11-field_1\">Nombre <span class=\"wpforms-required-label\">*<\/span><\/label><input type=\"text\" id=\"wpforms-11-field_1\" class=\"wpforms-field-medium wpforms-field-required\" name=\"wpforms[fields][1]\" placeholder=\"Nombre\" required><\/div><div id=\"wpforms-11-field_5-container\" class=\"wpforms-field wpforms-field-text\" data-field-id=\"5\"><label class=\"wpforms-field-label\" for=\"wpforms-11-field_5\">Compa\u00f1\u00eda<\/label><input type=\"text\" id=\"wpforms-11-field_5\" class=\"wpforms-field-medium\" name=\"wpforms[fields][5]\" ><\/div><div id=\"wpforms-11-field_4-container\" class=\"wpforms-field wpforms-field-number\" data-field-id=\"4\"><label class=\"wpforms-field-label\" for=\"wpforms-11-field_4\">Tel\u00e9fono<\/label><input type=\"number\" pattern=\"\\d*\" id=\"wpforms-11-field_4\" class=\"wpforms-field-medium\" name=\"wpforms[fields][4]\" placeholder=\"Tel\u00e9fono\" ><\/div><div id=\"wpforms-11-field_3-container\" class=\"wpforms-field wpforms-field-email\" data-field-id=\"3\"><label class=\"wpforms-field-label\" for=\"wpforms-11-field_3\">Correo electr\u00f3nico <span class=\"wpforms-required-label\">*<\/span><\/label><input type=\"email\" id=\"wpforms-11-field_3\" class=\"wpforms-field-medium wpforms-field-required\" name=\"wpforms[fields][3]\" placeholder=\"Correo electr\u00f3nico\" spellcheck=\"false\" required><\/div><div id=\"wpforms-11-field_2-container\" class=\"wpforms-field wpforms-field-textarea\" data-field-id=\"2\"><label class=\"wpforms-field-label\" for=\"wpforms-11-field_2\">Mensaje<\/label><textarea id=\"wpforms-11-field_2\" class=\"wpforms-field-large\" name=\"wpforms[fields][2]\" ><\/textarea><\/div><\/div><!-- .wpforms-field-container --><input type=\"hidden\" name=\"wpforms[recaptcha]\" value=\"\"><div class=\"wpforms-submit-container\" ><input type=\"hidden\" name=\"wpforms[id]\" value=\"11\"><input type=\"hidden\" name=\"wpforms[author]\" value=\"4\"><button type=\"submit\" name=\"wpforms[submit]\" id=\"wpforms-submit-11\" class=\"wpforms-submit\" data-alt-text=\"Submitting\" data-submit-text=\"Submit\" aria-live=\"assertive\" value=\"wpforms-submit\">Entregar<\/button><img decoding=\"async\" src=\"https:\/\/www.qualitester.com\/wp-content\/plugins\/wpforms-lite\/assets\/images\/submit-spin.svg\" class=\"wpforms-submit-spinner\" style=\"display: none;\" width=\"26\" height=\"26\" alt=\"Cargando\"><\/div><input type=\"hidden\" name=\"trp-form-language\" value=\"es\"\/><\/form><\/div>  <!-- .wpforms-container -->\t\t<\/div>\n\t\t\t\t<\/div>\n\t\t\t\t\t<\/div>\n\t\t\t\t<\/div>\n\t\t\t\t<\/div>","protected":false},"excerpt":{"rendered":"<p>Garantice la calidad y seguridad del producto midiendo la perpendicularidad de las botellas. Sepa por qu\u00e9 es crucial y c\u00f3mo puede ayudarle el comprobador de perpendicularidad PER-01 de Cell Instruments.<\/p>","protected":false},"featured_media":1777,"comment_status":"closed","ping_status":"closed","template":"","meta":{"site-sidebar-layout":"default","site-content-layout":"default","ast-global-header-display":"","ast-main-header-display":"","ast-hfb-above-header-display":"","ast-hfb-below-header-display":"","ast-hfb-mobile-header-display":"","site-post-title":"disabled","ast-breadcrumbs-content":"","ast-featured-img":"disabled","footer-sml-layout":"","theme-transparent-header-meta":"default","adv-header-id-meta":"","stick-header-meta":"","header-above-stick-meta":"","header-main-stick-meta":"","header-below-stick-meta":""},"product_cat":[845,930,17,149,16,95],"product_tag":[181,886,182],"class_list":{"0":"post-3479","1":"product","2":"type-product","3":"status-publish","4":"has-post-thumbnail","6":"product_cat-customization","7":"product_cat-perpendicularity-tester","8":"product_cat-package-container-testers","9":"product_cat-pharma-and-medical-testers","10":"product_cat-plastic-packaging-testers","11":"product_cat-products","12":"product_tag-perpendicularity","13":"product_tag-vertical-axis-deviation","14":"product_tag-verticality","15":"desktop-align-left","16":"tablet-align-left","17":"mobile-align-left","19":"first","20":"instock","21":"shipping-taxable","22":"product-type-simple"},"_links":{"self":[{"href":"https:\/\/www.qualitester.com\/es\/wp-json\/wp\/v2\/product\/3479","targetHints":{"allow":["GET"]}}],"collection":[{"href":"https:\/\/www.qualitester.com\/es\/wp-json\/wp\/v2\/product"}],"about":[{"href":"https:\/\/www.qualitester.com\/es\/wp-json\/wp\/v2\/types\/product"}],"replies":[{"embeddable":true,"href":"https:\/\/www.qualitester.com\/es\/wp-json\/wp\/v2\/comments?post=3479"}],"version-history":[{"count":0,"href":"https:\/\/www.qualitester.com\/es\/wp-json\/wp\/v2\/product\/3479\/revisions"}],"wp:featuredmedia":[{"embeddable":true,"href":"https:\/\/www.qualitester.com\/es\/wp-json\/wp\/v2\/media\/1777"}],"wp:attachment":[{"href":"https:\/\/www.qualitester.com\/es\/wp-json\/wp\/v2\/media?parent=3479"}],"wp:term":[{"taxonomy":"product_cat","embeddable":true,"href":"https:\/\/www.qualitester.com\/es\/wp-json\/wp\/v2\/product_cat?post=3479"},{"taxonomy":"product_tag","embeddable":true,"href":"https:\/\/www.qualitester.com\/es\/wp-json\/wp\/v2\/product_tag?post=3479"}],"curies":[{"name":"wp","href":"https:\/\/api.w.org\/{rel}","templated":true}]}}