{"id":3261,"date":"2023-08-10T08:46:24","date_gmt":"2023-08-10T00:46:24","guid":{"rendered":"https:\/\/www.qualitester.com\/?post_type=product&#038;p=3261"},"modified":"2024-12-04T14:17:15","modified_gmt":"2024-12-04T06:17:15","slug":"easy-to-operate-paper-and-film-tear-testing-instruments-elmendorf-method","status":"publish","type":"product","link":"https:\/\/www.qualitester.com\/es\/producto\/easy-to-operate-paper-and-film-tear-testing-instruments-elmendorf-method\/","title":{"rendered":"Easy-to-operate Paper and Film Tear Testing Instruments Elmendorf Method"},"content":{"rendered":"<div data-elementor-type=\"wp-post\" data-elementor-id=\"3261\" class=\"elementor elementor-3261\" data-elementor-post-type=\"product\">\n\t\t\t\t<div class=\"elementor-element elementor-element-58e3667 e-flex e-con-boxed e-con e-parent\" data-id=\"58e3667\" data-element_type=\"container\">\n\t\t\t\t\t<div class=\"e-con-inner\">\n\t\t<div class=\"elementor-element elementor-element-7a22116 e-con-full e-flex e-con e-parent\" data-id=\"7a22116\" data-element_type=\"container\">\n\t\t\t\t<div class=\"elementor-element elementor-element-d26c024 elementor-widget elementor-widget-image\" data-id=\"d26c024\" data-element_type=\"widget\" data-widget_type=\"image.default\">\n\t\t\t\t<div class=\"elementor-widget-container\">\n\t\t\t\t\t\t\t\t\t\t\t\t\t<img fetchpriority=\"high\" decoding=\"async\" width=\"640\" height=\"640\" src=\"https:\/\/www.qualitester.com\/wp-content\/uploads\/2023\/04\/Tearing-Tester-SLD-01-1.jpg\" class=\"attachment-large size-large wp-image-1808\" alt=\"\" srcset=\"https:\/\/www.qualitester.com\/wp-content\/uploads\/2023\/04\/Tearing-Tester-SLD-01-1.jpg 640w, https:\/\/www.qualitester.com\/wp-content\/uploads\/2023\/04\/Tearing-Tester-SLD-01-1-300x300.jpg 300w, https:\/\/www.qualitester.com\/wp-content\/uploads\/2023\/04\/Tearing-Tester-SLD-01-1-150x150.jpg 150w, https:\/\/www.qualitester.com\/wp-content\/uploads\/2023\/04\/Tearing-Tester-SLD-01-1-600x600.jpg 600w, https:\/\/www.qualitester.com\/wp-content\/uploads\/2023\/04\/Tearing-Tester-SLD-01-1-100x100.jpg 100w\" sizes=\"(max-width: 640px) 100vw, 640px\" \/>\t\t\t\t\t\t\t\t\t\t\t\t\t<\/div>\n\t\t\t\t<\/div>\n\t\t\t\t<\/div>\n\t\t<div class=\"elementor-element elementor-element-ee24d79 e-con-full e-flex e-con e-parent\" data-id=\"ee24d79\" data-element_type=\"container\">\n\t\t\t\t<div class=\"elementor-element elementor-element-1cfae69 elementor-widget elementor-widget-text-editor\" data-id=\"1cfae69\" data-element_type=\"widget\" data-widget_type=\"text-editor.default\">\n\t\t\t\t<div class=\"elementor-widget-container\">\n\t\t\t\t\t\t\t<h6><strong>Solicitud<\/strong><\/h6><p><em>La resistencia al desgarro es uno de los par\u00e1metros mec\u00e1nicos importantes de los materiales. La resistencia al desgarro (o resistencia al desgarro) es una medida de la capacidad de un material para soportar los efectos del desgarro. Es una medida de ingenier\u00eda \u00fatil para una amplia variedad de materiales mediante muchos m\u00e9todos de prueba diferentes.<\/em><\/p><p><em>El comprobador de desgarro SLD-01 es una prueba est\u00e1ndar para determinar la resistencia al desgarro que recibe su nombre de su inventor, Armin Elmendorf. La prueba de Elmendorf determina la fuerza promedio necesaria en gramos o mN para rasgar una muestra despu\u00e9s de que se ha iniciado el desgarro. Para realizar la prueba, una o m\u00e1s hojas se rasgan a una distancia fija por medio de un p\u00e9ndulo. El esfuerzo empleado en el desgarro se mide por la p\u00e9rdida de energ\u00eda potencial del p\u00e9ndulo.<\/em><\/p><h6><strong>Proceso de prueba<\/strong><\/h6><p><em>Se utiliza un cuchillo de corte en el comprobador para crear una ranura en la muestra que termina a 43 mm del borde m\u00e1s alejado de la muestra. Actuando por gravedad, se suelta el p\u00e9ndulo para propagar la ranura a trav\u00e9s de los 43 mm restantes. La p\u00e9rdida de energ\u00eda del p\u00e9ndulo se utiliza para calcular una fuerza de desgarro promedio.<\/em><\/p>\t\t\t\t\t\t<\/div>\n\t\t\t\t<\/div>\n\t\t\t\t<\/div>\n\t\t\t\t\t<\/div>\n\t\t\t\t<\/div>\n\t\t<div class=\"elementor-element elementor-element-38eadb7 e-flex e-con-boxed e-con e-parent\" data-id=\"38eadb7\" data-element_type=\"container\">\n\t\t\t\t\t<div class=\"e-con-inner\">\n\t\t<div class=\"elementor-element elementor-element-5d823eb e-con-full e-flex e-con e-parent\" data-id=\"5d823eb\" data-element_type=\"container\">\n\t\t\t\t<div class=\"elementor-element elementor-element-c4c6a3a elementor-widget elementor-widget-image\" data-id=\"c4c6a3a\" data-element_type=\"widget\" data-widget_type=\"image.default\">\n\t\t\t\t<div class=\"elementor-widget-container\">\n\t\t\t\t\t\t\t\t\t\t\t\t\t<img fetchpriority=\"high\" decoding=\"async\" width=\"640\" height=\"640\" src=\"https:\/\/www.qualitester.com\/wp-content\/uploads\/2023\/04\/Tearing-Tester-SLD-01-1.jpg\" class=\"attachment-large size-large wp-image-1808\" alt=\"\" srcset=\"https:\/\/www.qualitester.com\/wp-content\/uploads\/2023\/04\/Tearing-Tester-SLD-01-1.jpg 640w, https:\/\/www.qualitester.com\/wp-content\/uploads\/2023\/04\/Tearing-Tester-SLD-01-1-300x300.jpg 300w, https:\/\/www.qualitester.com\/wp-content\/uploads\/2023\/04\/Tearing-Tester-SLD-01-1-150x150.jpg 150w, https:\/\/www.qualitester.com\/wp-content\/uploads\/2023\/04\/Tearing-Tester-SLD-01-1-600x600.jpg 600w, https:\/\/www.qualitester.com\/wp-content\/uploads\/2023\/04\/Tearing-Tester-SLD-01-1-100x100.jpg 100w\" sizes=\"(max-width: 640px) 100vw, 640px\" \/>\t\t\t\t\t\t\t\t\t\t\t\t\t<\/div>\n\t\t\t\t<\/div>\n\t\t\t\t<\/div>\n\t\t<div class=\"elementor-element elementor-element-c342d74 e-con-full e-flex e-con e-parent\" data-id=\"c342d74\" data-element_type=\"container\">\n\t\t\t\t<div class=\"elementor-element elementor-element-eb7fdce elementor-widget elementor-widget-text-editor\" data-id=\"eb7fdce\" data-element_type=\"widget\" data-widget_type=\"text-editor.default\">\n\t\t\t\t<div class=\"elementor-widget-container\">\n\t\t\t\t\t\t\t<h6><strong>Caracter\u00edsticas t\u00e9cnicas<\/strong><\/h6><p><em>Es una unidad controlada por PLC (nivel industrial estable) y operada por pantalla t\u00e1ctil HMI. Todas las piezas cumplen estrictamente con los est\u00e1ndares. Con nuestra precisi\u00f3n en el dise\u00f1o, contamos con pesas de verificaci\u00f3n de equipos que se pueden usar para calibrar diferentes rangos de prueba.<\/em><\/p><p><em>Para los usuarios de papel, podemos agregar unidades de mN y par\u00e1metros de \u00edndice de desgarro.<\/em><\/p><ul><li><em>Tecnolog\u00eda PLC e interfaz hombre-m\u00e1quina.<\/em><\/li><li><em>Amplio rango de pruebas para diferentes materiales.<\/em><\/li><li><em>Sujeci\u00f3n neum\u00e1tica de muestras<\/em><\/li><li><em>Liberaci\u00f3n autom\u00e1tica del p\u00e9ndulo<\/em><\/li><li><em>Estad\u00edsticas autom\u00e1ticas de datos, almacenamiento<\/em><\/li><li><em>Puerto RS 232 y software profesional (opcional) <\/em><\/li><li><em>Microimpresora\u00a0<\/em><\/li><\/ul>\t\t\t\t\t\t<\/div>\n\t\t\t\t<\/div>\n\t\t\t\t<\/div>\n\t\t\t\t\t<\/div>\n\t\t\t\t<\/div>\n\t\t<div class=\"elementor-element elementor-element-3f82be9 e-flex e-con-boxed e-con e-parent\" data-id=\"3f82be9\" data-element_type=\"container\">\n\t\t\t\t\t<div class=\"e-con-inner\">\n\t\t<div class=\"elementor-element elementor-element-5cefc31 e-con-full e-flex e-con e-parent\" data-id=\"5cefc31\" data-element_type=\"container\">\n\t\t\t\t<div class=\"elementor-element elementor-element-ba50fe3 elementor-widget elementor-widget-image\" data-id=\"ba50fe3\" data-element_type=\"widget\" data-widget_type=\"image.default\">\n\t\t\t\t<div class=\"elementor-widget-container\">\n\t\t\t\t\t\t\t\t\t\t\t\t\t<img fetchpriority=\"high\" decoding=\"async\" width=\"640\" height=\"640\" src=\"https:\/\/www.qualitester.com\/wp-content\/uploads\/2023\/04\/Tearing-Tester-SLD-01-1.jpg\" class=\"attachment-large size-large wp-image-1808\" alt=\"\" srcset=\"https:\/\/www.qualitester.com\/wp-content\/uploads\/2023\/04\/Tearing-Tester-SLD-01-1.jpg 640w, https:\/\/www.qualitester.com\/wp-content\/uploads\/2023\/04\/Tearing-Tester-SLD-01-1-300x300.jpg 300w, https:\/\/www.qualitester.com\/wp-content\/uploads\/2023\/04\/Tearing-Tester-SLD-01-1-150x150.jpg 150w, https:\/\/www.qualitester.com\/wp-content\/uploads\/2023\/04\/Tearing-Tester-SLD-01-1-600x600.jpg 600w, https:\/\/www.qualitester.com\/wp-content\/uploads\/2023\/04\/Tearing-Tester-SLD-01-1-100x100.jpg 100w\" sizes=\"(max-width: 640px) 100vw, 640px\" \/>\t\t\t\t\t\t\t\t\t\t\t\t\t<\/div>\n\t\t\t\t<\/div>\n\t\t\t\t<\/div>\n\t\t<div class=\"elementor-element elementor-element-a1fe0d8 e-con-full e-flex e-con e-parent\" data-id=\"a1fe0d8\" data-element_type=\"container\">\n\t\t\t\t<div class=\"elementor-element elementor-element-b212c1f elementor-widget elementor-widget-text-editor\" data-id=\"b212c1f\" data-element_type=\"widget\" data-widget_type=\"text-editor.default\">\n\t\t\t\t<div class=\"elementor-widget-container\">\n\t\t\t\t\t\t\t<h6><strong>Datos clave<\/strong><\/h6><p>Capacidad del p\u00e9ndulo (gf) 200, 400, 800, 1600, 3200, 6400<\/p><p>Fuente de gas 0,6 MPa<\/p><p>Brazo de desgarro 104 \u00b1 1 mm<\/p><p>\u00c1ngulo inicial de desgarro 27,5 \u00b10,5\u00b0<\/p><p>Alimentaci\u00f3n CA 110 ~ 220 V 50\/60 Hz<\/p>\t\t\t\t\t\t<\/div>\n\t\t\t\t<\/div>\n\t\t\t\t<\/div>\n\t\t\t\t\t<\/div>\n\t\t\t\t<\/div>\n\t\t<div class=\"elementor-element elementor-element-20cebe4 e-flex e-con-boxed e-con e-parent\" data-id=\"20cebe4\" data-element_type=\"container\">\n\t\t\t\t\t<div class=\"e-con-inner\">\n\t\t\t\t<div class=\"elementor-element elementor-element-ca72f40 elementor-widget elementor-widget-wpforms\" data-id=\"ca72f40\" data-element_type=\"widget\" data-widget_type=\"wpforms.default\">\n\t\t\t\t<div class=\"elementor-widget-container\">\n\t\t\t<div class=\"wpforms-container\" id=\"wpforms-11\"><form id=\"wpforms-form-11\" class=\"wpforms-validate wpforms-form wpforms-ajax-form\" data-formid=\"11\" method=\"post\" enctype=\"multipart\/form-data\" action=\"\/es\/wp-json\/wp\/v2\/product\/3261\" data-token=\"9d24770f1d10a347f14497a8d468f002\" data-trp-original-action=\"\/es\/wp-json\/wp\/v2\/product\/3261\"><noscript class=\"wpforms-error-noscript\">Por favor, active JavaScript en su navegador para completar este formulario.<\/noscript><div class=\"wpforms-field-container\"><div id=\"wpforms-11-field_1-container\" class=\"wpforms-field wpforms-field-text\" data-field-id=\"1\"><label class=\"wpforms-field-label\" for=\"wpforms-11-field_1\">Nombre <span class=\"wpforms-required-label\">*<\/span><\/label><input type=\"text\" id=\"wpforms-11-field_1\" class=\"wpforms-field-medium wpforms-field-required\" name=\"wpforms[fields][1]\" placeholder=\"Nombre\" required><\/div><div id=\"wpforms-11-field_5-container\" class=\"wpforms-field wpforms-field-text\" data-field-id=\"5\"><label class=\"wpforms-field-label\" for=\"wpforms-11-field_5\">Compa\u00f1\u00eda<\/label><input type=\"text\" id=\"wpforms-11-field_5\" class=\"wpforms-field-medium\" name=\"wpforms[fields][5]\" ><\/div><div id=\"wpforms-11-field_4-container\" class=\"wpforms-field wpforms-field-number\" data-field-id=\"4\"><label class=\"wpforms-field-label\" for=\"wpforms-11-field_4\">Tel\u00e9fono<\/label><input type=\"number\" pattern=\"\\d*\" id=\"wpforms-11-field_4\" class=\"wpforms-field-medium\" name=\"wpforms[fields][4]\" placeholder=\"Tel\u00e9fono\" ><\/div><div id=\"wpforms-11-field_3-container\" class=\"wpforms-field wpforms-field-email\" data-field-id=\"3\"><label class=\"wpforms-field-label\" for=\"wpforms-11-field_3\">Correo electr\u00f3nico <span class=\"wpforms-required-label\">*<\/span><\/label><input type=\"email\" id=\"wpforms-11-field_3\" class=\"wpforms-field-medium wpforms-field-required\" name=\"wpforms[fields][3]\" placeholder=\"Correo electr\u00f3nico\" spellcheck=\"false\" required><\/div><div id=\"wpforms-11-field_2-container\" class=\"wpforms-field wpforms-field-textarea\" data-field-id=\"2\"><label class=\"wpforms-field-label\" for=\"wpforms-11-field_2\">Mensaje<\/label><textarea id=\"wpforms-11-field_2\" class=\"wpforms-field-large\" name=\"wpforms[fields][2]\" ><\/textarea><\/div><\/div><!-- .wpforms-field-container --><input type=\"hidden\" name=\"wpforms[recaptcha]\" value=\"\"><div class=\"wpforms-submit-container\" ><input type=\"hidden\" name=\"wpforms[id]\" value=\"11\"><input type=\"hidden\" name=\"wpforms[author]\" value=\"4\"><button type=\"submit\" name=\"wpforms[submit]\" id=\"wpforms-submit-11\" class=\"wpforms-submit\" data-alt-text=\"Submitting\" data-submit-text=\"Submit\" aria-live=\"assertive\" value=\"wpforms-submit\">Entregar<\/button><img decoding=\"async\" src=\"https:\/\/www.qualitester.com\/wp-content\/plugins\/wpforms-lite\/assets\/images\/submit-spin.svg\" class=\"wpforms-submit-spinner\" style=\"display: none;\" width=\"26\" height=\"26\" alt=\"Cargando\"><\/div><input type=\"hidden\" name=\"trp-form-language\" value=\"es\"\/><\/form><\/div>  <!-- .wpforms-container -->\t\t<\/div>\n\t\t\t\t<\/div>\n\t\t\t\t\t<\/div>\n\t\t\t\t<\/div>\n\t\t\t\t<\/div>","protected":false},"excerpt":{"rendered":"<p>El comprobador de desgarro SLD-01 es una prueba est\u00e1ndar para determinar la resistencia al desgarro que lleva el nombre de su inventor, Armin Elmendorf.<\/p>","protected":false},"featured_media":1808,"comment_status":"closed","ping_status":"closed","template":"","meta":{"site-sidebar-layout":"default","site-content-layout":"default","ast-global-header-display":"","ast-main-header-display":"","ast-hfb-above-header-display":"","ast-hfb-below-header-display":"","ast-hfb-mobile-header-display":"","site-post-title":"disabled","ast-breadcrumbs-content":"","ast-featured-img":"disabled","footer-sml-layout":"","theme-transparent-header-meta":"default","adv-header-id-meta":"","stick-header-meta":"","header-above-stick-meta":"","header-main-stick-meta":"","header-below-stick-meta":""},"product_cat":[44,149,16,99,119,121,137,100,159,165,95],"product_tag":[45,46,47,568,566,520,485,565],"class_list":{"0":"post-3261","1":"product","2":"type-product","3":"status-publish","4":"has-post-thumbnail","6":"product_cat-paper-and-board-testers","7":"product_cat-pharma-and-medical-testers","8":"product_cat-plastic-packaging-testers","9":"product_cat-astm","10":"product_cat-astm-d1424","11":"product_cat-astm-d1922","12":"product_cat-astm-d689","13":"product_cat-iso","14":"product_cat-iso-1974","15":"product_cat-iso-6383","16":"product_cat-products","17":"product_tag-astm-d1424","18":"product_tag-astm-d1922","19":"product_tag-astm-d689","20":"product_tag-elemendorf-method","21":"product_tag-elimendorf-tear","22":"product_tag-film-tear","23":"product_tag-paper-tear","24":"product_tag-tear-resistance","25":"desktop-align-left","26":"tablet-align-left","27":"mobile-align-left","29":"first","30":"instock","31":"shipping-taxable","32":"product-type-simple"},"_links":{"self":[{"href":"https:\/\/www.qualitester.com\/es\/wp-json\/wp\/v2\/product\/3261","targetHints":{"allow":["GET"]}}],"collection":[{"href":"https:\/\/www.qualitester.com\/es\/wp-json\/wp\/v2\/product"}],"about":[{"href":"https:\/\/www.qualitester.com\/es\/wp-json\/wp\/v2\/types\/product"}],"replies":[{"embeddable":true,"href":"https:\/\/www.qualitester.com\/es\/wp-json\/wp\/v2\/comments?post=3261"}],"version-history":[{"count":0,"href":"https:\/\/www.qualitester.com\/es\/wp-json\/wp\/v2\/product\/3261\/revisions"}],"wp:featuredmedia":[{"embeddable":true,"href":"https:\/\/www.qualitester.com\/es\/wp-json\/wp\/v2\/media\/1808"}],"wp:attachment":[{"href":"https:\/\/www.qualitester.com\/es\/wp-json\/wp\/v2\/media?parent=3261"}],"wp:term":[{"taxonomy":"product_cat","embeddable":true,"href":"https:\/\/www.qualitester.com\/es\/wp-json\/wp\/v2\/product_cat?post=3261"},{"taxonomy":"product_tag","embeddable":true,"href":"https:\/\/www.qualitester.com\/es\/wp-json\/wp\/v2\/product_tag?post=3261"}],"curies":[{"name":"wp","href":"https:\/\/api.w.org\/{rel}","templated":true}]}}