{"id":3021,"date":"2023-08-01T14:46:32","date_gmt":"2023-08-01T06:46:32","guid":{"rendered":"https:\/\/www.qualitester.com\/?post_type=product&#038;p=3021"},"modified":"2024-12-04T16:04:27","modified_gmt":"2024-12-04T08:04:27","slug":"high-quality-leak-and-seal-strength-of-food-saver-bags","status":"publish","type":"product","link":"https:\/\/www.qualitester.com\/es\/producto\/high-quality-leak-and-seal-strength-of-food-saver-bags\/","title":{"rendered":"High Quality Leak and Seal Strength of Food Saver Bags"},"content":{"rendered":"<div data-elementor-type=\"wp-post\" data-elementor-id=\"3021\" class=\"elementor elementor-3021\" data-elementor-post-type=\"product\">\n\t\t\t\t<div class=\"elementor-element elementor-element-53b9189 e-flex e-con-boxed e-con e-parent\" data-id=\"53b9189\" data-element_type=\"container\">\n\t\t\t\t\t<div class=\"e-con-inner\">\n\t\t<div class=\"elementor-element elementor-element-babf4b2 e-con-full e-flex e-con e-parent\" data-id=\"babf4b2\" data-element_type=\"container\">\n\t\t\t\t<div class=\"elementor-element elementor-element-808566d elementor-widget elementor-widget-image\" data-id=\"808566d\" data-element_type=\"widget\" data-widget_type=\"image.default\">\n\t\t\t\t<div class=\"elementor-widget-container\">\n\t\t\t\t\t\t\t\t\t\t\t\t\t<img fetchpriority=\"high\" decoding=\"async\" width=\"750\" height=\"750\" src=\"https:\/\/www.qualitester.com\/wp-content\/uploads\/2023\/04\/Leak-and-Seal-Strength-Tester.jpg\" class=\"attachment-large size-large wp-image-1718\" alt=\"\" srcset=\"https:\/\/www.qualitester.com\/wp-content\/uploads\/2023\/04\/Leak-and-Seal-Strength-Tester.jpg 750w, https:\/\/www.qualitester.com\/wp-content\/uploads\/2023\/04\/Leak-and-Seal-Strength-Tester-300x300.jpg 300w, https:\/\/www.qualitester.com\/wp-content\/uploads\/2023\/04\/Leak-and-Seal-Strength-Tester-150x150.jpg 150w, https:\/\/www.qualitester.com\/wp-content\/uploads\/2023\/04\/Leak-and-Seal-Strength-Tester-600x600.jpg 600w, https:\/\/www.qualitester.com\/wp-content\/uploads\/2023\/04\/Leak-and-Seal-Strength-Tester-100x100.jpg 100w\" sizes=\"(max-width: 750px) 100vw, 750px\" \/>\t\t\t\t\t\t\t\t\t\t\t\t\t<\/div>\n\t\t\t\t<\/div>\n\t\t\t\t<\/div>\n\t\t<div class=\"elementor-element elementor-element-6563451 e-con-full e-flex e-con e-parent\" data-id=\"6563451\" data-element_type=\"container\">\n\t\t\t\t<div class=\"elementor-element elementor-element-72ae959 elementor-widget elementor-widget-text-editor\" data-id=\"72ae959\" data-element_type=\"widget\" data-widget_type=\"text-editor.default\">\n\t\t\t\t<div class=\"elementor-widget-container\">\n\t\t\t\t\t\t\t<h6><strong>Solicitud<\/strong><\/h6><p><em>La prueba de integridad ayuda a garantizar que la muestra proporcione la protecci\u00f3n necesaria al producto. Las alternativas de embalaje sostenibles, los embalajes de menor costo y las variaciones en los par\u00e1metros de sellado de la l\u00ednea de producci\u00f3n se eval\u00faan con frecuencia mediante pruebas de integridad de sellado. Mantener la confiabilidad de los sellos de los paquetes es fundamental para la calidad y la seguridad del producto.<\/em><\/p><h6><strong>M\u00e9todo de prueba<\/strong><\/h6><p><em>La ca\u00edda de presi\u00f3n es uno de los m\u00e9todos m\u00e1s utilizados para realizar pruebas de fugas. Mide la ca\u00edda de presi\u00f3n en el interior de la muestra. Primero se presuriza la muestra hasta un nivel objetivo y luego se corta la fuente de aire. Luego se detecta la presi\u00f3n y la ca\u00edda de presi\u00f3n indica una fuga. Hay tres formas de analizar el rendimiento de la muestra: la prueba de estallido, la prueba de fluencia y la prueba de fluencia hasta falla.<\/em><\/p>\t\t\t\t\t\t<\/div>\n\t\t\t\t<\/div>\n\t\t\t\t<\/div>\n\t\t\t\t\t<\/div>\n\t\t\t\t<\/div>\n\t\t<div class=\"elementor-element elementor-element-ea768c6 e-flex e-con-boxed e-con e-parent\" data-id=\"ea768c6\" data-element_type=\"container\">\n\t\t\t\t\t<div class=\"e-con-inner\">\n\t\t<div class=\"elementor-element elementor-element-8194a01 e-con-full e-flex e-con e-parent\" data-id=\"8194a01\" data-element_type=\"container\">\n\t\t\t\t<div class=\"elementor-element elementor-element-b433e1e elementor-widget elementor-widget-image\" data-id=\"b433e1e\" data-element_type=\"widget\" data-widget_type=\"image.default\">\n\t\t\t\t<div class=\"elementor-widget-container\">\n\t\t\t\t\t\t\t\t\t\t\t\t\t<img decoding=\"async\" width=\"750\" height=\"750\" src=\"https:\/\/www.qualitester.com\/wp-content\/uploads\/2023\/04\/LSST-01-Leak-and-Seal-Strength-Tester.jpg\" class=\"attachment-large size-large wp-image-1719\" alt=\"\" srcset=\"https:\/\/www.qualitester.com\/wp-content\/uploads\/2023\/04\/LSST-01-Leak-and-Seal-Strength-Tester.jpg 750w, https:\/\/www.qualitester.com\/wp-content\/uploads\/2023\/04\/LSST-01-Leak-and-Seal-Strength-Tester-300x300.jpg 300w, https:\/\/www.qualitester.com\/wp-content\/uploads\/2023\/04\/LSST-01-Leak-and-Seal-Strength-Tester-150x150.jpg 150w, https:\/\/www.qualitester.com\/wp-content\/uploads\/2023\/04\/LSST-01-Leak-and-Seal-Strength-Tester-600x600.jpg 600w, https:\/\/www.qualitester.com\/wp-content\/uploads\/2023\/04\/LSST-01-Leak-and-Seal-Strength-Tester-100x100.jpg 100w\" sizes=\"(max-width: 750px) 100vw, 750px\" \/>\t\t\t\t\t\t\t\t\t\t\t\t\t<\/div>\n\t\t\t\t<\/div>\n\t\t\t\t<\/div>\n\t\t<div class=\"elementor-element elementor-element-e4da271 e-con-full e-flex e-con e-parent\" data-id=\"e4da271\" data-element_type=\"container\">\n\t\t\t\t<div class=\"elementor-element elementor-element-88c7448 elementor-widget elementor-widget-text-editor\" data-id=\"88c7448\" data-element_type=\"widget\" data-widget_type=\"text-editor.default\">\n\t\t\t\t<div class=\"elementor-widget-container\">\n\t\t\t\t\t\t\t<h6><strong>Caracter\u00edsticas t\u00e9cnicas<\/strong><\/h6><ul><li>Unidad controlada por PLC (nivel industrial estable) y operada por pantalla t\u00e1ctil HMI.<\/li><li>El probador puede realizar tres modos de prueba: r\u00e1faga, fluencia y fluencia hasta fallo.<\/li><li>Estad\u00edsticas autom\u00e1ticas y almacenamiento de resultados de pruebas.<\/li><li>Configuraci\u00f3n personalizada de sensibilidad y umbral.<\/li><li>Se pueden equipar placas de contenci\u00f3n.<\/li><li>Personalizaci\u00f3n del programa disponible.<\/li><li>Presi\u00f3n est\u00e1ndar de hasta 600 KPa (87 psi) y se puede modificar seg\u00fan los requisitos del usuario.<\/li><li>Compatible con otras formas de accesorios para facilitar las pruebas en formas de paquete como paquete abierto (sellado de tres lados), paquete cerrado, doy pack, tubo, bandeja y taza selladas, etc.<\/li><\/ul>\t\t\t\t\t\t<\/div>\n\t\t\t\t<\/div>\n\t\t\t\t<\/div>\n\t\t\t\t\t<\/div>\n\t\t\t\t<\/div>\n\t\t<div class=\"elementor-element elementor-element-4a2e865 e-flex e-con-boxed e-con e-parent\" data-id=\"4a2e865\" data-element_type=\"container\">\n\t\t\t\t\t<div class=\"e-con-inner\">\n\t\t<div class=\"elementor-element elementor-element-6a65618 e-con-full e-flex e-con e-parent\" data-id=\"6a65618\" data-element_type=\"container\">\n\t\t\t\t<div class=\"elementor-element elementor-element-c5a4412 elementor-widget elementor-widget-image\" data-id=\"c5a4412\" data-element_type=\"widget\" data-widget_type=\"image.default\">\n\t\t\t\t<div class=\"elementor-widget-container\">\n\t\t\t\t\t\t\t\t\t\t\t\t\t<img decoding=\"async\" width=\"750\" height=\"750\" src=\"https:\/\/www.qualitester.com\/wp-content\/uploads\/2023\/04\/Leak-and-Seal-Strength-Tester-LSST-01-1.jpg\" class=\"attachment-large size-large wp-image-1717\" alt=\"\" srcset=\"https:\/\/www.qualitester.com\/wp-content\/uploads\/2023\/04\/Leak-and-Seal-Strength-Tester-LSST-01-1.jpg 750w, https:\/\/www.qualitester.com\/wp-content\/uploads\/2023\/04\/Leak-and-Seal-Strength-Tester-LSST-01-1-300x300.jpg 300w, https:\/\/www.qualitester.com\/wp-content\/uploads\/2023\/04\/Leak-and-Seal-Strength-Tester-LSST-01-1-150x150.jpg 150w, https:\/\/www.qualitester.com\/wp-content\/uploads\/2023\/04\/Leak-and-Seal-Strength-Tester-LSST-01-1-600x600.jpg 600w, https:\/\/www.qualitester.com\/wp-content\/uploads\/2023\/04\/Leak-and-Seal-Strength-Tester-LSST-01-1-100x100.jpg 100w\" sizes=\"(max-width: 750px) 100vw, 750px\" \/>\t\t\t\t\t\t\t\t\t\t\t\t\t<\/div>\n\t\t\t\t<\/div>\n\t\t\t\t<\/div>\n\t\t<div class=\"elementor-element elementor-element-edfb459 e-con-full e-flex e-con e-parent\" data-id=\"edfb459\" data-element_type=\"container\">\n\t\t\t\t<div class=\"elementor-element elementor-element-5946c3b elementor-widget elementor-widget-text-editor\" data-id=\"5946c3b\" data-element_type=\"widget\" data-widget_type=\"text-editor.default\">\n\t\t\t\t<div class=\"elementor-widget-container\">\n\t\t\t\t\t\t\t<h6><strong>Par\u00e1metros principales<\/strong><\/h6><p><em>Rango de prueba 0~-600KPa<\/em><\/p><p><em>Ancho de muestra 300 mm (est\u00e1ndar)<\/em><\/p><p><em>Cabezal de inflado \u03a64mm<\/em><\/p><p><em>Aire comprimido 0,4~0,7 MPa (preparado por el usuario)<\/em><\/p><p><em>Alimentaci\u00f3n 110~220 V 50\/60 Hz<\/em><\/p>\t\t\t\t\t\t<\/div>\n\t\t\t\t<\/div>\n\t\t\t\t<\/div>\n\t\t\t\t\t<\/div>\n\t\t\t\t<\/div>\n\t\t<div class=\"elementor-element elementor-element-0c8e8fc e-flex e-con-boxed e-con e-parent\" data-id=\"0c8e8fc\" data-element_type=\"container\">\n\t\t\t\t\t<div class=\"e-con-inner\">\n\t\t\t\t<div class=\"elementor-element elementor-element-2473ce3 elementor-widget elementor-widget-wpforms\" data-id=\"2473ce3\" data-element_type=\"widget\" data-widget_type=\"wpforms.default\">\n\t\t\t\t<div class=\"elementor-widget-container\">\n\t\t\t<div class=\"wpforms-container\" id=\"wpforms-11\"><form id=\"wpforms-form-11\" class=\"wpforms-validate wpforms-form wpforms-ajax-form\" data-formid=\"11\" method=\"post\" enctype=\"multipart\/form-data\" action=\"\/es\/wp-json\/wp\/v2\/product\/3021\" data-token=\"04df857188661b35ec3ce44c64e02aa2\" data-trp-original-action=\"\/es\/wp-json\/wp\/v2\/product\/3021\"><noscript class=\"wpforms-error-noscript\">Por favor, active JavaScript en su navegador para completar este formulario.<\/noscript><div class=\"wpforms-field-container\"><div id=\"wpforms-11-field_1-container\" class=\"wpforms-field wpforms-field-text\" data-field-id=\"1\"><label class=\"wpforms-field-label\" for=\"wpforms-11-field_1\">Nombre <span class=\"wpforms-required-label\">*<\/span><\/label><input type=\"text\" id=\"wpforms-11-field_1\" class=\"wpforms-field-medium wpforms-field-required\" name=\"wpforms[fields][1]\" placeholder=\"Nombre\" required><\/div><div id=\"wpforms-11-field_5-container\" class=\"wpforms-field wpforms-field-text\" data-field-id=\"5\"><label class=\"wpforms-field-label\" for=\"wpforms-11-field_5\">Compa\u00f1\u00eda<\/label><input type=\"text\" id=\"wpforms-11-field_5\" class=\"wpforms-field-medium\" name=\"wpforms[fields][5]\" ><\/div><div id=\"wpforms-11-field_4-container\" class=\"wpforms-field wpforms-field-number\" data-field-id=\"4\"><label class=\"wpforms-field-label\" for=\"wpforms-11-field_4\">Tel\u00e9fono<\/label><input type=\"number\" pattern=\"\\d*\" id=\"wpforms-11-field_4\" class=\"wpforms-field-medium\" name=\"wpforms[fields][4]\" placeholder=\"Tel\u00e9fono\" ><\/div><div id=\"wpforms-11-field_3-container\" class=\"wpforms-field wpforms-field-email\" data-field-id=\"3\"><label class=\"wpforms-field-label\" for=\"wpforms-11-field_3\">Correo electr\u00f3nico <span class=\"wpforms-required-label\">*<\/span><\/label><input type=\"email\" id=\"wpforms-11-field_3\" class=\"wpforms-field-medium wpforms-field-required\" name=\"wpforms[fields][3]\" placeholder=\"Correo electr\u00f3nico\" spellcheck=\"false\" required><\/div><div id=\"wpforms-11-field_2-container\" class=\"wpforms-field wpforms-field-textarea\" data-field-id=\"2\"><label class=\"wpforms-field-label\" for=\"wpforms-11-field_2\">Mensaje<\/label><textarea id=\"wpforms-11-field_2\" class=\"wpforms-field-large\" name=\"wpforms[fields][2]\" ><\/textarea><\/div><\/div><!-- .wpforms-field-container --><input type=\"hidden\" name=\"wpforms[recaptcha]\" value=\"\"><div class=\"wpforms-submit-container\" ><input type=\"hidden\" name=\"wpforms[id]\" value=\"11\"><input type=\"hidden\" name=\"wpforms[author]\" value=\"4\"><button type=\"submit\" name=\"wpforms[submit]\" id=\"wpforms-submit-11\" class=\"wpforms-submit\" data-alt-text=\"Submitting\" data-submit-text=\"Submit\" aria-live=\"assertive\" value=\"wpforms-submit\">Entregar<\/button><img loading=\"lazy\" decoding=\"async\" src=\"https:\/\/www.qualitester.com\/wp-content\/plugins\/wpforms-lite\/assets\/images\/submit-spin.svg\" class=\"wpforms-submit-spinner\" style=\"display: none;\" width=\"26\" height=\"26\" alt=\"Cargando\"><\/div><input type=\"hidden\" name=\"trp-form-language\" value=\"es\"\/><\/form><\/div>  <!-- .wpforms-container -->\t\t<\/div>\n\t\t\t\t<\/div>\n\t\t\t\t\t<\/div>\n\t\t\t\t<\/div>\n\t\t\t\t<\/div>","protected":false},"excerpt":{"rendered":"<p>Use the positive pressure method to detect the leak and seal strength of the food saver bag.<\/p>","protected":false},"featured_media":3787,"comment_status":"closed","ping_status":"closed","template":"","meta":{"site-sidebar-layout":"default","site-content-layout":"default","ast-global-header-display":"","ast-main-header-display":"","ast-hfb-above-header-display":"","ast-hfb-below-header-display":"","ast-hfb-mobile-header-display":"","site-post-title":"disabled","ast-breadcrumbs-content":"","ast-featured-img":"disabled","footer-sml-layout":"","theme-transparent-header-meta":"default","adv-header-id-meta":"","stick-header-meta":"","header-above-stick-meta":"","header-main-stick-meta":"","header-below-stick-meta":""},"product_cat":[953,923,674,672,17,149,16,99,108,109,95],"product_tag":[549,40,724,552,994,553,572,473,177,816],"class_list":{"0":"post-3021","1":"product","2":"type-product","3":"status-publish","4":"has-post-thumbnail","6":"product_cat-bursting-tester","7":"product_cat-strength-tester","8":"product_cat-test-items","9":"product_cat-applied-materials","10":"product_cat-package-container-testers","11":"product_cat-pharma-and-medical-testers","12":"product_cat-plastic-packaging-testers","13":"product_cat-astm","14":"product_cat-astm-f1140","15":"product_cat-astm-f2054","16":"product_cat-products","17":"product_tag-astm-f1140","18":"product_tag-astm-f2054","19":"product_tag-food-saver-vacuum-bags-seal-testing","20":"product_tag-iso-11607","21":"product_tag-leak-and-seal-strength-tester","22":"product_tag-leak-testing","23":"product_tag-packaging-sealing-performance","24":"product_tag-positive-pressure-method","25":"product_tag-seal-strength","26":"product_tag-sealed-bag-strength","27":"desktop-align-left","28":"tablet-align-left","29":"mobile-align-left","31":"first","32":"instock","33":"shipping-taxable","34":"product-type-simple"},"_links":{"self":[{"href":"https:\/\/www.qualitester.com\/es\/wp-json\/wp\/v2\/product\/3021","targetHints":{"allow":["GET"]}}],"collection":[{"href":"https:\/\/www.qualitester.com\/es\/wp-json\/wp\/v2\/product"}],"about":[{"href":"https:\/\/www.qualitester.com\/es\/wp-json\/wp\/v2\/types\/product"}],"replies":[{"embeddable":true,"href":"https:\/\/www.qualitester.com\/es\/wp-json\/wp\/v2\/comments?post=3021"}],"version-history":[{"count":0,"href":"https:\/\/www.qualitester.com\/es\/wp-json\/wp\/v2\/product\/3021\/revisions"}],"wp:featuredmedia":[{"embeddable":true,"href":"https:\/\/www.qualitester.com\/es\/wp-json\/wp\/v2\/media\/3787"}],"wp:attachment":[{"href":"https:\/\/www.qualitester.com\/es\/wp-json\/wp\/v2\/media?parent=3021"}],"wp:term":[{"taxonomy":"product_cat","embeddable":true,"href":"https:\/\/www.qualitester.com\/es\/wp-json\/wp\/v2\/product_cat?post=3021"},{"taxonomy":"product_tag","embeddable":true,"href":"https:\/\/www.qualitester.com\/es\/wp-json\/wp\/v2\/product_tag?post=3021"}],"curies":[{"name":"wp","href":"https:\/\/api.w.org\/{rel}","templated":true}]}}