{"id":3012,"date":"2023-07-31T16:39:52","date_gmt":"2023-07-31T08:39:52","guid":{"rendered":"https:\/\/www.qualitester.com\/?post_type=product&#038;p=3012"},"modified":"2025-01-07T17:06:31","modified_gmt":"2025-01-07T09:06:31","slug":"gelbo-flex-tester-astm-f392","status":"publish","type":"product","link":"https:\/\/www.qualitester.com\/es\/producto\/gelbo-flex-tester-astm-f392\/","title":{"rendered":"Comprobador de flexi\u00f3n GFT Gelbo"},"content":{"rendered":"<p>El <strong>Comprobador de flexi\u00f3n Gelbo<\/strong> es un instrumento esencial para evaluar la durabilidad de los materiales de barrera flexibles, como pel\u00edculas, compuestos y pel\u00edculas de revestimiento. Este dispositivo prueba la capacidad de un material para soportar tensiones repetitivas, lo que es crucial para evitar grietas por flexi\u00f3n y garantizar la integridad del embalaje durante la distribuci\u00f3n. La resistencia a las grietas por flexi\u00f3n es una propiedad vital, ya que minimiza el riesgo de perforaci\u00f3n del paquete, lo que garantiza que el contenido permanezca intacto durante todo el ciclo de vida del embalaje.<\/p>\n<h2>ASTM F392 \u2013 Durabilidad de flexi\u00f3n de materiales de barrera flexibles<\/h2>\n<p><a href=\"https:\/\/www.astm.org\/f0392_f0392m-21.html\" target=\"_blank\" rel=\"noopener nofollow\"><strong>ASTM F392<\/strong><\/a> es una especificaci\u00f3n est\u00e1ndar que describe el procedimiento para determinar la <strong>durabilidad flexible<\/strong> de materiales de barrera flexibles. Este m\u00e9todo de prueba est\u00e1 dise\u00f1ado espec\u00edficamente para evaluar la capacidad de materiales como pel\u00edculas y revestimientos para soportar flexiones, torsiones y dobleces repetidos bajo tensi\u00f3n, simulando condiciones reales durante el transporte y la manipulaci\u00f3n. La prueba implica someter la muestra a una serie de movimientos de flexi\u00f3n y determinar la capacidad del material para soportar estas tensiones sin desarrollar agujeros o grietas.<\/p>\n<h2>Procedimiento est\u00e1ndar para el acondicionamiento de materiales de barrera flexibles mediante pruebas de durabilidad por flexi\u00f3n<\/h2>\n<p>El <strong>Comprobador de flexi\u00f3n Gelbo<\/strong> se adhiere a los procedimientos de prueba descritos en <strong>ASTM F392<\/strong> para <strong>Prueba de durabilidad de flexi\u00f3n<\/strong>El proceso consiste en montar una muestra de 200 mm por 280 mm sobre los mandriles de prueba. A continuaci\u00f3n, la muestra se somete a movimientos de torsi\u00f3n y compresi\u00f3n horizontal, dise\u00f1ados para simular las tensiones que sufren los materiales de envasado durante la distribuci\u00f3n. En concreto, el sistema inicia una acci\u00f3n de torsi\u00f3n que abarca 440\u00b0 en los primeros 90 mm de recorrido, seguida de una compresi\u00f3n horizontal de 65 mm.<\/p>\n<div class=\"ast-oembed-container\" style=\"height: 100%;\"><iframe title=\"Comprobador de flexi\u00f3n Gelbo ASTM F392\" width=\"500\" height=\"281\" src=\"https:\/\/www.youtube.com\/embed\/n2u7WCjVRTk?feature=oembed\" frameborder=\"0\" allow=\"accelerometer; autoplay; clipboard-write; encrypted-media; gyroscope; picture-in-picture; web-share\" referrerpolicy=\"strict-origin-when-cross-origin\" allowfullscreen><\/iframe><\/div>\n<p>La prueba se realiza a una velocidad de <strong>45 ciclos por minuto<\/strong> con cinco modos de prueba preprogramados:<\/p>\n<ul>\n<li><strong>Modo A<\/strong>:Flexi\u00f3n completa durante 1 hora (2700 ciclos)<\/li>\n<li><strong>Modo B<\/strong>:Flexi\u00f3n completa durante 20 minutos (900 ciclos)<\/li>\n<li><strong>Modo C<\/strong>:Flexi\u00f3n completa durante 6 minutos (270 ciclos)<\/li>\n<li><strong>Modo D<\/strong>:Flexi\u00f3n completa durante 20 ciclos<\/li>\n<li><strong>Modo E<\/strong>:Flexi\u00f3n parcial durante 20 ciclos<\/li>\n<\/ul>\n<p>Este proceso de prueba flexible permite a los usuarios simular varios escenarios de estr\u00e9s del mundo real, lo que permite realizar evaluaciones precisas de la resistencia al agrietamiento por flexi\u00f3n.<\/p>\n<h2>Caracter\u00edsticas t\u00e9cnicas del comprobador de flexibilidad Gelbo<\/h2>\n<ul>\n<li><strong>Control PLC<\/strong>:El comprobador de flexi\u00f3n Gelbo est\u00e1 equipado con <strong>Control PLC<\/strong> para pruebas consistentes y automatizadas.<\/li>\n<li><strong>Interfaz de pantalla t\u00e1ctil HMI intuitiva<\/strong>:La interfaz f\u00e1cil de usar facilita el monitoreo y control de los par\u00e1metros de prueba.<\/li>\n<li><strong>Cinco modos de prueba est\u00e1ndar<\/strong>:El sistema ofrece flexibilidad con cinco modos preprogramados, lo que permite a los usuarios seleccionar las condiciones de prueba ideales para sus materiales.<\/li>\n<li><strong>Varias estaciones de prueba<\/strong>:El probador cuenta con 3 a 4 estaciones para pruebas simult\u00e1neas, lo que mejora la eficiencia en las pruebas de grandes vol\u00famenes de materiales.<\/li>\n<li><strong>Cambio r\u00e1pido de modo<\/strong>:Alterne f\u00e1cilmente entre los modos de carrera larga y corta, lo que proporciona condiciones de prueba personalizables.<\/li>\n<li><strong>Microimpresora para salida de datos<\/strong>:La microimpresora incorporada permite una c\u00f3moda impresi\u00f3n de los resultados de las pruebas, lo que garantiza la precisi\u00f3n y la trazabilidad de los datos.<\/li>\n<\/ul>\n<h2>\u00c1reas de aplicaci\u00f3n del comprobador de durabilidad por flexi\u00f3n<\/h2>\n<p>El comprobador de durabilidad flexible se utiliza ampliamente en industrias en las que los materiales de embalaje est\u00e1n sujetos a tensiones repetitivas durante el transporte y la manipulaci\u00f3n. Entre ellas se incluyen:<\/p>\n<ul>\n<li><strong>Embalaje<\/strong>: <em><span style=\"text-decoration: underline;\"><strong>Pel\u00edculas flexibles<\/strong><\/span><\/em> y laminados utilizados para alimentos, bebidas, productos farmac\u00e9uticos y m\u00e9dicos.<\/li>\n<li><strong>Embalaje de dispositivos m\u00e9dicos<\/strong>:Garantizar la durabilidad de <em><span style=\"text-decoration: underline;\"><strong>materiales de embalaje<\/strong><\/span><\/em> Se utiliza para dispositivos m\u00e9dicos est\u00e9riles.<\/li>\n<li><strong>Productos farmac\u00e9uticos<\/strong>:Prueba <em><span style=\"text-decoration: underline;\"><strong>materiales de barrera<\/strong><\/span><\/em> que protegen medicamentos y f\u00e1rmacos sensibles.<\/li>\n<li><strong>Alimentos y bebidas<\/strong>: <strong><em><span style=\"text-decoration: underline;\">Materiales de embalaje<\/span><\/em><\/strong> Dise\u00f1ado para mantener la frescura e integridad de los productos alimenticios.<\/li>\n<\/ul>\n<h2>Par\u00e1metros principales del comprobador de flexibilidad Gelbo<\/h2>\n<table>\n<tbody>\n<tr>\n<td width=\"132\">Frecuencia de flexi\u00f3n<\/td>\n<td width=\"228\">45 \/minuto<\/td>\n<\/tr>\n<tr>\n<td width=\"132\">\u00c1ngulo flexible<\/td>\n<td width=\"228\">440\u00b0 (90 mm) o 400\u00b0 (80 mm)<\/td>\n<\/tr>\n<tr>\n<td width=\"132\">Capacidad<\/td>\n<td width=\"228\">3,5 Nm<\/td>\n<\/tr>\n<tr>\n<td width=\"132\">Trazo horizontal<\/td>\n<td width=\"228\">155 mm o 80 mm<\/td>\n<\/tr>\n<tr>\n<td width=\"132\">Estaciones<\/td>\n<td width=\"228\">3\/4<\/td>\n<\/tr>\n<tr>\n<td width=\"132\">Tama\u00f1o de la muestra<\/td>\n<td width=\"228\">280 mm x 200 mm<\/td>\n<\/tr>\n<tr>\n<td width=\"132\">Fuerza<\/td>\n<td width=\"228\">110 ~ 220 V<\/td>\n<\/tr>\n<\/tbody>\n<\/table>\n<h2>Requisitos de personalizaci\u00f3n y pruebas especiales<\/h2>\n<p>Cell Instruments se especializa en personalizar equipos de prueba para satisfacer necesidades espec\u00edficas de prueba de materiales. <strong>Comprobador de flexi\u00f3n Gelbo<\/strong> Se puede adaptar para satisfacer una amplia gama de requisitos de pruebas de materiales flexibles, ofreciendo soluciones tanto para condiciones de prueba est\u00e1ndar como \u00fanicas (como procedimientos de prueba y accesorios de muestra).<\/p>\n<h2>Preguntas frecuentes<\/h2>\n<ol>\n<li><strong>\u00bfQu\u00e9 materiales se pueden probar con el Gelbo Flex Tester?<\/strong><br \/>\nEl probador Gelbo Flex es ideal para probar materiales de barrera flexibles como pel\u00edculas, compuestos y pel\u00edculas de recubrimiento utilizadas en envases, dispositivos m\u00e9dicos, productos alimenticios y m\u00e1s.<\/li>\n<li><strong>Qu\u00e9 es <a href=\"https:\/\/www.qualitester.com\/es\/categoria-producto\/astm\/astm-f392\/\">ASTM F392<\/a>\u00bfY por qu\u00e9 es importante realizar pruebas?<\/strong><br \/>\nASTM F392 es una especificaci\u00f3n est\u00e1ndar para probar la durabilidad de los materiales flexibles. Ayuda a garantizar que los materiales de embalaje puedan soportar tensiones repetidas durante la distribuci\u00f3n, lo que reduce el riesgo de perforaci\u00f3n o falla.<\/li>\n<li><strong>\u00bfSe puede personalizar el comprobador Gelbo Flex para necesidades de pruebas espec\u00edficas?<\/strong><br \/>\nS\u00ed, Cell Instruments ofrece opciones de personalizaci\u00f3n para adaptar el probador Gelbo Flex a fin de satisfacer requisitos de pruebas \u00fanicos en diversas industrias.<\/li>\n<li><strong>\u00bfC\u00f3mo simula el Gelbo Flex Tester las tensiones reales en los envases?<\/strong><br \/>\nEl probador utiliza una combinaci\u00f3n de movimientos de torsi\u00f3n y compresi\u00f3n horizontal para replicar las tensiones repetitivas que experimentan los materiales de embalaje durante el transporte y la manipulaci\u00f3n.<\/li>\n<\/ol>","protected":false},"excerpt":{"rendered":"<p>El <strong>Comprobador de flexi\u00f3n Gelbo<\/strong> es un instrumento esencial para evaluar la durabilidad de los materiales de barrera flexibles, como pel\u00edculas, compuestos y pel\u00edculas de revestimiento. Este dispositivo prueba la capacidad de un material para soportar tensiones repetitivas, lo que es crucial para evitar grietas por flexi\u00f3n y garantizar la integridad del embalaje durante la distribuci\u00f3n. La resistencia a las grietas por flexi\u00f3n es una propiedad vital, ya que minimiza el riesgo de perforaci\u00f3n del paquete, lo que garantiza que el contenido permanezca intacto durante todo el ciclo de vida del embalaje.<\/p>","protected":false},"featured_media":5873,"comment_status":"closed","ping_status":"closed","template":"","meta":{"site-sidebar-layout":"default","site-content-layout":"default","ast-global-header-display":"","ast-main-header-display":"","ast-hfb-above-header-display":"","ast-hfb-below-header-display":"","ast-hfb-mobile-header-display":"","site-post-title":"disabled","ast-breadcrumbs-content":"","ast-featured-img":"disabled","footer-sml-layout":"","theme-transparent-header-meta":"default","adv-header-id-meta":"","stick-header-meta":"","header-above-stick-meta":"","header-main-stick-meta":"","header-below-stick-meta":""},"product_cat":[845,977,149,16,107,95],"product_tag":[1174,1175],"class_list":{"0":"post-3012","1":"product","2":"type-product","3":"status-publish","4":"has-post-thumbnail","6":"product_cat-customization","7":"product_cat-gelbo-flex-tester","8":"product_cat-pharma-and-medical-testers","9":"product_cat-plastic-packaging-testers","10":"product_cat-astm-f392","11":"product_cat-products","12":"product_tag-flex-durability-tester","13":"product_tag-gelbo-flex-tester","14":"desktop-align-left","15":"tablet-align-left","16":"mobile-align-left","18":"first","19":"instock","20":"shipping-taxable","21":"product-type-simple"},"_links":{"self":[{"href":"https:\/\/www.qualitester.com\/es\/wp-json\/wp\/v2\/product\/3012","targetHints":{"allow":["GET"]}}],"collection":[{"href":"https:\/\/www.qualitester.com\/es\/wp-json\/wp\/v2\/product"}],"about":[{"href":"https:\/\/www.qualitester.com\/es\/wp-json\/wp\/v2\/types\/product"}],"replies":[{"embeddable":true,"href":"https:\/\/www.qualitester.com\/es\/wp-json\/wp\/v2\/comments?post=3012"}],"version-history":[{"count":0,"href":"https:\/\/www.qualitester.com\/es\/wp-json\/wp\/v2\/product\/3012\/revisions"}],"wp:featuredmedia":[{"embeddable":true,"href":"https:\/\/www.qualitester.com\/es\/wp-json\/wp\/v2\/media\/5873"}],"wp:attachment":[{"href":"https:\/\/www.qualitester.com\/es\/wp-json\/wp\/v2\/media?parent=3012"}],"wp:term":[{"taxonomy":"product_cat","embeddable":true,"href":"https:\/\/www.qualitester.com\/es\/wp-json\/wp\/v2\/product_cat?post=3012"},{"taxonomy":"product_tag","embeddable":true,"href":"https:\/\/www.qualitester.com\/es\/wp-json\/wp\/v2\/product_tag?post=3012"}],"curies":[{"name":"wp","href":"https:\/\/api.w.org\/{rel}","templated":true}]}}