{"id":2743,"date":"2023-07-17T15:11:03","date_gmt":"2023-07-17T07:11:03","guid":{"rendered":"https:\/\/www.qualitester.com\/?post_type=product&#038;p=2743"},"modified":"2025-06-12T13:59:32","modified_gmt":"2025-06-12T05:59:32","slug":"fdt-01-polypropylene-film-drop-dart-tester","status":"publish","type":"product","link":"https:\/\/www.qualitester.com\/es\/producto\/fdt-01-polypropylene-film-drop-dart-tester\/","title":{"rendered":"Probador de impacto de dardo que cae FDT-01"},"content":{"rendered":"<p>El\u00a0<strong>Probador de impacto de ca\u00edda de dardos <\/strong>es un instrumento fundamental dise\u00f1ado para evaluar la resistencia al impacto de pel\u00edculas pl\u00e1sticas, l\u00e1minas, pel\u00edculas compuestas, l\u00e1minas y papel con un espesor de menos de 1 mm. Esta prueba es esencial para evaluar la capacidad de un material para soportar fuerzas externas, que influyen directamente en el rendimiento y la durabilidad del producto durante la manipulaci\u00f3n, el transporte y el almacenamiento. Al simular condiciones del mundo real, el probador proporciona datos valiosos que ayudan en la selecci\u00f3n de materiales, el dise\u00f1o del producto y el control de calidad.<\/p>\n<h2><strong>\u00bfQu\u00e9 es la prueba de impacto del dardo?<\/strong><\/h2>\n<p>El ensayo de impacto por ca\u00edda de dardo es un m\u00e9todo ampliamente reconocido para determinar la resistencia al impacto de los materiales. Consiste en dejar caer un dardo ponderado desde una altura determinada sobre el material de ensayo para medir la energ\u00eda necesaria para provocar el fallo. Los resultados ayudan a los fabricantes a evaluar la tenacidad de los materiales, garantizando que los productos puedan soportar las tensiones de manipulaci\u00f3n y mantener la integridad en sus aplicaciones.<\/p>\n<div class=\"ast-oembed-container\" style=\"height: 100%;\"><iframe title=\"Probador de impacto de ca\u00edda de dardos sobre l\u00e1minas y pel\u00edculas de pl\u00e1stico M\u00e9todo A y M\u00e9todo B ASTM D1709 ISO 7765-1\" width=\"500\" height=\"281\" src=\"https:\/\/www.youtube.com\/embed\/a3_9M0x3w7U?feature=oembed\" frameborder=\"0\" allow=\"accelerometer; autoplay; clipboard-write; encrypted-media; gyroscope; picture-in-picture; web-share\" referrerpolicy=\"strict-origin-when-cross-origin\" allowfullscreen><\/iframe><\/div>\n<h2><strong>Cumplimiento de normas<\/strong><\/h2>\n<p>El comprobador de impacto Drop Dart cumple con varios est\u00e1ndares internacionales, lo que garantiza resultados confiables y precisos:<\/p>\n<ul>\n<li><span style=\"color: #00ccff;\"><a style=\"color: #00ccff;\" href=\"https:\/\/www.qualitester.com\/es\/standards\/astm-d1709\/\" target=\"_blank\" rel=\"noopener\"><strong><span style=\"color: #75c22c;\">Norma ASTM <\/span><span style=\"color: #75c22c;\">D1709<\/span><\/strong><\/a><\/span>: Esta norma describe el procedimiento para determinar el <strong>resistencia al impacto de las pel\u00edculas de pl\u00e1stico<\/strong> utilizando un dardo en ca\u00edda libre.<\/li>\n<li><a href=\"https:\/\/www.qualitester.com\/es\/standards\/iso\/iso-7765-1\/\" target=\"_blank\" rel=\"noopener\"><strong><span style=\"color: #75c22c;\">ISO 7765-1<\/span><\/strong><\/a>: Norma internacional para<strong> pruebas de impacto de pel\u00edculas de pl\u00e1stico<\/strong>.<\/li>\n<li><strong>Norma JIS K7124-1<\/strong>: Norma industrial japonesa para evaluar la <strong>rendimiento de impacto de las pel\u00edculas<\/strong>.<\/li>\n<li><strong>GB\/T 9639.1<\/strong>: Norma nacional china en consonancia con las pr\u00e1cticas mundiales para <strong>resistencia al impacto del material<\/strong>.<\/li>\n<\/ul>\n<h2><strong>Caracter\u00edsticas principales del comprobador de impacto Drop Dart<\/strong><\/h2>\n<ol>\n<li><strong>Control PLC y operaci\u00f3n con pantalla t\u00e1ctil<\/strong><\/li>\n<li><strong>M\u00e9todos de prueba duales<\/strong>\n<ul>\n<li><strong>M\u00e9todo A<\/strong>: Adecuado para un di\u00e1metro de dardo de 38 \u00b1 1 mm y una altura de ca\u00edda de 660 mm.<\/li>\n<li><strong>M\u00e9todo B<\/strong>\u00a0(opcional): Dise\u00f1ado para un di\u00e1metro de dardo de 50 \u00b1 1 mm y una altura de ca\u00edda de 1500 mm.<\/li>\n<\/ul>\n<\/li>\n<li><strong>Funcionamiento seguro y c\u00f3modo: <\/strong>Equipado con un bot\u00f3n de prueba y un interruptor de pedal.<\/li>\n<li><strong>C\u00e1lculos automatizados: <\/strong>El programa integrado calcula autom\u00e1ticamente los resultados en gramos y julios.<\/li>\n<li><strong>Luz de observaci\u00f3n y sujeci\u00f3n neum\u00e1tica: <\/strong>La luz de observaci\u00f3n ayuda a controlar la muestra durante las pruebas, mientras que la pinza neum\u00e1tica garantiza una sujeci\u00f3n segura de la muestra.<\/li>\n<li><strong>Salida de datos: <\/strong>El comprobador incluye una microimpresora de matriz de puntos para la salida directa de datos.<\/li>\n<li><strong>Integraci\u00f3n de software: <\/strong>El software profesional opcional mejora la gesti\u00f3n de datos y la capacidad de elaboraci\u00f3n de informes.<\/li>\n<\/ol>\n<h2><strong>Especificaciones t\u00e9cnicas<\/strong><\/h2>\n<table style=\"height: 433px;\" width=\"799\">\n<tbody>\n<tr>\n<td width=\"162\">\n<p style=\"text-align: center;\">M\u00e9todo de prueba M\u00e9todo<\/p>\n<\/td>\n<td width=\"274\">\n<p style=\"text-align: center;\">M\u00e9todo A o B (opcional)<\/p>\n<\/td>\n<\/tr>\n<tr>\n<td width=\"162\">\n<p style=\"text-align: center;\">Campo de pruebas<\/p>\n<\/td>\n<td style=\"text-align: center;\" width=\"274\">M\u00e9todo A: 50~2000g\/<br \/>\nM\u00e9todo B: 300~2000 g<\/td>\n<\/tr>\n<tr>\n<td width=\"162\">\n<p style=\"text-align: center;\">Di\u00e1metro del dardo<\/p>\n<\/td>\n<td style=\"text-align: center;\" width=\"274\">M\u00e9todo A: 38 \u00b1 1 mm<br \/>\nM\u00e9todo B: 50 \u00b1 1 mm<\/td>\n<\/tr>\n<tr>\n<td style=\"text-align: center;\" width=\"162\">Altura del impacto<\/td>\n<td width=\"274\">\n<p style=\"text-align: center;\">660 mm\/1500 mm<\/p>\n<\/td>\n<\/tr>\n<tr>\n<td width=\"162\">\n<p style=\"text-align: center;\">Exactitud<\/p>\n<\/td>\n<td style=\"text-align: center;\" width=\"274\">0,1 g (0,1 J)<\/td>\n<\/tr>\n<tr>\n<td style=\"text-align: center;\" width=\"162\">Abrazadera<\/td>\n<td width=\"274\">\n<p style=\"text-align: center;\">Abrazadera neum\u00e1tica<\/p>\n<\/td>\n<\/tr>\n<tr>\n<td width=\"162\">\n<p style=\"text-align: center;\">Suministro de gas<\/p>\n<\/td>\n<td style=\"text-align: center;\" width=\"274\">Tubo de PU de 0,6 MPa y \u03a68 mm<\/td>\n<\/tr>\n<tr>\n<td style=\"text-align: center;\" width=\"162\">Tama\u00f1o de la muestra<\/td>\n<td width=\"274\">\n<p style=\"text-align: center;\">&gt; 150 mm x 150 mm<\/p>\n<\/td>\n<\/tr>\n<tr>\n<td width=\"162\">\n<p style=\"text-align: center;\">Fuente de alimentaci\u00f3n<\/p>\n<\/td>\n<td style=\"text-align: center;\" width=\"274\">CA 110 ~ 220 V 50 Hz<\/td>\n<\/tr>\n<tr>\n<td style=\"text-align: center;\" width=\"162\">Dimensi\u00f3n<\/td>\n<td width=\"274\">\n<p style=\"text-align: center;\">M\u00e9todo A: 500*450*1200 mm (largo x ancho x alto)<br \/>\nM\u00e9todo B: 500*450*2200 mm (largo x ancho x alto)<\/p>\n<\/td>\n<\/tr>\n<\/tbody>\n<\/table>\n<h2><strong>Aplicaciones de la m\u00e1quina de ensayo de impacto de ca\u00edda de dardo<\/strong><\/h2>\n<p>El comprobador de impacto Drop Dart es ideal para:<\/p>\n<ul>\n<li><strong>Pel\u00edculas y l\u00e1minas de pl\u00e1stico<\/strong>\u00a0Se utiliza en el embalaje y protecci\u00f3n del producto.<\/li>\n<li><strong>Pel\u00edculas y l\u00e1minas compuestas<\/strong>\u00a0requiriendo evaluaci\u00f3n de resistencia al impacto.<\/li>\n<li><strong>Materiales de papel<\/strong>\u00a0sometidos a tensiones de manipulaci\u00f3n.<\/li>\n<\/ul>\n<h2><strong>Ventajas de la prueba de impacto de ca\u00edda de dardos<\/strong><\/h2>\n<ul>\n<li><strong>Control de calidad mejorado<\/strong>:Garantiza que los materiales cumplan con los est\u00e1ndares de durabilidad antes de su uso.<\/li>\n<li><strong>Dise\u00f1o de producto mejorado<\/strong>:Proporciona informaci\u00f3n sobre el rendimiento del material, lo que ayuda a lograr un dise\u00f1o \u00f3ptimo.<\/li>\n<li><strong>Eficiencia de costos<\/strong>:Reduce el desperdicio de material al identificar tempranamente los puntos d\u00e9biles.<\/li>\n<\/ul>\n<h2><strong>Preguntas frecuentes sobre el probador de impacto Drop Dart<\/strong><\/h2>\n<ol>\n<li><strong>\u00bfPor qu\u00e9 es importante la prueba de impacto del dardo?<\/strong><br \/>\nDetermina la tenacidad de los materiales simulando condiciones de impacto del mundo real, lo que ayuda a garantizar la confiabilidad del producto.<\/li>\n<li><strong>\u00bfQu\u00e9 industrias se benefician del uso de este probador?<\/strong><br \/>\nLas industrias como la del embalaje, la alimentaci\u00f3n, la medicina y la farmac\u00e9utica se benefician de la evaluaci\u00f3n de la resistencia al impacto de los materiales.<\/li>\n<li><strong>\u00bfCu\u00e1l es la importancia de la norma ASTM D1709?<\/strong><br \/>\n<a href=\"https:\/\/www.astm.org\/d1709-22.html\" target=\"_blank\" rel=\"nofollow noopener\">ASTM D1709<\/a> proporciona procedimientos normalizados para realizar las pruebas de impacto de dardos, garantizando la coherencia y fiabilidad de los resultados.<\/li>\n<li><strong>\u00bfC\u00f3mo funciona el sistema de sujeci\u00f3n neum\u00e1tico?<\/strong><br \/>\nEl sistema neum\u00e1tico mantiene la muestra en su lugar de forma segura, evitando el movimiento durante la prueba y garantizando resultados precisos.<\/li>\n<li><strong>\u00bfSe pueden exportar los resultados para un an\u00e1lisis posterior?<\/strong><br \/>\nS\u00ed, el probador incluye una impresora incorporada para obtener resultados inmediatos y un software opcional para la gesti\u00f3n detallada de datos.<\/li>\n<\/ol>","protected":false},"excerpt":{"rendered":"<p>El <strong>Probador de impacto de dardos de ca\u00edda libre<\/strong> se utiliza para medir la resistencia al impacto de pel\u00edculas de pl\u00e1stico, materiales de envasado y otros materiales finos. La prueba determina la energ\u00eda necesaria para provocar un fallo al dejar caer un dardo con peso desde una altura especificada sobre el material. Sigue normas como <strong>ASTM D1709<\/strong> y <strong>ISO 7765-1<\/strong>.<\/p>","protected":false},"featured_media":5961,"comment_status":"closed","ping_status":"closed","template":"","meta":{"site-sidebar-layout":"default","site-content-layout":"default","ast-global-header-display":"","ast-main-header-display":"","ast-hfb-above-header-display":"","ast-hfb-below-header-display":"","ast-hfb-mobile-header-display":"","site-post-title":"disabled","ast-breadcrumbs-content":"","ast-featured-img":"disabled","footer-sml-layout":"","theme-transparent-header-meta":"default","adv-header-id-meta":"","stick-header-meta":"","header-above-stick-meta":"","header-main-stick-meta":"","header-below-stick-meta":""},"product_cat":[845,684,44,149,16,111,169,95],"product_tag":[],"class_list":{"0":"post-2743","1":"product","2":"type-product","3":"status-publish","4":"has-post-thumbnail","6":"product_cat-customization","7":"product_cat-impact-tester","8":"product_cat-paper-and-board-testers","9":"product_cat-pharma-and-medical-testers","10":"product_cat-plastic-packaging-testers","11":"product_cat-astm-d1709","12":"product_cat-iso-7765-1","13":"product_cat-products","14":"desktop-align-left","15":"tablet-align-left","16":"mobile-align-left","18":"first","19":"instock","20":"shipping-taxable","21":"product-type-simple"},"_links":{"self":[{"href":"https:\/\/www.qualitester.com\/es\/wp-json\/wp\/v2\/product\/2743","targetHints":{"allow":["GET"]}}],"collection":[{"href":"https:\/\/www.qualitester.com\/es\/wp-json\/wp\/v2\/product"}],"about":[{"href":"https:\/\/www.qualitester.com\/es\/wp-json\/wp\/v2\/types\/product"}],"replies":[{"embeddable":true,"href":"https:\/\/www.qualitester.com\/es\/wp-json\/wp\/v2\/comments?post=2743"}],"version-history":[{"count":0,"href":"https:\/\/www.qualitester.com\/es\/wp-json\/wp\/v2\/product\/2743\/revisions"}],"wp:featuredmedia":[{"embeddable":true,"href":"https:\/\/www.qualitester.com\/es\/wp-json\/wp\/v2\/media\/5961"}],"wp:attachment":[{"href":"https:\/\/www.qualitester.com\/es\/wp-json\/wp\/v2\/media?parent=2743"}],"wp:term":[{"taxonomy":"product_cat","embeddable":true,"href":"https:\/\/www.qualitester.com\/es\/wp-json\/wp\/v2\/product_cat?post=2743"},{"taxonomy":"product_tag","embeddable":true,"href":"https:\/\/www.qualitester.com\/es\/wp-json\/wp\/v2\/product_tag?post=2743"}],"curies":[{"name":"wp","href":"https:\/\/api.w.org\/{rel}","templated":true}]}}