{"id":2636,"date":"2023-06-29T09:53:14","date_gmt":"2023-06-29T01:53:14","guid":{"rendered":"https:\/\/www.qualitester.com\/?post_type=product&#038;p=2636"},"modified":"2024-12-05T09:38:10","modified_gmt":"2024-12-05T01:38:10","slug":"sld-01-elimendorf-tear-resistance-testing-machine","status":"publish","type":"product","link":"https:\/\/www.qualitester.com\/es\/producto\/sld-01-elimendorf-tear-resistance-testing-machine\/","title":{"rendered":"Probador de desgarro SLD-01"},"content":{"rendered":"<h2>Introducci\u00f3n a la prueba de l\u00e1grimas<\/h2>\n<p>La resistencia al desgarro, tambi\u00e9n conocida como resistencia al desgarro, es una propiedad mec\u00e1nica crucial que mide qu\u00e9 tan bien un material puede resistir fuerzas de desgarro. Esta propiedad es esencial en industrias donde la durabilidad del material es cr\u00edtica, como el embalaje, los textiles, el embalaje de dispositivos m\u00e9dicos y m\u00e1s. <strong>m\u00e1quina de prueba de desgarro<\/strong> es una herramienta vital para que los fabricantes eval\u00faen la resistencia al desgarro de una amplia gama de materiales. Esta prueba proporciona datos valiosos para garantizar que los productos cumplan con los est\u00e1ndares de rendimiento y puedan soportar las fuerzas que se encuentran durante la manipulaci\u00f3n, el transporte y el uso.<\/p>\n<p>El <strong>Probador de desgarro SLD-01<\/strong> Est\u00e1 dise\u00f1ado para ofrecer una medici\u00f3n precisa y confiable de la resistencia al desgarro en materiales como papel, pel\u00edculas pl\u00e1sticas, textiles y otros materiales flexibles. Es un instrumento esencial para el control de calidad y la selecci\u00f3n de materiales en una variedad de industrias.<\/p>\n<h2>\u00bfQu\u00e9 es una prueba de resistencia al desgarro?<\/h2>\n<h3>Comprender la resistencia al desgarro<\/h3>\n<p>El <strong>prueba de resistencia al desgarro<\/strong> Mide la fuerza necesaria para propagar un desgarro a trav\u00e9s de un material. Esta prueba ayuda a determinar la capacidad del material para soportar fuerzas de desgarro, lo que proporciona informaci\u00f3n valiosa sobre su durabilidad y rendimiento. La resistencia al desgarro es especialmente importante para los materiales de embalaje, los textiles y los envases m\u00e9dicos, donde la falla del material podr\u00eda comprometer la integridad o la seguridad del producto.<\/p>\n<p>En esta prueba, un material de muestra se somete a una fuerza controlada para propagar un desgarro, y la energ\u00eda necesaria para propagar ese desgarro se utiliza para determinar la resistencia al desgarro. <strong>m\u00e1quina de prueba de desgarro<\/strong> Est\u00e1 dise\u00f1ado para medir esta fuerza con alta precisi\u00f3n, garantizando que los fabricantes puedan evaluar de manera confiable la resistencia al desgarro del material.<\/p>\n<h2>Normas clave para m\u00e1quinas de prueba de desgarro<\/h2>\n<p>El <strong>m\u00e1quina de prueba de desgarro<\/strong> Est\u00e1 dise\u00f1ado para cumplir con varios est\u00e1ndares reconocidos internacionalmente, lo que garantiza la consistencia y confiabilidad de los resultados de las pruebas. A continuaci\u00f3n, se presentan algunos de los est\u00e1ndares m\u00e1s importantes para las pruebas de resistencia al desgarro:<\/p>\n<h3>ASTM D1922 \u2013 M\u00e9todo de prueba est\u00e1ndar para la prueba de cuchilla de propagaci\u00f3n<\/h3>\n<p><a href=\"https:\/\/www.qualitester.com\/es\/categoria-producto\/astm\/astm-d1922\/\" target=\"_blank\" rel=\"noopener\"><strong>ASTM D1922<\/strong><\/a> es una de las normas m\u00e1s utilizadas para medir la resistencia al desgarro en pel\u00edculas de pl\u00e1stico y papel. Esta norma describe un m\u00e9todo de prueba en el que se utiliza un dispositivo de p\u00e9ndulo para iniciar y propagar un desgarro en el material.<\/p>\n<ul>\n<li><strong>M\u00e9todo de prueba:<\/strong> Se corta la muestra y se suelta el p\u00e9ndulo para propagar el desgarro. Se mide la energ\u00eda necesaria para propagar el desgarro y se utiliza para determinar la resistencia al desgarro.<\/li>\n<li><strong>Enfoque material:<\/strong> Se utiliza principalmente para pel\u00edculas de papel y pl\u00e1stico.<\/li>\n<li><strong>Pertinencia:<\/strong> Ampliamente utilizado en embalajes y otras industrias para evaluar la resistencia al desgarro de los materiales.<\/li>\n<\/ul>\n<h3>ASTM D1424 \u2013 M\u00e9todo de prueba est\u00e1ndar para la resistencia al desgarro del papel y el cart\u00f3n<\/h3>\n<p><a href=\"https:\/\/www.qualitester.com\/es\/categoria-producto\/astm\/astm-d1424\/\" target=\"_blank\" rel=\"noopener\"><strong>ASTM D1424<\/strong><\/a> Es una norma que mide la resistencia al desgarro de los materiales de cart\u00f3n. Esta prueba se utiliza a menudo en la industria del embalaje para evaluar la resistencia de las cajas de cart\u00f3n y otros productos de papel.<\/p>\n<ul>\n<li><strong>M\u00e9todo de prueba:<\/strong> La prueba de desgarro por p\u00e9ndulo se utiliza para medir la fuerza necesaria para propagar un desgarro a trav\u00e9s del material.<\/li>\n<li><strong>Enfoque material:<\/strong> Materiales de papel y cart\u00f3n.<\/li>\n<li><strong>Pertinencia:<\/strong> Fundamental para probar materiales de embalaje, especialmente en la producci\u00f3n de embalajes de cart\u00f3n.<\/li>\n<\/ul>\n<h3>ASTM D689 \u2013 Gu\u00eda est\u00e1ndar para m\u00e9todos de prueba de desgarro de papel y cart\u00f3n<\/h3>\n<p><a href=\"https:\/\/www.qualitester.com\/es\/categoria-producto\/astm\/astm-d689\/\" target=\"_blank\" rel=\"noopener\"><strong>ASTM D689<\/strong><\/a> Proporciona una gu\u00eda para seleccionar m\u00e9todos de prueba de desgarro para materiales de papel y cart\u00f3n. Esta norma es especialmente \u00fatil cuando hay diferentes m\u00e9todos de prueba de desgarro disponibles y ayuda a los usuarios a elegir la prueba m\u00e1s adecuada seg\u00fan el tipo de material y la aplicaci\u00f3n.<\/p>\n<ul>\n<li><strong>M\u00e9todo de prueba:<\/strong> Proporciona orientaci\u00f3n para seleccionar el m\u00e9todo de prueba de desgarro m\u00e1s adecuado.<\/li>\n<li><strong>Enfoque material:<\/strong> Materiales de papel y cart\u00f3n.<\/li>\n<li><strong>Pertinencia:<\/strong> Ayuda a garantizar que los fabricantes seleccionen el m\u00e9todo de prueba correcto para sus materiales.<\/li>\n<\/ul>\n<h3>ISO 6383 \u2013 Pel\u00edculas y l\u00e1minas de pl\u00e1stico: determinaci\u00f3n de la resistencia al desgarro<\/h3>\n<p><a href=\"https:\/\/www.qualitester.com\/es\/categoria-producto\/iso\/iso-6383\/\" target=\"_blank\" rel=\"noopener\"><strong>ISO 6383<\/strong><\/a> especifica un m\u00e9todo para medir la resistencia al desgarro de pel\u00edculas y l\u00e1minas de pl\u00e1stico. Esta norma es fundamental para evaluar la durabilidad de los materiales de embalaje de pl\u00e1stico, que deben soportar tensiones durante la manipulaci\u00f3n y el uso.<\/p>\n<ul>\n<li><strong>M\u00e9todo de prueba:<\/strong> La prueba implica el uso de un probador de p\u00e9ndulo para medir la resistencia al desgarro de las pel\u00edculas de pl\u00e1stico.<\/li>\n<li><strong>Enfoque material:<\/strong> Pel\u00edculas y l\u00e1minas de pl\u00e1stico.<\/li>\n<li><strong>Pertinencia:<\/strong> Imprescindible para probar la resistencia al desgarro en envases de pl\u00e1stico.<\/li>\n<\/ul>\n<h3>ISO 1974 \u2013 Pl\u00e1sticos: Pel\u00edculas y l\u00e1minas \u2013 Determinaci\u00f3n de la resistencia al desgarro mediante el m\u00e9todo del p\u00e9ndulo<\/h3>\n<p><a href=\"https:\/\/www.qualitester.com\/es\/categoria-producto\/iso\/iso-1974\/\" target=\"_blank\" rel=\"noopener\"><strong>ISO 1974<\/strong><\/a> Proporciona un m\u00e9todo estandarizado para medir la resistencia al desgarro de pel\u00edculas y l\u00e1minas de pl\u00e1stico, similar a las normas ASTM pero con un enfoque global. Esta prueba se utiliza para garantizar que las pel\u00edculas de pl\u00e1stico cumplan con los est\u00e1ndares internacionales de calidad de resistencia al desgarro.<\/p>\n<ul>\n<li><strong>M\u00e9todo de prueba:<\/strong> Se utiliza una prueba de desgarro por p\u00e9ndulo para medir la energ\u00eda necesaria para propagar un desgarro a trav\u00e9s de la pel\u00edcula de pl\u00e1stico.<\/li>\n<li><strong>Enfoque material:<\/strong> Se utiliza principalmente para pel\u00edculas y l\u00e1minas de pl\u00e1stico.<\/li>\n<li><strong>Pertinencia:<\/strong> Importante para fabricantes de envases de pl\u00e1stico y productos de pel\u00edcula.<\/li>\n<\/ul>\n<h2>Proceso de prueba para la m\u00e1quina de prueba de desgarro (SLD-01 Tear Tester)<\/h2>\n<h3>C\u00f3mo funciona el comprobador de desgarros SLD-01<\/h3>\n<p>El <strong>Probador de desgarro SLD-01<\/strong> Utiliza un mecanismo de p\u00e9ndulo preciso para determinar la resistencia al desgarro de los materiales. As\u00ed es como funciona el proceso:<\/p>\n<ol>\n<li><strong>Preparaci\u00f3n de la muestra:<\/strong> Se hace una ranura en el material, normalmente a 43 mm del borde.<\/li>\n<li><strong>Liberaci\u00f3n del p\u00e9ndulo:<\/strong> El p\u00e9ndulo se lanza desde una altura fija y propaga el desgarro a trav\u00e9s del material.<\/li>\n<li><strong>Medici\u00f3n:<\/strong> La energ\u00eda perdida por el p\u00e9ndulo se mide y se utiliza para calcular la fuerza promedio necesaria para propagar el desgarro, proporcionando una medici\u00f3n precisa de la resistencia al desgarro del material.<\/li>\n<\/ol>\n<p>Este proceso est\u00e1 totalmente automatizado y controlado por un sistema PLC, lo que garantiza la consistencia y precisi\u00f3n de cada prueba.<\/p>\n<h2>Caracter\u00edsticas t\u00e9cnicas del comprobador de desgarros SLD-01<\/h2>\n<ul>\n<li><strong>Control PLC y pantalla t\u00e1ctil HMI:<\/strong> El probador est\u00e1 equipado con un controlador l\u00f3gico programable (PLC) de grado industrial y una pantalla t\u00e1ctil de interfaz hombre-m\u00e1quina (HMI) para un control preciso y facilidad de operaci\u00f3n.<\/li>\n<li><strong>Amplio rango de pruebas:<\/strong> Se adapta a distintos materiales, desde pel\u00edculas finas hasta cart\u00f3n grueso, con configuraciones personalizables para diferentes materiales.<\/li>\n<li><strong>Sujeci\u00f3n neum\u00e1tica de muestras:<\/strong> Garantiza un agarre seguro y constante de la muestra para obtener resultados de prueba confiables.<\/li>\n<li><strong>Recopilaci\u00f3n autom\u00e1tica de datos:<\/strong> Recopila autom\u00e1ticamente datos de prueba y almacena los resultados para su an\u00e1lisis.<\/li>\n<li><strong>Microimpresora:<\/strong> Incluye una microimpresora incorporada para impresiones inmediatas de los resultados de las pruebas.<\/li>\n<li><strong>Puerto RS-232 y software opcional:<\/strong> Permite la exportaci\u00f3n de datos y el an\u00e1lisis avanzado con software opcional para informes completos.<\/li>\n<\/ul>\n<h2>\u00c1reas de aplicaci\u00f3n de la m\u00e1quina de prueba de desgarro<\/h2>\n<ul>\n<li><strong>Industria del embalaje:<\/strong> Garantiza que los materiales de embalaje, como papel, pel\u00edculas de pl\u00e1stico y cart\u00f3n, cumplan con los est\u00e1ndares de durabilidad.<\/li>\n<li><strong>Embalaje de dispositivos m\u00e9dicos:<\/strong> Eval\u00faa la resistencia al desgarro de los materiales de embalaje utilizados en aplicaciones m\u00e9dicas para garantizar la protecci\u00f3n y la seguridad.<\/li>\n<li><strong>Textiles:<\/strong> Prueba las telas para determinar su resistencia al desgarro y garantizar que sean adecuadas para prendas de vestir, tapizados y otras aplicaciones.<\/li>\n<li><strong>Alimentos y bebidas:<\/strong> Valida la resistencia al desgarro en materiales de embalaje que protegen los productos alimenticios y bebidas de la contaminaci\u00f3n y los da\u00f1os.<\/li>\n<\/ul>\n<p>El <strong>m\u00e1quina de prueba de desgarro<\/strong> es una herramienta esencial para las industrias que dependen de la durabilidad de los materiales. Ya sea que est\u00e9 probando papel, pel\u00edculas pl\u00e1sticas o textiles, el <strong>Probador de desgarro SLD-01<\/strong> ofrece resultados precisos y repetibles que garantizan que los materiales cumplan con los est\u00e1ndares de calidad necesarios. Cumpliendo con los est\u00e1ndares de la industria como <a href=\"https:\/\/www.astm.org\/d1922-15r20.html\" target=\"_blank\" rel=\"noopener nofollow\"><strong>ASTM D1922<\/strong><\/a>, <a href=\"https:\/\/www.astm.org\/d1424-21.html\" target=\"_blank\" rel=\"noopener nofollow\"><strong>ASTM D1424<\/strong><\/a>, <a href=\"https:\/\/www.astm.org\/d0689-17.html\" target=\"_blank\" rel=\"noopener nofollow\"><strong>ASTM D689<\/strong><\/a>, <strong>ISO 6383<\/strong>, y <strong>ISO 1974<\/strong>Este comprobador es ideal para los fabricantes que necesitan datos fiables sobre la resistencia al desgarro de sus productos. Aseg\u00farese de que sus materiales cumplan con los est\u00e1ndares de rendimiento y entregue productos de alta calidad con el comprobador de resistencia al desgarro SLD-01.<\/p>\n<h2>Preguntas frecuentes<\/h2>\n<p><strong>1. \u00bfQu\u00e9 materiales se pueden probar con la m\u00e1quina de prueba de desgarro?<\/strong><br \/>\nLa m\u00e1quina de prueba de desgarro se puede utilizar para probar materiales como papel, cart\u00f3n, pel\u00edculas de pl\u00e1stico, textiles y otros materiales flexibles.<\/p>\n<p><strong>2. \u00bfC\u00f3mo funciona la prueba de resistencia al desgarro?<\/strong><br \/>\nLa prueba de resistencia al desgarro implica crear una peque\u00f1a hendidura en el material y utilizar un mecanismo de p\u00e9ndulo para propagar el desgarro. La energ\u00eda perdida por el p\u00e9ndulo se mide y se utiliza para calcular la resistencia al desgarro.<\/p>\n<p><strong>3. \u00bfQu\u00e9 es ASTM D1922 y por qu\u00e9 es importante?<\/strong><br \/>\nASTM D1922 es un m\u00e9todo de prueba est\u00e1ndar para medir la resistencia al desgarro de pel\u00edculas de papel y pl\u00e1stico. Garantiza que los materiales de embalaje cumplan con los est\u00e1ndares de durabilidad requeridos para su uso en el mundo real.<\/p>\n<p><strong>4. \u00bfEn qu\u00e9 se diferencia el comprobador de l\u00e1grimas SLD-01 de otros comprobadores de l\u00e1grimas?<\/strong><br \/>\nEl probador de desgarro SLD-01 cuenta con un sistema de control PLC, amplio rango de prueba, sujeci\u00f3n neum\u00e1tica de la muestra y recopilaci\u00f3n autom\u00e1tica de datos, lo que lo hace m\u00e1s eficiente y preciso en comparaci\u00f3n con otros modelos.<\/p>\n<p><strong>5. \u00bfSe puede utilizar la m\u00e1quina de prueba de desgarro para materiales de embalaje m\u00e9dicos?<\/strong><br \/>\nS\u00ed, la m\u00e1quina de prueba de desgarro es ideal para probar materiales de embalaje m\u00e9dicos para garantizar que cumplan con los est\u00e1ndares de durabilidad y seguridad necesarios para los productos m\u00e9dicos.<\/p>","protected":false},"excerpt":{"rendered":"<p>La resistencia al desgarro, tambi\u00e9n conocida como resistencia al desgarro, es una propiedad mec\u00e1nica crucial que mide qu\u00e9 tan bien un material puede resistir fuerzas de desgarro. Esta propiedad es esencial en industrias donde la durabilidad del material es cr\u00edtica, como el embalaje, los textiles, el embalaje de dispositivos m\u00e9dicos y m\u00e1s. <strong>m\u00e1quina de prueba de desgarro<\/strong> es una herramienta vital para que los fabricantes eval\u00faen la resistencia al desgarro de una amplia gama de materiales. Esta prueba proporciona datos valiosos para garantizar que los productos cumplan con los est\u00e1ndares de rendimiento y puedan soportar las fuerzas que se encuentran durante la manipulaci\u00f3n, el transporte y el uso.<\/p>","protected":false},"featured_media":5998,"comment_status":"closed","ping_status":"closed","template":"","meta":{"site-sidebar-layout":"default","site-content-layout":"default","ast-global-header-display":"","ast-main-header-display":"","ast-hfb-above-header-display":"","ast-hfb-below-header-display":"","ast-hfb-mobile-header-display":"","site-post-title":"disabled","ast-breadcrumbs-content":"","ast-featured-img":"disabled","footer-sml-layout":"","theme-transparent-header-meta":"default","adv-header-id-meta":"","stick-header-meta":"","header-above-stick-meta":"","header-main-stick-meta":"","header-below-stick-meta":""},"product_cat":[845,680,44,149,16,119,121,137,159,165,95],"product_tag":[],"class_list":{"0":"post-2636","1":"product","2":"type-product","3":"status-publish","4":"has-post-thumbnail","6":"product_cat-customization","7":"product_cat-tear-tester","8":"product_cat-paper-and-board-testers","9":"product_cat-pharma-and-medical-testers","10":"product_cat-plastic-packaging-testers","11":"product_cat-astm-d1424","12":"product_cat-astm-d1922","13":"product_cat-astm-d689","14":"product_cat-iso-1974","15":"product_cat-iso-6383","16":"product_cat-products","17":"desktop-align-left","18":"tablet-align-left","19":"mobile-align-left","21":"first","22":"instock","23":"featured","24":"shipping-taxable","25":"product-type-simple"},"_links":{"self":[{"href":"https:\/\/www.qualitester.com\/es\/wp-json\/wp\/v2\/product\/2636","targetHints":{"allow":["GET"]}}],"collection":[{"href":"https:\/\/www.qualitester.com\/es\/wp-json\/wp\/v2\/product"}],"about":[{"href":"https:\/\/www.qualitester.com\/es\/wp-json\/wp\/v2\/types\/product"}],"replies":[{"embeddable":true,"href":"https:\/\/www.qualitester.com\/es\/wp-json\/wp\/v2\/comments?post=2636"}],"version-history":[{"count":0,"href":"https:\/\/www.qualitester.com\/es\/wp-json\/wp\/v2\/product\/2636\/revisions"}],"wp:featuredmedia":[{"embeddable":true,"href":"https:\/\/www.qualitester.com\/es\/wp-json\/wp\/v2\/media\/5998"}],"wp:attachment":[{"href":"https:\/\/www.qualitester.com\/es\/wp-json\/wp\/v2\/media?parent=2636"}],"wp:term":[{"taxonomy":"product_cat","embeddable":true,"href":"https:\/\/www.qualitester.com\/es\/wp-json\/wp\/v2\/product_cat?post=2636"},{"taxonomy":"product_tag","embeddable":true,"href":"https:\/\/www.qualitester.com\/es\/wp-json\/wp\/v2\/product_tag?post=2636"}],"curies":[{"name":"wp","href":"https:\/\/api.w.org\/{rel}","templated":true}]}}