{"id":2525,"date":"2023-06-21T13:51:49","date_gmt":"2023-06-21T05:51:49","guid":{"rendered":"https:\/\/www.qualitester.com\/?post_type=product&#038;p=2525"},"modified":"2024-12-05T13:11:38","modified_gmt":"2024-12-05T05:11:38","slug":"per-01-glass-bottle-verticality-testing-machine","status":"publish","type":"product","link":"https:\/\/www.qualitester.com\/es\/producto\/per-01-glass-bottle-verticality-testing-machine\/","title":{"rendered":"Comprobador de perpendicularidad de botellas PER-01"},"content":{"rendered":"<h2>Introducci\u00f3n del producto del comprobador de perpendicularidad de botellas<\/h2>\n<p>En Cell Instruments, nos especializamos en proporcionar instrumentos de prueba de materiales de alta calidad a una amplia gama de industrias. <strong><em><span style=\"text-decoration: underline;\">Comprobador de perpendicularidad de botellas<\/span><\/em><\/strong> es un dispositivo de \u00faltima generaci\u00f3n dise\u00f1ado para garantizar la perpendicularidad precisa de las botellas, lo que es crucial para mantener la integridad y la calidad de los productos embotellados. Este instrumento es esencial para industrias como la del envasado, la alimentaci\u00f3n y las bebidas, la farmac\u00e9utica y las agencias de inspecci\u00f3n de calidad. Con sus funciones avanzadas y su cumplimiento de las normas ISO 9008, el comprobador de perpendicularidad de botellas es una herramienta valiosa para cualquier proceso de control de calidad.<\/p>\n<p><img fetchpriority=\"high\" decoding=\"async\" class=\"wp-image-4283 aligncenter\" src=\"https:\/\/www.qualitester.com\/wp-content\/uploads\/2023\/06\/PER-01-Bottle-Perpendicularity-Tester-2.png\" alt=\"Comprobador de perpendicularidad de botellas\" width=\"500\" height=\"540\" srcset=\"https:\/\/www.qualitester.com\/wp-content\/uploads\/2023\/06\/PER-01-Bottle-Perpendicularity-Tester-2.png 2426w, https:\/\/www.qualitester.com\/wp-content\/uploads\/2023\/06\/PER-01-Bottle-Perpendicularity-Tester-2-278x300.png 278w, https:\/\/www.qualitester.com\/wp-content\/uploads\/2023\/06\/PER-01-Bottle-Perpendicularity-Tester-2-949x1024.png 949w, https:\/\/www.qualitester.com\/wp-content\/uploads\/2023\/06\/PER-01-Bottle-Perpendicularity-Tester-2-768x829.png 768w, https:\/\/www.qualitester.com\/wp-content\/uploads\/2023\/06\/PER-01-Bottle-Perpendicularity-Tester-2-1423x1536.png 1423w, https:\/\/www.qualitester.com\/wp-content\/uploads\/2023\/06\/PER-01-Bottle-Perpendicularity-Tester-2-1898x2048.png 1898w, https:\/\/www.qualitester.com\/wp-content\/uploads\/2023\/06\/PER-01-Bottle-Perpendicularity-Tester-2-600x647.png 600w\" sizes=\"(max-width: 500px) 100vw, 500px\" \/><\/p>\n<h2><strong>Caracter\u00edsticas principales<\/strong><\/h2>\n<h3>1. C\u00f3modo ajuste de la sonda<\/h3>\n<p>El comprobador de perpendicularidad de botellas est\u00e1 equipado con una sonda altamente ajustable, lo que permite una alineaci\u00f3n f\u00e1cil y precisa con la botella. Esta caracter\u00edstica garantiza que las mediciones sean consistentes y precisas, lo que reduce la probabilidad de errores.<\/p>\n<h3>2. Precisi\u00f3n de lectura excepcional<\/h3>\n<p>La precisi\u00f3n es fundamental en el control de calidad y nuestro comprobador ofrece una precisi\u00f3n excepcional. Proporciona mediciones sumamente precisas de la perpendicularidad de las botellas, lo que garantiza que cada una de ellas cumpla con las especificaciones y los est\u00e1ndares requeridos.<\/p>\n<h3>3. Rotaci\u00f3n de muestras consistente<\/h3>\n<p>Para garantizar una prueba uniforme, el comprobador de perpendicularidad de botellas presenta una rotaci\u00f3n de muestra constante. Esto garantiza que la botella se mida en varios puntos, lo que proporciona una evaluaci\u00f3n integral de su perpendicularidad.<\/p>\n<h3>4. Cumplimiento de las especificaciones de muestra<\/h3>\n<p>El probador cumple estrictamente las especificaciones de la muestra, lo que garantiza que todas las mediciones cumplan con los est\u00e1ndares de la industria. Esto es particularmente importante para el cumplimiento de la norma ISO 9008, que especifica los requisitos para los materiales y contenedores de embalaje.<\/p>\n<h3>5. Exportaci\u00f3n de datos opcional a Excel para PC<\/h3>\n<p>Para una mejor gesti\u00f3n de los datos, el comprobador de perpendicularidad de botellas ofrece una funci\u00f3n de exportaci\u00f3n de datos opcional. Esto permite a los usuarios exportar los resultados de las pruebas directamente a Excel para PC, lo que facilita el an\u00e1lisis y la elaboraci\u00f3n de informes de datos.<\/p>\n<h2>M\u00e9todos de prueba<\/h2>\n<h3>Principio de funcionamiento<\/h3>\n<p>El comprobador de perpendicularidad de botellas funciona midiendo la desviaci\u00f3n del eje vertical de una botella con respecto a su posici\u00f3n perpendicular real. Esto se logra mediante una sonda precisa que entra en contacto con la botella en puntos espec\u00edficos y un mecanismo giratorio que garantiza una medici\u00f3n completa.<\/p>\n<div class=\"ast-oembed-container\" style=\"height: 100%;\"><iframe title=\"Comprobador de perpendicularidad de botellas PET, botellas de vidrio y latas PER-01\" width=\"500\" height=\"281\" src=\"https:\/\/www.youtube.com\/embed\/MEJYiFl7Pzo?feature=oembed\" frameborder=\"0\" allow=\"accelerometer; autoplay; clipboard-write; encrypted-media; gyroscope; picture-in-picture; web-share\" referrerpolicy=\"strict-origin-when-cross-origin\" allowfullscreen><\/iframe><\/div>\n<h3>Configuraci\u00f3n y calibraci\u00f3n<\/h3>\n<p>La instalaci\u00f3n del comprobador de perpendicularidad de botellas es sencilla. Comience colocando el comprobador sobre una superficie estable y conect\u00e1ndolo a una fuente de alimentaci\u00f3n. Calibre el dispositivo ajustando la sonda a un est\u00e1ndar conocido, asegur\u00e1ndose de que las mediciones sean precisas.<\/p>\n<h3>Procedimiento de prueba<\/h3>\n<ol>\n<li><strong>Preparaci\u00f3n de la muestra:<\/strong> Aseg\u00farese de que la botella est\u00e9 limpia y libre de obstrucciones.<\/li>\n<li><strong>Posicionamiento de la botella:<\/strong> Coloque la botella en el \u00e1rea designada en el probador, asegur\u00e1ndose de que est\u00e9 segura.<\/li>\n<li><strong>Realizaci\u00f3n de la prueba:<\/strong> Active el comprobador para iniciar el proceso de medici\u00f3n. La sonda entrar\u00e1 en contacto con la botella y el mecanismo giratorio garantizar\u00e1 m\u00faltiples puntos de medici\u00f3n.<\/li>\n<li><strong>Interpretaci\u00f3n de resultados:<\/strong> El comprobador mostrar\u00e1 los resultados, indicando cualquier desviaci\u00f3n de la perpendicularidad.<\/li>\n<\/ol>\n<h2>Cumplimiento de la norma ISO 9008<\/h2>\n<p>La ISO 9008 es una norma internacional que especifica los requisitos para los sistemas de gesti\u00f3n de calidad, especialmente en el sector de los envases y embalajes. Describe los criterios para garantizar que los materiales de envasado y los envases cumplan con normas espec\u00edficas de calidad y seguridad.<\/p>\n<h2>Aplicaciones<\/h2>\n<h3>1. Industria del embalaje<\/h3>\n<p>En la industria del embalaje, garantizar la perpendicularidad de las botellas es vital para un embalaje y transporte eficientes. El comprobador de perpendicularidad de botellas ayuda a mantener la uniformidad, lo que reduce el riesgo de da\u00f1os durante la manipulaci\u00f3n y el env\u00edo.<\/p>\n<h3>2. Industria de alimentos y bebidas<\/h3>\n<p>Para la industria de alimentos y bebidas, la perpendicularidad de las botellas es crucial para mantener la integridad y la apariencia del producto. Nuestro probador garantiza que las botellas est\u00e9n correctamente alineadas, lo que evita fugas y derrames que podr\u00edan comprometer la calidad del producto.<\/p>\n<h3>3. Industria farmac\u00e9utica<\/h3>\n<p>En la industria farmac\u00e9utica, la precisi\u00f3n de la perpendicularidad de los frascos es esencial para mantener la integridad de los medicamentos. Nuestro probador garantiza que los frascos cumplan con los estrictos est\u00e1ndares de calidad, salvaguardando la eficacia del contenido.<\/p>\n<h3>4. Agencias de inspecci\u00f3n de calidad<\/h3>\n<p>Las agencias de inspecci\u00f3n de calidad conf\u00edan en mediciones precisas para certificar el cumplimiento de los productos con los est\u00e1ndares de la industria. El comprobador de perpendicularidad de botellas proporciona la precisi\u00f3n y la confiabilidad necesarias para realizar evaluaciones de calidad exhaustivas.<\/p>\n<h2>Personalizaci\u00f3n<\/h2>\n<p>En Cell Instruments, comprendemos que las distintas industrias tienen requisitos de prueba \u00fanicos. Nuestro comprobador de perpendicularidad de botellas se puede personalizar para satisfacer necesidades espec\u00edficas, lo que garantiza que proporcione las mediciones exactas requeridas para sus productos.<\/p>\n<h2><strong>Beneficios<\/strong><\/h2>\n<h3>Seguro de calidad<\/h3>\n<p>Al garantizar la perpendicularidad precisa de las botellas, nuestro probador mejora la calidad del producto y la seguridad del consumidor, algo fundamental para mantener la reputaci\u00f3n de la marca y la satisfacci\u00f3n del cliente.<\/p>\n<h3>Eficiencia de costos<\/h3>\n<p>Las mediciones precisas de perpendicularidad reducen el desperdicio y mejoran la eficiencia de la producci\u00f3n. Al identificar y corregir las desviaciones de manera temprana, nuestro comprobador ayuda a minimizar los costos de material y el tiempo de inactividad de la producci\u00f3n.<\/p>\n<h3>Cumplimiento<\/h3>\n<p>Cumplir con las normas y regulaciones de la industria es esencial para el \u00e9xito de una empresa. Nuestro comprobador de perpendicularidad de botellas garantiza que sus productos cumplan con la norma ISO 9008 y otras normas pertinentes, lo que reduce el riesgo de problemas de incumplimiento.<\/p>\n<p><em><span style=\"text-decoration: underline;\"><strong><a href=\"https:\/\/www.qualitester.com\/es\/producto\/why-measuring-bottle-perpendicularity-is-important%ef%bc%9f\/\" target=\"_blank\" rel=\"noopener\">\u00bfPor qu\u00e9 es importante medir la perpendicularidad de las botellas?<\/a><\/strong><\/span><\/em><\/p>\n<h2>Preguntas frecuentes<\/h2>\n<ol>\n<li><strong>\u00bfQu\u00e9 es la perpendicularidad de la botella?<\/strong>\n<ul>\n<li>La perpendicularidad de la botella se refiere a la alineaci\u00f3n del eje vertical de la botella con su verdadera posici\u00f3n perpendicular. Es esencial para garantizar que las botellas sean estables y seguras.<\/li>\n<\/ul>\n<\/li>\n<li><strong>\u00bfC\u00f3mo funciona el comprobador de perpendicularidad de botellas?<\/strong>\n<ul>\n<li>El probador mide la desviaci\u00f3n del eje vertical de una botella con respecto a su posici\u00f3n perpendicular real utilizando una sonda precisa y un mecanismo giratorio para una evaluaci\u00f3n integral.<\/li>\n<\/ul>\n<\/li>\n<li><strong>\u00bfPor qu\u00e9 es importante la perpendicularidad de la botella?<\/strong>\n<ul>\n<li>Garantizar la perpendicularidad de las botellas es crucial para mantener la calidad del producto, evitar fugas y derrames y garantizar un embalaje y transporte eficientes.<\/li>\n<\/ul>\n<\/li>\n<li><strong>\u00bfSe puede personalizar el probador para necesidades espec\u00edficas?<\/strong>\n<ul>\n<li>S\u00ed, el probador de perpendicularidad de botellas se puede personalizar para cumplir con requisitos de prueba espec\u00edficos, lo que garantiza que proporcione las mediciones exactas necesarias para sus productos.<\/li>\n<\/ul>\n<\/li>\n<li><strong>\u00bfQu\u00e9 industrias se benefician del uso del probador de perpendicularidad de botellas?<\/strong>\n<ul>\n<li>Las industrias como la de embalaje, alimentos y bebidas, productos farmac\u00e9uticos y agencias de inspecci\u00f3n de calidad se benefician del uso del probador para garantizar la calidad del producto y el cumplimiento de los est\u00e1ndares de la industria.<\/li>\n<\/ul>\n<\/li>\n<\/ol>\n<h2>Art\u00edculo relacionado<\/h2>\n<p><a href=\"https:\/\/www.qualitester.com\/es\/producto\/why-measuring-bottle-perpendicularity-is-important%ef%bc%9f\/\" target=\"_blank\" rel=\"noopener\">Perpendicularidad de la botella<\/a><\/p>\n<p><a href=\"https:\/\/www.qualitester.com\/es\/beverage-bottle-perpendicularity-tester\/\" target=\"_blank\" rel=\"noopener\">Comprobador de perpendicularidad de botellas<\/a><\/p>\n<p><a href=\"https:\/\/www.qualitester.com\/es\/plastic-bottle-perpendicularity-test-iso-9008\/\" target=\"_blank\" rel=\"noopener\">Prueba de perpendicularidad de la botella<\/a><\/p>\n<p><a href=\"https:\/\/www.qualitester.com\/es\/important-glass-bottle-perpendicularity-test\/\" target=\"_blank\" rel=\"noopener\">Prueba de perpendicularidad de una botella de vidrio<\/a><\/p>","protected":false},"excerpt":{"rendered":"<p><strong><em><span style=\"text-decoration: underline;\">Comprobador de perpendicularidad de botellas<\/span><\/em><\/strong> es un dispositivo de \u00faltima generaci\u00f3n dise\u00f1ado para garantizar la perpendicularidad precisa de las botellas, lo que es crucial para mantener la integridad y la calidad de los productos embotellados. Con sus caracter\u00edsticas avanzadas y su cumplimiento con las normas ISO 9008, el Comprobador de Perpendicularidad de Botellas es una herramienta valiosa para cualquier proceso de control de calidad.<\/p>","protected":false},"featured_media":6233,"comment_status":"closed","ping_status":"closed","template":"","meta":{"site-sidebar-layout":"default","site-content-layout":"default","ast-global-header-display":"","ast-main-header-display":"","ast-hfb-above-header-display":"","ast-hfb-below-header-display":"","ast-hfb-mobile-header-display":"","site-post-title":"disabled","ast-breadcrumbs-content":"","ast-featured-img":"disabled","footer-sml-layout":"","theme-transparent-header-meta":"default","adv-header-id-meta":"","stick-header-meta":"","header-above-stick-meta":"","header-main-stick-meta":"","header-below-stick-meta":""},"product_cat":[845,1136,17,149,16,95],"product_tag":[],"class_list":{"0":"post-2525","1":"product","2":"type-product","3":"status-publish","4":"has-post-thumbnail","6":"product_cat-customization","7":"product_cat-iso-9008","8":"product_cat-package-container-testers","9":"product_cat-pharma-and-medical-testers","10":"product_cat-plastic-packaging-testers","11":"product_cat-products","12":"desktop-align-left","13":"tablet-align-left","14":"mobile-align-left","16":"first","17":"instock","18":"shipping-taxable","19":"product-type-simple"},"_links":{"self":[{"href":"https:\/\/www.qualitester.com\/es\/wp-json\/wp\/v2\/product\/2525","targetHints":{"allow":["GET"]}}],"collection":[{"href":"https:\/\/www.qualitester.com\/es\/wp-json\/wp\/v2\/product"}],"about":[{"href":"https:\/\/www.qualitester.com\/es\/wp-json\/wp\/v2\/types\/product"}],"replies":[{"embeddable":true,"href":"https:\/\/www.qualitester.com\/es\/wp-json\/wp\/v2\/comments?post=2525"}],"version-history":[{"count":0,"href":"https:\/\/www.qualitester.com\/es\/wp-json\/wp\/v2\/product\/2525\/revisions"}],"wp:featuredmedia":[{"embeddable":true,"href":"https:\/\/www.qualitester.com\/es\/wp-json\/wp\/v2\/media\/6233"}],"wp:attachment":[{"href":"https:\/\/www.qualitester.com\/es\/wp-json\/wp\/v2\/media?parent=2525"}],"wp:term":[{"taxonomy":"product_cat","embeddable":true,"href":"https:\/\/www.qualitester.com\/es\/wp-json\/wp\/v2\/product_cat?post=2525"},{"taxonomy":"product_tag","embeddable":true,"href":"https:\/\/www.qualitester.com\/es\/wp-json\/wp\/v2\/product_tag?post=2525"}],"curies":[{"name":"wp","href":"https:\/\/api.w.org\/{rel}","templated":true}]}}