{"id":2455,"date":"2023-06-14T08:35:34","date_gmt":"2023-06-14T00:35:34","guid":{"rendered":"https:\/\/www.qualitester.com\/?post_type=product&#038;p=2455"},"modified":"2024-12-04T13:50:52","modified_gmt":"2024-12-04T05:50:52","slug":"fdt-01-impact-testing-machine-falling-dart-impact-cardboard","status":"publish","type":"product","link":"https:\/\/www.qualitester.com\/es\/producto\/fdt-01-impact-testing-machine-falling-dart-impact-cardboard\/","title":{"rendered":"FDT-01 M\u00e1quina de ensayo de impacto por ca\u00edda de dardo Cart\u00f3n de impacto"},"content":{"rendered":"<div data-elementor-type=\"wp-post\" data-elementor-id=\"2455\" class=\"elementor elementor-2455\" data-elementor-post-type=\"product\">\n\t\t\t\t<div class=\"elementor-element elementor-element-73d6688 e-flex e-con-boxed e-con e-parent\" data-id=\"73d6688\" data-element_type=\"container\">\n\t\t\t\t\t<div class=\"e-con-inner\">\n\t\t<div class=\"elementor-element elementor-element-bf47901 e-con-full e-flex e-con e-parent\" data-id=\"bf47901\" data-element_type=\"container\">\n\t\t\t\t<div class=\"elementor-element elementor-element-c2d7ca3 elementor-widget elementor-widget-image\" data-id=\"c2d7ca3\" data-element_type=\"widget\" data-widget_type=\"image.default\">\n\t\t\t\t<div class=\"elementor-widget-container\">\n\t\t\t\t\t\t\t\t\t\t\t\t\t<img fetchpriority=\"high\" decoding=\"async\" width=\"750\" height=\"750\" src=\"https:\/\/www.qualitester.com\/wp-content\/uploads\/2023\/05\/FDT-01-Falling-Drat-Impact-Tester.jpg\" class=\"attachment-large size-large wp-image-2156\" alt=\"Probador de impacto de ca\u00edda de material ASTM D1709\" srcset=\"https:\/\/www.qualitester.com\/wp-content\/uploads\/2023\/05\/FDT-01-Falling-Drat-Impact-Tester.jpg 750w, https:\/\/www.qualitester.com\/wp-content\/uploads\/2023\/05\/FDT-01-Falling-Drat-Impact-Tester-300x300.jpg 300w, https:\/\/www.qualitester.com\/wp-content\/uploads\/2023\/05\/FDT-01-Falling-Drat-Impact-Tester-150x150.jpg 150w, https:\/\/www.qualitester.com\/wp-content\/uploads\/2023\/05\/FDT-01-Falling-Drat-Impact-Tester-600x600.jpg 600w, https:\/\/www.qualitester.com\/wp-content\/uploads\/2023\/05\/FDT-01-Falling-Drat-Impact-Tester-100x100.jpg 100w\" sizes=\"(max-width: 750px) 100vw, 750px\" \/>\t\t\t\t\t\t\t\t\t\t\t\t\t<\/div>\n\t\t\t\t<\/div>\n\t\t\t\t<\/div>\n\t\t<div class=\"elementor-element elementor-element-4c132f3 e-con-full e-flex e-con e-parent\" data-id=\"4c132f3\" data-element_type=\"container\">\n\t\t\t\t<div class=\"elementor-element elementor-element-4604a40 elementor-widget elementor-widget-text-editor\" data-id=\"4604a40\" data-element_type=\"widget\" data-widget_type=\"text-editor.default\">\n\t\t\t\t<div class=\"elementor-widget-container\">\n\t\t\t\t\t\t\t<p><strong>Fondo<\/strong><\/p><p>La resistencia al impacto es un \u00edndice importante de la calidad del film pl\u00e1stico, que puede afectar al coste y a la tendencia a fallar durante el transporte. La prueba de impacto de dardo en ca\u00edda es una forma tradicional de determinar la energ\u00eda que hace que una pel\u00edcula falle en condiciones especificadas de impacto de un dardo en ca\u00edda libre.<\/p><p><strong>Solicitud<\/strong><\/p><p>FDT-01 Falling Dart Impact Tester se utiliza para medir el rendimiento de la resistencia de las pel\u00edculas de pl\u00e1stico, l\u00e1minas y pel\u00edculas compuestas, l\u00e1minas, papel, con menos de 1 mm de espesor. Esta prueba indica la capacidad del material para resistir una fuerza externa.<\/p>\t\t\t\t\t\t<\/div>\n\t\t\t\t<\/div>\n\t\t\t\t<\/div>\n\t\t\t\t\t<\/div>\n\t\t\t\t<\/div>\n\t\t<div class=\"elementor-element elementor-element-a464ed9 e-flex e-con-boxed e-con e-parent\" data-id=\"a464ed9\" data-element_type=\"container\">\n\t\t\t\t\t<div class=\"e-con-inner\">\n\t\t<div class=\"elementor-element elementor-element-7d090f5 e-con-full e-flex e-con e-parent\" data-id=\"7d090f5\" data-element_type=\"container\">\n\t\t\t\t<div class=\"elementor-element elementor-element-d1a285e elementor-widget elementor-widget-image\" data-id=\"d1a285e\" data-element_type=\"widget\" data-widget_type=\"image.default\">\n\t\t\t\t<div class=\"elementor-widget-container\">\n\t\t\t\t\t\t\t\t\t\t\t\t\t<img decoding=\"async\" width=\"750\" height=\"750\" src=\"https:\/\/www.qualitester.com\/wp-content\/uploads\/2023\/05\/Falling-Drat-Impact-Tester-FDT-01.jpg\" class=\"attachment-large size-large wp-image-2154\" alt=\"\" srcset=\"https:\/\/www.qualitester.com\/wp-content\/uploads\/2023\/05\/Falling-Drat-Impact-Tester-FDT-01.jpg 750w, https:\/\/www.qualitester.com\/wp-content\/uploads\/2023\/05\/Falling-Drat-Impact-Tester-FDT-01-300x300.jpg 300w, https:\/\/www.qualitester.com\/wp-content\/uploads\/2023\/05\/Falling-Drat-Impact-Tester-FDT-01-150x150.jpg 150w, https:\/\/www.qualitester.com\/wp-content\/uploads\/2023\/05\/Falling-Drat-Impact-Tester-FDT-01-600x600.jpg 600w, https:\/\/www.qualitester.com\/wp-content\/uploads\/2023\/05\/Falling-Drat-Impact-Tester-FDT-01-100x100.jpg 100w\" sizes=\"(max-width: 750px) 100vw, 750px\" \/>\t\t\t\t\t\t\t\t\t\t\t\t\t<\/div>\n\t\t\t\t<\/div>\n\t\t\t\t<\/div>\n\t\t<div class=\"elementor-element elementor-element-391559c e-con-full e-flex e-con e-parent\" data-id=\"391559c\" data-element_type=\"container\">\n\t\t\t\t<div class=\"elementor-element elementor-element-ce10425 elementor-widget elementor-widget-text-editor\" data-id=\"ce10425\" data-element_type=\"widget\" data-widget_type=\"text-editor.default\">\n\t\t\t\t<div class=\"elementor-widget-container\">\n\t\t\t\t\t\t\t<p><b>Caracter\u00edsticas t\u00e9cnicas<\/b><\/p><p>FDT-01 Falling Dart Impact Tester es una unidad controlada por PLC (nivel industrial estable) y operado por pantalla t\u00e1ctil HMI. Cada parte del conjunto de dardos y el mecanismo de liberaci\u00f3n se hacen estrictamente a la norma.<\/p><p>Mediante el programa de pruebas integrado, el usuario s\u00f3lo tiene que realizar la prueba y aumentar o reducir los pesos de acuerdo con los par\u00e1metros establecidos. Tras una serie de pruebas de fallo\/no fallo, el sistema proporciona autom\u00e1ticamente el resultado del impacto, sin necesidad de volver a calcularlo manualmente.<\/p><ol><li>Control PLC y manejo mediante pantalla t\u00e1ctil<\/li><li>Dos m\u00e9todos de prueba de A y B (B opcional)<\/li><li>Resultados de las pruebas de visualizaci\u00f3n en gramos y julios<\/li><li>Suspensi\u00f3n electromagn\u00e9tica y ca\u00edda autom\u00e1tica <\/li><li>Sujeci\u00f3n neum\u00e1tica de muestras<\/li><li>Luz de observaci\u00f3n para comprobar el estado de la muestra al sujetarla<\/li><li>Interruptor manual y de pedal para un manejo f\u00e1cil y seguro<\/li><li>Microimpresora de matriz de puntos para exportaci\u00f3n de datos<\/li><li>Software profesional (opcional)<\/li><\/ol>\t\t\t\t\t\t<\/div>\n\t\t\t\t<\/div>\n\t\t\t\t<\/div>\n\t\t\t\t\t<\/div>\n\t\t\t\t<\/div>\n\t\t<div class=\"elementor-element elementor-element-8bbd169 e-flex e-con-boxed e-con e-parent\" data-id=\"8bbd169\" data-element_type=\"container\">\n\t\t\t\t\t<div class=\"e-con-inner\">\n\t\t<div class=\"elementor-element elementor-element-07e4bae e-con-full e-flex e-con e-parent\" data-id=\"07e4bae\" data-element_type=\"container\">\n\t\t\t\t<div class=\"elementor-element elementor-element-b61b883 elementor-widget elementor-widget-image\" data-id=\"b61b883\" data-element_type=\"widget\" data-widget_type=\"image.default\">\n\t\t\t\t<div class=\"elementor-widget-container\">\n\t\t\t\t\t\t\t\t\t\t\t\t\t<img decoding=\"async\" width=\"750\" height=\"750\" src=\"https:\/\/www.qualitester.com\/wp-content\/uploads\/2023\/05\/Falling-Drat-Impact-Tester.jpg\" class=\"attachment-large size-large wp-image-2155\" alt=\"\" srcset=\"https:\/\/www.qualitester.com\/wp-content\/uploads\/2023\/05\/Falling-Drat-Impact-Tester.jpg 750w, https:\/\/www.qualitester.com\/wp-content\/uploads\/2023\/05\/Falling-Drat-Impact-Tester-300x300.jpg 300w, https:\/\/www.qualitester.com\/wp-content\/uploads\/2023\/05\/Falling-Drat-Impact-Tester-150x150.jpg 150w, https:\/\/www.qualitester.com\/wp-content\/uploads\/2023\/05\/Falling-Drat-Impact-Tester-600x600.jpg 600w, https:\/\/www.qualitester.com\/wp-content\/uploads\/2023\/05\/Falling-Drat-Impact-Tester-100x100.jpg 100w\" sizes=\"(max-width: 750px) 100vw, 750px\" \/>\t\t\t\t\t\t\t\t\t\t\t\t\t<\/div>\n\t\t\t\t<\/div>\n\t\t\t\t<\/div>\n\t\t<div class=\"elementor-element elementor-element-3cdb836 e-con-full e-flex e-con e-parent\" data-id=\"3cdb836\" data-element_type=\"container\">\n\t\t\t\t<div class=\"elementor-element elementor-element-151fc3f elementor-widget elementor-widget-text-editor\" data-id=\"151fc3f\" data-element_type=\"widget\" data-widget_type=\"text-editor.default\">\n\t\t\t\t<div class=\"elementor-widget-container\">\n\t\t\t\t\t\t\t<p><strong>Par\u00e1metros principales<\/strong><\/p><p>M\u00e9todo de ensayo M\u00e9todo A o M\u00e9todo B (opcional)<br \/>Rango de prueba M\u00e9todo A: 50~2000g M\u00e9todo B: 300~2000g<br \/>Di\u00e1metro del dardo M\u00e9todo A: 38\u00b11mm M\u00e9todo B: 50\u00b11mm<br \/>Altura de impacto 660 mm\/1500 mm<br \/>Precisi\u00f3n 0,1g (0,1J)<br \/>Pinza para muestras Pinza neum\u00e1tica<br \/>Suministro de gas 0,6 MPa \u03a68 mm Tubo de PU<br \/>Tama\u00f1o de la muestra &gt; 150 mm x 150 mm<br \/>Fuente de alimentaci\u00f3n AC 110~220V 50Hz<br \/>Dimensi\u00f3n M\u00e9todo A: 500 mm (L) x 450 mm (A) x 1200 mm (A)<br \/>\u00a0 \u00a0 \u00a0 \u00a0 \u00a0 \u00a0 \u00a0 \u00a0 \u00a0 \u00a0 \u00a0 \u00a0 \u00a0 \u00a0 \u00a0 \u00a0 \u00a0 \u00a0 \u00a0 \u00a0 M\u00e9todo B: 500 mm (L) x 450 mm (A) x 2200 mm (A)<\/p>\t\t\t\t\t\t<\/div>\n\t\t\t\t<\/div>\n\t\t\t\t<\/div>\n\t\t\t\t\t<\/div>\n\t\t\t\t<\/div>\n\t\t<div class=\"elementor-element elementor-element-1b65b2b e-flex e-con-boxed e-con e-parent\" data-id=\"1b65b2b\" data-element_type=\"container\">\n\t\t\t\t\t<div class=\"e-con-inner\">\n\t\t\t\t<div class=\"elementor-element elementor-element-12db095 elementor-widget elementor-widget-wpforms\" data-id=\"12db095\" data-element_type=\"widget\" data-widget_type=\"wpforms.default\">\n\t\t\t\t<div class=\"elementor-widget-container\">\n\t\t\t<div class=\"wpforms-container\" id=\"wpforms-11\"><form id=\"wpforms-form-11\" class=\"wpforms-validate wpforms-form wpforms-ajax-form\" data-formid=\"11\" method=\"post\" enctype=\"multipart\/form-data\" action=\"\/es\/wp-json\/wp\/v2\/product\/2455\" data-token=\"ebf49c1ce04dfaef27d4b4767a96eeec\" data-trp-original-action=\"\/es\/wp-json\/wp\/v2\/product\/2455\"><noscript class=\"wpforms-error-noscript\">Por favor, active JavaScript en su navegador para completar este formulario.<\/noscript><div class=\"wpforms-field-container\"><div id=\"wpforms-11-field_1-container\" class=\"wpforms-field wpforms-field-text\" data-field-id=\"1\"><label class=\"wpforms-field-label\" for=\"wpforms-11-field_1\">Nombre <span class=\"wpforms-required-label\">*<\/span><\/label><input type=\"text\" id=\"wpforms-11-field_1\" class=\"wpforms-field-medium wpforms-field-required\" name=\"wpforms[fields][1]\" placeholder=\"Nombre\" required><\/div><div id=\"wpforms-11-field_5-container\" class=\"wpforms-field wpforms-field-text\" data-field-id=\"5\"><label class=\"wpforms-field-label\" for=\"wpforms-11-field_5\">Compa\u00f1\u00eda<\/label><input type=\"text\" id=\"wpforms-11-field_5\" class=\"wpforms-field-medium\" name=\"wpforms[fields][5]\" ><\/div><div id=\"wpforms-11-field_4-container\" class=\"wpforms-field wpforms-field-number\" data-field-id=\"4\"><label class=\"wpforms-field-label\" for=\"wpforms-11-field_4\">Tel\u00e9fono<\/label><input type=\"number\" pattern=\"\\d*\" id=\"wpforms-11-field_4\" class=\"wpforms-field-medium\" name=\"wpforms[fields][4]\" placeholder=\"Tel\u00e9fono\" ><\/div><div id=\"wpforms-11-field_3-container\" class=\"wpforms-field wpforms-field-email\" data-field-id=\"3\"><label class=\"wpforms-field-label\" for=\"wpforms-11-field_3\">Correo electr\u00f3nico <span class=\"wpforms-required-label\">*<\/span><\/label><input type=\"email\" id=\"wpforms-11-field_3\" class=\"wpforms-field-medium wpforms-field-required\" name=\"wpforms[fields][3]\" placeholder=\"Correo electr\u00f3nico\" spellcheck=\"false\" required><\/div><div id=\"wpforms-11-field_2-container\" class=\"wpforms-field wpforms-field-textarea\" data-field-id=\"2\"><label class=\"wpforms-field-label\" for=\"wpforms-11-field_2\">Mensaje<\/label><textarea id=\"wpforms-11-field_2\" class=\"wpforms-field-large\" name=\"wpforms[fields][2]\" ><\/textarea><\/div><\/div><!-- .wpforms-field-container --><input type=\"hidden\" name=\"wpforms[recaptcha]\" value=\"\"><div class=\"wpforms-submit-container\" ><input type=\"hidden\" name=\"wpforms[id]\" value=\"11\"><input type=\"hidden\" name=\"wpforms[author]\" value=\"3\"><button type=\"submit\" name=\"wpforms[submit]\" id=\"wpforms-submit-11\" class=\"wpforms-submit\" data-alt-text=\"Submitting\" data-submit-text=\"Submit\" aria-live=\"assertive\" value=\"wpforms-submit\">Entregar<\/button><img loading=\"lazy\" decoding=\"async\" src=\"https:\/\/www.qualitester.com\/wp-content\/plugins\/wpforms-lite\/assets\/images\/submit-spin.svg\" class=\"wpforms-submit-spinner\" style=\"display: none;\" width=\"26\" height=\"26\" alt=\"Cargando\"><\/div><input type=\"hidden\" name=\"trp-form-language\" value=\"es\"\/><\/form><\/div>  <!-- .wpforms-container -->\t\t<\/div>\n\t\t\t\t<\/div>\n\t\t\t\t\t<\/div>\n\t\t\t\t<\/div>\n\t\t\t\t<\/div>","protected":false},"excerpt":{"rendered":"<p>Se utiliza para medir la resistencia de pel\u00edculas de pl\u00e1stico, l\u00e1minas y pel\u00edculas compuestas, l\u00e1minas y papel de menos de 1 mm de grosor.<\/p>","protected":false},"featured_media":2156,"comment_status":"closed","ping_status":"closed","template":"","meta":{"site-sidebar-layout":"default","site-content-layout":"default","ast-global-header-display":"","ast-main-header-display":"","ast-hfb-above-header-display":"","ast-hfb-below-header-display":"","ast-hfb-mobile-header-display":"","site-post-title":"disabled","ast-breadcrumbs-content":"","ast-featured-img":"disabled","footer-sml-layout":"","theme-transparent-header-meta":"default","adv-header-id-meta":"","stick-header-meta":"","header-above-stick-meta":"","header-main-stick-meta":"","header-below-stick-meta":""},"product_cat":[44,149,16,99,111,100,169,95],"product_tag":[18,446,447,450,448,449],"class_list":{"0":"post-2455","1":"product","2":"type-product","3":"status-publish","4":"has-post-thumbnail","6":"product_cat-paper-and-board-testers","7":"product_cat-pharma-and-medical-testers","8":"product_cat-plastic-packaging-testers","9":"product_cat-astm","10":"product_cat-astm-d1709","11":"product_cat-iso","12":"product_cat-iso-7765-1","13":"product_cat-products","14":"product_tag-astm-d1709","15":"product_tag-cardboard-impact-resistant","16":"product_tag-cardboard-quality","17":"product_tag-gb-t-9639-1","18":"product_tag-iso-7765-1","19":"product_tag-jis-k7124-1","20":"desktop-align-left","21":"tablet-align-left","22":"mobile-align-left","24":"first","25":"instock","26":"shipping-taxable","27":"product-type-simple"},"_links":{"self":[{"href":"https:\/\/www.qualitester.com\/es\/wp-json\/wp\/v2\/product\/2455","targetHints":{"allow":["GET"]}}],"collection":[{"href":"https:\/\/www.qualitester.com\/es\/wp-json\/wp\/v2\/product"}],"about":[{"href":"https:\/\/www.qualitester.com\/es\/wp-json\/wp\/v2\/types\/product"}],"replies":[{"embeddable":true,"href":"https:\/\/www.qualitester.com\/es\/wp-json\/wp\/v2\/comments?post=2455"}],"version-history":[{"count":0,"href":"https:\/\/www.qualitester.com\/es\/wp-json\/wp\/v2\/product\/2455\/revisions"}],"wp:featuredmedia":[{"embeddable":true,"href":"https:\/\/www.qualitester.com\/es\/wp-json\/wp\/v2\/media\/2156"}],"wp:attachment":[{"href":"https:\/\/www.qualitester.com\/es\/wp-json\/wp\/v2\/media?parent=2455"}],"wp:term":[{"taxonomy":"product_cat","embeddable":true,"href":"https:\/\/www.qualitester.com\/es\/wp-json\/wp\/v2\/product_cat?post=2455"},{"taxonomy":"product_tag","embeddable":true,"href":"https:\/\/www.qualitester.com\/es\/wp-json\/wp\/v2\/product_tag?post=2455"}],"curies":[{"name":"wp","href":"https:\/\/api.w.org\/{rel}","templated":true}]}}