{"id":2454,"date":"2023-06-14T08:35:29","date_gmt":"2023-06-14T00:35:29","guid":{"rendered":"https:\/\/www.qualitester.com\/?post_type=product&#038;p=2454"},"modified":"2024-11-28T10:12:04","modified_gmt":"2024-11-28T02:12:04","slug":"fbt-01-impact-testing-machine-falling-ball-impact-cardboard","status":"publish","type":"product","link":"https:\/\/www.qualitester.com\/es\/producto\/fbt-01-impact-testing-machine-falling-ball-impact-cardboard\/","title":{"rendered":"Probador de impacto de bola que cae FBT-01"},"content":{"rendered":"<h2>Introducci\u00f3n a la prueba de impacto de pelota que cae<\/h2>\n<p>El <strong>ensayo de impacto de bola que cae<\/strong> es un m\u00e9todo cr\u00edtico para evaluar la capacidad de un material para soportar impactos repentinos o cargas de choque. Este ensayo simula las condiciones reales en las que los materiales est\u00e1n sometidos a fuerzas externas, lo que ayuda a los fabricantes a garantizar la durabilidad y la calidad de los productos. La resistencia al impacto es esencial para evitar la rotura, el agrietamiento o la deformaci\u00f3n de los materiales utilizados en diversos sectores, como el envasado, los dispositivos m\u00e9dicos y la electr\u00f3nica.<\/p>\n<h2>Descripci\u00f3n general del medidor de impacto de ca\u00edda de bola FBT-01<\/h2>\n<p>El <strong>Probador de impacto de bola que cae FBT-01<\/strong> es un instrumento muy preciso y vers\u00e1til dise\u00f1ado para medir la resistencia al impacto de materiales finos como pel\u00edculas, l\u00e1minas, materiales compuestos, l\u00e1minas y papel. Utiliza la ca\u00edda controlada de una bola de acero desde una altura especificada para simular las fuerzas de impacto, proporcionando informaci\u00f3n cr\u00edtica sobre el comportamiento del material bajo tensi\u00f3n.<\/p>\n<h3>Beneficios clave:<\/h3>\n<ul>\n<li>Resultados precisos y repetibles para el control de calidad<\/li>\n<li>Manejo sencillo mediante una pantalla t\u00e1ctil HMI<\/li>\n<\/ul>\n<h2>M\u00e9todos de ensayo para la prueba de impacto de pelota que cae<\/h2>\n<p>En este ensayo, una bola de acero de masa y di\u00e1metro conocidos se suelta desde una altura predeterminada, golpeando la probeta. El da\u00f1o o la deformaci\u00f3n resultantes se observan y analizan para evaluar la resistencia al impacto del material.<\/p>\n<h3>Factores clave que afectan a los resultados de las pruebas:<\/h3>\n<ul>\n<li><strong>Altura de ca\u00edda:<\/strong> La altura ajustable permite simular diferentes escenarios de impacto, ofreciendo un an\u00e1lisis m\u00e1s exhaustivo del rendimiento de los materiales.<\/li>\n<li><strong>Tama\u00f1o y masa de la bola:<\/strong> El tama\u00f1o y el peso de la bola de acero pueden seleccionarse en funci\u00f3n de los requisitos espec\u00edficos de la prueba, lo que garantiza su adecuaci\u00f3n a las aplicaciones del mundo real.<\/li>\n<\/ul>\n<h2>Caracter\u00edsticas del medidor de impacto Drop Ball<\/h2>\n<p>El <strong>probador de impacto de bola de ca\u00edda<\/strong> viene equipada con funciones avanzadas para mejorar la precisi\u00f3n y la facilidad de uso:<\/p>\n<ul>\n<li><strong>Control de precisi\u00f3n:<\/strong> Sistema basado en PLC con pantalla t\u00e1ctil HMI de alta resoluci\u00f3n para un manejo intuitivo.<\/li>\n<li><strong>Altura de impacto ajustable:<\/strong> Las gamas van de 300 mm a 600 mm, con opciones de ampliaci\u00f3n en funci\u00f3n de los requisitos del cliente.<\/li>\n<li><strong>Suspensi\u00f3n electromagn\u00e9tica:<\/strong> Garantiza la liberaci\u00f3n autom\u00e1tica y constante de la bola de acero para unas condiciones de ensayo fiables.<\/li>\n<li><strong>Sujeci\u00f3n neum\u00e1tica:<\/strong> Sujeta firmemente las muestras en su sitio, reduciendo la variabilidad de los resultados.<\/li>\n<li><strong>Pantalla Multi-Unidad:<\/strong> Los resultados pueden visualizarse en varias unidades, lo que ofrece flexibilidad en la interpretaci\u00f3n de los datos.<\/li>\n<li><strong>Software profesional opcional:<\/strong> Para an\u00e1lisis de datos e informes avanzados.<\/li>\n<\/ul>\n<h3>Especificaciones t\u00e9cnicas:<\/h3>\n<table>\n<tbody>\n<tr>\n<td style=\"text-align: center;\" width=\"147\">Altura del impacto<\/td>\n<td style=\"text-align: center;\" width=\"277\">300 mm-600 mm (se puede ampliar)<\/td>\n<\/tr>\n<tr>\n<td style=\"text-align: center;\" width=\"147\">Di\u00e1metro de las bolas (mm)<\/td>\n<td style=\"text-align: center;\" width=\"277\">23, 25, 28,6, 38,1, 50,8 (uno equipado)<\/td>\n<\/tr>\n<tr>\n<td style=\"text-align: center;\" width=\"147\">Exactitud<\/td>\n<td style=\"text-align: center;\" width=\"277\">0,1 g (0,1 J)<\/td>\n<\/tr>\n<tr>\n<td style=\"text-align: center;\" width=\"147\">Abrazadera de muestra<\/td>\n<td style=\"text-align: center;\" width=\"277\">Abrazadera neum\u00e1tica<\/td>\n<\/tr>\n<tr>\n<td style=\"text-align: center;\" width=\"147\">Suministro de gas<\/td>\n<td style=\"text-align: center;\" width=\"277\">0,6 MPa \u03a68 mm Tubo PU<\/td>\n<\/tr>\n<tr>\n<td style=\"text-align: center;\" width=\"147\">Tama\u00f1o de la muestra<\/td>\n<td style=\"text-align: center;\" width=\"277\">&gt; 150 mm x 150 mm<\/td>\n<\/tr>\n<tr>\n<td style=\"text-align: center;\" width=\"147\">Fuente de alimentaci\u00f3n<\/td>\n<td style=\"text-align: center;\" width=\"277\">CA 110 ~ 220 V 50 Hz<\/td>\n<\/tr>\n<\/tbody>\n<\/table>\n<h2>Aplicaciones y relevancia industrial<\/h2>\n<p>El FBT-01 es una herramienta esencial para que diversas industrias garanticen la seguridad y el rendimiento de los productos:<\/p>\n<ul>\n<li><strong>Embalaje:<\/strong> Evaluar la durabilidad de las pel\u00edculas, l\u00e1minas y hojas utilizadas en los envases.<\/li>\n<li><strong>Dispositivos m\u00e9dicos:<\/strong> Garantizar la resistencia al impacto de los materiales utilizados en envases y componentes m\u00e9dicos.<\/li>\n<li><strong>Electr\u00f3nica y automoci\u00f3n:<\/strong> Comprobaci\u00f3n de la robustez de los componentes frente a impactos durante su uso o transporte.<\/li>\n<li><strong>Control de calidad e inspecci\u00f3n:<\/strong> Proporcionar m\u00e9todos normalizados de ensayo y conformidad.<\/li>\n<\/ul>\n<h2>Cumplimiento de normas<\/h2>\n<p>El FBT-01 ayuda a cumplir diversas normas industriales para pruebas de impacto, garantizando que los productos cumplen los estrictos requisitos de calidad. Este cumplimiento es crucial para los fabricantes que buscan certificaciones y homologaciones en mercados competitivos.<\/p>\n<h2>\u00bfPor qu\u00e9 elegir el comprobador de impacto de ca\u00edda de bola FBT-01?<\/h2>\n<p>El FBT-01 destaca por su precisi\u00f3n, versatilidad y facilidad de uso. Su capacidad para probar una amplia gama de materiales y ofrecer an\u00e1lisis de datos avanzados lo convierten en una herramienta indispensable para el control de calidad en industrias en las que la durabilidad de los materiales es fundamental.<\/p>\n<h3>Puntos de venta \u00fanicos:<\/h3>\n<ul>\n<li>Mediciones de impacto de alta precisi\u00f3n<\/li>\n<li>Par\u00e1metros de prueba personalizables para adaptarse a necesidades espec\u00edficas<\/li>\n<li>Opciones de software avanzadas para informes detallados<\/li>\n<li>Construcci\u00f3n duradera y rendimiento fiable<\/li>\n<\/ul>\n<h2>Preguntas frecuentes<\/h2>\n<ol>\n<li><strong>\u00bfQu\u00e9 tipos de materiales puede examinar el FBT-01?<\/strong><br \/>\nLa comprobadora puede evaluar materiales finos como pel\u00edculas, l\u00e1minas, compuestos, hojas y papel con grosores inferiores a 2 mm.<\/li>\n<li><strong>\u00bfC\u00f3mo se ajusta la altura de ca\u00edda?<\/strong><br \/>\nLa altura de ca\u00edda es ajustable a trav\u00e9s de la pantalla t\u00e1ctil HMI, lo que permite la personalizaci\u00f3n en funci\u00f3n de los requisitos de la prueba.<\/li>\n<li><strong>\u00bfPor qu\u00e9 es importante el tama\u00f1o del bal\u00f3n en la prueba?<\/strong><br \/>\nLos diferentes tama\u00f1os y pesos de las bolas simulan diversas fuerzas de impacto, lo que proporciona una comprensi\u00f3n m\u00e1s completa del rendimiento del material.<\/li>\n<li><strong>\u00bfPuedo utilizar el FBT-01 para el an\u00e1lisis avanzado de datos?<\/strong><br \/>\nS\u00ed, el FBT-01 puede equiparse con software profesional para realizar an\u00e1lisis e informes en profundidad.<\/li>\n<li><strong>\u00bfC\u00f3mo mejora la precisi\u00f3n el sistema de sujeci\u00f3n neum\u00e1tica?<\/strong><br \/>\nLa pinza neum\u00e1tica sujeta firmemente la muestra, minimizando el movimiento durante el impacto y garantizando resultados uniformes y precisos.<\/li>\n<\/ol>\n<h2>Producto relacionado<\/h2>\n<p>FDT-01 <a href=\"https:\/\/www.qualitester.com\/es\/producto\/fdt-01-polypropylene-film-drop-dart-tester\/\" target=\"_blank\" rel=\"noopener\">Probador de impacto de ca\u00edda de dardos<\/a><\/p>","protected":false},"excerpt":{"rendered":"<p>El <strong>ensayo de impacto de bola que cae<\/strong> es un m\u00e9todo cr\u00edtico para evaluar la capacidad de un material para soportar impactos repentinos o cargas de choque. Este ensayo simula las condiciones reales en las que los materiales est\u00e1n sometidos a fuerzas externas, lo que ayuda a los fabricantes a garantizar la durabilidad y la calidad de los productos. La resistencia al impacto es esencial para evitar la rotura, el agrietamiento o la deformaci\u00f3n de los materiales utilizados en diversos sectores, como el envasado, los dispositivos m\u00e9dicos y la electr\u00f3nica.<\/p>","protected":false},"featured_media":5940,"comment_status":"closed","ping_status":"closed","template":"","meta":{"site-sidebar-layout":"default","site-content-layout":"default","ast-global-header-display":"","ast-main-header-display":"","ast-hfb-above-header-display":"","ast-hfb-below-header-display":"","ast-hfb-mobile-header-display":"","site-post-title":"disabled","ast-breadcrumbs-content":"","ast-featured-img":"","footer-sml-layout":"","theme-transparent-header-meta":"default","adv-header-id-meta":"","stick-header-meta":"","header-above-stick-meta":"","header-main-stick-meta":"","header-below-stick-meta":""},"product_cat":[44,149,16,111,169,95],"product_tag":[],"class_list":{"0":"post-2454","1":"product","2":"type-product","3":"status-publish","4":"has-post-thumbnail","6":"product_cat-paper-and-board-testers","7":"product_cat-pharma-and-medical-testers","8":"product_cat-plastic-packaging-testers","9":"product_cat-astm-d1709","10":"product_cat-iso-7765-1","11":"product_cat-products","12":"desktop-align-left","13":"tablet-align-left","14":"mobile-align-left","16":"first","17":"instock","18":"shipping-taxable","19":"product-type-simple"},"_links":{"self":[{"href":"https:\/\/www.qualitester.com\/es\/wp-json\/wp\/v2\/product\/2454","targetHints":{"allow":["GET"]}}],"collection":[{"href":"https:\/\/www.qualitester.com\/es\/wp-json\/wp\/v2\/product"}],"about":[{"href":"https:\/\/www.qualitester.com\/es\/wp-json\/wp\/v2\/types\/product"}],"replies":[{"embeddable":true,"href":"https:\/\/www.qualitester.com\/es\/wp-json\/wp\/v2\/comments?post=2454"}],"version-history":[{"count":0,"href":"https:\/\/www.qualitester.com\/es\/wp-json\/wp\/v2\/product\/2454\/revisions"}],"wp:featuredmedia":[{"embeddable":true,"href":"https:\/\/www.qualitester.com\/es\/wp-json\/wp\/v2\/media\/5940"}],"wp:attachment":[{"href":"https:\/\/www.qualitester.com\/es\/wp-json\/wp\/v2\/media?parent=2454"}],"wp:term":[{"taxonomy":"product_cat","embeddable":true,"href":"https:\/\/www.qualitester.com\/es\/wp-json\/wp\/v2\/product_cat?post=2454"},{"taxonomy":"product_tag","embeddable":true,"href":"https:\/\/www.qualitester.com\/es\/wp-json\/wp\/v2\/product_tag?post=2454"}],"curies":[{"name":"wp","href":"https:\/\/api.w.org\/{rel}","templated":true}]}}