{"id":2401,"date":"2023-06-12T10:45:15","date_gmt":"2023-06-12T02:45:15","guid":{"rendered":"https:\/\/www.qualitester.com\/?post_type=product&#038;p=2401"},"modified":"2024-12-02T16:37:19","modified_gmt":"2024-12-02T08:37:19","slug":"lt-03-seal-strength-testing-machine","status":"publish","type":"product","link":"https:\/\/www.qualitester.com\/es\/producto\/lt-03-seal-strength-testing-machine\/","title":{"rendered":"Comprobador de fugas LT-03"},"content":{"rendered":"<h2><strong>Introducci\u00f3n<\/strong><\/h2>\n<p>En la industria del embalaje, mantener la integridad de los sellos es crucial para garantizar la seguridad y la calidad del producto. Los equipos de prueba de resistencia de los sellos est\u00e1n dise\u00f1ados para evaluar la capacidad del sello para soportar las condiciones ambientales, evitando fugas y contaminaci\u00f3n. Estas pruebas son esenciales para industrias como el envasado de alimentos, productos farmac\u00e9uticos, dispositivos m\u00e9dicos, cosm\u00e9ticos y muchos otros, donde el rendimiento del embalaje afecta directamente la calidad del producto y la seguridad del consumidor.<\/p>\n<p>Instrumentos celulares <strong>Equipo de prueba de resistencia del sellado<\/strong> Proporciona un m\u00e9todo preciso y confiable para evaluar la integridad del sello, garantizando que los productos envasados permanezcan seguros, protegidos y en cumplimiento con los est\u00e1ndares de la industria.<\/p>\n<h2><strong>\u00bfQu\u00e9 es el equipo de prueba de resistencia del sello?<\/strong><\/h2>\n<p>Los equipos de prueba de resistencia de sellado se utilizan para evaluar la resistencia y la fiabilidad de los sellos en los materiales de embalaje. El equipo eval\u00faa si los sellos de varios tipos de embalaje (pl\u00e1stico, papel, aluminio, etc.) son lo suficientemente fuertes como para evitar fugas que podr\u00edan comprometer el producto. Esta prueba se utiliza habitualmente para materiales de embalaje de alimentos, productos farmac\u00e9uticos, dispositivos m\u00e9dicos y bienes de consumo.<\/p>\n<p>Al utilizar tecnolog\u00eda de prueba avanzada, el probador de resistencia del sello ayuda a identificar sellos d\u00e9biles o defectuosos antes de que lleguen a los consumidores, lo que garantiza una alta calidad del producto y el cumplimiento de los est\u00e1ndares de seguridad.<\/p>\n<h2><strong>Descripci\u00f3n general de la norma ASTM D3078: Normas de prueba de integridad del sello<\/strong><\/h2>\n<h3><strong>\u00bfQu\u00e9 es ASTM D3078?<\/strong><\/h3>\n<p><a href=\"https:\/\/www.qualitester.com\/es\/categoria-producto\/astm\/astm-d3078\/\" target=\"_blank\" rel=\"noopener\"><strong>Norma ASTM D3078<\/strong><\/a> es un m\u00e9todo de prueba est\u00e1ndar desarrollado por ASTM International para detectar fugas en paquetes sellados. Este m\u00e9todo aplica vac\u00edo al paquete y monitorea la presencia de burbujas que indican fugas, lo que garantiza la integridad del sello. La prueba es especialmente importante para las industrias alimentaria y farmac\u00e9utica, donde los envases deben mantener su integridad para evitar la contaminaci\u00f3n o el deterioro.<\/p>\n<h3><strong>M\u00e9todo de prueba seg\u00fan ASTM D3078<\/strong><\/h3>\n<p>El <a href=\"https:\/\/www.astm.org\/d3078-02r21e01.html\" target=\"_blank\" rel=\"noopener nofollow\">Norma ASTM D3078<\/a> La norma describe un proceso en el que el paquete se coloca dentro de una c\u00e1mara llena de agua. La c\u00e1mara se sella y se evacua el aire hasta que se alcanza el nivel de vac\u00edo preestablecido. Si existe una fuga, la diferencia de presi\u00f3n de aire obliga al aire atrapado a escapar, formando burbujas visibles en el lugar de la fuga. Este m\u00e9todo proporciona un medio eficaz y confiable para detectar incluso las fugas m\u00e1s peque\u00f1as.<\/p>\n<h2><strong>M\u00e9todos y par\u00e1metros de prueba clave<\/strong><\/h2>\n<h3><strong>Proceso de prueba<\/strong><\/h3>\n<p>El proceso de prueba de resistencia del sello sigue una secuencia sencilla descrita en ASTM D3078:<\/p>\n<ol>\n<li><strong>Preparaci\u00f3n de la muestra:<\/strong> El paquete de muestra se coloca dentro de una c\u00e1mara transparente llena de agua.<\/li>\n<li><strong>Aplicaci\u00f3n de vac\u00edo:<\/strong> La unidad de control extrae aire hasta alcanzar un nivel de vac\u00edo preestablecido.<\/li>\n<li><strong>Detecci\u00f3n de fugas:<\/strong> Si un sello se ve comprometido, se formar\u00e1n burbujas en el punto de la fuga, lo que indica la falla del paquete.<\/li>\n<\/ol>\n<h3><strong>Par\u00e1metros principales de la prueba<\/strong><\/h3>\n<table>\n<tbody>\n<tr>\n<td style=\"text-align: center;\" width=\"122\">Campo de pruebas<\/td>\n<td style=\"text-align: center;\" width=\"229\">0~-90 kPa<\/td>\n<\/tr>\n<tr>\n<td style=\"text-align: center;\" width=\"122\">C\u00e1mara<\/td>\n<td style=\"text-align: center;\" width=\"229\">Forma de cilindro de acr\u00edlico<\/td>\n<\/tr>\n<tr>\n<td style=\"text-align: center;\" width=\"122\">Espacio de prueba<\/td>\n<td style=\"text-align: center;\" width=\"229\">\u03a6270*H210mm (Usable en interior)<\/td>\n<\/tr>\n<tr>\n<td style=\"text-align: center;\" width=\"122\">Aire comprimido<\/td>\n<td style=\"text-align: center;\" width=\"229\">0,7 MPa (preparado por el usuario)<\/td>\n<\/tr>\n<tr>\n<td style=\"text-align: center;\" width=\"122\">Fuerza<\/td>\n<td style=\"text-align: center;\" width=\"229\">110 ~ 220 V 50\/60 Hz<\/td>\n<\/tr>\n<\/tbody>\n<\/table>\n<p>Estos par\u00e1metros permiten al usuario probar una variedad de materiales y tama\u00f1os de embalaje, lo que garantiza flexibilidad en diferentes entornos de producci\u00f3n y prueba.<\/p>\n<h2><strong>Caracter\u00edsticas t\u00e9cnicas de los equipos de prueba de resistencia de sellado<\/strong><\/h2>\n<h3><strong>Operaci\u00f3n controlada por PLC<\/strong><\/h3>\n<p>El equipo est\u00e1 controlado por un PLC (controlador l\u00f3gico programable), lo que garantiza resultados de pruebas estables, repetibles y de alta calidad. La interfaz de usuario est\u00e1 dise\u00f1ada con una pantalla t\u00e1ctil HMI (interfaz hombre-m\u00e1quina), que proporciona un control intuitivo y facilidad de uso.<\/p>\n<h3><strong>Sistema de vac\u00edo eficiente<\/strong><\/h3>\n<p>La unidad de prueba utiliza un <strong>Tubo Venturi<\/strong> Generar un vac\u00edo de hasta -90 KPa, lo que lo convierte en un sistema energ\u00e9ticamente eficiente. Este nivel de vac\u00edo es suficiente para identificar fugas, incluso las m\u00e1s peque\u00f1as, lo que garantiza una alta calidad de las pruebas sin necesidad de equipos adicionales.<\/p>\n<h3><strong>Detecci\u00f3n visual de fugas<\/strong><\/h3>\n<p>La prueba utiliza un m\u00e9todo de observaci\u00f3n visual para detectar fugas. Cuando hay una fuga, el aire que se escapa del paquete forma burbujas visibles en la c\u00e1mara llena de agua, lo que permite una r\u00e1pida identificaci\u00f3n. El equipo proporciona resultados acumulativos, lo que facilita la evaluaci\u00f3n de m\u00faltiples pruebas y su eficacia a lo largo del tiempo.<\/p>\n<h3><strong>Funci\u00f3n de ahorro de par\u00e1metros<\/strong><\/h3>\n<p>Para optimizar la eficiencia de las pruebas, el <strong>Comprobador de resistencia del sellado<\/strong> Incluye una funci\u00f3n de guardado de par\u00e1metros para hasta 5 configuraciones de prueba diferentes. Esto permite a los usuarios guardar par\u00e1metros espec\u00edficos, como niveles de vac\u00edo y tiempos de prueba, lo que facilita el cambio entre diferentes tipos de muestras y condiciones de prueba.<\/p>\n<h3><strong>C\u00e1mara personalizable y funciones opcionales<\/strong><\/h3>\n<p>La c\u00e1mara de prueba est\u00e1 hecha de acr\u00edlico transparente de alta calidad, lo que permite una observaci\u00f3n clara del proceso de prueba. Hay c\u00e1maras de tama\u00f1os y formas personalizados disponibles para probar una variedad de formatos de empaque. La unidad tambi\u00e9n ofrece caracter\u00edsticas opcionales como:<\/p>\n<ul>\n<li><strong>Micro impresora<\/strong> para la identificaci\u00f3n de muestras y la documentaci\u00f3n de los resultados de las pruebas.<\/li>\n<li><strong>Adaptaci\u00f3n del lenguaje<\/strong> para los mercados internacionales, garantizando que el probador sea accesible para los usuarios en diferentes regiones.<\/li>\n<li><strong>Integraci\u00f3n de bomba de vac\u00edo<\/strong> para permitir niveles de vac\u00edo m\u00e1s altos para escenarios de pruebas m\u00e1s exigentes.<\/li>\n<\/ul>\n<h2><strong>Beneficios de los equipos de prueba de resistencia del sellado<\/strong><\/h2>\n<h3><strong>Seguro de calidad<\/strong><\/h3>\n<p>Las pruebas de resistencia del sellado son fundamentales para garantizar que el embalaje pueda soportar las condiciones ambientales adversas y proteger el contenido de da\u00f1os, contaminaci\u00f3n o deterioro. Estas pruebas son vitales para las industrias alimentaria, m\u00e9dica y farmac\u00e9utica, donde la seguridad y la integridad del producto son primordiales.<\/p>\n<h3><strong>Personalizaci\u00f3n<\/strong><\/h3>\n<p>El equipo puede adaptarse a distintos tipos de envases, desde peque\u00f1as bolsas hasta grandes contenedores, lo que ofrece flexibilidad para una amplia gama de industrias. La capacidad de guardar par\u00e1metros de prueba para diversos materiales hace que el equipo se adapte a m\u00faltiples escenarios de prueba.<\/p>\n<h3><strong>Rentable y eficiente<\/strong><\/h3>\n<p>Con su interfaz f\u00e1cil de usar, funciones automatizadas y configuraciones personalizables, el <strong>Equipo de prueba de resistencia del sellado<\/strong> Permite a las empresas realizar pruebas de manera eficiente sin comprometer la precisi\u00f3n. Su capacidad para guardar configuraciones de prueba y generar resultados acumulativos optimiza el flujo de trabajo, lo que reduce el tiempo y los costos de las pruebas.<\/p>\n<h2><strong>Normas relevantes: ASTM D3078 y posteriores<\/strong><\/h2>\n<h3><strong>Norma ASTM D3078<\/strong><\/h3>\n<p>Este m\u00e9todo est\u00e1ndar se utiliza ampliamente en industrias donde la integridad de los sellos de los envases es fundamental. Garantiza que el envase cumpla con los est\u00e1ndares de rendimiento necesarios para evitar fugas y proteger el contenido de la contaminaci\u00f3n externa.<\/p>\n<h3><strong>Norma ASTM D4991<\/strong><\/h3>\n<p>La norma ASTM D4991 es otra norma relacionada que se centra en las pruebas de fugas de paquetes sellados mediante un m\u00e9todo diferente (penetraci\u00f3n de colorante o reducci\u00f3n de presi\u00f3n). Esta norma tambi\u00e9n se utiliza junto con la ASTM D3078 para realizar pruebas integrales de fugas de paquetes.<\/p>\n<h2><strong>\u00bfPor qu\u00e9 elegir el equipo de prueba de resistencia del sello de Cell Instruments?<\/strong><\/h2>\n<p>Cell Instruments es un nombre de confianza en la industria de pruebas de materiales. Con a\u00f1os de experiencia en pruebas de materiales de embalaje y soluciones de pruebas personalizadas, ofrecemos equipos de alta precisi\u00f3n dise\u00f1ados para satisfacer las exigentes necesidades de diversas industrias. <strong>Equipo de prueba de resistencia del sellado<\/strong> est\u00e1 dise\u00f1ado para proporcionar resultados confiables, precisos y eficientes, ayudando a las empresas a garantizar la integridad de sus envases.<\/p>\n<p>Con la flexibilidad de probar diferentes materiales de embalaje y la capacidad de guardar m\u00faltiples configuraciones de prueba, nuestro equipo est\u00e1 dise\u00f1ado para agilizar su proceso de prueba y mejorar su control de calidad.<\/p>\n<p>Garantizar la integridad del sellado del envase es vital para mantener la seguridad y la calidad del producto y el cumplimiento de los est\u00e1ndares de la industria. <strong>Equipo de prueba de resistencia del sellado<\/strong> ofrece una soluci\u00f3n eficiente, confiable y personalizable para empresas que requieren detecci\u00f3n de fugas de alta precisi\u00f3n. Ya sea que est\u00e9 probando envases de alimentos, sellos de dispositivos m\u00e9dicos o contenedores farmac\u00e9uticos, nuestro equipo proporciona la precisi\u00f3n y la consistencia que necesita para garantizar que sus productos lleguen al mercado con la m\u00e1xima calidad.<\/p>\n<h2>Secci\u00f3n de preguntas frecuentes<\/h2>\n<ol>\n<li><strong>\u00bfQu\u00e9 es la norma ASTM D3078 para pruebas de integridad del sello?<\/strong>\n<ul>\n<li>ASTM D3078 es un m\u00e9todo de prueba est\u00e1ndar para detectar fugas en envases sellados mediante la aplicaci\u00f3n de vac\u00edo. Garantiza que el envase mantenga su integridad al identificar cualquier sello d\u00e9bil que pueda provocar contaminaci\u00f3n o deterioro.<\/li>\n<\/ul>\n<\/li>\n<li><strong>\u00bfC\u00f3mo funciona el equipo de prueba de resistencia del sello?<\/strong>\n<ul>\n<li>El equipo coloca la muestra en una c\u00e1mara llena de agua, aplica vac\u00edo y detecta fugas observando la formaci\u00f3n de burbujas en la c\u00e1mara si el sello est\u00e1 comprometido.<\/li>\n<\/ul>\n<\/li>\n<li><strong>\u00bfQu\u00e9 industrias utilizan pruebas de resistencia del sello?<\/strong>\n<ul>\n<li>Las pruebas de resistencia del sello son fundamentales en industrias como el envasado de alimentos, productos farmac\u00e9uticos, dispositivos m\u00e9dicos, cosm\u00e9ticos y bienes de consumo, donde la integridad del sello es esencial para la seguridad del producto.<\/li>\n<\/ul>\n<\/li>\n<li><strong>\u00bfPuedo probar diferentes materiales de embalaje con este equipo?<\/strong>\n<ul>\n<li>S\u00ed, el equipo es vers\u00e1til y puede probar una variedad de materiales de embalaje, incluidos pl\u00e1sticos, papel y aluminio, con tama\u00f1os de c\u00e1mara y niveles de vac\u00edo personalizables.<\/li>\n<\/ul>\n<\/li>\n<li><strong>\u00bfCu\u00e1les son los beneficios clave de utilizar el equipo de prueba de resistencia del sello de Cell Instruments?<\/strong>\n<ul>\n<li>Los beneficios clave incluyen alta precisi\u00f3n, funciones personalizables, f\u00e1cil operaci\u00f3n con una interfaz HMI intuitiva y la capacidad de guardar par\u00e1metros de prueba para diferentes tipos de empaques.<\/li>\n<\/ul>\n<\/li>\n<\/ol>","protected":false},"excerpt":{"rendered":"<p>En la industria del embalaje, mantener la integridad de los sellos es crucial para garantizar la seguridad y la calidad del producto. Los equipos de prueba de resistencia de los sellos est\u00e1n dise\u00f1ados para evaluar la capacidad del sello para soportar las condiciones ambientales, evitando fugas y contaminaci\u00f3n. Estas pruebas son esenciales para industrias como el envasado de alimentos, productos farmac\u00e9uticos, dispositivos m\u00e9dicos, cosm\u00e9ticos y muchos otros, donde el rendimiento del embalaje afecta directamente la calidad del producto y la seguridad del consumidor.<\/p>","protected":false},"featured_media":5988,"comment_status":"closed","ping_status":"closed","template":"","meta":{"site-sidebar-layout":"default","site-content-layout":"default","ast-global-header-display":"","ast-main-header-display":"","ast-hfb-above-header-display":"","ast-hfb-below-header-display":"","ast-hfb-mobile-header-display":"","site-post-title":"disabled","ast-breadcrumbs-content":"","ast-featured-img":"disabled","footer-sml-layout":"","theme-transparent-header-meta":"default","adv-header-id-meta":"","stick-header-meta":"","header-above-stick-meta":"","header-main-stick-meta":"","header-below-stick-meta":""},"product_cat":[845,675,17,149,16,105,135,95],"product_tag":[],"class_list":{"0":"post-2401","1":"product","2":"type-product","3":"status-publish","4":"has-post-thumbnail","6":"product_cat-customization","7":"product_cat-leak-tester","8":"product_cat-package-container-testers","9":"product_cat-pharma-and-medical-testers","10":"product_cat-plastic-packaging-testers","11":"product_cat-astm-d3078","12":"product_cat-astm-d4991","13":"product_cat-products","14":"desktop-align-left","15":"tablet-align-left","16":"mobile-align-left","18":"first","19":"instock","20":"shipping-taxable","21":"product-type-simple"},"_links":{"self":[{"href":"https:\/\/www.qualitester.com\/es\/wp-json\/wp\/v2\/product\/2401","targetHints":{"allow":["GET"]}}],"collection":[{"href":"https:\/\/www.qualitester.com\/es\/wp-json\/wp\/v2\/product"}],"about":[{"href":"https:\/\/www.qualitester.com\/es\/wp-json\/wp\/v2\/types\/product"}],"replies":[{"embeddable":true,"href":"https:\/\/www.qualitester.com\/es\/wp-json\/wp\/v2\/comments?post=2401"}],"version-history":[{"count":0,"href":"https:\/\/www.qualitester.com\/es\/wp-json\/wp\/v2\/product\/2401\/revisions"}],"wp:featuredmedia":[{"embeddable":true,"href":"https:\/\/www.qualitester.com\/es\/wp-json\/wp\/v2\/media\/5988"}],"wp:attachment":[{"href":"https:\/\/www.qualitester.com\/es\/wp-json\/wp\/v2\/media?parent=2401"}],"wp:term":[{"taxonomy":"product_cat","embeddable":true,"href":"https:\/\/www.qualitester.com\/es\/wp-json\/wp\/v2\/product_cat?post=2401"},{"taxonomy":"product_tag","embeddable":true,"href":"https:\/\/www.qualitester.com\/es\/wp-json\/wp\/v2\/product_tag?post=2401"}],"curies":[{"name":"wp","href":"https:\/\/api.w.org\/{rel}","templated":true}]}}