{"id":1827,"date":"2023-04-27T09:11:59","date_gmt":"2023-04-27T01:11:59","guid":{"rendered":"https:\/\/www.qualitester.com\/?post_type=product&#038;p=1827"},"modified":"2024-12-04T11:43:39","modified_gmt":"2024-12-04T03:43:39","slug":"torque-tester-tt-01","status":"publish","type":"product","link":"https:\/\/www.qualitester.com\/es\/producto\/torque-tester-tt-01\/","title":{"rendered":"TT-01 Comprobador de par"},"content":{"rendered":"<h2>Introducci\u00f3n a las pruebas de par de apriete de tapones<\/h2>\n<p>Los ensayos de par de apriete de tapones son esenciales para garantizar que los tapones de botellas, recipientes y otros envases est\u00e9n correctamente dise\u00f1ados para un uso seguro y eficaz. Ya se trate de envases farmac\u00e9uticos, alimentarios, de bebidas o de bienes de consumo, el par de apriete necesario para abrir y cerrar los tapones repercute directamente tanto en la comodidad del consumidor como en la seguridad del producto. En <strong>Comprobador del par de apriete de tapones<\/strong> proporciona a los fabricantes las mediciones precisas necesarias para cumplir las normas reglamentarias y mejorar la funcionalidad de sus envases.<\/p>\n<h2>Normas principales: ASTM D2063, ASTM D3198, ASTM D3474<\/h2>\n<h3><a href=\"https:\/\/www.astm.org\/d2063_d2063m-10r18.html\" target=\"_blank\" rel=\"noopener nofollow\">ASTM D2063<\/a>: M\u00e9todo de ensayo normalizado del par necesario para abrir y cerrar envases a prueba de ni\u00f1os<\/h3>\n<p><a href=\"https:\/\/www.qualitester.com\/es\/categoria-producto\/astm\/astm-d2063\/\" target=\"_blank\" rel=\"noopener\"><strong>ASTM D2063<\/strong><\/a> describe el m\u00e9todo de ensayo para determinar el par de torsi\u00f3n necesario para abrir y cerrar envases a prueba de ni\u00f1os, garantizando la seguridad en el envasado de productos farmac\u00e9uticos y qu\u00edmicos. Esta norma es especialmente pertinente para los envases que deben impedir el acceso involuntario de los ni\u00f1os. El sitio <strong>Comprobador del par de apriete de tapones<\/strong> mide los pares de apertura y cierre necesarios, lo que resulta esencial para que los fabricantes cumplan la normativa sobre envases a prueba de ni\u00f1os.<\/p>\n<h3><a href=\"https:\/\/www.astm.org\/d3198-97r02.html\" target=\"_blank\" rel=\"noopener nofollow\">ASTM D3198<\/a>: M\u00e9todo de ensayo normalizado del par de apriete necesario para abrir y cerrar cierres de envases de vidrio<\/h3>\n<p><a href=\"https:\/\/www.qualitester.com\/es\/categoria-producto\/astm\/astm-d3198\/\" target=\"_blank\" rel=\"noopener\"><strong>ASTM D3198<\/strong><\/a> define la medida de par necesaria para abrir y cerrar los cierres de los envases de vidrio. Dado que el vidrio sigue siendo un material de envasado habitual, especialmente en los sectores de la alimentaci\u00f3n y las bebidas, garantizar el par de cierre correcto es vital para la integridad del producto durante su manipulaci\u00f3n, transporte y consumo. El sitio <strong>Comprobador del par de apriete de tapones<\/strong> proporciona lecturas precisas del par de apriete conforme a la norma ASTM D3198, lo que garantiza que los recipientes de vidrio cumplen las normas de rendimiento exigidas.<\/p>\n<h3><a href=\"https:\/\/www.astm.org\/d3474-90r18.html\" target=\"_blank\" rel=\"noopener nofollow\">Norma ASTM D3474<\/a>: M\u00e9todo de ensayo normalizado del par y la fuerza de apertura de los cierres<\/h3>\n<p><a href=\"https:\/\/www.qualitester.com\/es\/categoria-producto\/astm\/astm-d3474\/\" target=\"_blank\" rel=\"noopener\"><strong>Norma ASTM D3474<\/strong><\/a> especifica el procedimiento para medir tanto el par como la fuerza necesarios para abrir los cierres, especialmente en el caso de los envases de l\u00edquidos. Esta norma es importante para garantizar que los envases no s\u00f3lo sean f\u00e1ciles de abrir, sino tambi\u00e9n lo suficientemente seguros como para proteger el producto que contienen. El sitio <strong>Comprobador del par de apriete de tapones<\/strong> est\u00e1 equipado para manejar tanto las mediciones de par como de fuerza de acuerdo con la norma ASTM D3474, proporcionando datos cr\u00edticos para el control de calidad en el envasado.<\/p>\n<h2>Caracter\u00edsticas principales del dinam\u00f3metro de tapones<\/h2>\n<ul>\n<li><strong>Medici\u00f3n precisa<\/strong>: El comprobador garantiza una medici\u00f3n precisa de las fuerzas de apertura y cierre, esenciales para determinar el rendimiento de los tapones y cierres de botellas.<\/li>\n<li><strong>Estable y fiable<\/strong>: Conocido por su estabilidad a nivel industrial, el comprobador del par de apriete de tapones garantiza resultados de ensayo repetibles y fiables, incluso con tapones de distintos tama\u00f1os.<\/li>\n<li><strong>M\u00faltiples unidades de medida<\/strong>: Muestra los resultados de par en una variedad de unidades, incluyendo Kgf.cm, N.cm, daN.cm, Inch.lbs, y N.m, para adaptarse a las normas y preferencias de pruebas internacionales.<\/li>\n<li><strong>Interfaz f\u00e1cil de usar<\/strong>: La intuitiva interfaz de pantalla t\u00e1ctil HMI hace que el funcionamiento sea sencillo y eficiente, con una microimpresora opcional para facilitar el registro de datos y la documentaci\u00f3n.<\/li>\n<li><strong>Protecci\u00f3n contra sobrecargas<\/strong>: El comprobador est\u00e1 equipado con una protecci\u00f3n contra sobrecargas que protege tanto al equipo como al operario de una fuerza excesiva durante la prueba.<\/li>\n<li><strong>Gama de pinzas ampliada<\/strong>: Se adapta a una amplia gama de tama\u00f1os de envases, con rangos de pinza de \u03a65 mm a \u03a6170 mm, lo que la hace vers\u00e1til para varios tipos de botellas.<\/li>\n<li><strong>RS232 e integraci\u00f3n de software<\/strong>: Equipado con un puerto RS232 para la transferencia de datos y la integraci\u00f3n opcional de software profesional para an\u00e1lisis e informes avanzados.<\/li>\n<\/ul>\n<h2>Proceso de prueba: C\u00f3mo funciona el comprobador del par de apriete de tapones<\/h2>\n<ol>\n<li><strong>Configuraci\u00f3n de muestra<\/strong>: Coloque el tap\u00f3n de la botella en la abrazadera fija del comprobador.<\/li>\n<li><strong>Funcionamiento manual<\/strong>: El usuario abre o bloquea manualmente el tap\u00f3n, aplicando fuerza para medir los valores de par.<\/li>\n<li><strong>Medici\u00f3n de par<\/strong>: El sensor conectado a la pinza capta el par aplicado, midiendo la fuerza necesaria tanto para abrir como para cerrar el tap\u00f3n.<\/li>\n<li><strong>Grabaci\u00f3n de datos<\/strong>: El comprobador almacena autom\u00e1ticamente los valores pico y los muestra en la pantalla t\u00e1ctil para facilitar su interpretaci\u00f3n y an\u00e1lisis.<\/li>\n<\/ol>\n<h2>\u00bfPor qu\u00e9 elegir el dinam\u00f3metro de tapones?<\/h2>\n<ol>\n<li><strong>Exactitud y precisi\u00f3n<\/strong>: Proporciona lecturas muy precisas, esenciales para el control de calidad y la validaci\u00f3n del rendimiento de los dise\u00f1os de tapones.<\/li>\n<li><strong>Cumplimiento de las principales normas del sector<\/strong>: Cumple normas de ensayo esenciales como ASTM D2063, ASTM D3198 y ASTM D3474, lo que garantiza el cumplimiento de la normativa en sectores como el farmac\u00e9utico y el de envasado de alimentos.<\/li>\n<li><strong>Vers\u00e1til para m\u00faltiples tipos de envases<\/strong>: Ideal para probar diversos cierres, como botellas de PET, frascos de medicamentos, bolsas con boquilla y envases de tubo flexible.<\/li>\n<li><strong>Eficaz y duradero<\/strong>: Dise\u00f1ado para pruebas de alto rendimiento con protecci\u00f3n contra sobrecargas integrada, retenci\u00f3n de datos y una interfaz de usuario intuitiva para mejorar la eficacia de las pruebas.<\/li>\n<\/ol>\n<p>El <strong>Comprobador del par de apriete de tapones<\/strong> es una herramienta fundamental para fabricantes de diversos sectores, como el farmac\u00e9utico, el de alimentaci\u00f3n y bebidas y el de bienes de consumo. Al proporcionar mediciones precisas del par de apriete y garantizar el cumplimiento de normas clave como <strong>ASTM D2063<\/strong>, <strong>ASTM D3198<\/strong>, y <strong>Norma ASTM D3474<\/strong>, Este comprobador garantiza la seguridad, funcionalidad y facilidad de uso de los envases. Con su dise\u00f1o vers\u00e1til, fiabilidad y alto grado de precisi\u00f3n, el comprobador del par de apriete de tapones ayuda a los fabricantes a optimizar sus procesos de producci\u00f3n, mejorar el control de calidad y cumplir las normas m\u00e1s exigentes del sector.<\/p>","protected":false},"excerpt":{"rendered":"<p>Los ensayos de par de apriete de tapones son esenciales para garantizar que los tapones de botellas, recipientes y otros envases est\u00e9n correctamente dise\u00f1ados para un uso seguro y eficaz. Ya se trate de envases farmac\u00e9uticos, alimentarios, de bebidas o de bienes de consumo, el par de apriete necesario para abrir y cerrar los tapones repercute directamente tanto en la comodidad del consumidor como en la seguridad del producto. En <strong>Comprobador del par de apriete de tapones<\/strong> proporciona a los fabricantes las mediciones precisas necesarias para cumplir las normas reglamentarias y mejorar la funcionalidad de sus envases.<\/p>","protected":false},"featured_media":6027,"comment_status":"closed","ping_status":"closed","template":"","meta":{"site-sidebar-layout":"default","site-content-layout":"default","ast-global-header-display":"","ast-main-header-display":"","ast-hfb-above-header-display":"","ast-hfb-below-header-display":"","ast-hfb-mobile-header-display":"","site-post-title":"disabled","ast-breadcrumbs-content":"","ast-featured-img":"disabled","footer-sml-layout":"","theme-transparent-header-meta":"default","adv-header-id-meta":"","stick-header-meta":"","header-above-stick-meta":"","header-main-stick-meta":"","header-below-stick-meta":""},"product_cat":[845,687,17,124,125,128,95],"product_tag":[],"class_list":{"0":"post-1827","1":"product","2":"type-product","3":"status-publish","4":"has-post-thumbnail","6":"product_cat-customization","7":"product_cat-torque-tester","8":"product_cat-package-container-testers","9":"product_cat-astm-d2063","10":"product_cat-astm-d3198","11":"product_cat-astm-d3474","12":"product_cat-products","13":"desktop-align-left","14":"tablet-align-left","15":"mobile-align-left","17":"first","18":"instock","19":"shipping-taxable","20":"product-type-simple"},"_links":{"self":[{"href":"https:\/\/www.qualitester.com\/es\/wp-json\/wp\/v2\/product\/1827","targetHints":{"allow":["GET"]}}],"collection":[{"href":"https:\/\/www.qualitester.com\/es\/wp-json\/wp\/v2\/product"}],"about":[{"href":"https:\/\/www.qualitester.com\/es\/wp-json\/wp\/v2\/types\/product"}],"replies":[{"embeddable":true,"href":"https:\/\/www.qualitester.com\/es\/wp-json\/wp\/v2\/comments?post=1827"}],"version-history":[{"count":0,"href":"https:\/\/www.qualitester.com\/es\/wp-json\/wp\/v2\/product\/1827\/revisions"}],"wp:featuredmedia":[{"embeddable":true,"href":"https:\/\/www.qualitester.com\/es\/wp-json\/wp\/v2\/media\/6027"}],"wp:attachment":[{"href":"https:\/\/www.qualitester.com\/es\/wp-json\/wp\/v2\/media?parent=1827"}],"wp:term":[{"taxonomy":"product_cat","embeddable":true,"href":"https:\/\/www.qualitester.com\/es\/wp-json\/wp\/v2\/product_cat?post=1827"},{"taxonomy":"product_tag","embeddable":true,"href":"https:\/\/www.qualitester.com\/es\/wp-json\/wp\/v2\/product_tag?post=1827"}],"curies":[{"name":"wp","href":"https:\/\/api.w.org\/{rel}","templated":true}]}}