{"id":1799,"date":"2023-04-27T07:55:53","date_gmt":"2023-04-26T23:55:53","guid":{"rendered":"https:\/\/www.qualitester.com\/?post_type=product&#038;p=1799"},"modified":"2024-12-04T14:39:32","modified_gmt":"2024-12-04T06:39:32","slug":"stretch-film-peel-cling-tester-spc-01","status":"publish","type":"product","link":"https:\/\/www.qualitester.com\/es\/producto\/stretch-film-peel-cling-tester-spc-01\/","title":{"rendered":"Comprobador de adherencia de pel\u00edcula estirable SPC-01"},"content":{"rendered":"<h2>Introducci\u00f3n del comprobador de adherencia<\/h2>\n<p>El comprobador de adherencia desprendible ASTM D5458 mide la adherencia entre dos capas de pel\u00edcula y ayuda a determinar la capacidad del material de envoltura el\u00e1stica para adherirse a ella. En el \u00e1mbito de los materiales de embalaje, garantizar la seguridad y la estabilidad del producto es primordial en diversas industrias. Entre estos materiales, la pel\u00edcula estirable, tambi\u00e9n conocida como film transparente, desempe\u00f1a un papel crucial en el empaquetado seguro y la protecci\u00f3n de las mercanc\u00edas durante el transporte y el almacenamiento. Evaluar la calidad de adherencia desprendible de la pel\u00edcula estirable es esencial para evaluar su fuerza de adhesi\u00f3n y su rendimiento general.<\/p>\n<p><img fetchpriority=\"high\" decoding=\"async\" class=\"wp-image-4157 size-woocommerce_single aligncenter\" src=\"https:\/\/www.qualitester.com\/wp-content\/uploads\/2023\/04\/stretch-film-peel-cling-testser-600x600.jpg\" alt=\"Comprobador de adherencia para film pl\u00e1stico seg\u00fan ASTM D5458\" width=\"600\" height=\"600\" srcset=\"https:\/\/www.qualitester.com\/wp-content\/uploads\/2023\/04\/stretch-film-peel-cling-testser-600x600.jpg 600w, https:\/\/www.qualitester.com\/wp-content\/uploads\/2023\/04\/stretch-film-peel-cling-testser-300x300.jpg 300w, https:\/\/www.qualitester.com\/wp-content\/uploads\/2023\/04\/stretch-film-peel-cling-testser-150x150.jpg 150w, https:\/\/www.qualitester.com\/wp-content\/uploads\/2023\/04\/stretch-film-peel-cling-testser-100x100.jpg 100w, https:\/\/www.qualitester.com\/wp-content\/uploads\/2023\/04\/stretch-film-peel-cling-testser.jpg 750w\" sizes=\"(max-width: 600px) 100vw, 600px\" \/><\/p>\n<h2>\u00bfPor qu\u00e9 es importante realizar pruebas de pelado y adherencia?<\/h2>\n<p>La prueba de despegue y pegado es crucial para la pel\u00edcula estirable porque eval\u00faa la capacidad de la pel\u00edcula para adherirse a s\u00ed misma y mantener la integridad de los productos envueltos.<\/p>\n<h3>Estabilidad de carga<\/h3>\n<p>La funci\u00f3n principal del film estirable es estabilizar las cargas durante el transporte y el almacenamiento. Si el film no se adhiere correctamente a s\u00ed mismo, puede provocar que la carga se desplace, lo que puede causar da\u00f1os a las mercanc\u00edas o incluso accidentes durante el transporte.<\/p>\n<h3>Protecci\u00f3n del producto<\/h3>\n<p>Una correcta adherencia garantiza que los productos envueltos se mantengan unidos de forma segura, protegi\u00e9ndolos del polvo, la humedad y otros factores externos que podr\u00edan da\u00f1arlos o contaminarlos.<\/p>\n<h3>Manejo eficiente<\/h3>\n<p>Un film estirable con buenas propiedades de adherencia facilita la manipulaci\u00f3n y el transporte de cargas paletizadas, reduciendo el riesgo de deslizamiento o separaci\u00f3n durante la manipulaci\u00f3n.<\/p>\n<h3>Ahorro de costes<\/h3>\n<p>Las propiedades de adherencia efectivas implican que se necesita menos film para envolver una carga de forma segura. Esto no solo reduce los costos de material, sino que tambi\u00e9n minimiza el impacto ambiental asociado con el exceso de embalaje.<\/p>\n<h3>Satisfacci\u00f3n del cliente<\/h3>\n<p>Garantizar que los productos lleguen a su destino intactos y sin da\u00f1os es esencial para la satisfacci\u00f3n del cliente. Unas pruebas de adherencia adecuadas ayudan a los fabricantes a mantener la calidad de sus productos a lo largo de la cadena de suministro.<\/p>\n<p><img decoding=\"async\" class=\"wp-image-4156 size-woocommerce_single aligncenter\" src=\"https:\/\/www.qualitester.com\/wp-content\/uploads\/2023\/04\/astm-d5458-peel-cling-testing-machine-for-sale-600x600.jpg\" alt=\"Comprobador de adherencia para film pl\u00e1stico seg\u00fan ASTM D5458\" width=\"600\" height=\"600\" srcset=\"https:\/\/www.qualitester.com\/wp-content\/uploads\/2023\/04\/astm-d5458-peel-cling-testing-machine-for-sale-600x600.jpg 600w, https:\/\/www.qualitester.com\/wp-content\/uploads\/2023\/04\/astm-d5458-peel-cling-testing-machine-for-sale-300x300.jpg 300w, https:\/\/www.qualitester.com\/wp-content\/uploads\/2023\/04\/astm-d5458-peel-cling-testing-machine-for-sale-150x150.jpg 150w, https:\/\/www.qualitester.com\/wp-content\/uploads\/2023\/04\/astm-d5458-peel-cling-testing-machine-for-sale-100x100.jpg 100w, https:\/\/www.qualitester.com\/wp-content\/uploads\/2023\/04\/astm-d5458-peel-cling-testing-machine-for-sale.jpg 750w\" sizes=\"(max-width: 600px) 100vw, 600px\" \/><\/p>\n<h2>Aplicaci\u00f3n de la prueba de adherencia en pruebas de materiales<\/h2>\n<p>El comprobador de adherencia es una herramienta fundamental para evaluar la fuerza de adhesi\u00f3n entre dos capas de film estirable. Al proporcionar mediciones precisas, este comprobador contribuye significativamente a mejorar la calidad y la seguridad de los productos en diversos sectores, incluidos el envasado, la alimentaci\u00f3n, la medicina y m\u00e1s.<\/p>\n<h2>Cumplimiento de normas<\/h2>\n<ul>\n<li>El <a title=\"Comprobador de adherencia mediante desprendimiento ASTM D5458\" href=\"https:\/\/www.astm.org\/d5458-95r20.html\" target=\"_blank\" rel=\"noopener nofollow\"><span style=\"color: #3366ff;\"><strong>Norma ASTM D5458<\/strong><\/span><\/a> El m\u00e9todo de prueba est\u00e1ndar para la adherencia de film estirable ofrece un enfoque estandarizado para cuantificar la fuerza de adhesi\u00f3n entre capas de pel\u00edcula. Este m\u00e9todo ayuda a determinar la capa de adhesi\u00f3n superior, ya sea externa o interna.<\/li>\n<\/ul>\n<h2>Caracter\u00edsticas t\u00e9cnicas del comprobador de adherencia<\/h2>\n<ol>\n<li>Interfaz f\u00e1cil de usar: una pantalla t\u00e1ctil TFT de 7 pulgadas garantiza una f\u00e1cil operaci\u00f3n e interacci\u00f3n.<\/li>\n<li>Rendimiento confiable: La unidad de control PLC interna garantiza un rendimiento constante y confiable.<\/li>\n<li>Precisi\u00f3n y exactitud: utiliza un mecanismo de tornillo de bola de precisi\u00f3n para mediciones precisas de velocidad y desplazamiento.<\/li>\n<li>Velocidad de prueba ajustable: permite flexibilidad en los par\u00e1metros de prueba para adaptarse a los requisitos de prueba espec\u00edficos.<\/li>\n<li>Interferencia minimizada: las diferentes conexiones de celdas de carga eliminan la interferencia normalmente causada por la fricci\u00f3n y la gravedad, lo que garantiza resultados precisos.<\/li>\n<li>Funcionalidad mejorada: Equipado con un dispositivo limitador y funci\u00f3n de retorno autom\u00e1tico para mayor comodidad.<\/li>\n<li>Visualizaci\u00f3n de datos en tiempo real: proporciona visualizaci\u00f3n en tiempo real de las curvas de prueba y registra los valores m\u00e1ximos para su an\u00e1lisis.<\/li>\n<li>Uso vers\u00e1til: admite tasas de elongaci\u00f3n de 50%, 100% y 200%, lo que satisface una amplia gama de necesidades de prueba.<\/li>\n<li>Documentaci\u00f3n: Incluye una microimpresora incorporada para una c\u00f3moda documentaci\u00f3n de los resultados de las pruebas.<\/li>\n<li>Caracter\u00edsticas opcionales: ofrece la opci\u00f3n de agregar una funci\u00f3n de coeficiente de fricci\u00f3n para capacidades de prueba integrales.<\/li>\n<\/ol>\n<p>La calidad de adherencia del film estirable es fundamental para garantizar la integridad y la estabilidad de los productos envasados durante el transporte y el almacenamiento. El comprobador de adherencia es una soluci\u00f3n fiable para evaluar con precisi\u00f3n la fuerza de adherencia, lo que contribuye a mejorar la calidad y la seguridad de los productos en diversas industrias.<\/p>\n<h2>\u00bfC\u00f3mo probar la fuerza de adherencia del film estirable?<\/h2>\n<div class=\"ast-oembed-container\" style=\"height: 100%;\"><iframe title=\"Instrumento de prueba de adherencia de pel\u00edcula estirable | ASTM D5458\" width=\"500\" height=\"281\" src=\"https:\/\/www.youtube.com\/embed\/gRpUEGeIRNw?feature=oembed\" frameborder=\"0\" allow=\"accelerometer; autoplay; clipboard-write; encrypted-media; gyroscope; picture-in-picture; web-share\" referrerpolicy=\"strict-origin-when-cross-origin\" allowfullscreen><\/iframe><\/div>\n<h2>Preguntas frecuentes<\/h2>\n<ol>\n<li>\u00bfQu\u00e9 industrias se benefician m\u00e1s de? <strong>Prueba de adherencia al pelado<\/strong>?<br \/>\nLas pruebas de adherencia son invaluables en industrias como la del embalaje, la alimentaci\u00f3n, la medicina y la farmac\u00e9utica, donde asegurar las mercanc\u00edas durante el tr\u00e1nsito es fundamental.<\/li>\n<li>\u00bfPuede el? <strong>Comprobador de adherencia<\/strong> \u00bfAcomodar requisitos de pruebas personalizados?<br \/>\nS\u00ed, el comprobador de adherencia ofrece par\u00e1metros ajustables, lo que lo hace adecuado para diversas necesidades de pruebas, incluida la automatizaci\u00f3n personalizada.<\/li>\n<li>\u00bfLa prueba de adherencia del pelado cumple con los est\u00e1ndares internacionales?<br \/>\nPor supuesto, la prueba de adherencia de pelado, realizada por Peel Cling Tester, se adhiere a est\u00e1ndares internacionales como ASTM D5458, lo que garantiza resultados precisos y confiables.<\/li>\n<li>\u00bfC\u00f3mo contribuye la prueba de adherencia del pelado al control de calidad?<br \/>\nLa prueba de despegado sirve como una medida vital de control de calidad, asegurando la adherencia y el rendimiento de la pel\u00edcula estirable para asegurar los productos empaquetados de manera efectiva.<\/li>\n<li>\u00bfDe qu\u00e9 manera el Peel Cling Tester ayuda a ahorrar costos para las empresas?<br \/>\nAl evaluar con precisi\u00f3n la fuerza de adhesi\u00f3n, el Peel Cling Tester ayuda a las empresas a optimizar sus procesos de envasado, minimizando el desperdicio de material y garantizando una utilizaci\u00f3n eficiente de los recursos.<\/li>\n<\/ol>\n<h2>Instrumentos de prueba relacionados<\/h2>\n<p><img decoding=\"async\" class=\"alignnone wp-image-4121 size-woocommerce_single\" src=\"https:\/\/www.qualitester.com\/wp-content\/uploads\/2023\/04\/TST-01-Tensile-Tester-puncture-test-1-1-600x600.jpg\" alt=\"Probador de perforaci\u00f3n de pel\u00edcula estirable ASTM D5748\" width=\"600\" height=\"600\" srcset=\"https:\/\/www.qualitester.com\/wp-content\/uploads\/2023\/04\/TST-01-Tensile-Tester-puncture-test-1-1-600x600.jpg 600w, https:\/\/www.qualitester.com\/wp-content\/uploads\/2023\/04\/TST-01-Tensile-Tester-puncture-test-1-1-300x300.jpg 300w, https:\/\/www.qualitester.com\/wp-content\/uploads\/2023\/04\/TST-01-Tensile-Tester-puncture-test-1-1-150x150.jpg 150w, https:\/\/www.qualitester.com\/wp-content\/uploads\/2023\/04\/TST-01-Tensile-Tester-puncture-test-1-1-100x100.jpg 100w, https:\/\/www.qualitester.com\/wp-content\/uploads\/2023\/04\/TST-01-Tensile-Tester-puncture-test-1-1.jpg 750w\" sizes=\"(max-width: 600px) 100vw, 600px\" \/><\/p>\n<p>Prueba de detecci\u00f3n de enfermedades-01 <a title=\"Probador de punci\u00f3n ASTM D5748\" href=\"https:\/\/www.qualitester.com\/es\/producto\/tensile-tester-tst-01\/\" target=\"_blank\" rel=\"noopener\"><span style=\"color: #3366ff;\">Probador de tracci\u00f3n<\/span><\/a> Para protrusi\u00f3n <strong>Resistencia a la perforaci\u00f3n de la pel\u00edcula estirable<\/strong><\/p>","protected":false},"excerpt":{"rendered":"<p>El film estirable, tambi\u00e9n conocido como film transparente, desempe\u00f1a un papel fundamental en el empaquetado seguro y la protecci\u00f3n de las mercanc\u00edas durante el transporte y el almacenamiento. Evaluar la calidad de desprendimiento del film estirable es esencial para evaluar su fuerza de adhesi\u00f3n y su rendimiento general.<\/p>","protected":false},"featured_media":6101,"comment_status":"closed","ping_status":"closed","template":"","meta":{"site-sidebar-layout":"default","site-content-layout":"default","ast-global-header-display":"","ast-main-header-display":"","ast-hfb-above-header-display":"","ast-hfb-below-header-display":"","ast-hfb-mobile-header-display":"","site-post-title":"disabled","ast-breadcrumbs-content":"","ast-featured-img":"disabled","footer-sml-layout":"","theme-transparent-header-meta":"default","adv-header-id-meta":"","stick-header-meta":"","header-above-stick-meta":"","header-main-stick-meta":"","header-below-stick-meta":""},"product_cat":[845,681,16,390,95],"product_tag":[],"class_list":{"0":"post-1799","1":"product","2":"type-product","3":"status-publish","4":"has-post-thumbnail","6":"product_cat-customization","7":"product_cat-peel-tester","8":"product_cat-plastic-packaging-testers","9":"product_cat-astm-d5458","10":"product_cat-products","11":"desktop-align-left","12":"tablet-align-left","13":"mobile-align-left","15":"first","16":"instock","17":"shipping-taxable","18":"product-type-simple"},"_links":{"self":[{"href":"https:\/\/www.qualitester.com\/es\/wp-json\/wp\/v2\/product\/1799","targetHints":{"allow":["GET"]}}],"collection":[{"href":"https:\/\/www.qualitester.com\/es\/wp-json\/wp\/v2\/product"}],"about":[{"href":"https:\/\/www.qualitester.com\/es\/wp-json\/wp\/v2\/types\/product"}],"replies":[{"embeddable":true,"href":"https:\/\/www.qualitester.com\/es\/wp-json\/wp\/v2\/comments?post=1799"}],"version-history":[{"count":0,"href":"https:\/\/www.qualitester.com\/es\/wp-json\/wp\/v2\/product\/1799\/revisions"}],"wp:featuredmedia":[{"embeddable":true,"href":"https:\/\/www.qualitester.com\/es\/wp-json\/wp\/v2\/media\/6101"}],"wp:attachment":[{"href":"https:\/\/www.qualitester.com\/es\/wp-json\/wp\/v2\/media?parent=1799"}],"wp:term":[{"taxonomy":"product_cat","embeddable":true,"href":"https:\/\/www.qualitester.com\/es\/wp-json\/wp\/v2\/product_cat?post=1799"},{"taxonomy":"product_tag","embeddable":true,"href":"https:\/\/www.qualitester.com\/es\/wp-json\/wp\/v2\/product_tag?post=1799"}],"curies":[{"name":"wp","href":"https:\/\/api.w.org\/{rel}","templated":true}]}}