{"id":1789,"date":"2023-04-26T15:37:45","date_gmt":"2023-04-26T07:37:45","guid":{"rendered":"https:\/\/www.qualitester.com\/?post_type=product&#038;p=1789"},"modified":"2024-12-04T11:20:32","modified_gmt":"2024-12-04T03:20:32","slug":"drawing-volume-tester-rdvt-01","status":"publish","type":"product","link":"https:\/\/www.qualitester.com\/es\/producto\/drawing-volume-tester-rdvt-01\/","title":{"rendered":"RDVT-01 Comprobador de volumen de dibujo"},"content":{"rendered":"<h2><strong>Introducci\u00f3n al comprobador de volumen de extracci\u00f3n de sangre Vacutainer<\/strong><\/h2>\n<p>El <strong>Probador de volumen de extracci\u00f3n de sangre Vacutainer<\/strong> es un instrumento de prueba avanzado dise\u00f1ado para medir el volumen de sangre extra\u00eddo en un tubo Vacutainer. En el diagn\u00f3stico m\u00e9dico, la recolecci\u00f3n precisa de sangre es crucial para obtener resultados confiables de las pruebas. El tubo Vacutainer es un recipiente especializado, generalmente hecho de vidrio o pl\u00e1stico, que utiliza un tap\u00f3n de goma sellado al vac\u00edo para extraer un volumen espec\u00edfico de l\u00edquido hacia el tubo. Este proceso preciso de recolecci\u00f3n de sangre es esencial en laboratorios, hospitales y ensayos cl\u00ednicos para garantizar la precisi\u00f3n de las pruebas de diagn\u00f3stico.<\/p>\n<p>El comprobador de volumen de extracci\u00f3n de sangre Vacutainer desempe\u00f1a un papel fundamental a la hora de confirmar que cada tubo Vacutainer recoge el volumen de sangre adecuado, lo que respalda la integridad y la fiabilidad de las pruebas m\u00e9dicas.<\/p>\n<h2><strong>Descripci\u00f3n general del tubo Vacutainer<\/strong><\/h2>\n<p>A <strong>Tubo Vacutainer<\/strong> Es un recipiente especialmente dise\u00f1ado para recolectar muestras de sangre u otros l\u00edquidos. Tiene las siguientes caracter\u00edsticas:<\/p>\n<ul>\n<li><strong>Materiales<\/strong>:Fabricado en vidrio o pl\u00e1stico con un tap\u00f3n de goma que forma un sello herm\u00e9tico.<\/li>\n<li><strong>Funci\u00f3n de vac\u00edo<\/strong>:El vac\u00edo dentro del tubo ayuda a atraer sangre hacia el recipiente cuando la aguja perfora el tap\u00f3n de goma.<\/li>\n<li><strong>Aditivos<\/strong>:Los tapones de diferentes colores indican aditivos espec\u00edficos dentro del tubo, que preservan o estabilizan la sangre para diversas pruebas de laboratorio.<\/li>\n<li><strong>Seguridad y etiquetado<\/strong>:Los tubos a menudo incluyen caracter\u00edsticas de seguridad para evitar la contaminaci\u00f3n, y las opciones de etiquetado personalizables garantizan un seguimiento e identificaci\u00f3n eficientes de las muestras.<\/li>\n<\/ul>\n<h2><strong>Metodolog\u00eda de prueba<\/strong><\/h2>\n<p>El proceso de prueba para medir el volumen de extracci\u00f3n de sangre en un tubo Vacutainer es sencillo e implica los siguientes pasos:<\/p>\n<ol>\n<li><strong>Inserci\u00f3n del tubo Vacutainer<\/strong>:\n<ul>\n<li>Inserte el tubo Vacutainer previamente evacuado en el sitio de punci\u00f3n del sistema de prueba. La presi\u00f3n interna del sistema se ajusta para que coincida con la presi\u00f3n dentro del tubo y as\u00ed garantizar una medici\u00f3n precisa del volumen.<\/li>\n<\/ul>\n<\/li>\n<li><strong>Ajuste de la presi\u00f3n seg\u00fan la altitud<\/strong>:\n<ul>\n<li>La presi\u00f3n interna del sistema se ajusta en funci\u00f3n de la altitud de la regi\u00f3n de prueba (ya que la presi\u00f3n atmosf\u00e9rica cambia con la altitud). Este ajuste garantiza un rendimiento constante en condiciones ambientales variables.<\/li>\n<\/ul>\n<\/li>\n<li><strong>Medici\u00f3n del volumen de sangre extra\u00edda<\/strong>:\n<ul>\n<li>El tubo aspira la sangre y se mide el peso del tubo antes y despu\u00e9s de la prueba. La diferencia de peso se utiliza para calcular el volumen exacto de sangre extra\u00edda en el tubo Vacutainer.<\/li>\n<\/ul>\n<\/li>\n<\/ol>\n<h2><strong>Caracter\u00edsticas t\u00e9cnicas<\/strong><\/h2>\n<ul>\n<li><strong>Control PLC y pantalla t\u00e1ctil HMI<\/strong>:<br \/>\nEl comprobador de volumen de extracci\u00f3n de sangre Vacutainer est\u00e1 controlado por un <strong>Controlador l\u00f3gico programable (PLC)<\/strong>, asegurando un rendimiento estable a nivel industrial. <strong>Pantalla t\u00e1ctil de interfaz hombre-m\u00e1quina (HMI)<\/strong> Permite una f\u00e1cil operaci\u00f3n y un control intuitivo, haci\u00e9ndolo f\u00e1cil de usar y eficiente para los operadores.<\/li>\n<li><strong>Control de presi\u00f3n constante<\/strong>:<br \/>\nEl comprobador mantiene una presi\u00f3n constante dentro del sistema durante la prueba y se ajusta autom\u00e1ticamente para tener en cuenta las variaciones en el nivel del l\u00edquido. Esto garantiza que cada extracci\u00f3n de sangre se mida con alta precisi\u00f3n, sin fluctuaciones en los resultados.<\/li>\n<li><strong>Bomba de vac\u00edo incorporada<\/strong>:<br \/>\nEl sistema est\u00e1 equipado con una bomba de vac\u00edo integrada, lo que permite ahorrar espacio y reducir los costes operativos en comparaci\u00f3n con el uso de bombas externas. El dise\u00f1o integrado garantiza una eficiencia \u00f3ptima del espacio manteniendo un alto rendimiento.<\/li>\n<\/ul>\n<h2><strong>Par\u00e1metros y especificaciones principales<\/strong><\/h2>\n<ul>\n<li><strong>Grado de vac\u00edo<\/strong>: 0~-40 KPa (equivalente a una altitud de 3600 metros)\n<ul>\n<li>Este rango garantiza que el sistema pueda simular condiciones del mundo real, desde el nivel del mar hasta grandes altitudes, proporcionando mediciones precisas del volumen sangu\u00edneo independientemente de la ubicaci\u00f3n.<\/li>\n<\/ul>\n<\/li>\n<li><strong>Sistema de control<\/strong>:\n<ul>\n<li>PLC y <strong>Interfaz hombre-m\u00e1quina (HMI)<\/strong> para un control suave y preciso de todos los par\u00e1metros de prueba.<\/li>\n<\/ul>\n<\/li>\n<li><strong>Requisitos de energ\u00eda<\/strong>:\n<ul>\n<li>220 V, 50\/60 Hz para compatibilidad global con sistemas de energ\u00eda industriales est\u00e1ndar.<\/li>\n<\/ul>\n<\/li>\n<\/ul>\n<h2><strong>Normas y cumplimiento de la industria<\/strong><\/h2>\n<p>El comprobador de volumen de extracci\u00f3n de sangre Vacutainer cumple con varios est\u00e1ndares de la industria en cuanto a precisi\u00f3n y confiabilidad, lo que garantiza que cumple con las rigurosas demandas de los laboratorios de diagn\u00f3stico, farmac\u00e9uticos y de atenci\u00f3n m\u00e9dica. Al cumplir con los est\u00e1ndares establecidos, este comprobador garantiza que las mediciones del volumen de sangre sean consistentes, confiables y reproducibles.<\/p>\n<h2><strong>Interpretaci\u00f3n de los resultados de la prueba<\/strong><\/h2>\n<p>El <a href=\"https:\/\/www.qualitester.com\/es\/categoria-producto\/test-items\/vacutainer-drawing-volume-tester\/\" target=\"_blank\" rel=\"noopener\">Probador de volumen de extracci\u00f3n de sangre Vacutainer<\/a> Proporciona resultados precisos al calcular la diferencia de peso antes y despu\u00e9s de la prueba. Este cambio de peso corresponde al volumen exacto de sangre extra\u00edda, lo que garantiza que se recoja la cantidad adecuada de muestra para la prueba de laboratorio. El sistema elimina la posibilidad de error humano en la medici\u00f3n del volumen, lo que garantiza la coherencia y la alta calidad de los resultados en todas las pruebas.<\/p>\n<h2><strong>Principales beneficios de utilizar el comprobador de volumen de extracci\u00f3n de sangre Vacutainer<\/strong><\/h2>\n<ul>\n<li><strong>Precisi\u00f3n y consistencia<\/strong>:<br \/>\nGarantiza mediciones precisas y confiables del volumen sangu\u00edneo, que son fundamentales para las pruebas de diagn\u00f3stico y el an\u00e1lisis de muestras.<\/li>\n<li><strong>Eficiencia mejorada<\/strong>:<br \/>\nAgiliza el proceso de recolecci\u00f3n de sangre, reduciendo el tiempo y el esfuerzo necesarios para las pruebas y mejorando al mismo tiempo el rendimiento en entornos de alta demanda.<\/li>\n<li><strong>Seguridad mejorada<\/strong>:<br \/>\nEvita el riesgo de llenar demasiado o demasiado poco los tubos, lo que podr\u00eda comprometer los resultados de las pruebas y la seguridad del paciente.<\/li>\n<li><strong>Rentabilidad<\/strong>:<br \/>\nLa bomba de vac\u00edo integrada y el sistema de control automatizado reducen los costos operativos y al mismo tiempo aumentan la precisi\u00f3n y la eficiencia de las pruebas.<\/li>\n<\/ul>\n<h2><strong>Preguntas frecuentes<\/strong><\/h2>\n<ol>\n<li><strong>\u00bfCu\u00e1l es el prop\u00f3sito del comprobador de volumen de extracci\u00f3n de sangre Vacutainer?<\/strong>\n<ul>\n<li>Mide con precisi\u00f3n el volumen de sangre extra\u00eddo en un tubo Vacutainer, lo que garantiza una recolecci\u00f3n de sangre precisa para pruebas de diagn\u00f3stico y de laboratorio.<\/li>\n<\/ul>\n<\/li>\n<li><strong>\u00bfC\u00f3mo funciona el comprobador de volumen de extracci\u00f3n de sangre Vacutainer?<\/strong>\n<ul>\n<li>El sistema utiliza vac\u00edo para extraer sangre hacia el tubo Vacutainer, y la diferencia de peso antes y despu\u00e9s de la prueba se utiliza para determinar el volumen de sangre recolectada.<\/li>\n<\/ul>\n<\/li>\n<li><strong>\u00bfSe puede utilizar el comprobador de volumen de extracci\u00f3n de sangre Vacutainer en diferentes entornos?<\/strong>\n<ul>\n<li>S\u00ed, el probador ajusta la presi\u00f3n en funci\u00f3n de la altitud, lo que garantiza un rendimiento y una precisi\u00f3n constantes en diversas ubicaciones geogr\u00e1ficas.<\/li>\n<\/ul>\n<\/li>\n<li><strong>\u00bfEs f\u00e1cil de utilizar el comprobador de volumen de extracci\u00f3n de sangre Vacutainer?<\/strong>\n<ul>\n<li>S\u00ed, el probador se controla a trav\u00e9s de un <strong>SOCIEDAD AN\u00d3NIMA<\/strong> y <strong>Pantalla t\u00e1ctil HMI<\/strong>, haci\u00e9ndolo intuitivo y f\u00e1cil de operar.<\/li>\n<\/ul>\n<\/li>\n<li><strong>\u00bfQu\u00e9 industrias se benefician del uso del comprobador de volumen de extracci\u00f3n de sangre Vacutainer?<\/strong>\n<ul>\n<li>Se utiliza principalmente en el \u00e1mbito sanitario, en laboratorios cl\u00ednicos y en la industria farmac\u00e9utica, donde la recolecci\u00f3n de sangre precisa es crucial para las pruebas de diagn\u00f3stico.<\/li>\n<\/ul>\n<\/li>\n<\/ol>\n<p>El <strong>Probador de volumen de extracci\u00f3n de sangre Vacutainer<\/strong> es una herramienta esencial para garantizar la recolecci\u00f3n precisa de sangre en diagn\u00f3sticos m\u00e9dicos, pruebas de laboratorio y aplicaciones farmac\u00e9uticas. Con su interfaz f\u00e1cil de usar, rendimiento constante y alta precisi\u00f3n, ofrece importantes beneficios tanto para los proveedores de atenci\u00f3n m\u00e9dica como para los investigadores. Este dispositivo garantiza que cada muestra de sangre se recolecte en el volumen correcto, lo que contribuye a la precisi\u00f3n y confiabilidad de los resultados de diagn\u00f3stico.<\/p>","protected":false},"excerpt":{"rendered":"<p>El <strong>Probador de volumen de extracci\u00f3n de sangre Vacutainer<\/strong> es un instrumento de prueba avanzado dise\u00f1ado para medir el volumen de sangre extra\u00eddo en un tubo Vacutainer. En el diagn\u00f3stico m\u00e9dico, la recolecci\u00f3n precisa de sangre es crucial para obtener resultados confiables de las pruebas. El tubo Vacutainer es un recipiente especializado, generalmente hecho de vidrio o pl\u00e1stico, que utiliza un tap\u00f3n de goma sellado al vac\u00edo para extraer un volumen espec\u00edfico de l\u00edquido hacia el tubo. Este proceso preciso de recolecci\u00f3n de sangre es esencial en laboratorios, hospitales y ensayos cl\u00ednicos para garantizar la precisi\u00f3n de las pruebas de diagn\u00f3stico.<\/p>","protected":false},"featured_media":6023,"comment_status":"closed","ping_status":"closed","template":"","meta":{"site-sidebar-layout":"default","site-content-layout":"default","ast-global-header-display":"","ast-main-header-display":"","ast-hfb-above-header-display":"","ast-hfb-below-header-display":"","ast-hfb-mobile-header-display":"","site-post-title":"disabled","ast-breadcrumbs-content":"","ast-featured-img":"disabled","footer-sml-layout":"","theme-transparent-header-meta":"default","adv-header-id-meta":"","stick-header-meta":"","header-above-stick-meta":"","header-main-stick-meta":"","header-below-stick-meta":""},"product_cat":[845,936,674,149,95],"product_tag":[],"class_list":{"0":"post-1789","1":"product","2":"type-product","3":"status-publish","4":"has-post-thumbnail","6":"product_cat-customization","7":"product_cat-vacutainer-drawing-volume-tester","8":"product_cat-test-items","9":"product_cat-pharma-and-medical-testers","10":"product_cat-products","11":"desktop-align-left","12":"tablet-align-left","13":"mobile-align-left","15":"first","16":"instock","17":"shipping-taxable","18":"product-type-simple"},"_links":{"self":[{"href":"https:\/\/www.qualitester.com\/es\/wp-json\/wp\/v2\/product\/1789","targetHints":{"allow":["GET"]}}],"collection":[{"href":"https:\/\/www.qualitester.com\/es\/wp-json\/wp\/v2\/product"}],"about":[{"href":"https:\/\/www.qualitester.com\/es\/wp-json\/wp\/v2\/types\/product"}],"replies":[{"embeddable":true,"href":"https:\/\/www.qualitester.com\/es\/wp-json\/wp\/v2\/comments?post=1789"}],"version-history":[{"count":0,"href":"https:\/\/www.qualitester.com\/es\/wp-json\/wp\/v2\/product\/1789\/revisions"}],"wp:featuredmedia":[{"embeddable":true,"href":"https:\/\/www.qualitester.com\/es\/wp-json\/wp\/v2\/media\/6023"}],"wp:attachment":[{"href":"https:\/\/www.qualitester.com\/es\/wp-json\/wp\/v2\/media?parent=1789"}],"wp:term":[{"taxonomy":"product_cat","embeddable":true,"href":"https:\/\/www.qualitester.com\/es\/wp-json\/wp\/v2\/product_cat?post=1789"},{"taxonomy":"product_tag","embeddable":true,"href":"https:\/\/www.qualitester.com\/es\/wp-json\/wp\/v2\/product_tag?post=1789"}],"curies":[{"name":"wp","href":"https:\/\/api.w.org\/{rel}","templated":true}]}}