{"id":1728,"date":"2023-04-26T13:58:32","date_gmt":"2023-04-26T05:58:32","guid":{"rendered":"https:\/\/www.qualitester.com\/?post_type=product&#038;p=1728"},"modified":"2024-12-02T16:27:43","modified_gmt":"2024-12-02T08:27:43","slug":"leak-tester-lt-02","status":"publish","type":"product","link":"https:\/\/www.qualitester.com\/es\/producto\/leak-tester-lt-02\/","title":{"rendered":"Comprobador de fugas LT-02"},"content":{"rendered":"<h2><strong>Introducci\u00f3n al comprobador de fugas de paquetes<\/strong><\/h2>\n<p>Garantizar la integridad de los sellos de los paquetes es fundamental para proteger los productos de la contaminaci\u00f3n, el deterioro y la degradaci\u00f3n. Un comprobador de fugas de paquetes confiable como el <strong>Comprobador de fugas LT-02<\/strong> Desempe\u00f1a un papel fundamental en industrias que abarcan desde el envasado de alimentos hasta los productos farmac\u00e9uticos, y proporciona informaci\u00f3n esencial sobre la calidad del envasado. Este avanzado instrumento de prueba de fugas ayuda a los fabricantes a detectar y abordar defectos de envasado de forma temprana, lo que garantiza que los productos permanezcan seguros, frescos y cumplan con los est\u00e1ndares de la industria.<\/p>\n<p>A <strong>comprobador de fugas de paquetes<\/strong> Verifica que el sello de un paquete sea herm\u00e9tico, evitando fugas que podr\u00edan comprometer el contenido. Esto es particularmente importante en sectores donde la integridad del sello es esencial para mantener la calidad y seguridad del producto.<\/p>\n<h2><strong>ASTM D3078: Norma para pruebas de fugas<\/strong><\/h2>\n<h3><strong>Introducci\u00f3n a la norma ASTM D3078<\/strong><\/h3>\n<p>El <a href=\"https:\/\/www.astm.org\/d3078-02r21e01.html\" target=\"_blank\" rel=\"noopener nofollow\"><strong>Norma ASTM D3078<\/strong><\/a> es una norma ampliamente reconocida que describe m\u00e9todos para detectar fugas importantes en envases flexibles que contienen gas en el espacio de cabeza. Esta norma es particularmente \u00fatil para probar materiales de envases flexibles utilizados en aplicaciones alimentarias, farmac\u00e9uticas y de dispositivos m\u00e9dicos, donde garantizar la integridad del sello es fundamental para la seguridad del producto.<\/p>\n<h3><strong>Metodolog\u00eda de prueba seg\u00fan ASTM D3078<\/strong><\/h3>\n<p>De acuerdo a <a href=\"https:\/\/www.qualitester.com\/es\/categoria-producto\/astm\/astm-d3078\/\" target=\"_blank\" rel=\"noopener\"><strong>Norma ASTM D3078<\/strong><\/a>La prueba de fugas del paquete se realiza sumergiendo la muestra de prueba en una c\u00e1mara llena de agua. Luego, se sella la c\u00e1mara y se aplica vac\u00edo para crear diferencias de presi\u00f3n. Si el paquete tiene una fuga, el aire se escapar\u00e1 por la abertura, lo que har\u00e1 que se formen burbujas en el agua. Este m\u00e9todo facilita la identificaci\u00f3n visual de fugas, incluso aquellas que son demasiado peque\u00f1as para ser detectadas por otros medios.<\/p>\n<p>Esta norma garantiza que los materiales de embalaje puedan evaluarse eficazmente para detectar fugas, ofreciendo a los fabricantes una forma confiable de garantizar la protecci\u00f3n del producto y el cumplimiento de las normas de seguridad.<\/p>\n<h2><strong>C\u00f3mo funciona el comprobador de fugas de paquetes<\/strong><\/h2>\n<h3><strong>Configuraci\u00f3n y procedimiento de la prueba<\/strong><\/h3>\n<p>Para realizar una prueba de fugas utilizando el <strong>Comprobador de fugas LT-02<\/strong>La muestra de prueba se coloca dentro de una c\u00e1mara de acr\u00edlico transparente llena de agua. La c\u00e1mara se sella y la unidad de control comienza a evacuar el aire hasta que se alcanza la presi\u00f3n de vac\u00edo requerida. Luego, se prueba el paquete para detectar fugas, que se indican por la aparici\u00f3n de burbujas a medida que el aire se escapa por las peque\u00f1as aberturas del sello.<\/p>\n<h3><strong>Caracter\u00edsticas t\u00e9cnicas del comprobador de fugas LT-02<\/strong><\/h3>\n<ul>\n<li><strong>Capacidades de alto vac\u00edo<\/strong>:El LT-02 puede alcanzar una presi\u00f3n de vac\u00edo de hasta <strong>-90 kPa<\/strong> Utilizando un tubo Venturi, lo que le permite detectar incluso fugas muy peque\u00f1as en una amplia gama de materiales de embalaje.<\/li>\n<li><strong>Tiempo de prueba ajustable<\/strong>:El tiempo de prueba se puede personalizar para adaptarse a los requisitos espec\u00edficos del embalaje que se est\u00e1 probando. Esta caracter\u00edstica garantiza que se puedan probar de manera eficaz tanto los paquetes peque\u00f1os como los grandes.<\/li>\n<li><strong>Interruptor de presi\u00f3n de vac\u00edo SMC<\/strong>:El LT-02 utiliza un interruptor de presi\u00f3n de vac\u00edo SMC de alta calidad, que garantiza un control preciso y confiable sobre los niveles de vac\u00edo durante la prueba.<\/li>\n<li><strong>C\u00e1mara de pruebas personalizable<\/strong>:La c\u00e1mara est\u00e1 hecha de acr\u00edlico transparente y duradero y se puede personalizar en t\u00e9rminos de tama\u00f1o y forma para adaptarse a diferentes formatos de empaque, incluidas formas cil\u00edndricas y cuboides.<\/li>\n<li><strong>Niveles de vac\u00edo superiores opcionales<\/strong>:El LT-02 es compatible con una bomba de vac\u00edo para niveles de vac\u00edo m\u00e1s altos, de acuerdo con <strong>Norma ASTM D4991<\/strong>, para requisitos de pruebas m\u00e1s estrictos.<\/li>\n<\/ul>\n<h2><strong>Aplicaciones de las pruebas de fugas de envases<\/strong><\/h2>\n<h3><strong>Aplicaciones industriales<\/strong><\/h3>\n<ul>\n<li><strong>Industria alimentaria<\/strong>:El LT-02 es crucial para garantizar la integridad de los envases en la industria alimentaria, previniendo la contaminaci\u00f3n, el deterioro o la degradaci\u00f3n de productos perecederos.<\/li>\n<li><strong>Productos farmac\u00e9uticos y dispositivos m\u00e9dicos<\/strong>:Para productos que requieren embalaje est\u00e9ril, como medicamentos o dispositivos m\u00e9dicos, el LT-02 garantiza que los sellos del embalaje est\u00e9n libres de fugas, protegiendo contra la contaminaci\u00f3n.<\/li>\n<li><strong>Fabricantes de embalajes<\/strong>:El LT-02 tambi\u00e9n es ampliamente utilizado por los fabricantes de envases para probar y verificar el rendimiento de sus productos antes de lanzarlos a los clientes.<\/li>\n<\/ul>\n<h3><strong>Pruebas de embalaje sostenible<\/strong><\/h3>\n<p>Con la creciente demanda de soluciones de embalaje sostenibles y ecol\u00f3gicas, el LT-02 puede ayudar a probar materiales alternativos para determinar su resistencia a fugas, garantizando que estos nuevos tipos de embalaje cumplan con los mismos est\u00e1ndares de seguridad y protecci\u00f3n que los materiales de embalaje tradicionales.<\/p>\n<h2><strong>Beneficios de utilizar un comprobador de fugas de paquetes<\/strong><\/h2>\n<ul>\n<li><strong>Precisi\u00f3n y confiabilidad<\/strong>:El LT-02 proporciona resultados precisos y confiables, garantizando que cualquier defecto en los sellos del embalaje se detecte y solucione en una etapa temprana del proceso de producci\u00f3n.<\/li>\n<li><strong>Rentabilidad<\/strong>:Al detectar defectos de embalaje antes de que los productos lleguen al mercado, los fabricantes pueden evitar retiradas costosas de productos, insatisfacci\u00f3n de los clientes y productos da\u00f1ados.<\/li>\n<li><strong>Cumplimiento de los est\u00e1ndares de la industria<\/strong>:El LT-02 cumple <strong>Norma ASTM D3078<\/strong> y otras normas de prueba de embalaje relevantes, lo que ayuda a los fabricantes a cumplir con los requisitos reglamentarios de seguridad del producto y calidad del embalaje.<\/li>\n<\/ul>\n<h2><strong>Especificaciones t\u00e9cnicas del comprobador de fugas LT-02<\/strong><\/h2>\n<table>\n<tbody>\n<tr>\n<td style=\"text-align: center;\" width=\"129\">Campo de pruebas<\/td>\n<td style=\"text-align: center;\" width=\"229\">0~-90 kPa<\/td>\n<\/tr>\n<tr>\n<td style=\"text-align: center;\" width=\"129\">C\u00e1mara<\/td>\n<td width=\"229\">Forma de cilindro acr\u00edlico<\/td>\n<\/tr>\n<tr>\n<td style=\"text-align: center;\" width=\"129\">Espacio de prueba<\/td>\n<td style=\"text-align: center;\" width=\"229\">\u03a6270*H210mm (Usable en interior)<\/td>\n<\/tr>\n<tr>\n<td style=\"text-align: center;\" width=\"129\">Aire comprimido<\/td>\n<td style=\"text-align: center;\" width=\"229\">0,7 MPa (preparado por el usuario)<\/td>\n<\/tr>\n<tr>\n<td style=\"text-align: center;\" width=\"129\">Fuerza<\/td>\n<td style=\"text-align: center;\" width=\"229\">110 V o 220 V 50\/60 Hz<\/td>\n<\/tr>\n<\/tbody>\n<\/table>\n<h2><strong>Preguntas frecuentes (FAQ)<\/strong><\/h2>\n<ul>\n<li><strong>\u00bfQu\u00e9 es ASTM D3078 y c\u00f3mo se relaciona con las pruebas de fugas de paquetes?<\/strong><br \/>\n<strong>Norma ASTM D3078<\/strong> Es un m\u00e9todo de prueba est\u00e1ndar para detectar fugas importantes en envases flexibles mediante el uso de emisi\u00f3n de burbujas en una c\u00e1mara de agua. Se utiliza ampliamente en envases de alimentos, productos farmac\u00e9uticos y dispositivos m\u00e9dicos.<\/li>\n<li><strong>\u00bfC\u00f3mo detecta fugas el comprobador de fugas LT-02?<\/strong><br \/>\nEl LT-02 utiliza una c\u00e1mara de vac\u00edo llena de agua. A medida que el aire se escapa de cualquier fuga en el envase, se forman burbujas, lo que facilita la identificaci\u00f3n visual de las fugas.<\/li>\n<li><strong>\u00bfQu\u00e9 industrias se benefician del uso de un comprobador de fugas de envases?<\/strong><br \/>\nLas industrias como las de envasado de alimentos, productos farmac\u00e9uticos, dispositivos m\u00e9dicos y fabricantes de envases se benefician del uso de comprobadores de fugas de envases para garantizar la calidad y el cumplimiento del producto.<\/li>\n<li><strong>\u00bfSe puede utilizar el LT-02 para diferentes tama\u00f1os de paquetes?<\/strong><br \/>\nS\u00ed, el LT-02 cuenta con tama\u00f1os de c\u00e1mara personalizables para adaptarse a una amplia gama de formatos de envasado, desde peque\u00f1os contenedores de alimentos hasta envases m\u00e9dicos m\u00e1s grandes.<\/li>\n<li><strong>\u00bfC\u00f3mo configuro el comprobador de fugas LT-02 para su uso?<\/strong><br \/>\nLa configuraci\u00f3n del LT-02 es sencilla. Solo hay que colocar el paquete dentro de la c\u00e1mara, sellarlo y ajustar los par\u00e1metros de vac\u00edo y tiempo de prueba seg\u00fan sea necesario. El dispositivo realizar\u00e1 la prueba y proporcionar\u00e1 informaci\u00f3n visual si se detecta una fuga.<\/li>\n<\/ul>\n<p>El <strong>Comprobador de fugas de paquetes LT-02<\/strong> de Cell Instruments es una herramienta esencial para garantizar la integridad de los sellos de los envases en m\u00faltiples industrias. Ya sea que se dedique al envasado de alimentos, productos farmac\u00e9uticos o fabricaci\u00f3n de envases, el LT-02 ofrece pruebas de fugas precisas, confiables y eficientes de conformidad con las normas <strong>Norma ASTM D3078<\/strong> y otras normas pertinentes. Con sus caracter\u00edsticas personalizables, capacidades de alto vac\u00edo y operaci\u00f3n f\u00e1cil de usar, el LT-02 ayuda a proteger la calidad del producto, reducir los costos de producci\u00f3n y mantener el cumplimiento de los requisitos regulatorios.<\/p>\n<p>Elige el <strong>Comprobador de fugas de paquetes LT-02<\/strong> para sus necesidades de pruebas de fugas y garantizar que su embalaje proporcione el m\u00e1s alto nivel de protecci\u00f3n para sus productos.<\/p>","protected":false},"excerpt":{"rendered":"<p>Garantizar la integridad de los sellos de los paquetes es fundamental para proteger los productos de la contaminaci\u00f3n, el deterioro y la degradaci\u00f3n. Un comprobador de fugas de paquetes confiable como el <strong>Comprobador de fugas LT-02<\/strong> Desempe\u00f1a un papel fundamental en industrias que abarcan desde el envasado de alimentos hasta los productos farmac\u00e9uticos, y proporciona informaci\u00f3n esencial sobre la calidad del envasado. Este avanzado instrumento de prueba de fugas ayuda a los fabricantes a detectar y abordar defectos de envasado de forma temprana, lo que garantiza que los productos permanezcan seguros, frescos y cumplan con los est\u00e1ndares de la industria.<\/p>","protected":false},"featured_media":5984,"comment_status":"closed","ping_status":"closed","template":"","meta":{"site-sidebar-layout":"default","site-content-layout":"default","ast-global-header-display":"","ast-main-header-display":"","ast-hfb-above-header-display":"","ast-hfb-below-header-display":"","ast-hfb-mobile-header-display":"","site-post-title":"disabled","ast-breadcrumbs-content":"","ast-featured-img":"disabled","footer-sml-layout":"","theme-transparent-header-meta":"default","adv-header-id-meta":"","stick-header-meta":"","header-above-stick-meta":"","header-main-stick-meta":"","header-below-stick-meta":""},"product_cat":[845,674,675,17,149,16,105,135,95],"product_tag":[],"class_list":{"0":"post-1728","1":"product","2":"type-product","3":"status-publish","4":"has-post-thumbnail","6":"product_cat-customization","7":"product_cat-test-items","8":"product_cat-leak-tester","9":"product_cat-package-container-testers","10":"product_cat-pharma-and-medical-testers","11":"product_cat-plastic-packaging-testers","12":"product_cat-astm-d3078","13":"product_cat-astm-d4991","14":"product_cat-products","15":"desktop-align-left","16":"tablet-align-left","17":"mobile-align-left","19":"first","20":"instock","21":"shipping-taxable","22":"product-type-simple"},"_links":{"self":[{"href":"https:\/\/www.qualitester.com\/es\/wp-json\/wp\/v2\/product\/1728","targetHints":{"allow":["GET"]}}],"collection":[{"href":"https:\/\/www.qualitester.com\/es\/wp-json\/wp\/v2\/product"}],"about":[{"href":"https:\/\/www.qualitester.com\/es\/wp-json\/wp\/v2\/types\/product"}],"replies":[{"embeddable":true,"href":"https:\/\/www.qualitester.com\/es\/wp-json\/wp\/v2\/comments?post=1728"}],"version-history":[{"count":0,"href":"https:\/\/www.qualitester.com\/es\/wp-json\/wp\/v2\/product\/1728\/revisions"}],"wp:featuredmedia":[{"embeddable":true,"href":"https:\/\/www.qualitester.com\/es\/wp-json\/wp\/v2\/media\/5984"}],"wp:attachment":[{"href":"https:\/\/www.qualitester.com\/es\/wp-json\/wp\/v2\/media?parent=1728"}],"wp:term":[{"taxonomy":"product_cat","embeddable":true,"href":"https:\/\/www.qualitester.com\/es\/wp-json\/wp\/v2\/product_cat?post=1728"},{"taxonomy":"product_tag","embeddable":true,"href":"https:\/\/www.qualitester.com\/es\/wp-json\/wp\/v2\/product_tag?post=1728"}],"curies":[{"name":"wp","href":"https:\/\/api.w.org\/{rel}","templated":true}]}}