{"id":1596,"date":"2023-04-25T10:41:14","date_gmt":"2023-04-25T02:41:14","guid":{"rendered":"https:\/\/www.qualitester.com\/?post_type=product&#038;p=1596"},"modified":"2025-01-13T16:59:36","modified_gmt":"2025-01-13T08:59:36","slug":"gel-strength-tester-gst-01","status":"publish","type":"product","link":"https:\/\/www.qualitester.com\/es\/producto\/gel-strength-tester-gst-01\/","title":{"rendered":"Probador de resistencia del gel GST-01"},"content":{"rendered":"<div class=\"flex flex-grow flex-col max-w-full\">\n<div class=\"min-h-[20px] text-message flex flex-col items-start whitespace-pre-wrap break-words [.text-message+&amp;]:mt-5 juice:w-full juice:items-end overflow-x-auto gap-2\" dir=\"auto\" data-message-author-role=\"assistant\" data-message-id=\"eb5e23d0-8601-4a2a-8e4f-fedfd0d9ac96\">\n<div class=\"flex w-full flex-col gap-1 juice:empty:hidden juice:first:pt-[3px]\">\n<div class=\"markdown prose w-full break-words dark:prose-invert light\">\n<h2>I. Introducci\u00f3n al medidor de resistencia de gel<\/h2>\n<p>El <strong>comprobador de la fuerza del gel<\/strong> es un instrumento especializado dise\u00f1ado para medir la firmeza y consistencia de los geles en diversas industrias. Esencial para garantizar la calidad y consistencia de los productos, el comprobador de geles desempe\u00f1a un papel fundamental en diversas industrias. Su principal aplicaci\u00f3n es el sector alimentario, especialmente para medir la firmeza del gel de productos a base de surimi, como la imitaci\u00f3n de carne de cangrejo, que influye directamente en la textura y la satisfacci\u00f3n del consumidor.<\/p>\n<h2>II. Fuerza de floraci\u00f3n de la gelatina<\/h2>\n<p>La firmeza de la gelatina es un par\u00e1metro de calidad cr\u00edtico que influye directamente en la textura, el rendimiento y la aceptaci\u00f3n de los productos por parte del consumidor. Por ejemplo, en la industria alimentaria, la firmeza de los productos a base de gelatina o surimi afecta a su sensaci\u00f3n en boca, firmeza y atractivo sensorial general. Del mismo modo, en la industria farmac\u00e9utica, las f\u00f3rmulas de gel consistentes son vitales para la administraci\u00f3n eficaz de medicamentos.<\/p>\n<h3>Definici\u00f3n de la fuerza del gel<\/h3>\n<p>La resistencia del gel se refiere a la capacidad de un gel para resistir la deformaci\u00f3n bajo una fuerza aplicada. Se cuantifica en g-cm, que es el producto de la fuerza y la distancia. Es un par\u00e1metro de calidad crucial, sobre todo en la industria alimentaria, donde la textura y firmeza de productos como el surimi son claves para atraer al consumidor. El sitio <strong>medir la fuerza del gel<\/strong> tambi\u00e9n se extiende a otras industrias, como la farmac\u00e9utica, donde garantiza la consistencia y eficacia de los medicamentos en gel.<\/p>\n<h3>Definici\u00f3n de fuerza Bloom<\/h3>\n<p>La fuerza Bloom es una medida espec\u00edfica de la firmeza del gel, definida como el peso en gramos necesario para deprimir la superficie de un gel 4 mm. Se utiliza ampliamente en la industria de la gelatina para evaluar la calidad y consistencia del producto.<\/p>\n<h3>Ejemplos de aplicaci\u00f3n<\/h3>\n<ul>\n<li><strong>Industria del surimi<\/strong>: En la producci\u00f3n de carne de imitaci\u00f3n de cangrejo, la fuerza del gel determina la textura y la calidad del producto.<\/li>\n<li><strong>Productos farmac\u00e9uticos<\/strong>: Garantiza la consistencia de los medicamentos en gel.<\/li>\n<li><strong>Adhesivos y otras industrias<\/strong>: Fundamental para el rendimiento y la aplicaci\u00f3n del producto.<\/li>\n<\/ul>\n<div class=\"ast-oembed-container\" style=\"height: 100%;\"><iframe title=\"Gel Strength Tester | An\u00e1lisis de textura\" width=\"500\" height=\"281\" src=\"https:\/\/www.youtube.com\/embed\/SdmIrfBA4P4?feature=oembed\" frameborder=\"0\" allow=\"accelerometer; autoplay; clipboard-write; encrypted-media; gyroscope; picture-in-picture; web-share\" referrerpolicy=\"strict-origin-when-cross-origin\" allowfullscreen><\/iframe><\/div>\n<h2>III. Caracter\u00edsticas principales del comprobador de Bloom<\/h2>\n<h3>Elementos de prueba<\/h3>\n<ul>\n<li><strong>PESO<\/strong>: Medir la distancia con una carga determinada<\/li>\n<li><strong>PICO<\/strong>: Para medir la fuerza del gel<\/li>\n<li><strong>DISTANCIA<\/strong>: Para medir la carga a cierta distancia<\/li>\n<li><strong>BLOOM<\/strong> <strong>FUERZA<\/strong>: Medir el peso en gramos necesario para deprimir 4 mm la superficie de un gel.<\/li>\n<\/ul>\n<h3>Especificaciones t\u00e9cnicas<\/h3>\n<p>El Bloom Tester est\u00e1 dise\u00f1ado con precisi\u00f3n y robustez. Sus especificaciones t\u00e9cnicas incluyen:<\/p>\n<table width=\"465\">\n<tbody>\n<tr>\n<td width=\"181\">Campo de pruebas<\/td>\n<td width=\"284\">0-50N (o seg\u00fan sea necesario)<\/td>\n<\/tr>\n<tr>\n<td>Ataque<\/td>\n<td>110 mm (sin sonda)<\/td>\n<\/tr>\n<tr>\n<td>Prueba de velocidad<\/td>\n<td>1~100mm\/min<\/td>\n<\/tr>\n<tr>\n<td>Precisi\u00f3n de desplazamiento<\/td>\n<td>0,01 mm<\/td>\n<\/tr>\n<tr>\n<td>Exactitud<\/td>\n<td>0,5% FS<\/td>\n<\/tr>\n<tr>\n<td>Control<\/td>\n<td>Interfaz hombre-m\u00e1quina y PLC<\/td>\n<\/tr>\n<tr>\n<td>Producci\u00f3n<\/td>\n<td>Pantalla, microimpresora, RS232 (opcional)<\/td>\n<\/tr>\n<\/tbody>\n<\/table>\n<h3>Caracter\u00edsticas t\u00e9cnicas del comprobador de floraciones<\/h3>\n<ul>\n<li><strong>Unidad controlada por PLC<\/strong>: Ofrece estabilidad de nivel industrial con funcionamiento de pantalla t\u00e1ctil HMI.<\/li>\n<li><strong>Pantalla t\u00e1ctil HMI de 7 pulgadas<\/strong>: Garantiza una interfaz f\u00e1cil de usar y un manejo sencillo.<\/li>\n<li><strong>Mecanismo de husillo de bolas de precisi\u00f3n<\/strong>: Proporciona un control preciso de la velocidad y el desplazamiento.<\/li>\n<li><strong>Programa especialmente dise\u00f1ado<\/strong>: Mejora la flexibilidad en la realizaci\u00f3n de diversas pruebas de resistencia del gel.<\/li>\n<li><strong>Instalaciones m\u00faltiples<\/strong>: Permite realizar diversos an\u00e1lisis de textura.<\/li>\n<li><strong>Caracter\u00edsticas de seguridad<\/strong>: Incluye protecci\u00f3n de l\u00edmite de recorrido, retorno autom\u00e1tico y cubierta de protecci\u00f3n de la c\u00e9lula de carga.<\/li>\n<li><strong>M\u00faltiples elementos de prueba<\/strong>: Mide el peso, el pico y la distancia con precisi\u00f3n.<\/li>\n<li><strong>Microimpresora de matriz de puntos<\/strong>: Facilita la impresi\u00f3n inmediata de los resultados de las pruebas.<\/li>\n<li><strong>Puerto RS 232 y software profesional<\/strong>(Opcional) Para la gesti\u00f3n avanzada de datos.<\/li>\n<\/ul>\n<h4>Personalizaci\u00f3n<\/h4>\n<p>El GST-01 ofrece ajustes personalizables adaptados a necesidades de ensayo espec\u00edficas. Permite realizar ajustes en los elementos de ensayo y las sondas para adaptarse a diferentes an\u00e1lisis de resistencia y textura del gel.<\/p>\n<h3>IV. Proceso de prueba de resistencia de Bloom<\/h3>\n<p>La prueba de resistencia del gel consiste en comprimir la superficie de una muestra de gel utilizando un punz\u00f3n de un di\u00e1metro y longitud espec\u00edficos. Los ajustes est\u00e1ndar incluyen:<\/p>\n<ul>\n<li><strong>Di\u00e1metro de la sonda<\/strong>: 5 mm<\/li>\n<li><strong>Velocidad de compresi\u00f3n<\/strong>: 60 mm\/min<\/li>\n<li><strong>Unidad de medida<\/strong>g-cm (fuerza \u00d7 distancia)<\/li>\n<\/ul>\n<p>Se registra la fuerza aplicada hasta que el gel perfora, lo que proporciona una medida precisa de su resistencia.<\/p>\n<h3>V. Aplicaciones del medidor de resistencia de gel GST-01<\/h3>\n<h4>Industria alimentaria<\/h4>\n<ul>\n<li><strong>Control de calidad en la producci\u00f3n de surimi<\/strong>: Garantiza una textura y calidad uniformes en productos como la imitaci\u00f3n de carne de cangrejo.<\/li>\n<li><strong>Controles de consistencia para alimentos a base de gel<\/strong>: Vital para mantener los est\u00e1ndares del producto en diversos alimentos a base de gel.<\/li>\n<\/ul>\n<h4>Industria m\u00e9dica y farmac\u00e9utica<\/h4>\n<ul>\n<li><strong>Pruebas de productos m\u00e9dicos a base de gel<\/strong>: Garantiza la eficacia y consistencia de los productos m\u00e9dicos a base de gel.<\/li>\n<li><strong>Aplicaciones farmac\u00e9uticas<\/strong>: Mantiene el control de calidad de los productos farmac\u00e9uticos en gel.<\/li>\n<\/ul>\n<h3>VI. PREGUNTAS FRECUENTES<\/h3>\n<h4>1. \u00bfQu\u00e9 es la fuerza del gel y por qu\u00e9 es importante?<\/h4>\n<p><strong>Fuerza del gel<\/strong> mide la capacidad de un gel para resistir la deformaci\u00f3n bajo la fuerza, algo fundamental para determinar la textura y la calidad en alimentos y productos farmac\u00e9uticos.<\/p>\n<h4>2. \u00bfC\u00f3mo funciona el comprobador de resistencia de gel GST-01?<\/h4>\n<p>El GST-01 utiliza una sonda perforadora para comprimir la superficie del gel a una velocidad de deformaci\u00f3n constante hasta la perforaci\u00f3n, registrando la fuerza y la distancia para calcular la resistencia del gel.<\/p>\n<h4>3. \u00bfCu\u00e1les son las principales caracter\u00edsticas del GST-01?<\/h4>\n<p>La GST-01 cuenta con una pantalla t\u00e1ctil HMI de 7 pulgadas, un mecanismo de husillo de bolas de precisi\u00f3n, m\u00faltiples dispositivos de fijaci\u00f3n y funciones de seguridad, lo que la hace muy precisa y f\u00e1cil de usar.<\/p>\n<h4>4. \u00bfSe puede personalizar el GST-01 para pruebas espec\u00edficas?<\/h4>\n<p>S\u00ed, el GST-01 ofrece ajustes y sondas personalizables para satisfacer necesidades de ensayo espec\u00edficas, lo que lo hace vers\u00e1til para diversas aplicaciones.<\/p>\n<h4>5. \u00bfQu\u00e9 es la resistencia a la floraci\u00f3n en las pruebas de resistencia de gel?<\/h4>\n<p>La fuerza Bloom es una medida de la firmeza de un gel, normalmente gelatina, y se define como el peso en gramos necesario para presionar un \u00e9mbolo est\u00e1ndar en el gel 4 mm. Es un par\u00e1metro clave en la industria alimentaria para determinar la calidad y las propiedades de fraguado de los productos a base de gelatina.<\/p>\n<h2>Art\u00edculos y productos relacionados<\/h2>\n<p>TEX-01 <a href=\"https:\/\/www.qualitester.com\/es\/producto\/sale-cheap-texture-analyser\/\" target=\"_blank\" rel=\"noopener\">Analizador de texturas<\/a><\/p>\n<\/div>\n<\/div>\n<\/div>\n<\/div>","protected":false},"excerpt":{"rendered":"<p>El <strong>Probador de resistencia del gel GST-01<\/strong> es un instrumento de \u00faltima generaci\u00f3n dise\u00f1ado para medir con precisi\u00f3n la fuerza del gel. Esencial para garantizar la calidad y consistencia de los productos, el GST-01 desempe\u00f1a un papel fundamental en diversas industrias. Su principal aplicaci\u00f3n es el sector alimentario, sobre todo en la medici\u00f3n de la fuerza de gel de productos a base de surimi, como la imitaci\u00f3n de carne de cangrejo, que influye directamente en la textura y la satisfacci\u00f3n del consumidor.<\/p>","protected":false},"featured_media":6013,"comment_status":"closed","ping_status":"closed","template":"","meta":{"site-sidebar-layout":"default","site-content-layout":"default","ast-global-header-display":"","ast-main-header-display":"","ast-hfb-above-header-display":"","ast-hfb-below-header-display":"","ast-hfb-mobile-header-display":"","site-post-title":"disabled","ast-breadcrumbs-content":"","ast-featured-img":"disabled","footer-sml-layout":"","theme-transparent-header-meta":"default","adv-header-id-meta":"","stick-header-meta":"","header-above-stick-meta":"","header-main-stick-meta":"","header-below-stick-meta":""},"product_cat":[845,929,928,95],"product_tag":[],"class_list":{"0":"post-1596","1":"product","2":"type-product","3":"status-publish","4":"has-post-thumbnail","6":"product_cat-customization","7":"product_cat-gel-strength-tester","8":"product_cat-tpa-texture-analyzer","9":"product_cat-products","10":"desktop-align-left","11":"tablet-align-left","12":"mobile-align-left","14":"first","15":"instock","16":"shipping-taxable","17":"product-type-simple"},"_links":{"self":[{"href":"https:\/\/www.qualitester.com\/es\/wp-json\/wp\/v2\/product\/1596","targetHints":{"allow":["GET"]}}],"collection":[{"href":"https:\/\/www.qualitester.com\/es\/wp-json\/wp\/v2\/product"}],"about":[{"href":"https:\/\/www.qualitester.com\/es\/wp-json\/wp\/v2\/types\/product"}],"replies":[{"embeddable":true,"href":"https:\/\/www.qualitester.com\/es\/wp-json\/wp\/v2\/comments?post=1596"}],"version-history":[{"count":0,"href":"https:\/\/www.qualitester.com\/es\/wp-json\/wp\/v2\/product\/1596\/revisions"}],"wp:featuredmedia":[{"embeddable":true,"href":"https:\/\/www.qualitester.com\/es\/wp-json\/wp\/v2\/media\/6013"}],"wp:attachment":[{"href":"https:\/\/www.qualitester.com\/es\/wp-json\/wp\/v2\/media?parent=1596"}],"wp:term":[{"taxonomy":"product_cat","embeddable":true,"href":"https:\/\/www.qualitester.com\/es\/wp-json\/wp\/v2\/product_cat?post=1596"},{"taxonomy":"product_tag","embeddable":true,"href":"https:\/\/www.qualitester.com\/es\/wp-json\/wp\/v2\/product_tag?post=1596"}],"curies":[{"name":"wp","href":"https:\/\/api.w.org\/{rel}","templated":true}]}}