{"id":1560,"date":"2023-04-23T16:38:43","date_gmt":"2023-04-23T08:38:43","guid":{"rendered":"https:\/\/www.qualitester.com\/?post_type=product&#038;p=1560"},"modified":"2024-11-27T13:15:16","modified_gmt":"2024-11-27T05:15:16","slug":"heat-seal-tester-hst-01","status":"publish","type":"product","link":"https:\/\/www.qualitester.com\/es\/producto\/heat-seal-tester-hst-01\/","title":{"rendered":"Probador de sellado t\u00e9rmico HST-01"},"content":{"rendered":"<h2><strong>Introducci\u00f3n al termosellador HST-01<\/strong><\/h2>\n<p>El <strong>Probador de sellado t\u00e9rmico HST-01<\/strong> es un instrumento de laboratorio dise\u00f1ado para evaluar la capacidad de termosellado de materiales de barrera flexibles, como pel\u00edculas, laminados, pol\u00edmeros y compuestos. Este vers\u00e1til dispositivo reproduce con precisi\u00f3n el proceso de termosellado mediante el control de tres par\u00e1metros cr\u00edticos: <strong>tiempo, temperatura y presi\u00f3n<\/strong>. Su funci\u00f3n principal es garantizar que los precintos de los envases flexibles cumplan las normas de resistencia e integridad, lo que contribuye a la seguridad del producto, la vida \u00fatil y la facilidad de uso.<\/p>\n<h2><strong>Aplicaciones del comprobador de termosellado HST-01<\/strong><\/h2>\n<p>El comprobador de termosellado HST-01 es esencial en m\u00faltiples industrias, entre las que se incluyen:<\/p>\n<ul>\n<li><strong>Embalaje<\/strong>: Evaluaci\u00f3n de las termoselladoras para envases alimentarios, farmac\u00e9uticos y m\u00e9dicos.<\/li>\n<li><strong>Dispositivos m\u00e9dicos<\/strong>: Garantizar la integridad de la barrera est\u00e9ril en bolsas y bl\u00edsteres m\u00e9dicos.<\/li>\n<li><strong>Bienes de consumo<\/strong>: Pruebas de precintos en productos qu\u00edmicos de uso diario y art\u00edculos de cuidado personal.<\/li>\n<li><strong>Electr\u00f3nica<\/strong>: Evaluaci\u00f3n del embalaje de protecci\u00f3n de los componentes electr\u00f3nicos.<\/li>\n<li><strong>Adhesivos y compuestos<\/strong>: Medici\u00f3n del rendimiento de termosellado de materiales especiales.<\/li>\n<\/ul>\n<p>Un sellado t\u00e9rmico eficaz garantiza que los productos permanezcan seguros, libres de contaminantes y de f\u00e1cil acceso, mejorando la calidad general y la satisfacci\u00f3n del consumidor.<\/p>\n<h2><strong>ASTM F2029 y su importancia en los ensayos de termosellado<\/strong><\/h2>\n<h3><strong>Descripci\u00f3n general de <a href=\"https:\/\/www.astm.org\/f2029-16r21.html\" target=\"_blank\" rel=\"noopener nofollow\">Norma ASTM F2029<\/a><\/strong><\/h3>\n<p>El <strong><a href=\"https:\/\/www.qualitester.com\/es\/categoria-producto\/astm\/astm-f2029\/\" target=\"_blank\" rel=\"noopener\">Norma ASTM F2029<\/a>-16 (2021)<\/strong> norma, titulada <em>Pr\u00e1cticas est\u00e1ndar para la fabricaci\u00f3n de sellos t\u00e9rmicos de laboratorio para la determinaci\u00f3n de la capacidad de sellado t\u00e9rmico de materiales de barrera flexibles, medida seg\u00fan la resistencia del sello<\/em>, describe los m\u00e9todos utilizados para producir y evaluar los sellados t\u00e9rmicos en materiales de envasado flexibles. Esta norma garantiza que los sellados t\u00e9rmicos sean coherentes y fiables en diversas aplicaciones.<\/p>\n<div class=\"ast-oembed-container\" style=\"height: 100%;\"><iframe title=\"Mand\u00edbulas de calentamiento independientes del probador de sellado t\u00e9rmico de pel\u00edcula pl\u00e1stica para uso en laboratorio Tipo de gradaci\u00f3n de temperatura\" width=\"500\" height=\"281\" src=\"https:\/\/www.youtube.com\/embed\/CDvc9iG0cxc?feature=oembed\" frameborder=\"0\" allow=\"accelerometer; autoplay; clipboard-write; encrypted-media; gyroscope; picture-in-picture; web-share\" referrerpolicy=\"strict-origin-when-cross-origin\" allowfullscreen><\/iframe><\/div>\n<h3><strong>M\u00e9todos de prueba<\/strong><\/h3>\n<p>La norma ASTM F2029 especifica las condiciones controladas para la realizaci\u00f3n de termosellados, centr\u00e1ndose en:<\/p>\n<ul>\n<li><strong>Temperatura<\/strong>: Mantenimiento de niveles de calor precisos durante el proceso de sellado.<\/li>\n<li><strong>Tiempo<\/strong>: Garantizar la formaci\u00f3n de la junta durante un tiempo constante.<\/li>\n<li><strong>Presi\u00f3n<\/strong>: Aplicar una fuerza uniforme para conseguir una uni\u00f3n fiable.<\/li>\n<\/ul>\n<p>A continuaci\u00f3n, se eval\u00faa la resistencia del sello mediante m\u00e9todos como:<\/p>\n<ul>\n<li>Pruebas de fugas de aire.<\/li>\n<li>Penetraci\u00f3n del tinte.<\/li>\n<li>Inspecci\u00f3n visual para detectar continuidad y defectos.<\/li>\n<\/ul>\n<h3><strong>Importancia del cumplimiento<\/strong><\/h3>\n<p>El cumplimiento de la norma ASTM F2029 garantiza que los resultados de las pruebas son reproducibles y cumplen las normas del sector, lo que fomenta la confianza en el rendimiento y la calidad del producto.<\/p>\n<h2><strong>Caracter\u00edsticas t\u00e9cnicas del termosellador HST-01<\/strong><\/h2>\n<p>La HST-01 est\u00e1 dise\u00f1ada con funciones avanzadas que garantizan pruebas de termosellado precisas y repetibles:<\/p>\n<ul>\n<li><strong>Control de precisi\u00f3n<\/strong>:\n<ul>\n<li><strong>Rango de temperatura<\/strong>: Ambiente a 300\u00b0C, con una desviaci\u00f3n de \u00b10,2\u00b0C.<\/li>\n<li><strong>Tiempo de sellado<\/strong>: Ajustable de 0,1s a 9999s.<\/li>\n<li><strong>Rango de presi\u00f3n<\/strong>: 0,15 a 0,7 MPa, garantizando una aplicaci\u00f3n uniforme de la fuerza.<\/li>\n<\/ul>\n<\/li>\n<li><strong>Dise\u00f1o de alto rendimiento<\/strong>:\n<ul>\n<li>Las mordazas dobles de aluminio calefactadas minimizan la p\u00e9rdida de calor y mantienen temperaturas constantes.<\/li>\n<li>Una barra de sellado guiada en tres direcciones garantiza una distribuci\u00f3n uniforme de la presi\u00f3n.<\/li>\n<li>A <strong>Regulador de temperatura P.I.D.<\/strong> garantiza un calentamiento r\u00e1pido y preciso.<\/li>\n<\/ul>\n<\/li>\n<li><strong>Operaci\u00f3n f\u00e1cil de usar<\/strong>:\n<ul>\n<li><strong>Control PLC<\/strong> con una intuitiva interfaz de pantalla t\u00e1ctil HMI para un funcionamiento sin problemas.<\/li>\n<li>Activaci\u00f3n manual o mediante pedal para mayor flexibilidad durante las pruebas.<\/li>\n<li>Las caracter\u00edsticas de seguridad, incluida una cubierta frontal antiquemaduras, dan prioridad a la protecci\u00f3n del usuario.<\/li>\n<\/ul>\n<\/li>\n<li><strong>Opciones de personalizaci\u00f3n<\/strong>:\n<ul>\n<li>Mordazas de cierre personalizables para adaptarse a diversas formas, tama\u00f1os y patrones.<\/li>\n<li>Opcional <strong>Puerto COM RS 232<\/strong> y programas inform\u00e1ticos para el an\u00e1lisis de datos y la elaboraci\u00f3n de informes.<\/li>\n<\/ul>\n<\/li>\n<\/ul>\n<h2><strong>Proceso de prueba del termosellador HST-01<\/strong><\/h2>\n<p>El proceso de ensayo de termofijaci\u00f3n sigue estos pasos:<\/p>\n<ol>\n<li><strong>Preparaci\u00f3n de la muestra<\/strong>: Coloque el material de prueba entre dos mordazas de sellado paralelas y calentadas.<\/li>\n<li><strong>Configuraci\u00f3n de par\u00e1metros<\/strong>: Ajuste la temperatura, la presi\u00f3n y el tiempo de sellado deseados.<\/li>\n<li><strong>Sellado<\/strong>: La mand\u00edbula superior, accionada por un cilindro de gas, aplica presi\u00f3n a la muestra durante el tiempo establecido.<\/li>\n<li><strong>Finalizaci\u00f3n<\/strong>: Transcurrido el tiempo prefijado, la mordaza vuelve a su posici\u00f3n original, finalizando el proceso.<\/li>\n<li><strong>Evaluaci\u00f3n<\/strong>: Se eval\u00faa la resistencia y continuidad de la muestra sellada mediante m\u00e9todos como las pruebas de fuga de aire y penetraci\u00f3n de colorante.<\/li>\n<\/ol>\n<h2><strong>Evaluaci\u00f3n y an\u00e1lisis del termosellado<\/strong><\/h2>\n<p>La calidad de la foca se eval\u00faa mediante:<\/p>\n<ul>\n<li><strong>Resistencia del sello<\/strong>: Medici\u00f3n de la fuerza necesaria para romper el precinto.<\/li>\n<li><strong>Continuidad e integridad<\/strong>: Identificaci\u00f3n de defectos como fugas o puntos d\u00e9biles.<\/li>\n<li><strong>T\u00e9cnicas avanzadas<\/strong>: Penetraci\u00f3n microbiana e inspecci\u00f3n visual para aplicaciones de alta precisi\u00f3n.<\/li>\n<\/ul>\n<p>Estas evaluaciones garantizan que los envases cumplen los requisitos de rendimiento funcional y las expectativas de los consumidores.<\/p>\n<h2><strong>Par\u00e1metros y especificaciones principales<\/strong><\/h2>\n<table>\n<tbody>\n<tr>\n<td style=\"text-align: center;\" width=\"123\">Temperatura de sellado.<\/td>\n<td style=\"text-align: center;\" width=\"126\">Ambiente ~300\u2103<\/td>\n<\/tr>\n<tr>\n<td style=\"text-align: center;\" width=\"123\">Desviaci\u00f3n<\/td>\n<td style=\"text-align: center;\" width=\"126\">\u00b10,2\u2103<\/td>\n<\/tr>\n<tr>\n<td style=\"text-align: center;\" width=\"123\">Tiempo de sellado<\/td>\n<td style=\"text-align: center;\" width=\"126\">0,1 s ~ 9999 s<\/td>\n<\/tr>\n<tr>\n<td style=\"text-align: center;\" width=\"123\">Presi\u00f3n de sellado<\/td>\n<td style=\"text-align: center;\" width=\"126\">0,15 ~ 0,7 MPa<\/td>\n<\/tr>\n<tr>\n<td style=\"text-align: center;\" width=\"123\">Mordazas de foca<\/td>\n<td style=\"text-align: center;\" width=\"126\">330*10 mm largo*ancho<\/td>\n<\/tr>\n<tr>\n<td style=\"text-align: center;\" width=\"123\">Presi\u00f3n de gas<\/td>\n<td style=\"text-align: center;\" width=\"126\">0,7 MPa<\/td>\n<\/tr>\n<tr>\n<td style=\"text-align: center;\" width=\"123\">Tama\u00f1o del puerto<\/td>\n<td style=\"text-align: center;\" width=\"126\">Manguera de PU de 6 mm<\/td>\n<\/tr>\n<tr>\n<td style=\"text-align: center;\" width=\"123\">Fuerza<\/td>\n<td style=\"text-align: center;\" width=\"126\">CA 220 V 50 Hz<\/td>\n<\/tr>\n<\/tbody>\n<\/table>\n<hr \/>\n<h2><strong>\u00bfPor qu\u00e9 elegir el comprobador de termosellado HST-01?<\/strong><\/h2>\n<p>El HST-01 ofrece una precisi\u00f3n, estabilidad y seguridad inigualables, lo que lo convierte en la opci\u00f3n ideal para laboratorios y entornos de control de calidad. Su conformidad con <strong>Norma ASTM F2029<\/strong> garantiza unos resultados fiables y conformes a las normas del sector, lo que ayuda a los fabricantes a mantener la calidad y el rendimiento de sus productos.<\/p>\n<h2><strong>Preguntas frecuentes<\/strong><\/h2>\n<ol>\n<li><strong>\u00bfPara qu\u00e9 sirve un comprobador de termosellado?<\/strong>\n<ul>\n<li>Un comprobador de termosellado eval\u00faa la resistencia y la integridad del sellado de los materiales de envasado flexibles, garantizando la seguridad y el rendimiento del producto.<\/li>\n<\/ul>\n<\/li>\n<li><strong>\u00bfPor qu\u00e9 es importante la norma ASTM F2029?<\/strong>\n<ul>\n<li>La norma ASTM F2029 establece pr\u00e1cticas normalizadas para la fabricaci\u00f3n y el ensayo de termosellados, garantizando resultados coherentes y repetibles en todos los sectores.<\/li>\n<\/ul>\n<\/li>\n<li><strong>\u00bfQu\u00e9 materiales pueden ensayarse con el HST-01?<\/strong>\n<ul>\n<li>El HST-01 puede probar pel\u00edculas, laminados, pol\u00edmeros, compuestos y otros materiales de barrera flexibles.<\/li>\n<\/ul>\n<\/li>\n<li><strong>\u00bfC\u00f3mo garantiza la HST-01 un sellado preciso?<\/strong>\n<ul>\n<li>Utiliza un control preciso de la temperatura, el tiempo y la presi\u00f3n, combinado con sensores avanzados y un controlador P.I.D. para un rendimiento \u00f3ptimo.<\/li>\n<\/ul>\n<\/li>\n<li><strong>\u00bfSe puede personalizar el HST-01?<\/strong>\n<ul>\n<li>S\u00ed, la HST-01 ofrece mordazas de sellado personalizables y software opcional para mejorar la funcionalidad.<\/li>\n<\/ul>\n<\/li>\n<\/ol>","protected":false},"excerpt":{"rendered":"<p>El <strong>Probador de sellado t\u00e9rmico HST-01<\/strong> es un instrumento de laboratorio dise\u00f1ado para evaluar la capacidad de termosellado de materiales de barrera flexibles, como pel\u00edculas, laminados, pol\u00edmeros y compuestos. Este vers\u00e1til dispositivo reproduce con precisi\u00f3n el proceso de termosellado mediante el control de tres par\u00e1metros cr\u00edticos: <strong>tiempo, temperatura y presi\u00f3n<\/strong>. Su funci\u00f3n principal es garantizar que los precintos de los envases flexibles cumplan las normas de resistencia e integridad, lo que contribuye a la seguridad del producto, la vida \u00fatil y la facilidad de uso.<\/p>","protected":false},"featured_media":5896,"comment_status":"closed","ping_status":"closed","template":"","meta":{"site-sidebar-layout":"default","site-content-layout":"default","ast-global-header-display":"","ast-main-header-display":"","ast-hfb-above-header-display":"","ast-hfb-below-header-display":"","ast-hfb-mobile-header-display":"","site-post-title":"","ast-breadcrumbs-content":"","ast-featured-img":"","footer-sml-layout":"","theme-transparent-header-meta":"default","adv-header-id-meta":"","stick-header-meta":"","header-above-stick-meta":"","header-main-stick-meta":"","header-below-stick-meta":""},"product_cat":[845,677,672,16,142,95],"product_tag":[64,65,31],"class_list":{"0":"post-1560","1":"product","2":"type-product","3":"status-publish","4":"has-post-thumbnail","6":"product_cat-customization","7":"product_cat-heat-seal-tester","8":"product_cat-applied-materials","9":"product_cat-plastic-packaging-testers","10":"product_cat-astm-f2029","11":"product_cat-products","12":"product_tag-astm-f2029","13":"product_tag-heat-seal","14":"product_tag-heat-sealing","15":"desktop-align-left","16":"tablet-align-left","17":"mobile-align-left","19":"first","20":"instock","21":"shipping-taxable","22":"product-type-simple"},"_links":{"self":[{"href":"https:\/\/www.qualitester.com\/es\/wp-json\/wp\/v2\/product\/1560","targetHints":{"allow":["GET"]}}],"collection":[{"href":"https:\/\/www.qualitester.com\/es\/wp-json\/wp\/v2\/product"}],"about":[{"href":"https:\/\/www.qualitester.com\/es\/wp-json\/wp\/v2\/types\/product"}],"replies":[{"embeddable":true,"href":"https:\/\/www.qualitester.com\/es\/wp-json\/wp\/v2\/comments?post=1560"}],"version-history":[{"count":0,"href":"https:\/\/www.qualitester.com\/es\/wp-json\/wp\/v2\/product\/1560\/revisions"}],"wp:featuredmedia":[{"embeddable":true,"href":"https:\/\/www.qualitester.com\/es\/wp-json\/wp\/v2\/media\/5896"}],"wp:attachment":[{"href":"https:\/\/www.qualitester.com\/es\/wp-json\/wp\/v2\/media?parent=1560"}],"wp:term":[{"taxonomy":"product_cat","embeddable":true,"href":"https:\/\/www.qualitester.com\/es\/wp-json\/wp\/v2\/product_cat?post=1560"},{"taxonomy":"product_tag","embeddable":true,"href":"https:\/\/www.qualitester.com\/es\/wp-json\/wp\/v2\/product_tag?post=1560"}],"curies":[{"name":"wp","href":"https:\/\/api.w.org\/{rel}","templated":true}]}}