{"id":1484,"date":"2023-04-20T14:00:05","date_gmt":"2023-04-20T06:00:05","guid":{"rendered":"https:\/\/www.qualitester.com\/?post_type=product&#038;p=1484"},"modified":"2024-12-03T13:53:39","modified_gmt":"2024-12-03T05:53:39","slug":"inclined-coefficient-of-friction-tester-cof-03","status":"publish","type":"product","link":"https:\/\/www.qualitester.com\/es\/producto\/inclined-coefficient-of-friction-tester-cof-03\/","title":{"rendered":"Probador de coeficiente de fricci\u00f3n inclinado COF-03"},"content":{"rendered":"<h2><strong>Introducci\u00f3n al comprobador de coeficiente de fricci\u00f3n inclinado<\/strong><\/h2>\n<p>El <strong>Probador de coeficiente de fricci\u00f3n inclinado<\/strong> es un instrumento avanzado dise\u00f1ado para medir el coeficiente de fricci\u00f3n est\u00e1tico (COF) de una amplia gama de materiales. Mediante un plano inclinado variable y un bloque deslizante, este comprobador determina el \u00e1ngulo en el que una superficie de prueba comienza a deslizarse contra otra a medida que la inclinaci\u00f3n aumenta gradualmente. El dispositivo es ideal para probar diversos materiales, incluidos pel\u00edculas de pl\u00e1stico, caucho, papel, tableros, telas tejidas, revestimientos, pastillas de freno, textiles y m\u00e1s.<\/p>\n<p>Este comprobador vers\u00e1til es esencial para industrias como la del embalaje, la automoci\u00f3n, los textiles, los productos farmac\u00e9uticos y el envasado de alimentos, donde la medici\u00f3n precisa de la fricci\u00f3n es fundamental para garantizar la calidad, la seguridad y el rendimiento \u00f3ptimo. Ya sea que necesite medir la fricci\u00f3n de pel\u00edculas, l\u00e1minas o componentes industriales, este dispositivo proporciona resultados fiables, lo que ayuda a los usuarios a mejorar la manipulaci\u00f3n de materiales, el dise\u00f1o de los embalajes y la funcionalidad de los productos.<\/p>\n<h2><strong>Principio de funcionamiento<\/strong><\/h2>\n<p>El <strong>Inclinado <a href=\"https:\/\/www.qualitester.com\/es\/producto\/coefficient-of-friction-tester-cof-01\/\" target=\"_blank\" rel=\"noopener\">Probador de coeficiente de fricci\u00f3n<\/a><\/strong> mide el COF est\u00e1tico determinando el \u00e1ngulo en el que un material comienza a deslizarse sobre otra superficie inclinada. A medida que la inclinaci\u00f3n aumenta gradualmente a una velocidad constante, la superficie del material en prueba comienza a deslizarse. Se mide el \u00e1ngulo en el que esto sucede y el COF est\u00e1tico es num\u00e9ricamente equivalente a la tangente de ese \u00e1ngulo.<\/p>\n<p>Este m\u00e9todo proporciona valores de fricci\u00f3n precisos que son fundamentales para comprender el comportamiento de los materiales en aplicaciones del mundo real, como durante la manipulaci\u00f3n, el embalaje y el ensamblaje de materiales. <strong>Comprobador de \u00e1ngulo de deslizamiento<\/strong> La caracter\u00edstica de este instrumento garantiza que se obtengan lecturas precisas de COF para una amplia variedad de materiales.<\/p>\n<h2><strong>Descripci\u00f3n general de los est\u00e1ndares de prueba relevantes<\/strong><\/h2>\n<ul>\n<li><a href=\"https:\/\/www.astm.org\/d0202-17.html\" target=\"_blank\" rel=\"noopener nofollow\"><strong>ASTM D202<\/strong><\/a>:Esta norma proporciona pautas para medir el coeficiente de fricci\u00f3n est\u00e1tico de los materiales, en particular de las pel\u00edculas y los materiales de embalaje. Garantiza que el comprobador cumpla con la precisi\u00f3n requerida para una variedad de materiales, lo que ayuda a los fabricantes a evaluar la facilidad con la que los materiales se deslizan entre s\u00ed, un factor clave en el dise\u00f1o de embalajes y la selecci\u00f3n de materiales.<\/li>\n<li><a href=\"https:\/\/www.astm.org\/d4918-97r07.html\" target=\"_blank\" rel=\"noopener nofollow\"><strong>Norma ASTM D4918<\/strong><\/a>:La norma ASTM D4918, dise\u00f1ada espec\u00edficamente para pruebas de papel y cart\u00f3n, describe los procedimientos para determinar el coeficiente de fricci\u00f3n est\u00e1tico entre materiales de papel. Esta norma es importante para industrias como la de embalaje y producci\u00f3n de papel, ya que garantiza que los materiales tengan las caracter\u00edsticas de fricci\u00f3n adecuadas para su manipulaci\u00f3n y aplicaciones de embalaje sin problemas.<\/li>\n<li><strong>TAPPI T815<\/strong>:Esta norma, ampliamente reconocida en la industria del papel y la pulpa, especifica el m\u00e9todo para determinar el coeficiente de fricci\u00f3n del papel, el cart\u00f3n y otros materiales relacionados. Ayuda a los fabricantes a garantizar que los productos a base de papel tengan propiedades de fricci\u00f3n uniformes, que son esenciales para el funcionamiento correcto de la maquinaria de envasado y la calidad del producto final.<\/li>\n<\/ul>\n<p>Estas normas garantizan que la <strong>Probador de coeficiente de fricci\u00f3n inclinado<\/strong> cumple con los criterios necesarios para obtener resultados precisos y confiables, cumpliendo con las regulaciones de la industria y las mejores pr\u00e1cticas globales.<\/p>\n<h2><strong>Caracter\u00edsticas principales del comprobador de coeficiente de fricci\u00f3n inclinado<\/strong><\/h2>\n<ul>\n<li><strong>Control PLC y operaci\u00f3n de pantalla t\u00e1ctil HMI<\/strong>:El comprobador cuenta con una interfaz hombre-m\u00e1quina (HMI) intuitiva y un controlador l\u00f3gico programable (PLC), lo que facilita el control y la supervisi\u00f3n de las pruebas. La pantalla t\u00e1ctil permite una navegaci\u00f3n y un funcionamiento sencillos, lo que mejora la eficiencia y la experiencia del usuario.<\/li>\n<li><strong>Visualizaci\u00f3n en tiempo real de los resultados de las pruebas<\/strong>:Este dispositivo muestra datos en tiempo real en la pantalla, incluidos el m\u00e1ximo, el m\u00ednimo, el promedio y la desviaci\u00f3n est\u00e1ndar (DE) de los resultados de las pruebas. Esto garantiza que pueda realizar un seguimiento de la consistencia y la precisi\u00f3n de sus pruebas a medida que se realizan.<\/li>\n<li><strong>Cumplimiento de las normas internacionales<\/strong>: El <strong>Probador de coeficiente de fricci\u00f3n inclinado<\/strong> Est\u00e1 dise\u00f1ado para cumplir con m\u00faltiples est\u00e1ndares internacionales, incluidos ASTM D202, ASTM D4918 y TAPPI T815, lo que garantiza la precisi\u00f3n y confiabilidad de los resultados de sus pruebas.<\/li>\n<li><strong>Medici\u00f3n del COF angular y est\u00e1tico<\/strong>Adem\u00e1s de medir el \u00e1ngulo de inclinaci\u00f3n en el que se produce el deslizamiento, este comprobador tambi\u00e9n calcula el coeficiente de fricci\u00f3n est\u00e1tico, proporcionando una visi\u00f3n integral del rendimiento del material.<\/li>\n<li><strong>Microimpresi\u00f3n para una f\u00e1cil documentaci\u00f3n de los resultados de las pruebas<\/strong>:El evaluador puede generar resultados de pruebas en formato impreso, lo que permite a los usuarios documentar y compartir f\u00e1cilmente los hallazgos. Esta funci\u00f3n es particularmente \u00fatil para el control de calidad, la elaboraci\u00f3n de informes y la verificaci\u00f3n del cumplimiento.<\/li>\n<li><strong>RS232 opcional y software profesional<\/strong>:Para los usuarios que requieren un an\u00e1lisis de datos avanzado, el probador ofrece conectividad RS232 y software profesional opcional, lo que permite una integraci\u00f3n perfecta con otros sistemas y proporciona capacidades de gesti\u00f3n de datos y generaci\u00f3n de informes m\u00e1s s\u00f3lidas.<\/li>\n<\/ul>\n<h2><strong>Especificaciones t\u00e9cnicas<\/strong><\/h2>\n<table>\n<tbody>\n<tr>\n<td style=\"text-align: center;\" width=\"104\">Rango de \u00e1ngulos<\/td>\n<td style=\"text-align: center;\" width=\"328\">0\u00b0 ~ 60\u00b0<\/td>\n<\/tr>\n<tr>\n<td style=\"text-align: center;\" width=\"104\">Exactitud<\/td>\n<td style=\"text-align: center;\" width=\"328\">0,01\u00b0<\/td>\n<\/tr>\n<tr>\n<td style=\"text-align: center;\" width=\"104\">Ataque<\/td>\n<td style=\"text-align: center;\" width=\"328\">0,1\u00b0\/seg \uff5e 10,0\u00b0\/seg<\/td>\n<\/tr>\n<tr>\n<td style=\"text-align: center;\" width=\"104\">Trineo<\/td>\n<td style=\"text-align: center;\" width=\"328\">200 g, 235 g o 1300 g (elige uno u otro)<\/td>\n<\/tr>\n<\/tbody>\n<\/table>\n<h2><strong>Aplicaciones del comprobador de coeficiente de fricci\u00f3n inclinado<\/strong><\/h2>\n<p>El <strong>Probador de coeficiente de fricci\u00f3n inclinado<\/strong> Se utiliza en una amplia gama de industrias para probar las propiedades de fricci\u00f3n de los materiales. Estas son algunas aplicaciones clave:<\/p>\n<ul>\n<li><strong>Embalaje<\/strong>:Evaluar las propiedades de fricci\u00f3n de pel\u00edculas, papel, cart\u00f3n y otros materiales de embalaje para garantizar un funcionamiento suave en las l\u00edneas de embalaje.<\/li>\n<li><strong>Automotor<\/strong>:Eval\u00fae las pastillas de freno y otros componentes en cuanto a rendimiento, durabilidad y seguridad.<\/li>\n<li><strong>Textiles<\/strong>:Pruebe telas, materiales tejidos y recubrimientos para determinar sus propiedades de fricci\u00f3n, importantes para el manejo y procesamiento de telas.<\/li>\n<li><strong>Dispositivos m\u00e9dicos<\/strong>:Aseg\u00farese de que los materiales de embalaje m\u00e9dico cumplan con los requisitos de COF necesarios para evitar problemas durante el embalaje y la distribuci\u00f3n.<\/li>\n<li><strong>Productos farmac\u00e9uticos<\/strong>:Mide las caracter\u00edsticas de fricci\u00f3n de los materiales de envasado farmac\u00e9utico para garantizar una manipulaci\u00f3n y almacenamiento adecuados.<\/li>\n<\/ul>","protected":false},"excerpt":{"rendered":"<p>El <strong>Probador de coeficiente de fricci\u00f3n inclinado<\/strong> es un instrumento avanzado dise\u00f1ado para medir el coeficiente de fricci\u00f3n est\u00e1tico (COF) de una amplia gama de materiales. Mediante un plano inclinado variable y un bloque deslizante, este comprobador determina el \u00e1ngulo en el que una superficie de prueba comienza a deslizarse contra otra a medida que la inclinaci\u00f3n aumenta gradualmente. El dispositivo es ideal para probar diversos materiales, incluidos pel\u00edculas de pl\u00e1stico, caucho, papel, tableros, telas tejidas, revestimientos, pastillas de freno, textiles y m\u00e1s.<\/p>","protected":false},"featured_media":5990,"comment_status":"closed","ping_status":"closed","template":"","meta":{"site-sidebar-layout":"default","site-content-layout":"default","ast-global-header-display":"","ast-main-header-display":"","ast-hfb-above-header-display":"","ast-hfb-below-header-display":"","ast-hfb-mobile-header-display":"","site-post-title":"","ast-breadcrumbs-content":"","ast-featured-img":"","footer-sml-layout":"","theme-transparent-header-meta":"default","adv-header-id-meta":"","stick-header-meta":"","header-above-stick-meta":"","header-main-stick-meta":"","header-below-stick-meta":""},"product_cat":[845,1130,938,683,44,16,123,133,95],"product_tag":[],"class_list":{"0":"post-1484","1":"product","2":"type-product","3":"status-publish","4":"has-post-thumbnail","6":"product_cat-customization","7":"product_cat-tappi-t815","8":"product_cat-textile-tester","9":"product_cat-coefficient-of-friction-tester","10":"product_cat-paper-and-board-testers","11":"product_cat-plastic-packaging-testers","12":"product_cat-astm-d202","13":"product_cat-astm-d4918","14":"product_cat-products","15":"desktop-align-left","16":"tablet-align-left","17":"mobile-align-left","19":"first","20":"instock","21":"shipping-taxable","22":"product-type-simple"},"_links":{"self":[{"href":"https:\/\/www.qualitester.com\/es\/wp-json\/wp\/v2\/product\/1484","targetHints":{"allow":["GET"]}}],"collection":[{"href":"https:\/\/www.qualitester.com\/es\/wp-json\/wp\/v2\/product"}],"about":[{"href":"https:\/\/www.qualitester.com\/es\/wp-json\/wp\/v2\/types\/product"}],"replies":[{"embeddable":true,"href":"https:\/\/www.qualitester.com\/es\/wp-json\/wp\/v2\/comments?post=1484"}],"version-history":[{"count":0,"href":"https:\/\/www.qualitester.com\/es\/wp-json\/wp\/v2\/product\/1484\/revisions"}],"wp:featuredmedia":[{"embeddable":true,"href":"https:\/\/www.qualitester.com\/es\/wp-json\/wp\/v2\/media\/5990"}],"wp:attachment":[{"href":"https:\/\/www.qualitester.com\/es\/wp-json\/wp\/v2\/media?parent=1484"}],"wp:term":[{"taxonomy":"product_cat","embeddable":true,"href":"https:\/\/www.qualitester.com\/es\/wp-json\/wp\/v2\/product_cat?post=1484"},{"taxonomy":"product_tag","embeddable":true,"href":"https:\/\/www.qualitester.com\/es\/wp-json\/wp\/v2\/product_tag?post=1484"}],"curies":[{"name":"wp","href":"https:\/\/api.w.org\/{rel}","templated":true}]}}