{"id":1464,"date":"2023-04-20T13:07:29","date_gmt":"2023-04-20T05:07:29","guid":{"rendered":"https:\/\/www.qualitester.com\/?post_type=product&#038;p=1464"},"modified":"2024-12-04T16:27:00","modified_gmt":"2024-12-04T08:27:00","slug":"coefficient-of-friction-tester-cof-01","status":"publish","type":"product","link":"https:\/\/www.qualitester.com\/es\/producto\/coefficient-of-friction-tester-cof-01\/","title":{"rendered":"Probador de coeficiente de fricci\u00f3n COF-01"},"content":{"rendered":"<h2><strong>Introducci\u00f3n al comprobador de coeficiente de fricci\u00f3n<\/strong><\/h2>\n<p>El <strong>comprobador de coeficiente de fricci\u00f3n<\/strong> es un instrumento de precisi\u00f3n dise\u00f1ado para medir los coeficientes de fricci\u00f3n est\u00e1ticos y cin\u00e9ticos entre dos superficies. Estas mediciones son esenciales para evaluar la \u201cresbaladicidad\u201d o resistencia de los materiales, en particular en industrias donde el embalaje, la eficiencia de la producci\u00f3n y la compatibilidad de los materiales son fundamentales. Al determinar con precisi\u00f3n el coeficiente de fricci\u00f3n, los fabricantes pueden optimizar los procesos, mejorar la calidad del producto y garantizar un funcionamiento sin problemas durante la producci\u00f3n, el almacenamiento y el transporte.<\/p>\n<h2><strong>Importancia de la prueba del coeficiente de fricci\u00f3n<\/strong><\/h2>\n<p>El coeficiente de fricci\u00f3n desempe\u00f1a un papel fundamental en el comportamiento del material, ya que afecta a la forma en que interact\u00faan los productos durante la producci\u00f3n y el uso. Un coeficiente m\u00e1s bajo significa un mejor rendimiento de deslizamiento, mientras que un coeficiente m\u00e1s alto puede indicar posibles problemas, como adherencias o atascos. Factores como aditivos, revestimientos, tratamientos y condiciones ambientales pueden influir en estas propiedades de fricci\u00f3n. Las pruebas precisas ayudan a los fabricantes a:<\/p>\n<ul>\n<li>Mejorar el manejo y procesamiento de materiales.<\/li>\n<li>Prevenir defectos del material causados por una fricci\u00f3n excesiva.<\/li>\n<li>Optimice la velocidad de la l\u00ednea de producci\u00f3n y reduzca el tiempo de inactividad.<\/li>\n<\/ul>\n<h2><strong>Descripci\u00f3n general de las normas<\/strong><\/h2>\n<p>Para garantizar la uniformidad y la fiabilidad, el <strong>comprobador de coeficiente de fricci\u00f3n<\/strong> cumple con est\u00e1ndares reconocidos internacionalmente, incluidos <a href=\"https:\/\/www.qualitester.com\/es\/categoria-producto\/astm\/astm-d1894\/\" target=\"_blank\" rel=\"noopener\"><strong>Norma ASTM D1894<\/strong><\/a> y <a href=\"https:\/\/www.qualitester.com\/es\/categoria-producto\/iso\/iso-8295\/\" target=\"_blank\" rel=\"noopener\"><strong>ISO 8295<\/strong><\/a>.<\/p>\n<h3><a href=\"https:\/\/www.astm.org\/d1894-14.html\" target=\"_blank\" rel=\"noopener nofollow\"><strong>Norma ASTM D1894<\/strong><\/a><\/h3>\n<ul>\n<li><strong>Descripci\u00f3n general<\/strong>:Esta norma especifica el m\u00e9todo para determinar los coeficientes de fricci\u00f3n est\u00e1ticos y cin\u00e9ticos de pel\u00edculas y l\u00e1minas pl\u00e1sticas.<\/li>\n<li><strong>M\u00e9todo de prueba<\/strong>:Utilizando el m\u00e9todo del trineo y el plano, se mide la resistencia del material al deslizamiento en condiciones controladas.<\/li>\n<li><strong>Pertinencia<\/strong>:ASTM D1894 se adopta ampliamente en la industria del embalaje para evaluar la compatibilidad y el rendimiento del material en la maquinaria.<\/li>\n<\/ul>\n<h3><a href=\"https:\/\/www.iso.org\/standard\/20760.html\" target=\"_blank\" rel=\"noopener nofollow\"><strong>ISO 8295<\/strong><\/a><\/h3>\n<ul>\n<li><strong>Descripci\u00f3n general<\/strong>:La norma ISO 8295 proporciona directrices para evaluar los coeficientes de fricci\u00f3n de pel\u00edculas y l\u00e1minas de pl\u00e1stico.<\/li>\n<li><strong>M\u00e9todo de prueba<\/strong>:Similar a ASTM D1894, utiliza un trineo para medir la resistencia al deslizamiento en condiciones estandarizadas.<\/li>\n<li><strong>Pertinencia<\/strong>:Esta norma garantiza el cumplimiento global para los fabricantes que trabajan en mercados internacionales.<\/li>\n<\/ul>\n<h3><strong>Comparaci\u00f3n de ASTM D1894 e ISO 8295<\/strong><\/h3>\n<p>Si bien ambas normas se centran en principios de prueba similares, difieren en ciertos par\u00e1metros, como la velocidad de prueba y los requisitos espec\u00edficos. El cumplimiento de ambas garantiza la compatibilidad en distintos mercados.<\/p>\n<h2><strong>Aplicaciones del comprobador de coeficiente de fricci\u00f3n<\/strong><\/h2>\n<p>El <strong>comprobador de coeficiente de fricci\u00f3n<\/strong> Es vers\u00e1til y aplicable a una variedad de materiales, incluidos:<\/p>\n<ul>\n<li><strong>Pel\u00edculas de embalaje<\/strong>:Evaluaci\u00f3n del grado de \u201cresbalamiento\u201d para un funcionamiento eficiente de la m\u00e1quina.<\/li>\n<li><strong>Papel y textiles<\/strong>:Evaluaci\u00f3n de la resistencia a la fricci\u00f3n para un rendimiento constante del producto.<\/li>\n<li><strong>Caucho y recubrimientos<\/strong>:Medici\u00f3n de durabilidad y usabilidad en diversas condiciones.<\/li>\n<li><strong>Pastillas de freno y neum\u00e1ticos<\/strong>:Garantizar la seguridad mediante evaluaciones precisas de la fricci\u00f3n.<\/li>\n<\/ul>\n<h2><strong>Principio de funcionamiento y f\u00f3rmula<\/strong><\/h2>\n<p>El probador emplea el m\u00e9todo del trineo y el plano, en el que se arrastra un trineo con peso sobre una superficie plana y se mide la fuerza necesaria. El coeficiente de fricci\u00f3n se calcula utilizando la f\u00f3rmula:<\/p>\n<p><strong><span class=\"base\"><span class=\"mord mathnormal\">micras<\/span><span class=\"mrel\">=<\/span><\/span><span class=\"base\"><span class=\"mord\"><span class=\"mfrac\"><span class=\"vlist-t vlist-t2\"><span class=\"vlist-r\"><span class=\"vlist\"><span class=\"mord mathnormal\">NORTE\/<\/span><span class=\"mord mathnormal\">F<\/span><\/span><span class=\"vlist-s\">\u200b<\/span><\/span><\/span><\/span><\/span><\/span><\/strong><\/p>\n<h3>D\u00f3nde:<\/h3>\n<ul>\n<li><strong><span class=\"katex\"><span class=\"katex-mathml\">micras<\/span><\/span><\/strong>:Coeficiente de fricci\u00f3n<\/li>\n<li><strong><span class=\"katex\"><span class=\"katex-mathml\">F<\/span><\/span><\/strong>:Fuerza de fricci\u00f3n<\/li>\n<li><strong><span class=\"katex\"><span class=\"katex-mathml\">norte<\/span><\/span><\/strong>:Fuerza normal<\/li>\n<\/ul>\n<p><strong>COF est\u00e1tico (\u03bcs)<\/strong>:Mide la fuerza necesaria para iniciar el movimiento.<br \/>\n<strong>COF cin\u00e9tico (<span class=\"katex\"><span class=\"katex-mathml\">microd<\/span><\/span>)<\/strong>:Mide la fuerza necesaria para mantener el movimiento.<\/p>\n<h2><strong>Caracter\u00edsticas del comprobador de coeficiente de fricci\u00f3n COF-01<\/strong><\/h2>\n<p>El <strong>Probador de coeficiente de fricci\u00f3n COF-01<\/strong> Est\u00e1 dise\u00f1ado para ofrecer resultados precisos y confiables con un funcionamiento sencillo:<\/p>\n<ol>\n<li><strong>Sistema de control avanzado<\/strong>:Control basado en PLC con interfaz de pantalla t\u00e1ctil HMI.<\/li>\n<li><strong>Mec\u00e1nica de alta precisi\u00f3n<\/strong>:Accionado por un motor paso a paso y un husillo de bolas.<\/li>\n<li><strong>An\u00e1lisis en tiempo real<\/strong>:Muestra curvas de prueba y registra autom\u00e1ticamente los resultados.<\/li>\n<li><strong>Cumplimiento de normas<\/strong>:Cumple totalmente con las normas ASTM D1894, ISO 8295, TAPPI T816 y GB 10006.<\/li>\n<li><strong>Opciones personalizables<\/strong>:La capacidad de la celda de carga, el peso del trineo y el software se pueden adaptar para satisfacer necesidades espec\u00edficas.<\/li>\n<li><strong>Dise\u00f1o robusto<\/strong>:El plano de prueba de aluminio duradero garantiza la longevidad.<\/li>\n<\/ol>\n<h2><strong>Par\u00e1metros t\u00e9cnicos<\/strong><\/h2>\n<table style=\"height: 405px;\" width=\"604\">\n<thead>\n<tr>\n<th><strong>Par\u00e1metro<\/strong><\/th>\n<th><strong>Especificaci\u00f3n<\/strong><\/th>\n<\/tr>\n<\/thead>\n<tbody>\n<tr>\n<td style=\"text-align: center;\">C\u00e9lula de carga<\/td>\n<td style=\"text-align: center;\">5 N (personalizable)<\/td>\n<\/tr>\n<tr>\n<td style=\"text-align: center;\">Exactitud<\/td>\n<td style=\"text-align: center;\">\u00b10,5% FS<\/td>\n<\/tr>\n<tr>\n<td style=\"text-align: center;\">Trineo<\/td>\n<td style=\"text-align: center;\">200 \u00b1 1 g (o seg\u00fan sea necesario)<\/td>\n<\/tr>\n<tr>\n<td style=\"text-align: center;\">Tama\u00f1o del trineo<\/td>\n<td style=\"text-align: center;\">63,5 mm \u00d7 63,5 mm<\/td>\n<\/tr>\n<tr>\n<td style=\"text-align: center;\">Prueba de velocidad<\/td>\n<td style=\"text-align: center;\">100 mm\/min (ISO), 150 mm\/min (ASTM)<\/td>\n<\/tr>\n<tr>\n<td style=\"text-align: center;\">Dimensiones<\/td>\n<td style=\"text-align: center;\">540 mm (largo) \u00d7 380 mm (ancho) \u00d7 240 mm (alto)<\/td>\n<\/tr>\n<tr>\n<td style=\"text-align: center;\">Peso<\/td>\n<td style=\"text-align: center;\">Peso neto 21 kg<\/td>\n<\/tr>\n<tr>\n<td style=\"text-align: center;\">Fuerza<\/td>\n<td style=\"text-align: center;\">110\u2013220 V, 50\/60 Hz<\/td>\n<\/tr>\n<\/tbody>\n<\/table>\n<h2><strong>Beneficios del comprobador COF-01<\/strong><\/h2>\n<ul>\n<li>Mejora la calidad del material al proporcionar datos de fricci\u00f3n precisos.<\/li>\n<li>Aumenta la eficiencia de la producci\u00f3n al optimizar la compatibilidad de los materiales.<\/li>\n<li>Cumple con los est\u00e1ndares de pruebas internacionales para su aceptaci\u00f3n en el mercado global.<\/li>\n<\/ul>\n<h2><strong>\u00bfPor qu\u00e9 elegir Cell Instruments?<\/strong><\/h2>\n<p>Cell Instruments es una marca de confianza en el campo de las pruebas de materiales y ofrece soluciones innovadoras adaptadas a las necesidades de la industria. Gracias a nuestra experiencia en personalizaci\u00f3n y automatizaci\u00f3n, nos aseguramos de que cada producto cumpla con los m\u00e1s altos est\u00e1ndares de precisi\u00f3n y facilidad de uso.<\/p>\n<h2><strong>Preguntas frecuentes<\/strong><\/h2>\n<ol>\n<li><strong>\u00bfCu\u00e1l es el prop\u00f3sito principal de un probador de coeficiente de fricci\u00f3n?<\/strong>\n<ul>\n<li>Mide los coeficientes de fricci\u00f3n est\u00e1ticos y cin\u00e9ticos para garantizar la compatibilidad y el rendimiento del material.<\/li>\n<\/ul>\n<\/li>\n<li><strong>\u00bfQu\u00e9 industrias se benefician del uso del probador COF-01?<\/strong>\n<ul>\n<li>Industrias que incluyen embalaje, textiles, recubrimientos, adhesivos y automotriz.<\/li>\n<\/ul>\n<\/li>\n<li><strong>\u00bfCu\u00e1l es la diferencia entre COF est\u00e1tico y cin\u00e9tico?<\/strong>\n<ul>\n<li>El COF est\u00e1tico mide la fuerza para iniciar el movimiento, mientras que el COF cin\u00e9tico mide la fuerza para mantener el movimiento.<\/li>\n<\/ul>\n<\/li>\n<li><strong>\u00bfQu\u00e9 normas cumple el COF-01?<\/strong>\n<ul>\n<li>ASTM D1894, ISO 8295, TAPPI T816 y GB 10006.<\/li>\n<\/ul>\n<\/li>\n<li><strong>\u00bfSe puede personalizar el probador COF-01?<\/strong>\n<ul>\n<li>S\u00ed, opciones como el peso del trineo, la integraci\u00f3n del software y el idioma de visualizaci\u00f3n son personalizables.<\/li>\n<\/ul>\n<\/li>\n<\/ol>\n<h2>Producto relacionado<\/h2>\n<p>&nbsp;<\/p>\n<blockquote class=\"wp-embedded-content\" data-secret=\"vzpdHvwUo6\"><p><a href=\"https:\/\/www.qualitester.com\/es\/producto\/inclined-coefficient-of-friction-tester-cof-03\/\">Probador de coeficiente de fricci\u00f3n inclinado COF-03<\/a><\/p><\/blockquote>\n<p><iframe class=\"wp-embedded-content\" sandbox=\"allow-scripts\" security=\"restricted\" style=\"position: absolute; visibility: hidden;\" title=\"\u300a COF-03 Inclined Coefficient of Friction Tester \u300b\u2014Material Quality Tester\" src=\"https:\/\/www.qualitester.com\/product\/inclined-coefficient-of-friction-tester-cof-03\/embed\/#?secret=iREm9kW5bX#?secret=vzpdHvwUo6\" data-secret=\"vzpdHvwUo6\" width=\"500\" height=\"282\" frameborder=\"0\" marginwidth=\"0\" marginheight=\"0\" scrolling=\"no\"><\/iframe><\/p>\n<blockquote class=\"wp-embedded-content\" data-secret=\"Cdow4RlaQp\"><p><a href=\"https:\/\/www.qualitester.com\/es\/producto\/sale-film-friction-peel-tester\/\">Probador de fricci\u00f3n y desprendimiento de pel\u00edculas FPT-01<\/a><\/p><\/blockquote>\n<p><iframe class=\"wp-embedded-content\" sandbox=\"allow-scripts\" security=\"restricted\" style=\"position: absolute; visibility: hidden;\" title=\"\u300a FPT-01 Film Friction\/Peel Tester \u300b\u2014Material Quality Tester\" src=\"https:\/\/www.qualitester.com\/product\/sale-film-friction-peel-tester\/embed\/#?secret=Hw1oI6Nct5#?secret=Cdow4RlaQp\" data-secret=\"Cdow4RlaQp\" width=\"500\" height=\"282\" frameborder=\"0\" marginwidth=\"0\" marginheight=\"0\" scrolling=\"no\"><\/iframe><\/p>\n<blockquote class=\"wp-embedded-content\" data-secret=\"2jVvGEozrn\"><p><a href=\"https:\/\/www.qualitester.com\/es\/producto\/cof-s1-mop-push-force-tester\/\">Comprobador de fuerza de empuje de trapeadores COF-S1<\/a><\/p><\/blockquote>\n<p><iframe class=\"wp-embedded-content\" sandbox=\"allow-scripts\" security=\"restricted\" style=\"position: absolute; visibility: hidden;\" title=\"\u300a COF-S1 Mop Push Force Tester \u300b\u2014Material Quality Tester\" src=\"https:\/\/www.qualitester.com\/product\/cof-s1-mop-push-force-tester\/embed\/#?secret=B9Tn02gS9q#?secret=2jVvGEozrn\" data-secret=\"2jVvGEozrn\" width=\"500\" height=\"282\" frameborder=\"0\" marginwidth=\"0\" marginheight=\"0\" scrolling=\"no\"><\/iframe><\/p>\n<blockquote class=\"wp-embedded-content\" data-secret=\"DdI6KzAUQy\"><p><a href=\"https:\/\/www.qualitester.com\/es\/producto\/sale-smart-pen-coefficient-of-friction-tester\/\">Comprobador de coeficiente de fricci\u00f3n con bol\u00edgrafo inteligente TSTP-01<\/a><\/p><\/blockquote>\n<p><iframe class=\"wp-embedded-content\" sandbox=\"allow-scripts\" security=\"restricted\" style=\"position: absolute; visibility: hidden;\" title=\"\u300a TSTP-01 Smart Pen Coefficient of Friction Tester \u300b\u2014Material Quality Tester\" src=\"https:\/\/www.qualitester.com\/product\/sale-smart-pen-coefficient-of-friction-tester\/embed\/#?secret=4DUzcPrfLZ#?secret=DdI6KzAUQy\" data-secret=\"DdI6KzAUQy\" width=\"500\" height=\"282\" frameborder=\"0\" marginwidth=\"0\" marginheight=\"0\" scrolling=\"no\"><\/iframe><\/p>\n<blockquote class=\"wp-embedded-content\" data-secret=\"RPLf6zL5u2\"><p><a href=\"https:\/\/www.qualitester.com\/es\/producto\/sale-floor-wiper-friction-testing-instrument\/\">Instrumento de prueba de fricci\u00f3n de limpiaparabrisas para pisos MopFric-01<\/a><\/p><\/blockquote>\n<p><iframe class=\"wp-embedded-content\" sandbox=\"allow-scripts\" security=\"restricted\" style=\"position: absolute; visibility: hidden;\" title=\"\u300a MopFric-01 Floor Wiper Friction Testing Instrument \u300b\u2014Material Quality Tester\" src=\"https:\/\/www.qualitester.com\/product\/sale-floor-wiper-friction-testing-instrument\/embed\/#?secret=KOywcm9GZM#?secret=RPLf6zL5u2\" data-secret=\"RPLf6zL5u2\" width=\"500\" height=\"282\" frameborder=\"0\" marginwidth=\"0\" marginheight=\"0\" scrolling=\"no\"><\/iframe><\/p>\n<p>&nbsp;<\/p>","protected":false},"excerpt":{"rendered":"<p>El <strong>comprobador de coeficiente de fricci\u00f3n<\/strong> Es un instrumento de precisi\u00f3n dise\u00f1ado para medir los coeficientes de fricci\u00f3n est\u00e1ticos y cin\u00e9ticos entre dos superficies. Estas mediciones son esenciales para evaluar la \u201cresbaladicidad\u201d o resistencia de los materiales, en particular en industrias donde el embalaje, la eficiencia de la producci\u00f3n y la compatibilidad de los materiales son fundamentales.<\/p>","protected":false},"featured_media":6145,"comment_status":"closed","ping_status":"closed","template":"","meta":{"site-sidebar-layout":"default","site-content-layout":"default","ast-global-header-display":"","ast-main-header-display":"","ast-hfb-above-header-display":"","ast-hfb-below-header-display":"","ast-hfb-mobile-header-display":"","site-post-title":"","ast-breadcrumbs-content":"","ast-featured-img":"","footer-sml-layout":"","theme-transparent-header-meta":"default","adv-header-id-meta":"","stick-header-meta":"","header-above-stick-meta":"","header-main-stick-meta":"","header-below-stick-meta":""},"product_cat":[845,1129,1062,938,683,44,16,106,170,95],"product_tag":[],"class_list":{"0":"post-1464","1":"product","2":"type-product","3":"status-publish","4":"has-post-thumbnail","6":"product_cat-customization","7":"product_cat-gb-10006","8":"product_cat-tappi-t816","9":"product_cat-textile-tester","10":"product_cat-coefficient-of-friction-tester","11":"product_cat-paper-and-board-testers","12":"product_cat-plastic-packaging-testers","13":"product_cat-astm-d1894","14":"product_cat-iso-8295","15":"product_cat-products","16":"desktop-align-left","17":"tablet-align-left","18":"mobile-align-left","20":"first","21":"instock","22":"shipping-taxable","23":"product-type-simple"},"_links":{"self":[{"href":"https:\/\/www.qualitester.com\/es\/wp-json\/wp\/v2\/product\/1464","targetHints":{"allow":["GET"]}}],"collection":[{"href":"https:\/\/www.qualitester.com\/es\/wp-json\/wp\/v2\/product"}],"about":[{"href":"https:\/\/www.qualitester.com\/es\/wp-json\/wp\/v2\/types\/product"}],"replies":[{"embeddable":true,"href":"https:\/\/www.qualitester.com\/es\/wp-json\/wp\/v2\/comments?post=1464"}],"version-history":[{"count":0,"href":"https:\/\/www.qualitester.com\/es\/wp-json\/wp\/v2\/product\/1464\/revisions"}],"wp:featuredmedia":[{"embeddable":true,"href":"https:\/\/www.qualitester.com\/es\/wp-json\/wp\/v2\/media\/6145"}],"wp:attachment":[{"href":"https:\/\/www.qualitester.com\/es\/wp-json\/wp\/v2\/media?parent=1464"}],"wp:term":[{"taxonomy":"product_cat","embeddable":true,"href":"https:\/\/www.qualitester.com\/es\/wp-json\/wp\/v2\/product_cat?post=1464"},{"taxonomy":"product_tag","embeddable":true,"href":"https:\/\/www.qualitester.com\/es\/wp-json\/wp\/v2\/product_tag?post=1464"}],"curies":[{"name":"wp","href":"https:\/\/api.w.org\/{rel}","templated":true}]}}