{"id":1463,"date":"2023-04-20T13:07:14","date_gmt":"2023-04-20T05:07:14","guid":{"rendered":"https:\/\/www.qualitester.com\/?post_type=product&#038;p=1463"},"modified":"2024-12-04T10:45:38","modified_gmt":"2024-12-04T02:45:38","slug":"carbon-dioxide-volume-tester-clrt-01","status":"publish","type":"product","link":"https:\/\/www.qualitester.com\/es\/producto\/carbon-dioxide-volume-tester-clrt-01\/","title":{"rendered":"Comprobador de volumen de di\u00f3xido de carbono CLRT-01"},"content":{"rendered":"<p>El <strong>Comprobador autom\u00e1tico del volumen de gas<\/strong> es un instrumento de vanguardia dise\u00f1ado para la medici\u00f3n precisa de vol\u00famenes de gas en recipientes sellados. Es esencial para industrias como la alimentaria y de bebidas, la farmac\u00e9utica y la de dispositivos m\u00e9dicos, en las que las mediciones precisas del volumen de gas garantizan la calidad, seguridad y consistencia del producto. Este instrumento automatiza el proceso, tradicionalmente manual, proporcionando resultados r\u00e1pidos y fiables, al tiempo que cumple normas industriales como las siguientes <strong>Norma ASTM F1115<\/strong>.<\/p>\n<h2><strong>Comprensi\u00f3n de la norma ASTM F1115 y su funci\u00f3n en las pruebas de volumen de gas<\/strong><\/h2>\n<h3><strong>Qu\u00e9 es <a href=\"https:\/\/www.astm.org\/f1115-16.html\" target=\"_blank\" rel=\"noopener nofollow\">Norma ASTM F1115<\/a>?<\/strong><\/h3>\n<p>ASTM F1115 es un m\u00e9todo de ensayo est\u00e1ndar utilizado para medir vol\u00famenes de gas en recipientes sellados. Se adopta ampliamente en sectores que dependen de vol\u00famenes de gas controlados, como las bebidas carbonatadas, los envases farmac\u00e9uticos y el sellado de dispositivos m\u00e9dicos. La norma garantiza que los fabricantes cumplan los requisitos espec\u00edficos de consistencia y precisi\u00f3n del volumen de gas, que son fundamentales tanto para la integridad del producto como para la seguridad del consumidor.<\/p>\n<h3><strong>M\u00e9todos de ensayo en ASTM F1115<\/strong><\/h3>\n<p>El <a href=\"https:\/\/www.qualitester.com\/es\/categoria-producto\/astm\/astm-f1115\/\" target=\"_blank\" rel=\"noopener\">Norma ASTM F1115<\/a> consiste en sellar un recipiente, medir la presi\u00f3n interna y tener en cuenta las fluctuaciones de temperatura para calcular con precisi\u00f3n el volumen de gas. El proceso est\u00e1 controlado y requiere instrumentos de alta precisi\u00f3n para garantizar la repetibilidad y la exactitud. El sitio <strong>Comprobador autom\u00e1tico del volumen de gas<\/strong> integra sensores avanzados para medir con precisi\u00f3n la presi\u00f3n y la temperatura, garantizando el cumplimiento de las normas ASTM F1115.<\/p>\n<h3><strong>Requisitos clave de ASTM F1115<\/strong><\/h3>\n<ul>\n<li><strong>Medici\u00f3n de precisi\u00f3n:<\/strong> La precisi\u00f3n de los sensores es esencial tanto para las mediciones de presi\u00f3n como de temperatura a fin de garantizar el cumplimiento de la norma ASTM F1115.<\/li>\n<li><strong>Volumen de gas constante:<\/strong> La norma exige un control minucioso de las condiciones de ensayo, como la temperatura, la presi\u00f3n y la integridad de la muestra, para mantener la coherencia de los resultados.<\/li>\n<li><strong>Seguridad y fiabilidad:<\/strong> El m\u00e9todo ASTM F1115 est\u00e1 dise\u00f1ado para garantizar la seguridad de los productos envasados, evitando la sobrepresurizaci\u00f3n o las fugas.<\/li>\n<\/ul>\n<h3><strong>Por qu\u00e9 es importante la norma ASTM F1115<\/strong><\/h3>\n<p>Cumplimiento de <strong>Norma ASTM F1115<\/strong> garantiza que los productos cumplen las normas reglamentarias y de control de calidad. Los fabricantes pueden confiar en los resultados de la prueba de volumen de gas para mantener una calidad constante de los productos, reducir los defectos y garantizar la seguridad de sus productos en el mercado.<\/p>\n<h2><strong>Caracter\u00edsticas t\u00e9cnicas del comprobador autom\u00e1tico del volumen de gas<\/strong><\/h2>\n<ul>\n<li><strong>Proceso automatizado:<\/strong> El comprobador automatiza todo el proceso de medici\u00f3n del volumen de gas: perforaci\u00f3n del recipiente, liberaci\u00f3n de la presi\u00f3n, agitaci\u00f3n de la muestra y registro de los resultados. Esto reduce la necesidad de intervenci\u00f3n manual y aumenta la eficacia de las pruebas.<\/li>\n<li><strong>Sensores de alta precisi\u00f3n:<\/strong> Equipado con sensores avanzados de temperatura y presi\u00f3n, el comprobador garantiza que las mediciones cumplan los elevados est\u00e1ndares exigidos por la norma ASTM F1115.<\/li>\n<li><strong>Interfaz f\u00e1cil de usar:<\/strong> El instrumento incorpora un sistema de control PLC industrial con una interfaz de pantalla t\u00e1ctil que facilita el manejo y la supervisi\u00f3n de los resultados.<\/li>\n<li><strong>Ajustes personalizables:<\/strong> Par\u00e1metros como la velocidad de agitaci\u00f3n, la velocidad de perforaci\u00f3n y la duraci\u00f3n del ensayo pueden ajustarse para satisfacer requisitos de ensayo espec\u00edficos, lo que proporciona flexibilidad para diferentes aplicaciones.<\/li>\n<li><strong>Caracter\u00edsticas opcionales:<\/strong> El comprobador puede equiparse con una microimpresora para documentar los resultados de las pruebas o conectarse a un software externo a trav\u00e9s de un puerto RS 232 para analizar los datos.<\/li>\n<\/ul>\n<h2><strong>Aplicaciones y casos pr\u00e1cticos<\/strong><\/h2>\n<p>El <strong>Comprobador autom\u00e1tico del volumen de gas<\/strong> es ideal para las industrias que requieren una medici\u00f3n precisa de los vol\u00famenes de gas, incluyendo:<\/p>\n<ul>\n<li><strong>Industria de bebidas:<\/strong> Se utiliza para medir los niveles de carbonataci\u00f3n en botellas y latas para garantizar una efervescencia constante.<\/li>\n<li><strong>Productos farmac\u00e9uticos y productos sanitarios:<\/strong> Verifica la integridad de los envases y embalajes sellados, garantizando la consistencia del volumen de gas en los sistemas de administraci\u00f3n de f\u00e1rmacos.<\/li>\n<li><strong>Industria del embalaje:<\/strong> Garantiza el volumen de gas adecuado en diversos tipos de envases, incluidos los de alimentos, bebidas y dispositivos m\u00e9dicos.<\/li>\n<\/ul>\n<h2><strong>\u00bfPor qu\u00e9 elegir el comprobador autom\u00e1tico del volumen de gas?<\/strong><\/h2>\n<ul>\n<li><strong>Conformidad con ASTM F1115:<\/strong> El comprobador cumple plenamente la norma ASTM F1115, proporcionando resultados precisos y fiables que cumplen las normas del sector.<\/li>\n<li><strong>Precisi\u00f3n y coherencia:<\/strong> Proporciona mediciones repetibles y exactas con sensores de alta precisi\u00f3n, garantizando la coherencia en los procesos de producci\u00f3n.<\/li>\n<li><strong>Mayor eficiencia:<\/strong> El proceso automatizado ahorra tiempo y reduce el trabajo manual, lo que agiliza las pruebas y la toma de decisiones en entornos de producci\u00f3n.<\/li>\n<\/ul>\n<h2><strong>Par\u00e1metros principales<\/strong><\/h2>\n<table>\n<tbody>\n<tr>\n<td style=\"text-align: center;\" width=\"114\">Campo de pruebas<\/td>\n<td style=\"text-align: center;\" width=\"205\">0~1MPa<\/td>\n<\/tr>\n<tr>\n<td style=\"text-align: center;\" width=\"114\">Resoluci\u00f3n<\/td>\n<td style=\"text-align: center;\" width=\"205\">0,01KPa<\/td>\n<\/tr>\n<tr>\n<td style=\"text-align: center;\" width=\"114\">Velocidad de agitaci\u00f3n<\/td>\n<td style=\"text-align: center;\" width=\"205\">Ajustable<\/td>\n<\/tr>\n<tr>\n<td style=\"text-align: center;\" width=\"114\">Velocidad de perforaci\u00f3n<\/td>\n<td style=\"text-align: center;\" width=\"205\">5 mm\/s (otros disponibles)<\/td>\n<\/tr>\n<tr>\n<td style=\"text-align: center;\" width=\"114\">Altura de la muestra<\/td>\n<td style=\"text-align: center;\" width=\"205\">\u2264 350 mm (otros disponibles)<\/td>\n<\/tr>\n<tr>\n<td style=\"text-align: center;\" width=\"114\">Rango temp.<\/td>\n<td style=\"text-align: center;\" width=\"205\">0 ~ 30 \u2103<\/td>\n<\/tr>\n<tr>\n<td style=\"text-align: center;\" width=\"114\">Tiempo de agitaci\u00f3n<\/td>\n<td style=\"text-align: center;\" width=\"205\">40s (otros disponibles)<\/td>\n<\/tr>\n<tr>\n<td style=\"text-align: center;\" width=\"114\">Resoluci\u00f3n<\/td>\n<td style=\"text-align: center;\" width=\"205\">0.1 \u2103<\/td>\n<\/tr>\n<\/tbody>\n<\/table>\n<h2><strong>Preguntas frecuentes<\/strong><\/h2>\n<ol>\n<li><strong>\u00bfQu\u00e9 industrias se benefician del uso del comprobador autom\u00e1tico del volumen de gas?<\/strong>\n<ul>\n<li>El comprobador es ideal para las industrias de bebidas, farmac\u00e9utica, de envasado y de dispositivos m\u00e9dicos, en las que es esencial medir con precisi\u00f3n el volumen de gas.<\/li>\n<\/ul>\n<\/li>\n<li><strong>\u00bfC\u00f3mo garantiza el medidor autom\u00e1tico del volumen de gas la precisi\u00f3n de las mediciones?<\/strong>\n<ul>\n<li>Utiliza sensores de presi\u00f3n y temperatura de alta precisi\u00f3n, lo que garantiza que las mediciones sean exactas y repetibles conforme a las normas ASTM F1115.<\/li>\n<\/ul>\n<\/li>\n<li><strong>\u00bfSe puede personalizar el comprobador autom\u00e1tico del volumen de gas para requisitos de ensayo espec\u00edficos?<\/strong>\n<ul>\n<li>S\u00ed, el comprobador ofrece ajustes personalizables para la velocidad de agitaci\u00f3n, la velocidad de perforaci\u00f3n y la duraci\u00f3n de la prueba, lo que permite flexibilidad para diferentes protocolos de prueba.<\/li>\n<\/ul>\n<\/li>\n<li><strong>\u00bfCumple el comprobador autom\u00e1tico del volumen de gas las normas del sector?<\/strong>\n<ul>\n<li>S\u00ed, cumple la norma ASTM F1115 y otras normas pertinentes, lo que garantiza resultados uniformes y de alta calidad.<\/li>\n<\/ul>\n<\/li>\n<li><strong>\u00bfC\u00f3mo se documentan los resultados de las pruebas?<\/strong>\n<ul>\n<li>Los resultados pueden imprimirse mediante la microimpresora opcional o exportarse a trav\u00e9s de un puerto RS 232 para su posterior an\u00e1lisis con software externo.<\/li>\n<\/ul>\n<\/li>\n<\/ol>","protected":false},"excerpt":{"rendered":"<p>El <strong>Comprobador autom\u00e1tico del volumen de gas<\/strong> es un instrumento de vanguardia dise\u00f1ado para la medici\u00f3n precisa de vol\u00famenes de gas en recipientes sellados. Es esencial para industrias como la alimentaria y de bebidas, la farmac\u00e9utica y la de dispositivos m\u00e9dicos, en las que las mediciones precisas del volumen de gas garantizan la calidad, seguridad y consistencia del producto. Este instrumento automatiza el proceso, tradicionalmente manual, proporcionando resultados r\u00e1pidos y fiables, al tiempo que cumple normas industriales como las siguientes <strong>Norma ASTM F1115<\/strong>.<\/p>","protected":false},"featured_media":6014,"comment_status":"closed","ping_status":"closed","template":"","meta":{"site-sidebar-layout":"default","site-content-layout":"default","ast-global-header-display":"","ast-main-header-display":"","ast-hfb-above-header-display":"","ast-hfb-below-header-display":"","ast-hfb-mobile-header-display":"","site-post-title":"","ast-breadcrumbs-content":"","ast-featured-img":"","footer-sml-layout":"","theme-transparent-header-meta":"default","adv-header-id-meta":"","stick-header-meta":"","header-above-stick-meta":"","header-main-stick-meta":"","header-below-stick-meta":""},"product_cat":[932,845,17,140,95],"product_tag":[],"class_list":{"0":"post-1463","1":"product","2":"type-product","3":"status-publish","4":"has-post-thumbnail","6":"product_cat-co2-volume-tester","7":"product_cat-customization","8":"product_cat-package-container-testers","9":"product_cat-astm-f1115","10":"product_cat-products","11":"desktop-align-left","12":"tablet-align-left","13":"mobile-align-left","15":"first","16":"instock","17":"shipping-taxable","18":"product-type-simple"},"_links":{"self":[{"href":"https:\/\/www.qualitester.com\/es\/wp-json\/wp\/v2\/product\/1463","targetHints":{"allow":["GET"]}}],"collection":[{"href":"https:\/\/www.qualitester.com\/es\/wp-json\/wp\/v2\/product"}],"about":[{"href":"https:\/\/www.qualitester.com\/es\/wp-json\/wp\/v2\/types\/product"}],"replies":[{"embeddable":true,"href":"https:\/\/www.qualitester.com\/es\/wp-json\/wp\/v2\/comments?post=1463"}],"version-history":[{"count":0,"href":"https:\/\/www.qualitester.com\/es\/wp-json\/wp\/v2\/product\/1463\/revisions"}],"wp:featuredmedia":[{"embeddable":true,"href":"https:\/\/www.qualitester.com\/es\/wp-json\/wp\/v2\/media\/6014"}],"wp:attachment":[{"href":"https:\/\/www.qualitester.com\/es\/wp-json\/wp\/v2\/media?parent=1463"}],"wp:term":[{"taxonomy":"product_cat","embeddable":true,"href":"https:\/\/www.qualitester.com\/es\/wp-json\/wp\/v2\/product_cat?post=1463"},{"taxonomy":"product_tag","embeddable":true,"href":"https:\/\/www.qualitester.com\/es\/wp-json\/wp\/v2\/product_tag?post=1463"}],"curies":[{"name":"wp","href":"https:\/\/api.w.org\/{rel}","templated":true}]}}