{"id":7760,"date":"2025-12-26T16:03:38","date_gmt":"2025-12-26T08:03:38","guid":{"rendered":"https:\/\/www.qualitester.com\/?page_id=7760"},"modified":"2025-12-26T16:03:38","modified_gmt":"2025-12-26T08:03:38","slug":"vacuum-leak-detection-methods","status":"publish","type":"page","link":"https:\/\/www.qualitester.com\/es\/applications\/vacuum-leak-detection-methods\/","title":{"rendered":"M\u00e9todos de detecci\u00f3n de fugas por vac\u00edo"},"content":{"rendered":"<h1 style=\"text-align: center;\" data-start=\"370\" data-end=\"882\">M\u00e9todos de detecci\u00f3n de fugas por vac\u00edo<\/h1>\n<h1 style=\"text-align: center;\" data-start=\"370\" data-end=\"882\">ASTM D6653<\/h1>\n<p data-start=\"829\" data-end=\"1250\">Los m\u00e9todos de detecci\u00f3n de fugas al vac\u00edo son cruciales para evaluar la integridad de los sistemas de envasado. Estos m\u00e9todos ayudan a garantizar que los productos, especialmente los sensibles a los cambios ambientales, mantengan su calidad durante el tr\u00e1nsito y el almacenamiento. Una de las normas m\u00e1s utilizadas para la detecci\u00f3n de fugas por vac\u00edo es <strong data-start=\"852\" data-end=\"866\">ASTM D6653<\/strong>, que proporciona directrices para <strong data-start=\"898\" data-end=\"943\">pruebas de integridad de envases a gran altitud<\/strong>. En este art\u00edculo, analizaremos c\u00f3mo funcionan los m\u00e9todos de prueba de vac\u00edo, su importancia en el envasado y c\u00f3mo... <strong data-start=\"1050\" data-end=\"1071\">pruebas de fugas de vac\u00edo<\/strong> se llevan a cabo de conformidad con <a href=\"https:\/\/www.qualitester.com\/es\/applications\/vacuum-leak-test-for-bottles\/\" target=\"_blank\" rel=\"noopener\"><strong data-start=\"1105\" data-end=\"1119\">ASTM D6653<\/strong><\/a>.<\/p>\n<hr \/>\n<h2>\u00bfQu\u00e9 es la norma ASTM D6653?<\/h2>\n<p data-start=\"1147\" data-end=\"1470\"><strong data-start=\"1147\" data-end=\"1161\">ASTM D6653<\/strong> esboza <strong data-start=\"1171\" data-end=\"1275\">m\u00e9todos de ensayo para determinar los efectos de la gran altitud en los sistemas de envasado mediante un m\u00e9todo de vac\u00edo<\/strong>. Esta norma se utiliza para<\/p>\n<p><a href=\"https:\/\/www.qualitester.com\/es\/applications\/vacuum-leak-test-for-bottles\/\" target=\"_blank\" rel=\"noopener\"><img fetchpriority=\"high\" decoding=\"async\" class=\"size-medium wp-image-7764 alignright\" src=\"https:\/\/www.qualitester.com\/wp-content\/uploads\/2025\/12\/Vacuum-Leak-Detection-Methods-ASTM-D6653-300x300.webp\" alt=\"M\u00e9todos de detecci\u00f3n de fugas por vac\u00edo - ASTM D6653\" width=\"300\" height=\"300\" srcset=\"https:\/\/www.qualitester.com\/wp-content\/uploads\/2025\/12\/Vacuum-Leak-Detection-Methods-ASTM-D6653-300x300.webp 300w, https:\/\/www.qualitester.com\/wp-content\/uploads\/2025\/12\/Vacuum-Leak-Detection-Methods-ASTM-D6653-150x150.webp 150w, https:\/\/www.qualitester.com\/wp-content\/uploads\/2025\/12\/Vacuum-Leak-Detection-Methods-ASTM-D6653-12x12.webp 12w, https:\/\/www.qualitester.com\/wp-content\/uploads\/2025\/12\/Vacuum-Leak-Detection-Methods-ASTM-D6653-100x100.webp 100w, https:\/\/www.qualitester.com\/wp-content\/uploads\/2025\/12\/Vacuum-Leak-Detection-Methods-ASTM-D6653.webp 600w\" sizes=\"(max-width: 300px) 100vw, 300px\" \/><\/a><\/p>\n<p data-start=\"1147\" data-end=\"1470\">\u00a0simular los efectos de las condiciones de altitud a las que pueden enfrentarse los envases durante el transporte, como el transporte en aviones alimentadores por pasos de alta monta\u00f1a.<\/p>\n<p data-start=\"1472\" data-end=\"1800\">La prueba consiste en someter los materiales de envasado y los productos a un diferencial de presi\u00f3n que imita las condiciones de gran altitud que pueden experimentar en tr\u00e1nsito. Esta prueba garantiza que los sistemas de envasado soportar\u00e1n los cambios de presi\u00f3n atmosf\u00e9rica que se producen a mayor altitud, evitando da\u00f1os, fugas o contaminaci\u00f3n.<\/p>\n<hr \/>\n<h2 data-start=\"1401\" data-end=\"1548\">Prueba de fugas al vac\u00edo: Por qu\u00e9 es importante<\/h2>\n<p data-start=\"1840\" data-end=\"2180\">A <strong data-start=\"1842\" data-end=\"1862\">prueba de fuga de vac\u00edo<\/strong> es esencial para evaluar la hermeticidad de los sistemas de envasado. Ayuda a detectar fugas o puntos d\u00e9biles en el material de envasado que podr\u00edan comprometer la calidad del producto. Estas pruebas son especialmente \u00fatiles en industrias en las que la integridad del envase es vital, como la alimentaria, la farmac\u00e9utica y la de dispositivos m\u00e9dicos.<\/p>\n<p data-start=\"2182\" data-end=\"2504\">Cuando los sistemas de envasado se someten a pruebas de vac\u00edo, es posible identificar y medir cualquier fuga, lo que garantiza que el envase funcionar\u00e1 como es debido durante el transporte y el almacenamiento. El sitio <strong data-start=\"2366\" data-end=\"2399\">m\u00e9todos de detecci\u00f3n de fugas en vac\u00edo<\/strong> utilizado en <strong data-start=\"2408\" data-end=\"2422\">ASTM D6653<\/strong> puede identificar incluso peque\u00f1as fugas que podr\u00edan provocar una degradaci\u00f3n significativa del producto.<\/p>\n<hr \/>\n<h3>Pruebas de integridad de embalajes a gran altitud: Una aplicaci\u00f3n clave de la norma ASTM D6653<\/h3>\n<p data-start=\"3590\" data-end=\"3712\"><strong data-start=\"2584\" data-end=\"2627\">Pruebas de integridad de envases a gran altitud<\/strong> es esencial para los productos que se env\u00edan por v\u00eda a\u00e9rea o a zonas de gran altitud. Dado que los sistemas de envasado pueden estar expuestos a diferenciales de presi\u00f3n que podr\u00edan comprometer su sellado, <strong data-start=\"2809\" data-end=\"2827\">pruebas de vac\u00edo<\/strong> puede simular estas condiciones. Este m\u00e9todo de ensayo ayuda a determinar la resistencia del envase a los cambios de presi\u00f3n, lo que es especialmente importante para las industrias en las que la contaminaci\u00f3n o el deterioro pueden producirse si el envase se ve comprometido.<\/p>\n<hr \/>\n<h2 data-start=\"3068\" data-end=\"3163\">\u00bfC\u00f3mo realizar una prueba de detecci\u00f3n de fugas por vac\u00edo?<\/h2>\n<p data-start=\"3124\" data-end=\"3430\"><strong data-start=\"3124\" data-end=\"3161\">Paso 1: Preparaci\u00f3n de la muestra de ensayo<\/strong><br data-start=\"3161\" data-end=\"3164\" \/>La muestra de ensayo, normalmente un producto envasado completo o sus componentes, se coloca en un <strong data-start=\"3255\" data-end=\"3273\">c\u00e1mara de vac\u00edo<\/strong>. El sistema de envasado se examina cuidadosamente antes de la prueba para garantizar que todos los componentes relevantes, como el envase primario y secundario, est\u00e1n intactos.<\/p>\n<p data-start=\"3432\" data-end=\"3708\"><strong data-start=\"3432\" data-end=\"3465\">Paso 2: Aplicar presi\u00f3n de vac\u00edo<\/strong><br data-start=\"3465\" data-end=\"3468\" \/>Una vez que la muestra est\u00e1 dentro de la c\u00e1mara, se activa la fuente de vac\u00edo. El vacu\u00f3metro ayuda a garantizar que la presi\u00f3n se reduce a un ritmo aproximado, normalmente alrededor de 1.000 pies por 30-60 segundos, hasta que se alcanza la presi\u00f3n objetivo.<\/p>\n<p data-start=\"3710\" data-end=\"4027\"><strong data-start=\"3710\" data-end=\"3743\">Paso 3: Mantener la presi\u00f3n<\/strong><br data-start=\"3743\" data-end=\"3746\" \/>Para el <strong data-start=\"3754\" data-end=\"3784\">prueba de detecci\u00f3n de fugas en vac\u00edo<\/strong>, La c\u00e1mara se mantiene a la presi\u00f3n requerida durante un tiempo determinado. En el caso de <strong data-start=\"3882\" data-end=\"3896\">ASTM D6653<\/strong>, La presi\u00f3n se mantiene durante 60 minutos. Esta duraci\u00f3n garantiza la identificaci\u00f3n de posibles fugas en el sistema de envasado.<\/p>\n<p data-start=\"4029\" data-end=\"4345\"><strong data-start=\"4029\" data-end=\"4067\">Paso 4: Liberar el vac\u00edo e inspeccionar<\/strong><br data-start=\"4067\" data-end=\"4070\" \/>Tras la duraci\u00f3n del ensayo, se libera el vac\u00edo a un ritmo controlado y se extrae la muestra de la c\u00e1mara. A continuaci\u00f3n, se inspecciona el embalaje para detectar cualquier deformaci\u00f3n, fuga o fallo del embalaje. Se documenta el estado del envase y se anotan los posibles da\u00f1os.<\/p>\n<p data-start=\"4347\" data-end=\"4683\"><strong data-start=\"4347\" data-end=\"4373\">Paso 5: Registrar los resultados<\/strong><br data-start=\"4373\" data-end=\"4376\" \/>Por \u00faltimo, se registran los resultados de la prueba de detecci\u00f3n de fugas al vac\u00edo, incluidos los fallos o deformaciones observados. Estos resultados proporcionan informaci\u00f3n valiosa para evaluar la capacidad del envase para soportar condiciones de gran altitud y pueden ayudar a orientar cualquier mejora necesaria en el dise\u00f1o del envase.<\/p>\n<hr \/>\n<h2>Pruebas de vac\u00edo de los sistemas de envasado: Un proceso vital<\/h2>\n<p data-start=\"4797\" data-end=\"5091\">Las pruebas de vac\u00edo de los sistemas de envasado garantizan que los productos permanezcan seguros y sin da\u00f1os durante el transporte, especialmente en entornos dif\u00edciles como las grandes altitudes. <strong data-start=\"4905\" data-end=\"4919\">ASTM D6653<\/strong> es una de las normas esenciales para probar los envases en tales condiciones. Mediante la realizaci\u00f3n de <strong data-start=\"5013\" data-end=\"5046\">m\u00e9todos de detecci\u00f3n de fugas en vac\u00edo<\/strong> de acuerdo con esta norma, las empresas pueden mejorar la integridad de los productos, reducir el riesgo de fallo de los envases y mantener la confianza de los consumidores.<\/p>\n<hr \/>\n<h2 data-start=\"4558\" data-end=\"4833\">Conclusi\u00f3n<\/h2>\n<p data-start=\"6541\" data-end=\"6706\">El <strong data-start=\"5210\" data-end=\"5243\">m\u00e9todos de detecci\u00f3n de fugas en vac\u00edo<\/strong> descrito en <strong data-start=\"5257\" data-end=\"5271\">ASTM D6653<\/strong> son herramientas vitales para comprobar la integridad de los sistemas de envasado en condiciones de gran altitud. Estas pruebas ayudan a evitar fallos en los envases que podr\u00edan da\u00f1ar o contaminar el producto. Ya se trate de pruebas de <strong data-start=\"5491\" data-end=\"5511\">integridad del vac\u00edo<\/strong>, realizando una <strong data-start=\"5526\" data-end=\"5551\">detecci\u00f3n de fugas por vac\u00edo<\/strong> o garantizar la fiabilidad del envasado, seguir las directrices de la norma ASTM D6653 puede ayudarle a garantizar que su sistema de envasado cumple las normas de rendimiento m\u00e1s exigentes.<\/p>\n<hr \/>\n<h2 data-start=\"6541\" data-end=\"6706\">Preguntas frecuentes<\/h2>\n<p>&nbsp;<\/p>\n<p data-start=\"113\" data-end=\"164\"><strong data-start=\"117\" data-end=\"164\">P1: \u00bfQu\u00e9 es un m\u00e9todo de detecci\u00f3n de fugas por vac\u00edo?<\/strong><\/p>\n<p data-start=\"166\" data-end=\"349\"><strong data-start=\"166\" data-end=\"173\">A1:<\/strong><br data-start=\"173\" data-end=\"176\" \/>Es una prueba para identificar fugas en los envases mediante la creaci\u00f3n de vac\u00edo en su interior. Ayuda a garantizar que el envase puede soportar cambios de presi\u00f3n durante el transporte o el almacenamiento.<\/p>\n<hr data-start=\"351\" data-end=\"354\" \/>\n<p data-start=\"356\" data-end=\"417\"><strong data-start=\"360\" data-end=\"417\">P2: \u00bfC\u00f3mo se aplica la norma ASTM D6653 a las pruebas de fugas en vac\u00edo?<\/strong><\/p>\n<p data-start=\"419\" data-end=\"631\"><strong data-start=\"419\" data-end=\"426\">A2:<\/strong><br data-start=\"426\" data-end=\"429\" \/><strong data-start=\"429\" data-end=\"443\">ASTM D6653<\/strong> comprueba el efecto de los cambios de presi\u00f3n a gran altitud en los sistemas de envasado, simulando condiciones como las del transporte a\u00e9reo. Ayuda a verificar la integridad de los envases mediante m\u00e9todos de detecci\u00f3n de fugas al vac\u00edo.<\/p>\n<hr data-start=\"633\" data-end=\"636\" \/>\n<p data-start=\"638\" data-end=\"695\"><strong data-start=\"642\" data-end=\"695\">P3: \u00bfCu\u00e1l es el procedimiento para la prueba de fugas en vac\u00edo?<\/strong><\/p>\n<p data-start=\"697\" data-end=\"846\"><strong data-start=\"697\" data-end=\"704\">A3:<\/strong><br data-start=\"704\" data-end=\"707\" \/>Coloque la muestra de ensayo en una c\u00e1mara de vac\u00edo, aplique presi\u00f3n de vac\u00edo, mant\u00e9ngala durante un tiempo determinado y, a continuaci\u00f3n, su\u00e9ltela e inspeccione en busca de da\u00f1os o fugas.<\/p>\n<hr data-start=\"848\" data-end=\"851\" \/>\n<p data-start=\"853\" data-end=\"931\"><strong data-start=\"857\" data-end=\"931\">P4: \u00bfEn qu\u00e9 se diferencian las pruebas a gran altitud de las pruebas de vac\u00edo normales?<\/strong><\/p>\n<p data-start=\"933\" data-end=\"1100\"><strong data-start=\"933\" data-end=\"940\">A4:<\/strong><br data-start=\"940\" data-end=\"943\" \/>Las pruebas a gran altitud simulan los cambios de presi\u00f3n a altitudes como 19.000 pies, a diferencia de las pruebas de vac\u00edo normales, que no reproducen esas condiciones extremas.<\/p>\n<hr data-start=\"1102\" data-end=\"1105\" \/>\n<p data-start=\"1107\" data-end=\"1161\"><strong data-start=\"1111\" data-end=\"1161\">P5: \u00bfQu\u00e9 materiales se prueban con la norma ASTM D6653?<\/strong><\/p>\n<p data-start=\"1163\" data-end=\"1342\"><strong data-start=\"1163\" data-end=\"1170\">A5:<\/strong><br data-start=\"1170\" data-end=\"1173\" \/>Materiales como <strong data-start=\"1188\" data-end=\"1197\">VLDPE<\/strong>, <strong data-start=\"1199\" data-end=\"1208\">LLDPE<\/strong>, <strong data-start=\"1210\" data-end=\"1217\">PVC<\/strong>, y <strong data-start=\"1223\" data-end=\"1231\">HDPE<\/strong> utilizados en el envasado, en particular de alimentos y productos farmac\u00e9uticos, se someten a pruebas de tolerancia a la presi\u00f3n a gran altitud.<\/p>\n<hr data-start=\"1344\" data-end=\"1347\" \/>\n<p data-start=\"1349\" data-end=\"1414\"><strong data-start=\"1353\" data-end=\"1414\">P6: \u00bfQu\u00e9 signos de fallo aparecen durante la prueba de fugas en vac\u00edo?<\/strong><\/p>\n<p data-start=\"1416\" data-end=\"1551\"><strong data-start=\"1416\" data-end=\"1423\">A6:<\/strong><br data-start=\"1423\" data-end=\"1426\" \/>Los signos de fallo incluyen deformaciones visibles, fugas o contaminaci\u00f3n del producto debido a que el envase no resiste la presi\u00f3n.<\/p>\n<p>&nbsp;<\/p>","protected":false},"excerpt":{"rendered":"<p>M\u00e9todos de detecci\u00f3n de fugas por vac\u00edo ASTM D6653 Los m\u00e9todos de detecci\u00f3n de fugas por vac\u00edo son cruciales para evaluar la integridad de los sistemas de envasado. Estos m\u00e9todos ayudan a garantizar que los productos, especialmente los sensibles a los cambios ambientales, mantengan su calidad durante el tr\u00e1nsito y el almacenamiento. Una de las normas m\u00e1s utilizadas para la detecci\u00f3n de fugas por vac\u00edo es la ASTM D6653, que proporciona directrices para ...<\/p>\n<p class=\"read-more\"> <a class=\"\" href=\"https:\/\/www.qualitester.com\/es\/applications\/vacuum-leak-detection-methods\/\"> <span class=\"screen-reader-text\">M\u00e9todos de detecci\u00f3n de fugas por vac\u00edo<\/span> Leer m\u00e1s \"<\/a><\/p>","protected":false},"author":7,"featured_media":0,"parent":6794,"menu_order":0,"comment_status":"closed","ping_status":"closed","template":"","meta":{"site-sidebar-layout":"default","site-content-layout":"default","ast-global-header-display":"","ast-main-header-display":"","ast-hfb-above-header-display":"","ast-hfb-below-header-display":"","ast-hfb-mobile-header-display":"","site-post-title":"disabled","ast-breadcrumbs-content":"","ast-featured-img":"","footer-sml-layout":"","theme-transparent-header-meta":"default","adv-header-id-meta":"","stick-header-meta":"","header-above-stick-meta":"","header-main-stick-meta":"","header-below-stick-meta":"","footnotes":""},"class_list":["post-7760","page","type-page","status-publish","hentry"],"_links":{"self":[{"href":"https:\/\/www.qualitester.com\/es\/wp-json\/wp\/v2\/pages\/7760","targetHints":{"allow":["GET"]}}],"collection":[{"href":"https:\/\/www.qualitester.com\/es\/wp-json\/wp\/v2\/pages"}],"about":[{"href":"https:\/\/www.qualitester.com\/es\/wp-json\/wp\/v2\/types\/page"}],"author":[{"embeddable":true,"href":"https:\/\/www.qualitester.com\/es\/wp-json\/wp\/v2\/users\/7"}],"replies":[{"embeddable":true,"href":"https:\/\/www.qualitester.com\/es\/wp-json\/wp\/v2\/comments?post=7760"}],"version-history":[{"count":0,"href":"https:\/\/www.qualitester.com\/es\/wp-json\/wp\/v2\/pages\/7760\/revisions"}],"up":[{"embeddable":true,"href":"https:\/\/www.qualitester.com\/es\/wp-json\/wp\/v2\/pages\/6794"}],"wp:attachment":[{"href":"https:\/\/www.qualitester.com\/es\/wp-json\/wp\/v2\/media?parent=7760"}],"curies":[{"name":"wp","href":"https:\/\/api.w.org\/{rel}","templated":true}]}}