{"id":7717,"date":"2025-12-24T08:40:46","date_gmt":"2025-12-24T00:40:46","guid":{"rendered":"https:\/\/www.qualitester.com\/?page_id=7717"},"modified":"2025-12-24T08:42:34","modified_gmt":"2025-12-24T00:42:34","slug":"astm-d4991","status":"publish","type":"page","link":"https:\/\/www.qualitester.com\/es\/standards\/astm-d4991\/","title":{"rendered":"Norma ASTM D4991"},"content":{"rendered":"<h1 style=\"text-align: center;\" data-start=\"400\" data-end=\"980\">Norma ASTM D4991<br \/>\n<small>Prueba de estanqueidad por inmersi\u00f3n en agua<\/small><\/h1>\n<p data-start=\"461\" data-end=\"1037\"><strong data-start=\"461\" data-end=\"475\"><a href=\"https:\/\/www.astm.org\/\" rel=\"nofollow noopener\" target=\"_blank\"><img decoding=\"async\" class=\"alignleft wp-image-7721\" src=\"https:\/\/www.qualitester.com\/wp-content\/uploads\/2025\/12\/ASTM-D4991-271x300.webp\" alt=\"Norma ASTM D4991\" width=\"182\" height=\"202\" srcset=\"https:\/\/www.qualitester.com\/wp-content\/uploads\/2025\/12\/ASTM-D4991-271x300.webp 271w, https:\/\/www.qualitester.com\/wp-content\/uploads\/2025\/12\/ASTM-D4991-11x12.webp 11w, https:\/\/www.qualitester.com\/wp-content\/uploads\/2025\/12\/ASTM-D4991.webp 385w\" sizes=\"(max-width: 182px) 100vw, 182px\" \/><\/a>Norma ASTM D4991<\/strong> es una norma ampliamente reconocida que define un enfoque controlado y repetible para evaluar la resistencia a las fugas de los contenedores r\u00edgidos en condiciones de presi\u00f3n diferencial. En la log\u00edstica global, especialmente en el transporte a\u00e9reo, las variaciones de presi\u00f3n pueden comprometer la integridad de los contenedores y provocar fugas de l\u00edquidos peligrosos o sensibles. La norma ASTM D4991 aborda este riesgo proporcionando una pr\u00e1ctica <strong data-start=\"876\" data-end=\"905\">prueba de estanqueidad por inmersi\u00f3n en agua<\/strong> combinado con la aplicaci\u00f3n de vac\u00edo, lo que permite a los fabricantes y profesionales de la calidad evaluar el rendimiento de los envases antes de su env\u00edo.<\/p>\n<p data-start=\"1039\" data-end=\"1392\">Para laboratorios, ingenieros de envasado y personal de control de calidad, la norma ASTM D4991 ofrece un marco fiable para verificar <strong data-start=\"1158\" data-end=\"1195\">pruebas de integridad de envases r\u00edgidos<\/strong> sin alterar la estructura del contenedor ni el sistema de cierre. Esto hace que el m\u00e9todo sea especialmente valioso para el cumplimiento de las normativas internacionales de transporte, como las recomendaciones de la OACI y la ONU.<\/p>\n<h2 data-start=\"1399\" data-end=\"1434\">\u00c1mbito de aplicaci\u00f3n y finalidad de la norma ASTM D4991<\/h2>\n<p data-start=\"1436\" data-end=\"1762\">El objetivo principal de la norma ASTM D4991 es determinar si un recipiente r\u00edgido vac\u00edo puede resistir las fugas cuando se expone a un diferencial de presi\u00f3n similar a los que se encuentran durante el transporte a\u00e9reo. El ensayo se centra en <strong data-start=\"1649\" data-end=\"1668\">inicio de fugas<\/strong>, no la resistencia a la rotura, lo que permite detectar a tiempo puntos d\u00e9biles en los cuerpos o cierres de los contenedores.<\/p>\n<p data-start=\"1764\" data-end=\"2090\">La norma ASTM D4991 se aplica a una amplia gama de envases r\u00edgidos, incluidas botellas de pl\u00e1stico, jerricanes, envases compuestos y otros envases r\u00edgidos destinados al transporte de l\u00edquidos. Sin embargo, algunos dise\u00f1os de envases, como los precintos de tapa a base de papel que se deterioran r\u00e1pidamente en entornos l\u00edquidos, pueden no ser adecuados para este m\u00e9todo de ensayo.<\/p>\n<p data-start=\"2092\" data-end=\"2133\"><strong data-start=\"2092\" data-end=\"2133\">Entre los objetivos clave de la norma ASTM D4991 se incluyen:<\/strong><\/p>\n<ul data-start=\"2135\" data-end=\"2379\">\n<li data-start=\"2135\" data-end=\"2192\">\n<p data-start=\"2137\" data-end=\"2192\">Evaluaci\u00f3n de la resistencia a las fugas en condiciones de vac\u00edo<\/p>\n<\/li>\n<li data-start=\"2193\" data-end=\"2245\">\n<p data-start=\"2195\" data-end=\"2245\">Simulaci\u00f3n de los cambios de presi\u00f3n durante el transporte a\u00e9reo<\/p>\n<\/li>\n<li data-start=\"2246\" data-end=\"2318\">\n<p data-start=\"2248\" data-end=\"2318\">Apoyo al cumplimiento de la normativa internacional sobre mercanc\u00edas peligrosas<\/p>\n<\/li>\n<li data-start=\"2319\" data-end=\"2379\">\n<p data-start=\"2321\" data-end=\"2379\">Proporcionar pruebas visuales y directas del comportamiento de las fugas<\/p>\n<\/li>\n<\/ul>\n<h2 data-start=\"2386\" data-end=\"2432\">Explicaci\u00f3n del m\u00e9todo de prueba de estanqueidad por inmersi\u00f3n en agua<\/h2>\n<p data-start=\"2434\" data-end=\"2693\">El <strong data-start=\"2438\" data-end=\"2467\">prueba de estanqueidad por inmersi\u00f3n en agua<\/strong> definido en la norma ASTM D4991 utiliza una c\u00e1mara de ensayo transparente llena de una soluci\u00f3n controlada de etilenglicol y agua. Este medio permite una detecci\u00f3n visual clara de las burbujas de aire al tiempo que minimiza los efectos de la evaporaci\u00f3n y la tensi\u00f3n superficial.<\/p>\n<p data-start=\"2695\" data-end=\"2970\">Durante la prueba, un recipiente r\u00edgido vac\u00edo se sumerge completamente en la soluci\u00f3n y se expone a un vac\u00edo parcial que aumenta gradualmente. Como la presi\u00f3n interna difiere del entorno circundante, cualquier v\u00eda de fuga permite que el aire salga del recipiente, formando burbujas visibles.<\/p>\n<p data-start=\"2972\" data-end=\"3014\"><strong data-start=\"2972\" data-end=\"3014\">Este m\u00e9todo ofrece varias ventajas:<\/strong><\/p>\n<ul data-start=\"3016\" data-end=\"3236\">\n<li data-start=\"3016\" data-end=\"3057\">\n<p data-start=\"3018\" data-end=\"3057\">Confirmaci\u00f3n visual directa de la fuga<\/p>\n<\/li>\n<li data-start=\"3058\" data-end=\"3107\">\n<p data-start=\"3060\" data-end=\"3107\">No es necesario modificar el dise\u00f1o del envase o del cierre<\/p>\n<\/li>\n<li data-start=\"3108\" data-end=\"3173\">\n<p data-start=\"3110\" data-end=\"3173\">Compatibilidad con diferentes formas y tama\u00f1os de contenedores r\u00edgidos<\/p>\n<\/li>\n<li data-start=\"3174\" data-end=\"3236\">\n<p data-start=\"3176\" data-end=\"3236\">Alta repetibilidad cuando la tasa de vac\u00edo se controla adecuadamente<\/p>\n<\/li>\n<\/ul>\n<h2 data-start=\"2386\" data-end=\"2432\">Explicaci\u00f3n del m\u00e9todo de prueba de estanqueidad por inmersi\u00f3n en agua<\/h2>\n<p data-start=\"2434\" data-end=\"2693\">El <strong data-start=\"2438\" data-end=\"2467\">prueba de estanqueidad por inmersi\u00f3n en agua<\/strong> definido en la norma ASTM D4991 utiliza una c\u00e1mara de ensayo transparente llena de una soluci\u00f3n controlada de etilenglicol y agua. Este medio permite una detecci\u00f3n visual clara de las burbujas de aire al tiempo que minimiza los efectos de la evaporaci\u00f3n y la tensi\u00f3n superficial.<\/p>\n<p data-start=\"2695\" data-end=\"2970\">Durante la prueba, un recipiente r\u00edgido vac\u00edo se sumerge completamente en la soluci\u00f3n y se expone a un vac\u00edo parcial que aumenta gradualmente. Como la presi\u00f3n interna difiere del entorno circundante, cualquier v\u00eda de fuga permite que el aire salga del recipiente, formando burbujas visibles.<\/p>\n<p data-start=\"2972\" data-end=\"3014\"><strong data-start=\"2972\" data-end=\"3014\">Este m\u00e9todo ofrece varias ventajas:<\/strong><\/p>\n<ul data-start=\"3016\" data-end=\"3236\">\n<li data-start=\"3016\" data-end=\"3057\">\n<p data-start=\"3018\" data-end=\"3057\">Confirmaci\u00f3n visual directa de la fuga<\/p>\n<\/li>\n<li data-start=\"3058\" data-end=\"3107\">\n<p data-start=\"3060\" data-end=\"3107\">No es necesario modificar el dise\u00f1o del envase o del cierre<\/p>\n<\/li>\n<li data-start=\"3108\" data-end=\"3173\">\n<p data-start=\"3110\" data-end=\"3173\">Compatibilidad con diferentes formas y tama\u00f1os de contenedores r\u00edgidos<\/p>\n<\/li>\n<li data-start=\"3174\" data-end=\"3236\">\n<p data-start=\"3176\" data-end=\"3236\">Alta repetibilidad cuando la tasa de vac\u00edo se controla adecuadamente<\/p>\n<\/li>\n<\/ul>\n<h2 data-start=\"3243\" data-end=\"3303\">Pruebas de integridad de envases r\u00edgidos y preparaci\u00f3n de muestras<\/h2>\n<p data-start=\"3305\" data-end=\"3528\">Preciso <strong data-start=\"3314\" data-end=\"3351\">pruebas de integridad de envases r\u00edgidos<\/strong> comienza con la selecci\u00f3n y preparaci\u00f3n adecuadas de las muestras. La norma ASTM D4991 especifica que las muestras de ensayo deben representar envases de producci\u00f3n reales e incluir los cierres previstos.<\/p>\n<p data-start=\"3530\" data-end=\"3575\">Entre las consideraciones importantes para la preparaci\u00f3n se incluyen:<\/p>\n<ul data-start=\"3577\" data-end=\"3929\">\n<li data-start=\"3577\" data-end=\"3628\">\n<p data-start=\"3579\" data-end=\"3628\">Los contenedores deben estar vac\u00edos y completamente limpios<\/p>\n<\/li>\n<li data-start=\"3629\" data-end=\"3711\">\n<p data-start=\"3631\" data-end=\"3711\">Los cierres deben aplicarse utilizando el mismo par o m\u00e9todo que en el env\u00edo real<\/p>\n<\/li>\n<li data-start=\"3712\" data-end=\"3807\">\n<p data-start=\"3714\" data-end=\"3807\">Los recipientes deben probarse en condiciones ambientales a menos que se requiera una temperatura espec\u00edfica<\/p>\n<\/li>\n<li data-start=\"3808\" data-end=\"3929\">\n<p data-start=\"3810\" data-end=\"3929\">Cuando se especifique la realizaci\u00f3n de ensayos en condiciones no ambientales, las probetas deben acondicionarse durante el tiempo suficiente para alcanzar el equilibrio t\u00e9rmico.<\/p>\n<\/li>\n<\/ul>\n<p data-start=\"3931\" data-end=\"4056\">El ensayo de varias muestras mejora la fiabilidad de los resultados; normalmente se recomienda un n\u00famero m\u00ednimo para establecer la coherencia.<\/p>\n<h2 data-start=\"4063\" data-end=\"4110\">Procedimiento de prueba de fugas al vac\u00edo seg\u00fan ASTM D4991<\/h2>\n<p data-start=\"4112\" data-end=\"4338\">El <strong data-start=\"4116\" data-end=\"4146\">procedimiento de prueba de fugas de vac\u00edo<\/strong> es el n\u00facleo de la norma ASTM D4991 y debe realizarse con cuidado para evitar resultados falsos. Una vez sumergidas las muestras, deben eliminarse las burbujas superficiales causadas por el aire atrapado antes de aplicar el vac\u00edo.<\/p>\n<p data-start=\"4340\" data-end=\"4546\">A continuaci\u00f3n, el vac\u00edo se aplica gradualmente hasta que el diferencial de presi\u00f3n especificado -por lo general hasta aproximadamente <strong data-start=\"4449\" data-end=\"4470\">95 kPa (13,8 psi)<\/strong>-se alcanza. Durante esta fase, el operario observa atentamente el contenedor.<\/p>\n<p data-start=\"4548\" data-end=\"4587\"><strong data-start=\"4548\" data-end=\"4587\">Los puntos cr\u00edticos de evaluaci\u00f3n incluyen:<\/strong><\/p>\n<ul data-start=\"4589\" data-end=\"4811\">\n<li data-start=\"4589\" data-end=\"4659\">\n<p data-start=\"4591\" data-end=\"4659\">Las burbujas aisladas que no se repiten suelen indicar aire atrapado en la superficie<\/p>\n<\/li>\n<li data-start=\"4660\" data-end=\"4725\">\n<p data-start=\"4662\" data-end=\"4725\">Un chorro continuo o recurrente de burbujas indica fugas<\/p>\n<\/li>\n<li data-start=\"4726\" data-end=\"4811\">\n<p data-start=\"4728\" data-end=\"4811\">Tras la liberaci\u00f3n del vac\u00edo, el interior del contenedor debe inspeccionarse para detectar la entrada de l\u00edquidos<\/p>\n<\/li>\n<\/ul>\n<p data-start=\"4813\" data-end=\"4965\">Mantener el vac\u00edo durante el tiempo necesario garantiza que no se pasen por alto las fugas de desarrollo lento, especialmente en el caso de envases de pl\u00e1stico o combinados.<\/p>\n<h2 data-start=\"4972\" data-end=\"5028\">Interpretaci\u00f3n de los resultados e importancia pr\u00e1ctica<\/h2>\n<p data-start=\"5030\" data-end=\"5279\">La norma ASTM D4991 define las fugas de forma clara e inequ\u00edvoca. <strong data-start=\"5084\" data-end=\"5138\">Corrientes de burbujas visibles o presencia de l\u00edquido interno<\/strong> sirven como prueba directa de fallo. Esta claridad hace que la norma sea muy pr\u00e1ctica para el control de calidad rutinario y el cumplimiento de la normativa.<\/p>\n<p data-start=\"5281\" data-end=\"5372\">La prueba establece el nivel de presi\u00f3n a partir del cual comienzan las fugas, lo que permite a los fabricantes:<\/p>\n<ul>\n<li style=\"list-style-type: none;\">\n<ul data-start=\"5374\" data-end=\"5568\">\n<li data-start=\"5374\" data-end=\"5422\">\n<p data-start=\"5376\" data-end=\"5422\">Mejorar el dise\u00f1o del cierre o los par\u00e1metros de estanquidad<\/p>\n<\/li>\n<li data-start=\"5423\" data-end=\"5464\">\n<p data-start=\"5425\" data-end=\"5464\">Compare objetivamente los dise\u00f1os de los contenedores<\/p>\n<\/li>\n<li data-start=\"5465\" data-end=\"5513\">\n<p data-start=\"5467\" data-end=\"5513\">Reduzca los riesgos del transporte y la p\u00e9rdida de productos<\/p>\n<\/li>\n<li data-start=\"5514\" data-end=\"5568\">\n<p data-start=\"5516\" data-end=\"5568\">Apoyar la certificaci\u00f3n y la documentaci\u00f3n de conformidad<\/p>\n<\/li>\n<\/ul>\n<\/li>\n<\/ul>\n<h2 data-start=\"5575\" data-end=\"5631\">Aplicaciones t\u00edpicas de la norma ASTM D4991 en distintas industrias<\/h2>\n<p data-start=\"5633\" data-end=\"5700\">La norma ASTM D4991 admite pruebas de estanqueidad en m\u00faltiples industrias, entre las que se incluyen:<\/p>\n<ul data-start=\"5702\" data-end=\"5883\">\n<li data-start=\"5702\" data-end=\"5747\">\n<p data-start=\"5704\" data-end=\"5747\">Envasado de productos qu\u00edmicos y materiales peligrosos<\/p>\n<\/li>\n<li data-start=\"5748\" data-end=\"5796\">\n<p data-start=\"5750\" data-end=\"5796\">Recipientes para l\u00edquidos farmac\u00e9uticos y m\u00e9dicos<\/p>\n<\/li>\n<li data-start=\"5797\" data-end=\"5834\">\n<p data-start=\"5799\" data-end=\"5834\">Envases r\u00edgidos para alimentos y bebidas<\/p>\n<\/li>\n<li data-start=\"5835\" data-end=\"5883\">\n<p data-start=\"5837\" data-end=\"5883\">Recipientes para reactivos industriales y de laboratorio<\/p>\n<\/li>\n<\/ul>\n<p data-start=\"5885\" data-end=\"6009\">Su importancia va m\u00e1s all\u00e1 del cumplimiento de la normativa, ya que ayuda a las empresas a proteger la reputaci\u00f3n de su marca y a garantizar la seguridad durante el transporte.<\/p>\n<h2 data-start=\"6016\" data-end=\"6081\">Apoyo a los ensayos ASTM D4991 con las soluciones de Cell Instruments<\/h2>\n<p>&nbsp;<\/p>\n<p><a href=\"https:\/\/www.qualitester.com\/es\/producto\/lt-03-seal-strength-testing-machine\/\"><img fetchpriority=\"high\" decoding=\"async\" class=\"alignleft wp-image-7722\" src=\"https:\/\/www.qualitester.com\/wp-content\/uploads\/2025\/12\/ASTM-D4991-Leak-Tester-268x300.webp\" alt=\"Comprobador de fugas ASTM D4991\" width=\"223\" height=\"249\" srcset=\"https:\/\/www.qualitester.com\/wp-content\/uploads\/2025\/12\/ASTM-D4991-Leak-Tester-268x300.webp 268w, https:\/\/www.qualitester.com\/wp-content\/uploads\/2025\/12\/ASTM-D4991-Leak-Tester-11x12.webp 11w, https:\/\/www.qualitester.com\/wp-content\/uploads\/2025\/12\/ASTM-D4991-Leak-Tester.webp 357w\" sizes=\"(max-width: 223px) 100vw, 223px\" \/><\/a><\/p>\n<p style=\"text-align: left; padding-left: 80px;\" data-start=\"6083\" data-end=\"6417\">Para realizar la prueba ASTM D4991 de forma eficaz y coherente, los laboratorios necesitan un control preciso de la tasa de vac\u00edo, c\u00e1maras transparentes estables y condiciones de observaci\u00f3n fiables. <a href=\"https:\/\/www.qualitester.com\/es\/producto\/lt-03-seal-strength-testing-machine\/\"><strong data-start=\"6254\" data-end=\"6287\">Comprobadores de fugas Cell Instruments<\/strong><\/a> son<\/p>\n<p style=\"text-align: left; padding-left: 80px;\" data-start=\"6083\" data-end=\"6417\">dise\u00f1ado para soportar flujos de trabajo estandarizados de pruebas de fugas en vac\u00edo, ofreciendo un control de presi\u00f3n estable y un funcionamiento f\u00e1cil de usar.Al integrar los principios de ASTM D4991 en equipos de pruebas modernos, Cell Instruments<\/p>\n<p style=\"text-align: left; padding-left: 80px;\" data-start=\"6083\" data-end=\"6417\">ayuda a los laboratorios a obtener resultados precisos y repetibles, al tiempo que mejora la eficacia de las pruebas.<\/p>\n<hr data-start=\"6040\" data-end=\"6043\" \/>\n<h2 data-start=\"0\" data-end=\"35\">Preguntas frecuentes sobre las pruebas de estanqueidad ASTM D4991<\/h2>\n<ol>\n<li data-start=\"37\" data-end=\"344\"><strong data-start=\"37\" data-end=\"69\">\u00bfPara qu\u00e9 se utiliza la norma ASTM D4991?<\/strong><br data-start=\"69\" data-end=\"72\" \/>La norma ASTM D4991 se utiliza para evaluar la resistencia a las fugas de los envases r\u00edgidos vac\u00edos cuando se exponen a condiciones de presi\u00f3n diferencial. Es especialmente relevante para los contenedores utilizados en el transporte a\u00e9reo, donde los cambios de presi\u00f3n pueden comprometer la integridad del contenedor y provocar fugas.<\/li>\n<li data-start=\"346\" data-end=\"757\"><strong data-start=\"346\" data-end=\"408\">\u00bfEn qu\u00e9 se diferencia la norma ASTM D4991 de otras normas de pruebas de estanqueidad?<\/strong><br data-start=\"408\" data-end=\"411\" \/>La norma ASTM D4991 se centra espec\u00edficamente en <strong data-start=\"443\" data-end=\"463\">contenedores r\u00edgidos<\/strong> y se centra en la iniciaci\u00f3n de fugas en condiciones de vac\u00edo utilizando un <strong data-start=\"530\" data-end=\"559\">prueba de estanqueidad por inmersi\u00f3n en agua<\/strong>. A diferencia de los m\u00e9todos dise\u00f1ados para envases flexibles, esta norma permite realizar pruebas sin modificar el cuerpo del envase ni el sistema de cierre, lo que hace que los resultados sean m\u00e1s representativos de las condiciones reales de env\u00edo.<\/li>\n<li data-start=\"759\" data-end=\"1103\"><strong data-start=\"759\" data-end=\"819\">\u00bfQu\u00e9 tipos de recipientes pueden someterse a ensayo con la norma ASTM D4991?<\/strong><br data-start=\"819\" data-end=\"822\" \/>La norma se aplica a los recipientes r\u00edgidos, como botellas de pl\u00e1stico, bidones y recipientes compuestos destinados al transporte de l\u00edquidos. Sin embargo, los envases con componentes que se deterioran r\u00e1pidamente en entornos l\u00edquidos, como ciertos cierres de tap\u00f3n a base de papel, pueden no ser adecuados.<\/li>\n<li data-start=\"1105\" data-end=\"1431\"><strong data-start=\"1105\" data-end=\"1170\">\u00bfPor qu\u00e9 es importante la prueba de fugas por inmersi\u00f3n en agua en ASTM D4991?<\/strong><br data-start=\"1170\" data-end=\"1173\" \/>La prueba de estanqueidad por inmersi\u00f3n en agua proporciona <strong data-start=\"1212\" data-end=\"1238\">pruebas visuales directas<\/strong> de fugas mediante la aparici\u00f3n de burbujas de aire. Esto facilita la identificaci\u00f3n de los puntos de fuga y la distinci\u00f3n entre el aire atrapado en la superficie y las fugas reales del envase durante la aplicaci\u00f3n de vac\u00edo.<\/li>\n<\/ol>","protected":false},"excerpt":{"rendered":"<p>ASTM D4991 Water Immersion Leak Test ASTM D4991 is a widely recognized standard that defines a controlled and repeatable approach for evaluating the leakage resistance of rigid containers under differential pressure conditions. In global logistics, especially air transportation, pressure variations may compromise container integrity and result in leakage of hazardous or sensitive liquids. ASTM D4991 &hellip;<\/p>\n<p class=\"read-more\"> <a class=\"\" href=\"https:\/\/www.qualitester.com\/es\/standards\/astm-d4991\/\"> <span class=\"screen-reader-text\">Norma ASTM D4991<\/span> Leer m\u00e1s \"<\/a><\/p>","protected":false},"author":8,"featured_media":0,"parent":4948,"menu_order":0,"comment_status":"closed","ping_status":"closed","template":"","meta":{"site-sidebar-layout":"default","site-content-layout":"default","ast-global-header-display":"","ast-main-header-display":"","ast-hfb-above-header-display":"","ast-hfb-below-header-display":"","ast-hfb-mobile-header-display":"","site-post-title":"","ast-breadcrumbs-content":"","ast-featured-img":"disabled","footer-sml-layout":"","theme-transparent-header-meta":"default","adv-header-id-meta":"","stick-header-meta":"","header-above-stick-meta":"","header-main-stick-meta":"","header-below-stick-meta":"","footnotes":""},"class_list":["post-7717","page","type-page","status-publish","hentry"],"_links":{"self":[{"href":"https:\/\/www.qualitester.com\/es\/wp-json\/wp\/v2\/pages\/7717","targetHints":{"allow":["GET"]}}],"collection":[{"href":"https:\/\/www.qualitester.com\/es\/wp-json\/wp\/v2\/pages"}],"about":[{"href":"https:\/\/www.qualitester.com\/es\/wp-json\/wp\/v2\/types\/page"}],"author":[{"embeddable":true,"href":"https:\/\/www.qualitester.com\/es\/wp-json\/wp\/v2\/users\/8"}],"replies":[{"embeddable":true,"href":"https:\/\/www.qualitester.com\/es\/wp-json\/wp\/v2\/comments?post=7717"}],"version-history":[{"count":0,"href":"https:\/\/www.qualitester.com\/es\/wp-json\/wp\/v2\/pages\/7717\/revisions"}],"up":[{"embeddable":true,"href":"https:\/\/www.qualitester.com\/es\/wp-json\/wp\/v2\/pages\/4948"}],"wp:attachment":[{"href":"https:\/\/www.qualitester.com\/es\/wp-json\/wp\/v2\/media?parent=7717"}],"curies":[{"name":"wp","href":"https:\/\/api.w.org\/{rel}","templated":true}]}}