{"id":7645,"date":"2025-12-17T16:42:59","date_gmt":"2025-12-17T08:42:59","guid":{"rendered":"https:\/\/www.qualitester.com\/?page_id=7645"},"modified":"2025-12-17T16:57:52","modified_gmt":"2025-12-17T08:57:52","slug":"tear-tensile-strength-of-fabric-astm-d2261","status":"publish","type":"page","link":"https:\/\/www.qualitester.com\/es\/applications\/tear-tensile-strength-of-fabric-astm-d2261\/","title":{"rendered":"Resistencia a la tracci\u00f3n del tejido"},"content":{"rendered":"<h1 style=\"text-align: center;\">Resistencia del tejido a la tracci\u00f3n-ASTM D2261<\/h1>\n<p>&nbsp;<\/p>\n<p>La resistencia a la tracci\u00f3n de los tejidos es una propiedad fundamental para evaluar la durabilidad y el rendimiento de los textiles utilizados en diversos sectores, desde los equipos de seguridad hasta la ropa de uso diario. La norma ASTM D2261 proporciona el m\u00e9todo de ensayo est\u00e1ndar para medir la resistencia al desgarro de los tejidos mediante el procedimiento de la leng\u00fceta, que ayuda a garantizar que los materiales cumplen los requisitos de durabilidad necesarios. Este art\u00edculo explora los detalles de la prueba de resistencia al desgarro de la leng\u00fceta, por qu\u00e9 es importante y c\u00f3mo la norma ASTM D2261 estandariza el proceso de medici\u00f3n.<\/p>\n<hr \/>\n<h2>ASTM D2261: Norma para medir la resistencia al desgarro de los tejidos<\/h2>\n<p data-start=\"938\" data-end=\"1098\"><span style=\"font-size: 16px;\">ASTM D2261 es una norma ampliamente reconocida que proporciona un m\u00e9todo de ensayo para determinar la resistencia a la tracci\u00f3n por desgarro del tejido. La prueba consiste en utilizar el procedimiento de leng\u00fceta (desgarro simple), en el que se corta una muestra de tejido con una forma espec\u00edfica y se somete a una m\u00e1quina de ensayos de tracci\u00f3n que mide la fuerza necesaria para propagar un desgarro. Este procedimiento es esencial para que los fabricantes de tejidos y los equipos de control de calidad verifiquen la resistencia y fiabilidad de sus materiales.<\/span><\/p>\n<hr \/>\n<h2 data-start=\"1335\" data-end=\"1933\">\u00bfQu\u00e9 es la resistencia al desgarro lingual?<\/h2>\n<p data-start=\"1993\" data-end=\"2048\">La resistencia al desgarro por leng\u00fceta se refiere a la fuerza necesaria para continuar el desgarro en un tejido despu\u00e9s de haber realizado un corte inicial. En la norma ASTM D2261, la muestra de tejido se corta en forma de dos piernas y la prueba mide la fuerza aplicada para propagar el desgarro a trav\u00e9s del tejido. La fuerza se mide en t\u00e9rminos de fuerza de pico \u00fanico o promedio de las cinco fuerzas de pico m\u00e1s altas durante el proceso de desgarro.<\/p>\n<p data-start=\"1993\" data-end=\"2048\">Este m\u00e9todo permite a los fabricantes saber c\u00f3mo se comportar\u00e1 un tejido bajo tensi\u00f3n y cu\u00e1nta fuerza puede soportar antes de desgarrarse, lo que es crucial para los tejidos utilizados en aplicaciones cr\u00edticas para la seguridad.<\/p>\n<hr \/>\n<h2 data-start=\"2465\" data-end=\"2606\">Resistencia al desgarro de los tejidos: La importancia de la norma ASTM D2261<\/h2>\n<p data-start=\"2235\" data-end=\"2323\">Medir la resistencia a la tracci\u00f3n de un tejido es esencial por varias razones:<\/p>\n<ul data-start=\"2324\" data-end=\"2920\">\n<li data-start=\"2324\" data-end=\"2566\">\n<p data-start=\"2326\" data-end=\"2566\">Durabilidad: Los tejidos deben ser capaces de soportar el estr\u00e9s y la tensi\u00f3n durante su uso previsto. Ya se utilicen en equipos de seguridad, equipos para exteriores o aplicaciones industriales, la resistencia al desgarro de los tejidos garantiza que los materiales no fallen prematuramente.<\/p>\n<\/li>\n<li data-start=\"2567\" data-end=\"2735\">\n<p data-start=\"2569\" data-end=\"2735\">Control de calidad: La norma ASTM D2261 ayuda a los fabricantes a mantener una calidad constante de los productos proporcionando un m\u00e9todo objetivo y normalizado para medir la resistencia del tejido.<\/p>\n<\/li>\n<li data-start=\"2736\" data-end=\"2920\">\n<p data-start=\"2738\" data-end=\"2920\">Selecci\u00f3n de materiales: Mediante la evaluaci\u00f3n de la resistencia al desgarro, los fabricantes pueden seleccionar los tejidos adecuados para aplicaciones espec\u00edficas, garantizando que sus productos cumplan las expectativas de rendimiento.<\/p>\n<\/li>\n<\/ul>\n<hr \/>\n<h2 data-start=\"3395\" data-end=\"3530\">Procedimiento de ensayo ASTM D2261<\/h2>\n<p data-start=\"2959\" data-end=\"3065\">El m\u00e9todo de ensayo ASTM D2261 sigue una serie de pasos para determinar con precisi\u00f3n la resistencia al desgarro de la leng\u00fceta:<\/p>\n<ol data-start=\"3067\" data-end=\"4151\">\n<li data-start=\"3067\" data-end=\"3372\">\n<p data-start=\"3070\" data-end=\"3372\">Preparaci\u00f3n de la muestra: Se corta una muestra de tejido rectangular en el centro de un borde corto para crear una forma de dos piernas, a menudo denominada esp\u00e9cimen \u201cen forma de pantal\u00f3n\u201d. Esta muestra se coloca en la m\u00e1quina de ensayos de tracci\u00f3n, con una pata sujeta en la mordaza superior y la otra en la inferior.<\/p>\n<\/li>\n<li data-start=\"3374\" data-end=\"3612\">\n<p data-start=\"3377\" data-end=\"3612\">Aplicaci\u00f3n de fuerza: La m\u00e1quina de ensayos aumenta continuamente la separaci\u00f3n de las mordazas, aplicando una fuerza para propagar el desgarro a trav\u00e9s del tejido. Durante este proceso, la fuerza es registrada por el sistema de recogida de datos de la m\u00e1quina.<\/p>\n<\/li>\n<li data-start=\"3614\" data-end=\"3870\">\n<p data-start=\"3617\" data-end=\"3870\">Recogida de datos: La fuerza a la que contin\u00faa el desgarro se mide y registra como una fuerza de pico \u00fanico o como la media de las cinco fuerzas de pico m\u00e1s altas durante la prueba. Estos datos se utilizan para evaluar la resistencia al desgarro del tejido.<\/p>\n<\/li>\n<li data-start=\"3872\" data-end=\"4151\">\n<p data-start=\"3875\" data-end=\"4151\">Condiciones de ensayo: Las pruebas se realizan normalmente en un entorno controlado (21\u00b0C y 65% humedad), con opciones de pruebas h\u00famedas o secas dependiendo del uso previsto del tejido. Los ensayos en h\u00famedo requieren que la muestra se someta a ensayo en los 2 minutos siguientes a su extracci\u00f3n del ba\u00f1o de agua.<\/p>\n<\/li>\n<\/ol>\n<hr \/>\n<h2 data-start=\"3943\" data-end=\"4079\">\u00bfPor qu\u00e9 es importante la resistencia al desgarro?<\/h2>\n<p data-start=\"4197\" data-end=\"4274\">Probar la resistencia a la tracci\u00f3n del tejido es vital por varias razones:<\/p>\n<ol data-start=\"4275\" data-end=\"4897\">\n<li data-start=\"4275\" data-end=\"4520\">\n<p data-start=\"4278\" data-end=\"4520\">Garantizar la durabilidad: Los tejidos deben ser lo bastante duraderos para soportar la tensi\u00f3n durante un uso normal. Esta prueba ayuda a garantizar que el tejido no se rompa f\u00e1cilmente bajo tensi\u00f3n, lo que es esencial para art\u00edculos como equipos de seguridad y textiles industriales.<\/p>\n<\/li>\n<li data-start=\"4521\" data-end=\"4698\">\n<p data-start=\"4524\" data-end=\"4698\">Mantenimiento de las normas de calidad: Los fabricantes utilizan esta prueba para garantizar que sus tejidos cumplen las normas de durabilidad exigidas, asegurando la coherencia en todos los lotes de producci\u00f3n.<\/p>\n<\/li>\n<li data-start=\"4699\" data-end=\"4897\">\n<p data-start=\"4702\" data-end=\"4897\">Cumplimiento de la normativa: Para las industrias que exigen normas de calidad estrictas, como la automoci\u00f3n o la sanidad, garantizar la resistencia al desgarro del tejido es crucial para cumplir las normativas de seguridad.<\/p>\n<\/li>\n<\/ol>\n<hr \/>\n<h2>Cell Instruments: Su socio en ensayos de resistencia al desgarro<\/h2>\n<p data-start=\"90\" data-end=\"421\">En Cell Instruments, ofrecemos una gama de m\u00e1quinas de ensayos de tracci\u00f3n dise\u00f1adas para cumplir los requisitos de la norma ASTM D2261. Nuestras m\u00e1quinas est\u00e1n equipadas con sistemas avanzados de recopilaci\u00f3n de datos, lo que garantiza mediciones precisas y fiables de la resistencia al desgarro de los tejidos. Nuestras m\u00e1quinas de ensayos de tracci\u00f3n proporcionan la precisi\u00f3n y flexibilidad necesarias para un control de calidad eficaz, tanto si se trata de ensayos de tejidos como de tejidos de punto o tejidos tratados.<\/p>\n<figure id=\"attachment_7647\" aria-describedby=\"caption-attachment-7647\" style=\"width: 300px\" class=\"wp-caption aligncenter\"><a href=\"https:\/\/www.qualitester.com\/es\/producto\/sale-paper-vertical-tensile-tester\/\" target=\"_blank\" rel=\"noopener\"><img fetchpriority=\"high\" decoding=\"async\" class=\"size-medium wp-image-7647\" src=\"https:\/\/www.qualitester.com\/wp-content\/uploads\/2025\/12\/Tear-Tensile-Strength-of-Fabric-ASTM-D2261-300x300.webp\" alt=\"Resistencia del tejido a la tracci\u00f3n-ASTM D2261\" width=\"300\" height=\"300\" srcset=\"https:\/\/www.qualitester.com\/wp-content\/uploads\/2025\/12\/Tear-Tensile-Strength-of-Fabric-ASTM-D2261-300x300.webp 300w, https:\/\/www.qualitester.com\/wp-content\/uploads\/2025\/12\/Tear-Tensile-Strength-of-Fabric-ASTM-D2261-150x150.webp 150w, https:\/\/www.qualitester.com\/wp-content\/uploads\/2025\/12\/Tear-Tensile-Strength-of-Fabric-ASTM-D2261-12x12.webp 12w, https:\/\/www.qualitester.com\/wp-content\/uploads\/2025\/12\/Tear-Tensile-Strength-of-Fabric-ASTM-D2261-100x100.webp 100w, https:\/\/www.qualitester.com\/wp-content\/uploads\/2025\/12\/Tear-Tensile-Strength-of-Fabric-ASTM-D2261.webp 600w\" sizes=\"(max-width: 300px) 100vw, 300px\" \/><\/a><figcaption id=\"caption-attachment-7647\" class=\"wp-caption-text\">Resistencia del tejido a la tracci\u00f3n-ASTM D2261<\/figcaption><\/figure>\n<h2 data-start=\"5406\" data-end=\"5419\">Conclusi\u00f3n<\/h2>\n<p data-start=\"5421\" data-end=\"5868\">ASTM D2261 es una norma esencial para evaluar la resistencia a la tracci\u00f3n de los tejidos. Este ensayo ayuda a los fabricantes a garantizar que sus tejidos son duraderos y adecuados para las aplicaciones previstas. Con el equipo adecuado, como las m\u00e1quinas de ensayos de tracci\u00f3n de Cell Instruments, puede realizar ensayos de resistencia al desgarro de tejidos precisos y eficientes, manteniendo est\u00e1ndares de alta calidad en sus procesos de producci\u00f3n textil.<!--more--><\/p>\n<h3 data-start=\"91\" data-end=\"122\">Preguntas frecuentes<\/h3>\n<h4 data-start=\"91\" data-end=\"122\"><strong data-start=\"95\" data-end=\"122\">P1: \u00bfQu\u00e9 es la norma ASTM D2261?<\/strong><\/h4>\n<p data-start=\"124\" data-end=\"520\"><strong data-start=\"124\" data-end=\"130\">A1<\/strong>: <strong data-start=\"132\" data-end=\"146\">ASTM D2261<\/strong> es el m\u00e9todo de ensayo est\u00e1ndar para medir la <strong data-start=\"193\" data-end=\"228\">resistencia a la tracci\u00f3n del tejido<\/strong> utilizando el <strong data-start=\"239\" data-end=\"262\">lengua (rasgado simple)<\/strong> procedimiento. Consiste en utilizar un <strong data-start=\"294\" data-end=\"330\">M\u00e1quina de ensayos de tracci\u00f3n tipo CRE<\/strong> para aplicar una fuerza controlada a una muestra de tejido, midiendo la fuerza necesaria para propagar el desgarro. Este m\u00e9todo es esencial para evaluar la durabilidad del tejido y su comportamiento bajo tensi\u00f3n.<\/p>\n<hr data-start=\"522\" data-end=\"525\" \/>\n<h4 data-start=\"527\" data-end=\"586\"><strong data-start=\"531\" data-end=\"586\">P2: \u00bfQu\u00e9 significa el t\u00e9rmino \u201cresistencia al desgarro de la leng\u00fceta\u201d?<\/strong><\/h4>\n<p data-start=\"588\" data-end=\"940\"><strong data-start=\"588\" data-end=\"594\">A2<\/strong>: <strong data-start=\"596\" data-end=\"620\">Resistencia al desgarro de la lengua<\/strong> se refiere a la fuerza necesaria para continuar un desgarro en un tejido despu\u00e9s de haber realizado un corte inicial. El tejido se corta en forma de dos piernas y se aplica fuerza para propagar el desgarro. Se mide y registra la fuerza a la que contin\u00faa el desgarro, lo que permite evaluar la resistencia del tejido al desgarro bajo tensi\u00f3n.<\/p>\n<hr data-start=\"942\" data-end=\"945\" \/>\n<h4 data-start=\"947\" data-end=\"1020\"><strong data-start=\"951\" data-end=\"1020\">P3: \u00bfPor qu\u00e9 es importante comprobar la resistencia a la tracci\u00f3n de los tejidos?<\/strong><\/h4>\n<p data-start=\"1022\" data-end=\"1457\"><strong data-start=\"1022\" data-end=\"1028\">A3<\/strong>: Prueba de la <strong data-start=\"1042\" data-end=\"1077\">resistencia a la tracci\u00f3n del tejido<\/strong> es crucial para evaluar la resistencia de un tejido a las fuerzas que podr\u00edan causar desgarros. Es especialmente importante para los materiales utilizados en equipos de seguridad, tapicer\u00eda y textiles industriales. Esta prueba garantiza que los tejidos cumplen las normas de durabilidad requeridas, ayudando a los fabricantes a seleccionar los materiales adecuados para aplicaciones espec\u00edficas y garantizando la fiabilidad y seguridad del producto.<\/p>\n<hr data-start=\"1459\" data-end=\"1462\" \/>\n<h4 data-start=\"1464\" data-end=\"1522\"><strong data-start=\"1468\" data-end=\"1522\">P4: \u00bfQu\u00e9 equipo se utiliza para las pruebas ASTM D2261?<\/strong><\/h4>\n<p data-start=\"1524\" data-end=\"1919\"><strong data-start=\"1524\" data-end=\"1530\">A4<\/strong>: El m\u00e9todo de ensayo <strong data-start=\"1548\" data-end=\"1562\">ASTM D2261<\/strong> requiere un <strong data-start=\"1574\" data-end=\"1610\">M\u00e1quina de ensayos de tracci\u00f3n tipo CRE<\/strong>. Esta m\u00e1quina aplica una velocidad de extensi\u00f3n constante a la muestra de tejido, lo que permite medir con precisi\u00f3n la fuerza necesaria para propagar un desgarro. Sistemas de recogida de datos como <strong data-start=\"1794\" data-end=\"1825\">registradores gr\u00e1ficos autogr\u00e1ficos<\/strong> o <strong data-start=\"1829\" data-end=\"1861\">sistemas basados en microprocesadores<\/strong> se utilizan para registrar y analizar la fuerza durante la prueba.<\/p>\n<hr data-start=\"1921\" data-end=\"1924\" \/>\n<h4 data-start=\"1926\" data-end=\"1999\"><strong data-start=\"1930\" data-end=\"1999\">P5: \u00bfCu\u00e1les son las ventajas de utilizar la norma ASTM D2261 para los ensayos de tejidos?<\/strong><\/h4>\n<p data-start=\"2001\" data-end=\"2458\"><strong data-start=\"2001\" data-end=\"2007\">A5<\/strong>: <strong data-start=\"2009\" data-end=\"2023\">ASTM D2261<\/strong> proporciona un m\u00e9todo estandarizado y fiable para comprobar la <strong data-start=\"2081\" data-end=\"2116\">resistencia a la tracci\u00f3n del tejido<\/strong>. Garantiza que los fabricantes de tejidos puedan evaluar la durabilidad de sus productos en condiciones controladas, ayudando a mantener una calidad constante y a cumplir las normas del sector. La prueba es especialmente valiosa para evaluar el rendimiento de los tejidos utilizados en aplicaciones cr\u00edticas para la seguridad, garantizando que pueden soportar las tensiones del mundo real.<\/p>\n<hr data-start=\"2460\" data-end=\"2463\" \/>\n<h4 data-start=\"2465\" data-end=\"2540\"><strong data-start=\"2469\" data-end=\"2540\">P6: \u00bfC\u00f3mo soporta Cell Instruments los ensayos de resistencia al desgarro de tejidos?<\/strong><\/h4>\n<p data-start=\"2542\" data-end=\"2962\"><strong data-start=\"2542\" data-end=\"2548\">A6<\/strong>: <strong data-start=\"2550\" data-end=\"2570\">Instrumentos celulares<\/strong> ofrece <strong data-start=\"2587\" data-end=\"2615\">m\u00e1quinas de ensayo de tracci\u00f3n<\/strong> dise\u00f1ado para cumplir los requisitos de <strong data-start=\"2653\" data-end=\"2667\">ASTM D2261<\/strong>. Nuestra <strong data-start=\"2673\" data-end=\"2702\">M\u00e1quinas de ensayo de tipo CRE<\/strong> proporcionan mediciones precisas y fiables de <strong data-start=\"2748\" data-end=\"2772\">resistencia al desgarro de la lengua<\/strong> y <strong data-start=\"2777\" data-end=\"2801\">resistencia al desgarro del tejido<\/strong>. Con nuestros equipos, los fabricantes pueden garantizar que sus productos textiles cumplen las normas de rendimiento exigidas en materia de durabilidad, control de calidad y cumplimiento de la normativa.<\/p>","protected":false},"excerpt":{"rendered":"<p>Resistencia a la tracci\u00f3n del tejido-ASTM D2261 La resistencia a la tracci\u00f3n del tejido es una propiedad cr\u00edtica para evaluar la durabilidad y el rendimiento de los textiles utilizados en diversas industrias, desde equipos de seguridad hasta ropa de uso diario. La norma ASTM D2261 proporciona el m\u00e9todo de ensayo est\u00e1ndar para medir la resistencia al desgarro de los tejidos mediante el procedimiento de ...<\/p>\n<p class=\"read-more\"> <a class=\"\" href=\"https:\/\/www.qualitester.com\/es\/applications\/tear-tensile-strength-of-fabric-astm-d2261\/\"> <span class=\"screen-reader-text\">Resistencia a la tracci\u00f3n del tejido<\/span> Leer m\u00e1s \"<\/a><\/p>","protected":false},"author":7,"featured_media":0,"parent":6794,"menu_order":0,"comment_status":"closed","ping_status":"closed","template":"","meta":{"site-sidebar-layout":"default","site-content-layout":"default","ast-global-header-display":"","ast-main-header-display":"","ast-hfb-above-header-display":"","ast-hfb-below-header-display":"","ast-hfb-mobile-header-display":"","site-post-title":"disabled","ast-breadcrumbs-content":"","ast-featured-img":"","footer-sml-layout":"","theme-transparent-header-meta":"default","adv-header-id-meta":"","stick-header-meta":"","header-above-stick-meta":"","header-main-stick-meta":"","header-below-stick-meta":"","footnotes":""},"class_list":["post-7645","page","type-page","status-publish","hentry"],"_links":{"self":[{"href":"https:\/\/www.qualitester.com\/es\/wp-json\/wp\/v2\/pages\/7645","targetHints":{"allow":["GET"]}}],"collection":[{"href":"https:\/\/www.qualitester.com\/es\/wp-json\/wp\/v2\/pages"}],"about":[{"href":"https:\/\/www.qualitester.com\/es\/wp-json\/wp\/v2\/types\/page"}],"author":[{"embeddable":true,"href":"https:\/\/www.qualitester.com\/es\/wp-json\/wp\/v2\/users\/7"}],"replies":[{"embeddable":true,"href":"https:\/\/www.qualitester.com\/es\/wp-json\/wp\/v2\/comments?post=7645"}],"version-history":[{"count":0,"href":"https:\/\/www.qualitester.com\/es\/wp-json\/wp\/v2\/pages\/7645\/revisions"}],"up":[{"embeddable":true,"href":"https:\/\/www.qualitester.com\/es\/wp-json\/wp\/v2\/pages\/6794"}],"wp:attachment":[{"href":"https:\/\/www.qualitester.com\/es\/wp-json\/wp\/v2\/media?parent=7645"}],"curies":[{"name":"wp","href":"https:\/\/api.w.org\/{rel}","templated":true}]}}