{"id":7619,"date":"2025-12-17T13:33:28","date_gmt":"2025-12-17T05:33:28","guid":{"rendered":"https:\/\/www.qualitester.com\/?page_id=7619"},"modified":"2025-12-17T16:16:41","modified_gmt":"2025-12-17T08:16:41","slug":"astm-d5587-method-for-tearing-strength-of-fabric-testing","status":"publish","type":"page","link":"https:\/\/www.qualitester.com\/es\/applications\/astm-d5587-method-for-tearing-strength-of-fabric-testing\/","title":{"rendered":"ASTM D5587 Ensayo de resistencia al desgarro de tejidos"},"content":{"rendered":"<h1 style=\"text-align: center;\">Ensayos de resistencia al desgarro de tejidos<br \/>\n<small>ASTM D5587<\/small><\/h1>\n<h1 style=\"text-align: center;\"><img fetchpriority=\"high\" decoding=\"async\" class=\"wp-image-7631 alignleft\" src=\"https:\/\/www.qualitester.com\/wp-content\/uploads\/2025\/12\/ASTM-D5587-Tearing-Strength-of-Fabric-Testing-300x227.webp\" alt=\"ASTM D5587 Ensayo de resistencia al desgarro de tejidos\" width=\"333\" height=\"252\" srcset=\"https:\/\/www.qualitester.com\/wp-content\/uploads\/2025\/12\/ASTM-D5587-Tearing-Strength-of-Fabric-Testing-300x227.webp 300w, https:\/\/www.qualitester.com\/wp-content\/uploads\/2025\/12\/ASTM-D5587-Tearing-Strength-of-Fabric-Testing-16x12.webp 16w, https:\/\/www.qualitester.com\/wp-content\/uploads\/2025\/12\/ASTM-D5587-Tearing-Strength-of-Fabric-Testing.webp 528w\" sizes=\"(max-width: 333px) 100vw, 333px\" \/><\/h1>\n<p>&nbsp;<\/p>\n<p>La resistencia al desgarro de los tejidos es una propiedad mec\u00e1nica cr\u00edtica que refleja c\u00f3mo resisten los tejidos la propagaci\u00f3n de un desgarro existente bajo carga. La norma ASTM D5587, ampliamente conocida como la prueba de resistencia al desgarro trapezoidal, proporciona un m\u00e9todo estandarizado y repetible para evaluar este rendimiento. Al comprender los principios, procedimientos y aplicaciones de este m\u00e9todo, los profesionales de la calidad pueden garantizar un rendimiento uniforme de los tejidos y pruebas de aceptaci\u00f3n fiables en todos los sectores.<\/p>\n<hr \/>\n<h2>Comprender la resistencia al desgarro de los tejidos<\/h2>\n<p data-start=\"948\" data-end=\"1331\">La resistencia al desgarro de un tejido describe la fuerza necesaria para <strong data-start=\"1007\" data-end=\"1053\">continuar una l\u00e1grima una vez iniciada<\/strong>, en lugar de la fuerza necesaria para arrancar uno. En el uso real, los tejidos suelen fallar por peque\u00f1os cortes, muescas o defectos introducidos durante la fabricaci\u00f3n o la manipulaci\u00f3n. Por tanto, medir la resistencia al desgarro de un tejido ofrece una valiosa informaci\u00f3n sobre su durabilidad, seguridad y vida \u00fatil.<\/p>\n<p data-start=\"1333\" data-end=\"1659\">La norma ASTM D5587 se centra en el comportamiento de propagaci\u00f3n del desgarro bajo carga de tracci\u00f3n controlada. El m\u00e9todo aplica un esfuerzo de tracci\u00f3n a lo largo de una trayectoria definida, de forma que el desgarro se desplaza de forma constante a lo largo de la anchura de la probeta. Este enfoque hace que el ensayo sea especialmente \u00fatil para comparar <strong data-start=\"1592\" data-end=\"1658\">diferentes construcciones, acabados o direcciones de los tejidos<\/strong>.<\/p>\n<hr \/>\n<h2 data-start=\"1335\" data-end=\"1933\">Prueba de resistencia al desgarro trapezoidal ASTM D5587 y principios de desgarro trapezoidal CRE<\/h2>\n<p data-start=\"1750\" data-end=\"2043\">El <strong data-start=\"1754\" data-end=\"1799\">ASTM D5587 <a href=\"https:\/\/www.qualitester.com\/es\/producto\/tst-01-universal-testing-machine\/\">prueba de resistencia al desgarro trapezoidal<\/a><\/strong> se basa en un enfoque de ensayo de tracci\u00f3n a velocidad de extensi\u00f3n constante (CRE), a menudo denominado <strong data-start=\"1892\" data-end=\"1916\">CRE desgarro trapezoidal<\/strong> pruebas. Una m\u00e1quina CRE mantiene un \u00edndice de extensi\u00f3n uniforme, lo que mejora la coherencia de los datos y la comparabilidad entre laboratorios.<\/p>\n<p data-start=\"2045\" data-end=\"2351\">Este m\u00e9todo se adapta a una amplia gama de textiles, incluidos los tejidos, los g\u00e9neros de punto, los tejidos recubiertos o tratados con resina, los materiales napados, las estructuras en capas, los tejidos de pelo y los textiles t\u00e9cnicos, como los tejidos para airbags. Las muestras pueden ensayarse en condiciones secas o h\u00famedas, en funci\u00f3n de los requisitos de la aplicaci\u00f3n.<\/p>\n<p data-start=\"2353\" data-end=\"2608\">Es importante destacar que la prueba asume que el desgarro est\u00e1 precortado. En consecuencia, la resistencia al desgarro del tejido medida por la norma ASTM D5587 no <strong data-start=\"2472\" data-end=\"2479\">no<\/strong> representan la fuerza de inicio del desgarro, sino m\u00e1s bien la resistencia a la propagaci\u00f3n del desgarro, lo que se ajusta estrechamente a muchos escenarios de uso final.<\/p>\n<hr \/>\n<h2 data-start=\"2615\" data-end=\"2664\">Resumen del procedimiento de ensayo basado en ASTM D5587<\/h2>\n<p data-start=\"2665\" data-end=\"2757\">Para ayudar a los laboratorios a aplicar el m\u00e9todo correctamente, los pasos clave pueden resumirse como sigue:<\/p>\n<ol data-start=\"2759\" data-end=\"3745\">\n<li data-start=\"2759\" data-end=\"2930\">\n<p data-start=\"2762\" data-end=\"2930\"><strong data-start=\"2762\" data-end=\"2787\">Acondicionamiento de muestras<\/strong><br data-start=\"2787\" data-end=\"2790\" \/>Acondicionar las muestras en una atm\u00f3sfera de ensayo textil est\u00e1ndar, normalmente <strong data-start=\"2865\" data-end=\"2901\">21 \u00b0C y 65 % de humedad relativa<\/strong>, a menos que se especifique lo contrario.<\/p>\n<\/li>\n<li data-start=\"2932\" data-end=\"3095\">\n<p data-start=\"2935\" data-end=\"3095\"><strong data-start=\"2935\" data-end=\"2959\">Preparaci\u00f3n de la muestra<\/strong><br data-start=\"2959\" data-end=\"2962\" \/>Marque un trapecio is\u00f3sceles en una muestra de tejido rectangular. Introduzca una hendidura en el centro de la base corta para iniciar el desgarro.<\/p>\n<\/li>\n<li data-start=\"3097\" data-end=\"3289\">\n<p data-start=\"3100\" data-end=\"3289\"><strong data-start=\"3100\" data-end=\"3126\">Sujeci\u00f3n y alineaci\u00f3n<\/strong><br data-start=\"3126\" data-end=\"3129\" \/>Fije los lados no paralelos del trapecio en las mordazas de un equipo de tracci\u00f3n CRE. Una alineaci\u00f3n adecuada garantiza que el desgarro se propague uniformemente por la probeta.<\/p>\n<\/li>\n<li data-start=\"3291\" data-end=\"3500\">\n<p data-start=\"3294\" data-end=\"3500\"><strong data-start=\"3294\" data-end=\"3328\">Propagaci\u00f3n y registro de l\u00e1grimas<\/strong><br data-start=\"3328\" data-end=\"3331\" \/>Inicie la prueba a una velocidad de extensi\u00f3n controlada. A medida que la cruceta se desplaza, la l\u00e1grima avanza y la fuerza fluct\u00faa. El sistema registra estos valores de fuerza de forma continua.<\/p>\n<\/li>\n<li data-start=\"3502\" data-end=\"3745\">\n<p data-start=\"3505\" data-end=\"3745\"><strong data-start=\"3505\" data-end=\"3535\">Finalizaci\u00f3n y replicaci\u00f3n<\/strong><br data-start=\"3535\" data-end=\"3538\" \/>Detenga el ensayo cuando el desgarro alcance la longitud especificada o la muestra se separe completamente. Repita el procedimiento con varias muestras en cada direcci\u00f3n principal del tejido para garantizar la fiabilidad estad\u00edstica.<\/p>\n<\/li>\n<\/ol>\n<p data-start=\"3747\" data-end=\"3897\">A lo largo de todo el procedimiento, el control constante de la velocidad y la medici\u00f3n precisa de la fuerza desempe\u00f1an un papel decisivo en la fiabilidad de los resultados de resistencia al desgarro del tejido.<\/p>\n<hr \/>\n<h2 data-start=\"5352\" data-end=\"5415\">Consideraciones sobre el equipo y la funci\u00f3n de los probadores de tracci\u00f3n CRE<\/h2>\n<p style=\"text-align: left;\">La precisi\u00f3n de los resultados del ensayo de resistencia al desgarro trapezoidal depende en gran medida del rendimiento del sistema de ensayo de tracci\u00f3n. Una m\u00e1quina de tracci\u00f3n CRE estable garantiza una extensi\u00f3n suave, un control preciso del desplazamiento y una medici\u00f3n fiable de la fuerza durante todo el proceso de desgarro.<\/p>\n<p style=\"text-align: left;\" data-start=\"5678\" data-end=\"6204\">El <strong data-start=\"5682\" data-end=\"5726\"><a href=\"https:\/\/www.celtec.cn\" rel=\"nofollow noopener\" target=\"_blank\">Instrumentos celulares<\/a> <a href=\"https:\/\/www.qualitester.com\/es\/producto\/tst-01-tensile-tester\/\">Probador de tracci\u00f3n (TST-01)<\/a><\/strong> es compatible con los ensayos ASTM D5587 al proporcionar velocidades de extensi\u00f3n controladas, una clara visualizaci\u00f3n de la fuerza-desplazamiento y soluciones de agarre adaptables para muestras textiles. Su flexibilidad permite a los laboratorios realizar no s\u00f3lo ensayos de resistencia al desgarro de tejidos, sino tambi\u00e9n una amplia gama de evaluaciones de tracci\u00f3n y pelado de textiles, materiales de embalaje y componentes m\u00e9dicos. Esta versatilidad se adapta bien a los laboratorios que buscan valor a largo plazo y capacidad de ensayo estandarizada.<\/p>\n<figure id=\"attachment_7632\" aria-describedby=\"caption-attachment-7632\" style=\"width: 239px\" class=\"wp-caption aligncenter\"><a href=\"https:\/\/www.qualitester.com\/es\/producto\/tst-01-tensile-tester\/\"><img decoding=\"async\" class=\"wp-image-7632 size-medium\" src=\"https:\/\/www.qualitester.com\/wp-content\/uploads\/2025\/12\/Tensile-Tester-TST-01-239x300.webp\" alt=\"ASTM D5587 Ensayo de resistencia al desgarro de tejidos\" width=\"239\" height=\"300\" srcset=\"https:\/\/www.qualitester.com\/wp-content\/uploads\/2025\/12\/Tensile-Tester-TST-01-239x300.webp 239w, https:\/\/www.qualitester.com\/wp-content\/uploads\/2025\/12\/Tensile-Tester-TST-01-10x12.webp 10w, https:\/\/www.qualitester.com\/wp-content\/uploads\/2025\/12\/Tensile-Tester-TST-01.webp 318w\" sizes=\"(max-width: 239px) 100vw, 239px\" \/><\/a><figcaption id=\"caption-attachment-7632\" class=\"wp-caption-text\">Probador de tracci\u00f3n TST-01<\/figcaption><\/figure>\n<hr \/>\n<h2 data-start=\"5284\" data-end=\"5304\">Reflexiones finales<\/h2>\n<p>La norma ASTM D5587 proporciona un marco s\u00f3lido para evaluar la resistencia al desgarro de los tejidos mediante el ensayo de resistencia al desgarro trapezoidal. Siguiendo procedimientos normalizados, seleccionando el equipo de ensayo de CRE adecuado y comprendiendo la importancia del comportamiento de propagaci\u00f3n del desgarro, los laboratorios pueden generar datos significativos que apoyen la garant\u00eda de calidad y el desarrollo de productos. Para los profesionales del sector textil, el dominio de este m\u00e9todo refuerza tanto la competencia t\u00e9cnica como la credibilidad en el mercado.<\/p>\n<hr \/>\n<h2>Preguntas frecuentes<\/h2>\n<p data-start=\"39\" data-end=\"393\"><strong data-start=\"39\" data-end=\"109\">1. \u00bfCu\u00e1l es el objetivo principal de la prueba de resistencia al desgarro trapezoidal?<\/strong><br data-start=\"109\" data-end=\"112\" \/>La prueba de resistencia al desgarro trapezoidal mide la <strong data-start=\"160\" data-end=\"223\">resistencia al desgarro del tejido una vez iniciado el desgarro<\/strong>. Eval\u00faa la resistencia de un tejido a la propagaci\u00f3n de desgarros bajo carga de tracci\u00f3n, lo que refleja fielmente las condiciones de uso real, en las que ya pueden existir peque\u00f1os cortes o defectos.<\/p>\n<p data-start=\"395\" data-end=\"755\"><strong data-start=\"395\" data-end=\"460\">2. \u00bfPor qu\u00e9 la norma ASTM D5587 exige una m\u00e1quina de ensayos de tracci\u00f3n CRE?<\/strong><br data-start=\"460\" data-end=\"463\" \/>La norma ASTM D5587 especifica un <strong data-start=\"486\" data-end=\"546\">m\u00e1quina de ensayos de tracci\u00f3n a velocidad de extensi\u00f3n constante (CRE)<\/strong> porque proporciona un movimiento estable y uniforme de la cruceta y una medici\u00f3n precisa de la fuerza. Esta uniformidad mejora la repetibilidad y la comparabilidad de los resultados de los ensayos de resistencia al desgarro trapezoidal entre laboratorios.<\/p>\n<p data-start=\"757\" data-end=\"1137\"><strong data-start=\"757\" data-end=\"818\">3. \u00bfQu\u00e9 tipos de tejidos pueden ensayarse con la norma ASTM D5587?<\/strong><br data-start=\"818\" data-end=\"821\" \/>La norma se aplica a una amplia gama de productos textiles, entre ellos <strong data-start=\"881\" data-end=\"999\">tejidos, g\u00e9neros de punto, napados y de pelo, estructuras en capas y materiales recubiertos o tratados con resina<\/strong>. Se pueden evaluar tanto tejidos sin tratar como acabados, lo que hace que el m\u00e9todo sea adecuado para muchas aplicaciones textiles industriales y t\u00e9cnicas.<\/p>\n<p data-start=\"1139\" data-end=\"1470\"><strong data-start=\"1139\" data-end=\"1208\">4. \u00bfC\u00f3mo deben comunicarse los resultados del ensayo de resistencia al desgarro trapezoidal?<\/strong><br data-start=\"1208\" data-end=\"1211\" \/>La norma ASTM D5587 permite que los resultados se comuniquen como el <strong data-start=\"1266\" data-end=\"1295\">fuerza de desgarro de un solo pico<\/strong> o el <strong data-start=\"1303\" data-end=\"1346\">media de las cinco fuerzas m\u00e1ximas m\u00e1s elevadas<\/strong> observados durante las pruebas. El m\u00e9todo de notificaci\u00f3n elegido debe acordarse de antemano y utilizarse de forma coherente para la comparaci\u00f3n.<\/p>\n<p data-start=\"1472\" data-end=\"1862\" data-is-last-node=\"\" data-is-only-node=\"\"><strong data-start=\"1472\" data-end=\"1542\">5. \u00bfQu\u00e9 factores influyen m\u00e1s en la resistencia al desgarro de los tejidos?<\/strong><br data-start=\"1542\" data-end=\"1545\" \/>Los factores clave son <strong data-start=\"1565\" data-end=\"1672\">estructura del tejido, tipo y densidad del hilo, tratamientos de acabado, preparaci\u00f3n de las muestras y alineaci\u00f3n de las pruebas<\/strong>. El acondicionamiento adecuado, el marcado preciso de la probeta y el uso de un equipo de ensayo de tracci\u00f3n CRE fiable, como el Cell Instruments TST-01, ayudan a garantizar la fiabilidad de los datos del ensayo de resistencia al desgarro trapezoidal.<\/p>","protected":false},"excerpt":{"rendered":"<p>Ensayo de resistencia al desgarro de tejidos ASTM D5587 La resistencia al desgarro de los tejidos es una propiedad mec\u00e1nica cr\u00edtica que refleja c\u00f3mo resisten los tejidos la propagaci\u00f3n de un desgarro existente bajo carga. La norma ASTM D5587, ampliamente conocida como la prueba de resistencia al desgarro trapezoidal, proporciona un m\u00e9todo estandarizado y repetible para evaluar este rendimiento. Al comprender los principios, procedimientos, ...<\/p>\n<p class=\"read-more\"> <a class=\"\" href=\"https:\/\/www.qualitester.com\/es\/applications\/astm-d5587-method-for-tearing-strength-of-fabric-testing\/\"> <span class=\"screen-reader-text\">ASTM D5587 Ensayo de resistencia al desgarro de tejidos<\/span> Leer m\u00e1s \"<\/a><\/p>","protected":false},"author":8,"featured_media":0,"parent":6794,"menu_order":0,"comment_status":"closed","ping_status":"closed","template":"","meta":{"site-sidebar-layout":"default","site-content-layout":"default","ast-global-header-display":"","ast-main-header-display":"","ast-hfb-above-header-display":"","ast-hfb-below-header-display":"","ast-hfb-mobile-header-display":"","site-post-title":"","ast-breadcrumbs-content":"","ast-featured-img":"","footer-sml-layout":"","theme-transparent-header-meta":"default","adv-header-id-meta":"","stick-header-meta":"","header-above-stick-meta":"","header-main-stick-meta":"","header-below-stick-meta":"","footnotes":""},"class_list":["post-7619","page","type-page","status-publish","hentry"],"_links":{"self":[{"href":"https:\/\/www.qualitester.com\/es\/wp-json\/wp\/v2\/pages\/7619","targetHints":{"allow":["GET"]}}],"collection":[{"href":"https:\/\/www.qualitester.com\/es\/wp-json\/wp\/v2\/pages"}],"about":[{"href":"https:\/\/www.qualitester.com\/es\/wp-json\/wp\/v2\/types\/page"}],"author":[{"embeddable":true,"href":"https:\/\/www.qualitester.com\/es\/wp-json\/wp\/v2\/users\/8"}],"replies":[{"embeddable":true,"href":"https:\/\/www.qualitester.com\/es\/wp-json\/wp\/v2\/comments?post=7619"}],"version-history":[{"count":0,"href":"https:\/\/www.qualitester.com\/es\/wp-json\/wp\/v2\/pages\/7619\/revisions"}],"up":[{"embeddable":true,"href":"https:\/\/www.qualitester.com\/es\/wp-json\/wp\/v2\/pages\/6794"}],"wp:attachment":[{"href":"https:\/\/www.qualitester.com\/es\/wp-json\/wp\/v2\/media?parent=7619"}],"curies":[{"name":"wp","href":"https:\/\/api.w.org\/{rel}","templated":true}]}}