{"id":7520,"date":"2025-10-28T16:31:21","date_gmt":"2025-10-28T08:31:21","guid":{"rendered":"https:\/\/www.qualitester.com\/?page_id=7520"},"modified":"2025-10-28T16:33:22","modified_gmt":"2025-10-28T08:33:22","slug":"geosynthetics-thickness-testing","status":"publish","type":"page","link":"https:\/\/www.qualitester.com\/es\/applications\/geosynthetics-thickness-testing\/","title":{"rendered":"Pruebas de espesor de geosint\u00e9ticos"},"content":{"rendered":"<h1 style=\"text-align: center;\" data-start=\"464\" data-end=\"973\">Pruebas de espesor de geosint\u00e9ticos<br \/>\n<small>ASTM D5199 &amp; ISO 9863-1 &amp; ASTM D5994<\/small><\/h1>\n<p data-start=\"464\" data-end=\"973\">El <em data-start=\"487\" data-end=\"517\">ensayo de espesor de geosint\u00e9ticos<\/em> es una evaluaci\u00f3n fundamental utilizada para determinar una de las caracter\u00edsticas f\u00edsicas m\u00e1s esenciales de los materiales geosint\u00e9ticos.<strong data-start=\"641\" data-end=\"654\">espesor<\/strong>. La medici\u00f3n precisa del espesor repercute directamente en el rendimiento del material, su durabilidad y el cumplimiento de las normas internacionales. Ya sea en geomembranas, geotextiles o geocompuestos, comprender los m\u00e9todos de ensayo y sus implicaciones garantiza una calidad constante del producto y un rendimiento fiable de la aplicaci\u00f3n.<\/p>\n<hr data-start=\"975\" data-end=\"978\" \/>\n<h2 data-start=\"980\" data-end=\"1040\">Importancia de medir el espesor de los geosint\u00e9ticos<\/h2>\n<p data-start=\"1042\" data-end=\"1408\">El <em data-start=\"1046\" data-end=\"1074\">espesor de los geosint\u00e9ticos<\/em> es m\u00e1s que una simple propiedad dimensional: es un indicador clave del control de calidad. El espesor afecta a la permeabilidad, la resistencia a la tracci\u00f3n, la resistencia a la perforaci\u00f3n y la estabilidad mec\u00e1nica bajo carga. Por ejemplo, en los revestimientos de vertederos o las capas de drenaje, incluso ligeras variaciones de espesor pueden influir en el flujo de fluidos y la eficacia de la contenci\u00f3n.<\/p>\n<p data-start=\"1410\" data-end=\"1706\">Mantener un espesor uniforme en todos los lotes de producci\u00f3n ayuda a los fabricantes a cumplir las especificaciones del proyecto y garantiza el rendimiento a largo plazo sobre el terreno. La comprobaci\u00f3n del espesor tambi\u00e9n sirve de apoyo a los c\u00e1lculos de dise\u00f1o y los procesos de garant\u00eda de calidad, por lo que es un paso fundamental en la evaluaci\u00f3n de geosint\u00e9ticos.<\/p>\n<hr data-start=\"1708\" data-end=\"1711\" \/>\n<h2 data-start=\"1713\" data-end=\"1758\">Normas clave - ASTM D5199 &amp; ISO 9863-1 &amp; ASTM D5994<\/h2>\n<p data-start=\"1760\" data-end=\"2038\">Preciso <em data-start=\"1769\" data-end=\"1799\">ensayo de espesor de geosint\u00e9ticos<\/em> procedimientos se rigen por normas internacionales establecidas, como <strong data-start=\"1869\" data-end=\"1883\">ASTM D5199<\/strong>, <strong data-start=\"1885\" data-end=\"1899\">ASTM D5994<\/strong>, y <strong data-start=\"1905\" data-end=\"1919\">ISO 9863-1<\/strong>. Cada uno de ellos proporciona un m\u00e9todo estructurado para medir diferentes tipos de materiales geosint\u00e9ticos en condiciones controladas.<\/p>\n<h3 data-start=\"2040\" data-end=\"2094\">ASTM D5199 - Espesor nominal de geosint\u00e9ticos<\/h3>\n<p data-start=\"2095\" data-end=\"2346\"><strong data-start=\"2095\" data-end=\"2109\">ASTM D5199<\/strong> esboza m\u00e9todos normalizados para determinar la <strong data-start=\"2160\" data-end=\"2181\">espesor nominal<\/strong> de geosint\u00e9ticos bajo una presi\u00f3n y un di\u00e1metro de prensatelas espec\u00edficos. Es ampliamente aplicable a geotextiles, geomembranas (excluidas las texturizadas) y georredes.<\/p>\n<ul>\n<li data-start=\"2349\" data-end=\"2470\">La medida se toma como la distancia entre dos placas paralelas tras aplicar una carga determinada durante <strong data-start=\"2454\" data-end=\"2467\">5 segundos<\/strong>.<\/li>\n<li data-start=\"2473\" data-end=\"2516\">La norma identifica tres procedimientos:\n<ul>\n<li data-start=\"2521\" data-end=\"2609\"><em data-start=\"2521\" data-end=\"2534\">Procedimiento A<\/em>: Para geotextiles y materiales de drenaje planares bajo <strong data-start=\"2588\" data-end=\"2597\">2 kPa<\/strong> presi\u00f3n.<\/li>\n<li data-start=\"2614\" data-end=\"2674\"><em data-start=\"2614\" data-end=\"2627\">Procedimiento B<\/em>: Para geomembranas bajo <strong data-start=\"2652\" data-end=\"2662\">20 kPa<\/strong> presi\u00f3n.<\/li>\n<li data-start=\"2679\" data-end=\"2759\"><em data-start=\"2679\" data-end=\"2692\">Procedimiento C<\/em>: Ajustes personalizados para materiales especiales o aplicaciones de investigaci\u00f3n.<\/li>\n<\/ul>\n<\/li>\n<\/ul>\n<p data-start=\"2761\" data-end=\"2893\">Esta norma garantiza la comparabilidad y repetibilidad de los resultados, por lo que es ideal para entornos de producci\u00f3n y control de calidad.<\/p>\n<h3 data-start=\"2895\" data-end=\"2954\">ASTM D5994 - Espesor del n\u00facleo de geomembranas texturadas<\/h3>\n<p data-start=\"2955\" data-end=\"3193\"><strong data-start=\"2955\" data-end=\"2969\">ASTM D5994<\/strong> se dirige espec\u00edficamente a <strong data-start=\"2991\" data-end=\"3016\">geomembranas texturizadas<\/strong>que presentan patrones o estructuras superficiales. Estos materiales requieren condiciones de prueba diferentes porque el prensatelas no puede hacer pleno contacto con sus superficies irregulares.<\/p>\n<ul>\n<li data-start=\"3196\" data-end=\"3354\">La prueba se centra en la <strong data-start=\"3220\" data-end=\"3238\">espesor del n\u00facleo<\/strong>medido en los \"valles\" de la superficie texturizada utilizando puntos de medici\u00f3n con una presi\u00f3n fija de <strong data-start=\"3334\" data-end=\"3351\">0.56 \u00b1 0.05 N<\/strong>.<\/li>\n<li data-start=\"3357\" data-end=\"3455\">Se realizan tres mediciones por esp\u00e9cimen y la lectura m\u00e1s baja representa el espesor real.<\/li>\n<\/ul>\n<p data-start=\"3457\" data-end=\"3582\">Este m\u00e9todo garantiza que la medici\u00f3n se centre en el material del n\u00facleo, eliminando la distorsi\u00f3n causada por las irregularidades de la superficie.<\/p>\n<h3 data-start=\"3584\" data-end=\"3655\">ISO 9863-1 - Determinaci\u00f3n del espesor bajo presi\u00f3n especificada<\/h3>\n<p data-start=\"3656\" data-end=\"3882\"><strong data-start=\"3656\" data-end=\"3670\">ISO 9863-1<\/strong> es una norma reconocida internacionalmente que se utiliza principalmente para <strong data-start=\"3729\" data-end=\"3765\">geotextiles y productos afines<\/strong>. Prescribe la medici\u00f3n del espesor de las probetas bajo presiones y tiempos definidos para garantizar la uniformidad global.<\/p>\n<ul>\n<li data-start=\"3885\" data-end=\"4015\">El m\u00e9todo requiere pruebas a m\u00faltiples presiones, com\u00fanmente <strong data-start=\"3945\" data-end=\"3965\">2 kPa y 20 kPa<\/strong>para evaluar la compresibilidad y la respuesta a la carga.<\/li>\n<li data-start=\"4018\" data-end=\"4134\">Los resultados de la norma ISO 9863-1 se utilizan a menudo para <strong data-start=\"4061\" data-end=\"4102\">comercio internacional y certificaci\u00f3n<\/strong> debido a su aceptaci\u00f3n mundial.<\/li>\n<\/ul>\n<p data-start=\"4136\" data-end=\"4271\">Juntas, estas normas crean un marco completo para los ensayos de todo tipo de geosint\u00e9ticos, ya sean lisos, texturados o compuestos.<\/p>\n<hr data-start=\"4273\" data-end=\"4276\" \/>\n<h2 data-start=\"4278\" data-end=\"4316\">Consideraciones pr\u00e1cticas sobre las pruebas<\/h2>\n<p data-start=\"4318\" data-end=\"4401\">Varios factores influyen en la precisi\u00f3n de <em data-start=\"4360\" data-end=\"4390\">ensayo de espesor de geosint\u00e9ticos<\/em> resultados:<\/p>\n<ul>\n<li data-start=\"4404\" data-end=\"4503\"><strong data-start=\"4404\" data-end=\"4430\">Acondicionamiento de muestras:<\/strong> Las muestras deben probarse en una atm\u00f3sfera est\u00e1ndar para garantizar su estabilidad.<\/li>\n<li data-start=\"4506\" data-end=\"4608\"><strong data-start=\"4506\" data-end=\"4527\">Presi\u00f3n aplicada:<\/strong> Las presiones m\u00e1s altas pueden comprimir el material y producir valores de espesor menores.<\/li>\n<li data-start=\"4611\" data-end=\"4697\"><strong data-start=\"4611\" data-end=\"4624\">Manipulaci\u00f3n:<\/strong> Una tensi\u00f3n o deformaci\u00f3n excesivas durante la preparaci\u00f3n pueden alterar los resultados.<\/li>\n<li data-start=\"4700\" data-end=\"4804\"><strong data-start=\"4700\" data-end=\"4725\">Precisi\u00f3n de los instrumentos:<\/strong> El sistema de medici\u00f3n debe tener una resoluci\u00f3n fina y un control de contacto estable.<\/li>\n<\/ul>\n<p data-start=\"4806\" data-end=\"4920\">Para obtener resultados fiables y reproducibles, los laboratorios y fabricantes recurren a equipos de ensayo avanzados.<\/p>\n<hr data-start=\"4922\" data-end=\"4925\" \/>\n<h2 data-start=\"4927\" data-end=\"4997\">Instrumento recomendado: Medidor de Espesor Cell Instruments FTT-01<\/h2>\n<p><a href=\"https:\/\/www.qualitester.com\/es\/producto\/ftt-01-the-paper-thickness-testing-machine\/\"><img fetchpriority=\"high\" decoding=\"async\" class=\"size-medium wp-image-7522 alignleft\" src=\"https:\/\/www.qualitester.com\/wp-content\/uploads\/2025\/10\/Geosynthetics-Thickness-Testing-ASTM-D5199-ISO-9863-1-ASTM-D5994-300x300.jpg\" alt=\"Pruebas de espesor de geosint\u00e9ticos - ASTM D5199 &amp; ISO 9863-1 &amp; ASTM D5994\" width=\"300\" height=\"300\" srcset=\"https:\/\/www.qualitester.com\/wp-content\/uploads\/2025\/10\/Geosynthetics-Thickness-Testing-ASTM-D5199-ISO-9863-1-ASTM-D5994-300x300.jpg 300w, https:\/\/www.qualitester.com\/wp-content\/uploads\/2025\/10\/Geosynthetics-Thickness-Testing-ASTM-D5199-ISO-9863-1-ASTM-D5994-150x150.jpg 150w, https:\/\/www.qualitester.com\/wp-content\/uploads\/2025\/10\/Geosynthetics-Thickness-Testing-ASTM-D5199-ISO-9863-1-ASTM-D5994-12x12.jpg 12w, https:\/\/www.qualitester.com\/wp-content\/uploads\/2025\/10\/Geosynthetics-Thickness-Testing-ASTM-D5199-ISO-9863-1-ASTM-D5994-100x100.jpg 100w, https:\/\/www.qualitester.com\/wp-content\/uploads\/2025\/10\/Geosynthetics-Thickness-Testing-ASTM-D5199-ISO-9863-1-ASTM-D5994.jpg 600w\" sizes=\"(max-width: 300px) 100vw, 300px\" \/><\/a><\/p>\n<p data-start=\"4999\" data-end=\"5185\">Para realizar pruebas precisas y eficaces, el <strong data-start=\"5039\" data-end=\"5083\">Instrumentos celulares <a href=\"https:\/\/www.qualitester.com\/es\/producto\/ftt-01-the-paper-thickness-testing-machine\/\" target=\"_blank\" rel=\"noopener\">Probador de espesor FTT-01<\/a><\/strong> es una soluci\u00f3n muy recomendable. Dise\u00f1ada para aplicaciones de laboratorio y producci\u00f3n, proporciona:<\/p>\n<ul>\n<li data-start=\"5188\" data-end=\"5248\"><strong data-start=\"5188\" data-end=\"5229\">Resoluci\u00f3n de medici\u00f3n de alta precisi\u00f3n<\/strong> (hasta 0,001 mm)<\/li>\n<li data-start=\"5251\" data-end=\"5344\"><strong data-start=\"5251\" data-end=\"5282\">Rango de presi\u00f3n personalizable<\/strong> cumplir los requisitos ASTM D5199, ASTM D5994 e ISO 9863-1<\/li>\n<li data-start=\"5347\" data-end=\"5422\"><strong data-start=\"5347\" data-end=\"5381\">Prensatelas de elevaci\u00f3n autom\u00e1tica<\/strong> y pantalla digital para un manejo sencillo<\/li>\n<li data-start=\"5425\" data-end=\"5487\"><strong data-start=\"5425\" data-end=\"5452\">Presi\u00f3n de contacto estable<\/strong> para minimizar la deformaci\u00f3n del material<\/li>\n<\/ul>\n<p data-start=\"5489\" data-end=\"5779\">Este instrumento garantiza resultados repetibles en diversos productos geosint\u00e9ticos, desde geomembranas lisas hasta geotextiles no tejidos. Su estructura robusta y su sistema de control inteligente lo hacen adecuado para laboratorios de investigaci\u00f3n, departamentos de control de calidad y l\u00edneas de producci\u00f3n industrial.<\/p>\n<hr data-start=\"5781\" data-end=\"5784\" \/>\n<p data-start=\"5804\" data-end=\"6175\">El <em data-start=\"5808\" data-end=\"5838\">ensayo de espesor de geosint\u00e9ticos<\/em> es esencial para evaluar la calidad y el rendimiento de los materiales geosint\u00e9ticos en aplicaciones de construcci\u00f3n, medio ambiente e ingenier\u00eda civil. Siguiendo procedimientos normalizados como <a href=\"https:\/\/www.astm.org\/d5199-12r19.html\" target=\"_blank\" rel=\"noopener nofollow\"><strong data-start=\"6034\" data-end=\"6048\">ASTM D5199<\/strong><\/a>, <a href=\"https:\/\/www.astm.org\/Standards\/D5994.htm\" target=\"_blank\" rel=\"noopener nofollow\"><strong data-start=\"6050\" data-end=\"6064\">ASTM D5994<\/strong><\/a>, y <a href=\"https:\/\/www.iso.org\/standard\/59641.html\" target=\"_blank\" rel=\"noopener nofollow\"><strong data-start=\"6070\" data-end=\"6084\">ISO 9863-1<\/strong><\/a>Los fabricantes y los laboratorios pueden garantizar resultados precisos, coherentes y comparables.<\/p>\n<p data-start=\"6177\" data-end=\"6404\">Con instrumentos avanzados como el <strong data-start=\"6212\" data-end=\"6239\">Probador de espesor FTT-01<\/strong> de <strong data-start=\"6245\" data-end=\"6265\">Instrumentos celulares<\/strong>Los usuarios pueden realizar mediciones fiables que facilitan el desarrollo de productos, el control de calidad y el cumplimiento de las normas internacionales.<\/p>\n<h2>Preguntas frecuentes<\/h2>\n<p data-start=\"6198\" data-end=\"6515\"><strong data-start=\"6198\" data-end=\"6258\">1. \u00bfPor qu\u00e9 son importantes los ensayos de espesor para los geosint\u00e9ticos?<\/strong><br data-start=\"6258\" data-end=\"6261\" \/>Las pruebas de espesor determinan la capacidad de un geosint\u00e9tico para resistir la tensi\u00f3n, proporcionar filtraci\u00f3n o mantener la impermeabilidad. Un espesor constante garantiza que el material desempe\u00f1e eficazmente la funci\u00f3n prevista en aplicaciones de construcci\u00f3n y medioambientales.<\/p>\n<p data-start=\"6517\" data-end=\"6815\"><strong data-start=\"6517\" data-end=\"6581\">2. \u00bfCu\u00e1l es la diferencia entre ASTM D5199 y ASTM D5994?<\/strong><br data-start=\"6581\" data-end=\"6584\" \/>La norma ASTM D5199 se utiliza para geosint\u00e9ticos lisos como geotextiles y geomembranas no texturizadas, mientras que la norma ASTM D5994 mide espec\u00edficamente el <em data-start=\"6722\" data-end=\"6738\">espesor del n\u00facleo<\/em> de geomembranas texturadas en las que las irregularidades de la superficie afectan a las mediciones.<\/p>\n<p data-start=\"6817\" data-end=\"7126\"><strong data-start=\"6817\" data-end=\"6867\">3. \u00bfEn qu\u00e9 se diferencia la norma ISO 9863-1 de la norma ASTM D5199?<\/strong><br data-start=\"6867\" data-end=\"6870\" \/>ISO 9863-1 es una norma internacional utilizada principalmente para geotextiles, que mide el espesor bajo presiones definidas para evaluar la compresibilidad. La norma ASTM D5199 se centra m\u00e1s ampliamente en los geosint\u00e9ticos y ofrece m\u00faltiples procedimientos para distintos tipos de materiales.<\/p>\n<p data-start=\"7128\" data-end=\"7447\"><strong data-start=\"7128\" data-end=\"7202\">4. \u00bfQu\u00e9 factores afectan a la precisi\u00f3n de un ensayo de espesor de geosint\u00e9ticos?<\/strong><br data-start=\"7202\" data-end=\"7205\" \/>La precisi\u00f3n depende del acondicionamiento de la muestra, la presi\u00f3n aplicada, la compresibilidad del material y la precisi\u00f3n del instrumento. El uso de equipos estables y calibrados como el <strong data-start=\"7365\" data-end=\"7392\">Probador de espesor FTT-01<\/strong> ayuda a reducir la variaci\u00f3n y garantiza resultados fiables.<\/p>\n<p data-start=\"7449\" data-end=\"7786\"><strong data-start=\"7449\" data-end=\"7538\">5. \u00bfQu\u00e9 instrumento se recomienda para realizar ensayos de espesores conformes a las normas?<\/strong><br data-start=\"7538\" data-end=\"7541\" \/>El <strong data-start=\"7545\" data-end=\"7589\">Cell Instruments FTT-01 Medidor de espesor<\/strong> se recomienda porque cumple los requisitos de ASTM D5199, ASTM D5994 e ISO 9863-1, y ofrece alta precisi\u00f3n, presi\u00f3n personalizable y f\u00e1cil manejo para entornos industriales y de laboratorio.<\/p>","protected":false},"excerpt":{"rendered":"<p>Ensayo de espesor de geosint\u00e9ticos ASTM D5199 &amp; ISO 9863-1 &amp; ASTM D5994 El ensayo de espesor de geosint\u00e9ticos es una evaluaci\u00f3n fundamental utilizada para determinar una de las caracter\u00edsticas f\u00edsicas m\u00e1s esenciales de los materiales geosint\u00e9ticos: el espesor. La medici\u00f3n precisa del espesor repercute directamente en el rendimiento del material, su durabilidad y el cumplimiento de las normas internacionales. Ya sea en geomembranas, geotextiles o geocompuestos, la comprensi\u00f3n del ensayo ...<\/p>\n<p class=\"read-more\"> <a class=\"\" href=\"https:\/\/www.qualitester.com\/es\/applications\/geosynthetics-thickness-testing\/\"> <span class=\"screen-reader-text\">Pruebas de espesor de geosint\u00e9ticos<\/span> Leer m\u00e1s \"<\/a><\/p>","protected":false},"author":4,"featured_media":7522,"parent":6794,"menu_order":0,"comment_status":"closed","ping_status":"closed","template":"","meta":{"site-sidebar-layout":"default","site-content-layout":"default","ast-global-header-display":"","ast-main-header-display":"","ast-hfb-above-header-display":"","ast-hfb-below-header-display":"","ast-hfb-mobile-header-display":"","site-post-title":"disabled","ast-breadcrumbs-content":"","ast-featured-img":"disabled","footer-sml-layout":"","theme-transparent-header-meta":"default","adv-header-id-meta":"","stick-header-meta":"","header-above-stick-meta":"","header-main-stick-meta":"","header-below-stick-meta":"","footnotes":""},"class_list":["post-7520","page","type-page","status-publish","has-post-thumbnail","hentry"],"_links":{"self":[{"href":"https:\/\/www.qualitester.com\/es\/wp-json\/wp\/v2\/pages\/7520","targetHints":{"allow":["GET"]}}],"collection":[{"href":"https:\/\/www.qualitester.com\/es\/wp-json\/wp\/v2\/pages"}],"about":[{"href":"https:\/\/www.qualitester.com\/es\/wp-json\/wp\/v2\/types\/page"}],"author":[{"embeddable":true,"href":"https:\/\/www.qualitester.com\/es\/wp-json\/wp\/v2\/users\/4"}],"replies":[{"embeddable":true,"href":"https:\/\/www.qualitester.com\/es\/wp-json\/wp\/v2\/comments?post=7520"}],"version-history":[{"count":0,"href":"https:\/\/www.qualitester.com\/es\/wp-json\/wp\/v2\/pages\/7520\/revisions"}],"up":[{"embeddable":true,"href":"https:\/\/www.qualitester.com\/es\/wp-json\/wp\/v2\/pages\/6794"}],"wp:featuredmedia":[{"embeddable":true,"href":"https:\/\/www.qualitester.com\/es\/wp-json\/wp\/v2\/media\/7522"}],"wp:attachment":[{"href":"https:\/\/www.qualitester.com\/es\/wp-json\/wp\/v2\/media?parent=7520"}],"curies":[{"name":"wp","href":"https:\/\/api.w.org\/{rel}","templated":true}]}}