{"id":7471,"date":"2025-09-17T10:39:11","date_gmt":"2025-09-17T02:39:11","guid":{"rendered":"https:\/\/www.qualitester.com\/?page_id=7471"},"modified":"2025-09-17T10:50:09","modified_gmt":"2025-09-17T02:50:09","slug":"astm-f2338","status":"publish","type":"page","link":"https:\/\/www.qualitester.com\/es\/standards\/astm-f2338\/","title":{"rendered":"ASTM F2338"},"content":{"rendered":"<h1 style=\"text-align: center;\" data-start=\"245\" data-end=\"755\">ASTM F2338<br \/>\n<small>M\u00e9todo de descomposici\u00f3n en vac\u00edo<\/small><\/h1>\n<p data-start=\"245\" data-end=\"755\">La integridad de los envases es fundamental en industrias como la farmac\u00e9utica, la de productos sanitarios y la alimentaria. Incluso la fuga m\u00e1s peque\u00f1a puede comprometer la esterilidad, reducir la vida \u00fatil o provocar el fallo del producto. <a href=\"https:\/\/www.qualitester.com\/es\/standards\/astm-f2338\/\"><strong data-start=\"439\" data-end=\"453\">ASTM F2338<\/strong><\/a> es la norma mundialmente reconocida que proporciona un m\u00e9todo no destructivo para detectar fugas en diversos sistemas de envasado.<\/p>\n<hr data-start=\"757\" data-end=\"760\" \/>\n<h2 data-start=\"762\" data-end=\"786\">\u00bfQu\u00e9 es la norma ASTM F2338?<\/h2>\n<p data-start=\"788\" data-end=\"1077\">ASTM F2338, formalmente titulada <em data-start=\"816\" data-end=\"911\">M\u00e9todo de ensayo normalizado para la detecci\u00f3n no destructiva de fugas en embalajes por el m\u00e9todo de decaimiento en vac\u00edo<\/em>, define un m\u00e9todo preciso y sensible para la detecci\u00f3n de fugas. El m\u00e9todo aplica un vac\u00edo controlado alrededor de un envase y supervisa los cambios de presi\u00f3n en una c\u00e1mara de pruebas.<\/p>\n<p data-start=\"1079\" data-end=\"1233\">Si existe una fuga, los gases escapan del envase a la c\u00e1mara, provocando una <strong data-start=\"1166\" data-end=\"1182\">desintegraci\u00f3n del vac\u00edo<\/strong>. Esta t\u00e9cnica est\u00e1 muy extendida porque es:<\/p>\n<ul>\n<li data-start=\"1237\" data-end=\"1315\"><strong data-start=\"1237\" data-end=\"1255\">No destructivo<\/strong> - paquetes permanezcan intactos para su uso o distribuci\u00f3n posteriores.<\/li>\n<li data-start=\"1318\" data-end=\"1397\"><strong data-start=\"1318\" data-end=\"1338\">Alta sensibilidad<\/strong> - capaz de detectar fugas invisibles a simple vista.<\/li>\n<li data-start=\"1400\" data-end=\"1488\"><strong data-start=\"1400\" data-end=\"1436\">Aplicable a muchos tipos de envases<\/strong> - dise\u00f1os flexibles, r\u00edgidos, porosos y no porosos.<\/li>\n<li data-start=\"1491\" data-end=\"1575\"><strong data-start=\"1491\" data-end=\"1504\">Eficaz<\/strong> - adecuado tanto para estudios de laboratorio como para el muestreo en la l\u00ednea de producci\u00f3n.<\/li>\n<\/ul>\n<p data-start=\"1577\" data-end=\"1775\">La norma ASTM F2338 es especialmente importante para <strong data-start=\"1616\" data-end=\"1719\">bl\u00edsteres farmac\u00e9uticos, productos sanitarios est\u00e9riles, bandejas selladas para alimentos y envases electr\u00f3nicos<\/strong> donde la prevenci\u00f3n de fugas es esencial para la seguridad del producto.<\/p>\n<hr data-start=\"1777\" data-end=\"1780\" \/>\n<h2 data-start=\"1782\" data-end=\"1824\">Comprender el m\u00e9todo de descomposici\u00f3n en vac\u00edo<\/h2>\n<p data-start=\"1826\" data-end=\"1904\">El <strong data-start=\"1830\" data-end=\"1853\">m\u00e9todo de descomposici\u00f3n en vac\u00edo<\/strong> es el n\u00facleo de la norma ASTM F2338. El proceso implica:<\/p>\n<ol>\n<li data-start=\"1909\" data-end=\"1956\">Colocaci\u00f3n del envase en una c\u00e1mara de pruebas sellada.<\/li>\n<li data-start=\"1960\" data-end=\"2020\">Aplicar vac\u00edo hasta alcanzar un nivel de presi\u00f3n definido.<\/li>\n<li data-start=\"2024\" data-end=\"2071\">Aislar la c\u00e1mara de la fuente de vac\u00edo.<\/li>\n<li data-start=\"2075\" data-end=\"2140\">Control de la estabilidad de la presi\u00f3n con un transductor de alta precisi\u00f3n.<\/li>\n<\/ol>\n<p data-start=\"2142\" data-end=\"2253\">Un aumento de la presi\u00f3n indica que hay una fuga de aire o vapor. La sensibilidad de la prueba depende de:<\/p>\n<ul>\n<li data-start=\"2257\" data-end=\"2287\">Dise\u00f1o y estanqueidad de la c\u00e1mara<\/li>\n<li data-start=\"2290\" data-end=\"2320\">Precisi\u00f3n del transductor de presi\u00f3n<\/li>\n<li data-start=\"2323\" data-end=\"2374\">Par\u00e1metros de ensayo como el nivel de vac\u00edo y la duraci\u00f3n<\/li>\n<li data-start=\"2377\" data-end=\"2445\">Caracter\u00edsticas del envase (r\u00edgido frente a flexible, poroso frente a no poroso)<\/li>\n<\/ul>\n<p data-start=\"2447\" data-end=\"2566\">Esto hace que el m\u00e9todo sea vers\u00e1til en todas las industrias, ya que los par\u00e1metros pueden adaptarse a sistemas espec\u00edficos de producto-envase.<\/p>\n<hr data-start=\"2568\" data-end=\"2571\" \/>\n<h2 data-start=\"2573\" data-end=\"2623\">Aplicaciones del comprobador de la descomposici\u00f3n en vac\u00edo de envases<\/h2>\n<p><a href=\"https:\/\/www.qualitester.com\/es\/producto\/sale-non-destructive-leak-testing-equipment\/\"><img fetchpriority=\"high\" decoding=\"async\" class=\"alignleft wp-image-7474 size-medium\" src=\"https:\/\/www.qualitester.com\/wp-content\/uploads\/2025\/09\/ASTM-F2338-Vacuum-Decay-Method-Packaging-Vacuum-Decay-Tester-300x300.webp\" alt=\"ASTM F2338 M\u00e9todo de descomposici\u00f3n en vac\u00edo - Comprobador de descomposici\u00f3n en vac\u00edo de envases\" width=\"300\" height=\"300\" srcset=\"https:\/\/www.qualitester.com\/wp-content\/uploads\/2025\/09\/ASTM-F2338-Vacuum-Decay-Method-Packaging-Vacuum-Decay-Tester-300x300.webp 300w, https:\/\/www.qualitester.com\/wp-content\/uploads\/2025\/09\/ASTM-F2338-Vacuum-Decay-Method-Packaging-Vacuum-Decay-Tester-150x150.webp 150w, https:\/\/www.qualitester.com\/wp-content\/uploads\/2025\/09\/ASTM-F2338-Vacuum-Decay-Method-Packaging-Vacuum-Decay-Tester-12x12.webp 12w, https:\/\/www.qualitester.com\/wp-content\/uploads\/2025\/09\/ASTM-F2338-Vacuum-Decay-Method-Packaging-Vacuum-Decay-Tester-100x100.webp 100w, https:\/\/www.qualitester.com\/wp-content\/uploads\/2025\/09\/ASTM-F2338-Vacuum-Decay-Method-Packaging-Vacuum-Decay-Tester.webp 600w\" sizes=\"(max-width: 300px) 100vw, 300px\" \/><\/a><\/p>\n<p data-start=\"2625\" data-end=\"2739\">Usando un <a href=\"https:\/\/www.qualitester.com\/es\/producto\/sale-non-destructive-leak-testing-equipment\/\"><strong data-start=\"2633\" data-end=\"2666\">comprobador del deterioro del vac\u00edo de los envases<\/strong><\/a> proporciona confianza en la integridad del producto. Las aplicaciones m\u00e1s comunes son:<\/p>\n<ul>\n<li data-start=\"2743\" data-end=\"2854\"><strong data-start=\"2743\" data-end=\"2783\">Envases m\u00e9dicos y farmac\u00e9uticos<\/strong> - garantizar la esterilidad de jeringuillas, viales, bl\u00edsteres y bolsas intravenosas.<\/li>\n<li data-start=\"2857\" data-end=\"2975\"><strong data-start=\"2857\" data-end=\"2878\">Alimentaci\u00f3n y bebidas<\/strong> - mantener la frescura y evitar la contaminaci\u00f3n microbiana en bandejas, bolsas y botellas.<\/li>\n<li data-start=\"2978\" data-end=\"3098\"><strong data-start=\"2978\" data-end=\"3021\">Electr\u00f3nica y productos qu\u00edmicos de uso diario<\/strong> - evitar la entrada de humedad o gases que podr\u00edan afectar a productos sensibles.<\/li>\n<\/ul>\n<p data-start=\"3100\" data-end=\"3245\">Dado que el m\u00e9todo no es destructivo, los fabricantes pueden realizar <strong data-start=\"3164\" data-end=\"3188\">Prueba en l\u00ednea 100%<\/strong> o pruebas estad\u00edsticas por lotes sin desperdiciar productos.<\/p>\n<hr data-start=\"3247\" data-end=\"3250\" \/>\n<h2 data-start=\"3252\" data-end=\"3295\">Por qu\u00e9 elegir el MLT-01 de Cell Instruments<\/h2>\n<p data-start=\"3297\" data-end=\"3461\">Para las empresas que buscan una detecci\u00f3n de fugas fiable seg\u00fan ASTM F2338, el <strong data-start=\"3365\" data-end=\"3410\">Cell Instruments MLT-01 Microprobador de fugas<\/strong> es una soluci\u00f3n avanzada. Sus principales ventajas son:<\/p>\n<ul>\n<li data-start=\"3465\" data-end=\"3531\"><strong data-start=\"3465\" data-end=\"3485\">Alta sensibilidad<\/strong> con una capacidad de detecci\u00f3n de hasta 1-3 \u03bcm.<\/li>\n<li data-start=\"3534\" data-end=\"3601\"><strong data-start=\"3534\" data-end=\"3560\">Tama\u00f1os de c\u00e1mara flexibles<\/strong> adaptados a las distintas formas de envasado.<\/li>\n<li data-start=\"3604\" data-end=\"3667\"><strong data-start=\"3604\" data-end=\"3629\">Interfaz PLC y HMI<\/strong> para un control preciso y sencillo.<\/li>\n<li data-start=\"3670\" data-end=\"3744\"><strong data-start=\"3670\" data-end=\"3697\">Ciclo de pruebas eficiente<\/strong> con pasos de llenado, asentamiento y medici\u00f3n.<\/li>\n<li data-start=\"3747\" data-end=\"3812\"><strong data-start=\"3747\" data-end=\"3782\">C\u00e1lculo del \u00edndice de fuga efectivo<\/strong> para un an\u00e1lisis preciso de los datos.<\/li>\n<\/ul>\n<p data-start=\"3814\" data-end=\"3965\">Al integrar el MLT-01 en los procesos de control de calidad, los fabricantes pueden reducir significativamente el riesgo de que lleguen al mercado envases defectuosos.<\/p>\n<hr data-start=\"3967\" data-end=\"3970\" \/>\n<h2 data-start=\"3972\" data-end=\"4024\">Importancia de ASTM F2338 en la garant\u00eda de calidad<\/h2>\n<p data-start=\"4026\" data-end=\"4148\">El cumplimiento de la norma ASTM F2338 garantiza que los envases cumplen estrictos requisitos de seguridad y normativos. Entre sus ventajas se incluyen:<\/p>\n<ul>\n<li data-start=\"4152\" data-end=\"4226\"><strong data-start=\"4152\" data-end=\"4177\">Aceptaci\u00f3n normativa<\/strong> - de confianza de la FDA, la EMA y las autoridades mundiales.<\/li>\n<li data-start=\"4229\" data-end=\"4307\"><strong data-start=\"4229\" data-end=\"4257\">Mayor seguridad para los consumidores<\/strong> - prevenir la contaminaci\u00f3n y la retirada de productos.<\/li>\n<li data-start=\"4310\" data-end=\"4393\"><strong data-start=\"4310\" data-end=\"4326\">Ahorro de costes<\/strong> - reducir los residuos y evitar las devoluciones por fallos del envase.<\/li>\n<li data-start=\"4396\" data-end=\"4494\"><strong data-start=\"4396\" data-end=\"4420\">Optimizaci\u00f3n del proceso<\/strong> - proporcionando informaci\u00f3n sobre el rendimiento de la estanquidad y la idoneidad de los materiales.<\/li>\n<\/ul>\n<p data-start=\"4496\" data-end=\"4675\">En resumen, adoptar la norma ASTM F2338 y utilizar herramientas avanzadas como la MLT-01 permite a las empresas reforzar sus <strong data-start=\"4604\" data-end=\"4634\">programas de garant\u00eda de calidad<\/strong> cumpliendo las normas internacionales.<\/p>\n<hr data-start=\"4677\" data-end=\"4680\" \/>\n<p data-start=\"4699\" data-end=\"5144\"><a href=\"https:\/\/www.astm.org\/f2338-09r20.html\" target=\"_blank\" rel=\"noopener nofollow\"><strong data-start=\"4699\" data-end=\"4713\">ASTM F2338<\/strong><\/a> establece el punto de referencia para las pruebas no destructivas de fugas de envases mediante la <strong data-start=\"4785\" data-end=\"4808\">m\u00e9todo de descomposici\u00f3n en vac\u00edo<\/strong>. Gracias a su precisi\u00f3n y adaptabilidad, protege productos en industrias en las que la seguridad y la fiabilidad no pueden verse comprometidas. Al emplear un <strong data-start=\"4949\" data-end=\"4982\">comprobador del deterioro del vac\u00edo de los envases<\/strong> como el <strong data-start=\"4995\" data-end=\"5022\">Instrumentos celulares MLT-01<\/strong>, Las empresas obtienen una potente herramienta para detectar microfugas, optimizar procesos y garantizar el cumplimiento de las normas mundiales.<\/p>\n<p data-start=\"5146\" data-end=\"5338\">Para los fabricantes de envases, dispositivos m\u00e9dicos, productos farmac\u00e9uticos y alimentos, la integraci\u00f3n de las pruebas ASTM F2338 no es s\u00f3lo una buena pr\u00e1ctica, sino un paso vital para salvaguardar la calidad y la confianza del consumidor.<\/p>\n<h2 data-start=\"155\" data-end=\"192\">Preguntas frecuentes (FAQ)<\/h2>\n<p data-start=\"194\" data-end=\"455\"><strong data-start=\"194\" data-end=\"229\">1. \u00bfPara qu\u00e9 se utiliza la norma ASTM F2338?<\/strong><br data-start=\"229\" data-end=\"232\" \/>ASTM F2338 es un m\u00e9todo de ensayo no destructivo utilizado para detectar fugas en los envases. Se aplica ampliamente en las industrias farmac\u00e9utica, de dispositivos m\u00e9dicos, alimentaria y electr\u00f3nica para garantizar la integridad del producto y el cumplimiento de la normativa.<\/p>\n<p data-start=\"457\" data-end=\"703\"><strong data-start=\"457\" data-end=\"502\">2. \u00bfC\u00f3mo funciona el m\u00e9todo de descomposici\u00f3n en vac\u00edo?<\/strong><br data-start=\"502\" data-end=\"505\" \/>El m\u00e9todo de descomposici\u00f3n por vac\u00edo coloca un envase en una c\u00e1mara de prueba sellada, aplica vac\u00edo y, a continuaci\u00f3n, controla la presi\u00f3n de la c\u00e1mara. Cualquier aumento de presi\u00f3n indica que hay una fuga de gas del envase.<\/p>\n<p data-start=\"705\" data-end=\"934\"><strong data-start=\"705\" data-end=\"760\">3. \u00bfPuede la norma ASTM F2338 detectar fugas en envases porosos?<\/strong><br data-start=\"760\" data-end=\"763\" \/>S\u00ed, la norma ASTM F2338 puede probar envases de barrera porosa, pero la superficie porosa debe enmascararse o bloquearse para evitar se\u00f1ales falsas causadas por la migraci\u00f3n de gas a trav\u00e9s del material.<\/p>\n<p data-start=\"936\" data-end=\"1222\"><strong data-start=\"936\" data-end=\"1013\">4. \u00bfPor qu\u00e9 se recomienda el MLT-01 de Cell Instruments para los ensayos ASTM F2338?<\/strong><br data-start=\"1013\" data-end=\"1016\" \/>El MLT-01 ofrece una alta sensibilidad (hasta 1-3 \u03bcm), c\u00e1maras personalizadas y un funcionamiento preciso controlado por PLC, lo que lo hace fiable para detectar incluso las fugas m\u00e1s peque\u00f1as cumpliendo las normas ASTM F2338.<\/p>","protected":false},"excerpt":{"rendered":"<p>ASTM F2338 M\u00e9todo de descomposici\u00f3n al vac\u00edo La integridad del envasado es fundamental en industrias como la farmac\u00e9utica, la de dispositivos m\u00e9dicos y la alimentaria. Incluso la fuga m\u00e1s peque\u00f1a puede comprometer la esterilidad, reducir la vida \u00fatil o provocar el fallo del producto. ASTM F2338 es la norma mundialmente reconocida que proporciona un m\u00e9todo no destructivo para detectar fugas en diversos sistemas de envasado. Qu\u00e9 es ASTM ...<\/p>\n<p class=\"read-more\"> <a class=\"\" href=\"https:\/\/www.qualitester.com\/es\/standards\/astm-f2338\/\"> <span class=\"screen-reader-text\">ASTM F2338<\/span> Leer m\u00e1s \"<\/a><\/p>","protected":false},"author":4,"featured_media":0,"parent":4948,"menu_order":0,"comment_status":"closed","ping_status":"closed","template":"","meta":{"site-sidebar-layout":"default","site-content-layout":"default","ast-global-header-display":"","ast-main-header-display":"","ast-hfb-above-header-display":"","ast-hfb-below-header-display":"","ast-hfb-mobile-header-display":"","site-post-title":"disabled","ast-breadcrumbs-content":"","ast-featured-img":"","footer-sml-layout":"","theme-transparent-header-meta":"default","adv-header-id-meta":"","stick-header-meta":"","header-above-stick-meta":"","header-main-stick-meta":"","header-below-stick-meta":"","footnotes":""},"class_list":["post-7471","page","type-page","status-publish","hentry"],"_links":{"self":[{"href":"https:\/\/www.qualitester.com\/es\/wp-json\/wp\/v2\/pages\/7471","targetHints":{"allow":["GET"]}}],"collection":[{"href":"https:\/\/www.qualitester.com\/es\/wp-json\/wp\/v2\/pages"}],"about":[{"href":"https:\/\/www.qualitester.com\/es\/wp-json\/wp\/v2\/types\/page"}],"author":[{"embeddable":true,"href":"https:\/\/www.qualitester.com\/es\/wp-json\/wp\/v2\/users\/4"}],"replies":[{"embeddable":true,"href":"https:\/\/www.qualitester.com\/es\/wp-json\/wp\/v2\/comments?post=7471"}],"version-history":[{"count":0,"href":"https:\/\/www.qualitester.com\/es\/wp-json\/wp\/v2\/pages\/7471\/revisions"}],"up":[{"embeddable":true,"href":"https:\/\/www.qualitester.com\/es\/wp-json\/wp\/v2\/pages\/4948"}],"wp:attachment":[{"href":"https:\/\/www.qualitester.com\/es\/wp-json\/wp\/v2\/media?parent=7471"}],"curies":[{"name":"wp","href":"https:\/\/api.w.org\/{rel}","templated":true}]}}