{"id":7328,"date":"2025-07-31T13:49:15","date_gmt":"2025-07-31T05:49:15","guid":{"rendered":"https:\/\/www.qualitester.com\/?page_id=7328"},"modified":"2025-07-31T13:52:22","modified_gmt":"2025-07-31T05:52:22","slug":"usp-1217","status":"publish","type":"page","link":"https:\/\/www.qualitester.com\/es\/standards\/usp-1217\/","title":{"rendered":"USP 1217"},"content":{"rendered":"<h1 style=\"text-align: center;\" data-start=\"529\" data-end=\"1070\"><strong data-start=\"529\" data-end=\"599\">\u00a0USP 1217<\/strong><\/h1>\n<h2 style=\"text-align: center;\" data-start=\"529\" data-end=\"1070\"><strong data-start=\"529\" data-end=\"599\">La norma para los ensayos de resistencia de comprimidos<\/strong><\/h2>\n<p data-start=\"529\" data-end=\"1070\"><br data-start=\"599\" data-end=\"602\" \/>En la producci\u00f3n farmac\u00e9utica, <strong data-start=\"632\" data-end=\"652\">integridad de la pastilla<\/strong> no es s\u00f3lo una cuesti\u00f3n de apariencia, sino que influye directamente en la eficacia, la estabilidad y la experiencia del paciente. <strong data-start=\"750\" data-end=\"764\">USP<\/strong> establece un marco global para evaluar la resistencia mec\u00e1nica de los comprimidos, centr\u00e1ndose en <strong data-start=\"858\" data-end=\"877\">dureza del comprimido<\/strong>, <strong data-start=\"879\" data-end=\"897\">fuerza de rotura<\/strong>, y durabilidad estructural. Estas m\u00e9tricas gu\u00edan la formulaci\u00f3n, informan el control de calidad y garantizan que los comprimidos puedan soportar la fabricaci\u00f3n y la manipulaci\u00f3n en el mundo real sin fallos.<\/p>\n<p data-start=\"1072\" data-end=\"1318\">Instrumentaci\u00f3n moderna, como la de Cell Instruments\u2019 <strong data-start=\"1118\" data-end=\"1151\">MPT-02 Dur\u00f3metro de comprimidos<\/strong>-permite a los fabricantes realizar estas pruebas con precisi\u00f3n y repetibilidad, aline\u00e1ndose con USP  a la vez que apoya la eficiencia del proceso y el cumplimiento normativo.<\/p>\n<hr data-start=\"1320\" data-end=\"1323\" \/>\n<h2 data-start=\"1325\" data-end=\"1398\"><strong data-start=\"1325\" data-end=\"1396\">Protocolos de pruebas cr\u00edticas: De la prueba de dureza del comprimido a la friabilidad<\/strong><\/h2>\n<p>&nbsp;<\/p>\n<h3 data-start=\"1400\" data-end=\"1810\"><strong data-start=\"1400\" data-end=\"1467\">Prueba de dureza y prueba de rotura de comprimidos: Por qu\u00e9 es importante la fuerza de rotura<\/strong><\/h3>\n<h2 style=\"text-align: center;\" data-start=\"529\" data-end=\"1070\"><strong style=\"font-size: 27.2px;\" data-start=\"529\" data-end=\"599\"><img decoding=\"async\" class=\"wp-image-7332 alignright\" src=\"https:\/\/www.qualitester.com\/wp-content\/uploads\/2025\/07\/usp1217-tablet-hardness_11zon-150x150.webp\" alt=\"USP 1217 con dur\u00f3metro de pastillas\" width=\"212\" height=\"212\" srcset=\"https:\/\/www.qualitester.com\/wp-content\/uploads\/2025\/07\/usp1217-tablet-hardness_11zon-150x150.webp 150w, https:\/\/www.qualitester.com\/wp-content\/uploads\/2025\/07\/usp1217-tablet-hardness_11zon-300x300.webp 300w, https:\/\/www.qualitester.com\/wp-content\/uploads\/2025\/07\/usp1217-tablet-hardness_11zon-100x100.webp 100w\" sizes=\"(max-width: 212px) 100vw, 212px\" \/><\/strong><\/h2>\n<p data-start=\"1400\" data-end=\"1810\">El <strong data-start=\"1474\" data-end=\"1498\">ensayo de dureza de comprimidos<\/strong> no se refiere simplemente a la medici\u00f3n de la resistencia superficial. En el contexto de USP , se refiere a la <strong data-start=\"1595\" data-end=\"1609\">prueba de rotura<\/strong>-la fuerza de compresi\u00f3n necesaria para fracturar una pastilla. Esta fuerza, tambi\u00e9n llamada <strong data-start=\"1689\" data-end=\"1717\">resistencia a la trituraci\u00f3n de comprimidos<\/strong>, ofrece informaci\u00f3n sobre la adhesi\u00f3n interna, la uniformidad de la compresi\u00f3n y el rendimiento de la formulaci\u00f3n.<\/p>\n<p data-start=\"1812\" data-end=\"2215\">El <a href=\"https:\/\/www.qualitester.com\/es\/tablet-hardness-test\/\" target=\"_blank\" rel=\"noopener\"><strong data-start=\"1816\" data-end=\"1849\">MPT-02 Dur\u00f3metro de comprimidos<\/strong><\/a>, con un sensor de fuerza digital y un movimiento constante de la platina, est\u00e1 dise\u00f1ado para este tipo de an\u00e1lisis. Registra la fuerza m\u00e1xima aplicada a una muestra colocada entre dos platinas, lo que ayuda a los usuarios a determinar si el comprimido cumple las normas de resistencia exigidas. La prueba es especialmente importante para comprimidos masticables, recubiertos o ranurados, en los que la rotura puede alterar la administraci\u00f3n del f\u00e1rmaco o la precisi\u00f3n de la dosis.<\/p>\n<hr data-start=\"2217\" data-end=\"2220\" \/>\n<h2 data-start=\"2222\" data-end=\"2578\"><strong data-start=\"2222\" data-end=\"2288\">Friabilidad del comprimido: Robustez mec\u00e1nica m\u00e1s all\u00e1 de la compresi\u00f3n\u00a0\u00a0<\/strong><\/h2>\n<p data-start=\"2222\" data-end=\"2578\"><br data-start=\"2288\" data-end=\"2291\" \/>Mientras que la fuerza de rotura pone a prueba la resistencia a la presi\u00f3n directa, <strong data-start=\"2353\" data-end=\"2373\">pruebas de friabilidad<\/strong> simular la abrasi\u00f3n y la tensi\u00f3n superficial durante la manipulaci\u00f3n. Seg\u00fan USP , que complementa a USP , los comprimidos se voltean dentro de un tambor giratorio para medir <strong data-start=\"2537\" data-end=\"2577\">p\u00e9rdida de peso por astillamiento o erosi\u00f3n<\/strong>.<\/p>\n<p data-start=\"2580\" data-end=\"2841\">La friabilidad es cr\u00edtica cuando se eval\u00faan formulaciones fr\u00e1giles o comprimidos con recubrimientos superficiales. Una friabilidad excesiva indica que un comprimido podr\u00eda desmoronarse durante el envasado, el transporte o la administraci\u00f3n. A <strong data-start=\"2781\" data-end=\"2814\">p\u00e9rdida de peso superior a 1,0%<\/strong> suele ser inaceptable.<\/p>\n<p data-start=\"2843\" data-end=\"3138\">Para los fabricantes que pretenden minimizar los problemas de friabilidad, es crucial ajustar las concentraciones de aglutinante, optimizar las fuerzas de compresi\u00f3n o perfeccionar la forma del comprimido. Estos ajustes deben verificarse siempre con <strong data-start=\"3048\" data-end=\"3078\">un comprobador de comprimidos calibrado<\/strong> para evitar la sobrecorrecci\u00f3n que podr\u00eda dificultar la desintegraci\u00f3n.<\/p>\n<hr data-start=\"3140\" data-end=\"3143\" \/>\n<h2 data-start=\"3145\" data-end=\"3595\"><strong data-start=\"3145\" data-end=\"3218\">Ensayo de flexi\u00f3n y ensayo de fragilidad de pastillas: Conocimiento estructural avanzado<\/strong><\/h2>\n<p data-start=\"3145\" data-end=\"3595\"><br data-start=\"3218\" data-end=\"3221\" \/>No todas las tabletas fallan de la misma manera. Algunas presentan <strong data-start=\"3272\" data-end=\"3291\">fallo por fragilidad<\/strong>, En cambio, otras se doblan o deforman. Aqu\u00ed es donde un <strong data-start=\"3369\" data-end=\"3385\">ensayo de flexi\u00f3n<\/strong>-a menudo un <strong data-start=\"3394\" data-end=\"3422\">ensayo de flexi\u00f3n en tres puntos<\/strong>-resulta valioso. Eval\u00faa c\u00f3mo se comportan las tabletas bajo fuerzas de flexi\u00f3n, simulando escenarios de manipulaci\u00f3n que comprimen la tableta por un lado mientras la estiran por el otro.<\/p>\n<p data-start=\"3597\" data-end=\"3937\">El <strong data-start=\"3601\" data-end=\"3628\">ensayo de fragilidad de comprimidos<\/strong> eval\u00faa el comportamiento de fractura a trav\u00e9s de diferentes velocidades de deformaci\u00f3n. Si una formulaci\u00f3n es propensa al fallo por fragilidad, puede agrietarse durante la alimentaci\u00f3n autom\u00e1tica o el envasado en bl\u00edster. El ensayo de flexi\u00f3n se recomienda especialmente para comprimidos alargados o en forma de c\u00e1psula en los que la compresi\u00f3n diametral puede no proporcionar resultados fiables.<\/p>\n<div class=\"ast-oembed-container\" style=\"height: 100%;\"><iframe title=\"Ensayo de dureza de comprimidos Ensayo de dureza a la compresi\u00f3n de comprimidos de medicamentos\" width=\"500\" height=\"281\" src=\"https:\/\/www.youtube.com\/embed\/uYgafVVSvpY?feature=oembed\" frameborder=\"0\" allow=\"accelerometer; autoplay; clipboard-write; encrypted-media; gyroscope; picture-in-picture; web-share\" referrerpolicy=\"strict-origin-when-cross-origin\" allowfullscreen><\/iframe><\/div>\n<hr data-start=\"3939\" data-end=\"3942\" \/>\n<h2 data-start=\"3944\" data-end=\"4293\"><strong data-start=\"3944\" data-end=\"4007\">Pruebas de resistencia al aplastamiento de comprimidos: M\u00e9tricas correctas<\/strong><\/h2>\n<p data-start=\"3944\" data-end=\"4293\"><br data-start=\"4007\" data-end=\"4010\" \/>Aunque la norma USP desaconseja utilizar \u201cdureza\u201d como t\u00e9rmino gen\u00e9rico, <strong data-start=\"4075\" data-end=\"4096\">fuerza de aplastamiento<\/strong> sigue siendo un descriptor ampliamente reconocido para medir la <strong data-start=\"4154\" data-end=\"4204\">fuerza necesaria para comprimir y fracturar una pastilla<\/strong>. Las variables clave de esta prueba son la velocidad de la platina, la geometr\u00eda de la tableta y los dispositivos de soporte.<\/p>\n<p data-start=\"4295\" data-end=\"4602\">La coherencia es la clave. Los resultados deben registrarse en newtons (N), y los equipos deben mantener un <strong data-start=\"4386\" data-end=\"4411\">tasa de carga constante<\/strong>. Instrumentos como el <strong data-start=\"4434\" data-end=\"4467\">MPT-02 <\/strong>\u00a0ajustan autom\u00e1ticamente la velocidad y capturan datos en tiempo real, minimizando los errores del operador y garantizando el cumplimiento de los protocolos farmacopeicos.<\/p>\n<hr data-start=\"4604\" data-end=\"4607\" \/>\n<h2 data-start=\"4609\" data-end=\"4960\"><strong data-start=\"4609\" data-end=\"4662\">Por qu\u00e9 las pruebas con tabletas son fundamentales para su empresa<\/strong><\/h2>\n<p data-start=\"4609\" data-end=\"4960\"><br data-start=\"4662\" data-end=\"4665\" \/>Para los equipos de control de calidad, los departamentos de I+D y los ingenieros de producci\u00f3n, comprender y aplicar <strong data-start=\"4749\" data-end=\"4763\">USP<\/strong>\u00a0 ayuda a identificar los puntos d\u00e9biles de la formulaci\u00f3n antes de que los comprimidos lleguen al mercado. Unas pruebas adecuadas tambi\u00e9n reducen las devoluciones, apoyan las auditor\u00edas reglamentarias y aumentan la confianza en la calidad del producto.<\/p>\n<p data-start=\"4962\" data-end=\"5333\">En Cell Instruments, ofrecemos algo m\u00e1s que comprobadores fiables: ofrecemos <strong data-start=\"5035\" data-end=\"5057\">soluciones a medida<\/strong> para clientes de los sectores farmac\u00e9utico, de envases m\u00e9dicos y de ciencia de los materiales. Tanto si est\u00e1 evaluando <strong data-start=\"5168\" data-end=\"5190\">fragilidad de las pastillas<\/strong>, Conducci\u00f3n <strong data-start=\"5203\" data-end=\"5223\">pruebas de friabilidad<\/strong>, o validar <strong data-start=\"5239\" data-end=\"5260\">fuerza de aplastamiento<\/strong>, Nuestros instrumentos permiten realizar mediciones precisas y reproducibles en todo momento.<\/p>\n<hr data-start=\"5335\" data-end=\"5338\" \/>\n<h2 data-start=\"5340\" data-end=\"5793\"><strong data-start=\"5340\" data-end=\"5416\">Conclusi\u00f3n: Aporte precisi\u00f3n a sus pruebas de tabletas con Cell Instruments<\/strong><\/h2>\n<p data-start=\"5340\" data-end=\"5793\"><br data-start=\"5416\" data-end=\"5419\" \/>En <strong data-start=\"5424\" data-end=\"5438\">prueba de rotura<\/strong> a <strong data-start=\"5442\" data-end=\"5458\">ensayo de flexi\u00f3n<\/strong>, y de <strong data-start=\"5469\" data-end=\"5488\">dureza<\/strong> a <strong data-start=\"5492\" data-end=\"5506\">friabilidad<\/strong>, Toda evaluaci\u00f3n mec\u00e1nica proporciona una visi\u00f3n cr\u00edtica del rendimiento f\u00edsico de las formas farmac\u00e9uticas s\u00f3lidas. Siguiendo <strong data-start=\"5628\" data-end=\"5642\">USP<\/strong> e integrando soluciones avanzadas como el <a href=\"https:\/\/www.celtec.cn\/newsinfo\/7623506.html\" target=\"_blank\" rel=\"noopener nofollow\"><strong data-start=\"5687\" data-end=\"5720\">MPT-02 Dur\u00f3metro de comprimidos<\/strong><\/a>, Los fabricantes pueden garantizar que las tabletas sean s\u00f3lidas, coherentes y conformes.<\/p>\n<p data-start=\"5795\" data-end=\"6005\">Si est\u00e1 optimizando una l\u00ednea de producci\u00f3n o desarrollando nuevas formulaciones, p\u00f3ngase en contacto con <strong data-start=\"5874\" data-end=\"5904\">Cell Instruments Co.<\/strong> para obtener asistencia profesional e instrumentos de ensayo de alto rendimiento que se adaptan a sus necesidades cambiantes.<\/p>\n<p data-start=\"5795\" data-end=\"6005\">","protected":false},"excerpt":{"rendered":"<p>\u00a0USP 1217 El est\u00e1ndar para las pruebas de resistencia de los comprimidos En la producci\u00f3n farmac\u00e9utica, la integridad de los comprimidos no es s\u00f3lo una cuesti\u00f3n de apariencia, sino que influye directamente en la eficacia, la estabilidad y la experiencia del paciente. USP  establece un marco integral para evaluar la resistencia mec\u00e1nica de los comprimidos, centr\u00e1ndose en su dureza, fuerza de rotura y durabilidad estructural. Estas m\u00e9tricas gu\u00edan la formulaci\u00f3n, informan el control de calidad y garantizan que los comprimidos ...<\/p>\n<p class=\"read-more\"> <a class=\"\" href=\"https:\/\/www.qualitester.com\/es\/standards\/usp-1217\/\"> <span class=\"screen-reader-text\">USP 1217<\/span> Leer m\u00e1s \"<\/a><\/p>","protected":false},"author":3,"featured_media":0,"parent":4948,"menu_order":0,"comment_status":"closed","ping_status":"closed","template":"","meta":{"site-sidebar-layout":"default","site-content-layout":"default","ast-global-header-display":"","ast-main-header-display":"","ast-hfb-above-header-display":"","ast-hfb-below-header-display":"","ast-hfb-mobile-header-display":"","site-post-title":"","ast-breadcrumbs-content":"","ast-featured-img":"","footer-sml-layout":"","theme-transparent-header-meta":"default","adv-header-id-meta":"","stick-header-meta":"","header-above-stick-meta":"","header-main-stick-meta":"","header-below-stick-meta":"","footnotes":""},"class_list":["post-7328","page","type-page","status-publish","hentry"],"_links":{"self":[{"href":"https:\/\/www.qualitester.com\/es\/wp-json\/wp\/v2\/pages\/7328","targetHints":{"allow":["GET"]}}],"collection":[{"href":"https:\/\/www.qualitester.com\/es\/wp-json\/wp\/v2\/pages"}],"about":[{"href":"https:\/\/www.qualitester.com\/es\/wp-json\/wp\/v2\/types\/page"}],"author":[{"embeddable":true,"href":"https:\/\/www.qualitester.com\/es\/wp-json\/wp\/v2\/users\/3"}],"replies":[{"embeddable":true,"href":"https:\/\/www.qualitester.com\/es\/wp-json\/wp\/v2\/comments?post=7328"}],"version-history":[{"count":0,"href":"https:\/\/www.qualitester.com\/es\/wp-json\/wp\/v2\/pages\/7328\/revisions"}],"up":[{"embeddable":true,"href":"https:\/\/www.qualitester.com\/es\/wp-json\/wp\/v2\/pages\/4948"}],"wp:attachment":[{"href":"https:\/\/www.qualitester.com\/es\/wp-json\/wp\/v2\/media?parent=7328"}],"curies":[{"name":"wp","href":"https:\/\/api.w.org\/{rel}","templated":true}]}}