{"id":6867,"date":"2025-07-16T17:04:37","date_gmt":"2025-07-16T09:04:37","guid":{"rendered":"https:\/\/www.qualitester.com\/?page_id=6867"},"modified":"2025-07-16T17:04:37","modified_gmt":"2025-07-16T09:04:37","slug":"astm-d1922","status":"publish","type":"page","link":"https:\/\/www.qualitester.com\/es\/standards\/astm-d1922\/","title":{"rendered":"ASTM D1922"},"content":{"rendered":"<h1 style=\"text-align: center;\">ASTM D1922<br \/>\n<small>Pruebas de desgarro<\/small><\/h1>\n<hr \/>\n<h2>Introducci\u00f3n a los ensayos ASTM D1922<\/h2>\n<p data-start=\"484\" data-end=\"1038\">ASTM D1922 es una norma ampliamente reconocida <strong data-start=\"559\" data-end=\"588\"><a href=\"https:\/\/www.qualitester.com\/es\/producto\/sld-01-elimendorf-tear-resistance-testing-machine\/\">prueba de resistencia al desgarro<\/a> m\u00e9todo<\/strong> utilizado para determinar la fuerza necesaria para propagar un desgarro en pel\u00edculas de pl\u00e1stico y l\u00e1minas no r\u00edgidas. Este m\u00e9todo es esencial para evaluar la integridad mec\u00e1nica de los materiales de envasado, especialmente en aplicaciones en las que la resistencia al desgarro repercute directamente en la protecci\u00f3n del producto y su vida \u00fatil. El <strong data-start=\"886\" data-end=\"909\">Norma ASTM D1922<\/strong> utiliza el <strong data-start=\"923\" data-end=\"950\">Resistencia al desgarro de Elmendorf<\/strong> m\u00e9todo de ensayo para medir cu\u00e1nta fuerza se necesita para continuar un desgarro una vez iniciado.<\/p>\n<p data-start=\"1040\" data-end=\"1335\">Las pel\u00edculas de pl\u00e1stico utilizadas en envases flexibles, envases alimentarios o dispositivos m\u00e9dicos est\u00e1n sometidas a diversas tensiones de manipulaci\u00f3n. Por ello, evaluar su <strong data-start=\"1191\" data-end=\"1210\">resistencia al desgarro<\/strong> ayuda a los fabricantes y profesionales del control de calidad a garantizar el cumplimiento de las especificaciones de durabilidad y las normas de seguridad.<\/p>\n<hr \/>\n<h2 data-start=\"1040\" data-end=\"1335\">M\u00e9todo de ensayo de resistencia al desgarro con el aparato Elmendorf Tear Tester<\/h2>\n<p data-start=\"1342\" data-end=\"1687\">La prueba ASTM D1922 se realiza utilizando un <strong data-start=\"1444\" data-end=\"1486\">Probador de resistencia al desgarro tipo Elmendorf<\/strong>, como el <strong data-start=\"1500\" data-end=\"1534\">Comprobador de resistencia al desgarro SLD-01<\/strong> de Cell Instruments. Este dispositivo basado en un p\u00e9ndulo simula los desgarros del mundo real con una precisi\u00f3n controlada. As\u00ed es como suele funcionar el procedimiento:<\/p>\n<ul>\n<li data-start=\"1691\" data-end=\"1788\">Una probeta precortada se sujeta entre dos mordazas, una fija y otra en el p\u00e9ndulo oscilante.<\/li>\n<li data-start=\"1791\" data-end=\"1859\">Cuando se suelta, el p\u00e9ndulo desgarra la probeta a lo largo de una trayectoria de 43 mm.<\/li>\n<li data-start=\"1862\" data-end=\"2004\">El comprobador mide el <strong data-start=\"1886\" data-end=\"1901\">p\u00e9rdida de energ\u00eda<\/strong> del movimiento del p\u00e9ndulo, que se correlaciona con la <strong data-start=\"1956\" data-end=\"1970\">fuerza de arranque<\/strong> necesario para propagar la l\u00e1grima.<\/li>\n<\/ul>\n<p data-start=\"2006\" data-end=\"2218\"><strong data-start=\"2006\" data-end=\"2034\">Comprobadores de resistencia al desgarro<\/strong> deben calibrarse cuidadosamente utilizando pesos de control o procedimientos normalizados para garantizar la precisi\u00f3n de la medici\u00f3n, especialmente en el caso de materiales con gran anisotrop\u00eda o elongaci\u00f3n durante el desgarro.<\/p>\n<div class=\"ast-oembed-container\" style=\"height: 100%;\"><iframe title=\"C\u00f3mo realizar la prueba de desgarro de Elmendort en una muestra de pel\u00edcula pl\u00e1stica\" width=\"500\" height=\"281\" src=\"https:\/\/www.youtube.com\/embed\/oo5j21g_thM?feature=oembed\" frameborder=\"0\" allow=\"accelerometer; autoplay; clipboard-write; encrypted-media; gyroscope; picture-in-picture; web-share\" referrerpolicy=\"strict-origin-when-cross-origin\" allowfullscreen><\/iframe><\/div>\n<hr \/>\n<h2 data-start=\"2006\" data-end=\"2218\">Factores clave que afectan a los resultados de las pruebas ASTM D1922<\/h2>\n<p data-start=\"2225\" data-end=\"2363\">Varios factores influyen en la reproducibilidad y precisi\u00f3n de los resultados de las pruebas ASTM D1922:<\/p>\n<ul>\n<li data-start=\"2367\" data-end=\"2517\"><strong data-start=\"2367\" data-end=\"2405\">Geometr\u00eda y orientaci\u00f3n de las muestras:<\/strong> Las pel\u00edculas pueden presentar diferentes resistencias al desgarro en la direcci\u00f3n de la m\u00e1quina (MD) frente a la direcci\u00f3n transversal (TD).<\/li>\n<li data-start=\"2520\" data-end=\"2684\"><strong data-start=\"2520\" data-end=\"2554\">Espesor y uniformidad de la pel\u00edcula:<\/strong> Dado que no existe una relaci\u00f3n lineal directa entre el grosor y la fuerza de desgarro, el grosor debe indicarse junto con los valores de ensayo.<\/li>\n<li data-start=\"2687\" data-end=\"2809\"><strong data-start=\"2687\" data-end=\"2711\">Anisotrop\u00eda del material:<\/strong> Las pel\u00edculas fabricadas con orientaci\u00f3n direccional pueden rasgarse oblicuamente, lo que afecta a la consistencia de la prueba.<\/li>\n<li data-start=\"2812\" data-end=\"2950\"><strong data-start=\"2812\" data-end=\"2863\">Calidad de precorte y acondicionamiento medioambiental:<\/strong> El acondicionamiento de las muestras a 23 \u00b1 2\u00b0C y 50 \u00b1 10% HR es necesario para minimizar la variabilidad.<\/li>\n<\/ul>\n<p data-start=\"2952\" data-end=\"3149\">Para mitigar estas variaciones, la norma ASTM D1922 especifica tanto <strong data-start=\"3021\" data-end=\"3036\">rectangular<\/strong> y <strong data-start=\"3041\" data-end=\"3060\">radio constante<\/strong> siendo preferible este \u00faltimo debido a un mejor control de los efectos de desgarro oblicuo.<\/p>\n<hr \/>\n<h2 data-start=\"2952\" data-end=\"3149\">Aplicaciones de la norma ASTM D1922 en las industrias del envasado y del film<\/h2>\n<p data-start=\"3156\" data-end=\"3303\">El <strong data-start=\"3226\" data-end=\"3250\">Prueba de desgarro ASTM D1922<\/strong> se aplica com\u00fanmente en la evaluaci\u00f3n de materiales como:<\/p>\n<ul>\n<li data-start=\"3307\" data-end=\"3366\"><strong data-start=\"3307\" data-end=\"3328\">Polietileno (PE)<\/strong>: Se utiliza en el envasado de alimentos y en la venta al por menor.<\/li>\n<li data-start=\"3369\" data-end=\"3446\"><strong data-start=\"3369\" data-end=\"3391\">Polipropileno (PP)<\/strong>: Preferido por su equilibrio entre dureza y claridad.<\/li>\n<li data-start=\"3449\" data-end=\"3518\"><strong data-start=\"3449\" data-end=\"3468\">Poli\u00e9ster (PET)<\/strong>: Conocido por su alta resistencia y estabilidad t\u00e9rmica.<\/li>\n<li data-start=\"3521\" data-end=\"3638\"><strong data-start=\"3521\" data-end=\"3570\">Polietileno de alta y baja densidad (HDPE\/LDPE)<\/strong>: Se utiliza con frecuencia en bolsas de transporte, revestimientos y embalajes m\u00e9dicos.<\/li>\n<\/ul>\n<p data-start=\"3640\" data-end=\"3679\">En la pr\u00e1ctica, esta prueba es valiosa para:<\/p>\n<ul>\n<li data-start=\"3683\" data-end=\"3736\">Comparaci\u00f3n de <strong data-start=\"3693\" data-end=\"3734\">resistencia al desgarro en todos los tipos de material<\/strong><\/li>\n<li data-start=\"3739\" data-end=\"3815\">Garantizar el cumplimiento de <strong data-start=\"3764\" data-end=\"3813\">especificaciones industriales y normas de producto<\/strong><\/li>\n<li data-start=\"3818\" data-end=\"3890\">En apoyo de <strong data-start=\"3829\" data-end=\"3836\">I+D<\/strong> en innovaci\u00f3n de materiales y optimizaci\u00f3n del rendimiento<\/li>\n<li data-start=\"3893\" data-end=\"3968\">Evaluaci\u00f3n de la durabilidad de los materiales en <strong data-start=\"3935\" data-end=\"3968\">condiciones de servicio reales<\/strong><\/li>\n<\/ul>\n<hr \/>\n<h2><a href=\"https:\/\/www.qualitester.com\/es\/\"><img decoding=\"async\" class=\"alignleft wp-image-6870\" src=\"https:\/\/www.qualitester.com\/wp-content\/uploads\/2025\/07\/Headquarters01-300x300.webp\" alt=\"ASTM D1922\" width=\"192\" height=\"192\" srcset=\"https:\/\/www.qualitester.com\/wp-content\/uploads\/2025\/07\/Headquarters01-300x300.webp 300w, https:\/\/www.qualitester.com\/wp-content\/uploads\/2025\/07\/Headquarters01-150x150.webp 150w, https:\/\/www.qualitester.com\/wp-content\/uploads\/2025\/07\/Headquarters01-12x12.webp 12w, https:\/\/www.qualitester.com\/wp-content\/uploads\/2025\/07\/Headquarters01-100x100.webp 100w, https:\/\/www.qualitester.com\/wp-content\/uploads\/2025\/07\/Headquarters01.webp 600w\" sizes=\"(max-width: 192px) 100vw, 192px\" \/><\/a>Por qu\u00e9 elegir el comprobador de resistencia al desgarro SLD-01 de <a href=\"https:\/\/www.qualitester.com\/es\/\">Instrumentos celulares<\/a><\/h2>\n<p data-start=\"3975\" data-end=\"4360\">Instrumentos celulares <strong data-start=\"4065\" data-end=\"4097\">SLD-01 Probador de desgarro Elmendorf<\/strong> ofrece una precisi\u00f3n y fiabilidad superiores para las pruebas de resistencia al desgarro seg\u00fan las normas ASTM D1922 e ISO 6383-2. Con <strong data-start=\"4214\" data-end=\"4241\">opciones de lectura digital<\/strong>, Gracias a los p\u00e9ndulos intercambiables y a las funciones de c\u00e1lculo automatizadas, garantiza un manejo sencillo y una precisi\u00f3n constante.<\/p>\n<p data-start=\"4362\" data-end=\"4587\">Ideal para <strong data-start=\"4372\" data-end=\"4403\">agencias de inspecci\u00f3n de calidad<\/strong>, <strong data-start=\"4405\" data-end=\"4427\">fabricantes de l\u00e1minas<\/strong>, <strong data-start=\"4429\" data-end=\"4452\">empresas de envasado<\/strong>, y <strong data-start=\"4458\" data-end=\"4487\">desarrolladores de dispositivos m\u00e9dicos<\/strong>, El SLD-01 admite tanto pruebas rutinarias como an\u00e1lisis avanzados con opciones de calibraci\u00f3n trazables.<\/p>\n<hr \/>\n<h2 data-start=\"4362\" data-end=\"4587\">Conclusi\u00f3n<\/h2>\n<figure id=\"attachment_6876\" aria-describedby=\"caption-attachment-6876\" style=\"width: 300px\" class=\"wp-caption alignright\"><img fetchpriority=\"high\" decoding=\"async\" class=\"size-medium wp-image-6876\" src=\"https:\/\/www.qualitester.com\/wp-content\/uploads\/2025\/07\/tear-tester-SLT-01-300x300.webp\" alt=\"astm d1922 y elmendorf resistencia al desgarro\" width=\"300\" height=\"300\" srcset=\"https:\/\/www.qualitester.com\/wp-content\/uploads\/2025\/07\/tear-tester-SLT-01-300x300.webp 300w, https:\/\/www.qualitester.com\/wp-content\/uploads\/2025\/07\/tear-tester-SLT-01-150x150.webp 150w, https:\/\/www.qualitester.com\/wp-content\/uploads\/2025\/07\/tear-tester-SLT-01-12x12.webp 12w, https:\/\/www.qualitester.com\/wp-content\/uploads\/2025\/07\/tear-tester-SLT-01-100x100.webp 100w, https:\/\/www.qualitester.com\/wp-content\/uploads\/2025\/07\/tear-tester-SLT-01.webp 600w\" sizes=\"(max-width: 300px) 100vw, 300px\" \/><figcaption id=\"caption-attachment-6876\" class=\"wp-caption-text\">SLD-01<\/figcaption><\/figure>\n<p data-start=\"4594\" data-end=\"4987\">Entendiendo el <strong data-start=\"4629\" data-end=\"4669\">M\u00e9todo de ensayo de resistencia al desgarro ASTM D1922<\/strong> es esencial para evaluar la durabilidad mec\u00e1nica de los materiales de envasado flexibles. Aprovechando <strong data-start=\"4771\" data-end=\"4798\">Resistencia al desgarro de Elmendorf<\/strong><\/p>\n<p data-start=\"4594\" data-end=\"4987\">principios de medici\u00f3n e instrumentaci\u00f3n precisa como el <strong data-start=\"4860\" data-end=\"4894\">Comprobador de resistencia al desgarro SLD-01<\/strong>, Las empresas pueden mejorar la seguridad de sus productos, reducir los fallos y aumentar la satisfacci\u00f3n del cliente.<\/p>\n<p data-start=\"4989\" data-end=\"5150\">Profesionales en <strong data-start=\"5006\" data-end=\"5025\">control de calidad<\/strong>, <strong data-start=\"5027\" data-end=\"5043\">material I+D<\/strong>, y <strong data-start=\"5049\" data-end=\"5074\">cumplimiento de la normativa<\/strong> encontrar\u00e1n en la norma ASTM D1922 una herramienta fundamental para la verificaci\u00f3n del rendimiento de los materiales.<\/p>","protected":false},"excerpt":{"rendered":"<p>ASTM D1922 Tear Testing Introduction to ASTM D1922 Testing ASTM D1922 is a widely recognized tear strength test method used to determine the force required to propagate a tear in plastic films and nonrigid sheeting. This method is essential for evaluating the mechanical integrity of packaging materials, especially in applications where resistance to tearing directly &hellip;<\/p>\n<p class=\"read-more\"> <a class=\"\" href=\"https:\/\/www.qualitester.com\/es\/standards\/astm-d1922\/\"> <span class=\"screen-reader-text\">ASTM D1922<\/span> Leer m\u00e1s \"<\/a><\/p>","protected":false},"author":3,"featured_media":0,"parent":4948,"menu_order":0,"comment_status":"closed","ping_status":"closed","template":"","meta":{"site-sidebar-layout":"default","site-content-layout":"default","ast-global-header-display":"","ast-main-header-display":"","ast-hfb-above-header-display":"","ast-hfb-below-header-display":"","ast-hfb-mobile-header-display":"","site-post-title":"","ast-breadcrumbs-content":"","ast-featured-img":"","footer-sml-layout":"","theme-transparent-header-meta":"default","adv-header-id-meta":"","stick-header-meta":"","header-above-stick-meta":"","header-main-stick-meta":"","header-below-stick-meta":"","footnotes":""},"class_list":["post-6867","page","type-page","status-publish","hentry"],"_links":{"self":[{"href":"https:\/\/www.qualitester.com\/es\/wp-json\/wp\/v2\/pages\/6867","targetHints":{"allow":["GET"]}}],"collection":[{"href":"https:\/\/www.qualitester.com\/es\/wp-json\/wp\/v2\/pages"}],"about":[{"href":"https:\/\/www.qualitester.com\/es\/wp-json\/wp\/v2\/types\/page"}],"author":[{"embeddable":true,"href":"https:\/\/www.qualitester.com\/es\/wp-json\/wp\/v2\/users\/3"}],"replies":[{"embeddable":true,"href":"https:\/\/www.qualitester.com\/es\/wp-json\/wp\/v2\/comments?post=6867"}],"version-history":[{"count":0,"href":"https:\/\/www.qualitester.com\/es\/wp-json\/wp\/v2\/pages\/6867\/revisions"}],"up":[{"embeddable":true,"href":"https:\/\/www.qualitester.com\/es\/wp-json\/wp\/v2\/pages\/4948"}],"wp:attachment":[{"href":"https:\/\/www.qualitester.com\/es\/wp-json\/wp\/v2\/media?parent=6867"}],"curies":[{"name":"wp","href":"https:\/\/api.w.org\/{rel}","templated":true}]}}