{"id":6719,"date":"2025-06-30T16:52:31","date_gmt":"2025-06-30T08:52:31","guid":{"rendered":"https:\/\/www.qualitester.com\/?page_id=6719"},"modified":"2025-07-15T15:52:10","modified_gmt":"2025-07-15T07:52:10","slug":"astm-d3420","status":"publish","type":"page","link":"https:\/\/www.qualitester.com\/es\/standards\/astm-d3420\/","title":{"rendered":"PSTC 16"},"content":{"rendered":"<h1 style=\"text-align: center;\" data-start=\"381\" data-end=\"855\">PSTC 16<br \/>\nEnsayo de adherencia en bucle de cintas y pel\u00edculas sensibles a la presi\u00f3n<\/h1>\n<p data-start=\"539\" data-end=\"981\">El <a href=\"https:\/\/www.qualitester.com\/es\/standards\/astm-d3420\/\" target=\"_blank\" rel=\"noopener\"><strong data-start=\"543\" data-end=\"554\">PSTC 16<\/strong><\/a> desempe\u00f1a un papel vital en el control de calidad de productos adhesivos como cintas sensibles a la presi\u00f3n, pel\u00edculas, ap\u00f3sitos m\u00e9dicos y etiquetas industriales. Entre los muchos par\u00e1metros que se eval\u00faan en el rendimiento de los adhesivos, <strong data-start=\"767\" data-end=\"780\">tachuela de bucle<\/strong>-o la \u201cadherencia\u201d inicial al contacto- es una de las m\u00e1s cr\u00edticas. Esta propiedad determina la adherencia de un material al primer contacto, lo que repercute en todos los aspectos, desde la experiencia del usuario hasta la fiabilidad funcional.<\/p>\n<p data-start=\"983\" data-end=\"1235\">En este art\u00edculo, exploraremos los fundamentos del <strong data-start=\"1036\" data-end=\"1047\">PSTC 16<\/strong>, c\u00f3mo la <strong data-start=\"1057\" data-end=\"1099\">cinta sensible a la presi\u00f3n prueba de adherencia en bucle<\/strong> y c\u00f3mo Cell Instruments\u2019 <strong data-start=\"1133\" data-end=\"1153\">Comprobador de bucles de adherencia<\/strong> ofrece soluciones precisas, eficaces y conformes a la normativa para los profesionales del sector.<\/p>\n<h2 data-start=\"1095\" data-end=\"1451\">Comprensi\u00f3n de la adherencia en bucle y su papel en el rendimiento del adhesivo<\/h2>\n<p data-start=\"1308\" data-end=\"1611\">La tachuela de lazo es el <strong data-start=\"1325\" data-end=\"1390\">fuerza m\u00e1xima necesaria para separar un adhesivo sensible a la presi\u00f3n<\/strong> (PSA) de una superficie de prueba tras un breve contacto bajo una presi\u00f3n m\u00ednima. A diferencia de la adhesi\u00f3n por pelado, que mide la fuerza sostenida a lo largo de la distancia, <strong data-start=\"1529\" data-end=\"1542\">tachuela de bucle<\/strong> cuantifica la adherencia instant\u00e1nea. Esto hace que sea especialmente importante para:<\/p>\n<ul data-start=\"1613\" data-end=\"1967\">\n<li data-start=\"1613\" data-end=\"1688\">\n<p data-start=\"1615\" data-end=\"1688\"><strong data-start=\"1615\" data-end=\"1638\">Etiquetas y adhesivos<\/strong> aplicados en entornos automatizados o de alta velocidad<\/p>\n<\/li>\n<li data-start=\"1689\" data-end=\"1790\">\n<p data-start=\"1691\" data-end=\"1790\"><strong data-start=\"1691\" data-end=\"1712\">Adhesivos m\u00e9dicos<\/strong> como ap\u00f3sitos para heridas y parches de electrodos, donde un contacto fiable es vital.<\/p>\n<\/li>\n<li data-start=\"1791\" data-end=\"1872\">\n<p data-start=\"1793\" data-end=\"1872\"><strong data-start=\"1793\" data-end=\"1825\">Cintas de protecci\u00f3n y enmascaramiento<\/strong> que deben adherirse r\u00e1pidamente a diversas superficies<\/p>\n<\/li>\n<li data-start=\"1873\" data-end=\"1967\">\n<p data-start=\"1875\" data-end=\"1967\"><strong data-start=\"1875\" data-end=\"1898\">Materiales de embalaje<\/strong> que requieren una adhesi\u00f3n inicial firme con una presi\u00f3n de aplicaci\u00f3n m\u00ednima<\/p>\n<\/li>\n<\/ul>\n<p data-start=\"1969\" data-end=\"2145\">Mediante la evaluaci\u00f3n de la tachuela de bucle utilizando <strong data-start=\"1998\" data-end=\"2009\">PSTC 16<\/strong>, Los fabricantes obtienen informaci\u00f3n clara y cuantitativa sobre la capacidad de respuesta de los adhesivos, lo que resulta crucial para optimizar las f\u00f3rmulas y la configuraci\u00f3n de los procesos.<\/p>\n<h2 data-start=\"2075\" data-end=\"2354\">Loop Tack, Prueba Loop Tack con cinta sensible a la presi\u00f3n y PSTC 16<\/h2>\n<p data-start=\"2220\" data-end=\"2378\">El <strong data-start=\"2224\" data-end=\"2266\">cinta sensible a la presi\u00f3n prueba de adherencia en bucle<\/strong> definido en <strong data-start=\"2278\" data-end=\"2289\">PSTC 16<\/strong> proporciona un procedimiento repetible y controlado para evaluar la pegajosidad. El proceso incluye:<\/p>\n<ol data-start=\"2380\" data-end=\"2933\">\n<li data-start=\"2380\" data-end=\"2524\">\n<p data-start=\"2383\" data-end=\"2524\"><strong data-start=\"2383\" data-end=\"2405\">Preparaci\u00f3n de la muestra<\/strong>: Se forma un bucle con una tira de cinta adhesiva (normalmente de 25 mm \u00d7 175 mm o 125 mm) con el adhesivo hacia fuera.<\/p>\n<\/li>\n<li data-start=\"2525\" data-end=\"2656\">\n<p data-start=\"2528\" data-end=\"2656\"><strong data-start=\"2528\" data-end=\"2545\">Fase de contacto<\/strong>: El bucle se baja suavemente sobre una placa de ensayo normalizada (normalmente vidrio flotado pulido) utilizando \u00fanicamente la gravedad.<\/p>\n<\/li>\n<li data-start=\"2657\" data-end=\"2761\">\n<p data-start=\"2660\" data-end=\"2761\"><strong data-start=\"2660\" data-end=\"2680\">Fase de separaci\u00f3n<\/strong>: La placa o el bucle se desplazan verticalmente a una velocidad controlada (por ejemplo, 300 mm\/min).<\/p>\n<\/li>\n<li data-start=\"2762\" data-end=\"2933\">\n<p data-start=\"2765\" data-end=\"2933\"><strong data-start=\"2765\" data-end=\"2780\">Medici\u00f3n<\/strong>: El probador registra el <strong data-start=\"2805\" data-end=\"2834\">fuerza m\u00e1xima (carga m\u00e1xima)<\/strong> necesaria para iniciar la separaci\u00f3n. Esta es la <strong data-start=\"2878\" data-end=\"2897\">valor de la presilla<\/strong>, que suele expresarse en Newtons (N).<\/p>\n<\/li>\n<\/ol>\n<p data-start=\"2935\" data-end=\"3058\">Este m\u00e9todo simula las condiciones de aplicaci\u00f3n en el mundo real, garantizando que los adhesivos cumplen las expectativas de los clientes y las normativas.<\/p>\n<h2 data-start=\"2539\" data-end=\"2603\">Cumplimiento de normas: PSTC 16, ASTM D6195 y FINAT FTM 9<img fetchpriority=\"high\" decoding=\"async\" class=\"alignright wp-image-6974 size-medium\" src=\"https:\/\/www.qualitester.com\/wp-content\/uploads\/2025\/07\/4.LTT-01-Loop-Tack-Tester-3_11zon-300x300.webp\" alt=\"El Loop Tack Tester de Cell Instruments ofrece pruebas precisas y repetibles en total conformidad con PSTC 16 y m\u00e9todos relacionados.\" width=\"300\" height=\"300\" srcset=\"https:\/\/www.qualitester.com\/wp-content\/uploads\/2025\/07\/4.LTT-01-Loop-Tack-Tester-3_11zon-300x300.webp 300w, https:\/\/www.qualitester.com\/wp-content\/uploads\/2025\/07\/4.LTT-01-Loop-Tack-Tester-3_11zon-1024x1024.webp 1024w, https:\/\/www.qualitester.com\/wp-content\/uploads\/2025\/07\/4.LTT-01-Loop-Tack-Tester-3_11zon-150x150.webp 150w, https:\/\/www.qualitester.com\/wp-content\/uploads\/2025\/07\/4.LTT-01-Loop-Tack-Tester-3_11zon-768x768.webp 768w, https:\/\/www.qualitester.com\/wp-content\/uploads\/2025\/07\/4.LTT-01-Loop-Tack-Tester-3_11zon-12x12.webp 12w, https:\/\/www.qualitester.com\/wp-content\/uploads\/2025\/07\/4.LTT-01-Loop-Tack-Tester-3_11zon-600x600.webp 600w, https:\/\/www.qualitester.com\/wp-content\/uploads\/2025\/07\/4.LTT-01-Loop-Tack-Tester-3_11zon-100x100.webp 100w, https:\/\/www.qualitester.com\/wp-content\/uploads\/2025\/07\/4.LTT-01-Loop-Tack-Tester-3_11zon.webp 1080w\" sizes=\"(max-width: 300px) 100vw, 300px\" \/><\/h2>\n<p data-start=\"3129\" data-end=\"3242\">En <strong data-start=\"3135\" data-end=\"3146\">PSTC 16<\/strong> se utiliza ampliamente en Norteam\u00e9rica, los ensayos internacionales pueden hacer referencia a normas afines como:<\/p>\n<ul data-start=\"3244\" data-end=\"3376\">\n<li data-start=\"3244\" data-end=\"3313\">\n<p data-start=\"3246\" data-end=\"3313\"><strong data-start=\"3246\" data-end=\"3260\">ASTM D6195<\/strong> - El m\u00e9todo de ensayo C refleja fielmente los procedimientos del PSTC 16<\/p>\n<\/li>\n<li data-start=\"3314\" data-end=\"3376\">\n<p data-start=\"3316\" data-end=\"3376\"><strong data-start=\"3316\" data-end=\"3331\">FINAT FTM 9<\/strong> - Un hom\u00f3logo europeo para la evaluaci\u00f3n de las tachuelas<\/p>\n<\/li>\n<\/ul>\n<p data-start=\"3378\" data-end=\"3672\">Independientemente de la norma, el principio b\u00e1sico sigue siendo el mismo: <strong data-start=\"3445\" data-end=\"3521\">cuantificar la fuerza de adhesi\u00f3n instant\u00e1nea de los adhesivos sensibles a la presi\u00f3n<\/strong> en condiciones definidas. Para los fabricantes, los ensayos conforme a estos m\u00e9todos garantizan la compatibilidad con clientes y organismos reguladores de todo el mundo.<\/p>\n<div class=\"ast-oembed-container\" style=\"height: 100%;\"><iframe title=\"Ensayo de adherencia en bucle seg\u00fan ASTM D6195, PSTC-16, FINAT n\u00ba 9.\" width=\"500\" height=\"281\" src=\"https:\/\/www.youtube.com\/embed\/L1HbDnq-LxQ?feature=oembed\" frameborder=\"0\" allow=\"accelerometer; autoplay; clipboard-write; encrypted-media; gyroscope; picture-in-picture; web-share\" referrerpolicy=\"strict-origin-when-cross-origin\" allowfullscreen><\/iframe><\/div>\n<h2 data-start=\"3720\" data-end=\"3976\">Comprobador de lazo de Cell Instruments: Precisi\u00f3n y sencillez<\/h2>\n<p data-start=\"3747\" data-end=\"3917\">El <strong data-start=\"3751\" data-end=\"3771\">Comprobador de bucles de adherencia<\/strong> de <strong data-start=\"3777\" data-end=\"3797\">Instrumentos celulares<\/strong> ofrece pruebas precisas y repetibles en total conformidad con <strong data-start=\"3863\" data-end=\"3874\">PSTC 16<\/strong> y m\u00e9todos afines. Entre sus principales caracter\u00edsticas se incluyen:<\/p>\n<ul data-start=\"3919\" data-end=\"4427\">\n<li data-start=\"3919\" data-end=\"4003\">\n<p data-start=\"3921\" data-end=\"4003\"><strong data-start=\"3921\" data-end=\"3977\">Control PLC industrial con pantalla t\u00e1ctil de 7 pulgadas<\/strong> para un manejo intuitivo<\/p>\n<\/li>\n<li data-start=\"4004\" data-end=\"4093\">\n<p data-start=\"4006\" data-end=\"4093\"><strong data-start=\"4006\" data-end=\"4059\">Velocidad, tiempo de permanencia y longitud de carrera personalizables<\/strong> para una total flexibilidad procesal<\/p>\n<\/li>\n<li data-start=\"4094\" data-end=\"4188\">\n<p data-start=\"4096\" data-end=\"4188\"><strong data-start=\"4096\" data-end=\"4128\">Sensores de carga de alta resoluci\u00f3n<\/strong> capaz de detectar ligeras variaciones en la fuerza de adherencia del bucle<\/p>\n<\/li>\n<li data-start=\"4189\" data-end=\"4266\">\n<p data-start=\"4191\" data-end=\"4266\"><strong data-start=\"4191\" data-end=\"4230\">Placa de ensayo de vidrio flotado normalizado<\/strong> para condiciones de contacto repetibles<\/p>\n<\/li>\n<li data-start=\"4267\" data-end=\"4348\">\n<p data-start=\"4269\" data-end=\"4348\"><strong data-start=\"4269\" data-end=\"4305\">Microimpresora y puerto de datos RS232<\/strong> para informes de pruebas instant\u00e1neos y exportaci\u00f3n de datos<\/p>\n<\/li>\n<li data-start=\"4349\" data-end=\"4427\">\n<p data-start=\"4351\" data-end=\"4427\"><strong data-start=\"4351\" data-end=\"4379\">Visualizaci\u00f3n de la fuerza de varias unidades<\/strong> (N, gf, kgf, lbf) para cumplir los requisitos regionales<\/p>\n<\/li>\n<\/ul>\n<p data-start=\"4429\" data-end=\"4596\">Si las pruebas <strong data-start=\"4445\" data-end=\"4458\">Cintas PSA<\/strong>, <strong data-start=\"4460\" data-end=\"4481\">adhesivos m\u00e9dicos<\/strong>, o <strong data-start=\"4486\" data-end=\"4508\">materiales de etiquetado<\/strong>, El sistema de Cell Instruments permite realizar f\u00e1cilmente evaluaciones de I+D, CC y producci\u00f3n.<\/p>\n<h2 data-start=\"4238\" data-end=\"4279\">Conclusi\u00f3n<\/h2>\n<p data-start=\"4619\" data-end=\"4961\">Pruebas para <a href=\"https:\/\/www.qualitester.com\/es\/standards\/astm-d3420\/\" target=\"_blank\" rel=\"noopener\"><strong data-start=\"4630\" data-end=\"4641\">PSTC 16<\/strong> <\/a>normas es esencial para validar la <strong data-start=\"4684\" data-end=\"4697\">tachuela de bucle<\/strong> de adhesivos sensibles a la presi\u00f3n utilizados en cintas, etiquetas, ap\u00f3sitos m\u00e9dicos y laminados industriales. El sitio <strong data-start=\"4802\" data-end=\"4844\">cinta sensible a la presi\u00f3n prueba de adherencia en bucle<\/strong> proporciona datos fundamentales sobre la resistencia inicial de la uni\u00f3n, lo que contribuye a la optimizaci\u00f3n del rendimiento y al cumplimiento de la normativa.<\/p>\n<p data-start=\"4963\" data-end=\"5153\">Para laboratorios y entornos de producci\u00f3n que buscan precisi\u00f3n, eficacia y repetibilidad, Cell Instruments\u2019 <strong data-start=\"5075\" data-end=\"5095\">Comprobador de bucles de adherencia<\/strong> ofrece una soluci\u00f3n avanzada adaptada a las necesidades del mundo real.<\/p>\n<p data-start=\"4770\" data-end=\"5262\">Comprender y aplicar <strong data-start=\"4814\" data-end=\"4828\">ASTM D3420<\/strong> garantiza que sus materiales de envasado y film cumplan las expectativas de rendimiento bajo tensi\u00f3n din\u00e1mica. Mediante el uso de un <strong data-start=\"4939\" data-end=\"4970\">p\u00e9ndulo de impacto de pel\u00edcula<\/strong>-especialmente uno como el <strong data-start=\"4995\" data-end=\"5022\">Instrumentos celulares PIT-01<\/strong>-puede estandarizar el control de calidad, reducir las tasas de fallo de los productos y cumplir las especificaciones internacionales. Tanto si desarrolla nuevas pel\u00edculas como si realiza pruebas por lotes, la norma ASTM D3420 sigue siendo una herramienta esencial en su arsenal de pruebas.<\/p>\n<h2 data-start=\"5269\" data-end=\"5318\">Preguntas frecuentes<\/h2>\n<p data-start=\"5170\" data-end=\"5333\"><strong data-start=\"5170\" data-end=\"5193\">1. \u00bfQu\u00e9 es el PSTC 16?<\/strong><br data-start=\"5193\" data-end=\"5196\" \/>El PSTC 16 es un m\u00e9todo est\u00e1ndar utilizado para medir el tack inicial o la fuerza de adhesi\u00f3n de los adhesivos sensibles a la presi\u00f3n mediante un ensayo de tack en bucle.<\/p>\n<p data-start=\"5335\" data-end=\"5539\"><strong data-start=\"5335\" data-end=\"5369\">2. \u00bfPor qu\u00e9 es importante la presilla?<\/strong><br data-start=\"5369\" data-end=\"5372\" \/>La pegajosidad en bucle refleja la capacidad del adhesivo para unirse instant\u00e1neamente al contacto, lo que es crucial para el rendimiento en aplicaciones de ritmo r\u00e1pido como el etiquetado y el encintado m\u00e9dico.<\/p>\n<p data-start=\"5541\" data-end=\"5695\"><strong data-start=\"5541\" data-end=\"5601\">3. \u00bfQu\u00e9 materiales pueden ensayarse con un aparato de ensayo de adherencia en bucle?<\/strong><br data-start=\"5601\" data-end=\"5604\" \/>Cintas autoadhesivas, etiquetas, pel\u00edculas, adhesivos m\u00e9dicos, laminados protectores y mucho m\u00e1s.<\/p>\n<p data-start=\"5697\" data-end=\"5900\"><strong data-start=\"5697\" data-end=\"5769\">4. \u00bfC\u00f3mo garantiza la conformidad el comprobador Loop Tack de Cell Instruments?<\/strong><br data-start=\"5769\" data-end=\"5772\" \/>Utiliza superficies normalizadas, par\u00e1metros ajustables y sensores precisos, todo ello conforme a las normas PSTC 16, ASTM y FINAT.<\/p>\n<p data-start=\"5902\" data-end=\"6074\"><strong data-start=\"5902\" data-end=\"5965\">5. \u00bfPuede utilizarse este comprobador tanto en entornos de I+D como de control de calidad?<\/strong><br data-start=\"5965\" data-end=\"5968\" \/>S\u00ed. Est\u00e1 dise\u00f1ado para aplicaciones vers\u00e1tiles, desde el desarrollo de formulaciones hasta los controles de calidad de la producci\u00f3n.<\/p>","protected":false},"excerpt":{"rendered":"<p>La norma PSTC 16 desempe\u00f1a un papel fundamental en el control de calidad de los productos adhesivos, como cintas y pel\u00edculas sensibles a la presi\u00f3n, ap\u00f3sitos m\u00e9dicos y etiquetas industriales. Entre los muchos par\u00e1metros que se eval\u00faan en el rendimiento del adhesivo, la pegajosidad del bucle (o el \u201cpegado\u201d inicial al contacto) es uno de los m\u00e1s cr\u00edticos. ...<\/p>\n<p class=\"read-more\"> <a class=\"\" href=\"https:\/\/www.qualitester.com\/es\/standards\/astm-d3420\/\"> <span class=\"screen-reader-text\">PSTC 16<\/span> Leer m\u00e1s \"<\/a><\/p>","protected":false},"author":4,"featured_media":6974,"parent":4948,"menu_order":0,"comment_status":"closed","ping_status":"closed","template":"","meta":{"site-sidebar-layout":"default","site-content-layout":"default","ast-global-header-display":"","ast-main-header-display":"","ast-hfb-above-header-display":"","ast-hfb-below-header-display":"","ast-hfb-mobile-header-display":"","site-post-title":"disabled","ast-breadcrumbs-content":"","ast-featured-img":"disabled","footer-sml-layout":"","theme-transparent-header-meta":"default","adv-header-id-meta":"","stick-header-meta":"","header-above-stick-meta":"","header-main-stick-meta":"","header-below-stick-meta":"","footnotes":""},"class_list":["post-6719","page","type-page","status-publish","has-post-thumbnail","hentry"],"_links":{"self":[{"href":"https:\/\/www.qualitester.com\/es\/wp-json\/wp\/v2\/pages\/6719","targetHints":{"allow":["GET"]}}],"collection":[{"href":"https:\/\/www.qualitester.com\/es\/wp-json\/wp\/v2\/pages"}],"about":[{"href":"https:\/\/www.qualitester.com\/es\/wp-json\/wp\/v2\/types\/page"}],"author":[{"embeddable":true,"href":"https:\/\/www.qualitester.com\/es\/wp-json\/wp\/v2\/users\/4"}],"replies":[{"embeddable":true,"href":"https:\/\/www.qualitester.com\/es\/wp-json\/wp\/v2\/comments?post=6719"}],"version-history":[{"count":0,"href":"https:\/\/www.qualitester.com\/es\/wp-json\/wp\/v2\/pages\/6719\/revisions"}],"up":[{"embeddable":true,"href":"https:\/\/www.qualitester.com\/es\/wp-json\/wp\/v2\/pages\/4948"}],"wp:featuredmedia":[{"embeddable":true,"href":"https:\/\/www.qualitester.com\/es\/wp-json\/wp\/v2\/media\/6974"}],"wp:attachment":[{"href":"https:\/\/www.qualitester.com\/es\/wp-json\/wp\/v2\/media?parent=6719"}],"curies":[{"name":"wp","href":"https:\/\/api.w.org\/{rel}","templated":true}]}}