{"id":6672,"date":"2025-05-16T16:47:53","date_gmt":"2025-05-16T08:47:53","guid":{"rendered":"https:\/\/www.qualitester.com\/?page_id=6672"},"modified":"2025-05-16T16:47:53","modified_gmt":"2025-05-16T08:47:53","slug":"astm-d6195","status":"publish","type":"page","link":"https:\/\/www.qualitester.com\/es\/standards\/astm-d6195\/","title":{"rendered":"ASTM D6195"},"content":{"rendered":"<p class=\"\" data-start=\"392\" data-end=\"884\">Para el control de calidad del adhesivo, es fundamental realizar pruebas precisas de la adherencia. <strong data-start=\"484\" data-end=\"498\">ASTM D6195<\/strong> proporciona un m\u00e9todo normalizado para medir la <em data-start=\"548\" data-end=\"559\">tachuela de bucle<\/em> de los adhesivos sensibles a la presi\u00f3n. Esta propiedad (la rapidez y eficacia con que un adhesivo se adhiere al contacto) puede determinar el \u00e9xito de un producto de cinta en aplicaciones reales. Tanto si se dedica al embalaje como a la medicina o la electr\u00f3nica, comprender y aplicar la norma ASTM D6195 garantiza un rendimiento y una fiabilidad constantes del adhesivo.<\/p>\n<hr class=\"\" data-start=\"886\" data-end=\"889\" \/>\n<h2 data-start=\"891\" data-end=\"914\">\u00bfQu\u00e9 es la norma ASTM D6195?<\/h2>\n<p class=\"\" data-start=\"916\" data-end=\"1183\"><strong data-start=\"916\" data-end=\"930\">ASTM D6195<\/strong> es el m\u00e9todo de ensayo est\u00e1ndar para la adherencia en bucle, desarrollado espec\u00edficamente para evaluar la adherencia inicial de los adhesivos sensibles a la presi\u00f3n (PSA). La pegajosidad se refiere a la capacidad del adhesivo para formar una uni\u00f3n con un sustrato bajo una ligera presi\u00f3n y un breve tiempo de contacto.<\/p>\n<p class=\"\" data-start=\"1185\" data-end=\"1228\">La norma incluye <strong data-start=\"1207\" data-end=\"1227\">dos m\u00e9todos de ensayo<\/strong>:<\/p>\n<ul data-start=\"1229\" data-end=\"1416\">\n<li class=\"\" data-start=\"1229\" data-end=\"1291\">\n<p class=\"\" data-start=\"1231\" data-end=\"1291\"><strong data-start=\"1231\" data-end=\"1243\">M\u00e9todo A<\/strong> - utiliza un probador de tracci\u00f3n con una probeta de 7 pulgadas.<\/p>\n<\/li>\n<li class=\"\" data-start=\"1292\" data-end=\"1416\">\n<p class=\"\" data-start=\"1294\" data-end=\"1416\"><strong data-start=\"1294\" data-end=\"1306\">M\u00e9todo B<\/strong> - utiliza un <strong data-start=\"1316\" data-end=\"1336\">comprobador de presillas<\/strong> con una muestra de 5 pulgadas, lo que la hace m\u00e1s \u00e1gil para el control de calidad rutinario.<\/p>\n<\/li>\n<\/ul>\n<p class=\"\" data-start=\"1418\" data-end=\"1607\">Ambos m\u00e9todos consisten en formar un bucle con la muestra de adhesivo y dejar que entre en contacto con una superficie de acero inoxidable. La fuerza m\u00e1xima necesaria para despegarla se registra como la fuerza de adherencia.<\/p>\n<hr class=\"\" data-start=\"1609\" data-end=\"1612\" \/>\n<h2 data-start=\"1614\" data-end=\"1667\">Comprobador de tensi\u00f3n de lazo para cinta adhesiva sensible a la presi\u00f3n<\/h2>\n<p class=\"\" data-start=\"1669\" data-end=\"1965\"><strong data-start=\"1669\" data-end=\"1690\"><a href=\"https:\/\/www.qualitester.com\/es\/producto\/sale-tape-loop-tack-testing-machine\/\" target=\"_blank\" rel=\"noopener\">Comprobador de tachuelas<\/a><\/strong>\u00a0est\u00e1n dise\u00f1ados espec\u00edficamente para cumplir <strong data-start=\"1732\" data-end=\"1744\">M\u00e9todo B<\/strong> de la norma ASTM D6195. Estos instrumentos miden la fuerza m\u00e1xima necesaria para separar una cinta adhesiva en bucle de una superficie de acero inoxidable tras un contacto moment\u00e1neo, simulando la presi\u00f3n de aplicaci\u00f3n y la duraci\u00f3n del contacto en el mundo real.<\/p>\n<p class=\"\" data-start=\"1967\" data-end=\"1984\">Por qu\u00e9 es importante:<\/p>\n<ul data-start=\"1985\" data-end=\"2284\">\n<li class=\"\" data-start=\"1985\" data-end=\"2067\">\n<p class=\"\" data-start=\"1987\" data-end=\"2067\">El rendimiento del taco determina <strong data-start=\"2015\" data-end=\"2036\">usabilidad del producto<\/strong> en escenarios de aplicaci\u00f3n r\u00e1pida.<\/p>\n<\/li>\n<li class=\"\" data-start=\"2068\" data-end=\"2167\">\n<p class=\"\" data-start=\"2070\" data-end=\"2167\">Las variaciones en la formulaci\u00f3n del adhesivo o en los materiales de soporte pueden <strong data-start=\"2130\" data-end=\"2154\">afectan significativamente<\/strong> valores de virada.<\/p>\n<\/li>\n<li class=\"\" data-start=\"2168\" data-end=\"2284\">\n<p class=\"\" data-start=\"2170\" data-end=\"2284\">Oferta de comprobador de tachuelas <strong data-start=\"2194\" data-end=\"2216\">alta repetibilidad<\/strong> y an\u00e1lisis r\u00e1pidos, ideal para <strong data-start=\"2246\" data-end=\"2266\">l\u00edneas de producci\u00f3n<\/strong> y <strong data-start=\"2271\" data-end=\"2283\">Laboratorios de I+D<\/strong>.<\/p>\n<\/li>\n<\/ul>\n<p class=\"\" data-start=\"2286\" data-end=\"2531\">Por ejemplo, <strong data-start=\"2299\" data-end=\"2344\">Comprobador de lazo LTT-01 de Cell Instruments<\/strong> est\u00e1 dise\u00f1ado para realizar pruebas de precisi\u00f3n de acuerdo con el m\u00e9todo B de la norma ASTM D6195. Sirve de apoyo tanto para el control de calidad como para el desarrollo de productos en las industrias de adhesivos, cintas m\u00e9dicas y etiquetado.<\/p>\n<hr class=\"\" data-start=\"2533\" data-end=\"2536\" \/>\n<h2 data-start=\"2538\" data-end=\"2586\">C\u00f3mo realizar el ensayo ASTM D6195 Loop Tack<\/h2>\n<div class=\"ast-oembed-container\" style=\"height: 100%;\"><iframe title=\"ASTM D6195 Pruebas de resistencia a la tracci\u00f3n del bucle adhesivo en un probador de adherencia de pelado\/sellado\/adhesi\u00f3n\" width=\"500\" height=\"281\" src=\"https:\/\/www.youtube.com\/embed\/HtojtNCDK0g?feature=oembed\" frameborder=\"0\" allow=\"accelerometer; autoplay; clipboard-write; encrypted-media; gyroscope; picture-in-picture; web-share\" referrerpolicy=\"strict-origin-when-cross-origin\" allowfullscreen><\/iframe><\/div>\n<h3><strong data-start=\"2588\" data-end=\"2613\">1. Preparaci\u00f3n de la muestra<\/strong><\/h3>\n<ul>\n<li data-start=\"2616\" data-end=\"2673\">Corte tres tiras de 25 \u00d7 125 mm (1 pulg. \u00d7 5 pulg.) de muestras adhesivas.<\/li>\n<li data-start=\"2676\" data-end=\"2782\">Si se prueban adhesivos sin soporte, como cintas de transferencia, laminarlas a un soporte de PET de 2 mil antes de cortarlas.<\/li>\n<li data-start=\"2785\" data-end=\"2854\">Acondicionar las muestras durante al menos 24 horas a <strong data-start=\"2828\" data-end=\"2853\">23 \u00b12\u00b0C y 50 \u00b15% HR<\/strong>.<\/li>\n<\/ul>\n<h3 data-start=\"2856\" data-end=\"2888\"><strong data-start=\"2856\" data-end=\"2888\">2. Limpieza de la superficie de ensayo<\/strong><\/h3>\n<ul>\n<li data-start=\"2891\" data-end=\"2974\">Limpie el panel de acero inoxidable con disolventes autorizados (acetona, n-heptano, etc.).<\/li>\n<li data-start=\"2977\" data-end=\"3027\">Utilice <strong data-start=\"2981\" data-end=\"3012\">material de limpieza sin pelusa<\/strong> para cada toallita.<\/li>\n<li data-start=\"3030\" data-end=\"3088\">Verifique la limpieza de la superficie utilizando el <strong data-start=\"3067\" data-end=\"3087\">prueba de estanqueidad<\/strong>.<\/li>\n<\/ul>\n<h3 data-start=\"3090\" data-end=\"3111\"><strong data-start=\"3090\" data-end=\"3111\">3. Formaci\u00f3n de bucles<\/strong><\/h3>\n<ul>\n<li data-start=\"3114\" data-end=\"3196\">Dobla la muestra sobre s\u00ed misma sin doblarla, formando un bucle en forma de l\u00e1grima.<\/li>\n<li data-start=\"3199\" data-end=\"3307\">Fije los extremos con cinta adhesiva de 1 pulgada para mantener la integridad del bucle y evitar la contaminaci\u00f3n de las pinzas de prueba.<\/li>\n<\/ul>\n<h3 data-start=\"3309\" data-end=\"3330\"><strong data-start=\"3309\" data-end=\"3330\">4. Ejecuci\u00f3n de la prueba<\/strong><\/h3>\n<ul>\n<li data-start=\"3333\" data-end=\"3397\">Cargue los extremos encintados en la empu\u00f1adura superior del comprobador de presillas de bucle.<\/li>\n<li data-start=\"3400\" data-end=\"3479\">Coloque la probeta de forma que el bucle entre en contacto con un \u00e1rea de acero inoxidable de 1 pulg\u00b2.<\/li>\n<li data-start=\"3482\" data-end=\"3604\">Inicie la prueba: la cruceta se mueve hacia abajo para poner el bucle en contacto con el panel y, a continuaci\u00f3n, se invierte para retirarlo.<\/li>\n<li data-start=\"3607\" data-end=\"3654\">Registre el <strong data-start=\"3618\" data-end=\"3632\">fuerza m\u00e1xima<\/strong> en newtons o libras.<\/li>\n<\/ul>\n<h3 data-start=\"3656\" data-end=\"3676\"><strong data-start=\"3656\" data-end=\"3676\">5. 5. An\u00e1lisis de datos<\/strong><\/h3>\n<ul>\n<li data-start=\"3679\" data-end=\"3741\">Observe la fuerza m\u00e1xima necesaria para romper el contacto adhesivo.<\/li>\n<li data-start=\"3744\" data-end=\"3822\">Registre el modo de fallo: <strong data-start=\"3769\" data-end=\"3781\">adhesi\u00f3n<\/strong>, <strong data-start=\"3783\" data-end=\"3795\">cohesi\u00f3n<\/strong>, o <strong data-start=\"3800\" data-end=\"3821\">transferencia adhesiva<\/strong>.<\/li>\n<li data-start=\"3825\" data-end=\"3882\">Repita el proceso para asegurarse de que <strong data-start=\"3854\" data-end=\"3881\">fiabilidad estad\u00edstica<\/strong>.<\/li>\n<\/ul>\n<hr class=\"\" data-start=\"3884\" data-end=\"3887\" \/>\n<h2 data-start=\"3889\" data-end=\"3936\">Aplicaciones e importancia de la norma ASTM D6195<\/h2>\n<p class=\"\" data-start=\"3938\" data-end=\"4036\">Este m\u00e9todo se utiliza ampliamente en industrias en las que los adhesivos sensibles a la presi\u00f3n desempe\u00f1an un papel vital:<\/p>\n<ul>\n<li data-start=\"4040\" data-end=\"4099\"><strong data-start=\"4040\" data-end=\"4053\">Embalaje<\/strong>: Garantiza que las cintas se adhieran r\u00e1pidamente durante el sellado.<\/li>\n<li data-start=\"4102\" data-end=\"4180\"><strong data-start=\"4102\" data-end=\"4113\">M\u00e9dico<\/strong>: Confirma la r\u00e1pida adhesi\u00f3n de ap\u00f3sitos y cintas sin da\u00f1ar la piel.<\/li>\n<li data-start=\"4183\" data-end=\"4273\"><strong data-start=\"4183\" data-end=\"4198\">Electr\u00f3nica<\/strong>: Valida la capacidad de pegado r\u00e1pido de los componentes de etiquetado y montaje.<\/li>\n<li data-start=\"4276\" data-end=\"4360\"><strong data-start=\"4276\" data-end=\"4297\">Textil y confecci\u00f3n<\/strong>: Eval\u00faa la adherencia de las etiquetas de moda o de los agentes adhesivos temporales.<\/li>\n<\/ul>\n<p class=\"\" data-start=\"4362\" data-end=\"4547\">El valor de la pegajosidad del bucle tambi\u00e9n ayuda a los fabricantes a comparar <strong data-start=\"4415\" data-end=\"4431\">formulaciones<\/strong>, <strong data-start=\"4433\" data-end=\"4454\">materiales de soporte<\/strong>, y <strong data-start=\"4460\" data-end=\"4481\">procesos de revestimiento<\/strong>, La norma ASTM D6195 se ha convertido en la piedra angular del desarrollo de productos adhesivos.<\/p>\n<hr class=\"\" data-start=\"4549\" data-end=\"4552\" \/>\n<h2 data-start=\"4554\" data-end=\"4611\">\u00bfPor qu\u00e9 elegir el comprobador de lazo LTT-01 de Cell Instruments?<\/h2>\n<p class=\"\" data-start=\"4613\" data-end=\"4721\">Cuando se realizan pruebas seg\u00fan la norma ASTM D6195, se debe utilizar un medidor de adherencia de bucle espec\u00edfico como <strong data-start=\"4684\" data-end=\"4712\">LTT-01 de Cell Instruments<\/strong> asegura:<\/p>\n<ul>\n<li data-start=\"4724\" data-end=\"4768\">Pleno cumplimiento de <strong data-start=\"4745\" data-end=\"4768\">ASTM D6195 M\u00e9todo B<\/strong><\/li>\n<li data-start=\"4771\" data-end=\"4823\">Control preciso de la velocidad de ensayo y las condiciones de contacto<\/li>\n<li data-start=\"4826\" data-end=\"4878\"><strong data-start=\"4826\" data-end=\"4854\">Adquisici\u00f3n digital de datos<\/strong> para an\u00e1lisis en tiempo real<\/li>\n<li data-start=\"4881\" data-end=\"4943\">Adaptabilidad para una amplia gama de <strong data-start=\"4914\" data-end=\"4943\">materiales con soporte adhesivo<\/strong><\/li>\n<\/ul>\n<p class=\"\" data-start=\"4945\" data-end=\"5091\">Este sistema es ideal para fabricantes y profesionales del control de calidad que deseen mantener altos niveles de calidad en sus productos. <strong data-start=\"5055\" data-end=\"5090\">pruebas con cinta sensible a la presi\u00f3n<\/strong>.<\/p>\n<hr class=\"\" data-start=\"5093\" data-end=\"5096\" \/>\n<p class=\"\" data-start=\"5114\" data-end=\"5565\">Comprender y aplicar <a href=\"https:\/\/www.astm.org\/d6195-03r19.html\" target=\"_blank\" rel=\"noopener nofollow\"><strong data-start=\"5141\" data-end=\"5155\">ASTM D6195<\/strong><\/a> permite a los fabricantes cuantificar y optimizar el rendimiento de los adhesivos. Ya sea para el control de calidad o para I+D, el ensayo de adherencia en bucle es esencial para verificar el rendimiento de \u201cpegado r\u00e1pido\u201d de los adhesivos sensibles a la presi\u00f3n. Mediante el uso de un <strong data-start=\"5392\" data-end=\"5412\">comprobador de presillas<\/strong> como el LTT-01 de Cell Instruments, no s\u00f3lo garantizar\u00e1 el cumplimiento de las normas internacionales, sino que tambi\u00e9n potenciar\u00e1 el rendimiento de su producto en el mercado.<\/p>\n<hr class=\"\" data-start=\"5567\" data-end=\"5570\" \/>\n<p class=\"\" data-start=\"5572\" data-end=\"5580\"><strong data-start=\"5572\" data-end=\"5580\">Preguntas frecuentes<\/strong><\/p>\n<p class=\"\" data-start=\"5582\" data-end=\"5771\"><strong data-start=\"5582\" data-end=\"5623\">1. \u00bfCu\u00e1l es la finalidad de la norma ASTM D6195?<\/strong><br data-start=\"5623\" data-end=\"5626\" \/>La norma ASTM D6195 proporciona m\u00e9todos de ensayo normalizados para medir la adherencia en bucle de los adhesivos sensibles a la presi\u00f3n, evaluando su capacidad de adherencia r\u00e1pida.<\/p>\n<p class=\"\" data-start=\"5773\" data-end=\"6002\"><strong data-start=\"5773\" data-end=\"5842\">2. \u00bfPor qu\u00e9 es importante la pegajosidad del bucle en los ensayos con cintas sensibles a la presi\u00f3n?<\/strong><br data-start=\"5842\" data-end=\"5845\" \/>La adherencia en bucle refleja la rapidez y eficacia con la que una cinta se adhiere bajo una ligera presi\u00f3n, lo que es fundamental en aplicaciones de ritmo r\u00e1pido como el envasado y el etiquetado.<\/p>\n<p class=\"\" data-start=\"6004\" data-end=\"6206\"><strong data-start=\"6004\" data-end=\"6065\">3. \u00bfQu\u00e9 tipos de adhesivos pueden ensayarse con la norma ASTM D6195?<\/strong><br data-start=\"6065\" data-end=\"6068\" \/>Es adecuado para adhesivos sensibles a la presi\u00f3n revestidos, adhesivos de transferencia sin soporte y adhesivos de laminaci\u00f3n cuando est\u00e1n revestidos con pel\u00edcula de PET.<\/p>\n<p class=\"\" data-start=\"6208\" data-end=\"6395\"><strong data-start=\"6208\" data-end=\"6265\">4. \u00bfC\u00f3mo afecta el material de soporte a la adherencia?<\/strong><br data-start=\"6265\" data-end=\"6268\" \/>La rigidez del soporte influye en los valores de adherencia: los soportes m\u00e1s r\u00edgidos suelen proporcionar una mayor adherencia debido a una mejor distribuci\u00f3n de la fuerza durante el contacto.<\/p>\n<p class=\"\" data-start=\"6397\" data-end=\"6606\"><strong data-start=\"6397\" data-end=\"6460\">5. \u00bfPor qu\u00e9 utilizar el LTT-01 de Cell Instruments para los ensayos ASTM D6195?<\/strong><br data-start=\"6460\" data-end=\"6463\" \/>La LTT-01 ofrece una gran precisi\u00f3n, cumple con el m\u00e9todo B de ASTM D6195 y es ideal para entornos de control de calidad repetibles y de alto rendimiento.<\/p>","protected":false},"excerpt":{"rendered":"<p>For adhesive quality control, accurate testing of tack performance is critical. ASTM D6195 provides a standardized method for measuring the loop tack of pressure-sensitive adhesives. This property\u2014how quickly and effectively an adhesive bonds on contact\u2014can determine the success of a tape product in real-world applications. Whether you&#8217;re in packaging, medical, or electronics, understanding and applying &hellip;<\/p>\n<p class=\"read-more\"> <a class=\"\" href=\"https:\/\/www.qualitester.com\/es\/standards\/astm-d6195\/\"> <span class=\"screen-reader-text\">ASTM D6195<\/span> Leer m\u00e1s \"<\/a><\/p>","protected":false},"author":4,"featured_media":6673,"parent":4948,"menu_order":0,"comment_status":"closed","ping_status":"closed","template":"","meta":{"site-sidebar-layout":"default","site-content-layout":"default","ast-global-header-display":"","ast-main-header-display":"","ast-hfb-above-header-display":"","ast-hfb-below-header-display":"","ast-hfb-mobile-header-display":"","site-post-title":"","ast-breadcrumbs-content":"","ast-featured-img":"disabled","footer-sml-layout":"","theme-transparent-header-meta":"default","adv-header-id-meta":"","stick-header-meta":"","header-above-stick-meta":"","header-main-stick-meta":"","header-below-stick-meta":"","footnotes":""},"class_list":["post-6672","page","type-page","status-publish","has-post-thumbnail","hentry"],"_links":{"self":[{"href":"https:\/\/www.qualitester.com\/es\/wp-json\/wp\/v2\/pages\/6672","targetHints":{"allow":["GET"]}}],"collection":[{"href":"https:\/\/www.qualitester.com\/es\/wp-json\/wp\/v2\/pages"}],"about":[{"href":"https:\/\/www.qualitester.com\/es\/wp-json\/wp\/v2\/types\/page"}],"author":[{"embeddable":true,"href":"https:\/\/www.qualitester.com\/es\/wp-json\/wp\/v2\/users\/4"}],"replies":[{"embeddable":true,"href":"https:\/\/www.qualitester.com\/es\/wp-json\/wp\/v2\/comments?post=6672"}],"version-history":[{"count":0,"href":"https:\/\/www.qualitester.com\/es\/wp-json\/wp\/v2\/pages\/6672\/revisions"}],"up":[{"embeddable":true,"href":"https:\/\/www.qualitester.com\/es\/wp-json\/wp\/v2\/pages\/4948"}],"wp:featuredmedia":[{"embeddable":true,"href":"https:\/\/www.qualitester.com\/es\/wp-json\/wp\/v2\/media\/6673"}],"wp:attachment":[{"href":"https:\/\/www.qualitester.com\/es\/wp-json\/wp\/v2\/media?parent=6672"}],"curies":[{"name":"wp","href":"https:\/\/api.w.org\/{rel}","templated":true}]}}