{"id":6552,"date":"2025-03-12T15:27:02","date_gmt":"2025-03-12T07:27:02","guid":{"rendered":"https:\/\/www.qualitester.com\/?page_id=6552"},"modified":"2025-03-12T15:29:18","modified_gmt":"2025-03-12T07:29:18","slug":"astm-d3078","status":"publish","type":"page","link":"https:\/\/www.qualitester.com\/es\/standards\/astm-d3078\/","title":{"rendered":"Norma ASTM D3078"},"content":{"rendered":"<h1 style=\"text-align: center;\" data-pm-slice=\"1 1 []\">Norma ASTM D3078<\/h1>\n<p data-pm-slice=\"1 1 []\">En la industria del envasado, garantizar la integridad del producto es crucial. ASTM D3078, la <strong>M\u00e9todo de ensayo est\u00e1ndar para la determinaci\u00f3n de fugas en envases flexibles mediante la emisi\u00f3n de burbujas<\/strong>se utiliza ampliamente para <strong>detecci\u00f3n de fugas<\/strong> en envases sellados. Este m\u00e9todo ayuda a los fabricantes a mantener <a href=\"https:\/\/www.qualitester.com\/es\/\" target=\"_blank\" rel=\"noopener\"><strong>control de calidad<\/strong><\/a> y el cumplimiento de las normas del sector.<\/p>\n<h2 data-pm-slice=\"1 1 []\">\u00bfQu\u00e9 es ASTM D3078?<\/h2>\n<p data-pm-slice=\"1 1 []\"><a href=\"https:\/\/www.qualitester.com\/es\/categoria-producto\/astm\/astm-d3078\/\" target=\"_blank\" rel=\"noopener\">Norma ASTM D3078<\/a> es un <strong>no destructivo<\/strong> m\u00e9todo de ensayo dise\u00f1ado para detectar fugas en <strong>envases flexibles<\/strong> a trav\u00e9s de <strong>emisi\u00f3n de burbujas<\/strong> cuando se somete a condiciones de vac\u00edo. Es particularmente eficaz para identificar problemas de integridad del sellado en <strong>envases alimentarios, farmac\u00e9uticos y m\u00e9dicos<\/strong>.<\/p>\n<h2 data-pm-slice=\"1 1 []\">Prueba de emisi\u00f3n de burbujas: Principio y equipo<\/h2>\n<p data-pm-slice=\"1 1 []\">El <strong>prueba de emisi\u00f3n de burbujas<\/strong> se basa en la detecci\u00f3n visual del aire que escapa de un envase sumergido bajo presi\u00f3n de vac\u00edo. El equipo necesario incluye:<\/p>\n<ul data-spread=\"false\">\n<li><strong>C\u00e1mara de vac\u00edo<\/strong>: Recipiente transparente, herm\u00e9tico al vac\u00edo, con v\u00e1lvula de entrada\/salida y vacu\u00f3metro.<\/li>\n<li><strong>L\u00edquido de prueba<\/strong>: Normalmente <strong>agua<\/strong> o una soluci\u00f3n tensioactiva.<\/li>\n<li><strong>Espec\u00edmenes<\/strong>: Envase flexible con o sin contenido.<\/li>\n<\/ul>\n<h2>Procedimiento de prueba de fuga de burbujas<\/h2>\n<p>El <strong>procedimiento de prueba de fuga de burbujas<\/strong> sigue estos pasos:<\/p>\n<ol start=\"1\" data-spread=\"false\">\n<li><strong>Preparaci\u00f3n<\/strong>: Aseg\u00farese de que la muestra de ensayo y el fluido est\u00e1n a <strong>temperatura ambiente<\/strong>.<\/li>\n<li><strong>Inmersi\u00f3n<\/strong>: Coloque la muestra en la c\u00e1mara de vac\u00edo y <strong>sumergir completamente<\/strong> en l\u00edquido de ensayo (al menos <strong>1 pulgada\/25 mm<\/strong> de cobertura).<\/li>\n<li><strong>Aplicaci\u00f3n de vac\u00edo<\/strong>:\n<ul data-spread=\"false\">\n<li>Selle la c\u00e1mara y lentamente <strong>aplicar vac\u00edo<\/strong> a aproximadamente <strong>1 pulg. Hg\/s<\/strong>.<\/li>\n<li>Observar para <strong>burbujeo continuo<\/strong>lo que indica una fuga.<\/li>\n<\/ul>\n<\/li>\n<li><strong>Retenci\u00f3n y observaci\u00f3n<\/strong>:\n<ul data-spread=\"false\">\n<li>Mantener el vac\u00edo durante al menos <strong>30 segundos<\/strong>.<\/li>\n<li>Compruebe si <strong>entrada de fluidos<\/strong> dentro del paquete.<\/li>\n<\/ul>\n<\/li>\n<li><strong>Liberaci\u00f3n y examen<\/strong>: Retire el vac\u00edo, recupere la muestra e inspeccione si hay l\u00edquido de prueba en su interior.<\/li>\n<\/ol>\n<h3>Interpretaci\u00f3n de resultados<\/h3>\n<ul data-spread=\"false\">\n<li><strong>No supera la prueba<\/strong>: Si aparecen burbujas continuas o entra l\u00edquido en el envase.<\/li>\n<li><strong>Pasa la prueba<\/strong>: Si no se producen burbujas ni penetraci\u00f3n de fluido.<\/li>\n<\/ul>\n<h2>Importancia de la norma ASTM D3078 en el control de calidad de los envases<\/h2>\n<ol start=\"1\" data-spread=\"false\">\n<li><strong>Garantiza la seguridad del producto<\/strong>: Evita la contaminaci\u00f3n en <strong>envasado alimentario y farmac\u00e9utico<\/strong>.<\/li>\n<li><strong>Mejora el cumplimiento<\/strong>: Cumple la normativa del sector y <strong>garant\u00eda de calidad<\/strong> normas.<\/li>\n<li><strong>Mejora la integridad del envase<\/strong>: Detecta <strong>defectos de fabricaci\u00f3n<\/strong> pronto.<\/li>\n<li><strong>Rentable<\/strong>: Ofrece un <strong>r\u00e1pido, fiable<\/strong> m\u00e9todo para las pruebas de rutina.<\/li>\n<\/ol>\n<h2>Limitaciones y consideraciones<\/h2>\n<ul data-spread=\"false\">\n<li>No apto para <strong>r\u00edgido o semirr\u00edgido<\/strong> paquetes.<\/li>\n<li><strong>Ampliaci\u00f3n de volumen<\/strong> de paquetes altamente flexibles puede <strong>reducir la sensibilidad de las pruebas<\/strong>.<\/li>\n<li>El nivel de vac\u00edo debe ajustarse a <strong>evite da\u00f1ar los paquetes fr\u00e1giles<\/strong>.<\/li>\n<\/ul>\n<p>La norma ASTM D3078 es un <strong>m\u00e9todo de detecci\u00f3n de fugas<\/strong> para envases flexibles, garantizando <strong>integridad y conformidad de los productos<\/strong>. En <strong>prueba de emisi\u00f3n de burbujas<\/strong> proporciona una forma eficaz de identificar los fallos de las juntas, ayudando a los fabricantes a mantener un elevado <strong>normas de calidad<\/strong> en sus procesos de envasado.<\/p>","protected":false},"excerpt":{"rendered":"<p>ASTM D3078 In the packaging industry, ensuring product integrity is crucial. ASTM D3078, the Standard Test Method for Determination of Leaks in Flexible Packaging by Bubble Emission, is widely used for leak detection in sealed packages. This method helps manufacturers maintain quality control and compliance with industry standards. What is ASTM D3078? ASTM D3078 is &hellip;<\/p>\n<p class=\"read-more\"> <a class=\"\" href=\"https:\/\/www.qualitester.com\/es\/standards\/astm-d3078\/\"> <span class=\"screen-reader-text\">Norma ASTM D3078<\/span> Leer m\u00e1s \"<\/a><\/p>","protected":false},"author":4,"featured_media":0,"parent":4948,"menu_order":0,"comment_status":"closed","ping_status":"closed","template":"","meta":{"site-sidebar-layout":"default","site-content-layout":"default","ast-global-header-display":"","ast-main-header-display":"","ast-hfb-above-header-display":"","ast-hfb-below-header-display":"","ast-hfb-mobile-header-display":"","site-post-title":"disabled","ast-breadcrumbs-content":"","ast-featured-img":"disabled","footer-sml-layout":"","theme-transparent-header-meta":"default","adv-header-id-meta":"","stick-header-meta":"","header-above-stick-meta":"","header-main-stick-meta":"","header-below-stick-meta":"","footnotes":""},"class_list":["post-6552","page","type-page","status-publish","hentry"],"_links":{"self":[{"href":"https:\/\/www.qualitester.com\/es\/wp-json\/wp\/v2\/pages\/6552","targetHints":{"allow":["GET"]}}],"collection":[{"href":"https:\/\/www.qualitester.com\/es\/wp-json\/wp\/v2\/pages"}],"about":[{"href":"https:\/\/www.qualitester.com\/es\/wp-json\/wp\/v2\/types\/page"}],"author":[{"embeddable":true,"href":"https:\/\/www.qualitester.com\/es\/wp-json\/wp\/v2\/users\/4"}],"replies":[{"embeddable":true,"href":"https:\/\/www.qualitester.com\/es\/wp-json\/wp\/v2\/comments?post=6552"}],"version-history":[{"count":0,"href":"https:\/\/www.qualitester.com\/es\/wp-json\/wp\/v2\/pages\/6552\/revisions"}],"up":[{"embeddable":true,"href":"https:\/\/www.qualitester.com\/es\/wp-json\/wp\/v2\/pages\/4948"}],"wp:attachment":[{"href":"https:\/\/www.qualitester.com\/es\/wp-json\/wp\/v2\/media?parent=6552"}],"curies":[{"name":"wp","href":"https:\/\/api.w.org\/{rel}","templated":true}]}}