{"id":6470,"date":"2025-02-17T17:03:04","date_gmt":"2025-02-17T09:03:04","guid":{"rendered":"https:\/\/www.qualitester.com\/?page_id=6470"},"modified":"2025-02-18T10:21:27","modified_gmt":"2025-02-18T02:21:27","slug":"healthcare-packaging-testing-machine","status":"publish","type":"page","link":"https:\/\/www.qualitester.com\/es\/healthcare-packaging-testing-machine\/","title":{"rendered":"M\u00e1quina de prueba de envases para el sector sanitario"},"content":{"rendered":"<div data-elementor-type=\"wp-page\" data-elementor-id=\"6470\" class=\"elementor elementor-6470\" data-elementor-post-type=\"page\">\n\t\t\t\t<div class=\"elementor-element elementor-element-efc6713 e-con-full e-flex e-con e-parent\" data-id=\"efc6713\" data-element_type=\"container\">\n\t\t\t\t<div class=\"elementor-element elementor-element-31bdcef elementor-widget elementor-widget-heading\" data-id=\"31bdcef\" data-element_type=\"widget\" data-widget_type=\"heading.default\">\n\t\t\t\t<div class=\"elementor-widget-container\">\n\t\t\t<h2 class=\"elementor-heading-title elementor-size-default\">M\u00e1quina de prueba de envases para el sector sanitario<\/h2>\t\t<\/div>\n\t\t\t\t<\/div>\n\t\t\t\t<div class=\"elementor-element elementor-element-6f58f8e elementor-widget elementor-widget-text-editor\" data-id=\"6f58f8e\" data-element_type=\"widget\" data-widget_type=\"text-editor.default\">\n\t\t\t\t<div class=\"elementor-widget-container\">\n\t\t\t\t\t\t\t<p>En el sector sanitario, la <a href=\"https:\/\/www.qualitester.com\/es\/healthcare-packaging-testing-gelbo-flex-test\/\" target=\"_blank\" rel=\"noopener\"><strong>Ensayos de envases sanitarios<\/strong><\/a> son esenciales para garantizar la fiabilidad de los sistemas de barrera est\u00e9ril en condiciones reales. Las pruebas clave incluyen <strong>Prueba Gelbo Flex<\/strong>que eval\u00faa la resistencia de una pel\u00edcula a la formaci\u00f3n de agujeros de alfiler durante el transporte, y evaluaciones para mitigar <strong>Riesgo de fluencia de la junta<\/strong> durante la esterilizaci\u00f3n por \u00f3xido de etileno mediante el an\u00e1lisis de los revestimientos adhesivos en condiciones de temperatura y humedad elevadas. Otras evaluaciones cr\u00edticas, como <strong>resistencia a la perforaci\u00f3n y a la abrasi\u00f3n<\/strong>Los ensayos de resistencia a la corrosi\u00f3n y a la corrosi\u00f3n garantizan que las pel\u00edculas puedan soportar dispositivos afilados y tensiones repetitivas. Al dar prioridad a estas pruebas espec\u00edficas de la aplicaci\u00f3n, los ingenieros de envasado pueden optimizar la selecci\u00f3n de materiales, agilizar el desarrollo y proteger los dispositivos m\u00e9dicos durante todo su ciclo de vida.<\/p>\t\t\t\t\t\t<\/div>\n\t\t\t\t<\/div>\n\t\t\t\t<\/div>\n\t\t<div class=\"elementor-element elementor-element-2f1668d e-con-full e-flex e-con e-parent\" data-id=\"2f1668d\" data-element_type=\"container\">\n\t\t<div class=\"elementor-element elementor-element-ccc7fc2 e-grid e-con-full e-con e-child\" data-id=\"ccc7fc2\" data-element_type=\"container\">\n\t\t\t\t<div class=\"elementor-element elementor-element-a700462 elementor-position-top elementor-widget elementor-widget-image-box\" data-id=\"a700462\" data-element_type=\"widget\" data-widget_type=\"image-box.default\">\n\t\t\t\t<div class=\"elementor-widget-container\">\n\t\t\t<div class=\"elementor-image-box-wrapper\"><figure class=\"elementor-image-box-img\"><a href=\"https:\/\/www.qualitester.com\/es\/producto\/gelbo-flex-tester-astm-f392\/\" tabindex=\"-1\"><img fetchpriority=\"high\" decoding=\"async\" width=\"1000\" height=\"1000\" src=\"https:\/\/www.qualitester.com\/wp-content\/uploads\/2023\/07\/GFT-gelbo-flex-tester-5.jpg\" class=\"attachment-full size-full wp-image-5873\" alt=\"Probador de flexi\u00f3n gelbo ASTM F392 5\" srcset=\"https:\/\/www.qualitester.com\/wp-content\/uploads\/2023\/07\/GFT-gelbo-flex-tester-5.jpg 1000w, https:\/\/www.qualitester.com\/wp-content\/uploads\/2023\/07\/GFT-gelbo-flex-tester-5-300x300.jpg 300w, https:\/\/www.qualitester.com\/wp-content\/uploads\/2023\/07\/GFT-gelbo-flex-tester-5-150x150.jpg 150w, https:\/\/www.qualitester.com\/wp-content\/uploads\/2023\/07\/GFT-gelbo-flex-tester-5-768x768.jpg 768w, https:\/\/www.qualitester.com\/wp-content\/uploads\/2023\/07\/GFT-gelbo-flex-tester-5-600x600.jpg 600w, https:\/\/www.qualitester.com\/wp-content\/uploads\/2023\/07\/GFT-gelbo-flex-tester-5-100x100.jpg 100w\" sizes=\"(max-width: 1000px) 100vw, 1000px\" \/><\/a><\/figure><div class=\"elementor-image-box-content\"><h3 class=\"elementor-image-box-title\"><a href=\"https:\/\/www.qualitester.com\/es\/producto\/gelbo-flex-tester-astm-f392\/\">Comprobador de flexi\u00f3n Gelbo<\/a><\/h3><\/div><\/div>\t\t<\/div>\n\t\t\t\t<\/div>\n\t\t\t\t<div class=\"elementor-element elementor-element-6d26434 elementor-position-top elementor-widget elementor-widget-image-box\" data-id=\"6d26434\" data-element_type=\"widget\" data-widget_type=\"image-box.default\">\n\t\t\t\t<div class=\"elementor-widget-container\">\n\t\t\t<div class=\"elementor-image-box-wrapper\"><figure class=\"elementor-image-box-img\"><a href=\"https:\/\/www.qualitester.com\/es\/producto\/tst-01-tensile-tester\/\" tabindex=\"-1\"><img decoding=\"async\" width=\"1000\" height=\"1000\" src=\"https:\/\/www.qualitester.com\/wp-content\/uploads\/2023\/05\/TST-01-Tensile-Tester-2.jpg\" class=\"attachment-full size-full wp-image-6315\" alt=\"TST-01 Probador de tracci\u00f3n 2\" srcset=\"https:\/\/www.qualitester.com\/wp-content\/uploads\/2023\/05\/TST-01-Tensile-Tester-2.jpg 1000w, https:\/\/www.qualitester.com\/wp-content\/uploads\/2023\/05\/TST-01-Tensile-Tester-2-300x300.jpg 300w, https:\/\/www.qualitester.com\/wp-content\/uploads\/2023\/05\/TST-01-Tensile-Tester-2-150x150.jpg 150w, https:\/\/www.qualitester.com\/wp-content\/uploads\/2023\/05\/TST-01-Tensile-Tester-2-768x768.jpg 768w, https:\/\/www.qualitester.com\/wp-content\/uploads\/2023\/05\/TST-01-Tensile-Tester-2-600x600.jpg 600w, https:\/\/www.qualitester.com\/wp-content\/uploads\/2023\/05\/TST-01-Tensile-Tester-2-100x100.jpg 100w\" sizes=\"(max-width: 1000px) 100vw, 1000px\" \/><\/a><\/figure><div class=\"elementor-image-box-content\"><h3 class=\"elementor-image-box-title\"><a href=\"https:\/\/www.qualitester.com\/es\/producto\/tst-01-tensile-tester\/\">Resistencia a la perforaci\u00f3n<\/a><\/h3><\/div><\/div>\t\t<\/div>\n\t\t\t\t<\/div>\n\t\t\t\t<div class=\"elementor-element elementor-element-46a5462 elementor-position-top elementor-widget elementor-widget-image-box\" data-id=\"46a5462\" data-element_type=\"widget\" data-widget_type=\"image-box.default\">\n\t\t\t\t<div class=\"elementor-widget-container\">\n\t\t\t<div class=\"elementor-image-box-wrapper\"><figure class=\"elementor-image-box-img\"><a href=\"https:\/\/www.qualitester.com\/es\/producto\/best-balloon-burst-tester-for-sale\/\" tabindex=\"-1\"><img decoding=\"async\" width=\"1000\" height=\"1000\" src=\"https:\/\/www.qualitester.com\/wp-content\/uploads\/2025\/02\/Balloon-Burst-Tester.jpg\" class=\"attachment-full size-full wp-image-6473\" alt=\"Comprobador del riesgo de fluencia de la junta\" srcset=\"https:\/\/www.qualitester.com\/wp-content\/uploads\/2025\/02\/Balloon-Burst-Tester.jpg 1000w, https:\/\/www.qualitester.com\/wp-content\/uploads\/2025\/02\/Balloon-Burst-Tester-300x300.jpg 300w, https:\/\/www.qualitester.com\/wp-content\/uploads\/2025\/02\/Balloon-Burst-Tester-150x150.jpg 150w, https:\/\/www.qualitester.com\/wp-content\/uploads\/2025\/02\/Balloon-Burst-Tester-768x768.jpg 768w, https:\/\/www.qualitester.com\/wp-content\/uploads\/2025\/02\/Balloon-Burst-Tester-12x12.jpg 12w, https:\/\/www.qualitester.com\/wp-content\/uploads\/2025\/02\/Balloon-Burst-Tester-600x600.jpg 600w, https:\/\/www.qualitester.com\/wp-content\/uploads\/2025\/02\/Balloon-Burst-Tester-100x100.jpg 100w\" sizes=\"(max-width: 1000px) 100vw, 1000px\" \/><\/a><\/figure><div class=\"elementor-image-box-content\"><h3 class=\"elementor-image-box-title\"><a href=\"https:\/\/www.qualitester.com\/es\/producto\/best-balloon-burst-tester-for-sale\/\">Comprobador de riesgo de fluencia de juntas<\/a><\/h3><\/div><\/div>\t\t<\/div>\n\t\t\t\t<\/div>\n\t\t\t\t<\/div>\n\t\t\t\t<\/div>\n\t\t\t\t<\/div>","protected":false},"excerpt":{"rendered":"<p>Healthcare Packaging Testing Machine In the healthcare industry, advanced Healthcare Packaging Testing methods are essential to ensure the reliability of sterile barrier systems under real-world conditions. Key tests include the Gelbo Flex Test, which evaluates a film\u2019s resistance to pinhole formation during transportation, and assessments to mitigate Seal Creep Risk during ethylene oxide sterilization by &hellip;<\/p>\n<p class=\"read-more\"> <a class=\"\" href=\"https:\/\/www.qualitester.com\/es\/healthcare-packaging-testing-machine\/\"> <span class=\"screen-reader-text\">M\u00e1quina de prueba de envases para el sector sanitario<\/span> Leer m\u00e1s \"<\/a><\/p>","protected":false},"author":4,"featured_media":0,"parent":0,"menu_order":0,"comment_status":"closed","ping_status":"closed","template":"","meta":{"site-sidebar-layout":"no-sidebar","site-content-layout":"page-builder","ast-global-header-display":"","ast-main-header-display":"","ast-hfb-above-header-display":"","ast-hfb-below-header-display":"","ast-hfb-mobile-header-display":"","site-post-title":"disabled","ast-breadcrumbs-content":"","ast-featured-img":"disabled","footer-sml-layout":"","theme-transparent-header-meta":"default","adv-header-id-meta":"","stick-header-meta":"","header-above-stick-meta":"","header-main-stick-meta":"","header-below-stick-meta":"","footnotes":""},"class_list":["post-6470","page","type-page","status-publish","hentry"],"_links":{"self":[{"href":"https:\/\/www.qualitester.com\/es\/wp-json\/wp\/v2\/pages\/6470","targetHints":{"allow":["GET"]}}],"collection":[{"href":"https:\/\/www.qualitester.com\/es\/wp-json\/wp\/v2\/pages"}],"about":[{"href":"https:\/\/www.qualitester.com\/es\/wp-json\/wp\/v2\/types\/page"}],"author":[{"embeddable":true,"href":"https:\/\/www.qualitester.com\/es\/wp-json\/wp\/v2\/users\/4"}],"replies":[{"embeddable":true,"href":"https:\/\/www.qualitester.com\/es\/wp-json\/wp\/v2\/comments?post=6470"}],"version-history":[{"count":0,"href":"https:\/\/www.qualitester.com\/es\/wp-json\/wp\/v2\/pages\/6470\/revisions"}],"wp:attachment":[{"href":"https:\/\/www.qualitester.com\/es\/wp-json\/wp\/v2\/media?parent=6470"}],"curies":[{"name":"wp","href":"https:\/\/api.w.org\/{rel}","templated":true}]}}