{"id":6887,"date":"2025-07-14T16:04:43","date_gmt":"2025-07-14T08:04:43","guid":{"rendered":"https:\/\/www.qualitester.com\/?post_type=product&#038;p=6887"},"modified":"2025-07-14T16:04:44","modified_gmt":"2025-07-14T08:04:44","slug":"lamination-factor-tester","status":"publish","type":"product","link":"https:\/\/www.qualitester.com\/de\/produkt-2\/lamination-factor-tester\/","title":{"rendered":"FTT-02 Laminierfaktortester"},"content":{"rendered":"<p data-start=\"898\" data-end=\"1494\">In the manufacturing of magnetic materials like electrical steel and amorphous strips, <strong data-start=\"985\" data-end=\"1006\">lamination factor<\/strong> plays a vital role in determining material quality. It affects the efficiency of motors, transformers, and other electromagnetic components. To assess this critical parameter, a <strong data-start=\"1185\" data-end=\"1213\">lamination factor tester<\/strong> offers a precise, standardized method for measurement.<\/p>\n<h2 data-start=\"1501\" data-end=\"1555\">What Is Lamination Factor and Why Is It Important?<\/h2>\n<p data-start=\"1557\" data-end=\"1870\"><strong data-start=\"1557\" data-end=\"1578\">Lamination factor<\/strong>\u2014also known as <strong data-start=\"1593\" data-end=\"1623\">lamination stacking factor<\/strong> oder <strong data-start=\"1627\" data-end=\"1643\">space factor<\/strong>\u2014is the ratio of the true metal volume to the apparent volume of a stacked set of metal strips. It quantifies how efficiently material is packed, considering the effects of surface roughness, coatings, and voids between layers.<\/p>\n<p data-start=\"1872\" data-end=\"2095\">In magnetic core applications, a high lamination factor minimizes energy losses and improves performance. Therefore, it is a critical parameter for quality assurance in the <strong data-start=\"2045\" data-end=\"2094\">electrical, electronics, and motor industries<\/strong>.<\/p>\n<h2 data-start=\"2102\" data-end=\"2153\">Working Principle of a Lamination Factor Tester<\/h2>\n<p data-start=\"2155\" data-end=\"2349\">A <strong data-start=\"2157\" data-end=\"2185\">lamination factor tester<\/strong> determines the stacking efficiency by comparing the measured stack volume under pressure with the calculated solid volume based on the material\u2019s mass and density.<\/p>\n<p data-start=\"2351\" data-end=\"2378\"><strong data-start=\"2351\" data-end=\"2378\">Key test steps include:<\/strong><\/p>\n<ul>\n<li data-start=\"2382\" data-end=\"2433\">Cutting the magnetic material into uniform strips<\/li>\n<li data-start=\"2436\" data-end=\"2470\">Stacking the strips in alignment<\/li>\n<li data-start=\"2473\" data-end=\"2520\">Applying a standard pressure using the tester<\/li>\n<li data-start=\"2523\" data-end=\"2562\">Measuring the compressed stack height<\/li>\n<li data-start=\"2565\" data-end=\"2619\">Calculating the lamination factor using the formula:<\/li>\n<\/ul>\n<blockquote data-start=\"2622\" data-end=\"2862\">\n<p data-start=\"2624\" data-end=\"2862\"><strong data-start=\"2624\" data-end=\"2655\">S = m \/ (l \u00b7 w \u00b7 \u03b4 \u00b7 h \u00b7 k)<\/strong><br data-start=\"2655\" data-end=\"2658\" \/><em data-start=\"2662\" data-end=\"2670\">Wo:<\/em><br data-start=\"2670\" data-end=\"2673\" \/><em data-start=\"2677\" data-end=\"2680\">S<\/em> = lamination factor (%)<br data-start=\"2704\" data-end=\"2707\" \/><em data-start=\"2711\" data-end=\"2714\">m<\/em> = mass of the stack<br data-start=\"2734\" data-end=\"2737\" \/><em data-start=\"2741\" data-end=\"2747\">l, w<\/em> = length and width<br data-start=\"2766\" data-end=\"2769\" \/><em data-start=\"2773\" data-end=\"2776\">\u03b4<\/em> = material density<br data-start=\"2795\" data-end=\"2798\" \/><em data-start=\"2802\" data-end=\"2805\">h<\/em> = compressed height<br data-start=\"2825\" data-end=\"2828\" \/><em data-start=\"2832\" data-end=\"2835\">k<\/em> = unit conversion constant<\/p>\n<\/blockquote>\n<p data-start=\"2864\" data-end=\"2978\">The process requires high measurement precision to reflect small variations that could impact the stacking factor.<\/p>\n<h2 data-start=\"2985\" data-end=\"3038\">Standards Referenced in Lamination Factor Testing<\/h2>\n<p data-start=\"3040\" data-end=\"3181\">To ensure global compliance and consistency, <strong data-start=\"3085\" data-end=\"3114\">lamination factor testers<\/strong> must align with recognized standards. The most referenced include:<\/p>\n<h3 data-start=\"3183\" data-end=\"3217\"><a href=\"https:\/\/www.qualitester.com\/de\/standards\/astm-a719\/\" target=\"_blank\" rel=\"noopener\">ASTM A719<\/a> \u2013 Magnetic Materials<\/h3>\n<p data-start=\"3219\" data-end=\"3436\">Defines the <strong data-start=\"3231\" data-end=\"3250\">standard method<\/strong> for measuring lamination factor in ferromagnetic materials. It emphasizes uniform pressure (typically 50 psi), precise stack height measurement, and correct mass-to-volume calculations.<\/p>\n<h3 data-start=\"3438\" data-end=\"3479\">ASTM A900 \u2013 Amorphous Magnetic Strips<\/h3>\n<p data-start=\"3481\" data-end=\"3668\">Specially developed for <strong data-start=\"3505\" data-end=\"3540\">thin, amorphous magnetic strips<\/strong>, this method requires alignment fixtures, micrometer measurements, and careful stacking due to the sensitivity of the material.<\/p>\n<h3 data-start=\"3670\" data-end=\"3716\">ASTM A683 \u2013 Semiprocessed Electrical Steel<\/h3>\n<p data-start=\"3718\" data-end=\"3903\">Refers to the <strong data-start=\"3732\" data-end=\"3752\">use of ASTM A719<\/strong> as the designated test method. It emphasizes that a higher lamination factor indicates better quality, particularly in smoother and thicker materials.<\/p>\n<h3 data-start=\"3905\" data-end=\"3956\">IEC 60404-13 \u2013 Global Electrical Steel Standard<\/h3>\n<p data-start=\"3958\" data-end=\"4167\">Provides <strong data-start=\"3967\" data-end=\"3995\">international guidelines<\/strong> f\u00fcr die Messung des Stapelfaktors f\u00fcr alle Arten von Elektrostahl. Sie erfordert genaues Wiegen, Ma\u00dfgenauigkeit und Druckanwendung von <strong data-start=\"4145\" data-end=\"4166\">1,00 \u00b1 0,05 N\/mm\u00b2<\/strong>.<\/p>\n<h2 data-start=\"4174\" data-end=\"4245\">Einf\u00fchrung des FTT-02 Laminierfaktortesters von Cell Instruments<\/h2>\n<p data-start=\"4247\" data-end=\"4437\">F\u00fcr Labore und Produktionsumgebungen, die eine zuverl\u00e4ssige Pr\u00fcfung des Laminierfaktors erfordern, ist das <strong data-start=\"4342\" data-end=\"4377\">FTT-02 Laminierfaktortester<\/strong> von <strong data-start=\"4383\" data-end=\"4403\">Zellinstrumente<\/strong> ist eine professionelle L\u00f6sung.<\/p>\n<h3>Hauptmerkmale:<\/h3>\n<ul>\n<li data-start=\"4459\" data-end=\"4498\"><strong data-start=\"4459\" data-end=\"4474\">Testbereich:<\/strong> 0-2 mm (anpassbar)<\/li>\n<li data-start=\"4501\" data-end=\"4563\"><strong data-start=\"4501\" data-end=\"4516\">Aufl\u00f6sung:<\/strong> 0,1 \u03bcm f\u00fcr pr\u00e4zise Stapelh\u00f6henmessungen<\/li>\n<li data-start=\"4566\" data-end=\"4625\"><strong data-start=\"4566\" data-end=\"4584\">Pr\u00fcfdruck:<\/strong> 50 \u00b1 0,5 kPa (Standard, gem\u00e4\u00df ASTM A719)<\/li>\n<li data-start=\"4628\" data-end=\"4692\"><strong data-start=\"4628\" data-end=\"4646\">Eindringk\u00f6rper Gr\u00f6\u00dfe:<\/strong> \u00d814-17 mm (einstellbar je nach Probenart)<\/li>\n<li data-start=\"4695\" data-end=\"4766\"><strong data-start=\"4695\" data-end=\"4714\">Kompaktes Design:<\/strong> 461 \u00d7 334 \u00d7 357 mm, geeignet f\u00fcr verschiedene Laboraufbauten<\/li>\n<\/ul>\n<p data-start=\"4768\" data-end=\"4944\">Der FTT-02 wurde entwickelt f\u00fcr <strong data-start=\"4797\" data-end=\"4824\">einfache Probenausrichtung<\/strong>, <strong data-start=\"4826\" data-end=\"4858\">automatische H\u00f6henmessung<\/strong>, Und <strong data-start=\"4864\" data-end=\"4891\">stabile Druckregelung<\/strong>, Dadurch wird eine hohe Genauigkeit des Laminierfaktors erreicht.<\/p>\n<h3 data-start=\"4946\" data-end=\"4971\">Anwendbare Materialien:<\/h3>\n<ul>\n<li data-start=\"4974\" data-end=\"5028\"><strong data-start=\"4974\" data-end=\"5026\">Nicht orientierte und kornorientierte Elektrost\u00e4hle<\/strong><\/li>\n<li data-start=\"5031\" data-end=\"5082\"><strong data-start=\"5031\" data-end=\"5080\">Amorphe und nanokristalline Magnetstreifen<\/strong><\/li>\n<li data-start=\"5085\" data-end=\"5141\"><strong data-start=\"5085\" data-end=\"5141\">D\u00fcnn beschichtete elektrische Materialien f\u00fcr Motorkerne<\/strong><\/li>\n<\/ul>\n<p data-start=\"5143\" data-end=\"5256\">Durch die Einhaltung der ASTM- und IEC-Pr\u00fcfverfahren minimiert das FTT-02 menschliche Fehler und verbessert die Wiederholbarkeit der Ergebnisse.<\/p>\n<h2 data-start=\"5263\" data-end=\"5321\">Anwendungen und Vorteile der Laminierfaktortests<\/h2>\n<p data-start=\"5323\" data-end=\"5366\">Der Laminierungsfaktortest ist von entscheidender Bedeutung:<\/p>\n<ul>\n<li data-start=\"5370\" data-end=\"5413\"><strong data-start=\"5370\" data-end=\"5411\">Herstellung von Transformatoren- und Motorkernen<\/strong><\/li>\n<li data-start=\"5416\" data-end=\"5455\"><strong data-start=\"5416\" data-end=\"5453\">Qualit\u00e4tskontrolle von magnetischem Material<\/strong><\/li>\n<li data-start=\"5458\" data-end=\"5507\"><strong data-start=\"5458\" data-end=\"5505\">F&amp;E-Labors zur Bewertung neuer Legierungen und Beschichtungen<\/strong><\/li>\n<li data-start=\"5510\" data-end=\"5579\"><strong data-start=\"5510\" data-end=\"5579\">Konformit\u00e4tsbewertung f\u00fcr den internationalen Versand oder die Zertifizierung<\/strong><\/li>\n<\/ul>\n<h3 data-start=\"5581\" data-end=\"5598\">Wichtigste Vorteile:<\/h3>\n<ul>\n<li>Erkennung von Hohlr\u00e4umen, Rauheit und Beschichtungseffekten<\/li>\n<li>Sichert die Qualit\u00e4t und Konsistenz des Materials<\/li>\n<li>Hilft bei der Optimierung von Laminierungsdesign und Prozessparametern<\/li>\n<li>Unterst\u00fctzt die Einhaltung von <strong data-start=\"5781\" data-end=\"5794\">ASTM A719<\/strong>, <strong data-start=\"5796\" data-end=\"5804\">A900<\/strong>, Und <strong data-start=\"5810\" data-end=\"5826\">IEC 60404-13<\/strong><\/li>\n<\/ul>\n<p data-start=\"5849\" data-end=\"6157\">Verstehen und Kontrollieren der <strong data-start=\"5883\" data-end=\"5904\">lamination factor<\/strong> von magnetischen Werkstoffen ist entscheidend f\u00fcr die energieeffiziente Produktgestaltung und -herstellung. Genaue Messungen erfordern Pr\u00e4zisionsger\u00e4te, die internationalen Normen entsprechen, wie <strong data-start=\"6091\" data-end=\"6104\">ASTM A719<\/strong>, <strong data-start=\"6106\" data-end=\"6119\">ASTM A900<\/strong>, <strong data-start=\"6121\" data-end=\"6134\">ASTM A683<\/strong>, Und <strong data-start=\"6140\" data-end=\"6156\">IEC 60404-13<\/strong>.<\/p>\n<p data-start=\"6159\" data-end=\"6527\">Der <strong data-start=\"6163\" data-end=\"6198\">FTT-02 Laminierfaktortester<\/strong> von <strong data-start=\"6202\" data-end=\"6222\">Zellinstrumente<\/strong> bietet branchenf\u00fchrende Genauigkeit, benutzerfreundliche Bedienung und volle \u00dcbereinstimmung mit globalen Pr\u00fcfprotokollen. Ganz gleich, ob Sie ein Werkstoffingenieur, ein QS-Manager oder ein Hersteller magnetischer Komponenten sind, dieses Ger\u00e4t stellt sicher, dass Ihre Laminierfaktorergebnisse <strong data-start=\"6485\" data-end=\"6526\">zuverl\u00e4ssig, nachvollziehbar und professionell<\/strong>.<\/p>\n<hr data-start=\"6529\" data-end=\"6532\" \/>\n<h2 data-start=\"6534\" data-end=\"6542\">FAQs<\/h2>\n<p data-start=\"6544\" data-end=\"6758\"><strong data-start=\"6544\" data-end=\"6601\">1. Wozu dient ein Laminierfaktorpr\u00fcfger\u00e4t?<\/strong><br data-start=\"6601\" data-end=\"6604\" \/>Es bestimmt, wie effizient die Magnetstreifen gestapelt werden, indem es das Verh\u00e4ltnis des Volumens des festen Metalls zum Gesamtvolumen berechnet, was auf die Materialqualit\u00e4t hinweist.<\/p>\n<p data-start=\"6760\" data-end=\"6960\"><strong data-start=\"6760\" data-end=\"6832\">2. Welche Normen sollten bei der Pr\u00fcfung des Laminierfaktors beachtet werden?<\/strong><br data-start=\"6832\" data-end=\"6835\" \/>Zu den einschl\u00e4gigen Normen geh\u00f6ren <a href=\"https:\/\/www.astm.org\/a0719_a0719m-14r19.html\" target=\"_blank\" rel=\"noopener nofollow\"><strong data-start=\"6862\" data-end=\"6875\">ASTM A719<\/strong><\/a>, <a href=\"https:\/\/www.astm.org\/a0900_a0900m-01r18.html\" target=\"_blank\" rel=\"noopener nofollow\"><strong data-start=\"6877\" data-end=\"6890\">ASTM A900<\/strong><\/a>, <a href=\"https:\/\/www.astm.org\/a0683-16.html\" target=\"_blank\" rel=\"noopener nofollow\"><strong data-start=\"6892\" data-end=\"6905\">ASTM A683<\/strong><\/a>, Und <strong data-start=\"6911\" data-end=\"6927\">IEC 60404-13<\/strong>, abh\u00e4ngig von der Art des Materials.<\/p>\n<p data-start=\"6962\" data-end=\"7176\"><strong data-start=\"6962\" data-end=\"7018\">3. Kann das FTT-02 f\u00fcr d\u00fcnne amorphe B\u00e4nder verwendet werden?<\/strong><br data-start=\"7018\" data-end=\"7021\" \/>Ja, das FTT-02 unterst\u00fctzt verschiedene Materialien, darunter <strong data-start=\"7074\" data-end=\"7108\">d\u00fcnne amorphe Magnetstreifen<\/strong>, dank des einstellbaren Drucks und der hochaufl\u00f6senden Messung.<\/p>\n<p data-start=\"7178\" data-end=\"7342\"><strong data-start=\"7178\" data-end=\"7227\">4. Welche Faktoren beeinflussen den Laminierungsfaktor?<\/strong><br data-start=\"7227\" data-end=\"7230\" \/>Oberfl\u00e4chenbeschichtungen, Materialrauhigkeit, Oxidschichten und Luftspalten zwischen den B\u00e4ndern k\u00f6nnen den Laminierungsfaktor verringern.<\/p>\n<p data-start=\"7344\" data-end=\"7555\"><strong data-start=\"7344\" data-end=\"7408\">5. Wie wirkt sich der Laminierungsfaktor auf die elektrische Leistung aus?<\/strong><br data-start=\"7408\" data-end=\"7411\" \/>Ein h\u00f6herer Laminierungsfaktor bedeutet eine bessere magnetische Kopplung und weniger Energieverluste, was den Wirkungsgrad von Motoren, Transformatoren und Induktoren verbessert.<\/p>","protected":false},"excerpt":{"rendered":"<p>In the manufacturing of magnetic materials like electrical steel and amorphous strips, lamination factor plays a vital role in determining material quality. It affects the efficiency of motors, transformers, and other electromagnetic components. To assess this critical parameter, a lamination factor tester offers a precise, standardized method for measurement. What Is Lamination Factor and Why &hellip;<\/p>\n<p class=\"read-more\"> <a class=\"\" href=\"https:\/\/www.qualitester.com\/de\/produkt-2\/lamination-factor-tester\/\"> <span class=\"screen-reader-text\">FTT-02 Laminierfaktortester<\/span> Weiterlesen \"<\/a><\/p>","protected":false},"featured_media":6912,"comment_status":"closed","ping_status":"closed","template":"","meta":{"site-sidebar-layout":"default","site-content-layout":"default","ast-global-header-display":"","ast-main-header-display":"","ast-hfb-above-header-display":"","ast-hfb-below-header-display":"","ast-hfb-mobile-header-display":"","site-post-title":"","ast-breadcrumbs-content":"","ast-featured-img":"","footer-sml-layout":"","theme-transparent-header-meta":"default","adv-header-id-meta":"","stick-header-meta":"","header-above-stick-meta":"","header-main-stick-meta":"","header-below-stick-meta":""},"product_cat":[845,1184,1182,1183,937,1185,962,674,672],"product_tag":[],"class_list":{"0":"post-6887","1":"product","2":"type-product","3":"status-publish","4":"has-post-thumbnail","6":"product_cat-customization","7":"product_cat-astm-a683","8":"product_cat-astm-a719","9":"product_cat-astm-a900","10":"product_cat-electronic-product-tester","11":"product_cat-iec-60404-13","12":"product_cat-thickness-gauges","13":"product_cat-test-items","14":"product_cat-applied-materials","15":"desktop-align-left","16":"tablet-align-left","17":"mobile-align-left","19":"first","20":"instock","21":"shipping-taxable","22":"product-type-simple"},"_links":{"self":[{"href":"https:\/\/www.qualitester.com\/de\/wp-json\/wp\/v2\/product\/6887","targetHints":{"allow":["GET"]}}],"collection":[{"href":"https:\/\/www.qualitester.com\/de\/wp-json\/wp\/v2\/product"}],"about":[{"href":"https:\/\/www.qualitester.com\/de\/wp-json\/wp\/v2\/types\/product"}],"replies":[{"embeddable":true,"href":"https:\/\/www.qualitester.com\/de\/wp-json\/wp\/v2\/comments?post=6887"}],"version-history":[{"count":0,"href":"https:\/\/www.qualitester.com\/de\/wp-json\/wp\/v2\/product\/6887\/revisions"}],"wp:featuredmedia":[{"embeddable":true,"href":"https:\/\/www.qualitester.com\/de\/wp-json\/wp\/v2\/media\/6912"}],"wp:attachment":[{"href":"https:\/\/www.qualitester.com\/de\/wp-json\/wp\/v2\/media?parent=6887"}],"wp:term":[{"taxonomy":"product_cat","embeddable":true,"href":"https:\/\/www.qualitester.com\/de\/wp-json\/wp\/v2\/product_cat?post=6887"},{"taxonomy":"product_tag","embeddable":true,"href":"https:\/\/www.qualitester.com\/de\/wp-json\/wp\/v2\/product_tag?post=6887"}],"curies":[{"name":"wp","href":"https:\/\/api.w.org\/{rel}","templated":true}]}}