{"id":6632,"date":"2025-04-27T15:48:37","date_gmt":"2025-04-27T07:48:37","guid":{"rendered":"https:\/\/www.qualitester.com\/?post_type=product&#038;p=6632"},"modified":"2025-04-27T15:49:57","modified_gmt":"2025-04-27T07:49:57","slug":"syringe-liquid-leakage-tester","status":"publish","type":"product","link":"https:\/\/www.qualitester.com\/de\/produkt-2\/syringe-liquid-leakage-tester\/","title":{"rendered":"SPPT-01 Spritzen-Fl\u00fcssigkeitsleckage-Tester"},"content":{"rendered":"<p class=\"\" data-start=\"314\" data-end=\"826\">Dichtigkeitspr\u00fcfger\u00e4te f\u00fcr Spritzen sind unverzichtbare Werkzeuge, um die Sicherheit und Zuverl\u00e4ssigkeit von Spritzen in medizinischen Anwendungen zu gew\u00e4hrleisten. Diese Instrumente helfen den Herstellern, jegliche Leckage von Spritzen unter Druck zu erkennen, um sicherzustellen, dass die Spritzen die strengen Normen f\u00fcr Funktionalit\u00e4t und Sicherheit erf\u00fcllen, insbesondere in der Gesundheits- und Pharmaindustrie.<\/p>\n<h3 class=\"\" data-start=\"4972\" data-end=\"5027\"><strong data-start=\"4976\" data-end=\"5027\">Cell Instruments\u2019 L\u00f6sung zur Dichtheitspr\u00fcfung von Spritzen<\/strong><\/h3>\n<p class=\"\" data-start=\"5029\" data-end=\"5331\">Unter <strong data-start=\"5032\" data-end=\"5052\">Zellinstrumente<\/strong>, bieten wir die <strong data-start=\"5067\" data-end=\"5121\">SPPT-01 Spritzen-Fl\u00fcssigkeitsleckage-Tester<\/strong>, ist eine hochentwickelte L\u00f6sung, die Herstellern hilft, Fl\u00fcssigkeitslecktests mit Pr\u00e4zision und Effizienz durchzuf\u00fchren. Dieses Pr\u00fcfger\u00e4t entspricht den<a href=\"https:\/\/www.qualitester.com\/de\/produkt-kategorie\/iso\/iso-7886-1\/\"> ISO 7886-1<\/a> und ist mit fortschrittlichen Funktionen ausgestattet, wie z. B.:<\/p>\n<ul data-start=\"5333\" data-end=\"5767\">\n<li class=\"\" data-start=\"5333\" data-end=\"5435\">\n<p class=\"\" data-start=\"5335\" data-end=\"5435\"><strong data-start=\"5335\" data-end=\"5375\">PLC-Steuerung und 7-Zoll-HMI-Touchscreen<\/strong>: Einfache Bedienung und pr\u00e4zise Steuerung des Pr\u00fcfprozesses.<\/p>\n<\/li>\n<li class=\"\" data-start=\"5436\" data-end=\"5517\">\n<p class=\"\" data-start=\"5438\" data-end=\"5517\"><strong data-start=\"5438\" data-end=\"5463\">Einstellbare Testgeschwindigkeit<\/strong>: Erm\u00f6glicht Flexibilit\u00e4t bei der Pr\u00fcfung verschiedener Spritzenarten.<\/p>\n<\/li>\n<li class=\"\" data-start=\"5518\" data-end=\"5640\">\n<p class=\"\" data-start=\"5520\" data-end=\"5640\"><strong data-start=\"5520\" data-end=\"5537\">Hohe Genauigkeit<\/strong>: Mit einer Kraftmesszelle von bis zu 200 N und einer Genauigkeit von 0,01 mm gew\u00e4hrleistet unser Pr\u00fcfger\u00e4t \u00e4u\u00dferst zuverl\u00e4ssige Ergebnisse.<\/p>\n<\/li>\n<li class=\"\" data-start=\"5641\" data-end=\"5767\">\n<p class=\"\" data-start=\"5643\" data-end=\"5767\"><strong data-start=\"5643\" data-end=\"5664\">Mehrere Vorrichtungen<\/strong>: Geeignet f\u00fcr verschiedene Spritzengr\u00f6\u00dfen und -typen, dadurch vielseitig einsetzbar f\u00fcr unterschiedliche Pr\u00fcfanforderungen.<\/p>\n<\/li>\n<\/ul>\n<p class=\"\" data-start=\"5769\" data-end=\"5933\">Durch die Verwendung von <strong data-start=\"5778\" data-end=\"5830\">Cell Instruments\u2019 Ausr\u00fcstung zur Dichtheitspr\u00fcfung von Spritzen<\/strong>, k\u00f6nnen Sie sicherstellen, dass Ihre Spritzen den h\u00f6chsten Qualit\u00e4tsstandards entsprechen und kritische Dichtigkeitspr\u00fcfungen bestehen.<\/p>\n<h3 class=\"\" data-start=\"828\" data-end=\"880\"><strong data-start=\"832\" data-end=\"880\">Verst\u00e4ndnis der Fl\u00fcssigkeitsleckagepr\u00fcfung von Spritzen<\/strong><\/h3>\n<p class=\"\" data-start=\"882\" data-end=\"1282\">Spritzen-Dichtheitspr\u00fcfger\u00e4te dienen dazu, die Unversehrtheit von Spritzen zu pr\u00fcfen, indem sie die Bedingungen simulieren, denen sie w\u00e4hrend des Gebrauchs ausgesetzt sind. Der Hauptzweck dieser Tests besteht darin, sicherzustellen, dass Spritzen unter Druck nicht undicht werden, was ihre Leistung und die Sicherheit der Patienten beeintr\u00e4chtigen k\u00f6nnte. Bei der Dichtheitspr\u00fcfung wird die Spritze mit Druck beaufschlagt und auf Leckagen an der Kolbenstopfendichtung gepr\u00fcft.<\/p>\n<p class=\"\" data-start=\"1284\" data-end=\"1701\">Der <strong data-start=\"1288\" data-end=\"1310\">ISO 7886-1 Pr\u00fcfung<\/strong> Norm ist f\u00fcr die Hersteller von entscheidender Bedeutung, wenn es darum geht, die Dichtigkeit von Spritzen zu bewerten. Sie beschreibt die richtigen Verfahren f\u00fcr die Pr\u00fcfung von Spritzen, um Leckagen zu erkennen, die aufgrund von Herstellungsfehlern, Besch\u00e4digungen oder unsachgem\u00e4\u00dfer Versiegelung auftreten k\u00f6nnen. Die Website <strong data-start=\"1559\" data-end=\"1573\">ISO 7886-1<\/strong> Die Norm spezifiziert Methoden zur Pr\u00fcfung der F\u00e4higkeit der Spritze, den Druck aufrechtzuerhalten und sicherzustellen, dass w\u00e4hrend der Verwendung keine Fl\u00fcssigkeit austritt.<\/p>\n<h3 class=\"\" data-start=\"1703\" data-end=\"1767\"><strong data-start=\"1707\" data-end=\"1767\">Methodik der Dichtheitspr\u00fcfung von Spritzen: Ein Schritt-f\u00fcr-Schritt-Prozess<\/strong><\/h3>\n<p class=\"\" data-start=\"1769\" data-end=\"1947\">Das Verfahren f\u00fcr <strong data-start=\"1785\" data-end=\"1809\">Spritzen-Dichtheitspr\u00fcfung<\/strong> ist relativ einfach, erfordert aber eine pr\u00e4zise Ausr\u00fcstung, um genaue Ergebnisse zu gew\u00e4hrleisten. Hier finden Sie einen \u00dcberblick \u00fcber die wichtigsten Schritte:<\/p>\n<ol data-start=\"1949\" data-end=\"3006\">\n<li class=\"\" data-start=\"1949\" data-end=\"2136\">\n<p class=\"\" data-start=\"1952\" data-end=\"2136\"><strong data-start=\"1952\" data-end=\"1975\">F\u00fcllen der Spritze<\/strong>: Die Spritze wird bis zur Nennkapazit\u00e4t mit destilliertem Wasser gef\u00fcllt. Das Wasser sollte eine Temperatur zwischen 18\u00b0C und 28\u00b0C haben, um Testabweichungen zu vermeiden.<\/p>\n<\/li>\n<li class=\"\" data-start=\"2138\" data-end=\"2275\">\n<p class=\"\" data-start=\"2141\" data-end=\"2275\"><strong data-start=\"2141\" data-end=\"2163\">Versiegeln der D\u00fcse<\/strong>: Nach dem Bef\u00fcllen wird der Spritzenstutzen mit einer geeigneten Vorrichtung verschlossen, damit w\u00e4hrend des Tests keine Luft entweichen kann.<\/p>\n<\/li>\n<li class=\"\" data-start=\"2277\" data-end=\"2545\">\n<p class=\"\" data-start=\"2280\" data-end=\"2545\"><strong data-start=\"2280\" data-end=\"2307\">Seitw\u00e4rts gerichtete Kraftanwendung<\/strong>: Auf den Spritzenkolben wird eine seitliche Kraft im rechten Winkel zur Bewegung des Kolbens ausge\u00fcbt. Diese Kraft wird so aufgebracht, dass der Kolben radial um die Kolbendichtung schwingt, wodurch Bedingungen geschaffen werden, die den realen Gebrauch simulieren.<\/p>\n<\/li>\n<li class=\"\" data-start=\"2547\" data-end=\"2782\">\n<p class=\"\" data-start=\"2550\" data-end=\"2782\"><strong data-start=\"2550\" data-end=\"2573\">Erzeugung von Druck<\/strong>: Die Spritze wird mit einem Druck von typischerweise 200 kPa bis 300 kPa beaufschlagt, um ihre Dichtigkeit zu pr\u00fcfen. Die Spritze muss dem Druck standhalten, ohne dass Fl\u00fcssigkeit an der Stopfendichtung vorbei entweicht.<\/p>\n<\/li>\n<li class=\"\" data-start=\"2784\" data-end=\"3006\">\n<p class=\"\" data-start=\"2787\" data-end=\"3006\"><strong data-start=\"2787\" data-end=\"2813\">Inspektion auf Leckagen<\/strong>: Nachdem der Druck 30 bis 35 Sekunden lang aufrechterhalten wurde, wird die Spritze sorgf\u00e4ltig auf Anzeichen von Leckagen untersucht. Tritt Wasser \u00fcber den Stopfen hinaus aus, hat die Spritze den Test nicht bestanden.<\/p>\n<\/li>\n<\/ol>\n<p class=\"\" data-start=\"3008\" data-end=\"3185\">Mit diesem Pr\u00fcfverfahren wird sichergestellt, dass die hergestellten Spritzen die erforderlichen Sicherheitsstandards erf\u00fcllen und bei medizinischen Verfahren, bei denen ein Auslaufen zu ernsthaften Problemen f\u00fchren k\u00f6nnte, zuverl\u00e4ssig sind.<\/p>\n<h3 class=\"\" data-start=\"3187\" data-end=\"3233\"><strong data-start=\"3191\" data-end=\"3233\">Einschl\u00e4gige Normen: ISO 7886-1 Pr\u00fcfung<\/strong><\/h3>\n<p class=\"\" data-start=\"3235\" data-end=\"3664\">ISO 7886-1 legt die Anforderungen an sterile subkutane Spritzen f\u00fcr den manuellen Gebrauch fest. Diese Norm enth\u00e4lt ein detailliertes Verfahren zur Pr\u00fcfung der Spritzenleistung unter verschiedenen Bedingungen, einschlie\u00dflich der Pr\u00fcfung auf Fl\u00fcssigkeitsaustritt am Spritzenkolbenstopfen unter Druck. Durch die Einhaltung dieser Normen k\u00f6nnen die Hersteller sicherstellen, dass ihre Produkte die weltweiten Sicherheitsanforderungen erf\u00fcllen und f\u00fcr den medizinischen Gebrauch geeignet sind.<\/p>\n<p class=\"\" data-start=\"3666\" data-end=\"3704\"><strong data-start=\"3666\" data-end=\"3703\">Die wichtigsten Aspekte der ISO 7886-1-Pr\u00fcfung<\/strong>:<\/p>\n<ul data-start=\"3705\" data-end=\"4076\">\n<li class=\"\" data-start=\"3705\" data-end=\"3830\">\n<p class=\"\" data-start=\"3707\" data-end=\"3830\"><strong data-start=\"3707\" data-end=\"3727\">Testumgebung<\/strong>: Der Test muss unter kontrollierten Bedingungen durchgef\u00fchrt werden, wobei die Spritze mit destilliertem Wasser gef\u00fcllt sein muss.<\/p>\n<\/li>\n<li class=\"\" data-start=\"3831\" data-end=\"3948\">\n<p class=\"\" data-start=\"3833\" data-end=\"3948\"><strong data-start=\"3833\" data-end=\"3854\">Leckage-Erkennung<\/strong>: Jede Leckage, die unter den angegebenen Pr\u00fcfbedingungen am Kolbenstopfen vorbeigeht, f\u00fchrt zu einem Ausfall.<\/p>\n<\/li>\n<li class=\"\" data-start=\"3949\" data-end=\"4076\">\n<p class=\"\" data-start=\"3951\" data-end=\"4076\"><strong data-start=\"3951\" data-end=\"3964\">Berichterstattung<\/strong>: Die Pr\u00fcfergebnisse m\u00fcssen Einzelheiten wie die Identit\u00e4t der Spritze, die Nennkapazit\u00e4t und das Vorhandensein von Leckagen enthalten.<\/p>\n<\/li>\n<\/ul>\n<p class=\"\" data-start=\"4078\" data-end=\"4249\">Die Norm ISO 7886-1 tr\u00e4gt dazu bei, Einheitlichkeit und Konsistenz in der Spritzenherstellung zu schaffen, was sowohl f\u00fcr die Hersteller als auch f\u00fcr die Endverbraucher im medizinischen Bereich von entscheidender Bedeutung ist.<\/p>\n<h3 class=\"\" data-start=\"4251\" data-end=\"4308\"><strong data-start=\"4255\" data-end=\"4308\">Vorteile der Verwendung eines Fl\u00fcssigkeitsleckagetests mit einer Spritze<\/strong><\/h3>\n<p class=\"\" data-start=\"4310\" data-end=\"4374\">Die Verwendung eines Spritzenpr\u00fcfger\u00e4ts f\u00fcr Fl\u00fcssigkeitslecks bietet mehrere Vorteile:<\/p>\n<ul data-start=\"4376\" data-end=\"4970\">\n<li class=\"\" data-start=\"4376\" data-end=\"4592\">\n<p class=\"\" data-start=\"4378\" data-end=\"4592\"><strong data-start=\"4378\" data-end=\"4404\">Garantiert Patientensicherheit<\/strong>: Durch die Erkennung m\u00f6glicher Leckagen k\u00f6nnen die Hersteller garantieren, dass ihre Spritzen bei medizinischen Eingriffen wie vorgesehen funktionieren, was Unf\u00e4lle verhindert und die Sicherheit der Patienten gew\u00e4hrleistet.<\/p>\n<\/li>\n<li class=\"\" data-start=\"4593\" data-end=\"4805\">\n<p class=\"\" data-start=\"4595\" data-end=\"4805\"><strong data-start=\"4595\" data-end=\"4633\">Einhaltung von Industriestandards<\/strong>: Die Einhaltung der Norm ISO 7886-1 gew\u00e4hrleistet, dass die Spritzen internationalen Sicherheits- und Qualit\u00e4tsstandards entsprechen, was f\u00fcr die beh\u00f6rdliche Zulassung und Marktakzeptanz entscheidend ist.<\/p>\n<\/li>\n<li class=\"\" data-start=\"4806\" data-end=\"4970\">\n<p class=\"\" data-start=\"4808\" data-end=\"4970\"><strong data-start=\"4808\" data-end=\"4841\">Vorbeugung von kostspieligen Misserfolgen<\/strong>: Die Pr\u00fcfung von Spritzen auf Undichtigkeiten, bevor sie auf den Markt kommen, hilft, kostspielige R\u00fcckrufaktionen und eine Sch\u00e4digung des Rufs des Herstellers zu vermeiden.<\/p>\n<\/li>\n<\/ul>\n<p class=\"\" data-start=\"5955\" data-end=\"6512\">Die Dichtheitspr\u00fcfung von Spritzen ist ein entscheidender Faktor, um sicherzustellen, dass medizinische Spritzen sicher und zuverl\u00e4ssig funktionieren. Der Einsatz fortschrittlicher Pr\u00fcfger\u00e4te wie des <strong data-start=\"6114\" data-end=\"6168\">SPPT-01 Spritzen-Fl\u00fcssigkeitsleckage-Tester<\/strong>\u00a0von <strong data-start=\"6174\" data-end=\"6194\">Zellinstrumente<\/strong> unterst\u00fctzt Hersteller bei der Erf\u00fcllung der anspruchsvollen Anforderungen von Normen wie <a href=\"https:\/\/www.iso.org\/standard\/64790.html\" target=\"_blank\" rel=\"noopener nofollow\"><strong data-start=\"6268\" data-end=\"6282\">ISO 7886-1<\/strong><\/a>, Damit stellen sie sicher, dass ihre Spritzen f\u00fcr den Einsatz in medizinischen Verfahren geeignet sind. Durch Investitionen in Qualit\u00e4tspr\u00fcfger\u00e4te k\u00f6nnen die Hersteller die Produktqualit\u00e4t verbessern, die Patientensicherheit erh\u00f6hen und die Einhaltung internationaler Normen gew\u00e4hrleisten.<\/p>","protected":false},"excerpt":{"rendered":"<p>Dichtigkeitspr\u00fcfger\u00e4te f\u00fcr Spritzen sind unverzichtbare Werkzeuge, um die Sicherheit und Zuverl\u00e4ssigkeit von Spritzen in medizinischen Anwendungen zu gew\u00e4hrleisten. Diese Instrumente helfen den Herstellern, jegliche Leckage von Spritzen unter Druck zu erkennen, um sicherzustellen, dass die Spritzen die strengen Normen f\u00fcr Funktionalit\u00e4t und Sicherheit erf\u00fcllen, insbesondere in der Gesundheits- und Pharmaindustrie.<\/p>","protected":false},"featured_media":6634,"comment_status":"closed","ping_status":"closed","template":"","meta":{"site-sidebar-layout":"default","site-content-layout":"default","ast-global-header-display":"","ast-main-header-display":"","ast-hfb-above-header-display":"","ast-hfb-below-header-display":"","ast-hfb-mobile-header-display":"","site-post-title":"","ast-breadcrumbs-content":"","ast-featured-img":"","footer-sml-layout":"","theme-transparent-header-meta":"default","adv-header-id-meta":"","stick-header-meta":"","header-above-stick-meta":"","header-main-stick-meta":"","header-below-stick-meta":""},"product_cat":[1053,845,675,95],"product_tag":[],"class_list":{"0":"post-6632","1":"product","2":"type-product","3":"status-publish","4":"has-post-thumbnail","6":"product_cat-iso-7886-1","7":"product_cat-customization","8":"product_cat-leak-tester","9":"product_cat-products","10":"desktop-align-left","11":"tablet-align-left","12":"mobile-align-left","14":"first","15":"instock","16":"shipping-taxable","17":"product-type-simple"},"_links":{"self":[{"href":"https:\/\/www.qualitester.com\/de\/wp-json\/wp\/v2\/product\/6632","targetHints":{"allow":["GET"]}}],"collection":[{"href":"https:\/\/www.qualitester.com\/de\/wp-json\/wp\/v2\/product"}],"about":[{"href":"https:\/\/www.qualitester.com\/de\/wp-json\/wp\/v2\/types\/product"}],"replies":[{"embeddable":true,"href":"https:\/\/www.qualitester.com\/de\/wp-json\/wp\/v2\/comments?post=6632"}],"version-history":[{"count":0,"href":"https:\/\/www.qualitester.com\/de\/wp-json\/wp\/v2\/product\/6632\/revisions"}],"wp:featuredmedia":[{"embeddable":true,"href":"https:\/\/www.qualitester.com\/de\/wp-json\/wp\/v2\/media\/6634"}],"wp:attachment":[{"href":"https:\/\/www.qualitester.com\/de\/wp-json\/wp\/v2\/media?parent=6632"}],"wp:term":[{"taxonomy":"product_cat","embeddable":true,"href":"https:\/\/www.qualitester.com\/de\/wp-json\/wp\/v2\/product_cat?post=6632"},{"taxonomy":"product_tag","embeddable":true,"href":"https:\/\/www.qualitester.com\/de\/wp-json\/wp\/v2\/product_tag?post=6632"}],"curies":[{"name":"wp","href":"https:\/\/api.w.org\/{rel}","templated":true}]}}