{"id":6425,"date":"2025-01-10T11:09:00","date_gmt":"2025-01-10T03:09:00","guid":{"rendered":"https:\/\/www.qualitester.com\/?post_type=product&#038;p=6425"},"modified":"2025-01-10T11:23:17","modified_gmt":"2025-01-10T03:23:17","slug":"iso-7864-needle-penetration-force-measurement-instrument","status":"publish","type":"product","link":"https:\/\/www.qualitester.com\/de\/produkt-2\/iso-7864-needle-penetration-force-measurement-instrument\/","title":{"rendered":"NPD-01 Nadelpenetrations- und Widerstandskrafttester"},"content":{"rendered":"<p>Der <strong>NPD-01 Nadelpenetrations- und Widerstandskrafttester<\/strong> ist ein hochmodernes Instrument zur pr\u00e4zisen Messung der f\u00fcr Injektionsnadeln erforderlichen Penetrationskr\u00e4fte. Es gew\u00e4hrleistet die Einhaltung internationaler Teststandards wie <a href=\"https:\/\/www.qualitester.com\/de\/produkt-kategorie\/iso\/iso-7864\/\" target=\"_blank\" rel=\"noopener\"><strong>ISO 7864<\/strong><\/a> Und <strong>GB 15811<\/strong>und bietet eine robuste L\u00f6sung zum Testen der Nadelleistung in verschiedenen medizinischen Anwendungen, einschlie\u00dflich Injektionsger\u00e4ten, Testnadeln und anderen biomedizinischen Produkten.<\/p>\n<h2>Anwendung f\u00fcr Penetrations- und Widerstandskrafttests<\/h2>\n<p>Der <strong>Instrument zur Messung der Nadelpenetrationskraft<\/strong> ist unverzichtbar f\u00fcr die Pr\u00fcfung von Nadeln, die in einer Vielzahl von medizinischen, pharmazeutischen und Forschungsanwendungen verwendet werden. Zu den wichtigsten Anwendungsbereichen geh\u00f6ren:<\/p>\n<ul>\n<li><strong>Medizinische Ger\u00e4te und Pharmazeutika<\/strong>: Sicherstellen, dass das Einf\u00fchren von Injektionsnadeln, Lanzetten und anderen scharfen medizinischen Ger\u00e4ten reibungslos und schmerzarm erfolgt und gleichzeitig im klinischen Umfeld zuverl\u00e4ssig funktioniert.<\/li>\n<li><strong>Nadel Produzenten<\/strong>: Qualit\u00e4tssicherung in Produktionslinien f\u00fcr Injektionsnadeln, Spritzen und andere nadelbasierte Instrumente.<\/li>\n<li><strong>Medizinische Forschung<\/strong>: Testen neuer Nadeldesigns und Formulierungen f\u00fcr verbesserte klinische Ergebnisse.<\/li>\n<li><strong>Verpackung<\/strong>: Sicherstellen, dass die medizinische Verpackung f\u00fcr Nadeln und Spritzen so konzipiert ist, dass sie den beim Einf\u00fchren der Nadel und bei der Verabreichung des Arzneimittels auftretenden Kr\u00e4ften standh\u00e4lt.<\/li>\n<\/ul>\n<h2>Notwendigkeit von Nadelpenetrationstests<\/h2>\n<p>Verstehen der <strong>Nadelpenetrationstestmethode<\/strong> ist von grundlegender Bedeutung f\u00fcr die Gew\u00e4hrleistung der Sicherheit und Wirksamkeit von medizinischen Nadelger\u00e4ten. <strong>Durchdringungskraft<\/strong> Und <strong>Luftwiderstandskraft<\/strong> dient einem doppelten Zweck:<\/p>\n<ol>\n<li><strong>Patientenkomfort<\/strong>: \u00dcberm\u00e4\u00dfige Kraft oder Reibung k\u00f6nnen w\u00e4hrend der Injektion Schmerzen, Angst und Komplikationen verursachen. Durch die Bewertung der f\u00fcr das Einf\u00fchren und Bewegen erforderlichen Kraft k\u00f6nnen Hersteller Nadeln entwickeln, die die Beschwerden minimieren.<\/li>\n<li><strong>Klinische Wirksamkeit<\/strong>: Das effiziente Einf\u00fchren der Nadel ist im klinischen Umfeld von entscheidender Bedeutung. Nadeln m\u00fcssen die Haut oder das Gewebe leicht durchdringen, ohne jedoch Gewebesch\u00e4den zu verursachen oder die Qualit\u00e4t der Arzneimittelverabreichung zu beeintr\u00e4chtigen.<\/li>\n<li><strong>Einhaltung gesetzlicher Vorschriften<\/strong>: Internationale Standards wie <strong>ISO 7864<\/strong> Und <strong>GB 15811<\/strong> verlangen, dass Nadeln bestimmte Leistungskriterien erf\u00fcllen. <strong>NPD-01-Tester<\/strong> garantiert die Einhaltung dieser Vorschriften und verringert das Risiko einer Nichteinhaltung von Vorschriften.<\/li>\n<\/ol>\n<p>Ohne genaue Tests k\u00f6nnten nadelbasierte Produkte in entscheidenden Bereichen versagen, wie zum Beispiel <strong>Sterilit\u00e4t<\/strong>, <strong>Einspritzgl\u00e4tte<\/strong>, Und <strong>Benutzererfahrung<\/strong>, was m\u00f6glicherweise zu klinischen Komplikationen und Unbehagen f\u00fcr den Patienten f\u00fchren kann. <strong>Nadelpenetrationstest<\/strong> ist nicht nur eine Formalit\u00e4t; es ist eine Notwendigkeit f\u00fcr die Integrit\u00e4t des Gesundheitssystems.<\/p>\n<h2>Nadelpenetrationstestmethode<\/h2>\n<p>Der <strong>NPD-01 Instrument zur Messung der Nadelpenetrationskraft<\/strong> funktioniert nach einem ausgekl\u00fcgelten und zugleich benutzerfreundlichen Prinzip:<\/p>\n<ol>\n<li><strong>Aufstellen<\/strong>: Die zu testende Nadel wird mit einem m\u00e4nnlichen Luer-Konus fixiert, der mit dem <strong>W\u00e4gezelle<\/strong>.<\/li>\n<li><strong>Substrateinf\u00fcgung<\/strong>: Die Nadel wird mit kontrollierter Geschwindigkeit auf ein bestimmtes Substrat (z. B. haut\u00e4hnliche Materialien oder synthetisches Gewebe) zu bewegt.<\/li>\n<li><strong>Kraftmessung<\/strong>: Beim Einsetzen wird ein <strong>W\u00e4gezelle<\/strong> misst kontinuierlich die Kraft, die beim Eindringen der Nadel in das Material ausge\u00fcbt wird. Diese Kraft wird in verschiedenen Phasen des Einstichvorgangs aufgezeichnet.<\/li>\n<li><strong>Bewertung der Luftwiderstandskraft<\/strong>: Nach der ersten Penetration wird der <strong>Luftwiderstandskraft<\/strong> oder die Reibungskraft gemessen, die erforderlich ist, um die Nadel durch das Material zu bewegen. Dies ist ein wichtiger Indikator f\u00fcr die Leistung der Nadel w\u00e4hrend des tats\u00e4chlichen Gebrauchs.<\/li>\n<li><strong>Datenausgabe<\/strong>: Das System gibt die Daten \u00fcber eine intuitive <strong>HMI-Touchscreen<\/strong> und druckt die Ergebnisse \u00fcber einen integrierten <b>Mikrodrucker<\/b>.<\/li>\n<\/ol>\n<p>Die aus dem Test gewonnenen Kraftwerte geben einen detaillierten \u00dcberblick \u00fcber beide <strong>anf\u00e4ngliche maximale Penetrationskraft<\/strong> Und <strong>Reibungskr\u00e4fte<\/strong>, was es zu einem wertvollen Werkzeug f\u00fcr die Qualit\u00e4tskontrolle, Forschung und Entwicklung sowie die Einhaltung gesetzlicher Vorschriften macht.<\/p>\n<h2>Technische Daten des Nadelwiderstandspr\u00fcfers<\/h2>\n<p>Hier sind die <strong>Wichtige technische Merkmale<\/strong> der <strong>NPD-01 Nadelpenetrations- und Widerstandskrafttester<\/strong>:<\/p>\n<table>\n<tbody>\n<tr>\n<td width=\"144\">W\u00e4gezelle<\/td>\n<td width=\"276\">50N (oder nach Bedarf)<\/td>\n<\/tr>\n<tr>\n<td width=\"144\">Testgeschwindigkeit<\/td>\n<td width=\"276\">1 bis 500 mm\/min<\/td>\n<\/tr>\n<tr>\n<td width=\"144\">Kraftgenauigkeit<\/td>\n<td width=\"276\">0,5% FS<\/td>\n<\/tr>\n<tr>\n<td width=\"144\">Genauigkeit<\/td>\n<td width=\"276\">0,01 mm<\/td>\n<\/tr>\n<tr>\n<td width=\"144\">Leistung<\/td>\n<td width=\"276\">110 bis 220 V<\/td>\n<\/tr>\n<\/tbody>\n<\/table>\n<h2>Technische Merkmale des Nadelpenetrationskraftpr\u00fcfers<\/h2>\n<ol>\n<li><strong>Pr\u00e4zision und Zuverl\u00e4ssigkeit<\/strong>: Mit einer Genauigkeit von 0,01 mm und einer Kraftmessgenauigkeit von 0,5%.<\/li>\n<li><strong>Vielseitigkeit<\/strong>: Das Instrument ist mit verschiedenen Nadelgr\u00f6\u00dfen und -typen kompatibel und erm\u00f6glicht so umfassende Tests an einer breiten Palette medizinischer Ger\u00e4te.<\/li>\n<li><strong>Benutzerfreundlichkeit<\/strong>: Das SPS-gesteuerte System und die intuitive <strong>HMI-Touchscreen<\/strong> Erleichtert den Bedienern das Einrichten, \u00dcberwachen und Interpretieren von Tests.<\/li>\n<li><strong>Anpassung<\/strong>: Durch die variable Geschwindigkeitseinstellung und die einstellbare Eindringtiefe l\u00e4sst sich das Ger\u00e4t optimal an die jeweiligen Pr\u00fcfanforderungen anpassen.<\/li>\n<li><strong>Einhaltung von Standards<\/strong>: Erf\u00fcllt alle internationalen Standards wie <strong>ISO 7864<\/strong> Und <strong>GB 15811<\/strong>, wodurch es f\u00fcr beh\u00f6rdliche Pr\u00fcfungen in verschiedenen Regionen geeignet ist.<\/li>\n<\/ol>\n<h2>Nadelpenetrationstest-Standard<\/h2>\n<p>Der <strong>NPD-01 Instrument zur Messung der Nadelpenetrationskraft<\/strong> entspricht verschiedenen internationalen Normen und ist somit f\u00fcr medizinische und pharmazeutische Tests weltweit geeignet:<\/p>\n<h3><strong><a href=\"https:\/\/www.iso.org\/standard\/60481.html\" target=\"_blank\" rel=\"nofollow noopener\">ISO 7864<\/a> Anhang D<\/strong><\/h3>\n<ul>\n<li>Gibt die Testmethode zur Messung der <strong>Durchdringungskraft<\/strong> Und <strong>Luftwiderstandskraft<\/strong> von Nadeln, was f\u00fcr die Gew\u00e4hrleistung ihrer Leistung w\u00e4hrend des Gebrauchs von zentraler Bedeutung ist.<\/li>\n<\/ul>\n<h3><strong>GB 15811<\/strong><\/h3>\n<ul>\n<li>Dieser chinesische Standard beschreibt spezifische Methoden f\u00fcr die <strong>Nadelpenetrationstest<\/strong>, an die sich der NPD-01 h\u00e4lt.<\/li>\n<\/ul>\n<p>Durch den Einsatz dieses Instruments stellen Sie sicher, dass Ihre Produkte den h\u00f6chsten Industriestandards entsprechen und f\u00fcr die beh\u00f6rdliche Zulassung in verschiedenen M\u00e4rkten geeignet sind.<\/p>\n<h2>Support und Training<\/h2>\n<p>Cell Instruments bietet <strong>Umfassende Betreuung und Schulung<\/strong> um den Benutzern zu helfen, das Beste aus dem <strong>NPD-01 Instrument zur Messung der Nadelpenetrationskraft<\/strong>:<\/p>\n<ul>\n<li><strong>Anwenderschulung<\/strong>: Unsere Schulungsprogramme sind darauf ausgerichtet, Ihnen die Bedienung des Ger\u00e4ts und die Prinzipien der <strong>Nadelpr\u00fcfung<\/strong>.<\/li>\n<li><strong>Technische Unterst\u00fctzung<\/strong>: Wir bieten fortlaufenden technischen Support f\u00fcr die Fehlerbehebung, Wartung und Kalibrierung.<\/li>\n<li><strong>Kalibrierungsdienste<\/strong>: Um eine dauerhafte Genauigkeit zu gew\u00e4hrleisten, bieten wir j\u00e4hrlich professionelle Kalibrierungsdienste an.<\/li>\n<\/ul>\n<h2>H\u00e4ufig gestellte Fragen (FAQ)<\/h2>\n<p><strong>F1: Welche Vorteile bietet die Pr\u00fcfung der Nadelwiderstandskraft?<br \/>\n<\/strong>A1: Durch das Testen der Widerstandskraft wird sichergestellt, dass sich die Nadel reibungslos durch das Gewebe bewegt, was Beschwerden reduziert und die klinische Wirksamkeit verbessert. Es hilft auch, die Leistung von Nadeln unter verschiedenen Bedingungen vorherzusagen.<\/p>\n<p><strong>F2: Kann dieser Tester zum Testen verschiedener Nadeltypen verwendet werden?<\/strong><br \/>\nA2: Ja, die <strong>NPD-01<\/strong> ist vielseitig einsetzbar und kann eine Vielzahl von Nadeln testen, darunter Spritzen, Lanzetten und Injektionsnadeln. Es enth\u00e4lt mehrere Vorrichtungen f\u00fcr verschiedene Nadelgr\u00f6\u00dfen.<\/p>\n<p><strong>F3: Entspricht der NPD-01 den internationalen Teststandards?<\/strong><br \/>\nA3: Ja, die <strong>NPD-01<\/strong> h\u00e4lt sich an <strong>ISO 7864<\/strong> Und <strong>GB 15811<\/strong>, um sicherzustellen, dass es den weltweiten Teststandards f\u00fcr medizinische Ger\u00e4te entspricht.<\/p>\n<p><strong>F4: Welche Art von Daten gibt der NPD-01 aus?<\/strong><br \/>\nA4: Der NPD-01 liefert sowohl Kraftmessungen als auch Daten zur Eindringtiefe in Echtzeit. Die Ergebnisse sind \u00fcber das <strong>HMI-Touchscreen<\/strong> und eine integrierte <strong>Mikrodrucker<\/strong>.<\/p>","protected":false},"excerpt":{"rendered":"<p>Das Nadelpenetrationskraftmessger\u00e4t NPD-01 bietet genaue, zuverl\u00e4ssige Tests der Nadelpenetrationskraft und des Nadelwiderstands, die f\u00fcr die medizinische und pharmazeutische Industrie von entscheidender Bedeutung sind. Erfahren Sie mehr \u00fcber seine Anwendungen, Funktionsprinzipien und technischen Funktionen.<\/p>","protected":false},"featured_media":0,"comment_status":"closed","ping_status":"closed","template":"","meta":{"site-sidebar-layout":"default","site-content-layout":"default","ast-global-header-display":"","ast-main-header-display":"","ast-hfb-above-header-display":"","ast-hfb-below-header-display":"","ast-hfb-mobile-header-display":"","site-post-title":"","ast-breadcrumbs-content":"","ast-featured-img":"","footer-sml-layout":"","theme-transparent-header-meta":"default","adv-header-id-meta":"","stick-header-meta":"","header-above-stick-meta":"","header-main-stick-meta":"","header-below-stick-meta":""},"product_cat":[953,956,955,845,1178,1177,934,954,957,958,952,959,149,95],"product_tag":[],"class_list":{"0":"post-6425","1":"product","2":"type-product","3":"status-publish","5":"product_cat-bursting-tester","6":"product_cat-cobb-tester","7":"product_cat-crush-tester","8":"product_cat-customization","9":"product_cat-gb-15811","10":"product_cat-iso-7864","11":"product_cat-medical-packaging-tester","12":"product_cat-paper-tear-tester","13":"product_cat-plybond-tester","14":"product_cat-puncture-tester","15":"product_cat-rub-tester","16":"product_cat-stiffness-tester","17":"product_cat-pharma-and-medical-testers","18":"product_cat-products","19":"desktop-align-left","20":"tablet-align-left","21":"mobile-align-left","23":"first","24":"instock","25":"shipping-taxable","26":"product-type-simple"},"_links":{"self":[{"href":"https:\/\/www.qualitester.com\/de\/wp-json\/wp\/v2\/product\/6425","targetHints":{"allow":["GET"]}}],"collection":[{"href":"https:\/\/www.qualitester.com\/de\/wp-json\/wp\/v2\/product"}],"about":[{"href":"https:\/\/www.qualitester.com\/de\/wp-json\/wp\/v2\/types\/product"}],"replies":[{"embeddable":true,"href":"https:\/\/www.qualitester.com\/de\/wp-json\/wp\/v2\/comments?post=6425"}],"version-history":[{"count":0,"href":"https:\/\/www.qualitester.com\/de\/wp-json\/wp\/v2\/product\/6425\/revisions"}],"wp:attachment":[{"href":"https:\/\/www.qualitester.com\/de\/wp-json\/wp\/v2\/media?parent=6425"}],"wp:term":[{"taxonomy":"product_cat","embeddable":true,"href":"https:\/\/www.qualitester.com\/de\/wp-json\/wp\/v2\/product_cat?post=6425"},{"taxonomy":"product_tag","embeddable":true,"href":"https:\/\/www.qualitester.com\/de\/wp-json\/wp\/v2\/product_tag?post=6425"}],"curies":[{"name":"wp","href":"https:\/\/api.w.org\/{rel}","templated":true}]}}