{"id":5418,"date":"2024-11-19T11:08:52","date_gmt":"2024-11-19T03:08:52","guid":{"rendered":"https:\/\/www.qualitester.com\/?post_type=product&#038;p=5418"},"modified":"2024-12-05T15:47:38","modified_gmt":"2024-12-05T07:47:38","slug":"sale-melt-flow-index-tester","status":"publish","type":"product","link":"https:\/\/www.qualitester.com\/de\/produkt-2\/sale-melt-flow-index-tester\/","title":{"rendered":"Schmelzflussindex-Tester"},"content":{"rendered":"<h2><strong>Einf\u00fchrung in den Schmelzflussindex-Tester<\/strong><\/h2>\n<p>Der <strong>Schmelzflussindex-Tester<\/strong> ist ein hochpr\u00e4zises Instrument zur Messung der Schmelzflusseigenschaften von thermoplastischen Materialien unter kontrollierten Bedingungen. Durch die Bestimmung der Schmelzmassenflie\u00dfrate (MFR) und der Schmelzvolumenflie\u00dfrate (MVR) liefert dieser Tester wertvolle Einblicke in die Verarbeitbarkeit von Polymeren, was f\u00fcr die Qualit\u00e4tskontrolle, Materialauswahl und Fertigungsoptimierung von entscheidender Bedeutung ist. Ob in der Automobil-, Pharma-, Lebensmittelverpackungs- oder Elektronikindustrie \u2013 der Schmelzflussindex-Tester stellt sicher, dass Materialien bestimmte Flie\u00dfeigenschaften f\u00fcr eine zuverl\u00e4ssige Verarbeitung aufweisen.<\/p>\n<h2><strong>Anwendungen des Schmelzindexpr\u00fcfers<\/strong><\/h2>\n<p>Der Schmelzindex-Tester wird h\u00e4ufig in Branchen eingesetzt, in denen eine pr\u00e4zise Pr\u00fcfung von Polymermaterialien erforderlich ist. Er eignet sich besonders zum Testen <strong>technische Kunststoffe<\/strong> mit hohen Schmelzpunkten, wie <strong>Polyarylsulfon, Nylon, Fluorkunststoffe<\/strong>, Und <strong>Polyethylen<\/strong>sowie Kunststoffe mit niedrigerem Schmelzpunkt, einschlie\u00dflich <strong>Polypropylen<\/strong>, <strong>ABS<\/strong>, <strong>Polystyrol<\/strong>, Und <strong>Polyoxymethylen<\/strong>. Durch die genaue Messung der Flie\u00dfrate dieser Materialien k\u00f6nnen Hersteller sicherstellen, dass sich ihre Kunststoffe w\u00e4hrend der Verarbeitung vorhersehbar verhalten und die Produktspezifikationen erf\u00fcllen.<\/p>\n<h3><strong>Branchen<\/strong>:<\/h3>\n<ul>\n<li><strong>Verpackung<\/strong>: Gew\u00e4hrleistet einen gleichm\u00e4\u00dfigen Materialfluss f\u00fcr Verpackungsfolien und -beh\u00e4lter.<\/li>\n<li><strong>Automobilindustrie<\/strong>: \u00dcberpr\u00fcft die Zuverl\u00e4ssigkeit von Kunststoffen, die in Fahrzeugkomponenten verwendet werden.<\/li>\n<li><strong>Pharmazeutika<\/strong>: Best\u00e4tigt die Konsistenz bei der Herstellung von Arzneimittelabgabesystemen.<\/li>\n<li><strong>Elektronik<\/strong>: Testet die Flie\u00dfeigenschaften von Materialien, die in elektronischen Komponenten verwendet werden.<\/li>\n<li><strong>Medizin<\/strong>: Bewertet die Verarbeitbarkeit von Materialien f\u00fcr medizinische Ger\u00e4te.<\/li>\n<\/ul>\n<h2><strong>Pr\u00fcfprinzip<\/strong><\/h2>\n<p>Der Schmelzindex-Tester bestimmt die <strong>Schmelze-Masseflie\u00dfrate (MFR)<\/strong> Und <strong>Schmelzvolumenflie\u00dfrate (MVR)<\/strong> durch Extrudieren von geschmolzenem Material aus einem beheizten Zylinder durch eine D\u00fcse mit festgelegter L\u00e4nge und festgelegtem Durchmesser unter voreingestellten Temperatur- und Belastungsbedingungen.<\/p>\n<ul>\n<li><strong>MFR (Verfahren A)<\/strong>: Bei dieser Methode wird die Extrusionsrate berechnet, indem das Gewicht des extrudierten Materials \u00fcber einen festgelegten Zeitraum (normalerweise 10 Minuten) in Gramm pro 10 Minuten (g\/10 min) gemessen wird.<\/li>\n<li><strong>MVR (Verfahren B)<\/strong>: Bei dieser Methode wird der Kolbenhub \u00fcber eine bestimmte Zeit oder Distanz gemessen und ergibt die Extrusionsrate in Kubikzentimetern pro 10 Minuten (cm\u00b3\/10 min).<\/li>\n<\/ul>\n<p>MVR kann in MFR umgewandelt werden oder umgekehrt, wenn die <strong>Schmelzdichte<\/strong> des Materials bei der Pr\u00fcftemperatur bekannt ist.<\/p>\n<h2><strong>Normen ISO 1133 und ASTM D1238<\/strong><\/h2>\n<p>Der Schmelzindex-Tester entspricht den international anerkannten Normen <strong>ISO 1133<\/strong> Und <strong>ASTM D1238<\/strong>, wodurch genaue und reproduzierbare Ergebnisse bei der Messung der Flie\u00dfeigenschaften von Thermoplasten gew\u00e4hrleistet werden.<\/p>\n<ul>\n<li><a href=\"https:\/\/www.iso.org\/standard\/83905.html\" target=\"_blank\" rel=\"noopener nofollow\"><strong>ISO 1133-1<\/strong><\/a> Und <a href=\"https:\/\/www.iso.org\/standard\/44274.html\" target=\"_blank\" rel=\"noopener nofollow\"><strong>ISO 1133-2<\/strong><\/a> Festlegung von Testmethoden f\u00fcr <strong>MFR<\/strong> Und <strong>MVR<\/strong> Bestimmung.<\/li>\n<li><a href=\"https:\/\/www.astm.org\/d1238-10.html\" target=\"_blank\" rel=\"noopener nofollow\"><strong>ASTM D1238<\/strong><\/a> bietet Richtlinien zum Messen der Schmelzflussrate von thermoplastischen Materialien unter kontrollierten Temperatur-, Last- und D\u00fcsenbedingungen.<\/li>\n<\/ul>\n<p>Diese Standards sind von entscheidender Bedeutung, um Konsistenz zwischen verschiedenen Laboren, Herstellern und Branchen sicherzustellen.<\/p>\n<h2><strong>Pr\u00fcfverfahren f\u00fcr MFR und MVR<\/strong><\/h2>\n<ul>\n<li><strong>Massenmessverfahren (MFR)<\/strong>: Bei diesem Test wird das \u00fcber einen bestimmten Zeitraum produzierte Extrudat gewogen und anhand dieser Daten die Schmelzflussrate in Gramm pro 10 Minuten berechnet.<\/li>\n<li><strong>Wegmessverfahren (MVR)<\/strong>: Misst die Bewegung des Kolbens und berechnet die Extrusionsrate in Kubikzentimetern pro 10 Minuten.<\/li>\n<\/ul>\n<p><strong>Last- und Temperaturregelung<\/strong> sind entscheidend f\u00fcr die Sicherstellung konsistenter Ergebnisse. Der Schmelzindex-Tester kann mehrere Lastoptionen aufnehmen, von <strong>0,325 kg<\/strong> Zu <strong>21,6 kg<\/strong> abh\u00e4ngig vom zu pr\u00fcfenden Material, und die Temperatur wird pr\u00e4zise geregelt, um den Pr\u00fcfnormen zu entsprechen.<\/p>\n<h2><strong>Schmelzflussindex (MFR) und Schmelzvolumenflie\u00dfrate (MVR)<\/strong><\/h2>\n<ul>\n<li><strong>MFR (Schmelze-Masseflie\u00dfrate)<\/strong>: MFR ist die Geschwindigkeit, mit der ein Polymermaterial unter bestimmten Bedingungen hinsichtlich Belastung, Temperatur und D\u00fcsenabmessungen durch eine D\u00fcse extrudiert wird. MFR wird angegeben in <strong>Gramm pro 10 Minuten<\/strong> (g\/10 min) oder <strong>Dezigramm pro Minute<\/strong> (dg\/min).<\/li>\n<li><strong>MVR (Schmelze-Volumen-Flie\u00dfrate)<\/strong>: MVR misst das Volumen des extrudierten Materials pro Zeiteinheit (Kubikzentimeter pro 10 Minuten) und ist besonders n\u00fctzlich beim Umgang mit Materialien, die keine konstante Schmelzdichte aufweisen.<\/li>\n<\/ul>\n<p>Diese Messungen sind f\u00fcr Hersteller von entscheidender Bedeutung, um zu bestimmen, wie leicht ein Kunststoff verarbeitet werden kann, was sich auf seinen Einsatz in verschiedenen Anwendungen, vom Spritzguss bis zur Extrusion, auswirkt.<\/p>\n<h2><strong>Belastung bei MFR- und MVR-Pr\u00fcfung<\/strong><\/h2>\n<p>Der <strong>laden<\/strong> bei MFR- und MVR-Tests bezieht sich auf die kombinierte Kraft, die vom Kolben und eventuell hinzugef\u00fcgten Gewichten ausge\u00fcbt wird. Diese Kraft ist entscheidend f\u00fcr die Bestimmung der Extrusionsrate des Materials unter bestimmten Bedingungen. Die <strong>Nennlasten<\/strong> Typischerweise werden f\u00fcr Tests verwendet: <strong>0,325 kg, 1,200 kg, 2,160 kg, 3,800 kg, 5,000 kg, 10,000 kg<\/strong>, Und <strong>21,600 kg<\/strong>. Die richtige Last wird anhand der Viskosit\u00e4t des Materials und der gew\u00fcnschten Testbedingungen ausgew\u00e4hlt.<\/p>\n<h2><strong>Hauptmerkmale des Schmelzflussindex-Testers<\/strong><\/h2>\n<ul>\n<li><strong>Pr\u00e4zise Temperaturregelung<\/strong>: Einstellbare Heizelemente gew\u00e4hrleisten eine genaue und konstante Temperaturregelung f\u00fcr zuverl\u00e4ssige Tests einer breiten Palette von Thermoplasten.<\/li>\n<li><strong>Flexible Ladeoptionen<\/strong>: W\u00e4hlen Sie aus einer Reihe von Nenngewichten passend zu verschiedenen Materialien und Testbedingungen.<\/li>\n<li><strong>Benutzerfreundliches Interface<\/strong>: Dank der einfachen Steuerung ist der Schmelzflussindex-Tester leicht zu bedienen und erm\u00f6glicht eine schnelle Einrichtung und genaue Pr\u00fcfung.<\/li>\n<li><strong>Datenprotokollierung und Berichterstellung<\/strong>: Bietet genaue MFR- und MVR-Werte, die f\u00fcr sp\u00e4tere Analysen oder zu Qualit\u00e4tssicherungszwecken protokolliert und gespeichert werden k\u00f6nnen.<\/li>\n<\/ul>\n<h2><strong>Warum sollten Sie sich f\u00fcr den Schmelzflussindex-Tester von Cell Instruments entscheiden?<\/strong><\/h2>\n<p>Der Schmelzindex-Tester von Cell Instruments ist so konstruiert, dass er h\u00f6chste Genauigkeit und Konsistenz bei der Messung von MFR und MVR gem\u00e4\u00df den Normen ISO 1133 und ASTM D1238 bietet. Unsere Tester sind auf Langlebigkeit und Benutzerfreundlichkeit ausgelegt und zeichnen sich durch eine robuste Konstruktion und intuitive Bedienelemente aus.<\/p>\n<h2><strong>Vorteile<\/strong>:<\/h2>\n<ul>\n<li><strong>Pr\u00e4zise Ergebnisse<\/strong>: Erf\u00fcllt internationale Standards, um pr\u00e4zise Durchflussmessungen zu gew\u00e4hrleisten.<\/li>\n<li><strong>Anpassbare Optionen<\/strong>: Konfigurierbar f\u00fcr eine breite Palette von Polymeren und Testanforderungen.<\/li>\n<li><strong>Zuverl\u00e4ssigkeit<\/strong>: Konzipiert f\u00fcr den Dauereinsatz im Industrie- und Forschungsbereich.<\/li>\n<li><strong>Einhaltung von Industriestandards<\/strong>: Entspricht <strong>ISO 1133<\/strong> Und <strong>ASTM D1238<\/strong>, wodurch zuverl\u00e4ssige und wiederholbare Tests gew\u00e4hrleistet werden.<\/li>\n<\/ul>\n<p>Der Schmelzflussindex-Tester ist ein unverzichtbares Werkzeug zur Beurteilung des Flie\u00dfverhaltens von Thermoplasten und stellt sicher, dass die Materialien ihren Verarbeitungsanforderungen entsprechen. Ob f\u00fcr die Qualit\u00e4tskontrolle, die Materialforschung oder die Fertigungsoptimierung, dieser Tester liefert zuverl\u00e4ssige und genaue Ergebnisse und erf\u00fcllt <strong>ISO 1133<\/strong> Und <strong>ASTM D1238<\/strong> Standards. Mit anpassbaren Optionen und benutzerfreundlicher Bedienung ist der Schmelzflussindex-Tester von Cell Instruments die ideale Wahl f\u00fcr jede Labor- oder Produktionsumgebung.<\/p>","protected":false},"excerpt":{"rendered":"<p>Der <strong>Schmelzflussindex-Tester<\/strong> ist ein hochpr\u00e4zises Instrument zur Messung der Schmelzflusseigenschaften von thermoplastischen Materialien unter kontrollierten Bedingungen. Durch die Bestimmung der Schmelzmassenflie\u00dfrate (MFR) und der Schmelzvolumenflie\u00dfrate (MVR) liefert dieser Tester wertvolle Einblicke in die Verarbeitbarkeit von Polymeren, was f\u00fcr die Qualit\u00e4tskontrolle, Materialauswahl und Fertigungsoptimierung von entscheidender Bedeutung ist. Ob in der Automobil-, Pharma-, Lebensmittelverpackungs- oder Elektronikindustrie \u2013 der Schmelzflussindex-Tester stellt sicher, dass Materialien bestimmte Flie\u00dfeigenschaften f\u00fcr eine zuverl\u00e4ssige Verarbeitung aufweisen.<\/p>","protected":false},"featured_media":6307,"comment_status":"closed","ping_status":"closed","template":"","meta":{"site-sidebar-layout":"default","site-content-layout":"default","ast-global-header-display":"","ast-main-header-display":"","ast-hfb-above-header-display":"","ast-hfb-below-header-display":"","ast-hfb-mobile-header-display":"","site-post-title":"","ast-breadcrumbs-content":"","ast-featured-img":"","footer-sml-layout":"","theme-transparent-header-meta":"default","adv-header-id-meta":"","stick-header-meta":"","header-above-stick-meta":"","header-main-stick-meta":"","header-below-stick-meta":""},"product_cat":[1127,845,1126,1125,16,95],"product_tag":[],"class_list":{"0":"post-5418","1":"product","2":"type-product","3":"status-publish","4":"has-post-thumbnail","6":"product_cat-astm-d1238","7":"product_cat-customization","8":"product_cat-iso-1133-1","9":"product_cat-iso-1133-2","10":"product_cat-plastic-packaging-testers","11":"product_cat-products","12":"desktop-align-left","13":"tablet-align-left","14":"mobile-align-left","16":"first","17":"instock","18":"shipping-taxable","19":"product-type-simple"},"_links":{"self":[{"href":"https:\/\/www.qualitester.com\/de\/wp-json\/wp\/v2\/product\/5418","targetHints":{"allow":["GET"]}}],"collection":[{"href":"https:\/\/www.qualitester.com\/de\/wp-json\/wp\/v2\/product"}],"about":[{"href":"https:\/\/www.qualitester.com\/de\/wp-json\/wp\/v2\/types\/product"}],"replies":[{"embeddable":true,"href":"https:\/\/www.qualitester.com\/de\/wp-json\/wp\/v2\/comments?post=5418"}],"version-history":[{"count":0,"href":"https:\/\/www.qualitester.com\/de\/wp-json\/wp\/v2\/product\/5418\/revisions"}],"wp:featuredmedia":[{"embeddable":true,"href":"https:\/\/www.qualitester.com\/de\/wp-json\/wp\/v2\/media\/6307"}],"wp:attachment":[{"href":"https:\/\/www.qualitester.com\/de\/wp-json\/wp\/v2\/media?parent=5418"}],"wp:term":[{"taxonomy":"product_cat","embeddable":true,"href":"https:\/\/www.qualitester.com\/de\/wp-json\/wp\/v2\/product_cat?post=5418"},{"taxonomy":"product_tag","embeddable":true,"href":"https:\/\/www.qualitester.com\/de\/wp-json\/wp\/v2\/product_tag?post=5418"}],"curies":[{"name":"wp","href":"https:\/\/api.w.org\/{rel}","templated":true}]}}