{"id":5401,"date":"2024-11-18T11:06:12","date_gmt":"2024-11-18T03:06:12","guid":{"rendered":"https:\/\/www.qualitester.com\/?post_type=product&#038;p=5401"},"modified":"2024-12-05T15:37:27","modified_gmt":"2024-12-05T07:37:27","slug":"sale-fabric-thickness-tester-gauge","status":"publish","type":"product","link":"https:\/\/www.qualitester.com\/de\/produkt-2\/sale-fabric-thickness-tester-gauge\/","title":{"rendered":"FTT-02 Gewebedickenpr\u00fcfger\u00e4t"},"content":{"rendered":"<p>Der <strong>FTT-02 Gewebedickenpr\u00fcfger\u00e4t<\/strong> ist ein hochpr\u00e4zises Instrument zur Messung der Dicke verschiedener Stoffe, darunter schmelzgeblasene Vliesstoffe, Spinnvlies, SMS (Spun-Bond\/Melt-Blown\/Spun-Bond), Spunlace, Nadelvlies, Gewebe und Maschenware. Es wurde auf Zuverl\u00e4ssigkeit und Genauigkeit ausgelegt und gew\u00e4hrleistet die Einhaltung globaler Teststandards. Damit ist es ein unverzichtbares Werkzeug f\u00fcr Branchen wie Textilien, medizinische Ger\u00e4te, Verpackung und Qualit\u00e4tskontrolle.<\/p>\n<h2><strong>Anwendungen des Stoffdickenpr\u00fcfers FTT-02<\/strong><\/h2>\n<p>Der FTT-02 ist vielseitig und ideal f\u00fcr eine breite Palette von Materialien, darunter:<\/p>\n<ul>\n<li>Schmelzgeblasene und spinngebundene Vliesstoffe.<\/li>\n<li>SMS-Vliesstoffe f\u00fcr Medizin- und Hygieneprodukte.<\/li>\n<li>Spunlace- und Nadelvliesstoffe f\u00fcr Polsterm\u00f6bel und industrielle Anwendungen.<\/li>\n<li>Gewebe und Maschenwaren f\u00fcr Bekleidung und technische Stoffe.<\/li>\n<\/ul>\n<p>Dies macht es zu einem wichtigen Ger\u00e4t f\u00fcr Branchen wie die Verpackungs-, Medizin-, Pharma- und Textilbranche sowie f\u00fcr Qualit\u00e4tssicherungsbeh\u00f6rden.<\/p>\n<h2><strong>Eigenschaften und Vorteile<\/strong><\/h2>\n<h3><strong>Pr\u00e4zisionsmessung<\/strong><\/h3>\n<ul>\n<li>Messbereich: <strong>0,001\u201325 mm<\/strong> mit einer Entschlie\u00dfung von <strong>0,001 mm<\/strong>, wodurch hochpr\u00e4zise Ergebnisse f\u00fcr kritische Anwendungen gew\u00e4hrleistet werden.<\/li>\n<\/ul>\n<h3><strong>Flexibilit\u00e4t testen<\/strong><\/h3>\n<ul>\n<li>Optionen f\u00fcr <strong>einzel<\/strong> oder <strong>kontinuierliches Testen<\/strong> bieten Anpassungsf\u00e4higkeit an verschiedene Betriebsanforderungen.<\/li>\n<\/ul>\n<h3><strong>Anpassbare Gewichte und Einstellungen<\/strong><\/h3>\n<ul>\n<li>Einstellbare N\u00e4hfu\u00dfgr\u00f6\u00dfen: <strong>11,28 mm, 50,48 mm, 56,42 mm und 112,84 mm<\/strong>.<\/li>\n<li>Mehrere Kontaktfl\u00e4chengr\u00f6\u00dfen: <strong>\u03c6100, \u03c62000, \u03c62500, \u03c610000mm\u00b2<\/strong>.<\/li>\n<li>Gewichtsoptionen von <strong>5cN<\/strong> Zu <strong>500 cN<\/strong> und Druckzeiteinstellungen von <strong>10 Sekunden<\/strong> Und <strong>30er Jahre<\/strong> f\u00fcr ma\u00dfgeschneiderte Tests.<\/li>\n<\/ul>\n<h3><strong>Benutzerfreundliches Design<\/strong><\/h3>\n<ul>\n<li>Kompakte Abmessungen (<strong>410 \u00d7 160 \u00d7 395 mm<\/strong>) und ein \u00fcberschaubares Gewicht (<strong>35 kg<\/strong>) sorgen f\u00fcr eine einfache Einrichtung und Bedienung.<\/li>\n<li>Arbeitet auf einem Standard <strong>220 V, 50 Hz<\/strong> Stromversorgung.<\/li>\n<\/ul>\n<h2><strong>Einhaltung von Standards<\/strong><\/h2>\n<p>Der <strong>FTT-02 Gewebedickenpr\u00fcfger\u00e4t<\/strong> wurde entwickelt, um die Anforderungen der folgenden globalen Standards zu erf\u00fcllen und zu \u00fcbertreffen:<\/p>\n<ul>\n<li><a href=\"https:\/\/www.iso.org\/standard\/23348.html\" target=\"_blank\" rel=\"noopener nofollow\"><strong>ISO 5084<\/strong><\/a>: Standard zur Messung der Dicke von Textilien unter spezifischem Druck.<\/li>\n<li><a href=\"https:\/\/www.iso.org\/standard\/16652.html\" target=\"_blank\" rel=\"noopener nofollow\"><strong>ISO 9073-2<\/strong><\/a>: Dickenbestimmung f\u00fcr Vliesstoffe.<\/li>\n<li><a href=\"https:\/\/www.iso.org\/standard\/59641.html\" target=\"_blank\" rel=\"noopener nofollow\"><strong>ISO 9863<\/strong><\/a>: Richtlinien zur Messung der Dicke von Geokunststoffen.<\/li>\n<li><a href=\"https:\/\/www.astm.org\/d1777-96r19.html\" target=\"_blank\" rel=\"noopener nofollow\"><strong>ASTM D1777<\/strong><\/a>: Methoden zur Dickenmessung textiler Materialien.<\/li>\n<li><strong>GB\/T 24218.2 und GB\/T 3820<\/strong>: Chinesische Standards zur Pr\u00fcfung der Stoffdicke.<\/li>\n<li><strong>FZ\/T 01003 und FZ\/T 60004<\/strong>: Standards f\u00fcr bestimmte Textilprodukte auf dem chinesischen Markt.<\/li>\n<\/ul>\n<p>Diese Zertifizierungen stellen sicher, dass der Tester sowohl f\u00fcr inl\u00e4ndische als auch internationale Anwendungen geeignet ist.<\/p>\n<h2><strong>Technische Spezifikationen<\/strong><\/h2>\n<table>\n<thead>\n<tr>\n<th><strong>Parameter<\/strong><\/th>\n<th><strong>Details<\/strong><\/th>\n<\/tr>\n<\/thead>\n<tbody>\n<tr>\n<td style=\"text-align: center;\">Messbereich<\/td>\n<td style=\"text-align: center;\">0,001\u201325 mm<\/td>\n<\/tr>\n<tr>\n<td style=\"text-align: center;\">Aufl\u00f6sung<\/td>\n<td style=\"text-align: center;\">0,001 mm<\/td>\n<\/tr>\n<tr>\n<td style=\"text-align: center;\">N\u00e4hfu\u00df (mm)<\/td>\n<td style=\"text-align: center;\">11.28, 50.48, 56.42, 112.84<\/td>\n<\/tr>\n<tr>\n<td style=\"text-align: center;\">Kontaktfl\u00e4che (mm\u00b2)<\/td>\n<td style=\"text-align: center;\">\u03c6100, \u03c62000, \u03c62500, \u03c610000<\/td>\n<\/tr>\n<tr>\n<td style=\"text-align: center;\">Gewichtsoptionen (cN)<\/td>\n<td style=\"text-align: center;\">5, 10, 50, 100, 200, 500<\/td>\n<\/tr>\n<tr>\n<td style=\"text-align: center;\">Druckzeiteinstellungen<\/td>\n<td style=\"text-align: center;\">10er, 30er<\/td>\n<\/tr>\n<tr>\n<td style=\"text-align: center;\">Gr\u00f6\u00dfe (mm)<\/td>\n<td style=\"text-align: center;\">410 \u00d7 160 \u00d7 395<\/td>\n<\/tr>\n<tr>\n<td style=\"text-align: center;\">Gewicht (kg)<\/td>\n<td style=\"text-align: center;\">35<\/td>\n<\/tr>\n<tr>\n<td style=\"text-align: center;\">Stromversorgung<\/td>\n<td style=\"text-align: center;\">220 V, 50 Hz<\/td>\n<\/tr>\n<\/tbody>\n<\/table>\n<h2><strong>So funktioniert der Stoffdickenpr\u00fcfer<\/strong><\/h2>\n<ol>\n<li><strong>Probenvorbereitung<\/strong>: Legen Sie die Stoffprobe sicher auf die Testplattform.<\/li>\n<li><strong>N\u00e4hfu\u00dfeinstellung<\/strong>: W\u00e4hlen Sie die passende N\u00e4hfu\u00dfgr\u00f6\u00dfe und Kontaktfl\u00e4che f\u00fcr das Material.<\/li>\n<li><strong>Gewicht und Presszeit<\/strong>: Das gew\u00fcnschte Gewicht auflegen und die Presszeit einstellen (10s oder 30s).<\/li>\n<li><strong>Messung<\/strong>: Das Instrument misst die Dicke basierend auf den angegebenen Einstellungen und liefert pr\u00e4zise Ergebnisse, die f\u00fcr die Qualit\u00e4tssicherung entscheidend sind.<\/li>\n<\/ol>\n<h2><strong>Vorteile in verschiedenen Branchen<\/strong><\/h2>\n<ul>\n<li><strong>Textilindustrie<\/strong>: Garantiert eine gleichm\u00e4\u00dfige Stoffdicke und verbessert so die Produktqualit\u00e4t und Haltbarkeit.<\/li>\n<li><strong>Medizinische Ger\u00e4te<\/strong>: \u00dcberpr\u00fcft die Gleichm\u00e4\u00dfigkeit der in OP-Masken und -Kitteln verwendeten Vliesmaterialien.<\/li>\n<li><strong>Verpackungsmaterialien<\/strong>: Gew\u00e4hrleistet optimale Materialst\u00e4rke f\u00fcr zuverl\u00e4ssige Leistung bei Verpackungsanwendungen.<\/li>\n<li><strong>Forschung und Entwicklung<\/strong>: Unterst\u00fctzt die Entwicklung innovativer Materialien und Produkte.<\/li>\n<\/ul>\n<h2><strong>Anpassungs- und Automatisierungsdienste<\/strong><\/h2>\n<p>Cell Instruments bietet Anpassungsoptionen zur Erf\u00fcllung einzigartiger Testanforderungen, wie z. B. ma\u00dfgeschneiderte Gewichte, Presszeiten und Automatisierungstransformationsdienste f\u00fcr Hochdurchsatzumgebungen.<\/p>\n<p>Der <strong>FTT-02 Gewebedickenpr\u00fcfger\u00e4t<\/strong> ist ein vielseitiges und unverzichtbares Werkzeug zur Messung der Stoffdicke, das die Einhaltung internationaler Normen gew\u00e4hrleistet und die strengen Anforderungen verschiedener Branchen erf\u00fcllt. Dank seiner Pr\u00e4zision, Flexibilit\u00e4t und seines robusten Designs erm\u00f6glicht es Unternehmen, eine \u00fcberragende Qualit\u00e4t und Zuverl\u00e4ssigkeit ihrer Produkte zu erreichen.<\/p>\n<h2><strong>FAQ-Bereich<\/strong><\/h2>\n<ol>\n<li><strong>Welche Materialien k\u00f6nnen mit dem FTT-02 gepr\u00fcft werden?<\/strong><br \/>\nEs misst die Dicke von gewebten, gestrickten und nicht gewebten Stoffen, einschlie\u00dflich SMS-, Spunlace- und Nadelvliesstoffen.<\/li>\n<li><strong>Welche Normen erf\u00fcllt das FTT-02?<\/strong><br \/>\nEs entspricht ISO 5084, ISO 9073-2, ASTM D1777 und mehreren anderen globalen und regionalen Standards.<\/li>\n<li><strong>Ist der Tester f\u00fcr medizinische Anwendungen geeignet?<\/strong><br \/>\nJa, es wird h\u00e4ufig zum Testen von Vliesstoffen verwendet, die in Operationsmasken, Kitteln und anderen medizinischen Materialien verwendet werden.<\/li>\n<li><strong>Kann das Ger\u00e4t an spezielle Bed\u00fcrfnisse angepasst werden?<\/strong><br \/>\nJa, Cell Instruments bietet Anpassungsoptionen f\u00fcr Gewichte, Einstellungen und sogar Automatisierungsfunktionen.<\/li>\n<li><strong>Warum ist die Pr\u00fcfung der Stoffdicke wichtig?<\/strong><br \/>\nEs gew\u00e4hrleistet Materialkonsistenz, verbessert die Produktleistung und garantiert die Einhaltung von Industriestandards.<\/li>\n<\/ol>","protected":false},"excerpt":{"rendered":"<p>Der <strong>FTT-02 Gewebedickenpr\u00fcfger\u00e4t<\/strong> ist ein hochpr\u00e4zises Instrument zur Messung der Dicke verschiedener Stoffe, darunter schmelzgeblasene Vliesstoffe, Spinnvlies, SMS (Spun-Bond\/Melt-Blown\/Spun-Bond), Spunlace, Nadelvlies, Gewebe und Maschenware. Es wurde auf Zuverl\u00e4ssigkeit und Genauigkeit ausgelegt und gew\u00e4hrleistet die Einhaltung globaler Teststandards. Damit ist es ein unverzichtbares Werkzeug f\u00fcr Branchen wie Textilien, medizinische Ger\u00e4te, Verpackung und Qualit\u00e4tskontrolle.<\/p>","protected":false},"featured_media":6302,"comment_status":"closed","ping_status":"closed","template":"","meta":{"site-sidebar-layout":"default","site-content-layout":"default","ast-global-header-display":"","ast-main-header-display":"","ast-hfb-above-header-display":"","ast-hfb-below-header-display":"","ast-hfb-mobile-header-display":"","site-post-title":"","ast-breadcrumbs-content":"","ast-featured-img":"","footer-sml-layout":"","theme-transparent-header-meta":"default","adv-header-id-meta":"","stick-header-meta":"","header-above-stick-meta":"","header-main-stick-meta":"","header-below-stick-meta":""},"product_cat":[95,953,956,955,845,1117,954,957,958,952,959,938,962,685,120,163,172],"product_tag":[],"class_list":{"0":"post-5401","1":"product","2":"type-product","3":"status-publish","4":"has-post-thumbnail","6":"product_cat-products","7":"product_cat-bursting-tester","8":"product_cat-cobb-tester","9":"product_cat-crush-tester","10":"product_cat-customization","11":"product_cat-iso-9863","12":"product_cat-paper-tear-tester","13":"product_cat-plybond-tester","14":"product_cat-puncture-tester","15":"product_cat-rub-tester","16":"product_cat-stiffness-tester","17":"product_cat-textile-tester","18":"product_cat-thickness-gauges","19":"product_cat-thickness-tester","20":"product_cat-astm-d1777","21":"product_cat-iso-5084","22":"product_cat-iso-9073-2","23":"desktop-align-left","24":"tablet-align-left","25":"mobile-align-left","27":"first","28":"instock","29":"shipping-taxable","30":"product-type-simple"},"_links":{"self":[{"href":"https:\/\/www.qualitester.com\/de\/wp-json\/wp\/v2\/product\/5401","targetHints":{"allow":["GET"]}}],"collection":[{"href":"https:\/\/www.qualitester.com\/de\/wp-json\/wp\/v2\/product"}],"about":[{"href":"https:\/\/www.qualitester.com\/de\/wp-json\/wp\/v2\/types\/product"}],"replies":[{"embeddable":true,"href":"https:\/\/www.qualitester.com\/de\/wp-json\/wp\/v2\/comments?post=5401"}],"version-history":[{"count":0,"href":"https:\/\/www.qualitester.com\/de\/wp-json\/wp\/v2\/product\/5401\/revisions"}],"wp:featuredmedia":[{"embeddable":true,"href":"https:\/\/www.qualitester.com\/de\/wp-json\/wp\/v2\/media\/6302"}],"wp:attachment":[{"href":"https:\/\/www.qualitester.com\/de\/wp-json\/wp\/v2\/media?parent=5401"}],"wp:term":[{"taxonomy":"product_cat","embeddable":true,"href":"https:\/\/www.qualitester.com\/de\/wp-json\/wp\/v2\/product_cat?post=5401"},{"taxonomy":"product_tag","embeddable":true,"href":"https:\/\/www.qualitester.com\/de\/wp-json\/wp\/v2\/product_tag?post=5401"}],"curies":[{"name":"wp","href":"https:\/\/api.w.org\/{rel}","templated":true}]}}