{"id":5398,"date":"2024-11-18T10:59:49","date_gmt":"2024-11-18T02:59:49","guid":{"rendered":"https:\/\/www.qualitester.com\/?post_type=product&#038;p=5398"},"modified":"2024-12-05T15:28:34","modified_gmt":"2024-12-05T07:28:34","slug":"sale-high-speed-unwinding-tester","status":"publish","type":"product","link":"https:\/\/www.qualitester.com\/de\/produkt-2\/sale-high-speed-unwinding-tester\/","title":{"rendered":"HSU-01 Hochgeschwindigkeits-Abwickeltester"},"content":{"rendered":"<p>Der <strong>HSU-01 Hochgeschwindigkeits-Abwickeltester<\/strong> ist ein fortschrittliches Instrument, das die Kraft misst, die zum Abwickeln von Klebeb\u00e4ndern von Rollen mit kontrollierter, hoher Geschwindigkeit erforderlich ist. Dieses innovative Ger\u00e4t ist f\u00fcr die Qualit\u00e4tssicherung von entscheidender Bedeutung und stellt sicher, dass Klebeb\u00e4nder den Industriestandards entsprechen und bei der Anwendung zuverl\u00e4ssig funktionieren. Von der Verpackungs- bis zur Automobil-, Medizin- und Elektronikindustrie ist das HSU-01 die ideale L\u00f6sung zum Testen der Abwickelkraft.<\/p>\n<h2>Anwendungen<\/h2>\n<p>Bei der Pr\u00fcfung der Abrollkraft wird das Verhalten von Klebeb\u00e4ndern unter realistischen Bedingungen bewertet. Dies gew\u00e4hrleistet gleichbleibende Qualit\u00e4t und Einhaltung von Industriestandards in verschiedenen Anwendungen wie:<\/p>\n<ul>\n<li><strong>Verpackung<\/strong>: Sicherstellung der Bandleistung w\u00e4hrend der Versiegelung und Lagerung.<\/li>\n<li><strong>Medizinische Ger\u00e4te<\/strong>: Gew\u00e4hrleistung der Klebstoffzuverl\u00e4ssigkeit bei kritischen Anwendungen im Gesundheitswesen.<\/li>\n<li><strong>Automobilindustrie<\/strong>: Beurteilung der Haltbarkeit von B\u00e4ndern f\u00fcr Montage und Reparatur.<\/li>\n<li><strong>Elektronik<\/strong>: Validierungsb\u00e4nder zur Isolierung und zum Schutz von Komponenten.<\/li>\n<\/ul>\n<h2>Normen und Pr\u00fcfverfahren<\/h2>\n<p>Der <strong>HSU-01 Hochgeschwindigkeits-Abwickeltester<\/strong>\u00a0entspricht f\u00fchrenden Industriestandards:<\/p>\n<h3>PSTC-13:<\/h3>\n<p>Der Goldstandard zum Testen von Klebeb\u00e4ndern. Gew\u00e4hrleistet eine genaue Messung der Abrollkraft bei hohen Geschwindigkeiten, um die Produktkonsistenz aufrechtzuerhalten.<\/p>\n<h3>ASTM D1000:<\/h3>\n<p>Definiert Testmethoden f\u00fcr druckempfindliche B\u00e4nder, die in elektrischen und elektronischen Anwendungen verwendet werden.<\/p>\n<h3>EN 12026:<\/h3>\n<p>Behandelt die Haltbarkeit von Klebeb\u00e4ndern auf europ\u00e4ischen M\u00e4rkten.<\/p>\n<h3>AFERA 4008:<\/h3>\n<p>Norm zur Bewertung der Leistung von Klebeb\u00e4ndern nach europ\u00e4ischen Richtlinien.<\/p>\n<p><strong>Testmethoden:<\/strong><\/p>\n<ul>\n<li>Befestigen Sie ein Ende des Bandes an einer rotierenden Spindel oder einem Dorn, um das Abwickeln in der realen Welt zu simulieren.<\/li>\n<li>Das andere Ende ist verankert und der Tester spult das Band mit einer voreingestellten Geschwindigkeit ab (gemessen in IPM oder mm\/s).<\/li>\n<li>Messen und erfassen Sie die zur Aufrechterhaltung der Bewegung erforderliche Kraft, einschlie\u00dflich der maximalen und durchschnittlichen Kr\u00e4fte.<\/li>\n<\/ul>\n<hr \/>\n<h2>Hauptmerkmale des Hochgeschwindigkeits-Abwickeltesters HSU-01<\/h2>\n<h3>Fortschrittliches Design und Funktionalit\u00e4t<\/h3>\n<p>Das HSU-01 ist ein speziell f\u00fcr Pr\u00e4zisionspr\u00fcfungen entwickeltes Ger\u00e4t. Es liefert Echtzeitdaten und detaillierte Einblicke in das Verhalten von Klebeb\u00e4ndern bei hohen Geschwindigkeiten.<\/p>\n<h3>Technische Daten:<\/h3>\n<table style=\"height: 274px;\" width=\"573\">\n<tbody>\n<tr>\n<td width=\"133\">Probengr\u00f6\u00dfe<\/td>\n<td width=\"660\">Rollendurchmesser 75 mm, Breite 75 mm. Max. Au\u00dfendurchmesser 300 mm (Anpassung m\u00f6glich)<\/td>\n<\/tr>\n<tr>\n<td width=\"133\">W\u00e4gezelle<\/td>\n<td width=\"660\">10kg, 20kg und 50kg sind optional<\/td>\n<\/tr>\n<tr>\n<td width=\"133\">Aufl\u00f6sung erzwingen<\/td>\n<td width=\"660\">0,01N<\/td>\n<\/tr>\n<tr>\n<td width=\"133\">Motor<\/td>\n<td width=\"660\">Servotyp<\/td>\n<\/tr>\n<tr>\n<td width=\"133\">Kontrolle<\/td>\n<td width=\"660\">SPS- und HMI-Touchscreen<\/td>\n<\/tr>\n<tr>\n<td width=\"133\">Leistung<\/td>\n<td width=\"660\">Wechselstrom 110\u2013220\u00a0V, 50\u00a0Hz<\/td>\n<\/tr>\n<\/tbody>\n<\/table>\n<h3>Effizienz und Zuverl\u00e4ssigkeit<\/h3>\n<ul>\n<li>Stabiles Testen bei vordefinierten hohen Geschwindigkeiten.<\/li>\n<li>Genaue Messungen gew\u00e4hrleisten die Produktqualit\u00e4t und die Einhaltung von Standards wie <strong>PSTC-13<\/strong>.<\/li>\n<li>Robuster Servomotor und fortschrittliche Steuerungssysteme sorgen f\u00fcr gleichbleibende Ergebnisse.<\/li>\n<\/ul>\n<h2>Vorteile des HSU-01<\/h2>\n<h3>Verbesserte Qualit\u00e4tssicherung<\/h3>\n<p>Durch die pr\u00e4zise Messung der Abrollkraft unterst\u00fctzt das HSU-01 Hersteller bei der Einhaltung hoher Qualit\u00e4tsstandards und stellt sicher, dass ihre Produkte die Kundenerwartungen und Branchenanforderungen erf\u00fcllen.<\/p>\n<h3>Anpassung und Flexibilit\u00e4t<\/h3>\n<p>Der Tester kann an verschiedene Bandgr\u00f6\u00dfen, W\u00e4gezellenkapazit\u00e4ten und Anwendungsanforderungen angepasst werden.<\/p>\n<h3>Benutzerfreundliche Bedienung<\/h3>\n<p>Mit SPS-Steuerung und einem HMI-Touchscreen gew\u00e4hrleistet das HSU-01 eine einfache Einrichtung, Bedienung und Datenanalyse.<\/p>\n<h2>FAQs<\/h2>\n<p><strong>1. Was ist die Hauptfunktion des HSU-01 Hochgeschwindigkeits-Abwickeltesters?<\/strong><br \/>\nDer HSU-01 misst die zum Abwickeln von Klebeb\u00e4ndern bei hoher Geschwindigkeit erforderliche Kraft und gew\u00e4hrleistet so gleichbleibende Qualit\u00e4t und Leistung.<\/p>\n<p><strong>2. Warum ist eine Pr\u00fcfung der Abrollkraft so wichtig?<\/strong><br \/>\nDurch die Pr\u00fcfung der Abrollkraft wird die Zuverl\u00e4ssigkeit des Klebebands w\u00e4hrend der Anwendung gew\u00e4hrleistet, sodass Hersteller Industrienormen wie PSTC-13 einhalten k\u00f6nnen.<\/p>\n<p><strong>3. Welche Branchen nutzen die Pr\u00fcfung der Abrollkraft?<\/strong><br \/>\nBranchen wie die Verpackungs-, Automobil-, Medizin- und Elektronikbranche verlassen sich auf diese Tests, um die Produktleistung sicherzustellen.<\/p>\n<p><strong>4. Was unterscheidet den HSU-01 von anderen Testern?<\/strong><br \/>\nDer HSU-01 bietet beispiellose Genauigkeit, anpassbare Optionen und intuitive Bedienelemente, unterst\u00fctzt durch SPS- und HMI-Technologie.<\/p>\n<p><strong>5. Kann das HSU-01 individuell angepasst werden?<\/strong><br \/>\nJa, der HSU-01 kann an spezifische Testanforderungen angepasst werden, einschlie\u00dflich Rollengr\u00f6\u00dfen, W\u00e4gezellenkapazit\u00e4ten und Testgeschwindigkeiten.<\/p>\n<p>Der <strong>HSU-01 Hochgeschwindigkeits-Abwickeltester<\/strong>\u00a0ist eine hochmoderne L\u00f6sung f\u00fcr die Pr\u00fcfung der Abrollkraft. Entspricht Normen wie <strong>PSTC-13<\/strong>, es gew\u00e4hrleistet die Leistung und Qualit\u00e4t von Klebeb\u00e4ndern in verschiedenen Branchen. Mit seinen erweiterten Funktionen, benutzerfreundlichen Bedienelementen und Anpassungsoptionen ist das HSU-01 das ultimative Werkzeug f\u00fcr Hersteller, die sich einer hervorragenden Qualit\u00e4tskontrolle verschrieben haben.<\/p>\n<div id=\"gtx-anchor\" style=\"position: absolute; visibility: hidden; left: 475.688px; top: 26px; width: 84px; height: 19px;\"><\/div>\n<div class=\"jfk-bubble gtx-bubble\" style=\"visibility: visible; left: -150px; top: 55px; opacity: 1;\" role=\"alertdialog\" aria-describedby=\"bubble-12\">\n<div id=\"bubble-12\" class=\"jfk-bubble-content-id\">\n<div id=\"gtx-host\" style=\"min-width: 200px; max-width: 400px;\"><\/div>\n<\/div>\n<div class=\"jfk-bubble-closebtn-id jfk-bubble-closebtn\" tabindex=\"0\" role=\"button\" aria-label=\"Schlie\u00dfen\"><\/div>\n<div class=\"jfk-bubble-arrow-id jfk-bubble-arrow jfk-bubble-arrowup\" style=\"left: 517.688px;\">\n<div class=\"jfk-bubble-arrowimplbefore\"><\/div>\n<div class=\"jfk-bubble-arrowimplafter\"><\/div>\n<\/div>\n<\/div>","protected":false},"excerpt":{"rendered":"<p>Der <strong>HSU-01 Hochgeschwindigkeits-Abwickeltester<\/strong> ist ein fortschrittliches Instrument, das die Kraft misst, die zum Abwickeln von Klebeb\u00e4ndern von Rollen mit kontrollierter, hoher Geschwindigkeit erforderlich ist. Dieses innovative Ger\u00e4t ist f\u00fcr die Qualit\u00e4tssicherung von entscheidender Bedeutung und stellt sicher, dass Klebeb\u00e4nder den Industriestandards entsprechen und bei der Anwendung zuverl\u00e4ssig funktionieren. Von der Verpackungs- bis zur Automobil-, Medizin- und Elektronikindustrie ist das HSU-01 die ideale L\u00f6sung zum Testen der Abwickelkraft.<\/p>","protected":false},"featured_media":6296,"comment_status":"closed","ping_status":"closed","template":"","meta":{"site-sidebar-layout":"default","site-content-layout":"default","ast-global-header-display":"","ast-main-header-display":"","ast-hfb-above-header-display":"","ast-hfb-below-header-display":"","ast-hfb-mobile-header-display":"","site-post-title":"","ast-breadcrumbs-content":"","ast-featured-img":"","footer-sml-layout":"","theme-transparent-header-meta":"default","adv-header-id-meta":"","stick-header-meta":"","header-above-stick-meta":"","header-main-stick-meta":"","header-below-stick-meta":""},"product_cat":[953,956,955,845,947,954,957,1116,958,952,959,673,118,95],"product_tag":[],"class_list":{"0":"post-5398","1":"product","2":"type-product","3":"status-publish","4":"has-post-thumbnail","6":"product_cat-bursting-tester","7":"product_cat-cobb-tester","8":"product_cat-crush-tester","9":"product_cat-customization","10":"product_cat-high-speed-unwinding-force","11":"product_cat-paper-tear-tester","12":"product_cat-plybond-tester","13":"product_cat-pstc-13","14":"product_cat-puncture-tester","15":"product_cat-rub-tester","16":"product_cat-stiffness-tester","17":"product_cat-adhesive-tester","18":"product_cat-astm-d1000","19":"product_cat-products","20":"desktop-align-left","21":"tablet-align-left","22":"mobile-align-left","24":"first","25":"instock","26":"shipping-taxable","27":"product-type-simple"},"_links":{"self":[{"href":"https:\/\/www.qualitester.com\/de\/wp-json\/wp\/v2\/product\/5398","targetHints":{"allow":["GET"]}}],"collection":[{"href":"https:\/\/www.qualitester.com\/de\/wp-json\/wp\/v2\/product"}],"about":[{"href":"https:\/\/www.qualitester.com\/de\/wp-json\/wp\/v2\/types\/product"}],"replies":[{"embeddable":true,"href":"https:\/\/www.qualitester.com\/de\/wp-json\/wp\/v2\/comments?post=5398"}],"version-history":[{"count":0,"href":"https:\/\/www.qualitester.com\/de\/wp-json\/wp\/v2\/product\/5398\/revisions"}],"wp:featuredmedia":[{"embeddable":true,"href":"https:\/\/www.qualitester.com\/de\/wp-json\/wp\/v2\/media\/6296"}],"wp:attachment":[{"href":"https:\/\/www.qualitester.com\/de\/wp-json\/wp\/v2\/media?parent=5398"}],"wp:term":[{"taxonomy":"product_cat","embeddable":true,"href":"https:\/\/www.qualitester.com\/de\/wp-json\/wp\/v2\/product_cat?post=5398"},{"taxonomy":"product_tag","embeddable":true,"href":"https:\/\/www.qualitester.com\/de\/wp-json\/wp\/v2\/product_tag?post=5398"}],"curies":[{"name":"wp","href":"https:\/\/api.w.org\/{rel}","templated":true}]}}