{"id":5394,"date":"2024-11-18T10:48:02","date_gmt":"2024-11-18T02:48:02","guid":{"rendered":"https:\/\/www.qualitester.com\/?post_type=product&#038;p=5394"},"modified":"2024-11-18T10:48:04","modified_gmt":"2024-11-18T02:48:04","slug":"sale-rolling-ball-tack-tester","status":"publish","type":"product","link":"https:\/\/www.qualitester.com\/de\/produkt-2\/sale-rolling-ball-tack-tester\/","title":{"rendered":"BTT Rolling Ball Tack Tester"},"content":{"rendered":"<h2><strong>Einf\u00fchrung in den Rolling Ball Tack Tester<\/strong><\/h2>\n<p>Der <strong>Rollkugel-Klebrigkeitstester<\/strong> ist ein unverzichtbares Werkzeug zur Bewertung der Klebrigkeit von Haftklebstoffen (PSAs). Es misst die F\u00e4higkeit des Klebstoffs, sich schnell mit einer Oberfl\u00e4che zu verbinden, und zwar mithilfe einer unkomplizierten und wiederholbaren Testmethode. Dieser Tester wird h\u00e4ufig in Branchen wie Verpackung, Medizintechnik, Elektronik und Klebstoffherstellung eingesetzt, in denen eine gleichbleibende Klebeleistung von entscheidender Bedeutung ist. Der f\u00fcr die Qualit\u00e4tskontrolle konzipierte Rollkugelklebrigkeitstest gew\u00e4hrleistet die pr\u00e4zise Erkennung von Abweichungen von Charge zu Charge und ist somit unverzichtbar f\u00fcr die Einhaltung hoher Produktstandards.<\/p>\n<h2><strong>Hauptmerkmale des Rolling Ball Tack Testers<\/strong><\/h2>\n<ul>\n<li><strong>Genaue und reproduzierbare Ergebnisse:<\/strong> Entwickelt f\u00fcr den Laboreinsatz und erm\u00f6glicht die zuverl\u00e4ssige Erkennung von Klebstoffabweichungen.<\/li>\n<li><strong>Zwei robuste Modelle:<\/strong>\n<ul>\n<li><strong>BTT-01 Robuster Typ:<\/strong> Verf\u00fcgt \u00fcber eine geneigte Rinne und einen Entriegelungshebel, damit eine 7\/16 Zoll (11,1 mm) gro\u00dfe Stahlkugel \u00fcber den Klebstoff rollen kann.<\/li>\n<li><strong>BTT-02 Geneigter Typ:<\/strong> Wird mit einstellbaren Neigungsplatten (20\u00b0, 30\u00b0 oder 40\u00b0) f\u00fcr flexible Testaufbauten und verbesserte Vielseitigkeit geliefert.<\/li>\n<\/ul>\n<\/li>\n<li><strong>Benutzerfreundlichkeit:<\/strong> Der Bedienaufwand ist minimal, daher ist es ideal f\u00fcr eine schnelle und kosteng\u00fcnstige Qualit\u00e4tskontrolle.<\/li>\n<\/ul>\n<h3>Hauptparameter<\/h3>\n<h4>BTT-01<\/h4>\n<table>\n<tbody>\n<tr>\n<td width=\"167\">Trogl\u00e4nge<\/td>\n<td width=\"167\">6,5 Zoll<\/td>\n<\/tr>\n<tr>\n<td width=\"167\">Neigungswinkel<\/td>\n<td width=\"167\">21,3\u00b0<\/td>\n<\/tr>\n<tr>\n<td width=\"167\">Rollender Ball<\/td>\n<td width=\"167\">7\/16 Zoll (Nr. 14)<\/td>\n<\/tr>\n<tr>\n<td width=\"167\">Dimension<\/td>\n<td width=\"167\">210*50*80mm LBH<\/td>\n<\/tr>\n<tr>\n<td width=\"167\">Gewicht<\/td>\n<td width=\"167\">0,5 kg<\/td>\n<\/tr>\n<\/tbody>\n<\/table>\n<h4>BTT-02<\/h4>\n<table>\n<tbody>\n<tr>\n<td width=\"167\">Neigungswinkel<\/td>\n<td width=\"167\">0~60\u00b0<\/td>\n<\/tr>\n<tr>\n<td width=\"167\">Testbereichsbreite<\/td>\n<td width=\"167\">120 mm<\/td>\n<\/tr>\n<tr>\n<td width=\"167\">Rollender Ball<\/td>\n<td width=\"167\">1\/32~1 Zoll<\/td>\n<\/tr>\n<tr>\n<td width=\"167\">Dimension<\/td>\n<td width=\"167\">320*140*180mm LBH<\/td>\n<\/tr>\n<tr>\n<td width=\"167\">Gewicht<\/td>\n<td width=\"167\">6 kg<\/td>\n<\/tr>\n<\/tbody>\n<\/table>\n<h2><strong>Anwendungen des Rolling Ball Tack Testers<\/strong><\/h2>\n<p>Der Tester wird in zahlreichen Branchen eingesetzt, unter anderem:<\/p>\n<ul>\n<li><strong>Verpackung:<\/strong> Stellt sicher, dass Etiketten und Siegel gleichm\u00e4\u00dfig haften.<\/li>\n<li><strong>Klebstoffherstellung:<\/strong> Best\u00e4tigt die Leistung von druckempfindlichen Klebeb\u00e4ndern und -folien.<\/li>\n<li><strong>Elektronik:<\/strong> Bewertet Klebstoffe f\u00fcr die Ger\u00e4temontage.<\/li>\n<li><strong>Medizinische Ger\u00e4te:<\/strong> \u00dcberpr\u00fcft die Klebstoffzuverl\u00e4ssigkeit f\u00fcr eine sichere Verklebung.<\/li>\n<\/ul>\n<h2><strong>Relevante Normen f\u00fcr Rolling Ball Tack-Tests<\/strong><\/h2>\n<p>Der <strong>Rollkugel-Klebrigkeitstester<\/strong> entspricht den folgenden wichtigen Standards:<\/p>\n<ul>\n<li><strong><a href=\"https:\/\/pstc.org\/resources\/test-methods\/\" target=\"_blank\" rel=\"noopener nofollow\">PSTC-6<\/a>:<\/strong> Konzentriert sich auf die vergleichende Messung der Klebrigkeit von Klebstoffen und bietet klare Richtlinien f\u00fcr Qualit\u00e4tskontrollanwendungen.<\/li>\n<li><strong><a href=\"https:\/\/www.astm.org\/d3121-17.html\" target=\"_blank\" rel=\"noopener nofollow\">ASTM D3121<\/a>:<\/strong> Gibt die Kugelrollmethode zur Bestimmung der Klebrigkeit an und gew\u00e4hrleistet so Reproduzierbarkeit und Pr\u00e4zision bei der Klebstoffbewertung.<\/li>\n<li><strong>JIS Z0237:<\/strong> Der japanische Industriestandard f\u00fcr die Pr\u00fcfung der Klebehaftung legt Wert auf die Einheitlichkeit und Genauigkeit der Testergebnisse.<br \/>\nDiese Normen bilden einen robusten Rahmen und machen den Tester zu einem zuverl\u00e4ssigen Werkzeug zur weltweiten Qualit\u00e4tssicherung von Klebstoffen.<\/li>\n<\/ul>\n<h2><strong>Testmethodik<\/strong><\/h2>\n<ol>\n<li><strong>Bereiten Sie die Klebstoffprobe vor:<\/strong> Befestigen Sie den Klebefilm oder das Substrat auf der Testfl\u00e4che.<\/li>\n<li><strong>Legen Sie den Neigungswinkel fest:<\/strong> Stellen Sie die geneigte Platte auf den gew\u00fcnschten Winkel ein (20\u00b0, 30\u00b0 oder 40\u00b0 f\u00fcr BTT-02).<\/li>\n<li><strong>Den Ball loslassen:<\/strong> Platzieren Sie eine Stahlkugel am oberen Ende der Schr\u00e4ge und lassen Sie sie mithilfe des Hebels oder der Platte los.<\/li>\n<li><strong>Bewerten Sie die Klebrigkeitsleistung:<\/strong> Beobachten Sie die Strecke, die der Ball zur\u00fccklegt, bevor er zum Stehen kommt. Sie zeigt die Haftkraft des Klebstoffs an.<\/li>\n<\/ol>\n<p>Diese einfache, aber effektive Methode gew\u00e4hrleistet konsistente und reproduzierbare Ergebnisse und ist daher ideal f\u00fcr routinem\u00e4\u00dfige Qualit\u00e4tskontrollen.<\/p>\n<h2><strong>Vorteile des Rolling Ball Tack Testers<\/strong><\/h2>\n<ul>\n<li><strong>Schnell und kosteng\u00fcnstig:<\/strong> Eine schnelle Methode, die nur minimale Ger\u00e4teinvestitionen erfordert.<\/li>\n<li><strong>Zuverl\u00e4ssige Qualit\u00e4tskontrolle:<\/strong> Erkennt effizient Klebstoffinkonsistenzen und stellt so die Chargenqualit\u00e4t sicher.<\/li>\n<li><strong>Benutzerfreundlichkeit:<\/strong> Unkomplizierter Testvorgang, der f\u00fcr Bediener aller Erfahrungsstufen geeignet ist.<\/li>\n<li><strong>Konform mit Standards:<\/strong> Erf\u00fcllt globale Testnormen wie PSTC-6, ASTM D3121 und JIS Z0237.<\/li>\n<\/ul>\n<h2><strong>Warum sollten Sie sich f\u00fcr Cell Instruments zur Pr\u00fcfung der Klebrigkeit mit Rollkugeln entscheiden?<\/strong><\/h2>\n<p>Als f\u00fchrender Hersteller von Materialpr\u00fcfger\u00e4ten bietet Cell Instruments hochwertige L\u00f6sungen, die auf Ihre Bed\u00fcrfnisse zugeschnitten sind. Unsere <strong>BTT-01<\/strong> Und <strong>BTT-02 Rollkugel-Haftpr\u00fcfger\u00e4t<\/strong> sind darauf ausgelegt, pr\u00e4zise Ergebnisse zu liefern und gleichzeitig internationale Standards einzuhalten. Mit unserer Expertise in Anpassung und Automatisierung stellen wir sicher, dass unsere Produkte Ihren spezifischen Testanforderungen entsprechen. Vertrauen Sie darauf, dass wir Ihnen helfen, hohe Standards in Bezug auf Klebstoffleistung und Qualit\u00e4tssicherung einzuhalten.<\/p>\n<h2><strong>H\u00e4ufig gestellte Fragen zum Rolling Ball Tack Testing<\/strong><\/h2>\n<ol>\n<li><strong>Was ist \u201eTack\u201c in der Klebstoffindustrie?<\/strong>\n<ul>\n<li>Unter Klebrigkeit versteht man die Eigenschaft eines Klebstoffes, unmittelbar nach Kontakt mit minimalem Druck eine Verbindung mit messbarer Festigkeit herzustellen.<\/li>\n<\/ul>\n<\/li>\n<li><strong>Worin unterscheidet sich der Rolling-Ball-Tack-Test von anderen Tack-Tests?<\/strong>\n<ul>\n<li>Dabei handelt es sich um eine Vergleichsmethode zur Bewertung der Klebrigkeit durch Beobachtung der Distanz, die eine rollende Kugel auf dem Klebstoff zur\u00fccklegt.<\/li>\n<\/ul>\n<\/li>\n<li><strong>Welche Branchen profitieren am meisten von diesem Test?<\/strong>\n<ul>\n<li>Branchen wie die Verpackungs-, Medizinger\u00e4te-, Klebstoff- und Elektronikindustrie verlassen sich bei der Qualit\u00e4tskontrolle auf diesen Test.<\/li>\n<\/ul>\n<\/li>\n<li><strong>Welche Klebstoffarten k\u00f6nnen gepr\u00fcft werden?<\/strong>\n<ul>\n<li>Die meisten Haftklebstoffe (PSAs), einschlie\u00dflich B\u00e4nder und Folien, k\u00f6nnen mit dieser Methode bewertet werden.<\/li>\n<\/ul>\n<\/li>\n<li><strong>Wie gew\u00e4hrleisten PSTC-6, ASTM D3121 und JIS Z0237 die Testgenauigkeit?<\/strong>\n<ul>\n<li>Diese Normen bieten strenge Richtlinien f\u00fcr Testaufbau, Durchf\u00fchrung und Ergebnisinterpretation und gew\u00e4hrleisten zuverl\u00e4ssige und reproduzierbare Messungen.<\/li>\n<\/ul>\n<\/li>\n<\/ol>\n<div id=\"gtx-anchor\" style=\"position: absolute; visibility: hidden; left: 77.5156px; top: 1422.97px; width: 54.8594px; height: 19px;\"><\/div>\n<div class=\"jfk-bubble gtx-bubble\" style=\"visibility: visible; left: 90px; top: 1255px; opacity: 1;\" role=\"alertdialog\" aria-describedby=\"bubble-6\">\n<div id=\"bubble-6\" class=\"jfk-bubble-content-id\">\n<div id=\"gtx-host\" style=\"min-width: 200px; max-width: 400px;\"><\/div>\n<\/div>\n<div class=\"jfk-bubble-closebtn-id jfk-bubble-closebtn\" tabindex=\"0\" role=\"button\" aria-label=\"Schlie\u00dfen\"><\/div>\n<div class=\"jfk-bubble-arrow-id jfk-bubble-arrow jfk-bubble-arrowdown\" style=\"left: 105.016px;\">\n<div class=\"jfk-bubble-arrowimplbefore\"><\/div>\n<div class=\"jfk-bubble-arrowimplafter\"><\/div>\n<\/div>\n<\/div>","protected":false},"excerpt":{"rendered":"<p>Der <strong>Rollkugel-Klebrigkeitstester<\/strong> ist ein unverzichtbares Werkzeug zur Bewertung der Klebrigkeit von Haftklebstoffen (PSAs). Es misst die F\u00e4higkeit des Klebstoffs, sich schnell mit einer Oberfl\u00e4che zu verbinden, und zwar mithilfe einer unkomplizierten und wiederholbaren Testmethode. Dieser Tester wird h\u00e4ufig in Branchen wie Verpackung, Medizintechnik, Elektronik und Klebstoffherstellung eingesetzt, in denen eine gleichbleibende Klebeleistung von entscheidender Bedeutung ist. Der f\u00fcr die Qualit\u00e4tskontrolle konzipierte Rollkugelklebrigkeitstest gew\u00e4hrleistet die pr\u00e4zise Erkennung von Abweichungen von Charge zu Charge und ist somit unverzichtbar f\u00fcr die Einhaltung hoher Produktstandards.<\/p>","protected":false},"featured_media":5395,"comment_status":"closed","ping_status":"closed","template":"","meta":{"site-sidebar-layout":"default","site-content-layout":"default","ast-global-header-display":"","ast-main-header-display":"","ast-hfb-above-header-display":"","ast-hfb-below-header-display":"","ast-hfb-mobile-header-display":"","site-post-title":"","ast-breadcrumbs-content":"","ast-featured-img":"","footer-sml-layout":"","theme-transparent-header-meta":"default","adv-header-id-meta":"","stick-header-meta":"","header-above-stick-meta":"","header-main-stick-meta":"","header-below-stick-meta":""},"product_cat":[1115,943,1114,673],"product_tag":[],"class_list":{"0":"post-5394","1":"product","2":"type-product","3":"status-publish","4":"has-post-thumbnail","6":"product_cat-astm-d3121","7":"product_cat-ball-tack-tester","8":"product_cat-pstc-6","9":"product_cat-adhesive-tester","10":"desktop-align-left","11":"tablet-align-left","12":"mobile-align-left","14":"first","15":"instock","16":"shipping-taxable","17":"product-type-simple"},"_links":{"self":[{"href":"https:\/\/www.qualitester.com\/de\/wp-json\/wp\/v2\/product\/5394","targetHints":{"allow":["GET"]}}],"collection":[{"href":"https:\/\/www.qualitester.com\/de\/wp-json\/wp\/v2\/product"}],"about":[{"href":"https:\/\/www.qualitester.com\/de\/wp-json\/wp\/v2\/types\/product"}],"replies":[{"embeddable":true,"href":"https:\/\/www.qualitester.com\/de\/wp-json\/wp\/v2\/comments?post=5394"}],"version-history":[{"count":0,"href":"https:\/\/www.qualitester.com\/de\/wp-json\/wp\/v2\/product\/5394\/revisions"}],"wp:featuredmedia":[{"embeddable":true,"href":"https:\/\/www.qualitester.com\/de\/wp-json\/wp\/v2\/media\/5395"}],"wp:attachment":[{"href":"https:\/\/www.qualitester.com\/de\/wp-json\/wp\/v2\/media?parent=5394"}],"wp:term":[{"taxonomy":"product_cat","embeddable":true,"href":"https:\/\/www.qualitester.com\/de\/wp-json\/wp\/v2\/product_cat?post=5394"},{"taxonomy":"product_tag","embeddable":true,"href":"https:\/\/www.qualitester.com\/de\/wp-json\/wp\/v2\/product_tag?post=5394"}],"curies":[{"name":"wp","href":"https:\/\/api.w.org\/{rel}","templated":true}]}}