{"id":5382,"date":"2024-11-15T11:14:56","date_gmt":"2024-11-15T03:14:56","guid":{"rendered":"https:\/\/www.qualitester.com\/?post_type=product&#038;p=5382"},"modified":"2024-12-05T14:22:11","modified_gmt":"2024-12-05T06:22:11","slug":"sale-packaging-vibration-testing-machine","status":"publish","type":"product","link":"https:\/\/www.qualitester.com\/de\/produkt-2\/sale-packaging-vibration-testing-machine\/","title":{"rendered":"VTM-01 Verpackungs-Vibrationspr\u00fcfmaschine"},"content":{"rendered":"<h3>Einf\u00fchrung in die Verpackungsvibrationspr\u00fcfmaschine<\/h3>\n<p>Der <strong>Verpackungs-Vibrationspr\u00fcfmaschine<\/strong> ist ein robustes und unverzichtbares Werkzeug f\u00fcr Branchen, die die Haltbarkeit und Zuverl\u00e4ssigkeit von Verpackungen unter realen Bedingungen sicherstellen wollen. Diese Maschine wurde f\u00fcr die Pr\u00fcfung kompletter Transportverpackungen oder gef\u00fcllter Ladeeinheiten entwickelt und hilft, die Belastungen zu simulieren, denen Verpackungen w\u00e4hrend der Handhabung, des Versands und der Lagerung ausgesetzt sind. Diese Maschine ist in Bereichen wie Verpackung, Lebensmittel, Pharmazeutika, Elektronik und Qualit\u00e4tskontrolle von unsch\u00e4tzbarem Wert, wenn es darum geht, zu \u00fcberpr\u00fcfen, ob Verpackungen ihren Inhalt angemessen sch\u00fctzen.<\/p>\n<h2>Wichtigste Anwendungen der Vibrationspr\u00fcfmaschine f\u00fcr Verpackungen<\/h2>\n<p>Unsere Vibrationspr\u00fcfmaschine f\u00fcr Verpackungen bietet eine kontrollierte Umgebung, in der gepr\u00fcft werden kann, wie gut Verpackungen niederfrequenten Vibrationen standhalten. Sie ist ideal f\u00fcr:<\/p>\n<ul>\n<li>Bewertung der strukturellen Integrit\u00e4t von Transportverpackungen und Sicherstellung der Schutzleistung.<\/li>\n<li>Pr\u00fcfung der gef\u00fcllten Ladeeinheiten, um eine m\u00f6gliche Besch\u00e4digung des Produkts w\u00e4hrend der Verteilung zu verhindern.<\/li>\n<li>Durchf\u00fchrung von Haltbarkeitspr\u00fcfungen f\u00fcr Verpackungen, die in verschiedenen Branchen eingesetzt werden, um sicherzustellen, dass der Inhalt vor St\u00f6\u00dfen, Vibrationen und grober Handhabung gesch\u00fctzt ist.<\/li>\n<\/ul>\n<h2>Funktionsprinzip der Verpackungsvibrationspr\u00fcfmaschine<\/h2>\n<p>Diese Maschine arbeitet mit einer sinusf\u00f6rmigen Anregung bei einer festen niedrigen Frequenz. Die Pr\u00fcfmuster werden auf einem Vibrationstisch platziert, wo sie unter kontrollierten Bedingungen Vibrationskr\u00e4ften ausgesetzt werden, die die Transportumgebung nachahmen. Bedingungen wie atmosph\u00e4rische Parameter, Schwingungsfrequenz, Dauer und die Einspannmethode werden im Voraus festgelegt, um die Genauigkeit zu gew\u00e4hrleisten. Dank automatisierter, elektronischer Messmethoden optimiert diese Schwingungspr\u00fcfmaschine die Geschwindigkeit und Pr\u00e4zision der Pr\u00fcfungen und tr\u00e4gt dazu bei, menschliche Fehler zu reduzieren und wiederholbare Ergebnisse zu liefern.<\/p>\n<h2>Vorteile des Einsatzes der Verpackungsvibrationspr\u00fcfmaschine<\/h2>\n<ul>\n<li><strong>Hohe Pr\u00e4zision<\/strong>: Automatisierte und elektronische Messungen erh\u00f6hen die Genauigkeit und Konsistenz der Tests und eliminieren die Subjektivit\u00e4t.<\/li>\n<li><strong>Benutzerfreundlichkeit<\/strong>: Legen Sie das Paket einfach auf die Plattform, um mit der Pr\u00fcfung zu beginnen, so dass sie auch f\u00fcr Bediener mit geringer Ausbildung zug\u00e4nglich ist.<\/li>\n<li><strong>Effiziente Pr\u00fcfung<\/strong>: Die Auto-Return-Funktion des Ger\u00e4ts erm\u00f6glicht eine kontinuierliche, rationelle Pr\u00fcfung ohne manuelle R\u00fcckstellung, was Zeit und Arbeit spart.<\/li>\n<\/ul>\n<p>Diese Maschine ist ein wichtiges Instrument f\u00fcr Unternehmen, die eine zuverl\u00e4ssige Qualit\u00e4tskontrolle in Verpackung und Vertrieb anstreben.<\/p>\n<h2>Einhaltung der wichtigsten Normen<\/h2>\n<h3>ASTM D999: Norm f\u00fcr Schwingungspr\u00fcfungen<\/h3>\n<p><a href=\"https:\/\/www.astm.org\/d0999-08r15.html\" target=\"_blank\" rel=\"noopener nofollow\">ASTM D999<\/a> ist die ma\u00dfgebliche Norm f\u00fcr niederfrequente Vibrationstests, die speziell f\u00fcr die Bewertung der Widerstandsf\u00e4higkeit von Verpackungen gegen\u00fcber Vibrationen entwickelt wurden, die die Transportbedingungen nachahmen. Diese Norm umrei\u00dft Pr\u00fcfmethoden zur genauen Bewertung der Verpackungsleistung und tr\u00e4gt dazu bei, die Produktsicherheit zu gew\u00e4hrleisten und Sch\u00e4den w\u00e4hrend des Transports zu minimieren. Durch die Angleichung an <a href=\"https:\/\/www.qualitester.com\/de\/produkt-kategorie\/astm\/astm-d999\/\" target=\"_blank\" rel=\"noopener\">ASTM D999<\/a>Unsere Maschine bietet zuverl\u00e4ssige und standardisierte Vibrationstests in \u00dcbereinstimmung mit den besten Praktiken der Industrie.<\/p>\n<h3>ISO 2247: Anforderungen an Verpackung und Vertrieb<\/h3>\n<p><a href=\"https:\/\/www.iso.org\/standard\/32412.html\" target=\"_blank\" rel=\"noopener nofollow\">ISO 2247<\/a> beschreibt die Anforderungen an die Vibrationspr\u00fcfung von Verpackungen, die f\u00fcr den weltweiten Vertrieb bestimmt sind. Durch die Einhaltung der ISO 2247 stellt die Verpackungs-Vibrationspr\u00fcfmaschine sicher, dass die Verpackungen den Erwartungen an Haltbarkeit und Sicherheit der internationalen Normen entsprechen. Diese Anpassung an die ISO 2247 gibt Unternehmen die Gewissheit, dass ihre Verpackungsl\u00f6sungen den Anforderungen des weltweiten Transports gerecht werden.<\/p>\n<h3>Technische Daten der Verpackungsvibrationspr\u00fcfmaschine<\/h3>\n<ul>\n<li><strong>Frequenzbereich<\/strong>: Dieser Satz deckt die typischen niederfrequenten Anforderungen in Verkehrssimulationen ab.<\/li>\n<li><strong>Tragf\u00e4higkeit<\/strong>: Entwickelt f\u00fcr eine Reihe von Verpackungsgr\u00f6\u00dfen und -gewichten.<\/li>\n<li><strong>Tabelle Abmessungen<\/strong>: Gro\u00df genug, um eine Vielzahl von Pr\u00fcfmustern unterzubringen, und bietet Flexibilit\u00e4t f\u00fcr verschiedene Produkttypen.<\/li>\n<li><strong>Test-Modi<\/strong>: Unterst\u00fctzt Vibrationen mit fester Frequenz und wiederholte Schocksimulationen, um verschiedene Testanforderungen zu erf\u00fcllen.<\/li>\n<\/ul>\n<h2>Wie die Verpackungsvibrationspr\u00fcfmaschine die Produktsicherheit gew\u00e4hrleistet<\/h2>\n<p>Der Einsatz der Verpackungsvibrationspr\u00fcfmaschine erm\u00f6glicht es Herstellern und Versendern, Risiken, denen Produkte w\u00e4hrend des Transports ausgesetzt sein k\u00f6nnen, vorherzusehen und zu mindern. Durch die Simulation realer Bedingungen erm\u00f6glicht diese Maschine eine fr\u00fchzeitige Erkennung von Verpackungsschw\u00e4chen, wodurch Produktr\u00fccksendungen reduziert und die Kundenzufriedenheit verbessert werden. Diese Maschine ist f\u00fcr Qualit\u00e4tskontrollabteilungen, die sich auf Versandstabilit\u00e4t und durchg\u00e4ngigen Produktschutz konzentrieren, unerl\u00e4sslich.<\/p>\n<h2>Einhaltung zus\u00e4tzlicher Normen (ISTA-Serie, GB 4857.7)<\/h2>\n<p>Neben den Normen ASTM D999 und ISO 2247 erf\u00fcllt unsere Vibrationspr\u00fcfmaschine f\u00fcr Verpackungen auch die Normen der ISTA-Serie und GB 4857.7. Durch diese zus\u00e4tzlichen Normen ist die Maschine mit einer Reihe von internationalen Pr\u00fcfprotokollen kompatibel, was ihre Vielseitigkeit und Glaubw\u00fcrdigkeit in der globalen Qualit\u00e4tssicherung von Verpackungen weiter st\u00e4rkt.<\/p>\n<p>Die Vibrationspr\u00fcfmaschine f\u00fcr Verpackungen ist die ideale L\u00f6sung f\u00fcr Unternehmen, die gro\u00dfen Wert auf Verpackungsqualit\u00e4t, Zuverl\u00e4ssigkeit und die Einhaltung internationaler Normen legen. Durch den Einsatz dieser Maschine k\u00f6nnen Unternehmen ihre Qualit\u00e4tskontrollprozesse durch hochpr\u00e4zise, standardisierte Schwingungspr\u00fcfungen verbessern, die mit ASTM D999 und ISO 2247 \u00fcbereinstimmen. Mit ihrem benutzerfreundlichen Design, der automatisierten Funktionalit\u00e4t und der robusten Leistung ist unsere Vibrationspr\u00fcfmaschine eine wertvolle Investition in die Produktqualit\u00e4t und Kundenzufriedenheit.<\/p>","protected":false},"excerpt":{"rendered":"<p>Der <strong>Verpackungs-Vibrationspr\u00fcfmaschine<\/strong> ist ein robustes und unverzichtbares Werkzeug f\u00fcr Branchen, die die Haltbarkeit und Zuverl\u00e4ssigkeit von Verpackungen unter realen Bedingungen sicherstellen wollen. Diese Maschine wurde f\u00fcr die Pr\u00fcfung kompletter Transportverpackungen oder gef\u00fcllter Ladeeinheiten entwickelt und hilft, die Belastungen zu simulieren, denen Verpackungen w\u00e4hrend der Handhabung, des Versands und der Lagerung ausgesetzt sind. Diese Maschine ist in Bereichen wie Verpackung, Lebensmittel, Pharmazeutika, Elektronik und Qualit\u00e4tskontrolle von unsch\u00e4tzbarem Wert, wenn es darum geht, zu \u00fcberpr\u00fcfen, ob Verpackungen ihren Inhalt angemessen sch\u00fctzen.<\/p>","protected":false},"featured_media":6256,"comment_status":"closed","ping_status":"closed","template":"","meta":{"site-sidebar-layout":"default","site-content-layout":"default","ast-global-header-display":"","ast-main-header-display":"","ast-hfb-above-header-display":"","ast-hfb-below-header-display":"","ast-hfb-mobile-header-display":"","site-post-title":"","ast-breadcrumbs-content":"","ast-featured-img":"","footer-sml-layout":"","theme-transparent-header-meta":"default","adv-header-id-meta":"","stick-header-meta":"","header-above-stick-meta":"","header-main-stick-meta":"","header-below-stick-meta":""},"product_cat":[845,1112,1161,17,95],"product_tag":[],"class_list":{"0":"post-5382","1":"product","2":"type-product","3":"status-publish","4":"has-post-thumbnail","6":"product_cat-customization","7":"product_cat-astm-d999","8":"product_cat-iso-2247","9":"product_cat-package-container-testers","10":"product_cat-products","11":"desktop-align-left","12":"tablet-align-left","13":"mobile-align-left","15":"first","16":"instock","17":"shipping-taxable","18":"product-type-simple"},"_links":{"self":[{"href":"https:\/\/www.qualitester.com\/de\/wp-json\/wp\/v2\/product\/5382","targetHints":{"allow":["GET"]}}],"collection":[{"href":"https:\/\/www.qualitester.com\/de\/wp-json\/wp\/v2\/product"}],"about":[{"href":"https:\/\/www.qualitester.com\/de\/wp-json\/wp\/v2\/types\/product"}],"replies":[{"embeddable":true,"href":"https:\/\/www.qualitester.com\/de\/wp-json\/wp\/v2\/comments?post=5382"}],"version-history":[{"count":0,"href":"https:\/\/www.qualitester.com\/de\/wp-json\/wp\/v2\/product\/5382\/revisions"}],"wp:featuredmedia":[{"embeddable":true,"href":"https:\/\/www.qualitester.com\/de\/wp-json\/wp\/v2\/media\/6256"}],"wp:attachment":[{"href":"https:\/\/www.qualitester.com\/de\/wp-json\/wp\/v2\/media?parent=5382"}],"wp:term":[{"taxonomy":"product_cat","embeddable":true,"href":"https:\/\/www.qualitester.com\/de\/wp-json\/wp\/v2\/product_cat?post=5382"},{"taxonomy":"product_tag","embeddable":true,"href":"https:\/\/www.qualitester.com\/de\/wp-json\/wp\/v2\/product_tag?post=5382"}],"curies":[{"name":"wp","href":"https:\/\/api.w.org\/{rel}","templated":true}]}}