{"id":5377,"date":"2024-11-15T11:08:36","date_gmt":"2024-11-15T03:08:36","guid":{"rendered":"https:\/\/www.qualitester.com\/?post_type=product&#038;p=5377"},"modified":"2024-12-05T14:18:23","modified_gmt":"2024-12-05T06:18:23","slug":"sale-bottle-crush-testing-machine","status":"publish","type":"product","link":"https:\/\/www.qualitester.com\/de\/produkt-2\/sale-bottle-crush-testing-machine\/","title":{"rendered":"TLT-02 Flaschen-Quetschpr\u00fcfmaschine"},"content":{"rendered":"<h2>Einf\u00fchrung in die Flaschen-Quetschpr\u00fcfmaschine<\/h2>\n<p>Der <strong>Flaschenquetschpr\u00fcfmaschine<\/strong> ist ein Spezialger\u00e4t zur Beurteilung der strukturellen Integrit\u00e4t und Druckfestigkeit von Flaschen und Beh\u00e4ltern, darunter Kunststoff, Glas und Verbundwerkstoffe. Durch die Simulation von Topload-Dr\u00fccke, die denen beim Stapeln, Versenden und Lagern \u00e4hneln, tr\u00e4gt diese Maschine dazu bei, sicherzustellen, dass Beh\u00e4lter den Belastungen beim Vertrieb standhalten, ohne zusammenzubrechen oder sich zu verformen. F\u00fcr Branchen wie Verpackung, Lebensmittel, Getr\u00e4nke und Pharmazeutika ist die Flaschendruckpr\u00fcfung unerl\u00e4sslich, um die Produktsicherheit zu gew\u00e4hrleisten und potenzielle Verluste durch Beh\u00e4lterversagen zu minimieren.<\/p>\n<h2>Wichtige Anwendungen von Flaschenquetschtests<\/h2>\n<p>Diese Maschine spielt in zahlreichen Branchen eine entscheidende Rolle, darunter:<\/p>\n<ul>\n<li><strong>Verpackung<\/strong>: Gew\u00e4hrleistet die Haltbarkeit der Verpackung w\u00e4hrend Lagerung und Transport.<\/li>\n<li><strong>Essen und Trinken<\/strong>: Verhindert Leckagen und Verunreinigungen durch \u00dcberpr\u00fcfung der Beh\u00e4lterfestigkeit.<\/li>\n<li><strong>Pharmazeutika<\/strong>: Sch\u00fctzt zerbrechliche und empfindliche Produkte bei der Handhabung.<\/li>\n<li><strong>T\u00e4gliche Chemikalien und Kosmetika<\/strong>: Bewahrt den Ruf der Marke durch Best\u00e4tigung der Verpackungsqualit\u00e4t.<\/li>\n<\/ul>\n<p>Die Flaschen-Stauchpr\u00fcfmaschine ist zum Testen verschiedener Beh\u00e4lterarten geeignet, \u00e4u\u00dferst vielseitig und kann Flaschen, Gl\u00e4ser, Kartons, F\u00e4sser und mehr verarbeiten.<\/p>\n<h2>Technische Merkmale der Flaschen-Stauchpr\u00fcfmaschine<\/h2>\n<p>Unsere Flaschendruckpr\u00fcfmaschine ist mit fortschrittlichen Funktionen ausgestattet, um zuverl\u00e4ssige und genaue Ergebnisse zu liefern:<\/p>\n<ul>\n<li><strong>SPS-Steuerung mit HMI-Touchscreen<\/strong>: Ein SPS-Steuerungssystem sorgt f\u00fcr einen stabilen Betrieb, w\u00e4hrend der 7-Zoll-HMI-Touchscreen intuitive und benutzerfreundliche Tests erm\u00f6glicht.<\/li>\n<li><strong>Pr\u00e4zisions-Kugelumlaufspindelmechanismus<\/strong>: Dieser Mechanismus garantiert eine gleichbleibende Testgeschwindigkeit und eine pr\u00e4zise Verschiebungskontrolle und verbessert so die Zuverl\u00e4ssigkeit jedes Tests.<\/li>\n<li><strong>Mehrere anpassbare Testmodi<\/strong>:\n<ul>\n<li><em>Peak-Modus<\/em>: Misst die maximale Druckbelastung.<\/li>\n<li><em>Fester Deformationsmodus<\/em>: Misst die Last bei einer festgelegten Verformung.<\/li>\n<li><em>Fester Lastmodus<\/em>: \u00dcberwacht die Verformung unter konstanter Belastung.<\/li>\n<li><em>Einfache Komprimierung<\/em>: Wendet die Komprimierung einmalig zur Analyse an.<\/li>\n<li><em>Zykluskompression<\/em>: Wiederholt die Komprimierung in Zyklen, um die Belastbarkeit zu bewerten.<\/li>\n<\/ul>\n<\/li>\n<li><strong>Sicherheitsfunktionen<\/strong>: Ausgestattet mit \u00dcberlastschutz, automatischen R\u00fccklauffunktionen und Kompatibilit\u00e4t mit mehreren Plattengr\u00f6\u00dfen, um verschiedenen Beh\u00e4lterformen und -gr\u00f6\u00dfen gerecht zu werden.<\/li>\n<li><strong>Datenmanagement-Optionen<\/strong>: Enth\u00e4lt einen Mikrodrucker f\u00fcr die Datenausgabe und einen RS232-Anschluss f\u00fcr die nahtlose Daten\u00fcbertragung, der externe Analysen mit optionaler Softwareintegration unterst\u00fctzt.<\/li>\n<\/ul>\n<h2>Den Verschlusslasttest f\u00fcr Plastikflaschen verstehen<\/h2>\n<p>Der <strong>Belastungstest f\u00fcr Plastikflaschenverschl\u00fcsse<\/strong> ist entscheidend, um die Festigkeit einer Flasche gegen vertikalen Druck von oben zu bewerten. Dieser Test, der besonders f\u00fcr Plastikflaschen relevant ist, ermittelt, wie viel Last die Flasche aushalten kann, ohne sich zu verformen oder zusammenzubrechen. Durch die Quantifizierung der Belastungsfestigkeit von oben k\u00f6nnen Hersteller den Materialeinsatz optimieren und gleichzeitig sicherstellen, dass die Beh\u00e4lter robust genug f\u00fcr Umgebungen mit hoher Belastung bleiben, wie z. B. Lagerstapelung und Transportlogistik.<\/p>\n<h2>Normen und Konformit\u00e4t: ASTM D2659 erkl\u00e4rt<\/h2>\n<p><a href=\"https:\/\/www.astm.org\/standards\/d2659.htm\" target=\"_blank\" rel=\"noopener nofollow\"><strong>ASTM D2659<\/strong><\/a> ist eine Standardtestmethode zur Bestimmung der Druckfestigkeit von Kunststoffbeh\u00e4ltern, insbesondere zur Messung ihrer F\u00e4higkeit, Druck von oben ohne Versagen auszuhalten. In \u00dcbereinstimmung mit ASTM D2659 bewertet unsere Flaschen-Stauchpr\u00fcfmaschine die Haltbarkeit von Beh\u00e4ltern, indem sie Druckkr\u00e4fte von oben aus\u00fcbt, bis eine strukturelle Verformung oder ein Zusammenbruch beobachtet wird.<\/p>\n<p>Diese Maschine ist auch mit anderen Industriestandards kompatibel, was ihre Vielseitigkeit erh\u00f6ht:<\/p>\n<ul>\n<li><a href=\"https:\/\/www.astm.org\/d4577-19.html\" target=\"_blank\" rel=\"noopener nofollow\"><strong>ASTM D4577<\/strong><\/a>: Bewertet die Containerleistung unter statischen Lastbedingungen.<\/li>\n<li><a href=\"https:\/\/www.astm.org\/d0642-20.html\" target=\"_blank\" rel=\"noopener nofollow\"><strong>ASTM D642<\/strong><\/a>: Misst die Druckfestigkeit von Versandbeh\u00e4ltern und -kartons.<\/li>\n<li><a href=\"https:\/\/www.iso.org\/standard\/35617.html\" target=\"_blank\" rel=\"noopener nofollow\"><strong>ISO 8113<\/strong><\/a>: Pr\u00fcfungen auf mechanische Stabilit\u00e4t von Verpackungen.<\/li>\n<li><a href=\"https:\/\/www.astm.org\/d4169-22.html\" target=\"_blank\" rel=\"noopener nofollow\"><strong>ASTM D4169<\/strong><\/a>: Simuliert die Bedingungen der Vertriebsumgebung, um die Verpackungsleistung zu testen.<\/li>\n<\/ul>\n<h2>Funktionsprinzip der Flaschenquetschpr\u00fcfmaschine<\/h2>\n<p>Die Flaschen-Stauchpr\u00fcfmaschine funktioniert, indem der Beh\u00e4lter auf einer Pr\u00fcfplattform positioniert und allm\u00e4hlich Druck von oben ausge\u00fcbt wird, bis sich der Beh\u00e4lter verformt oder zusammenbricht. Die Maschine zeichnet Spitzenkraftdaten auf, die analysiert werden, um die strukturelle Festigkeit anhand festgelegter Normen wie ASTM D2659 zu bewerten. Durch die Bereitstellung pr\u00e4ziser, wiederholbarer Ergebnisse stellt diese Maschine sicher, dass Hersteller die Verpackungsintegrit\u00e4t f\u00fcr die Handhabung in der Praxis validieren k\u00f6nnen.<\/p>\n<h2>Hauptparameter der Flaschenquetschpr\u00fcfmaschine<\/h2>\n<p>Diese Maschine ist in hohem Ma\u00dfe konfigurierbar, um verschiedenen Testanforderungen gerecht zu werden:<\/p>\n<ul>\n<li><strong>Lastbereich<\/strong>: Hoher Lastbereich und Pr\u00e4zision passend f\u00fcr unterschiedliche Beh\u00e4ltertypen.<\/li>\n<li><strong>Einstellbare Geschwindigkeit<\/strong>: Erm\u00f6glicht Geschwindigkeitsanpassungen, um sie an bestimmte Testprotokolle anzupassen.<\/li>\n<li><strong>Kompatibilit\u00e4t der Kompressionsplatte<\/strong>: Austauschbare Platten zur Unterst\u00fctzung unterschiedlicher Beh\u00e4ltergr\u00f6\u00dfen und -formen.<\/li>\n<li><strong>Datenexportoptionen<\/strong>: Mikrodrucker und RS232-Konnektivit\u00e4t f\u00fcr effiziente Datenverarbeitung.<\/li>\n<\/ul>\n<h2>Vorteile der Flaschen-Stauchpr\u00fcfmaschine<\/h2>\n<ul>\n<li><strong>Kosteneinsparungen und Effizienz<\/strong>: Minimiert den Abfall von Verpackungsmaterial durch Best\u00e4tigung der erforderlichen Festigkeit und reduziert so die mit Produktr\u00fcckgaben und -austausch verbundenen Kosten.<\/li>\n<li><strong>Zuverl\u00e4ssigkeit und Markenschutz<\/strong>: Verbessert die Produktzuverl\u00e4ssigkeit durch genaue Tests, tr\u00e4gt zum Schutz des Markenrufs bei und stellt die Kundenzufriedenheit sicher.<\/li>\n<\/ul>\n<h2>H\u00e4ufig gestellte Fragen zu Flaschenquetschpr\u00fcfmaschinen<\/h2>\n<ol>\n<li><strong>Was ist der Flaschenquetschtest und warum ist er wichtig?<\/strong>\n<ul>\n<li>Beim Flaschenstauchtest wird Druck von oben ausge\u00fcbt, um die Haltbarkeit des Beh\u00e4lters zu beurteilen und sicherzustellen, dass die Flasche den Belastungen bei der Handhabung standh\u00e4lt, ohne zu brechen oder sich zu verformen.<\/li>\n<\/ul>\n<\/li>\n<li><strong>Wie ist ASTM D2659 auf Flaschendrucktests anzuwenden?<\/strong>\n<ul>\n<li>ASTM D2659 beschreibt Verfahren zur Bewertung der Druckfestigkeit von Kunststoffbeh\u00e4ltern und stellt die Einhaltung der Haltbarkeitsstandards der Branche sicher.<\/li>\n<\/ul>\n<\/li>\n<li><strong>Welche Flaschentypen k\u00f6nnen mit dieser Maschine getestet werden?<\/strong>\n<ul>\n<li>Diese Maschine ist vielseitig und unterst\u00fctzt verschiedene Flaschen- und Beh\u00e4ltertypen, darunter Kunststoff-, Glas- und Verbundflaschen.<\/li>\n<\/ul>\n<\/li>\n<li><strong>Wie gew\u00e4hrleistet das Ger\u00e4t die Genauigkeit der Testergebnisse?<\/strong>\n<ul>\n<li>Mit SPS-Steuerung, Pr\u00e4zisions-F\u00fchrungsspindeln und mehreren Testmodi liefert die Maschine konsistente, wiederholbare Ergebnisse f\u00fcr zuverl\u00e4ssige Leistungsbewertungen.<\/li>\n<\/ul>\n<\/li>\n<li><strong>Welche Hauptmerkmale machen diese Maschine zuverl\u00e4ssig?<\/strong>\n<ul>\n<li>Erweiterte SPS-Steuerung, anpassbare Testoptionen, Sicherheitsmechanismen und umfassende Datenverwaltungsfunktionen gew\u00e4hrleisten Genauigkeit, Effizienz und Benutzerfreundlichkeit.<\/li>\n<\/ul>\n<\/li>\n<\/ol>","protected":false},"excerpt":{"rendered":"<p>Der <strong>Flaschenquetschpr\u00fcfmaschine<\/strong> ist ein Spezialger\u00e4t zur Beurteilung der strukturellen Integrit\u00e4t und Druckfestigkeit von Flaschen und Beh\u00e4ltern, darunter Kunststoff, Glas und Verbundwerkstoffe. Durch die Simulation von Topload-Dr\u00fccke, die denen beim Stapeln, Versenden und Lagern \u00e4hneln, tr\u00e4gt diese Maschine dazu bei, sicherzustellen, dass Beh\u00e4lter den Belastungen beim Vertrieb standhalten, ohne zusammenzubrechen oder sich zu verformen. F\u00fcr Branchen wie Verpackung, Lebensmittel, Getr\u00e4nke und Pharmazeutika ist die Flaschendruckpr\u00fcfung unerl\u00e4sslich, um die Produktsicherheit zu gew\u00e4hrleisten und potenzielle Verluste durch Beh\u00e4lterversagen zu minimieren.<\/p>","protected":false},"featured_media":6253,"comment_status":"closed","ping_status":"closed","template":"","meta":{"site-sidebar-layout":"default","site-content-layout":"default","ast-global-header-display":"","ast-main-header-display":"","ast-hfb-above-header-display":"","ast-hfb-below-header-display":"","ast-hfb-mobile-header-display":"","site-post-title":"","ast-breadcrumbs-content":"","ast-featured-img":"","footer-sml-layout":"","theme-transparent-header-meta":"default","adv-header-id-meta":"","stick-header-meta":"","header-above-stick-meta":"","header-main-stick-meta":"","header-below-stick-meta":""},"product_cat":[845,1071,1069,1072,1068,1073,1113,17,16,95],"product_tag":[],"class_list":{"0":"post-5377","1":"product","2":"type-product","3":"status-publish","4":"has-post-thumbnail","6":"product_cat-customization","7":"product_cat-astm-d2659","8":"product_cat-astm-d4169","9":"product_cat-astm-d4577","10":"product_cat-astm-d642","11":"product_cat-iso-8113","12":"product_cat-top-load-tester","13":"product_cat-package-container-testers","14":"product_cat-plastic-packaging-testers","15":"product_cat-products","16":"desktop-align-left","17":"tablet-align-left","18":"mobile-align-left","20":"first","21":"instock","22":"shipping-taxable","23":"product-type-simple"},"_links":{"self":[{"href":"https:\/\/www.qualitester.com\/de\/wp-json\/wp\/v2\/product\/5377","targetHints":{"allow":["GET"]}}],"collection":[{"href":"https:\/\/www.qualitester.com\/de\/wp-json\/wp\/v2\/product"}],"about":[{"href":"https:\/\/www.qualitester.com\/de\/wp-json\/wp\/v2\/types\/product"}],"replies":[{"embeddable":true,"href":"https:\/\/www.qualitester.com\/de\/wp-json\/wp\/v2\/comments?post=5377"}],"version-history":[{"count":0,"href":"https:\/\/www.qualitester.com\/de\/wp-json\/wp\/v2\/product\/5377\/revisions"}],"wp:featuredmedia":[{"embeddable":true,"href":"https:\/\/www.qualitester.com\/de\/wp-json\/wp\/v2\/media\/6253"}],"wp:attachment":[{"href":"https:\/\/www.qualitester.com\/de\/wp-json\/wp\/v2\/media?parent=5377"}],"wp:term":[{"taxonomy":"product_cat","embeddable":true,"href":"https:\/\/www.qualitester.com\/de\/wp-json\/wp\/v2\/product_cat?post=5377"},{"taxonomy":"product_tag","embeddable":true,"href":"https:\/\/www.qualitester.com\/de\/wp-json\/wp\/v2\/product_tag?post=5377"}],"curies":[{"name":"wp","href":"https:\/\/api.w.org\/{rel}","templated":true}]}}