{"id":5366,"date":"2024-11-15T10:48:12","date_gmt":"2024-11-15T02:48:12","guid":{"rendered":"https:\/\/www.qualitester.com\/?post_type=product&#038;p=5366"},"modified":"2024-12-05T15:26:08","modified_gmt":"2024-12-05T07:26:08","slug":"sale-iso-534-paperboard-thickness-gauge","status":"publish","type":"product","link":"https:\/\/www.qualitester.com\/de\/produkt-2\/sale-iso-534-paperboard-thickness-gauge\/","title":{"rendered":"ZBH-01 Kartondickenmessger\u00e4t"},"content":{"rendered":"<h2>Einf\u00fchrung zum Kartondickenmessger\u00e4t<\/h2>\n<p>Der <strong>Kartondickenmessger\u00e4t<\/strong> ist ein unverzichtbares Werkzeug zum Messen der genauen Dicke von Papier und Karton, um Konsistenz und Qualit\u00e4t aller Materialien sicherzustellen. Dieses Messger\u00e4t wird h\u00e4ufig in Branchen wie Verpackung, Lebensmittel und Getr\u00e4nke, Medizin und Elektronik eingesetzt, wo genaue Dickenmessungen f\u00fcr die Produktqualit\u00e4t und die Einhaltung gesetzlicher Vorschriften von entscheidender Bedeutung sind. Mit seiner hohen Pr\u00e4zision und seinen benutzerfreundlichen Funktionen erf\u00fcllt dieses Messger\u00e4t die Anforderungen von Fachleuten f\u00fcr Qualit\u00e4tskontrolle und Produktentwicklung.<\/p>\n<h2>Hauptmerkmale und Anwendungen<\/h2>\n<p>Der <strong>ZBH-01 Papier- und Kartondickenpr\u00fcfger\u00e4t<\/strong> zeichnet sich durch seine fortschrittlichen Funktionen aus und gew\u00e4hrleistet genaue und zuverl\u00e4ssige Ergebnisse sowohl bei der Messung der Einzelblattdicke als auch der Gesamtdicke. Zu den wichtigsten Funktionen geh\u00f6ren:<\/p>\n<ul>\n<li><strong>Nullpunkt jederzeit zur\u00fccksetzen<\/strong>: Vereinfacht die Kalibrierung und gew\u00e4hrleistet Genauigkeit bei jeder Messung.<\/li>\n<li><strong>EIN\/AUS-Netzschalter<\/strong>: Verl\u00e4ngert die Akkulaufzeit und optimiert die Benutzerfreundlichkeit.<\/li>\n<li><strong>Umrechnung von Ma\u00dfeinheiten<\/strong>: Erm\u00f6glicht Benutzern, die Einheiten je nach Bedarf f\u00fcr unterschiedliche Testanforderungen zu wechseln.<\/li>\n<\/ul>\n<p><strong>Anwendungen<\/strong>: Dieses Dickenmessger\u00e4t ist ideal zum Messen der Dicke einzelner Bl\u00e4tter und von Stapeln in Papier- und Kartonmaterialien. Es kann sowohl die Dicke einzelner Bl\u00e4tter als auch die Dicke mehrerer Bl\u00e4tter in einem Stapel zur Massenanalyse messen. Hinweis: Dieses Ger\u00e4t ist nicht f\u00fcr Wellpappe vorgesehen.<\/p>\n<h2>Grundlagen zur Dickenmessung<\/h2>\n<ul>\n<li><strong>Einzelblattdicke<\/strong>: Misst den Abstand zwischen zwei Oberfl\u00e4chen eines einzelnen Blattes Papier oder Kartons unter einer bestimmten statischen Last.<\/li>\n<li><strong>F\u00fclldicke<\/strong>: Berechnet die Dicke durch die Messung mehrerer Bl\u00e4tter in einem gestapelten Paket, was besonders f\u00fcr Anwendungen n\u00fctzlich ist, die eine Analyse von Sch\u00fcttg\u00fctern erfordern.<\/li>\n<\/ul>\n<h2>Bedeutung der ISO 534 bei der Kartondickenmessung<\/h2>\n<p><a href=\"https:\/\/www.iso.org\/standard\/53060.html\" target=\"_blank\" rel=\"noopener nofollow\">ISO 534<\/a> ist der internationale Standard, der Methoden zur Bestimmung der Dicke von Papier- und Kartonmaterialien festlegt. Er definiert Anforderungen an die Pr\u00fcfgenauigkeit, Kalibrierung und Ger\u00e4tespezifikationen und ist somit f\u00fcr die Gew\u00e4hrleistung zuverl\u00e4ssiger und wiederholbarer Dickenmessungen von entscheidender Bedeutung. Der <strong>ZBH-01 Papier- und Kartondickenpr\u00fcfger\u00e4t<\/strong> ist gem\u00e4\u00df ISO 534 kalibriert und stellt damit sicher, dass es konsistente, konforme Ergebnisse liefert. Verwandte Standards wie GB\/T 451.3 unterst\u00fctzen diese Qualit\u00e4tsma\u00dfnahmen ebenfalls.<\/p>\n<h2>Technische Daten des Kartondickenmessger\u00e4ts<\/h2>\n<ul>\n<li><strong>Testbereich<\/strong>: 0\u20134 mm, erm\u00f6glicht Messungen \u00fcber verschiedene Kartonarten hinweg.<\/li>\n<li><strong>Aufl\u00f6sung<\/strong>: Hohe Pr\u00e4zision mit einer Aufl\u00f6sung von 0,001 mm f\u00fcr exakte Messungen.<\/li>\n<li><strong>Kontaktbereich<\/strong>: 200 \u00b1 5 mm\u00b2, entsprechend den Anforderungen der ISO 534 f\u00fcr einheitliche Messungen.<\/li>\n<li><strong>Kontaktdruck<\/strong>: 100\u00b110 kPa, wie in ISO 534 definiert, um die Messintegrit\u00e4t aufrechtzuerhalten.<\/li>\n<li><strong>Messen der Oberfl\u00e4chenparallelit\u00e4t<\/strong>: \u22640,005 mm, wodurch die Genauigkeit jeder Messung gew\u00e4hrleistet wird.<\/li>\n<li><strong>Anzeigefehler<\/strong>: \u00b10,05%, wodurch hochpr\u00e4zise Messwerte f\u00fcr eine konsistente Qualit\u00e4tskontrolle bereitgestellt werden.<\/li>\n<\/ul>\n<h2>Funktionsweise des Kartondickenmessger\u00e4ts<\/h2>\n<p>Der <strong>ZBH-01 Papier- und Kartondickenpr\u00fcfger\u00e4t<\/strong> verf\u00fcgt \u00fcber zwei kreisf\u00f6rmige Druckfl\u00e4chen f\u00fcr eine stabile Messung. Die feste Unterseite (Amboss) und die bewegliche Oberseite bilden eine optimale Pr\u00fcfoberfl\u00e4che gem\u00e4\u00df ISO 534. Die Oberseite bewegt sich senkrecht zum Amboss und sorgt f\u00fcr pr\u00e4zisen Kontakt. Die <strong>Null zur\u00fccksetzen<\/strong> Mit dieser Funktion kann das Messger\u00e4t vor jedem Gebrauch kalibriert werden. Dadurch werden bei jeder Messung zuverl\u00e4ssige und wiederholbare Ergebnisse gew\u00e4hrleistet.<\/p>\n<h2>Kartondickenmessger\u00e4t<\/h2>\n<ul>\n<li><strong>Was ist die Einzelblattdicke?<\/strong><br \/>\nDie Einzelblattdicke ist die Messung des Abstands zwischen zwei Oberfl\u00e4chen eines Einzelblatts unter statischer Belastung und erm\u00f6glicht eine zuverl\u00e4ssige Beurteilung der einzelnen Papierdicke.<\/li>\n<li><strong>Was ist Bauschdicke?<\/strong><br \/>\nMit der Sch\u00fcttdicke wird die Gesamtdicke mehrerer Bl\u00e4tter in einem Stapel gemessen. Dies ist n\u00fctzlich f\u00fcr die Beurteilung von Materialien in Sch\u00fcttg\u00fctern.<\/li>\n<li><strong>Welchen Einfluss hat ISO 534 auf die Messgenauigkeit?<\/strong><br \/>\nISO 534 definiert Testparameter und Kalibrierungsstandards und gew\u00e4hrleistet so die Konsistenz und Zuverl\u00e4ssigkeit von Dickenmessungen in allen Anwendungen.<\/li>\n<li><strong>Ist das Messger\u00e4t auch f\u00fcr Wellpappe geeignet?<\/strong><br \/>\nNein, aufgrund der besonderen Struktureigenschaften ist es nicht f\u00fcr Wellfaserplatten geeignet.<\/li>\n<li><strong>Ist eine Umrechnung von Ma\u00dfeinheiten m\u00f6glich?<\/strong><br \/>\nJa, das Messger\u00e4t unterst\u00fctzt die Einheitenumrechnung und bietet so Flexibilit\u00e4t f\u00fcr unterschiedliche Testanforderungen.<\/li>\n<\/ul>\n<h2>Vorteile der Verwendung des Kartondickenmessger\u00e4ts zur Qualit\u00e4tskontrolle<\/h2>\n<p>Mithilfe der <strong>Kartondickenmessger\u00e4t<\/strong> bietet mehrere wichtige Vorteile:<\/p>\n<ul>\n<li><strong>Produktzuverl\u00e4ssigkeit<\/strong>: Stellt sicher, dass jede Charge die angegebenen Dickenkriterien erf\u00fcllt und so die Produktqualit\u00e4t und -einheitlichkeit gewahrt bleibt.<\/li>\n<li><strong>Einhaltung gesetzlicher Vorschriften<\/strong>: Entspricht ISO 534, was f\u00fcr die Einhaltung in regulierten Branchen von entscheidender Bedeutung ist.<\/li>\n<li><strong>Verbesserte Qualit\u00e4tssicherung<\/strong>: Hilft, Materialverschwendung zu vermeiden, die Produktion zu optimieren und Industriestandards einzuhalten.<\/li>\n<\/ul>\n<p>Der <strong>Kartondickenmessger\u00e4t<\/strong> ist ein unverzichtbares Instrument zur Erzielung genauer, wiederholbarer Dickenmessungen in \u00dcbereinstimmung mit <strong>ISO 534<\/strong>. Mit seiner hohen Pr\u00e4zision, Benutzerfreundlichkeit und Einhaltung von Industriestandards ist der ZBH-01 ideal f\u00fcr Hersteller und Qualit\u00e4tspr\u00fcfer, die zuverl\u00e4ssige Dickendaten ben\u00f6tigen. W\u00e4hlen Sie den ZBH-01 wegen seiner erweiterten Funktionen und seines pr\u00e4zisen, benutzerfreundlichen Designs, um die Qualit\u00e4tskontrolle in Ihren Betrieben zu verbessern.<\/p>\n<div id=\"gtx-anchor\" style=\"position: absolute; visibility: hidden; left: 353.094px; top: 1635.44px; width: 58.3125px; height: 19px;\"><\/div>\n<div class=\"jfk-bubble gtx-bubble\" style=\"visibility: visible; left: -285px; top: 1467px; opacity: 1;\" role=\"alertdialog\" aria-describedby=\"bubble-2\">\n<div id=\"bubble-2\" class=\"jfk-bubble-content-id\">\n<div id=\"gtx-host\" style=\"min-width: 200px; max-width: 400px;\"><\/div>\n<\/div>\n<div class=\"jfk-bubble-closebtn-id jfk-bubble-closebtn\" tabindex=\"0\" role=\"button\" aria-label=\"Schlie\u00dfen\"><\/div>\n<div class=\"jfk-bubble-arrow-id jfk-bubble-arrow jfk-bubble-arrowdown\" style=\"left: 382.094px;\">\n<div class=\"jfk-bubble-arrowimplbefore\"><\/div>\n<div class=\"jfk-bubble-arrowimplafter\"><\/div>\n<\/div>\n<\/div>","protected":false},"excerpt":{"rendered":"<p>Der <strong>Kartondickenmessger\u00e4t<\/strong> ist ein unverzichtbares Werkzeug zum Messen der genauen Dicke von Papier und Karton, um Konsistenz und Qualit\u00e4t aller Materialien sicherzustellen. Dieses Messger\u00e4t wird h\u00e4ufig in Branchen wie Verpackung, Lebensmittel und Getr\u00e4nke, Medizin und Elektronik eingesetzt, wo genaue Dickenmessungen f\u00fcr die Produktqualit\u00e4t und die Einhaltung gesetzlicher Vorschriften von entscheidender Bedeutung sind. Mit seiner hohen Pr\u00e4zision und seinen benutzerfreundlichen Funktionen erf\u00fcllt dieses Messger\u00e4t die Anforderungen von Fachleuten f\u00fcr Qualit\u00e4tskontrolle und Produktentwicklung.<\/p>","protected":false},"featured_media":6295,"comment_status":"closed","ping_status":"closed","template":"","meta":{"site-sidebar-layout":"default","site-content-layout":"default","ast-global-header-display":"","ast-main-header-display":"","ast-hfb-above-header-display":"","ast-hfb-below-header-display":"","ast-hfb-mobile-header-display":"","site-post-title":"","ast-breadcrumbs-content":"","ast-featured-img":"","footer-sml-layout":"","theme-transparent-header-meta":"default","adv-header-id-meta":"","stick-header-meta":"","header-above-stick-meta":"","header-main-stick-meta":"","header-below-stick-meta":""},"product_cat":[845,953,956,955,954,957,958,952,959,962,685,44,16,164,95],"product_tag":[],"class_list":{"0":"post-5366","1":"product","2":"type-product","3":"status-publish","4":"has-post-thumbnail","6":"product_cat-customization","7":"product_cat-bursting-tester","8":"product_cat-cobb-tester","9":"product_cat-crush-tester","10":"product_cat-paper-tear-tester","11":"product_cat-plybond-tester","12":"product_cat-puncture-tester","13":"product_cat-rub-tester","14":"product_cat-stiffness-tester","15":"product_cat-thickness-gauges","16":"product_cat-thickness-tester","17":"product_cat-paper-and-board-testers","18":"product_cat-plastic-packaging-testers","19":"product_cat-iso-534","20":"product_cat-products","21":"desktop-align-left","22":"tablet-align-left","23":"mobile-align-left","25":"first","26":"instock","27":"shipping-taxable","28":"product-type-simple"},"_links":{"self":[{"href":"https:\/\/www.qualitester.com\/de\/wp-json\/wp\/v2\/product\/5366","targetHints":{"allow":["GET"]}}],"collection":[{"href":"https:\/\/www.qualitester.com\/de\/wp-json\/wp\/v2\/product"}],"about":[{"href":"https:\/\/www.qualitester.com\/de\/wp-json\/wp\/v2\/types\/product"}],"replies":[{"embeddable":true,"href":"https:\/\/www.qualitester.com\/de\/wp-json\/wp\/v2\/comments?post=5366"}],"version-history":[{"count":0,"href":"https:\/\/www.qualitester.com\/de\/wp-json\/wp\/v2\/product\/5366\/revisions"}],"wp:featuredmedia":[{"embeddable":true,"href":"https:\/\/www.qualitester.com\/de\/wp-json\/wp\/v2\/media\/6295"}],"wp:attachment":[{"href":"https:\/\/www.qualitester.com\/de\/wp-json\/wp\/v2\/media?parent=5366"}],"wp:term":[{"taxonomy":"product_cat","embeddable":true,"href":"https:\/\/www.qualitester.com\/de\/wp-json\/wp\/v2\/product_cat?post=5366"},{"taxonomy":"product_tag","embeddable":true,"href":"https:\/\/www.qualitester.com\/de\/wp-json\/wp\/v2\/product_tag?post=5366"}],"curies":[{"name":"wp","href":"https:\/\/api.w.org\/{rel}","templated":true}]}}