{"id":5342,"date":"2024-11-14T11:02:44","date_gmt":"2024-11-14T03:02:44","guid":{"rendered":"https:\/\/www.qualitester.com\/?post_type=product&#038;p=5342"},"modified":"2024-12-05T15:19:27","modified_gmt":"2024-12-05T07:19:27","slug":"sale-paper-bending-stiffness-tester","status":"publish","type":"product","link":"https:\/\/www.qualitester.com\/de\/produkt-2\/sale-paper-bending-stiffness-tester\/","title":{"rendered":"WTD-01 Biegesteifigkeitspr\u00fcfger\u00e4t"},"content":{"rendered":"<p>Der Papierbiegesteifigkeitstester ist ein Pr\u00e4zisionsinstrument zur Messung der Biegefestigkeit von Papier- und Kartonmaterialien. Dieser Tester ist f\u00fcr Branchen wie Verpackung, Druck und Qualit\u00e4tskontrolle unverzichtbar und liefert genaue Daten zur Materialsteifigkeit und gew\u00e4hrleistet Konsistenz und Zuverl\u00e4ssigkeit bei Produktanwendungen. Ausgestattet mit erweiterten Funktionen erm\u00f6glicht er Herstellern und Qualit\u00e4tskontrolllaboren die Bewertung von Materialeigenschaften und erm\u00f6glicht ihnen so, strenge Industriestandards einzuhalten.<\/p>\n<hr \/>\n<h2>ISO 2493-1: Der Standard f\u00fcr Biegesteifigkeitspr\u00fcfungen<\/h2>\n<h3>\u00dcberblick \u00fcber ISO 2493-1<\/h3>\n<p><a href=\"https:\/\/www.qualitester.com\/de\/produkt-kategorie\/iso\/iso-2493-1\/\" target=\"_blank\" rel=\"noopener\">ISO 2493-1<\/a> ist ein international anerkannter Standard, der die Methoden zur Messung der Biegesteifigkeit von Papier und Karton festlegt. Er gew\u00e4hrleistet Einheitlichkeit und Zuverl\u00e4ssigkeit bei der Pr\u00fcfung und erm\u00f6glicht es Herstellern, Ergebnisse zu vergleichen und Branchenstandards einzuhalten. Dieser Standard ist von entscheidender Bedeutung f\u00fcr Anwendungen, bei denen Materialflexibilit\u00e4t und -festigkeit entscheidend f\u00fcr die Produktleistung sind.<\/p>\n<h3>Pr\u00fcfverfahren nach ISO 2493-1<\/h3>\n<p>ISO 2493-1 beschreibt Verfahren zur Messung der Kraft, die zum Biegen einer eingespannten Probe in bestimmten Winkeln und L\u00e4ngen erforderlich ist, typischerweise bei 15\u00b0 und Biegel\u00e4ngen von 50 mm oder 10 mm. Unser Pr\u00fcfger\u00e4t erf\u00fcllt diese Anforderungen vollst\u00e4ndig und bietet zuverl\u00e4ssige Ergebnisse bei verschiedenen Papiersorten und Kartonarten.<\/p>\n<hr \/>\n<h2>Hauptmerkmale des Papierbiegesteifigkeitspr\u00fcfers<\/h2>\n<h3>Zweipunkt-Ladeprinzip<\/h3>\n<p>Mithilfe eines Zweipunkt-Belastungsmechanismus misst dieser Tester die Kraft, die zum Biegen einer an einem Ende eingespannten Probe erforderlich ist. Diese Methode erm\u00f6glicht pr\u00e4zise Messwerte durch Anwenden von Kraft bei bestimmten Biegel\u00e4ngen und eignet sich daher f\u00fcr Materialien im Bereich von 20 mN bis 10.000 mN.<\/p>\n<h3>Einstellbare Pr\u00fcfwinkel<\/h3>\n<p>Der Tester unterst\u00fctzt bis zu drei gleichzeitige Testwinkel, darunter die am h\u00e4ufigsten verwendeten Winkel von 7,5\u00b0, 15\u00b0 und 30\u00b0. Diese Flexibilit\u00e4t erm\u00f6glicht es Benutzern, den besten Winkel basierend auf den Materialeigenschaften und den spezifischen Testanforderungen auszuw\u00e4hlen.<\/p>\n<h3>Hochaufl\u00f6sende Touchscreen-Oberfl\u00e4che<\/h3>\n<p>Eine benutzerfreundliche 7-Zoll-Touchscreen-Oberfl\u00e4che vereinfacht den Testvorgang und bietet ein visuelles Men\u00fc f\u00fcr eine einfache Bedienung. Diese Funktion steigert die Effizienz, da sie schnelle Parameteranpassungen und eine Echtzeit-Daten\u00fcberwachung erm\u00f6glicht.<\/p>\n<h3>Integrierter Thermodrucker<\/h3>\n<p>Ausgestattet mit einem modularen integrierten Thermodrucker erm\u00f6glicht dieser Tester den sofortigen Ausdruck von Testergebnissen. Diese Funktion unterst\u00fctzt die Dokumentation vor Ort, spart Zeit und gew\u00e4hrleistet die Datenintegrit\u00e4t im Labor.<\/p>\n<hr \/>\n<h2>Pr\u00fcfprinzip und technische Daten<\/h2>\n<h3>Pr\u00fcfprinzip<\/h3>\n<p>Der Tester misst den Biegewiderstand, indem er an einem Ende einer eingespannten Probe Kraft anwendet und sie in einem bestimmten Winkel biegt. Normalerweise wird die Probe um 15\u00b0 gebogen und die bei einer festgelegten Biegel\u00e4nge angewendete Kraft bestimmt die Biegesteifigkeit.<\/p>\n<h3>Wichtige technische Daten<\/h3>\n<table>\n<tbody>\n<tr>\n<td style=\"text-align: center;\" width=\"133\">Testbereich<\/td>\n<td style=\"text-align: center;\" width=\"229\">\uff080 bis 10.000\uff09mN<\/td>\n<\/tr>\n<tr>\n<td style=\"text-align: center;\" width=\"133\">Aufl\u00f6sung<\/td>\n<td style=\"text-align: center;\" width=\"229\">0,1 mN<\/td>\n<\/tr>\n<tr>\n<td style=\"text-align: center;\" width=\"133\">Genauigkeit<\/td>\n<td style=\"text-align: center;\" width=\"229\">\u00b1 0,51 TP3T FS<\/td>\n<\/tr>\n<tr>\n<td style=\"text-align: center;\" width=\"133\">Biegel\u00e4nge<\/td>\n<td style=\"text-align: center;\" width=\"229\">5, 10, 15, 20, 25, 30, 40, 50 mm<\/td>\n<\/tr>\n<tr>\n<td style=\"text-align: center;\" width=\"133\">Biegewinkel<\/td>\n<td style=\"text-align: center;\" width=\"229\">1 \u00b0 ~ 90 \u00b0<\/td>\n<\/tr>\n<tr>\n<td style=\"text-align: center;\" width=\"133\">Biegegeschwindigkeit<\/td>\n<td style=\"text-align: center;\" width=\"229\">0,5 ~ 50 \u00b0 \/ s<\/td>\n<\/tr>\n<tr>\n<td style=\"text-align: center;\" width=\"133\">Geschwindigkeitsgenauigkeit<\/td>\n<td style=\"text-align: center;\" width=\"229\">\u00b1 0,1\u00b0<\/td>\n<\/tr>\n<tr>\n<td style=\"text-align: center;\" width=\"133\">Klemmentyp<\/td>\n<td style=\"text-align: center;\" width=\"229\">Handbuch<\/td>\n<\/tr>\n<tr>\n<td style=\"text-align: center;\" width=\"133\">Probendicke<\/td>\n<td style=\"text-align: center;\" width=\"229\">0,01 bis 5 mm<\/td>\n<\/tr>\n<tr>\n<td style=\"text-align: center;\" width=\"133\">Stichprobengr\u00f6\u00dfe<\/td>\n<td style=\"text-align: center;\" width=\"229\">38 x 70 mm<\/td>\n<\/tr>\n<tr>\n<td style=\"text-align: center;\" width=\"133\">Bildschirm<\/td>\n<td style=\"text-align: center;\" width=\"229\">7-Zoll-Farb-Touchscreen<\/td>\n<\/tr>\n<tr>\n<td style=\"text-align: center;\" width=\"133\">Drucker<\/td>\n<td style=\"text-align: center;\" width=\"229\">Thermischer Typ<\/td>\n<\/tr>\n<tr>\n<td style=\"text-align: center;\" width=\"133\">Leistung<\/td>\n<td style=\"text-align: center;\" width=\"229\">220 V, 50 Hz<\/td>\n<\/tr>\n<tr>\n<td style=\"text-align: center;\" width=\"133\">Dimension<\/td>\n<td style=\"text-align: center;\" width=\"229\">380 \u00d7 390 \u00d7 255 mm LHB<\/td>\n<\/tr>\n<\/tbody>\n<\/table>\n<h4><strong>Sampler-Spezifikation (optional)\u00a0<\/strong><\/h4>\n<table>\n<tbody>\n<tr>\n<td style=\"text-align: center;\" colspan=\"1\" rowspan=\"2\" width=\"133\">Stichprobengr\u00f6\u00dfe<\/td>\n<td style=\"text-align: center;\" width=\"229\">(70*38)mm Steifigkeitsprobe;<\/td>\n<\/tr>\n<tr>\n<td style=\"text-align: center;\" width=\"229\">\uff0838*36\uff09Knicksteifigkeitsprobe<\/td>\n<\/tr>\n<tr>\n<td style=\"text-align: center;\" width=\"133\">Parallelit\u00e4t<\/td>\n<td style=\"text-align: center;\" width=\"229\">\u22640,015 mm<\/td>\n<\/tr>\n<tr>\n<td style=\"text-align: center;\" width=\"133\">Probendicke<\/td>\n<td style=\"text-align: center;\" width=\"229\">(0,1~1,2) mm<\/td>\n<\/tr>\n<tr>\n<td style=\"text-align: center;\" width=\"133\">Dimension<\/td>\n<td style=\"text-align: center;\" width=\"229\">300 x 90 x 90 mm<\/td>\n<\/tr>\n<\/tbody>\n<\/table>\n<p>Aufgrund dieser Spezifikationen ist der Papierbiegesteifigkeitspr\u00fcfer ideal f\u00fcr Labore und Produktionslinien geeignet, die eine hohe Pr\u00e4zision bei der Materialpr\u00fcfung erfordern.<\/p>\n<hr \/>\n<h2>Einhaltung von Standards<\/h2>\n<p>Unser Papierbiegesteifigkeitspr\u00fcfger\u00e4t entspricht verschiedenen internationalen Normen, darunter:<\/p>\n<ul>\n<li><a href=\"https:\/\/www.iso.org\/standard\/51696.html\" target=\"_blank\" rel=\"noopener nofollow\"><strong>ISO 2493-1<\/strong><\/a> Und <a href=\"https:\/\/www.iso.org\/standard\/76347.html\" target=\"_blank\" rel=\"noopener nofollow\"><strong>ISO 5628<\/strong><\/a> zur Messung der Steifigkeit in Papier und Karton<\/li>\n<li><strong>TAPPI T556<\/strong> Und <strong>DIN 53121<\/strong> f\u00fcr standardisierte Papierpr\u00fcfverfahren<\/li>\n<li><strong>GB\/T 2679.3<\/strong> Und <strong>GB\/T 23144<\/strong> f\u00fcr chinesische Standards bei Papierqualit\u00e4t<\/li>\n<li><strong>SCAN P29<\/strong>, <strong>BS 3748<\/strong>, <strong>AS\/NZ 1301-4535<\/strong> f\u00fcr regionale Compliance in Europa und Australien<\/li>\n<\/ul>\n<p>Durch die Einhaltung dieser Normen ist die Kompatibilit\u00e4t mit weltweiten Testanforderungen gew\u00e4hrleistet. Damit ist dieser Tester eine vielseitige Wahl f\u00fcr Hersteller, die verschiedene gesetzliche Normen erf\u00fcllen m\u00f6chten.<\/p>\n<hr \/>\n<h2>Vorteile des Papierbiegesteifigkeitspr\u00fcfers<\/h2>\n<ol>\n<li><strong>Hohe Genauigkeit und Flexibilit\u00e4t<\/strong>: Mit einstellbaren Biegewinkeln und einem breiten Testbereich erf\u00fcllt der Tester unterschiedliche Materialspezifikationen.<\/li>\n<li><strong>Benutzerfreundliches Design<\/strong>: Der intuitive Touchscreen und der modulare Drucker optimieren den Testvorgang und verbessern die Effizienz des Labors.<\/li>\n<li><strong>Anpassungsf\u00e4higkeit<\/strong>: Geeignet f\u00fcr eine Vielzahl von Papier- und Kartonmaterialien, ausgenommen Wellpappe, aber anwendbar auf deren Bestandteile.<\/li>\n<li><strong>Einfache Dokumentation<\/strong>: Der Thermodrucker liefert sofortige Ergebnisse, verk\u00fcrzt die Verarbeitungszeit und erleichtert die Aufzeichnung vor Ort.<\/li>\n<\/ol>\n<hr \/>\n<h2>Branchen\u00fcbergreifende Anwendungen<\/h2>\n<p>Dieser Papierbiegesteifigkeitspr\u00fcfer findet breite Anwendung in Branchen wie:<\/p>\n<ul>\n<li><strong>Verpackung und Druck<\/strong>: \u00dcberpr\u00fcft die Materialst\u00e4rke von Kisten, Kartons und Druckprodukten.<\/li>\n<li><strong>Qualit\u00e4tspr\u00fcfungsagenturen<\/strong>: Bietet wichtige Daten f\u00fcr die Produktzertifizierung und -konformit\u00e4t.<\/li>\n<li><strong>Forschung und Entwicklung<\/strong>: Unterst\u00fctzt Produktinnovationen durch die Beurteilung der Materialbelastbarkeit und -eignung.<\/li>\n<\/ul>\n<hr \/>\n<h2>FAQs<\/h2>\n<p><strong>1. Welche Materialien k\u00f6nnen mit diesem Instrument getestet werden?<\/strong><br \/>\nDas Pr\u00fcfger\u00e4t ist f\u00fcr Papier- und Kartonmaterialien mit einem Biegebereich von 20 bis 10.000 mN geeignet. Es ist nicht f\u00fcr Wellpappe geeignet, kann aber f\u00fcr Komponenten aus Wellpappe verwendet werden.<\/p>\n<p><strong>2. Welchen Einfluss hat der Biegewinkel auf die Testergebnisse?<\/strong><br \/>\nDer Biegewinkel beeinflusst die Kraftmessung. Kleinere Winkel erfordern normalerweise weniger Kraft. Die einstellbaren Winkel des Testers (7,5\u00b0, 15\u00b0 und 30\u00b0) erm\u00f6glichen es dem Benutzer, die beste Einstellung f\u00fcr sein spezifisches Material auszuw\u00e4hlen.<\/p>\n<p><strong>3. Welche Bedeutung hat die ISO 2493-1 in der Papierpr\u00fcfung?<\/strong><br \/>\nISO 2493-1 bietet standardisierte Pr\u00fcfverfahren f\u00fcr Biegesteifigkeit und gew\u00e4hrleistet konsistente und vergleichbare Ergebnisse in unterschiedlichen Pr\u00fcfumgebungen.<\/p>\n<p><strong>4. Kann dieser Tester f\u00fcr Wellpappe verwendet werden?<\/strong><br \/>\nNein, f\u00fcr die Pr\u00fcfung von Wellpappe ist dieser Tester nicht zu empfehlen. F\u00fcr Bauteile aus Wellpappe ist er jedoch geeignet.<\/p>\n<p><strong>5. Wie erleichtert der Thermodrucker die Ergebnisdokumentation?<\/strong><br \/>\nDer eingebaute Thermodrucker erm\u00f6glicht das sofortige Ausdrucken der Pr\u00fcfergebnisse und erm\u00f6glicht so eine schnelle und bequeme Dokumentation direkt vom Pr\u00fcfger\u00e4t aus.<\/p>","protected":false},"excerpt":{"rendered":"<p>Der Papierbiegesteifigkeitstester ist ein Pr\u00e4zisionsinstrument zur Messung der Biegefestigkeit von Papier- und Kartonmaterialien. Dieser Tester ist f\u00fcr Branchen wie Verpackung, Druck und Qualit\u00e4tskontrolle unverzichtbar und liefert genaue Daten zur Materialsteifigkeit und gew\u00e4hrleistet Konsistenz und Zuverl\u00e4ssigkeit bei Produktanwendungen. Ausgestattet mit erweiterten Funktionen erm\u00f6glicht er Herstellern und Qualit\u00e4tskontrolllaboren die Bewertung von Materialeigenschaften und erm\u00f6glicht ihnen so, strenge Industriestandards einzuhalten.<\/p>","protected":false},"featured_media":6289,"comment_status":"closed","ping_status":"closed","template":"","meta":{"site-sidebar-layout":"default","site-content-layout":"default","ast-global-header-display":"","ast-main-header-display":"","ast-hfb-above-header-display":"","ast-hfb-below-header-display":"","ast-hfb-mobile-header-display":"","site-post-title":"","ast-breadcrumbs-content":"","ast-featured-img":"","footer-sml-layout":"","theme-transparent-header-meta":"default","adv-header-id-meta":"","stick-header-meta":"","header-above-stick-meta":"","header-main-stick-meta":"","header-below-stick-meta":""},"product_cat":[845,1092,1091,959,1093,44,95],"product_tag":[],"class_list":{"0":"post-5342","1":"product","2":"type-product","3":"status-publish","4":"has-post-thumbnail","6":"product_cat-customization","7":"product_cat-iso-2493-1","8":"product_cat-iso-5628","9":"product_cat-stiffness-tester","10":"product_cat-tappi-t556","11":"product_cat-paper-and-board-testers","12":"product_cat-products","13":"desktop-align-left","14":"tablet-align-left","15":"mobile-align-left","17":"first","18":"instock","19":"shipping-taxable","20":"product-type-simple"},"_links":{"self":[{"href":"https:\/\/www.qualitester.com\/de\/wp-json\/wp\/v2\/product\/5342","targetHints":{"allow":["GET"]}}],"collection":[{"href":"https:\/\/www.qualitester.com\/de\/wp-json\/wp\/v2\/product"}],"about":[{"href":"https:\/\/www.qualitester.com\/de\/wp-json\/wp\/v2\/types\/product"}],"replies":[{"embeddable":true,"href":"https:\/\/www.qualitester.com\/de\/wp-json\/wp\/v2\/comments?post=5342"}],"version-history":[{"count":0,"href":"https:\/\/www.qualitester.com\/de\/wp-json\/wp\/v2\/product\/5342\/revisions"}],"wp:featuredmedia":[{"embeddable":true,"href":"https:\/\/www.qualitester.com\/de\/wp-json\/wp\/v2\/media\/6289"}],"wp:attachment":[{"href":"https:\/\/www.qualitester.com\/de\/wp-json\/wp\/v2\/media?parent=5342"}],"wp:term":[{"taxonomy":"product_cat","embeddable":true,"href":"https:\/\/www.qualitester.com\/de\/wp-json\/wp\/v2\/product_cat?post=5342"},{"taxonomy":"product_tag","embeddable":true,"href":"https:\/\/www.qualitester.com\/de\/wp-json\/wp\/v2\/product_tag?post=5342"}],"curies":[{"name":"wp","href":"https:\/\/api.w.org\/{rel}","templated":true}]}}