{"id":5335,"date":"2024-11-13T11:57:32","date_gmt":"2024-11-13T03:57:32","guid":{"rendered":"https:\/\/www.qualitester.com\/?post_type=product&#038;p=5335"},"modified":"2024-12-05T15:11:48","modified_gmt":"2024-12-05T07:11:48","slug":"sale-paper-vertical-tensile-tester","status":"publish","type":"product","link":"https:\/\/www.qualitester.com\/de\/produkt-2\/sale-paper-vertical-tensile-tester\/","title":{"rendered":"TST-V Vertikales Zugpr\u00fcfger\u00e4t"},"content":{"rendered":"<h2><strong>Einf\u00fchrung in die vertikale Zugpr\u00fcfung von Papier<\/strong><\/h2>\n<p>Der <strong>Papier-Vertikal-Zugpr\u00fcfger\u00e4t<\/strong> (TST-V) ist ein hochspezialisiertes Pr\u00fcfger\u00e4t zur Bewertung der mechanischen Eigenschaften von Papiermaterialien, einschlie\u00dflich Pappe, Tissue-Papier und anderen Produkten auf Papierbasis. Es spielt eine entscheidende Rolle in der Papier- und Verpackungsindustrie, indem es Schl\u00fcsseleigenschaften wie Zugfestigkeit, Dehnung bei maximaler Kraft, Energieaufnahme bei Zug und Zugsteifigkeit misst. Durch die Bestimmung dieser Eigenschaften k\u00f6nnen Hersteller sicherstellen, dass ihre Produkte die strengen Leistungs- und Qualit\u00e4tsstandards erf\u00fcllen, insbesondere bei Verpackungs-, Medizin- und Lebensmittelanwendungen.<\/p>\n<h2><strong>Testprinzip des Papier-Vertikalzugversuchs<\/strong><\/h2>\n<p>Das TST-V arbeitet, indem es ein Pr\u00fcfst\u00fcck mit einer konstanten Dehnungsrate dehnt, bis es bricht. W\u00e4hrend dieses Vorgangs misst das Ger\u00e4t kontinuierlich die Zugkraft im Verh\u00e4ltnis zur Dehnung des Pr\u00fcfst\u00fccks und zeichnet sie auf. Aus diesen Daten wird die <strong>Zugfestigkeit<\/strong>, <strong>Dehnung bei maximaler Kraft<\/strong>, Und <strong>Absorption von Z\u00fcgenergie<\/strong> berechnet werden kann. Diese Werte sind wichtig, um die Leistung des Materials in realen Anwendungen zu bewerten, z. B. die Haltbarkeit der Verpackung, die Dehnbarkeit und die Gesamtfestigkeit.<\/p>\n<hr \/>\n<h2><strong>ISO 1924 und ihre Relevanz f\u00fcr die Papierpr\u00fcfung<\/strong><\/h2>\n<h3><strong>ISO 1924 Normen \u00dcbersicht<\/strong><\/h3>\n<p>ISO 1924 ist eine Reihe von international anerkannten Normen, die Richtlinien f\u00fcr die Pr\u00fcfung der Zugeigenschaften von Papier und Pappe enthalten. Die Einhaltung dieser Normen gew\u00e4hrleistet einheitliche und zuverl\u00e4ssige Ergebnisse, was f\u00fcr die Qualit\u00e4tskontrolle bei der Papierherstellung von entscheidender Bedeutung ist. Die ISO 1924 umfasst die folgenden wichtigen Teile:<\/p>\n<ul>\n<li><a href=\"https:\/\/www.iso.org\/standard\/6616.html\" target=\"_blank\" rel=\"noopener nofollow\"><strong>ISO 1924-1<\/strong><\/a>: Allgemeine Grunds\u00e4tze und Definitionen f\u00fcr die Zugpr\u00fcfung von Papier.<\/li>\n<li><a href=\"https:\/\/www.iso.org\/standard\/41397.html\" target=\"_blank\" rel=\"noopener nofollow\"><strong>ISO 1924-2<\/strong><\/a>: Methoden zur Bestimmung der Zugfestigkeit und Dehnung von Papier.<\/li>\n<li><a href=\"https:\/\/www.iso.org\/standard\/32206.html\" rel=\"nofollow noopener\" target=\"_blank\"><strong>ISO 1924-3<\/strong><\/a>: Richtlinien f\u00fcr die Berechnung des Zugindexes und des Energieabsorptionsindexes.<\/li>\n<\/ul>\n<p>Diese Normen sind f\u00fcr die Hersteller unerl\u00e4sslich, um sicherzustellen, dass ihre Papierprodukte die branchen\u00fcblichen Ma\u00dfst\u00e4be f\u00fcr Qualit\u00e4t und Leistung erf\u00fcllen. Durch die Einhaltung dieser Richtlinien werden die Pr\u00fcfergebnisse weltweit standardisiert, so dass die Unternehmen Materialien mit gleichbleibender Qualit\u00e4t und Haltbarkeit herstellen k\u00f6nnen.<\/p>\n<h3><strong>Wie das TST-V-Modell die ISO 1924 erf\u00fcllt<\/strong><\/h3>\n<p>Der <strong>TST-V Papier-Vertikal-Zugpr\u00fcfger\u00e4t<\/strong> ist vollst\u00e4ndig kompatibel mit <strong>ISO 1924<\/strong> und liefert genaue, wiederholbare Messungen in \u00dcbereinstimmung mit internationalen Pr\u00fcfprotokollen. Dies macht es zur idealen Wahl f\u00fcr Unternehmen in der Papier- und Verpackungsindustrie, die globale Qualit\u00e4tsstandards einhalten m\u00fcssen. Ob Sie nun die Zugfestigkeit, die Bruchdehnung oder die Energieabsorption pr\u00fcfen, das TST-V gew\u00e4hrleistet, dass Ihre Ergebnisse den ISO-Normen f\u00fcr die Papierpr\u00fcfung entsprechen.<\/p>\n<hr \/>\n<h2><strong>Hauptmerkmale des TST-V Papier-Vertikalzugpr\u00fcfers<\/strong><\/h2>\n<ul>\n<li><strong>Pr\u00e4zisionspr\u00fcfungsf\u00e4higkeiten<\/strong>: Der TST-V ist ausgestattet mit einem <strong>Pr\u00e4zisionskugelgewindespindelmechanismus<\/strong>, Dadurch wird sichergestellt, dass die Dehnungsgeschwindigkeit und die Verschiebung mit hoher Genauigkeit gesteuert werden.<\/li>\n<li><strong>Benutzerfreundliche Bedienung<\/strong>: Das Ger\u00e4t verf\u00fcgt \u00fcber ein <strong>7-Zoll-HMI-Touchscreen<\/strong>, und bietet eine intuitive und einfach zu bedienende Benutzeroberfl\u00e4che f\u00fcr eine nahtlose Bedienung, auch f\u00fcr Benutzer mit wenig Erfahrung.<\/li>\n<li><strong>Einstellbare Testgeschwindigkeit<\/strong>: Die Pr\u00fcfgeschwindigkeit ist stufenlos einstellbar und reicht von <strong>1 mm\/min bis 500 mm\/min<\/strong>, Dadurch k\u00f6nnen Sie das Pr\u00fcfverfahren an die Eigenschaften des Materials anpassen.<\/li>\n<li><strong>Vielseitige Kompatibilit\u00e4t der Vorrichtungen<\/strong>: Das TST-V ist mit einer Vielzahl von Vorrichtungen kompatibel, so dass es verschiedene Papierproben bearbeiten kann, von d\u00fcnnem Seidenpapier bis hin zu dickerer Pappe.<\/li>\n<li><strong>Hohe Stabilit\u00e4t<\/strong>: Das System arbeitet mit <strong>SPS-Steuerung<\/strong>, Dadurch wird eine stabile, zuverl\u00e4ssige Leistung gew\u00e4hrleistet und die Fehlerquote bei den Tests minimiert.<\/li>\n<li><strong>Automatische Merkmale<\/strong>: Das Pr\u00fcfger\u00e4t ist mit einer Begrenzungsvorrichtung und einer automatischen R\u00fccklauffunktion ausgestattet, die sowohl die Sicherheit als auch den Komfort w\u00e4hrend der Pr\u00fcfung erh\u00f6hen.<\/li>\n<li><strong>Optionales Zubeh\u00f6r<\/strong>: Zus\u00e4tzliches Zubeh\u00f6r wie ein Mikrodrucker und eine RS232-Schnittstelle mit professioneller Software (optional) bieten zus\u00e4tzliche Flexibilit\u00e4t bei der Datenanalyse und Berichterstellung.<\/li>\n<\/ul>\n<hr \/>\n<h2><strong>Anwendungen des Vertikalzugpr\u00fcfers f\u00fcr Papier<\/strong><\/h2>\n<p>Der <strong>TST-V Papier-Vertikal-Zugpr\u00fcfger\u00e4t<\/strong> eignet sich ideal f\u00fcr den Einsatz in Branchen, in denen die Papiereigenschaften f\u00fcr die Leistung von Produkten entscheidend sind. Seine Anwendungen umfassen:<\/p>\n<ul>\n<li><strong>Verpackungsindustrie<\/strong>: Unverzichtbar f\u00fcr die Pr\u00fcfung der Haltbarkeit und Festigkeit von Verpackungsmaterialien, um sicherzustellen, dass sie den Belastungen bei Transport und Handhabung standhalten.<\/li>\n<li><strong>Tissue-Papier-Produktion<\/strong>: Zur Pr\u00fcfung der Zugfestigkeit und Flexibilit\u00e4t von Tissue-Produkten, die f\u00fcr die Gew\u00e4hrleistung von Qualit\u00e4t und Benutzerzufriedenheit von entscheidender Bedeutung sind.<\/li>\n<li><strong>Kartonagenherstellung<\/strong>: Hilft bei der Beurteilung der Festigkeit und Dehnung von Pappe, die in der Verpackungs- und Beh\u00e4lterproduktion verwendet wird.<\/li>\n<li><strong>Forschung und Entwicklung<\/strong>: Ideal f\u00fcr F&amp;E-Abteilungen, die neue Papierprodukte entwickeln oder die Leistung bestehender Materialien verbessern wollen.<\/li>\n<\/ul>\n<hr \/>\n<h2><strong>Technische Spezifikationen<\/strong><\/h2>\n<table>\n<tbody>\n<tr>\n<td style=\"text-align: center;\" colspan=\"2\" rowspan=\"1\" width=\"381\"><strong>TST-V Vertikales Zugpr\u00fcfger\u00e4t<\/strong><\/td>\n<\/tr>\n<tr>\n<td style=\"text-align: center;\" width=\"209\">Messbereich<\/td>\n<td style=\"text-align: center;\" width=\"172\">500N oder nach Bedarf<\/td>\n<\/tr>\n<tr>\n<td style=\"text-align: center;\" width=\"209\">Dehnungsbereich<\/td>\n<td style=\"text-align: center;\" width=\"172\">800mm<\/td>\n<\/tr>\n<tr>\n<td style=\"text-align: center;\" width=\"209\">Streckgeschwindigkeit<\/td>\n<td style=\"text-align: center;\" width=\"172\">1~500 mm\/min<\/td>\n<\/tr>\n<tr>\n<td style=\"text-align: center;\" width=\"209\">Testgeschwindigkeitsgenauigkeit<\/td>\n<td style=\"text-align: center;\" width=\"172\">\u00b10,1mm\/min<\/td>\n<\/tr>\n<tr>\n<td style=\"text-align: center;\" width=\"209\">Kraftgenauigkeit<\/td>\n<td style=\"text-align: center;\" width=\"172\">0,5% FS<\/td>\n<\/tr>\n<tr>\n<td style=\"text-align: center;\" width=\"209\">Kraftgenauigkeit<\/td>\n<td style=\"text-align: center;\" width=\"172\">\u00b10,1% (20 bis 100%FS)<\/td>\n<\/tr>\n<tr>\n<td style=\"text-align: center;\" width=\"209\">Deformationsaufl\u00f6sung<\/td>\n<td style=\"text-align: center;\" width=\"172\">\u22640,01mm<\/td>\n<\/tr>\n<tr>\n<td style=\"text-align: center;\" width=\"209\">Probenklemmung<\/td>\n<td style=\"text-align: center;\" width=\"172\">Handbuch<\/td>\n<\/tr>\n<tr>\n<td style=\"text-align: center;\" width=\"209\">Stichprobengr\u00f6\u00dfe<\/td>\n<td style=\"text-align: center;\" width=\"172\">1 bis 25 mm<\/td>\n<\/tr>\n<tr>\n<td style=\"text-align: center;\" width=\"209\">Mensch-Maschine-Schnittstelle<\/td>\n<td style=\"text-align: center;\" width=\"172\">7-Zoll-Touchscreen<\/td>\n<\/tr>\n<tr>\n<td style=\"text-align: center;\" width=\"209\">Leistung<\/td>\n<td style=\"text-align: center;\" width=\"172\">Wechselstrom 110\u2013220\u00a0V, 50\/60\u00a0Hz<\/td>\n<\/tr>\n<tr>\n<td style=\"text-align: center;\" colspan=\"2\" rowspan=\"1\" width=\"381\"><strong>Probenschneider (optional)<\/strong><\/td>\n<\/tr>\n<tr>\n<td style=\"text-align: center;\" width=\"209\">Stichprobengr\u00f6\u00dfe<\/td>\n<td style=\"text-align: center;\" width=\"172\">15*300mm<\/td>\n<\/tr>\n<tr>\n<td style=\"text-align: center;\" width=\"209\">Probendicke<\/td>\n<td style=\"text-align: center;\" width=\"172\">0,1~1mm<\/td>\n<\/tr>\n<tr>\n<td style=\"text-align: center;\" width=\"209\">Seiten Parallelit\u00e4t<\/td>\n<td style=\"text-align: center;\" width=\"172\">\uff1c0,03mm<\/td>\n<\/tr>\n<\/tbody>\n<\/table>\n<hr \/>\n<h2><strong>Erf\u00fcllte wichtige Standards<\/strong><\/h2>\n<p>Der <strong>TST-V Papier-Vertikal-Zugpr\u00fcfger\u00e4t<\/strong> h\u00e4lt sich an eine Reihe von internationalen Standards, die die Einhaltung von Industrienormen gew\u00e4hrleisten und die Zuverl\u00e4ssigkeit der Testergebnisse erh\u00f6hen. Dazu geh\u00f6ren:<\/p>\n<ul>\n<li><strong>ISO 1924-1<\/strong>, <strong>ISO 1924-2<\/strong>, <strong>ISO 1924-3<\/strong> (f\u00fcr die Zugpr\u00fcfung von Papier und Pappe)<\/li>\n<li><strong>ISO 12625-4<\/strong>, <strong>ISO 12625-5<\/strong> (zur Pr\u00fcfung von Seidenpapier)<\/li>\n<li><strong>TAPPI T494<\/strong> (U.S.-Norm f\u00fcr Papierpr\u00fcfungen)<\/li>\n<li><strong>GB\/T 12914<\/strong>, <strong>GB\/T 24328<\/strong> (verschiedene Teile) (Chinesische Normen f\u00fcr die Papierpr\u00fcfung)<\/li>\n<\/ul>\n<hr \/>\n<h2><strong>Warum sollten Sie sich f\u00fcr das TST-V Papier-Vertikalzugpr\u00fcfger\u00e4t entscheiden?<\/strong><\/h2>\n<ul>\n<li><strong>Genauigkeit und Zuverl\u00e4ssigkeit<\/strong>: Das TST-V gew\u00e4hrleistet hochpr\u00e4zise Messungen der Zugfestigkeitseigenschaften, die f\u00fcr die Qualit\u00e4tskontrolle und Produktentwicklung unerl\u00e4sslich sind.<\/li>\n<li><strong>Konform mit ISO 1924<\/strong>: Es entspricht vollst\u00e4ndig den <strong>ISO 1924<\/strong>, und stellen sicher, dass Ihre Tests den weltweiten Industriestandards f\u00fcr Papierpr\u00fcfungen entsprechen.<\/li>\n<li><strong>Benutzerfreundliches Interface<\/strong>: Der intuitive 7-Zoll-Touchscreen erleichtert die Bedienung und Verwaltung der Tests.<\/li>\n<li><strong>Anpassbar und vielseitig<\/strong>: Mit einstellbaren Pr\u00fcfgeschwindigkeiten, einer Vielzahl von Probenhalterungen und zus\u00e4tzlichen Optionen f\u00fcr die Datenerfassung ist der TST-V vielseitig genug, um eine Reihe von Papierprodukten zu pr\u00fcfen.<\/li>\n<\/ul>\n<hr \/>\n<h2><strong>FAQs: Papier-Vertikalzugversuch<\/strong><\/h2>\n<ol>\n<li><strong>Was ist der Hauptzweck der vertikalen Zugfestigkeitspr\u00fcfmaschine f\u00fcr Papier?<\/strong><br \/>\nDer TST-V misst die Zugfestigkeit, die Dehnung bei maximaler Kraft und die Energieabsorption von Papier, Pappe und Tissueprodukten, um deren mechanische Eigenschaften zu beurteilen.<\/li>\n<li><strong>Wie verh\u00e4lt sich die ISO 1924 zur Papierpr\u00fcfung?<\/strong><br \/>\nISO 1924 legt internationale Standards f\u00fcr die Pr\u00fcfung der Zugeigenschaften von Papier und Pappe fest und gew\u00e4hrleistet, dass die Ergebnisse einheitlich, zuverl\u00e4ssig und branchen\u00fcbergreifend vergleichbar sind.<\/li>\n<li><strong>Welche Arten von Materialien k\u00f6nnen mit dem TST-V gepr\u00fcft werden?<\/strong><br \/>\nMit dem TST-V k\u00f6nnen verschiedene Papiermaterialien, einschlie\u00dflich Pappe, Tissue-Papier und andere papierbasierte Produkte, auf ihre Zugfestigkeit und Flexibilit\u00e4t gepr\u00fcft werden.<\/li>\n<li><strong>Was sind die wichtigsten Merkmale des TST-V-Modells?<\/strong><br \/>\nDas TST-V verf\u00fcgt \u00fcber eine SPS-Steuerung, einen 7-Zoll-Touchscreen, einen Pr\u00e4zisions-Kugelgewindemechanismus, einstellbare Pr\u00fcfgeschwindigkeiten und Kompatibilit\u00e4t mit verschiedenen Spannvorrichtungen.<\/li>\n<li><strong>Welche Normen erf\u00fcllt das TST-V?<\/strong><br \/>\nDie TST-V erf\u00fcllt folgende Anforderungen <strong>ISO 1924<\/strong>, <strong>ISO 12625<\/strong>, <strong>TAPPI T494<\/strong>, und andere internationale Normen f\u00fcr die Papierpr\u00fcfung.<\/li>\n<\/ol>","protected":false},"excerpt":{"rendered":"<p>Der <strong>Papier-Vertikal-Zugpr\u00fcfger\u00e4t<\/strong> (TST-V) ist ein hochspezialisiertes Pr\u00fcfger\u00e4t zur Bewertung der mechanischen Eigenschaften von Papiermaterialien, einschlie\u00dflich Pappe, Tissue-Papier und anderen Produkten auf Papierbasis. Es spielt eine entscheidende Rolle in der Papier- und Verpackungsindustrie, indem es Schl\u00fcsseleigenschaften wie Zugfestigkeit, Dehnung bei maximaler Kraft, Energieaufnahme bei Zug und Zugsteifigkeit misst. Durch die Bestimmung dieser Eigenschaften k\u00f6nnen Hersteller sicherstellen, dass ihre Produkte die strengen Leistungs- und Qualit\u00e4tsstandards erf\u00fcllen, insbesondere bei Verpackungs-, Medizin- und Lebensmittelanwendungen.<\/p>","protected":false},"featured_media":6283,"comment_status":"closed","ping_status":"closed","template":"","meta":{"site-sidebar-layout":"default","site-content-layout":"default","ast-global-header-display":"","ast-main-header-display":"","ast-hfb-above-header-display":"","ast-hfb-below-header-display":"","ast-hfb-mobile-header-display":"","site-post-title":"","ast-breadcrumbs-content":"","ast-featured-img":"","footer-sml-layout":"","theme-transparent-header-meta":"default","adv-header-id-meta":"","stick-header-meta":"","header-above-stick-meta":"","header-main-stick-meta":"","header-below-stick-meta":""},"product_cat":[845,953,956,955,1166,1167,1090,1163,1164,1165,954,957,958,952,959,1168,679,44,95],"product_tag":[],"class_list":{"0":"post-5335","1":"product","2":"type-product","3":"status-publish","4":"has-post-thumbnail","6":"product_cat-customization","7":"product_cat-bursting-tester","8":"product_cat-cobb-tester","9":"product_cat-crush-tester","10":"product_cat-iso-12625-4","11":"product_cat-iso-12625-5","12":"product_cat-iso-1924","13":"product_cat-iso-1924-1","14":"product_cat-iso-1924-2","15":"product_cat-iso-1924-3","16":"product_cat-paper-tear-tester","17":"product_cat-plybond-tester","18":"product_cat-puncture-tester","19":"product_cat-rub-tester","20":"product_cat-stiffness-tester","21":"product_cat-tappi-t494","22":"product_cat-tensile-tester","23":"product_cat-paper-and-board-testers","24":"product_cat-products","25":"desktop-align-left","26":"tablet-align-left","27":"mobile-align-left","29":"first","30":"instock","31":"shipping-taxable","32":"product-type-simple"},"_links":{"self":[{"href":"https:\/\/www.qualitester.com\/de\/wp-json\/wp\/v2\/product\/5335","targetHints":{"allow":["GET"]}}],"collection":[{"href":"https:\/\/www.qualitester.com\/de\/wp-json\/wp\/v2\/product"}],"about":[{"href":"https:\/\/www.qualitester.com\/de\/wp-json\/wp\/v2\/types\/product"}],"replies":[{"embeddable":true,"href":"https:\/\/www.qualitester.com\/de\/wp-json\/wp\/v2\/comments?post=5335"}],"version-history":[{"count":0,"href":"https:\/\/www.qualitester.com\/de\/wp-json\/wp\/v2\/product\/5335\/revisions"}],"wp:featuredmedia":[{"embeddable":true,"href":"https:\/\/www.qualitester.com\/de\/wp-json\/wp\/v2\/media\/6283"}],"wp:attachment":[{"href":"https:\/\/www.qualitester.com\/de\/wp-json\/wp\/v2\/media?parent=5335"}],"wp:term":[{"taxonomy":"product_cat","embeddable":true,"href":"https:\/\/www.qualitester.com\/de\/wp-json\/wp\/v2\/product_cat?post=5335"},{"taxonomy":"product_tag","embeddable":true,"href":"https:\/\/www.qualitester.com\/de\/wp-json\/wp\/v2\/product_tag?post=5335"}],"curies":[{"name":"wp","href":"https:\/\/api.w.org\/{rel}","templated":true}]}}