{"id":5332,"date":"2024-11-13T11:52:19","date_gmt":"2024-11-13T03:52:19","guid":{"rendered":"https:\/\/www.qualitester.com\/?post_type=product&#038;p=5332"},"modified":"2024-12-05T15:09:02","modified_gmt":"2024-12-05T07:09:02","slug":"sale-paper-horizontal-tensile-tester","status":"publish","type":"product","link":"https:\/\/www.qualitester.com\/de\/produkt-2\/sale-paper-horizontal-tensile-tester\/","title":{"rendered":"TST-H Horizontal-Zugpr\u00fcfger\u00e4t"},"content":{"rendered":"<h2><strong>Einf\u00fchrung: Horizontales Papierzugpr\u00fcfger\u00e4t<\/strong><\/h2>\n<p>Der <strong>TST-H Horizontal-Zugpr\u00fcfger\u00e4t<\/strong> ist ein hochmodernes Pr\u00fcfger\u00e4t mit konstanter Dehnungsrate, das zur Messung der Zugfestigkeitseigenschaften von Papier, Karton, Seidenpapier und anderen papierbasierten Materialien entwickelt wurde. Mit seinen pr\u00e4zisen Pr\u00fcffunktionen ermittelt es wichtige Eigenschaften wie Zugfestigkeit, Dehnung bei maximaler Kraft, Zugenergieabsorption und Zugsteifigkeit. Das Pr\u00fcfger\u00e4t eignet sich ideal zur Bewertung von Verpackungsmaterialien, Papierprodukten und Seidenpapierprodukten und liefert wichtige Daten f\u00fcr Branchen wie Verpackung, Lebensmittel, Pharmazeutika, Klebstoffe und Qualit\u00e4tspr\u00fcfungsbeh\u00f6rden.<\/p>\n<p>Der <strong>TST-H Horizontal-Zugpr\u00fcfger\u00e4t<\/strong> bietet genaue und reproduzierbare Ergebnisse, sodass Hersteller eine gleichbleibende Qualit\u00e4t gew\u00e4hrleisten und sicherstellen k\u00f6nnen, dass ihre Produkte internationalen Standards entsprechen. Ob f\u00fcr die Qualit\u00e4tskontrolle oder Forschungszwecke, das TST-H bietet zuverl\u00e4ssige, pr\u00e4zise Zugfestigkeitsmessungen, die f\u00fcr die Optimierung der Produktleistung entscheidend sind.<\/p>\n<hr \/>\n<h2><strong>Pr\u00fcfmethoden und Normen f\u00fcr die horizontale Zugpr\u00fcfung von Papier<\/strong><\/h2>\n<h3><strong>ISO 1924: Wichtige Pr\u00fcfnormen f\u00fcr die Papierzugpr\u00fcfung<\/strong><\/h3>\n<p>Der <strong>ISO 1924<\/strong> Die Serie ist der am weitesten verbreitete internationale Standard zum Testen der Zugfestigkeitseigenschaften von Papier und Karton. Die Serie besteht aus drei Teilen, in denen die Methoden f\u00fcr Zugfestigkeitstests unter verschiedenen Bedingungen detailliert beschrieben werden:<\/p>\n<ul>\n<li><a href=\"https:\/\/www.iso.org\/standard\/6616.html\" target=\"_blank\" rel=\"noopener nofollow\"><strong>ISO 1924-1<\/strong><\/a>: Konzentriert sich auf die Bestimmung der Zugfestigkeit, Dehnung und Streckung bei maximaler Kraft von Papier und Pappe.<\/li>\n<li><a href=\"https:\/\/www.iso.org\/standard\/41397.html\" target=\"_blank\" rel=\"noopener nofollow\"><strong>ISO 1924-2<\/strong><\/a>: Befasst sich speziell mit der Pr\u00fcfung der Nasszugfestigkeit von Papier und Pappe unter nassen Bedingungen.<\/li>\n<li><a href=\"https:\/\/www.iso.org\/standard\/32206.html\" target=\"_blank\" rel=\"noopener nofollow\"><strong>ISO 1924-3<\/strong><\/a>: Behandelt die kontinuierliche Methode zur Bestimmung der Zugfestigkeitseigenschaften von Papier f\u00fcr Langzeithaltbarkeitsstudien.<\/li>\n<\/ul>\n<p>Diese Normen bieten klare Richtlinien f\u00fcr die Durchf\u00fchrung von Zugfestigkeitspr\u00fcfungen und stellen sicher, dass Papierprodukte die erforderlichen Qualit\u00e4tsstandards erf\u00fcllen. Das horizontale Zugfestigkeitspr\u00fcfger\u00e4t TST-H entspricht diesen ISO-Normen und gew\u00e4hrleistet Konformit\u00e4t und Konsistenz aller Pr\u00fcfergebnisse.<\/p>\n<h4><strong>ISO 1924-1: Bestimmung der Zugeigenschaften<\/strong><\/h4>\n<p><strong>ISO 1924-1<\/strong> beschreibt die Pr\u00fcfmethode zur Bestimmung der Zugfestigkeit, der Dehnung bei maximaler Kraft und der Dehnung von Papier. <strong>TST-H Horizontal-Zugpr\u00fcfger\u00e4t<\/strong> verwendet diese Methode, indem eine Papierprobe einer konstanten Dehnungsrate ausgesetzt wird, bis sie rei\u00dft. Die w\u00e4hrend des Tests gesammelten Kraft- und Dehnungsdaten werden zur Berechnung wichtiger Parameter verwendet, darunter:<\/p>\n<ul>\n<li><strong>Zugfestigkeit<\/strong>: Die maximale Kraft, der das Papier standhalten kann, bevor es rei\u00dft.<\/li>\n<li><strong>Dehnung mit maximaler Kraft<\/strong>: Die Dehnung, die das Papier am Punkt der maximalen Zugfestigkeit erf\u00e4hrt.<\/li>\n<li><strong>Zugenergieabsorption<\/strong>: Die Energie, die das Papier w\u00e4hrend des Tests absorbiert.<\/li>\n<\/ul>\n<p>Die vom TST-H bereitgestellten Daten erm\u00f6glichen es Herstellern, die Haltbarkeit und Leistung von Papierprodukten f\u00fcr verschiedene Anwendungen zu bewerten.<\/p>\n<h4><strong>ISO 1924-2: Nasszugfestigkeitspr\u00fcfung<\/strong><\/h4>\n<p><strong>ISO 1924-2<\/strong> konzentriert sich auf die Messung der <strong>Nasszugfestigkeit<\/strong> von Papier und Pappe, was besonders wichtig ist f\u00fcr Papierprodukte, die in feuchten Umgebungen verwendet werden (z. B. Seidenpapier, Verpackungsmaterialien). Die <strong>TST-H Horizontal-Zugpr\u00fcfger\u00e4t<\/strong> ist ausgestattet mit einem optionalen <strong>Nasszugfestigkeit Wassertank<\/strong> zur Durchf\u00fchrung von Tests gem\u00e4\u00df <strong>ISO 1924-2<\/strong>. Diese Funktion stellt sicher, dass der Tester mit Materialien umgehen kann, die Feuchtigkeit ausgesetzt sind, und den R\u00fcckgang der Zugfestigkeit, der auftritt, wenn Papier nass ist, genau messen kann.<\/p>\n<h4><strong>ISO 1924-3: Kontinuierliches Verfahren zur Pr\u00fcfung von Papier<\/strong><\/h4>\n<p><strong>ISO 1924-3<\/strong> stellt eine kontinuierliche Methode zur Bestimmung der Zugfestigkeit von Papier und Karton vor. Diese Methode wird f\u00fcr Langzeitbest\u00e4ndigkeitstests verwendet, insbesondere f\u00fcr Materialien wie Wellpappe. Die <strong>TST-H Horizontal-Zugpr\u00fcfger\u00e4t<\/strong> kann f\u00fcr die Durchf\u00fchrung kontinuierlicher Tests konfiguriert werden und bietet so wertvolle Einblicke in das Verhalten von Papierprodukten unter Dauerbelastung.<\/p>\n<h3><strong>Andere relevante Standards<\/strong><\/h3>\n<p>Zus\u00e4tzlich zu <strong>ISO 1924<\/strong>, Die <strong>TST-H Horizontal-Zugpr\u00fcfger\u00e4t<\/strong> entspricht mehreren anderen Standards, darunter:<\/p>\n<ul>\n<li><strong>ISO 12625-4<\/strong>: Zugfestigkeitspr\u00fcfung von Tissue-Papier.<\/li>\n<li><strong>ISO 12625-5<\/strong>: Allgemeine Pr\u00fcfverfahren zur Bestimmung der Zugfestigkeit von Papier und Pappe.<\/li>\n<li><strong>TAPPI T494<\/strong>: Standardpr\u00fcfverfahren f\u00fcr die Zugfestigkeitseigenschaften von Papier und Pappe.<\/li>\n<\/ul>\n<p>Diese Standards stellen sicher, dass die <strong>TST-H<\/strong> liefert konsistente, genaue und zuverl\u00e4ssige Ergebnisse f\u00fcr eine breite Palette papierbasierter Produkte.<\/p>\n<hr \/>\n<h2><strong>Vorteile der Verwendung des horizontalen Papierzugpr\u00fcfger\u00e4ts<\/strong><\/h2>\n<ul>\n<li><strong>Pr\u00e4zision und Stabilit\u00e4t<\/strong> Der <strong>TST-H<\/strong> ist gebaut mit einem <strong>einspaltige Struktur<\/strong> und ein <strong>Pr\u00e4zisions-Kugelumlaufspindel<\/strong> f\u00fcr stabile \u00dcbertragung und verbesserte Pr\u00fcfgenauigkeit. Dies gew\u00e4hrleistet eine pr\u00e4zise Messung der Zugeigenschaften und macht es zu einem zuverl\u00e4ssigen Werkzeug f\u00fcr die Qualit\u00e4tskontrolle.<\/li>\n<li><strong>Benutzerfreundliches Interface<\/strong> Ausgestattet mit einem <strong>7-Zoll-Touchscreen<\/strong>Der Tester bietet eine intuitive, benutzerfreundliche Benutzeroberfl\u00e4che. Benutzer k\u00f6nnen Tests schnell einrichten, Ergebnisse \u00fcberwachen und Parameter anpassen, sodass er sowohl f\u00fcr Anf\u00e4nger als auch f\u00fcr erfahrene Bediener geeignet ist.<\/li>\n<li><strong>Optionale Nasstestfunktion<\/strong> Der <strong>Nasszugfestigkeit Wassertank<\/strong> erm\u00f6glicht das Testen von Papier unter nassen Bedingungen, eine wesentliche Funktion zur Beurteilung von Materialien, die in feuchten oder nassen Umgebungen verwendet werden, wie z. B. Seidenpapier und Verpackungen.<\/li>\n<li><strong>Verbessertes Datenmanagement<\/strong> Der <strong>TST-H<\/strong> ist kompatibel mit <strong>Computerkonnektivit\u00e4t<\/strong> (optional) erm\u00f6glicht erweiterte Datenspeicherung, Analyse und Berichterstellung. Die <strong>modularer Thermodrucker<\/strong> liefert sofortige Testergebnisse und gew\u00e4hrleistet schnellen Zugriff auf wichtige Daten.<\/li>\n<li><strong>Vielseitig und anpassbar<\/strong> Der <strong>TST-H<\/strong> l\u00e4sst sich an eine Vielzahl von Testanforderungen anpassen, darunter verschiedene Papierprodukte und benutzerdefinierte Probengr\u00f6\u00dfen. Seine flexiblen Testparameter und optionalen Funktionen machen ihn zu einer vielseitigen Wahl f\u00fcr verschiedene Anwendungen.<\/li>\n<\/ul>\n<hr \/>\n<h2><strong>Testparameter und Spezifikationen<\/strong><\/h2>\n<table>\n<tbody>\n<tr>\n<td style=\"text-align: center;\" width=\"237\">Messbereich<\/td>\n<td style=\"text-align: center;\" width=\"224\">30N, 500N oder nach Bedarf<\/td>\n<\/tr>\n<tr>\n<td style=\"text-align: center;\" width=\"237\">Dehnungsmessbereich<\/td>\n<td style=\"text-align: center;\" width=\"224\">45 bis 260 mm<\/td>\n<\/tr>\n<tr>\n<td style=\"text-align: center;\" width=\"237\">Dehngeschwindigkeit:<\/td>\n<td style=\"text-align: center;\" width=\"224\">(1~500) mm\/min<\/td>\n<\/tr>\n<tr>\n<td style=\"text-align: center;\" width=\"237\">R\u00fccklaufgeschwindigkeit<\/td>\n<td style=\"text-align: center;\" width=\"224\">100 mm\/min<\/td>\n<\/tr>\n<tr>\n<td style=\"text-align: center;\" width=\"237\">Klemmabstand<\/td>\n<td style=\"text-align: center;\" width=\"224\">1 bis 250 mm<\/td>\n<\/tr>\n<tr>\n<td style=\"text-align: center;\" width=\"237\">Testgeschwindigkeitsgenauigkeit<\/td>\n<td style=\"text-align: center;\" width=\"224\">(1~10) mm\/min: \u00b10,1 mm\/min<\/td>\n<\/tr>\n<tr>\n<td style=\"text-align: center;\" width=\"237\">Abtastfrequenz<\/td>\n<td style=\"text-align: center;\" width=\"224\">400 Mal\/S<\/td>\n<\/tr>\n<tr>\n<td style=\"text-align: center;\" width=\"237\">Genauigkeit<\/td>\n<td style=\"text-align: center;\" width=\"224\">\u2264\u00b10,5%<\/td>\n<\/tr>\n<tr>\n<td style=\"text-align: center;\" width=\"237\">Kraftgenauigkeit<\/td>\n<td style=\"text-align: center;\" width=\"224\">\u00b10,1% (20 bis 100%FS)<\/td>\n<\/tr>\n<tr>\n<td style=\"text-align: center;\" width=\"237\">Deformationsaufl\u00f6sung<\/td>\n<td style=\"text-align: center;\" width=\"224\">\u22640,1 mm<\/td>\n<\/tr>\n<tr>\n<td style=\"text-align: center;\" width=\"237\">Probenklemmung<\/td>\n<td style=\"text-align: center;\" width=\"224\">pneumatisch<\/td>\n<\/tr>\n<tr>\n<td style=\"text-align: center;\" width=\"237\">Klemmdruck<\/td>\n<td style=\"text-align: center;\" width=\"224\">0,2\u20130,7 MPa (einstellbar)<\/td>\n<\/tr>\n<tr>\n<td style=\"text-align: center;\" width=\"237\">Stichprobengr\u00f6\u00dfe<\/td>\n<td style=\"text-align: center;\" width=\"224\">1 bis 25 mm<\/td>\n<\/tr>\n<tr>\n<td style=\"text-align: center;\" width=\"237\">Mensch-Maschine-Schnittstelle<\/td>\n<td style=\"text-align: center;\" width=\"224\">7-Zoll-Touchscreen<\/td>\n<\/tr>\n<tr>\n<td style=\"text-align: center;\" width=\"237\">Ausdruck<\/td>\n<td style=\"text-align: center;\" width=\"224\">eingebetteter Thermodrucker.<\/td>\n<\/tr>\n<tr>\n<td style=\"text-align: center;\" width=\"237\">Leistung<\/td>\n<td style=\"text-align: center;\" width=\"224\">Wechselstrom 220 V, 50 Hz<\/td>\n<\/tr>\n<tr>\n<td style=\"text-align: center;\" width=\"237\">Dimension<\/td>\n<td style=\"text-align: center;\" width=\"224\">650 x 500 x 400 mm<\/td>\n<\/tr>\n<\/tbody>\n<\/table>\n<hr \/>\n<h2><strong>Warum sollten Sie sich f\u00fcr den horizontalen Papierzugpr\u00fcfer entscheiden?<\/strong><\/h2>\n<p>Der <strong>TST-H Horizontal-Zugpr\u00fcfger\u00e4t<\/strong> bietet eine beispiellose Kombination aus Pr\u00e4zision, Flexibilit\u00e4t und Benutzerfreundlichkeit und ist damit die ideale Wahl zum Testen der Zugfestigkeitseigenschaften von Papier, Karton, Seidenpapier und anderen \u00e4hnlichen Materialien. Mit seiner F\u00e4higkeit, wichtige Eigenschaften wie Zugfestigkeit, Dehnung und Energieabsorption zu messen, hilft dieser Tester den Herstellern, die Produktqualit\u00e4t zu optimieren und die Einhaltung internationaler Standards sicherzustellen, wie z. B. <strong>ISO 1924<\/strong>, <strong>ISO 12625<\/strong>, Und <strong>TAPPI T494<\/strong>.<\/p>\n<p>Ob Sie Tests f\u00fcr die Qualit\u00e4tskontrolle, Forschung oder Produktentwicklung durchf\u00fchren, die <strong>TST-H Horizontal-Zugpr\u00fcfger\u00e4t<\/strong> ist eine zuverl\u00e4ssige und effiziente L\u00f6sung f\u00fcr alle Ihre Papiertestanforderungen.<\/p>\n<hr \/>\n<h2><strong>H\u00e4ufig gestellte Fragen (FAQ)<\/strong><\/h2>\n<ol>\n<li><strong>Welche Arten von Materialien k\u00f6nnen mit dem horizontalen Papierzugpr\u00fcfger\u00e4t getestet werden?<\/strong>\n<ul>\n<li>Der TST-H ist f\u00fcr die Pr\u00fcfung von Papier, Pappe, Seidenpapier und \u00e4hnlichen Produkten auf Papierbasis konzipiert.<\/li>\n<\/ul>\n<\/li>\n<li><strong>Wie f\u00fchre ich mit dem TST-H einen Nasszugfestigkeitstest durch?<\/strong>\n<ul>\n<li>Der TST-H beinhaltet eine optionale <strong>Nasszugfestigkeit Wassertank<\/strong> Durchf\u00fchrung von Tests unter nassen Bedingungen, <strong>ISO 1924-2<\/strong> Normen.<\/li>\n<\/ul>\n<\/li>\n<li><strong>Was sind die Hauptvorteile des 7-Zoll-Touchscreens des Papier-Horizontalzugpr\u00fcfger\u00e4ts?<\/strong>\n<ul>\n<li>Der Touchscreen bietet eine benutzerfreundliche Schnittstelle, die eine einfache Einrichtung, Bedienung und \u00dcberwachung der Testergebnisse erm\u00f6glicht.<\/li>\n<\/ul>\n<\/li>\n<li><strong>Kann das Horizontal-Zugpr\u00fcfger\u00e4t TST-H zur Datenspeicherung an einen Computer angeschlossen werden?<\/strong>\n<ul>\n<li>Ja, es bietet <strong>Computerkonnektivit\u00e4t<\/strong> zur erweiterten Datenspeicherung, Analyse und Berichterstellung.<\/li>\n<\/ul>\n<\/li>\n<li><strong>Welche Normen werden vom horizontalen Papierzugpr\u00fcfger\u00e4t eingehalten?<\/strong>\n<ul>\n<li>Der Tester erf\u00fcllt <strong>ISO 1924<\/strong> (Teile 1, 2 und 3), <strong>ISO 12625<\/strong>, <strong>TAPPI T494<\/strong>, und andere relevante Normen f\u00fcr Papierpr\u00fcfungen.<\/li>\n<\/ul>\n<\/li>\n<\/ol>","protected":false},"excerpt":{"rendered":"<p>Der <strong>TST-H Horizontal-Zugpr\u00fcfger\u00e4t<\/strong> bietet genaue und reproduzierbare Ergebnisse, sodass Hersteller eine gleichbleibende Qualit\u00e4t gew\u00e4hrleisten und sicherstellen k\u00f6nnen, dass ihre Produkte internationalen Standards entsprechen. Ob f\u00fcr die Qualit\u00e4tskontrolle oder Forschungszwecke, das TST-H bietet zuverl\u00e4ssige, pr\u00e4zise Zugfestigkeitsmessungen, die f\u00fcr die Optimierung der Produktleistung entscheidend sind.<\/p>","protected":false},"featured_media":6280,"comment_status":"closed","ping_status":"closed","template":"","meta":{"site-sidebar-layout":"default","site-content-layout":"default","ast-global-header-display":"","ast-main-header-display":"","ast-hfb-above-header-display":"","ast-hfb-below-header-display":"","ast-hfb-mobile-header-display":"","site-post-title":"","ast-breadcrumbs-content":"","ast-featured-img":"","footer-sml-layout":"","theme-transparent-header-meta":"default","adv-header-id-meta":"","stick-header-meta":"","header-above-stick-meta":"","header-main-stick-meta":"","header-below-stick-meta":""},"product_cat":[845,953,956,955,1166,1167,1163,1164,1165,954,957,958,952,959,1168,679,95],"product_tag":[],"class_list":{"0":"post-5332","1":"product","2":"type-product","3":"status-publish","4":"has-post-thumbnail","6":"product_cat-customization","7":"product_cat-bursting-tester","8":"product_cat-cobb-tester","9":"product_cat-crush-tester","10":"product_cat-iso-12625-4","11":"product_cat-iso-12625-5","12":"product_cat-iso-1924-1","13":"product_cat-iso-1924-2","14":"product_cat-iso-1924-3","15":"product_cat-paper-tear-tester","16":"product_cat-plybond-tester","17":"product_cat-puncture-tester","18":"product_cat-rub-tester","19":"product_cat-stiffness-tester","20":"product_cat-tappi-t494","21":"product_cat-tensile-tester","22":"product_cat-products","23":"desktop-align-left","24":"tablet-align-left","25":"mobile-align-left","27":"first","28":"instock","29":"shipping-taxable","30":"product-type-simple"},"_links":{"self":[{"href":"https:\/\/www.qualitester.com\/de\/wp-json\/wp\/v2\/product\/5332","targetHints":{"allow":["GET"]}}],"collection":[{"href":"https:\/\/www.qualitester.com\/de\/wp-json\/wp\/v2\/product"}],"about":[{"href":"https:\/\/www.qualitester.com\/de\/wp-json\/wp\/v2\/types\/product"}],"replies":[{"embeddable":true,"href":"https:\/\/www.qualitester.com\/de\/wp-json\/wp\/v2\/comments?post=5332"}],"version-history":[{"count":0,"href":"https:\/\/www.qualitester.com\/de\/wp-json\/wp\/v2\/product\/5332\/revisions"}],"wp:featuredmedia":[{"embeddable":true,"href":"https:\/\/www.qualitester.com\/de\/wp-json\/wp\/v2\/media\/6280"}],"wp:attachment":[{"href":"https:\/\/www.qualitester.com\/de\/wp-json\/wp\/v2\/media?parent=5332"}],"wp:term":[{"taxonomy":"product_cat","embeddable":true,"href":"https:\/\/www.qualitester.com\/de\/wp-json\/wp\/v2\/product_cat?post=5332"},{"taxonomy":"product_tag","embeddable":true,"href":"https:\/\/www.qualitester.com\/de\/wp-json\/wp\/v2\/product_tag?post=5332"}],"curies":[{"name":"wp","href":"https:\/\/api.w.org\/{rel}","templated":true}]}}