{"id":5324,"date":"2024-11-13T11:36:35","date_gmt":"2024-11-13T03:36:35","guid":{"rendered":"https:\/\/www.qualitester.com\/?post_type=product&#038;p=5324"},"modified":"2024-12-05T11:23:52","modified_gmt":"2024-12-05T03:23:52","slug":"sale-tissue-thickness-gauge","status":"publish","type":"product","link":"https:\/\/www.qualitester.com\/de\/produkt-2\/sale-tissue-thickness-gauge\/","title":{"rendered":"THD-01 Gewebedickenmessger\u00e4t"},"content":{"rendered":"<h2><strong>Einf\u00fchrung in die Gewebedicke und Testmethoden zur Gewebedickenmessung<\/strong><\/h2>\n<p>Die Dicke des Tissuepapiers ist ein wichtiges Qualit\u00e4tsmerkmal f\u00fcr Tissuepapierprodukte und beeinflusst deren Festigkeit, Saugf\u00e4higkeit und Weichheit. Eine genaue Messung der Tissuedicke ist f\u00fcr Hersteller von entscheidender Bedeutung, um die Produktkonsistenz und die Einhaltung von Industrienormen sicherzustellen. Die Dickenpr\u00fcfung ist besonders wichtig f\u00fcr Tissueprodukte, die in Verpackungs-, Medizin- und Konsumg\u00fcteranwendungen verwendet werden.<\/p>\n<p>Bei der Pr\u00fcfung der Tissue-Dicke wird der Abstand zwischen zwei Hauptoberfl\u00e4chen von Tissue-Produkten unter einem bestimmten Druck gemessen. Die Ergebnisse geben Aufschluss \u00fcber die Dicke, Festigkeit und Qualit\u00e4t von Tissue-Papieren, die sich direkt auf deren Leistung in verschiedenen Anwendungen wie Servietten, Kosmetikt\u00fcchern und K\u00fcchenrollen auswirken.<\/p>\n<h2><strong>Das Gewebedickenmessger\u00e4t THD-01: Produkt\u00fcbersicht<\/strong><\/h2>\n<p>Der <strong>THD-01 Gewebedickenmessger\u00e4t<\/strong>\u00a0ist ein Pr\u00e4zisionsinstrument zur Messung der Dicke und der Bauschst\u00e4rke von Tissue-Produkten wie Servietten, Papierhandt\u00fcchern, Taschent\u00fcchern und anderen Tissue-Produkten. Es verwendet einen standardisierten Druck von 2 kPa, um genaue und konsistente Messungen sowohl von einlagigen als auch von laminierten Tissue-Bl\u00e4ttern zu gew\u00e4hrleisten. Das Ger\u00e4t ist ideal f\u00fcr Qualit\u00e4tskontroll- und Forschungsanwendungen in der Tissue-Papierherstellungsindustrie.<\/p>\n<h2><strong>Wie funktioniert das Gewebedickenmessger\u00e4t THD-01?<\/strong><\/h2>\n<p>Das THD-01-Messger\u00e4t f\u00fcr Seidenpapierdicke misst die Dicke von Seidenpapier durch Anwendung eines konstanten Drucks von 2 kPa zwischen zwei parallelen, flachen Oberfl\u00e4chen. Die Probe wird zwischen der unteren festen Referenzplatte und einem beweglichen oberen Druckfu\u00df platziert. Der Druckfu\u00df \u00fcbt eine Last von 2 kPa aus und gew\u00e4hrleistet so standardisierte Testbedingungen. Anschlie\u00dfend misst das Ger\u00e4t den Abstand zwischen den Oberfl\u00e4chen, um die Dicke des Seidenpapiers zu bestimmen.<\/p>\n<p>Mit dieser Methode wird eine genaue Messung der Tissue-Produkte w\u00e4hrend der Produktion und der fertigen Produkte gew\u00e4hrleistet, sodass zuverl\u00e4ssige Daten f\u00fcr die Beurteilung der Produktqualit\u00e4t bereitgestellt werden.<\/p>\n<h2><strong>Hauptfunktionen und Vorteile<\/strong><\/h2>\n<ul>\n<li>\n<h3><strong>Pr\u00e4zision und Genauigkeit<\/strong><\/h3>\n<ul>\n<li><strong>Aufl\u00f6sung<\/strong>: 0,001 mm f\u00fcr hochgenaue Dickenmessungen.<\/li>\n<li><strong>Anzeigefehler<\/strong>: \u00b10,05%, um pr\u00e4zise Messwerte mit minimaler Abweichung zu gew\u00e4hrleisten.<\/li>\n<\/ul>\n<\/li>\n<li>\n<h3><strong>Konsistente Testbedingungen<\/strong><\/h3>\n<ul>\n<li><strong>Kontaktdruck<\/strong>: H\u00e4lt einen Druck von 2,0 \u00b1 0,1 KPa aufrecht und stellt sicher, dass alle Proben unter dem gleichen standardisierten Druck gemessen werden.<\/li>\n<li><strong>Testgeschwindigkeit<\/strong>: Die Messgeschwindigkeit wird auf 2,0 \u00b1 0,2 mm\/s geregelt, wodurch konsistente und wiederholbare Testergebnisse gew\u00e4hrleistet werden.<\/li>\n<\/ul>\n<\/li>\n<li>\n<h3><strong>Vielseitigkeit<\/strong><\/h3>\n<ul>\n<li>Mit dem Tissue-Dickenmessger\u00e4t THD-01 k\u00f6nnen Sie eine Vielzahl von Tissue-Produkten pr\u00fcfen, darunter sowohl einlagige als auch mehrlagige Bl\u00e4tter sowie laminierte und unlaminierte Tissue-Materialien.<\/li>\n<\/ul>\n<\/li>\n<li>\n<h3><strong>Benutzerfreundlichkeit<\/strong><\/h3>\n<ul>\n<li>Das Messger\u00e4t ist einfach zu bedienen, verf\u00fcgt \u00fcber eine benutzerfreundliche Schnittstelle und eine klare Messanzeige und ist daher sowohl f\u00fcr den Einsatz im Labor als auch in der Produktion geeignet.<\/li>\n<\/ul>\n<\/li>\n<\/ul>\n<h2><strong>Technische Daten<\/strong><\/h2>\n<table>\n<tbody>\n<tr>\n<td style=\"text-align: center;\" width=\"142\">Testbereich<\/td>\n<td style=\"text-align: center;\" width=\"110\">0\uff5e4 mm<\/td>\n<\/tr>\n<tr>\n<td style=\"text-align: center;\" width=\"142\">Aufl\u00f6sung<\/td>\n<td style=\"text-align: center;\" width=\"110\">0,001 mm<\/td>\n<\/tr>\n<tr>\n<td style=\"text-align: center;\" width=\"142\">Kontaktbereich<\/td>\n<td style=\"text-align: center;\" width=\"110\">1000\u00b120 mm\u00b2<\/td>\n<\/tr>\n<tr>\n<td style=\"text-align: center;\" width=\"142\">Kontaktdruck<\/td>\n<td style=\"text-align: center;\" width=\"110\">2 \u00b1 0,1 kPa<\/td>\n<\/tr>\n<tr>\n<td style=\"text-align: center;\" width=\"142\">Fl\u00e4chenparallelit\u00e4t<\/td>\n<td style=\"text-align: center;\" width=\"110\">\u22640,001 mm<\/td>\n<\/tr>\n<tr>\n<td style=\"text-align: center;\" width=\"142\">Anzeigefehler<\/td>\n<td style=\"text-align: center;\" width=\"110\">\u00b10,05 %<\/td>\n<\/tr>\n<\/tbody>\n<\/table>\n<h2><strong>Pr\u00fcfmethoden und Normen<\/strong><\/h2>\n<h3><strong>Messprinzip<\/strong><\/h3>\n<p>Das THD-01-Tissue-Dickenmessger\u00e4t misst die Dicke von Tissue-Papier, indem es einen konstanten Druck von 2 kPa zwischen zwei parallelen Oberfl\u00e4chen aus\u00fcbt. Die Probe wird auf die feste Unterseite gelegt und der obere, runde Druckfu\u00df wird nach unten bewegt, wobei die angegebene Last ausge\u00fcbt wird. Der Abstand zwischen den beiden Oberfl\u00e4chen wird dann als Tissue-Dicke aufgezeichnet.<\/p>\n<p>Diese Methode entspricht den in der Tissue-Papierindustrie verwendeten Standardtestverfahren, um genaue und wiederholbare Ergebnisse zu gew\u00e4hrleisten.<\/p>\n<h3><strong>Relevante Normen f\u00fcr die Gewebedickenmessung<\/strong><\/h3>\n<ul>\n<li><a href=\"https:\/\/www.iso.org\/standard\/62536.html\" target=\"_blank\" rel=\"noopener nofollow\"><strong>ISO 12625-3<\/strong><\/a>: Standard f\u00fcr die Pr\u00fcfung von Tissue-Papier, einschlie\u00dflich Dickenmessung.<\/li>\n<li><a href=\"https:\/\/imisrise.tappi.org\/TAPPI\/Products\/01\/T\/0104T401.aspx\" target=\"_blank\" rel=\"noopener nofollow\"><strong>TAPPI T401<\/strong><\/a>: Standardpr\u00fcfverfahren zur Messung der Dicke von Papier und Pappe.<\/li>\n<li><a href=\"https:\/\/www.astm.org\/d1777-96r19.html\" target=\"_blank\" rel=\"noopener nofollow\"><strong>ASTM D1777<\/strong><\/a>: Standardpr\u00fcfverfahren f\u00fcr die Dicke von Papier und Pappe, das die Konsistenz bei der Materialpr\u00fcfung gew\u00e4hrleistet.<\/li>\n<\/ul>\n<h2><strong>Anwendungsbereiche<\/strong><\/h2>\n<p>Das THD-01-Tissue-Dickenmessger\u00e4t ist unverzichtbar f\u00fcr Branchen, die Tissue-Papierprodukte herstellen, darunter:<\/p>\n<ul>\n<li><strong>Seidenpapier Produzenten<\/strong><br \/>\nIdeal zum Testen der Dicke verschiedener Tissue-Produkte wie Papierhandt\u00fccher, Servietten, Kosmetikt\u00fccher und K\u00fcchenrollen.<\/li>\n<li><strong>Qualit\u00e4tskontrolle und Forschung<\/strong><br \/>\nWird in Laboren und Produktionsanlagen zur Qualit\u00e4tssicherung, Forschung und Entwicklung verwendet und hilft Herstellern, die Konsistenz und Leistung von Tissue-Produkten sicherzustellen.<\/li>\n<li><strong>Verpackungen und Konsumg\u00fcter<\/strong><br \/>\nDer THD-01 ist auch f\u00fcr Hersteller von Verpackungsmaterialien auf Gewebebasis von Nutzen, da er die Dicke und Qualit\u00e4t des bei Verpackungsanwendungen verwendeten Gewebes sicherstellt.<\/li>\n<\/ul>\n<h2><strong>H\u00e4ufig gestellte Fragen (FAQ)<\/strong><\/h2>\n<ol>\n<li><strong>Was ist die Dicke einer Einzellage?<\/strong><br \/>\nDie Dicke einer einzelnen Lage bezieht sich auf den Abstand zwischen den beiden Hauptoberfl\u00e4chen einer einzelnen Lage Tissuepapier, gemessen unter einer statischen Belastung von 2 kPa. Eine \u201eLage\u201c Tissue ist ein unlaminiertes Blatt Tissuepapier.<\/li>\n<li><strong>Was ist die Einzelblattdicke?<\/strong><br \/>\nDie Einzelblattdicke ist der Abstand zwischen den beiden Hauptoberfl\u00e4chen eines einzelnen Blatts Tissue-Produkts (egal ob laminiert oder unlaminiert), gemessen unter einer statischen Belastung von 2\u00a0kPa.<\/li>\n<li><strong>Was ist Bauschdicke?<\/strong><br \/>\nMit Bauschdicke ist die Dicke eines einzelnen Blatts Tissue-Papier oder Tissue-Produkts gemeint. Sie wird durch Messen der Dicke mehrerer \u00fcbereinanderliegender Bl\u00e4tter unter einer statischen Belastung von 2 kPa berechnet.<\/li>\n<li><strong>Wie gew\u00e4hrleistet das Gewebedickenmessger\u00e4t THD-01 genaue Ergebnisse?<\/strong><br \/>\nDer THD-01 gew\u00e4hrleistet pr\u00e4zise und wiederholbare Ergebnisse, indem er einen konstanten Druck von 2 kPa anwendet, hochpr\u00e4zise Sensoren zur Messung verwendet und eine Aufl\u00f6sung von 0,001 mm bietet, um selbst kleinste \u00c4nderungen der Gewebedicke zu erkennen.<\/li>\n<li><strong>Kann das Gewebedickenmessger\u00e4t THD-01 f\u00fcr mehrlagiges Gewebe verwendet werden?<\/strong><br \/>\nJa, der THD-01 kann zum Messen sowohl ein- als auch mehrlagiger Tissue-Produkte verwendet werden und bietet genaue Dickenmessungen f\u00fcr eine breite Palette von Tissue-Materialien, einschlie\u00dflich laminierter und unlaminierter Bl\u00e4tter.<\/li>\n<\/ol>","protected":false},"excerpt":{"rendered":"<p>Bei der Pr\u00fcfung der Tissue-Dicke wird der Abstand zwischen zwei Hauptoberfl\u00e4chen von Tissue-Produkten unter einem bestimmten Druck gemessen. Die Ergebnisse geben Aufschluss \u00fcber die Dicke, Festigkeit und Qualit\u00e4t von Tissue-Papieren, die sich direkt auf deren Leistung in verschiedenen Anwendungen wie Servietten, Kosmetikt\u00fcchern und K\u00fcchenrollen auswirken.<\/p>","protected":false},"featured_media":6201,"comment_status":"closed","ping_status":"closed","template":"","meta":{"site-sidebar-layout":"default","site-content-layout":"default","ast-global-header-display":"","ast-main-header-display":"","ast-hfb-above-header-display":"","ast-hfb-below-header-display":"","ast-hfb-mobile-header-display":"","site-post-title":"","ast-breadcrumbs-content":"","ast-featured-img":"","footer-sml-layout":"","theme-transparent-header-meta":"default","adv-header-id-meta":"","stick-header-meta":"","header-above-stick-meta":"","header-main-stick-meta":"","header-below-stick-meta":""},"product_cat":[845,953,956,955,1089,954,957,958,952,959,962,685,44,95],"product_tag":[],"class_list":{"0":"post-5324","1":"product","2":"type-product","3":"status-publish","4":"has-post-thumbnail","6":"product_cat-customization","7":"product_cat-bursting-tester","8":"product_cat-cobb-tester","9":"product_cat-crush-tester","10":"product_cat-iso-12625-3","11":"product_cat-paper-tear-tester","12":"product_cat-plybond-tester","13":"product_cat-puncture-tester","14":"product_cat-rub-tester","15":"product_cat-stiffness-tester","16":"product_cat-thickness-gauges","17":"product_cat-thickness-tester","18":"product_cat-paper-and-board-testers","19":"product_cat-products","20":"desktop-align-left","21":"tablet-align-left","22":"mobile-align-left","24":"first","25":"instock","26":"shipping-taxable","27":"product-type-simple"},"_links":{"self":[{"href":"https:\/\/www.qualitester.com\/de\/wp-json\/wp\/v2\/product\/5324","targetHints":{"allow":["GET"]}}],"collection":[{"href":"https:\/\/www.qualitester.com\/de\/wp-json\/wp\/v2\/product"}],"about":[{"href":"https:\/\/www.qualitester.com\/de\/wp-json\/wp\/v2\/types\/product"}],"replies":[{"embeddable":true,"href":"https:\/\/www.qualitester.com\/de\/wp-json\/wp\/v2\/comments?post=5324"}],"version-history":[{"count":0,"href":"https:\/\/www.qualitester.com\/de\/wp-json\/wp\/v2\/product\/5324\/revisions"}],"wp:featuredmedia":[{"embeddable":true,"href":"https:\/\/www.qualitester.com\/de\/wp-json\/wp\/v2\/media\/6201"}],"wp:attachment":[{"href":"https:\/\/www.qualitester.com\/de\/wp-json\/wp\/v2\/media?parent=5324"}],"wp:term":[{"taxonomy":"product_cat","embeddable":true,"href":"https:\/\/www.qualitester.com\/de\/wp-json\/wp\/v2\/product_cat?post=5324"},{"taxonomy":"product_tag","embeddable":true,"href":"https:\/\/www.qualitester.com\/de\/wp-json\/wp\/v2\/product_tag?post=5324"}],"curies":[{"name":"wp","href":"https:\/\/api.w.org\/{rel}","templated":true}]}}